{"id":45089,"date":"2026-01-03T23:26:57","date_gmt":"2026-01-03T22:26:57","guid":{"rendered":"https:\/\/paragaleriedetalborjt.com\/?post_type=product&#038;p=45089"},"modified":"2026-01-03T23:26:58","modified_gmt":"2026-01-03T22:26:58","slug":"nubiance-act-5-soin-intense-anti-imperfectins-30ml","status":"publish","type":"product","link":"https:\/\/paragaleriedetalborjt.com\/en\/boutique\/nubiance-act-5-soin-intense-anti-imperfectins-30ml\/","title":{"rendered":"Nubiance ACT-5 soin intense anti-imperfectins 30ml"},"content":{"rendered":"<div aria-labelledby=\"tab-title-description\" class=\"woocommerce-Tabs-panel woocommerce-Tabs-panel--description panel entry-content wc-tab\" id=\"tab-description\" role=\"tabpanel\" style=\"\">\n<h2>Description<\/h2>\n<div><strong>Descriptif:<\/strong><\/div>\n<p>ACT-5 est une combinaison exclusive de trois actifs visant les cinq causes et cons\u00e9quences factorielles de l\u2019acn\u00e9 mod\u00e9r\u00e9e \u00e0 s\u00e9v\u00e8re des peaux noires mates et m\u00e9tiss\u00e9es. Il fonctionne \u00e9galement sur peaux caucasiennes.<br \/>\nIl restaure les fonctions barri\u00e8re, pr\u00e9vient la prolif\u00e9ration bact\u00e9rienne, lisse le grain de la peau, pr\u00e9serve la qualit\u00e9 du s\u00e9bum (squal\u00e8ne) en le prot\u00e9geant contre l\u2019oxydation pro-inflammatoire et r\u00e9duit les taches pigmentaires dues aux imperfections.<br \/>\nACT-5 ne dess\u00e8che pas la peau et pr\u00e9sente d\u2019excellentes qualit\u00e9s anti-\u00e2ge.<\/p>\n<p>Apr\u00e8s 24h d\u2019utilisation, les imperfections sont visiblement moins rouges. Apr\u00e8s 8 jours d\u2019utilisation, les imperfections sont visiblement r\u00e9duites. Apr\u00e8s 1 mois d\u2019utilisation, les pores sont d\u00e9sincrust\u00e9s, le grain de peau est plus fin, la peau est moins brillante, moins grasse et mieux hydrat\u00e9e.<\/p>\n<div><strong>Formule:<\/strong><\/div>\n<p>Aqua (water), oleyl erucate, c12-13 alkyl lactate,\u00a0glycerin, isosorbide disunflowerseedate, myristyl myristate, c20-22 alkyl phosphate, stearyl heptanoate, c20-22 alcohols, caprylic\/capric triglyceride,\u00a0cellulose, stearyl caprylate,\u00a0cetyl alcohol, hydroxyethyl acrylate\/sodium acryloyldimethyl taurate copolymer, bakuchiol, ethyl linoleate, hexylresorcinol,\u00a0parfum (fragrance), pentaerythrityl distearate,\u00a0chlorphenesin,\u00a0xanthan gum,\u00a0sodium hydroxide,\u00a0disodium edta,\u00a0peg-8,\u00a0polysorbate 60, sorbitan isostearate,\u00a0tocopherol,\u00a0butylphenyl methylpropional,\u00a0linalool,\u00a0limonene,\u00a0ascorbyl palmitate,\u00a0hydroxyisohexyl 3-cyclohexene carboxaldehyde, hydroxycitronellal, hexyl\u00a0cinnamal, soybean oil, ascorbic acid,\u00a0citric acid.<\/p>\n<div><strong>Conseils d\u2019utilisation:<\/strong><\/div>\n<p>A appliquer quotidiennement le matin et\/ou le soir sur l\u2019ensemble du visage sur une peau propre et s\u00e8che.<\/p>\n<\/div>","protected":false},"excerpt":{"rendered":"<p>Highlights:ACT-5 est une combinaison exclusive de trois actifs visant les cinq causes et cons\u00e9quences factorielles de l\u2019acn\u00e9 mod\u00e9r\u00e9e \u00e0 s\u00e9v\u00e8re des peaux noires mates et m\u00e9tiss\u00e9es. Il fonctionne \u00e9galement sur peaux caucasiennes. Il restaure les fonctions barri\u00e8re, pr\u00e9vient la prolif\u00e9ration bact\u00e9rienne, lisse le grain de la peau, pr\u00e9serve la qualit\u00e9 du s\u00e9bum (squal\u00e8ne) en le prot\u00e9geant contre l\u2019oxydation pro-inflammatoire et r\u00e9duit les taches pigmentaires dues aux imperfections. ACT-5 ne dess\u00e8che pas la peau et pr\u00e9sente d\u2019excellentes qualit\u00e9s anti-\u00e2ge.<\/p>","protected":false},"featured_media":45090,"comment_status":"open","ping_status":"closed","template":"","meta":[],"pwb-brand":[2069],"product_cat":[16],"product_tag":[],"class_list":{"0":"post-45089","1":"product","2":"type-product","3":"status-publish","4":"has-post-thumbnail","6":"pwb-brand-nubiance","7":"product_cat-non-classe","8":"pa_brands-nubiance","10":"first","11":"instock","12":"sale","13":"shipping-taxable","14":"purchasable","15":"product-type-simple"},"yoast_head":"<!-- This site is optimized with the Yoast SEO plugin v27.5 - https:\/\/yoast.com\/product\/yoast-seo-wordpress\/ -->\n<title>Nubiance ACT-5 soin intense anti-imperfectins 30ml - paragaleriedetalborjt<\/title>\n<meta name=\"robots\" content=\"index, follow, max-snippet:-1, max-image-preview:large, max-video-preview:-1\" \/>\n<link rel=\"canonical\" href=\"https:\/\/paragaleriedetalborjt.com\/en\/boutique\/nubiance-act-5-soin-intense-anti-imperfectins-30ml\/\" \/>\n<meta property=\"og:locale\" content=\"en_US\" \/>\n<meta property=\"og:type\" content=\"article\" \/>\n<meta property=\"og:title\" content=\"Nubiance ACT-5 soin intense anti-imperfectins 30ml - paragaleriedetalborjt\" \/>\n<meta property=\"og:description\" content=\"Highlights:ACT-5 est une combinaison exclusive de trois actifs visant les cinq causes et cons\u00e9quences factorielles de l\u2019acn\u00e9 mod\u00e9r\u00e9e \u00e0 s\u00e9v\u00e8re des peaux noires mates et m\u00e9tiss\u00e9es. Il fonctionne \u00e9galement sur peaux caucasiennes. Il restaure les fonctions barri\u00e8re, pr\u00e9vient la prolif\u00e9ration bact\u00e9rienne, lisse le grain de la peau, pr\u00e9serve la qualit\u00e9 du s\u00e9bum (squal\u00e8ne) en le prot\u00e9geant contre l\u2019oxydation pro-inflammatoire et r\u00e9duit les taches pigmentaires dues aux imperfections. ACT-5 ne dess\u00e8che pas la peau et pr\u00e9sente d\u2019excellentes qualit\u00e9s anti-\u00e2ge.\" \/>\n<meta property=\"og:url\" content=\"https:\/\/paragaleriedetalborjt.com\/en\/boutique\/nubiance-act-5-soin-intense-anti-imperfectins-30ml\/\" \/>\n<meta property=\"og:site_name\" content=\"paragaleriedetalborjt\" \/>\n<meta property=\"article:modified_time\" content=\"2026-01-03T22:26:58+00:00\" \/>\n<meta property=\"og:image\" content=\"https:\/\/paragaleriedetalborjt.com\/wp-content\/uploads\/2026\/01\/product-2.jpg\" \/>\n\t<meta property=\"og:image:width\" content=\"597\" \/>\n\t<meta property=\"og:image:height\" content=\"656\" \/>\n\t<meta property=\"og:image:type\" content=\"image\/jpeg\" \/>\n<meta name=\"twitter:card\" content=\"summary_large_image\" \/>\n<meta name=\"twitter:label1\" content=\"Est. reading time\" \/>\n\t<meta name=\"twitter:data1\" content=\"1 minute\" \/>\n<script type=\"application\/ld+json\" class=\"yoast-schema-graph\">{\"@context\":\"https:\\\/\\\/schema.org\",\"@graph\":[{\"@type\":\"WebPage\",\"@id\":\"https:\\\/\\\/paragaleriedetalborjt.com\\\/boutique\\\/nubiance-act-5-soin-intense-anti-imperfectins-30ml\\\/\",\"url\":\"https:\\\/\\\/paragaleriedetalborjt.com\\\/boutique\\\/nubiance-act-5-soin-intense-anti-imperfectins-30ml\\\/\",\"name\":\"Nubiance ACT-5 soin intense anti-imperfectins 30ml - paragaleriedetalborjt\",\"isPartOf\":{\"@id\":\"https:\\\/\\\/paragaleriedetalborjt.com\\\/#website\"},\"primaryImageOfPage\":{\"@id\":\"https:\\\/\\\/paragaleriedetalborjt.com\\\/boutique\\\/nubiance-act-5-soin-intense-anti-imperfectins-30ml\\\/#primaryimage\"},\"image\":{\"@id\":\"https:\\\/\\\/paragaleriedetalborjt.com\\\/boutique\\\/nubiance-act-5-soin-intense-anti-imperfectins-30ml\\\/#primaryimage\"},\"thumbnailUrl\":\"https:\\\/\\\/paragaleriedetalborjt.com\\\/wp-content\\\/uploads\\\/2026\\\/01\\\/product-2.jpg\",\"datePublished\":\"2026-01-03T22:26:57+00:00\",\"dateModified\":\"2026-01-03T22:26:58+00:00\",\"breadcrumb\":{\"@id\":\"https:\\\/\\\/paragaleriedetalborjt.com\\\/boutique\\\/nubiance-act-5-soin-intense-anti-imperfectins-30ml\\\/#breadcrumb\"},\"inLanguage\":\"en-US\",\"potentialAction\":[{\"@type\":\"ReadAction\",\"target\":[\"https:\\\/\\\/paragaleriedetalborjt.com\\\/boutique\\\/nubiance-act-5-soin-intense-anti-imperfectins-30ml\\\/\"]}]},{\"@type\":\"ImageObject\",\"inLanguage\":\"en-US\",\"@id\":\"https:\\\/\\\/paragaleriedetalborjt.com\\\/boutique\\\/nubiance-act-5-soin-intense-anti-imperfectins-30ml\\\/#primaryimage\",\"url\":\"https:\\\/\\\/paragaleriedetalborjt.com\\\/wp-content\\\/uploads\\\/2026\\\/01\\\/product-2.jpg\",\"contentUrl\":\"https:\\\/\\\/paragaleriedetalborjt.com\\\/wp-content\\\/uploads\\\/2026\\\/01\\\/product-2.jpg\",\"width\":597,\"height\":656},{\"@type\":\"BreadcrumbList\",\"@id\":\"https:\\\/\\\/paragaleriedetalborjt.com\\\/boutique\\\/nubiance-act-5-soin-intense-anti-imperfectins-30ml\\\/#breadcrumb\",\"itemListElement\":[{\"@type\":\"ListItem\",\"position\":1,\"name\":\"Accueil\",\"item\":\"https:\\\/\\\/paragaleriedetalborjt.com\\\/\"},{\"@type\":\"ListItem\",\"position\":2,\"name\":\"Boutique\",\"item\":\"https:\\\/\\\/paragaleriedetalborjt.com\\\/boutique\\\/\"},{\"@type\":\"ListItem\",\"position\":3,\"name\":\"Nubiance ACT-5 soin intense anti-imperfectins 30ml\"}]},{\"@type\":\"WebSite\",\"@id\":\"https:\\\/\\\/paragaleriedetalborjt.com\\\/#website\",\"url\":\"https:\\\/\\\/paragaleriedetalborjt.com\\\/\",\"name\":\"paragaleriedetalborjt\",\"description\":\"\",\"potentialAction\":[{\"@type\":\"SearchAction\",\"target\":{\"@type\":\"EntryPoint\",\"urlTemplate\":\"https:\\\/\\\/paragaleriedetalborjt.com\\\/?s={search_term_string}\"},\"query-input\":{\"@type\":\"PropertyValueSpecification\",\"valueRequired\":true,\"valueName\":\"search_term_string\"}}],\"inLanguage\":\"en-US\"}]}<\/script>\n<!-- \/ Yoast SEO plugin. -->","yoast_head_json":{"title":"Nubiance ACT-5 soin intense anti-imperfectins 30ml - paragaleriedetalborjt","robots":{"index":"index","follow":"follow","max-snippet":"max-snippet:-1","max-image-preview":"max-image-preview:large","max-video-preview":"max-video-preview:-1"},"canonical":"https:\/\/paragaleriedetalborjt.com\/en\/boutique\/nubiance-act-5-soin-intense-anti-imperfectins-30ml\/","og_locale":"en_US","og_type":"article","og_title":"Nubiance ACT-5 soin intense anti-imperfectins 30ml - paragaleriedetalborjt","og_description":"Highlights:ACT-5 est une combinaison exclusive de trois actifs visant les cinq causes et cons\u00e9quences factorielles de l\u2019acn\u00e9 mod\u00e9r\u00e9e \u00e0 s\u00e9v\u00e8re des peaux noires mates et m\u00e9tiss\u00e9es. Il fonctionne \u00e9galement sur peaux caucasiennes. Il restaure les fonctions barri\u00e8re, pr\u00e9vient la prolif\u00e9ration bact\u00e9rienne, lisse le grain de la peau, pr\u00e9serve la qualit\u00e9 du s\u00e9bum (squal\u00e8ne) en le prot\u00e9geant contre l\u2019oxydation pro-inflammatoire et r\u00e9duit les taches pigmentaires dues aux imperfections. ACT-5 ne dess\u00e8che pas la peau et pr\u00e9sente d\u2019excellentes qualit\u00e9s anti-\u00e2ge.","og_url":"https:\/\/paragaleriedetalborjt.com\/en\/boutique\/nubiance-act-5-soin-intense-anti-imperfectins-30ml\/","og_site_name":"paragaleriedetalborjt","article_modified_time":"2026-01-03T22:26:58+00:00","og_image":[{"width":597,"height":656,"url":"https:\/\/paragaleriedetalborjt.com\/wp-content\/uploads\/2026\/01\/product-2.jpg","type":"image\/jpeg"}],"twitter_card":"summary_large_image","twitter_misc":{"Est. reading time":"1 minute"},"schema":{"@context":"https:\/\/schema.org","@graph":[{"@type":"WebPage","@id":"https:\/\/paragaleriedetalborjt.com\/boutique\/nubiance-act-5-soin-intense-anti-imperfectins-30ml\/","url":"https:\/\/paragaleriedetalborjt.com\/boutique\/nubiance-act-5-soin-intense-anti-imperfectins-30ml\/","name":"Nubiance ACT-5 soin intense anti-imperfectins 30ml - paragaleriedetalborjt","isPartOf":{"@id":"https:\/\/paragaleriedetalborjt.com\/#website"},"primaryImageOfPage":{"@id":"https:\/\/paragaleriedetalborjt.com\/boutique\/nubiance-act-5-soin-intense-anti-imperfectins-30ml\/#primaryimage"},"image":{"@id":"https:\/\/paragaleriedetalborjt.com\/boutique\/nubiance-act-5-soin-intense-anti-imperfectins-30ml\/#primaryimage"},"thumbnailUrl":"https:\/\/paragaleriedetalborjt.com\/wp-content\/uploads\/2026\/01\/product-2.jpg","datePublished":"2026-01-03T22:26:57+00:00","dateModified":"2026-01-03T22:26:58+00:00","breadcrumb":{"@id":"https:\/\/paragaleriedetalborjt.com\/boutique\/nubiance-act-5-soin-intense-anti-imperfectins-30ml\/#breadcrumb"},"inLanguage":"en-US","potentialAction":[{"@type":"ReadAction","target":["https:\/\/paragaleriedetalborjt.com\/boutique\/nubiance-act-5-soin-intense-anti-imperfectins-30ml\/"]}]},{"@type":"ImageObject","inLanguage":"en-US","@id":"https:\/\/paragaleriedetalborjt.com\/boutique\/nubiance-act-5-soin-intense-anti-imperfectins-30ml\/#primaryimage","url":"https:\/\/paragaleriedetalborjt.com\/wp-content\/uploads\/2026\/01\/product-2.jpg","contentUrl":"https:\/\/paragaleriedetalborjt.com\/wp-content\/uploads\/2026\/01\/product-2.jpg","width":597,"height":656},{"@type":"BreadcrumbList","@id":"https:\/\/paragaleriedetalborjt.com\/boutique\/nubiance-act-5-soin-intense-anti-imperfectins-30ml\/#breadcrumb","itemListElement":[{"@type":"ListItem","position":1,"name":"Accueil","item":"https:\/\/paragaleriedetalborjt.com\/"},{"@type":"ListItem","position":2,"name":"Boutique","item":"https:\/\/paragaleriedetalborjt.com\/boutique\/"},{"@type":"ListItem","position":3,"name":"Nubiance ACT-5 soin intense anti-imperfectins 30ml"}]},{"@type":"WebSite","@id":"https:\/\/paragaleriedetalborjt.com\/#website","url":"https:\/\/paragaleriedetalborjt.com\/","name":"paragaleriedetalborjt","description":"","potentialAction":[{"@type":"SearchAction","target":{"@type":"EntryPoint","urlTemplate":"https:\/\/paragaleriedetalborjt.com\/?s={search_term_string}"},"query-input":{"@type":"PropertyValueSpecification","valueRequired":true,"valueName":"search_term_string"}}],"inLanguage":"en-US"}]}},"brands":[{"id":2069,"name":"NUBIANCE","slug":"nubiance"}],"_links":{"self":[{"href":"https:\/\/paragaleriedetalborjt.com\/en\/wp-json\/wp\/v2\/product\/45089","targetHints":{"allow":["GET"]}}],"collection":[{"href":"https:\/\/paragaleriedetalborjt.com\/en\/wp-json\/wp\/v2\/product"}],"about":[{"href":"https:\/\/paragaleriedetalborjt.com\/en\/wp-json\/wp\/v2\/types\/product"}],"replies":[{"embeddable":true,"href":"https:\/\/paragaleriedetalborjt.com\/en\/wp-json\/wp\/v2\/comments?post=45089"}],"version-history":[{"count":1,"href":"https:\/\/paragaleriedetalborjt.com\/en\/wp-json\/wp\/v2\/product\/45089\/revisions"}],"predecessor-version":[{"id":45091,"href":"https:\/\/paragaleriedetalborjt.com\/en\/wp-json\/wp\/v2\/product\/45089\/revisions\/45091"}],"wp:featuredmedia":[{"embeddable":true,"href":"https:\/\/paragaleriedetalborjt.com\/en\/wp-json\/wp\/v2\/media\/45090"}],"wp:attachment":[{"href":"https:\/\/paragaleriedetalborjt.com\/en\/wp-json\/wp\/v2\/media?parent=45089"}],"wp:term":[{"taxonomy":"pwb-brand","embeddable":true,"href":"https:\/\/paragaleriedetalborjt.com\/en\/wp-json\/wp\/v2\/pwb-brand?post=45089"},{"taxonomy":"product_cat","embeddable":true,"href":"https:\/\/paragaleriedetalborjt.com\/en\/wp-json\/wp\/v2\/product_cat?post=45089"},{"taxonomy":"product_tag","embeddable":true,"href":"https:\/\/paragaleriedetalborjt.com\/en\/wp-json\/wp\/v2\/product_tag?post=45089"}],"curies":[{"name":"wp","href":"https:\/\/api.w.org\/{rel}","templated":true}]}}