{"id":45080,"date":"2026-01-03T23:26:37","date_gmt":"2026-01-03T22:26:37","guid":{"rendered":"https:\/\/paragaleriedetalborjt.com\/?post_type=product&#038;p=45080"},"modified":"2026-01-03T23:26:37","modified_gmt":"2026-01-03T22:26:37","slug":"nubiance-hrb-3-serum-eclat-reparateur-30ml","status":"publish","type":"product","link":"https:\/\/paragaleriedetalborjt.com\/en\/boutique\/nubiance-hrb-3-serum-eclat-reparateur-30ml\/","title":{"rendered":"Nubiance HRB-3 serum eclat reparateur 30ml"},"content":{"rendered":"<div aria-labelledby=\"tab-title-description\" class=\"woocommerce-Tabs-panel woocommerce-Tabs-panel--description panel entry-content wc-tab\" id=\"tab-description\" role=\"tabpanel\" style=\"\">\n<h2>Description<\/h2>\n<div class=\"col-xs-12\">\n<div><strong>Descriptif:<\/strong><\/div>\n<div><\/div>\n<p>Le S\u00e9rum Eclat Preparateur Anti-Taches HRB3\u00ae est un s\u00e9rum exfoliant qui s\u2019utilise pendant les 15 premiers jours de traitement sur le visage et le d\u00e9collet\u00e9, en compl\u00e9ment du protocole Jour et Nuit HRB3 et HRB3+.<br \/>\nEn plus du complexe HRB3\u00ae, association dos\u00e9e en Synovea\u00aeHR (Hexylresorcinol) et en Vitamine B3, il contient des acides de fruits lui permettant d\u2019\u00e9liminer les squames et peaux mortes et lui conf\u00e9rant par ailleurs un pouvoir anti-taches suppl\u00e9mentaire.<br \/>\nLe s\u00e9rum pr\u00e9pare activement la peau \u00e0 l\u2019utilisation des Soin Jour HRB3\u00ae et Soin Nuit HRB3\u00ae.<\/p>\n<\/div>\n<div class=\"col-xs-12\">\n<div>Indications<\/div>\n<p>Peaux mates \u00e0 fonc\u00e9es<\/p>\n<\/div>\n<div><\/div>\n<div class=\"col-xs-12\">\n<div><strong>Formule:<\/strong><\/div>\n<div><\/div>\n<p>Aqua (Water)\u00a0Glycerin\u00a0Propylene Glycol\u00a0Niacinamide Glycolic Acid Sodium Acrylate\/Sodium Acryloyldimethyl Taurate Copolymer Ethylhexyl Cocoate\u00a0Paraffinum Liquidum\u00a0(Mineral Oil) Hexylresorcinol Phenethyl Alcohol\u00a0Sodium Hydroxide\u00a0Parfum (Fragrance)\u00a0Trideceth-6\u00a0Chlorphenesin\u00a0Ethylhexylglycerin\u00a0Propyl Gallate\u00a0Sodium Sulfate\u00a0CI 19140 CI 16255 CI 28440\u00a0Benzyl Salicylate.<\/p>\n<div><\/div>\n<\/div>\n<div>\n<div><strong>Conseils d\u2019utilisation:<\/strong><\/div>\n<div><\/div>\n<p>Apr\u00e8s nettoyage avec un produit d\u2019hygi\u00e8ne tel que Micelliance\u00ae et s\u00e9chage de votre peau : appliquez votre Serum HRB3 anti-taches par cures de 10 \u00e0 15 jours par mois ou 1 jour sur 2, en compl\u00e9ment des soins Jour et Nuit HRB-3 anti-taches , le matin ou le soir, en ciblant les taches.<br \/>\nEviter le contour des yeux.<\/p>\n<\/div>\n<\/div>","protected":false},"excerpt":{"rendered":"<p>Highlights:Le S\u00e9rum Eclat Pr\u00e9parateur Anti-Taches\u00a0HRB-3 est un s\u00e9rum exfoliant qui s\u2019utilise pendant les 15\u00a0premiers jours de traitement sur le visage et le d\u00e9collet\u00e9, en compl\u00e9ment du protocole Jour et Nuit HRB-3. En plus du complexe\u00a0HRB-3, association dos\u00e9e en Synovea\u00aeHR (Hexylresorcinol) et en Vitamine\u00a0B3, il contient des acides de fruits lui permettant d\u2019\u00e9liminer les squames et peaux mortes et lui conf\u00e9rant par ailleurs un pouvoir anti-taches suppl\u00e9mentaire. Le s\u00e9rum pr\u00e9pare activement la peau \u00e0 l\u2019utilisation des Soins de Jour et de Nuit.<\/p>","protected":false},"featured_media":45081,"comment_status":"open","ping_status":"closed","template":"","meta":[],"pwb-brand":[2069],"product_cat":[16],"product_tag":[],"class_list":{"0":"post-45080","1":"product","2":"type-product","3":"status-publish","4":"has-post-thumbnail","6":"pwb-brand-nubiance","7":"product_cat-non-classe","8":"pa_brands-nubiance","10":"first","11":"instock","12":"sale","13":"shipping-taxable","14":"purchasable","15":"product-type-simple"},"yoast_head":"<!-- This site is optimized with the Yoast SEO plugin v27.5 - https:\/\/yoast.com\/product\/yoast-seo-wordpress\/ -->\n<title>Nubiance HRB-3 serum eclat reparateur 30ml - paragaleriedetalborjt<\/title>\n<meta name=\"robots\" content=\"index, follow, max-snippet:-1, max-image-preview:large, max-video-preview:-1\" \/>\n<link rel=\"canonical\" href=\"https:\/\/paragaleriedetalborjt.com\/en\/boutique\/nubiance-hrb-3-serum-eclat-reparateur-30ml\/\" \/>\n<meta property=\"og:locale\" content=\"en_US\" \/>\n<meta property=\"og:type\" content=\"article\" \/>\n<meta property=\"og:title\" content=\"Nubiance HRB-3 serum eclat reparateur 30ml - paragaleriedetalborjt\" \/>\n<meta property=\"og:description\" content=\"Highlights:Le S\u00e9rum Eclat Pr\u00e9parateur Anti-Taches\u00a0HRB-3 est un s\u00e9rum exfoliant qui s\u2019utilise pendant les 15\u00a0premiers jours de traitement sur le visage et le d\u00e9collet\u00e9, en compl\u00e9ment du protocole Jour et Nuit HRB-3. En plus du complexe\u00a0HRB-3, association dos\u00e9e en Synovea\u00aeHR (Hexylresorcinol) et en Vitamine\u00a0B3, il contient des acides de fruits lui permettant d\u2019\u00e9liminer les squames et peaux mortes et lui conf\u00e9rant par ailleurs un pouvoir anti-taches suppl\u00e9mentaire. Le s\u00e9rum pr\u00e9pare activement la peau \u00e0 l\u2019utilisation des Soins de Jour et de Nuit.\" \/>\n<meta property=\"og:url\" content=\"https:\/\/paragaleriedetalborjt.com\/en\/boutique\/nubiance-hrb-3-serum-eclat-reparateur-30ml\/\" \/>\n<meta property=\"og:site_name\" content=\"paragaleriedetalborjt\" \/>\n<meta property=\"og:image\" content=\"https:\/\/paragaleriedetalborjt.com\/wp-content\/uploads\/2026\/01\/nubiance-serum-eclat-anti-taches-hbr-3-aux-aha-30ml.jpg\" \/>\n\t<meta property=\"og:image:width\" content=\"492\" \/>\n\t<meta property=\"og:image:height\" content=\"557\" \/>\n\t<meta property=\"og:image:type\" content=\"image\/jpeg\" \/>\n<meta name=\"twitter:card\" content=\"summary_large_image\" \/>\n<meta name=\"twitter:label1\" content=\"Est. reading time\" \/>\n\t<meta name=\"twitter:data1\" content=\"1 minute\" \/>\n<script type=\"application\/ld+json\" class=\"yoast-schema-graph\">{\"@context\":\"https:\\\/\\\/schema.org\",\"@graph\":[{\"@type\":\"WebPage\",\"@id\":\"https:\\\/\\\/paragaleriedetalborjt.com\\\/boutique\\\/nubiance-hrb-3-serum-eclat-reparateur-30ml\\\/\",\"url\":\"https:\\\/\\\/paragaleriedetalborjt.com\\\/boutique\\\/nubiance-hrb-3-serum-eclat-reparateur-30ml\\\/\",\"name\":\"Nubiance HRB-3 serum eclat reparateur 30ml - paragaleriedetalborjt\",\"isPartOf\":{\"@id\":\"https:\\\/\\\/paragaleriedetalborjt.com\\\/#website\"},\"primaryImageOfPage\":{\"@id\":\"https:\\\/\\\/paragaleriedetalborjt.com\\\/boutique\\\/nubiance-hrb-3-serum-eclat-reparateur-30ml\\\/#primaryimage\"},\"image\":{\"@id\":\"https:\\\/\\\/paragaleriedetalborjt.com\\\/boutique\\\/nubiance-hrb-3-serum-eclat-reparateur-30ml\\\/#primaryimage\"},\"thumbnailUrl\":\"https:\\\/\\\/paragaleriedetalborjt.com\\\/wp-content\\\/uploads\\\/2026\\\/01\\\/nubiance-serum-eclat-anti-taches-hbr-3-aux-aha-30ml.jpg\",\"datePublished\":\"2026-01-03T22:26:37+00:00\",\"breadcrumb\":{\"@id\":\"https:\\\/\\\/paragaleriedetalborjt.com\\\/boutique\\\/nubiance-hrb-3-serum-eclat-reparateur-30ml\\\/#breadcrumb\"},\"inLanguage\":\"en-US\",\"potentialAction\":[{\"@type\":\"ReadAction\",\"target\":[\"https:\\\/\\\/paragaleriedetalborjt.com\\\/boutique\\\/nubiance-hrb-3-serum-eclat-reparateur-30ml\\\/\"]}]},{\"@type\":\"ImageObject\",\"inLanguage\":\"en-US\",\"@id\":\"https:\\\/\\\/paragaleriedetalborjt.com\\\/boutique\\\/nubiance-hrb-3-serum-eclat-reparateur-30ml\\\/#primaryimage\",\"url\":\"https:\\\/\\\/paragaleriedetalborjt.com\\\/wp-content\\\/uploads\\\/2026\\\/01\\\/nubiance-serum-eclat-anti-taches-hbr-3-aux-aha-30ml.jpg\",\"contentUrl\":\"https:\\\/\\\/paragaleriedetalborjt.com\\\/wp-content\\\/uploads\\\/2026\\\/01\\\/nubiance-serum-eclat-anti-taches-hbr-3-aux-aha-30ml.jpg\",\"width\":492,\"height\":557},{\"@type\":\"BreadcrumbList\",\"@id\":\"https:\\\/\\\/paragaleriedetalborjt.com\\\/boutique\\\/nubiance-hrb-3-serum-eclat-reparateur-30ml\\\/#breadcrumb\",\"itemListElement\":[{\"@type\":\"ListItem\",\"position\":1,\"name\":\"Accueil\",\"item\":\"https:\\\/\\\/paragaleriedetalborjt.com\\\/\"},{\"@type\":\"ListItem\",\"position\":2,\"name\":\"Boutique\",\"item\":\"https:\\\/\\\/paragaleriedetalborjt.com\\\/boutique\\\/\"},{\"@type\":\"ListItem\",\"position\":3,\"name\":\"Nubiance HRB-3 serum eclat reparateur 30ml\"}]},{\"@type\":\"WebSite\",\"@id\":\"https:\\\/\\\/paragaleriedetalborjt.com\\\/#website\",\"url\":\"https:\\\/\\\/paragaleriedetalborjt.com\\\/\",\"name\":\"paragaleriedetalborjt\",\"description\":\"\",\"potentialAction\":[{\"@type\":\"SearchAction\",\"target\":{\"@type\":\"EntryPoint\",\"urlTemplate\":\"https:\\\/\\\/paragaleriedetalborjt.com\\\/?s={search_term_string}\"},\"query-input\":{\"@type\":\"PropertyValueSpecification\",\"valueRequired\":true,\"valueName\":\"search_term_string\"}}],\"inLanguage\":\"en-US\"}]}<\/script>\n<!-- \/ Yoast SEO plugin. -->","yoast_head_json":{"title":"Nubiance HRB-3 serum eclat reparateur 30ml - paragaleriedetalborjt","robots":{"index":"index","follow":"follow","max-snippet":"max-snippet:-1","max-image-preview":"max-image-preview:large","max-video-preview":"max-video-preview:-1"},"canonical":"https:\/\/paragaleriedetalborjt.com\/en\/boutique\/nubiance-hrb-3-serum-eclat-reparateur-30ml\/","og_locale":"en_US","og_type":"article","og_title":"Nubiance HRB-3 serum eclat reparateur 30ml - paragaleriedetalborjt","og_description":"Highlights:Le S\u00e9rum Eclat Pr\u00e9parateur Anti-Taches\u00a0HRB-3 est un s\u00e9rum exfoliant qui s\u2019utilise pendant les 15\u00a0premiers jours de traitement sur le visage et le d\u00e9collet\u00e9, en compl\u00e9ment du protocole Jour et Nuit HRB-3. En plus du complexe\u00a0HRB-3, association dos\u00e9e en Synovea\u00aeHR (Hexylresorcinol) et en Vitamine\u00a0B3, il contient des acides de fruits lui permettant d\u2019\u00e9liminer les squames et peaux mortes et lui conf\u00e9rant par ailleurs un pouvoir anti-taches suppl\u00e9mentaire. Le s\u00e9rum pr\u00e9pare activement la peau \u00e0 l\u2019utilisation des Soins de Jour et de Nuit.","og_url":"https:\/\/paragaleriedetalborjt.com\/en\/boutique\/nubiance-hrb-3-serum-eclat-reparateur-30ml\/","og_site_name":"paragaleriedetalborjt","og_image":[{"width":492,"height":557,"url":"https:\/\/paragaleriedetalborjt.com\/wp-content\/uploads\/2026\/01\/nubiance-serum-eclat-anti-taches-hbr-3-aux-aha-30ml.jpg","type":"image\/jpeg"}],"twitter_card":"summary_large_image","twitter_misc":{"Est. reading time":"1 minute"},"schema":{"@context":"https:\/\/schema.org","@graph":[{"@type":"WebPage","@id":"https:\/\/paragaleriedetalborjt.com\/boutique\/nubiance-hrb-3-serum-eclat-reparateur-30ml\/","url":"https:\/\/paragaleriedetalborjt.com\/boutique\/nubiance-hrb-3-serum-eclat-reparateur-30ml\/","name":"Nubiance HRB-3 serum eclat reparateur 30ml - paragaleriedetalborjt","isPartOf":{"@id":"https:\/\/paragaleriedetalborjt.com\/#website"},"primaryImageOfPage":{"@id":"https:\/\/paragaleriedetalborjt.com\/boutique\/nubiance-hrb-3-serum-eclat-reparateur-30ml\/#primaryimage"},"image":{"@id":"https:\/\/paragaleriedetalborjt.com\/boutique\/nubiance-hrb-3-serum-eclat-reparateur-30ml\/#primaryimage"},"thumbnailUrl":"https:\/\/paragaleriedetalborjt.com\/wp-content\/uploads\/2026\/01\/nubiance-serum-eclat-anti-taches-hbr-3-aux-aha-30ml.jpg","datePublished":"2026-01-03T22:26:37+00:00","breadcrumb":{"@id":"https:\/\/paragaleriedetalborjt.com\/boutique\/nubiance-hrb-3-serum-eclat-reparateur-30ml\/#breadcrumb"},"inLanguage":"en-US","potentialAction":[{"@type":"ReadAction","target":["https:\/\/paragaleriedetalborjt.com\/boutique\/nubiance-hrb-3-serum-eclat-reparateur-30ml\/"]}]},{"@type":"ImageObject","inLanguage":"en-US","@id":"https:\/\/paragaleriedetalborjt.com\/boutique\/nubiance-hrb-3-serum-eclat-reparateur-30ml\/#primaryimage","url":"https:\/\/paragaleriedetalborjt.com\/wp-content\/uploads\/2026\/01\/nubiance-serum-eclat-anti-taches-hbr-3-aux-aha-30ml.jpg","contentUrl":"https:\/\/paragaleriedetalborjt.com\/wp-content\/uploads\/2026\/01\/nubiance-serum-eclat-anti-taches-hbr-3-aux-aha-30ml.jpg","width":492,"height":557},{"@type":"BreadcrumbList","@id":"https:\/\/paragaleriedetalborjt.com\/boutique\/nubiance-hrb-3-serum-eclat-reparateur-30ml\/#breadcrumb","itemListElement":[{"@type":"ListItem","position":1,"name":"Accueil","item":"https:\/\/paragaleriedetalborjt.com\/"},{"@type":"ListItem","position":2,"name":"Boutique","item":"https:\/\/paragaleriedetalborjt.com\/boutique\/"},{"@type":"ListItem","position":3,"name":"Nubiance HRB-3 serum eclat reparateur 30ml"}]},{"@type":"WebSite","@id":"https:\/\/paragaleriedetalborjt.com\/#website","url":"https:\/\/paragaleriedetalborjt.com\/","name":"paragaleriedetalborjt","description":"","potentialAction":[{"@type":"SearchAction","target":{"@type":"EntryPoint","urlTemplate":"https:\/\/paragaleriedetalborjt.com\/?s={search_term_string}"},"query-input":{"@type":"PropertyValueSpecification","valueRequired":true,"valueName":"search_term_string"}}],"inLanguage":"en-US"}]}},"brands":[{"id":2069,"name":"NUBIANCE","slug":"nubiance"}],"_links":{"self":[{"href":"https:\/\/paragaleriedetalborjt.com\/en\/wp-json\/wp\/v2\/product\/45080","targetHints":{"allow":["GET"]}}],"collection":[{"href":"https:\/\/paragaleriedetalborjt.com\/en\/wp-json\/wp\/v2\/product"}],"about":[{"href":"https:\/\/paragaleriedetalborjt.com\/en\/wp-json\/wp\/v2\/types\/product"}],"replies":[{"embeddable":true,"href":"https:\/\/paragaleriedetalborjt.com\/en\/wp-json\/wp\/v2\/comments?post=45080"}],"version-history":[{"count":1,"href":"https:\/\/paragaleriedetalborjt.com\/en\/wp-json\/wp\/v2\/product\/45080\/revisions"}],"predecessor-version":[{"id":45082,"href":"https:\/\/paragaleriedetalborjt.com\/en\/wp-json\/wp\/v2\/product\/45080\/revisions\/45082"}],"wp:featuredmedia":[{"embeddable":true,"href":"https:\/\/paragaleriedetalborjt.com\/en\/wp-json\/wp\/v2\/media\/45081"}],"wp:attachment":[{"href":"https:\/\/paragaleriedetalborjt.com\/en\/wp-json\/wp\/v2\/media?parent=45080"}],"wp:term":[{"taxonomy":"pwb-brand","embeddable":true,"href":"https:\/\/paragaleriedetalborjt.com\/en\/wp-json\/wp\/v2\/pwb-brand?post=45080"},{"taxonomy":"product_cat","embeddable":true,"href":"https:\/\/paragaleriedetalborjt.com\/en\/wp-json\/wp\/v2\/product_cat?post=45080"},{"taxonomy":"product_tag","embeddable":true,"href":"https:\/\/paragaleriedetalborjt.com\/en\/wp-json\/wp\/v2\/product_tag?post=45080"}],"curies":[{"name":"wp","href":"https:\/\/api.w.org\/{rel}","templated":true}]}}