{"id":44882,"date":"2026-01-03T23:18:16","date_gmt":"2026-01-03T22:18:16","guid":{"rendered":"https:\/\/paragaleriedetalborjt.com\/?post_type=product&#038;p=44882"},"modified":"2026-01-03T23:18:16","modified_gmt":"2026-01-03T22:18:16","slug":"biosfera-re-qe-hair-scrub-ph3-5-12amp10ml","status":"publish","type":"product","link":"https:\/\/paragaleriedetalborjt.com\/en\/boutique\/biosfera-re-qe-hair-scrub-ph3-5-12amp10ml\/","title":{"rendered":"BIOSFERA RE.QE HAIR SCRUB ph:3.5 12amp*10ml"},"content":{"rendered":"<div aria-labelledby=\"tab-title-description\" class=\"woocommerce-Tabs-panel woocommerce-Tabs-panel--description panel entry-content wc-tab\" id=\"tab-description\" role=\"tabpanel\" style=\"\">\n<h2>Description<\/h2>\n<p>GOMMAGE CHEVEUX<br \/>\nPR\u00c9-SHAMPOOING SOIN EXFOLIANT DOUX<br \/>\nAUX HUILES ESSENTIELLES DE MENTHE,<br \/>\nOREGANO, SAUGE ET ROMARIN.<br \/>\nIl est riche en microparticules qui exercent une action m\u00e9canique sur le cuir chevelu, aidant \u00e0 \u00e9liminer les squames furfurac\u00e9es les plus agressives et l\u2019exc\u00e8s de s\u00e9bum. L\u2019origan, la menthe, la sauge et le romarin associent leur pouvoir antifongique efficace \u00e0 la puissante action purifiante apaisante de la peau. Un geste simple, rapide et facile qui apporte vitalit\u00e9, fra\u00eecheur et puret\u00e9 au cuir chevelu. Exfoliation indolore et profonde<\/p>\n<\/div>","protected":false},"excerpt":{"rendered":"<p>Highlights:soin exfolliant pr\u00e9-shampooing<\/p>","protected":false},"featured_media":44883,"comment_status":"open","ping_status":"closed","template":"","meta":[],"pwb-brand":[2221],"product_cat":[16],"product_tag":[],"class_list":{"0":"post-44882","1":"product","2":"type-product","3":"status-publish","4":"has-post-thumbnail","6":"pwb-brand-biosfera-organic-care","7":"product_cat-non-classe","8":"pa_brands-biosfera-organic-care","10":"first","11":"instock","12":"sale","13":"shipping-taxable","14":"purchasable","15":"product-type-simple"},"yoast_head":"<!-- This site is optimized with the Yoast SEO plugin v27.5 - https:\/\/yoast.com\/product\/yoast-seo-wordpress\/ -->\n<title>BIOSFERA RE.QE HAIR SCRUB ph:3.5 12amp*10ml - paragaleriedetalborjt<\/title>\n<meta name=\"robots\" content=\"index, follow, max-snippet:-1, max-image-preview:large, max-video-preview:-1\" \/>\n<link rel=\"canonical\" href=\"https:\/\/paragaleriedetalborjt.com\/en\/boutique\/biosfera-re-qe-hair-scrub-ph3-5-12amp10ml\/\" \/>\n<meta property=\"og:locale\" content=\"en_US\" \/>\n<meta property=\"og:type\" content=\"article\" \/>\n<meta property=\"og:title\" content=\"BIOSFERA RE.QE HAIR SCRUB ph:3.5 12amp*10ml - paragaleriedetalborjt\" \/>\n<meta property=\"og:description\" content=\"Highlights:soin exfolliant pr\u00e9-shampooing\" \/>\n<meta property=\"og:url\" content=\"https:\/\/paragaleriedetalborjt.com\/en\/boutique\/biosfera-re-qe-hair-scrub-ph3-5-12amp10ml\/\" \/>\n<meta property=\"og:site_name\" content=\"paragaleriedetalborjt\" \/>\n<meta property=\"og:image\" content=\"https:\/\/paragaleriedetalborjt.com\/wp-content\/uploads\/2026\/01\/biosfera-hair-scrub-ph-3.5.jpg\" \/>\n\t<meta property=\"og:image:width\" content=\"595\" \/>\n\t<meta property=\"og:image:height\" content=\"655\" \/>\n\t<meta property=\"og:image:type\" content=\"image\/jpeg\" \/>\n<meta name=\"twitter:card\" content=\"summary_large_image\" \/>\n<script type=\"application\/ld+json\" class=\"yoast-schema-graph\">{\"@context\":\"https:\\\/\\\/schema.org\",\"@graph\":[{\"@type\":\"WebPage\",\"@id\":\"https:\\\/\\\/paragaleriedetalborjt.com\\\/boutique\\\/biosfera-re-qe-hair-scrub-ph3-5-12amp10ml\\\/\",\"url\":\"https:\\\/\\\/paragaleriedetalborjt.com\\\/boutique\\\/biosfera-re-qe-hair-scrub-ph3-5-12amp10ml\\\/\",\"name\":\"BIOSFERA RE.QE HAIR SCRUB ph:3.5 12amp*10ml - paragaleriedetalborjt\",\"isPartOf\":{\"@id\":\"https:\\\/\\\/paragaleriedetalborjt.com\\\/#website\"},\"primaryImageOfPage\":{\"@id\":\"https:\\\/\\\/paragaleriedetalborjt.com\\\/boutique\\\/biosfera-re-qe-hair-scrub-ph3-5-12amp10ml\\\/#primaryimage\"},\"image\":{\"@id\":\"https:\\\/\\\/paragaleriedetalborjt.com\\\/boutique\\\/biosfera-re-qe-hair-scrub-ph3-5-12amp10ml\\\/#primaryimage\"},\"thumbnailUrl\":\"https:\\\/\\\/paragaleriedetalborjt.com\\\/wp-content\\\/uploads\\\/2026\\\/01\\\/biosfera-hair-scrub-ph-3.5.jpg\",\"datePublished\":\"2026-01-03T22:18:16+00:00\",\"breadcrumb\":{\"@id\":\"https:\\\/\\\/paragaleriedetalborjt.com\\\/boutique\\\/biosfera-re-qe-hair-scrub-ph3-5-12amp10ml\\\/#breadcrumb\"},\"inLanguage\":\"en-US\",\"potentialAction\":[{\"@type\":\"ReadAction\",\"target\":[\"https:\\\/\\\/paragaleriedetalborjt.com\\\/boutique\\\/biosfera-re-qe-hair-scrub-ph3-5-12amp10ml\\\/\"]}]},{\"@type\":\"ImageObject\",\"inLanguage\":\"en-US\",\"@id\":\"https:\\\/\\\/paragaleriedetalborjt.com\\\/boutique\\\/biosfera-re-qe-hair-scrub-ph3-5-12amp10ml\\\/#primaryimage\",\"url\":\"https:\\\/\\\/paragaleriedetalborjt.com\\\/wp-content\\\/uploads\\\/2026\\\/01\\\/biosfera-hair-scrub-ph-3.5.jpg\",\"contentUrl\":\"https:\\\/\\\/paragaleriedetalborjt.com\\\/wp-content\\\/uploads\\\/2026\\\/01\\\/biosfera-hair-scrub-ph-3.5.jpg\",\"width\":595,\"height\":655},{\"@type\":\"BreadcrumbList\",\"@id\":\"https:\\\/\\\/paragaleriedetalborjt.com\\\/boutique\\\/biosfera-re-qe-hair-scrub-ph3-5-12amp10ml\\\/#breadcrumb\",\"itemListElement\":[{\"@type\":\"ListItem\",\"position\":1,\"name\":\"Accueil\",\"item\":\"https:\\\/\\\/paragaleriedetalborjt.com\\\/\"},{\"@type\":\"ListItem\",\"position\":2,\"name\":\"Boutique\",\"item\":\"https:\\\/\\\/paragaleriedetalborjt.com\\\/boutique\\\/\"},{\"@type\":\"ListItem\",\"position\":3,\"name\":\"BIOSFERA RE.QE HAIR SCRUB ph:3.5 12amp*10ml\"}]},{\"@type\":\"WebSite\",\"@id\":\"https:\\\/\\\/paragaleriedetalborjt.com\\\/#website\",\"url\":\"https:\\\/\\\/paragaleriedetalborjt.com\\\/\",\"name\":\"paragaleriedetalborjt\",\"description\":\"\",\"potentialAction\":[{\"@type\":\"SearchAction\",\"target\":{\"@type\":\"EntryPoint\",\"urlTemplate\":\"https:\\\/\\\/paragaleriedetalborjt.com\\\/?s={search_term_string}\"},\"query-input\":{\"@type\":\"PropertyValueSpecification\",\"valueRequired\":true,\"valueName\":\"search_term_string\"}}],\"inLanguage\":\"en-US\"}]}<\/script>\n<!-- \/ Yoast SEO plugin. -->","yoast_head_json":{"title":"BIOSFERA RE.QE HAIR SCRUB ph:3.5 12amp*10ml - paragaleriedetalborjt","robots":{"index":"index","follow":"follow","max-snippet":"max-snippet:-1","max-image-preview":"max-image-preview:large","max-video-preview":"max-video-preview:-1"},"canonical":"https:\/\/paragaleriedetalborjt.com\/en\/boutique\/biosfera-re-qe-hair-scrub-ph3-5-12amp10ml\/","og_locale":"en_US","og_type":"article","og_title":"BIOSFERA RE.QE HAIR SCRUB ph:3.5 12amp*10ml - paragaleriedetalborjt","og_description":"Highlights:soin exfolliant pr\u00e9-shampooing","og_url":"https:\/\/paragaleriedetalborjt.com\/en\/boutique\/biosfera-re-qe-hair-scrub-ph3-5-12amp10ml\/","og_site_name":"paragaleriedetalborjt","og_image":[{"width":595,"height":655,"url":"https:\/\/paragaleriedetalborjt.com\/wp-content\/uploads\/2026\/01\/biosfera-hair-scrub-ph-3.5.jpg","type":"image\/jpeg"}],"twitter_card":"summary_large_image","schema":{"@context":"https:\/\/schema.org","@graph":[{"@type":"WebPage","@id":"https:\/\/paragaleriedetalborjt.com\/boutique\/biosfera-re-qe-hair-scrub-ph3-5-12amp10ml\/","url":"https:\/\/paragaleriedetalborjt.com\/boutique\/biosfera-re-qe-hair-scrub-ph3-5-12amp10ml\/","name":"BIOSFERA RE.QE HAIR SCRUB ph:3.5 12amp*10ml - paragaleriedetalborjt","isPartOf":{"@id":"https:\/\/paragaleriedetalborjt.com\/#website"},"primaryImageOfPage":{"@id":"https:\/\/paragaleriedetalborjt.com\/boutique\/biosfera-re-qe-hair-scrub-ph3-5-12amp10ml\/#primaryimage"},"image":{"@id":"https:\/\/paragaleriedetalborjt.com\/boutique\/biosfera-re-qe-hair-scrub-ph3-5-12amp10ml\/#primaryimage"},"thumbnailUrl":"https:\/\/paragaleriedetalborjt.com\/wp-content\/uploads\/2026\/01\/biosfera-hair-scrub-ph-3.5.jpg","datePublished":"2026-01-03T22:18:16+00:00","breadcrumb":{"@id":"https:\/\/paragaleriedetalborjt.com\/boutique\/biosfera-re-qe-hair-scrub-ph3-5-12amp10ml\/#breadcrumb"},"inLanguage":"en-US","potentialAction":[{"@type":"ReadAction","target":["https:\/\/paragaleriedetalborjt.com\/boutique\/biosfera-re-qe-hair-scrub-ph3-5-12amp10ml\/"]}]},{"@type":"ImageObject","inLanguage":"en-US","@id":"https:\/\/paragaleriedetalborjt.com\/boutique\/biosfera-re-qe-hair-scrub-ph3-5-12amp10ml\/#primaryimage","url":"https:\/\/paragaleriedetalborjt.com\/wp-content\/uploads\/2026\/01\/biosfera-hair-scrub-ph-3.5.jpg","contentUrl":"https:\/\/paragaleriedetalborjt.com\/wp-content\/uploads\/2026\/01\/biosfera-hair-scrub-ph-3.5.jpg","width":595,"height":655},{"@type":"BreadcrumbList","@id":"https:\/\/paragaleriedetalborjt.com\/boutique\/biosfera-re-qe-hair-scrub-ph3-5-12amp10ml\/#breadcrumb","itemListElement":[{"@type":"ListItem","position":1,"name":"Accueil","item":"https:\/\/paragaleriedetalborjt.com\/"},{"@type":"ListItem","position":2,"name":"Boutique","item":"https:\/\/paragaleriedetalborjt.com\/boutique\/"},{"@type":"ListItem","position":3,"name":"BIOSFERA RE.QE HAIR SCRUB ph:3.5 12amp*10ml"}]},{"@type":"WebSite","@id":"https:\/\/paragaleriedetalborjt.com\/#website","url":"https:\/\/paragaleriedetalborjt.com\/","name":"paragaleriedetalborjt","description":"","potentialAction":[{"@type":"SearchAction","target":{"@type":"EntryPoint","urlTemplate":"https:\/\/paragaleriedetalborjt.com\/?s={search_term_string}"},"query-input":{"@type":"PropertyValueSpecification","valueRequired":true,"valueName":"search_term_string"}}],"inLanguage":"en-US"}]}},"brands":[{"id":2221,"name":"BIOSFERA ORGANIC CARE","slug":"biosfera-organic-care"}],"_links":{"self":[{"href":"https:\/\/paragaleriedetalborjt.com\/en\/wp-json\/wp\/v2\/product\/44882","targetHints":{"allow":["GET"]}}],"collection":[{"href":"https:\/\/paragaleriedetalborjt.com\/en\/wp-json\/wp\/v2\/product"}],"about":[{"href":"https:\/\/paragaleriedetalborjt.com\/en\/wp-json\/wp\/v2\/types\/product"}],"replies":[{"embeddable":true,"href":"https:\/\/paragaleriedetalborjt.com\/en\/wp-json\/wp\/v2\/comments?post=44882"}],"version-history":[{"count":1,"href":"https:\/\/paragaleriedetalborjt.com\/en\/wp-json\/wp\/v2\/product\/44882\/revisions"}],"predecessor-version":[{"id":44884,"href":"https:\/\/paragaleriedetalborjt.com\/en\/wp-json\/wp\/v2\/product\/44882\/revisions\/44884"}],"wp:featuredmedia":[{"embeddable":true,"href":"https:\/\/paragaleriedetalborjt.com\/en\/wp-json\/wp\/v2\/media\/44883"}],"wp:attachment":[{"href":"https:\/\/paragaleriedetalborjt.com\/en\/wp-json\/wp\/v2\/media?parent=44882"}],"wp:term":[{"taxonomy":"pwb-brand","embeddable":true,"href":"https:\/\/paragaleriedetalborjt.com\/en\/wp-json\/wp\/v2\/pwb-brand?post=44882"},{"taxonomy":"product_cat","embeddable":true,"href":"https:\/\/paragaleriedetalborjt.com\/en\/wp-json\/wp\/v2\/product_cat?post=44882"},{"taxonomy":"product_tag","embeddable":true,"href":"https:\/\/paragaleriedetalborjt.com\/en\/wp-json\/wp\/v2\/product_tag?post=44882"}],"curies":[{"name":"wp","href":"https:\/\/api.w.org\/{rel}","templated":true}]}}