{"id":44876,"date":"2026-01-03T23:17:58","date_gmt":"2026-01-03T22:17:58","guid":{"rendered":"https:\/\/paragaleriedetalborjt.com\/?post_type=product&#038;p=44876"},"modified":"2026-01-03T23:17:59","modified_gmt":"2026-01-03T22:17:59","slug":"biokera-nature-traitement-anti-pelliculaire-intensif-6-amp-10ml","status":"publish","type":"product","link":"https:\/\/paragaleriedetalborjt.com\/en\/boutique\/biokera-nature-traitement-anti-pelliculaire-intensif-6-amp-10ml\/","title":{"rendered":"BIOKERA NATURE TRAITEMENT ANTI-PELLICULAIRE INTENSIF 6 AMP 10ML"},"content":{"rendered":"<div aria-labelledby=\"tab-title-description\" class=\"woocommerce-Tabs-panel woocommerce-Tabs-panel--description panel entry-content wc-tab\" id=\"tab-description\" role=\"tabpanel\" style=\"\">\n<h2>Description<\/h2>\n<p>Traitement Sp\u00e9cifique Pellicules\u00a0est une lotion id\u00e9ale pour des cheveux avec probl\u00e8mes dans le cycle de desquamation naturelle du cuir chevelu. Son action est intense en se d\u00e9posant sur le cuir chevelu sans rin\u00e7age, en laissant agir les substances. Il favorise le d\u00e9collement des squames de pellicule du cuir chevelu et apporte un puissant effet bact\u00e9ricide pour traiter et pr\u00e9venir la desquamation excessive du cuir chevelu.\u00a0\u00a0<\/p>\n<\/div>","protected":false},"excerpt":{"rendered":"<p>Highlights:La coloration BioKap Nutricolor, votre partenaire pour la beaut\u00e9 et la coloration des cheveux. Sa formulation exclusive en ingr\u00e9dients v\u00e9g\u00e9taux nourrit et r\u00e9pare les cheveux pendant la coloration. BioKap Nutricolor couvre parfaitement les cheveux blancs et est tr\u00e8s bien tol\u00e9r\u00e9e.<\/p>","protected":false},"featured_media":44877,"comment_status":"open","ping_status":"closed","template":"","meta":[],"pwb-brand":[2219],"product_cat":[16],"product_tag":[],"class_list":{"0":"post-44876","1":"product","2":"type-product","3":"status-publish","4":"has-post-thumbnail","6":"pwb-brand-biokera","7":"product_cat-non-classe","8":"pa_brands-biokera","10":"first","11":"instock","12":"sale","13":"shipping-taxable","14":"purchasable","15":"product-type-simple"},"yoast_head":"<!-- This site is optimized with the Yoast SEO plugin v27.5 - https:\/\/yoast.com\/product\/yoast-seo-wordpress\/ -->\n<title>BIOKERA NATURE TRAITEMENT ANTI-PELLICULAIRE INTENSIF 6 AMP 10ML - paragaleriedetalborjt<\/title>\n<meta name=\"robots\" content=\"index, follow, max-snippet:-1, max-image-preview:large, max-video-preview:-1\" \/>\n<link rel=\"canonical\" href=\"https:\/\/paragaleriedetalborjt.com\/en\/boutique\/biokera-nature-traitement-anti-pelliculaire-intensif-6-amp-10ml\/\" \/>\n<meta property=\"og:locale\" content=\"en_US\" \/>\n<meta property=\"og:type\" content=\"article\" \/>\n<meta property=\"og:title\" content=\"BIOKERA NATURE TRAITEMENT ANTI-PELLICULAIRE INTENSIF 6 AMP 10ML - paragaleriedetalborjt\" \/>\n<meta property=\"og:description\" content=\"Highlights:La coloration BioKap Nutricolor, votre partenaire pour la beaut\u00e9 et la coloration des cheveux. Sa formulation exclusive en ingr\u00e9dients v\u00e9g\u00e9taux nourrit et r\u00e9pare les cheveux pendant la coloration. BioKap Nutricolor couvre parfaitement les cheveux blancs et est tr\u00e8s bien tol\u00e9r\u00e9e.\" \/>\n<meta property=\"og:url\" content=\"https:\/\/paragaleriedetalborjt.com\/en\/boutique\/biokera-nature-traitement-anti-pelliculaire-intensif-6-amp-10ml\/\" \/>\n<meta property=\"og:site_name\" content=\"paragaleriedetalborjt\" \/>\n<meta property=\"article:modified_time\" content=\"2026-01-03T22:17:59+00:00\" \/>\n<meta property=\"og:image\" content=\"https:\/\/paragaleriedetalborjt.com\/wp-content\/uploads\/2026\/01\/8420282022293-600x600-1.jpg\" \/>\n\t<meta property=\"og:image:width\" content=\"600\" \/>\n\t<meta property=\"og:image:height\" content=\"600\" \/>\n\t<meta property=\"og:image:type\" content=\"image\/jpeg\" \/>\n<meta name=\"twitter:card\" content=\"summary_large_image\" \/>\n<script type=\"application\/ld+json\" class=\"yoast-schema-graph\">{\"@context\":\"https:\\\/\\\/schema.org\",\"@graph\":[{\"@type\":\"WebPage\",\"@id\":\"https:\\\/\\\/paragaleriedetalborjt.com\\\/boutique\\\/biokera-nature-traitement-anti-pelliculaire-intensif-6-amp-10ml\\\/\",\"url\":\"https:\\\/\\\/paragaleriedetalborjt.com\\\/boutique\\\/biokera-nature-traitement-anti-pelliculaire-intensif-6-amp-10ml\\\/\",\"name\":\"BIOKERA NATURE TRAITEMENT ANTI-PELLICULAIRE INTENSIF 6 AMP 10ML - paragaleriedetalborjt\",\"isPartOf\":{\"@id\":\"https:\\\/\\\/paragaleriedetalborjt.com\\\/#website\"},\"primaryImageOfPage\":{\"@id\":\"https:\\\/\\\/paragaleriedetalborjt.com\\\/boutique\\\/biokera-nature-traitement-anti-pelliculaire-intensif-6-amp-10ml\\\/#primaryimage\"},\"image\":{\"@id\":\"https:\\\/\\\/paragaleriedetalborjt.com\\\/boutique\\\/biokera-nature-traitement-anti-pelliculaire-intensif-6-amp-10ml\\\/#primaryimage\"},\"thumbnailUrl\":\"https:\\\/\\\/paragaleriedetalborjt.com\\\/wp-content\\\/uploads\\\/2026\\\/01\\\/8420282022293-600x600-1.jpg\",\"datePublished\":\"2026-01-03T22:17:58+00:00\",\"dateModified\":\"2026-01-03T22:17:59+00:00\",\"breadcrumb\":{\"@id\":\"https:\\\/\\\/paragaleriedetalborjt.com\\\/boutique\\\/biokera-nature-traitement-anti-pelliculaire-intensif-6-amp-10ml\\\/#breadcrumb\"},\"inLanguage\":\"en-US\",\"potentialAction\":[{\"@type\":\"ReadAction\",\"target\":[\"https:\\\/\\\/paragaleriedetalborjt.com\\\/boutique\\\/biokera-nature-traitement-anti-pelliculaire-intensif-6-amp-10ml\\\/\"]}]},{\"@type\":\"ImageObject\",\"inLanguage\":\"en-US\",\"@id\":\"https:\\\/\\\/paragaleriedetalborjt.com\\\/boutique\\\/biokera-nature-traitement-anti-pelliculaire-intensif-6-amp-10ml\\\/#primaryimage\",\"url\":\"https:\\\/\\\/paragaleriedetalborjt.com\\\/wp-content\\\/uploads\\\/2026\\\/01\\\/8420282022293-600x600-1.jpg\",\"contentUrl\":\"https:\\\/\\\/paragaleriedetalborjt.com\\\/wp-content\\\/uploads\\\/2026\\\/01\\\/8420282022293-600x600-1.jpg\",\"width\":600,\"height\":600},{\"@type\":\"BreadcrumbList\",\"@id\":\"https:\\\/\\\/paragaleriedetalborjt.com\\\/boutique\\\/biokera-nature-traitement-anti-pelliculaire-intensif-6-amp-10ml\\\/#breadcrumb\",\"itemListElement\":[{\"@type\":\"ListItem\",\"position\":1,\"name\":\"Accueil\",\"item\":\"https:\\\/\\\/paragaleriedetalborjt.com\\\/\"},{\"@type\":\"ListItem\",\"position\":2,\"name\":\"Boutique\",\"item\":\"https:\\\/\\\/paragaleriedetalborjt.com\\\/boutique\\\/\"},{\"@type\":\"ListItem\",\"position\":3,\"name\":\"BIOKERA NATURE TRAITEMENT ANTI-PELLICULAIRE INTENSIF 6 AMP 10ML\"}]},{\"@type\":\"WebSite\",\"@id\":\"https:\\\/\\\/paragaleriedetalborjt.com\\\/#website\",\"url\":\"https:\\\/\\\/paragaleriedetalborjt.com\\\/\",\"name\":\"paragaleriedetalborjt\",\"description\":\"\",\"potentialAction\":[{\"@type\":\"SearchAction\",\"target\":{\"@type\":\"EntryPoint\",\"urlTemplate\":\"https:\\\/\\\/paragaleriedetalborjt.com\\\/?s={search_term_string}\"},\"query-input\":{\"@type\":\"PropertyValueSpecification\",\"valueRequired\":true,\"valueName\":\"search_term_string\"}}],\"inLanguage\":\"en-US\"}]}<\/script>\n<!-- \/ Yoast SEO plugin. -->","yoast_head_json":{"title":"BIOKERA NATURE TRAITEMENT ANTI-PELLICULAIRE INTENSIF 6 AMP 10ML - paragaleriedetalborjt","robots":{"index":"index","follow":"follow","max-snippet":"max-snippet:-1","max-image-preview":"max-image-preview:large","max-video-preview":"max-video-preview:-1"},"canonical":"https:\/\/paragaleriedetalborjt.com\/en\/boutique\/biokera-nature-traitement-anti-pelliculaire-intensif-6-amp-10ml\/","og_locale":"en_US","og_type":"article","og_title":"BIOKERA NATURE TRAITEMENT ANTI-PELLICULAIRE INTENSIF 6 AMP 10ML - paragaleriedetalborjt","og_description":"Highlights:La coloration BioKap Nutricolor, votre partenaire pour la beaut\u00e9 et la coloration des cheveux. Sa formulation exclusive en ingr\u00e9dients v\u00e9g\u00e9taux nourrit et r\u00e9pare les cheveux pendant la coloration. BioKap Nutricolor couvre parfaitement les cheveux blancs et est tr\u00e8s bien tol\u00e9r\u00e9e.","og_url":"https:\/\/paragaleriedetalborjt.com\/en\/boutique\/biokera-nature-traitement-anti-pelliculaire-intensif-6-amp-10ml\/","og_site_name":"paragaleriedetalborjt","article_modified_time":"2026-01-03T22:17:59+00:00","og_image":[{"width":600,"height":600,"url":"https:\/\/paragaleriedetalborjt.com\/wp-content\/uploads\/2026\/01\/8420282022293-600x600-1.jpg","type":"image\/jpeg"}],"twitter_card":"summary_large_image","schema":{"@context":"https:\/\/schema.org","@graph":[{"@type":"WebPage","@id":"https:\/\/paragaleriedetalborjt.com\/boutique\/biokera-nature-traitement-anti-pelliculaire-intensif-6-amp-10ml\/","url":"https:\/\/paragaleriedetalborjt.com\/boutique\/biokera-nature-traitement-anti-pelliculaire-intensif-6-amp-10ml\/","name":"BIOKERA NATURE TRAITEMENT ANTI-PELLICULAIRE INTENSIF 6 AMP 10ML - paragaleriedetalborjt","isPartOf":{"@id":"https:\/\/paragaleriedetalborjt.com\/#website"},"primaryImageOfPage":{"@id":"https:\/\/paragaleriedetalborjt.com\/boutique\/biokera-nature-traitement-anti-pelliculaire-intensif-6-amp-10ml\/#primaryimage"},"image":{"@id":"https:\/\/paragaleriedetalborjt.com\/boutique\/biokera-nature-traitement-anti-pelliculaire-intensif-6-amp-10ml\/#primaryimage"},"thumbnailUrl":"https:\/\/paragaleriedetalborjt.com\/wp-content\/uploads\/2026\/01\/8420282022293-600x600-1.jpg","datePublished":"2026-01-03T22:17:58+00:00","dateModified":"2026-01-03T22:17:59+00:00","breadcrumb":{"@id":"https:\/\/paragaleriedetalborjt.com\/boutique\/biokera-nature-traitement-anti-pelliculaire-intensif-6-amp-10ml\/#breadcrumb"},"inLanguage":"en-US","potentialAction":[{"@type":"ReadAction","target":["https:\/\/paragaleriedetalborjt.com\/boutique\/biokera-nature-traitement-anti-pelliculaire-intensif-6-amp-10ml\/"]}]},{"@type":"ImageObject","inLanguage":"en-US","@id":"https:\/\/paragaleriedetalborjt.com\/boutique\/biokera-nature-traitement-anti-pelliculaire-intensif-6-amp-10ml\/#primaryimage","url":"https:\/\/paragaleriedetalborjt.com\/wp-content\/uploads\/2026\/01\/8420282022293-600x600-1.jpg","contentUrl":"https:\/\/paragaleriedetalborjt.com\/wp-content\/uploads\/2026\/01\/8420282022293-600x600-1.jpg","width":600,"height":600},{"@type":"BreadcrumbList","@id":"https:\/\/paragaleriedetalborjt.com\/boutique\/biokera-nature-traitement-anti-pelliculaire-intensif-6-amp-10ml\/#breadcrumb","itemListElement":[{"@type":"ListItem","position":1,"name":"Accueil","item":"https:\/\/paragaleriedetalborjt.com\/"},{"@type":"ListItem","position":2,"name":"Boutique","item":"https:\/\/paragaleriedetalborjt.com\/boutique\/"},{"@type":"ListItem","position":3,"name":"BIOKERA NATURE TRAITEMENT ANTI-PELLICULAIRE INTENSIF 6 AMP 10ML"}]},{"@type":"WebSite","@id":"https:\/\/paragaleriedetalborjt.com\/#website","url":"https:\/\/paragaleriedetalborjt.com\/","name":"paragaleriedetalborjt","description":"","potentialAction":[{"@type":"SearchAction","target":{"@type":"EntryPoint","urlTemplate":"https:\/\/paragaleriedetalborjt.com\/?s={search_term_string}"},"query-input":{"@type":"PropertyValueSpecification","valueRequired":true,"valueName":"search_term_string"}}],"inLanguage":"en-US"}]}},"brands":[{"id":2219,"name":"BIOKERA","slug":"biokera"}],"_links":{"self":[{"href":"https:\/\/paragaleriedetalborjt.com\/en\/wp-json\/wp\/v2\/product\/44876","targetHints":{"allow":["GET"]}}],"collection":[{"href":"https:\/\/paragaleriedetalborjt.com\/en\/wp-json\/wp\/v2\/product"}],"about":[{"href":"https:\/\/paragaleriedetalborjt.com\/en\/wp-json\/wp\/v2\/types\/product"}],"replies":[{"embeddable":true,"href":"https:\/\/paragaleriedetalborjt.com\/en\/wp-json\/wp\/v2\/comments?post=44876"}],"version-history":[{"count":1,"href":"https:\/\/paragaleriedetalborjt.com\/en\/wp-json\/wp\/v2\/product\/44876\/revisions"}],"predecessor-version":[{"id":44878,"href":"https:\/\/paragaleriedetalborjt.com\/en\/wp-json\/wp\/v2\/product\/44876\/revisions\/44878"}],"wp:featuredmedia":[{"embeddable":true,"href":"https:\/\/paragaleriedetalborjt.com\/en\/wp-json\/wp\/v2\/media\/44877"}],"wp:attachment":[{"href":"https:\/\/paragaleriedetalborjt.com\/en\/wp-json\/wp\/v2\/media?parent=44876"}],"wp:term":[{"taxonomy":"pwb-brand","embeddable":true,"href":"https:\/\/paragaleriedetalborjt.com\/en\/wp-json\/wp\/v2\/pwb-brand?post=44876"},{"taxonomy":"product_cat","embeddable":true,"href":"https:\/\/paragaleriedetalborjt.com\/en\/wp-json\/wp\/v2\/product_cat?post=44876"},{"taxonomy":"product_tag","embeddable":true,"href":"https:\/\/paragaleriedetalborjt.com\/en\/wp-json\/wp\/v2\/product_tag?post=44876"}],"curies":[{"name":"wp","href":"https:\/\/api.w.org\/{rel}","templated":true}]}}