{"id":44843,"date":"2026-01-03T23:16:25","date_gmt":"2026-01-03T22:16:25","guid":{"rendered":"https:\/\/paragaleriedetalborjt.com\/?post_type=product&#038;p=44843"},"modified":"2026-01-03T23:16:26","modified_gmt":"2026-01-03T22:16:26","slug":"dermalift-depilift-creme-depigmentante-50-ml","status":"publish","type":"product","link":"https:\/\/paragaleriedetalborjt.com\/en\/boutique\/dermalift-depilift-creme-depigmentante-50-ml\/","title":{"rendered":"Dermalift D\u00e9pilift Cr\u00e8me d\u00e9pigmentante 50 ml"},"content":{"rendered":"<div aria-labelledby=\"tab-title-description\" class=\"woocommerce-Tabs-panel woocommerce-Tabs-panel--description panel entry-content wc-tab\" id=\"tab-description\" role=\"tabpanel\" style=\"\">\n<h2>Description<\/h2>\n<p>D\u00e9pilift assure un \u00e9clat \u00e0 votre visage, corrige les taches brunes et unifie le teint tout en assurant l\u2019hydratation de votre peau. Avec sa texture l\u00e9g\u00e8re et fondante, elle laisse la peau souple et confortable.<\/p>\n<p>\u00a0<\/p>\n<p>\u00a0<\/p>\n<\/div>","protected":false},"excerpt":{"rendered":"<p>Highlights:Nettoie et hydrate en douceur, aide \u00e0 renforcer la barri\u00e8re protectrice de la peau. Texture cr\u00e9meuse, hydratante et non moussante. Id\u00e9al pour toute la famille.\u2022 Besoin :Nettoyer | Hydrater | Peau normale \u00e0 s\u00e8che | Peau sensible.\u2022 Ingr\u00e9dients Cl\u00e9s :C\u00e9ramides (1, 3 et 6-II) pour prot\u00e9ger et nourrir | Acide Hyaluronique pour maintenir la peau hydrat\u00e9e.\u2022S\u00e9curit\u00e9 :Sans Parfum | Hypoallerg\u00e9nique | Non-Com\u00e9dog\u00e8ne.\u2022 Utilisation :Appliquer sur une peau humide. Rincer \u00e0 l\u2019eau. Visage et Corps.Approuv\u00e9 par les membres de l\u2019Association Fran\u00e7aise de l\u2019Ecz\u00e9ma.<\/p>","protected":false},"featured_media":44844,"comment_status":"open","ping_status":"closed","template":"","meta":[],"pwb-brand":[1891],"product_cat":[16],"product_tag":[],"class_list":{"0":"post-44843","1":"product","2":"type-product","3":"status-publish","4":"has-post-thumbnail","6":"pwb-brand-dermalift","7":"product_cat-non-classe","8":"pa_brands-dermalift","10":"first","11":"instock","12":"sale","13":"shipping-taxable","14":"purchasable","15":"product-type-simple"},"yoast_head":"<!-- This site is optimized with the Yoast SEO plugin v27.5 - https:\/\/yoast.com\/product\/yoast-seo-wordpress\/ -->\n<title>Dermalift D\u00e9pilift Cr\u00e8me d\u00e9pigmentante 50 ml - paragaleriedetalborjt<\/title>\n<meta name=\"robots\" content=\"index, follow, max-snippet:-1, max-image-preview:large, max-video-preview:-1\" \/>\n<link rel=\"canonical\" href=\"https:\/\/paragaleriedetalborjt.com\/en\/boutique\/dermalift-depilift-creme-depigmentante-50-ml\/\" \/>\n<meta property=\"og:locale\" content=\"en_US\" \/>\n<meta property=\"og:type\" content=\"article\" \/>\n<meta property=\"og:title\" content=\"Dermalift D\u00e9pilift Cr\u00e8me d\u00e9pigmentante 50 ml - paragaleriedetalborjt\" \/>\n<meta property=\"og:description\" content=\"Highlights:Nettoie et hydrate en douceur, aide \u00e0 renforcer la barri\u00e8re protectrice de la peau. Texture cr\u00e9meuse, hydratante et non moussante. Id\u00e9al pour toute la famille.\u2022 Besoin :Nettoyer | Hydrater | Peau normale \u00e0 s\u00e8che | Peau sensible.\u2022 Ingr\u00e9dients Cl\u00e9s :C\u00e9ramides (1, 3 et 6-II) pour prot\u00e9ger et nourrir | Acide Hyaluronique pour maintenir la peau hydrat\u00e9e.\u2022S\u00e9curit\u00e9 :Sans Parfum | Hypoallerg\u00e9nique | Non-Com\u00e9dog\u00e8ne.\u2022 Utilisation :Appliquer sur une peau humide. Rincer \u00e0 l\u2019eau. Visage et Corps.Approuv\u00e9 par les membres de l\u2019Association Fran\u00e7aise de l\u2019Ecz\u00e9ma.\" \/>\n<meta property=\"og:url\" content=\"https:\/\/paragaleriedetalborjt.com\/en\/boutique\/dermalift-depilift-creme-depigmentante-50-ml\/\" \/>\n<meta property=\"og:site_name\" content=\"paragaleriedetalborjt\" \/>\n<meta property=\"article:modified_time\" content=\"2026-01-03T22:16:26+00:00\" \/>\n<meta property=\"og:image\" content=\"https:\/\/paragaleriedetalborjt.com\/wp-content\/uploads\/2026\/01\/depilift-creme.jpg\" \/>\n\t<meta property=\"og:image:width\" content=\"595\" \/>\n\t<meta property=\"og:image:height\" content=\"655\" \/>\n\t<meta property=\"og:image:type\" content=\"image\/jpeg\" \/>\n<meta name=\"twitter:card\" content=\"summary_large_image\" \/>\n<script type=\"application\/ld+json\" class=\"yoast-schema-graph\">{\"@context\":\"https:\\\/\\\/schema.org\",\"@graph\":[{\"@type\":\"WebPage\",\"@id\":\"https:\\\/\\\/paragaleriedetalborjt.com\\\/boutique\\\/dermalift-depilift-creme-depigmentante-50-ml\\\/\",\"url\":\"https:\\\/\\\/paragaleriedetalborjt.com\\\/boutique\\\/dermalift-depilift-creme-depigmentante-50-ml\\\/\",\"name\":\"Dermalift D\u00e9pilift Cr\u00e8me d\u00e9pigmentante 50 ml - paragaleriedetalborjt\",\"isPartOf\":{\"@id\":\"https:\\\/\\\/paragaleriedetalborjt.com\\\/#website\"},\"primaryImageOfPage\":{\"@id\":\"https:\\\/\\\/paragaleriedetalborjt.com\\\/boutique\\\/dermalift-depilift-creme-depigmentante-50-ml\\\/#primaryimage\"},\"image\":{\"@id\":\"https:\\\/\\\/paragaleriedetalborjt.com\\\/boutique\\\/dermalift-depilift-creme-depigmentante-50-ml\\\/#primaryimage\"},\"thumbnailUrl\":\"https:\\\/\\\/paragaleriedetalborjt.com\\\/wp-content\\\/uploads\\\/2026\\\/01\\\/depilift-creme.jpg\",\"datePublished\":\"2026-01-03T22:16:25+00:00\",\"dateModified\":\"2026-01-03T22:16:26+00:00\",\"breadcrumb\":{\"@id\":\"https:\\\/\\\/paragaleriedetalborjt.com\\\/boutique\\\/dermalift-depilift-creme-depigmentante-50-ml\\\/#breadcrumb\"},\"inLanguage\":\"en-US\",\"potentialAction\":[{\"@type\":\"ReadAction\",\"target\":[\"https:\\\/\\\/paragaleriedetalborjt.com\\\/boutique\\\/dermalift-depilift-creme-depigmentante-50-ml\\\/\"]}]},{\"@type\":\"ImageObject\",\"inLanguage\":\"en-US\",\"@id\":\"https:\\\/\\\/paragaleriedetalborjt.com\\\/boutique\\\/dermalift-depilift-creme-depigmentante-50-ml\\\/#primaryimage\",\"url\":\"https:\\\/\\\/paragaleriedetalborjt.com\\\/wp-content\\\/uploads\\\/2026\\\/01\\\/depilift-creme.jpg\",\"contentUrl\":\"https:\\\/\\\/paragaleriedetalborjt.com\\\/wp-content\\\/uploads\\\/2026\\\/01\\\/depilift-creme.jpg\",\"width\":595,\"height\":655},{\"@type\":\"BreadcrumbList\",\"@id\":\"https:\\\/\\\/paragaleriedetalborjt.com\\\/boutique\\\/dermalift-depilift-creme-depigmentante-50-ml\\\/#breadcrumb\",\"itemListElement\":[{\"@type\":\"ListItem\",\"position\":1,\"name\":\"Accueil\",\"item\":\"https:\\\/\\\/paragaleriedetalborjt.com\\\/\"},{\"@type\":\"ListItem\",\"position\":2,\"name\":\"Boutique\",\"item\":\"https:\\\/\\\/paragaleriedetalborjt.com\\\/boutique\\\/\"},{\"@type\":\"ListItem\",\"position\":3,\"name\":\"Dermalift D\u00e9pilift Cr\u00e8me d\u00e9pigmentante 50 ml\"}]},{\"@type\":\"WebSite\",\"@id\":\"https:\\\/\\\/paragaleriedetalborjt.com\\\/#website\",\"url\":\"https:\\\/\\\/paragaleriedetalborjt.com\\\/\",\"name\":\"paragaleriedetalborjt\",\"description\":\"\",\"potentialAction\":[{\"@type\":\"SearchAction\",\"target\":{\"@type\":\"EntryPoint\",\"urlTemplate\":\"https:\\\/\\\/paragaleriedetalborjt.com\\\/?s={search_term_string}\"},\"query-input\":{\"@type\":\"PropertyValueSpecification\",\"valueRequired\":true,\"valueName\":\"search_term_string\"}}],\"inLanguage\":\"en-US\"}]}<\/script>\n<!-- \/ Yoast SEO plugin. -->","yoast_head_json":{"title":"Dermalift D\u00e9pilift Cr\u00e8me d\u00e9pigmentante 50 ml - paragaleriedetalborjt","robots":{"index":"index","follow":"follow","max-snippet":"max-snippet:-1","max-image-preview":"max-image-preview:large","max-video-preview":"max-video-preview:-1"},"canonical":"https:\/\/paragaleriedetalborjt.com\/en\/boutique\/dermalift-depilift-creme-depigmentante-50-ml\/","og_locale":"en_US","og_type":"article","og_title":"Dermalift D\u00e9pilift Cr\u00e8me d\u00e9pigmentante 50 ml - paragaleriedetalborjt","og_description":"Highlights:Nettoie et hydrate en douceur, aide \u00e0 renforcer la barri\u00e8re protectrice de la peau. Texture cr\u00e9meuse, hydratante et non moussante. Id\u00e9al pour toute la famille.\u2022 Besoin :Nettoyer | Hydrater | Peau normale \u00e0 s\u00e8che | Peau sensible.\u2022 Ingr\u00e9dients Cl\u00e9s :C\u00e9ramides (1, 3 et 6-II) pour prot\u00e9ger et nourrir | Acide Hyaluronique pour maintenir la peau hydrat\u00e9e.\u2022S\u00e9curit\u00e9 :Sans Parfum | Hypoallerg\u00e9nique | Non-Com\u00e9dog\u00e8ne.\u2022 Utilisation :Appliquer sur une peau humide. Rincer \u00e0 l\u2019eau. Visage et Corps.Approuv\u00e9 par les membres de l\u2019Association Fran\u00e7aise de l\u2019Ecz\u00e9ma.","og_url":"https:\/\/paragaleriedetalborjt.com\/en\/boutique\/dermalift-depilift-creme-depigmentante-50-ml\/","og_site_name":"paragaleriedetalborjt","article_modified_time":"2026-01-03T22:16:26+00:00","og_image":[{"width":595,"height":655,"url":"https:\/\/paragaleriedetalborjt.com\/wp-content\/uploads\/2026\/01\/depilift-creme.jpg","type":"image\/jpeg"}],"twitter_card":"summary_large_image","schema":{"@context":"https:\/\/schema.org","@graph":[{"@type":"WebPage","@id":"https:\/\/paragaleriedetalborjt.com\/boutique\/dermalift-depilift-creme-depigmentante-50-ml\/","url":"https:\/\/paragaleriedetalborjt.com\/boutique\/dermalift-depilift-creme-depigmentante-50-ml\/","name":"Dermalift D\u00e9pilift Cr\u00e8me d\u00e9pigmentante 50 ml - paragaleriedetalborjt","isPartOf":{"@id":"https:\/\/paragaleriedetalborjt.com\/#website"},"primaryImageOfPage":{"@id":"https:\/\/paragaleriedetalborjt.com\/boutique\/dermalift-depilift-creme-depigmentante-50-ml\/#primaryimage"},"image":{"@id":"https:\/\/paragaleriedetalborjt.com\/boutique\/dermalift-depilift-creme-depigmentante-50-ml\/#primaryimage"},"thumbnailUrl":"https:\/\/paragaleriedetalborjt.com\/wp-content\/uploads\/2026\/01\/depilift-creme.jpg","datePublished":"2026-01-03T22:16:25+00:00","dateModified":"2026-01-03T22:16:26+00:00","breadcrumb":{"@id":"https:\/\/paragaleriedetalborjt.com\/boutique\/dermalift-depilift-creme-depigmentante-50-ml\/#breadcrumb"},"inLanguage":"en-US","potentialAction":[{"@type":"ReadAction","target":["https:\/\/paragaleriedetalborjt.com\/boutique\/dermalift-depilift-creme-depigmentante-50-ml\/"]}]},{"@type":"ImageObject","inLanguage":"en-US","@id":"https:\/\/paragaleriedetalborjt.com\/boutique\/dermalift-depilift-creme-depigmentante-50-ml\/#primaryimage","url":"https:\/\/paragaleriedetalborjt.com\/wp-content\/uploads\/2026\/01\/depilift-creme.jpg","contentUrl":"https:\/\/paragaleriedetalborjt.com\/wp-content\/uploads\/2026\/01\/depilift-creme.jpg","width":595,"height":655},{"@type":"BreadcrumbList","@id":"https:\/\/paragaleriedetalborjt.com\/boutique\/dermalift-depilift-creme-depigmentante-50-ml\/#breadcrumb","itemListElement":[{"@type":"ListItem","position":1,"name":"Accueil","item":"https:\/\/paragaleriedetalborjt.com\/"},{"@type":"ListItem","position":2,"name":"Boutique","item":"https:\/\/paragaleriedetalborjt.com\/boutique\/"},{"@type":"ListItem","position":3,"name":"Dermalift D\u00e9pilift Cr\u00e8me d\u00e9pigmentante 50 ml"}]},{"@type":"WebSite","@id":"https:\/\/paragaleriedetalborjt.com\/#website","url":"https:\/\/paragaleriedetalborjt.com\/","name":"paragaleriedetalborjt","description":"","potentialAction":[{"@type":"SearchAction","target":{"@type":"EntryPoint","urlTemplate":"https:\/\/paragaleriedetalborjt.com\/?s={search_term_string}"},"query-input":{"@type":"PropertyValueSpecification","valueRequired":true,"valueName":"search_term_string"}}],"inLanguage":"en-US"}]}},"brands":[{"id":1891,"name":"DERMALIFT","slug":"dermalift"}],"_links":{"self":[{"href":"https:\/\/paragaleriedetalborjt.com\/en\/wp-json\/wp\/v2\/product\/44843","targetHints":{"allow":["GET"]}}],"collection":[{"href":"https:\/\/paragaleriedetalborjt.com\/en\/wp-json\/wp\/v2\/product"}],"about":[{"href":"https:\/\/paragaleriedetalborjt.com\/en\/wp-json\/wp\/v2\/types\/product"}],"replies":[{"embeddable":true,"href":"https:\/\/paragaleriedetalborjt.com\/en\/wp-json\/wp\/v2\/comments?post=44843"}],"version-history":[{"count":1,"href":"https:\/\/paragaleriedetalborjt.com\/en\/wp-json\/wp\/v2\/product\/44843\/revisions"}],"predecessor-version":[{"id":44845,"href":"https:\/\/paragaleriedetalborjt.com\/en\/wp-json\/wp\/v2\/product\/44843\/revisions\/44845"}],"wp:featuredmedia":[{"embeddable":true,"href":"https:\/\/paragaleriedetalborjt.com\/en\/wp-json\/wp\/v2\/media\/44844"}],"wp:attachment":[{"href":"https:\/\/paragaleriedetalborjt.com\/en\/wp-json\/wp\/v2\/media?parent=44843"}],"wp:term":[{"taxonomy":"pwb-brand","embeddable":true,"href":"https:\/\/paragaleriedetalborjt.com\/en\/wp-json\/wp\/v2\/pwb-brand?post=44843"},{"taxonomy":"product_cat","embeddable":true,"href":"https:\/\/paragaleriedetalborjt.com\/en\/wp-json\/wp\/v2\/product_cat?post=44843"},{"taxonomy":"product_tag","embeddable":true,"href":"https:\/\/paragaleriedetalborjt.com\/en\/wp-json\/wp\/v2\/product_tag?post=44843"}],"curies":[{"name":"wp","href":"https:\/\/api.w.org\/{rel}","templated":true}]}}