{"id":44828,"date":"2026-01-03T23:15:46","date_gmt":"2026-01-03T22:15:46","guid":{"rendered":"https:\/\/paragaleriedetalborjt.com\/?post_type=product&#038;p=44828"},"modified":"2026-01-03T23:15:46","modified_gmt":"2026-01-03T22:15:46","slug":"dermalift-urea-advanced-creme-mains-75-ml","status":"publish","type":"product","link":"https:\/\/paragaleriedetalborjt.com\/en\/boutique\/dermalift-urea-advanced-creme-mains-75-ml\/","title":{"rendered":"Dermalift Urea advanced Cr\u00e8me Mains 75 ml"},"content":{"rendered":"<div aria-labelledby=\"tab-title-description\" class=\"woocommerce-Tabs-panel woocommerce-Tabs-panel--description panel entry-content wc-tab\" id=\"tab-description\" role=\"tabpanel\" style=\"\">\n<h2>Description<\/h2>\n<p>Cette cr\u00e8me nourrissante et r\u00e9paratrice, nourrit la peau et corrige les taches brunes tout en pr\u00e9venant leur apparition. Dot\u00e9e d\u2019une texture riche et soyeuse, elle laisse un fini velout\u00e9. Souples et douces, les mains retrouvent leur uniformit\u00e9.<\/p>\n<h2 class=\"yikes-custom-woo-tab-title yikes-custom-woo-tab-title-conseil-dutilisation\">Conseil d\u2019utilisation :<\/h2>\n<p>Appliquer quotidiennement sur les mains.Renouveler l\u2019application dans la journ\u00e9e aussi souvent que n\u00e9cessaire.<\/p>\n<\/div>","protected":false},"excerpt":{"rendered":"<p>Highlights:\u2022 R\u00c9PARATION* des mains irrit\u00e9es par le froid, les lavages r\u00e9p\u00e9t\u00e9s et l\u2019application fr\u00e9quente de solution hydroalcoolique. Le Sucralfate, actif original, favorise la r\u00e9paration de l\u2019\u00e9piderme.\u2022 APAISEMENT des irritations, sensations de br\u00fblure et tiraillements. Riche en Eau thermale d\u2019Av\u00e8ne, Cicalfate MAINS Cr\u00e8me r\u00e9paratrice isolante apaise rapidement les \u00e9pidermes fragilis\u00e9s.\u2022 ASSAINISSEMENT des ger\u00e7ures et irritations, gr\u00e2ce \u00e0 des agents antibact\u00e9riens, sulfates de cuivre et de zinc, qui limitent le risque de prolif\u00e9ration bact\u00e9rienne. Sans parfum, Cicalfate MAINS Cr\u00e8me r\u00e9paratrice isolante s\u2019applique et p\u00e9n\u00e8tre en un instant.<\/p>","protected":false},"featured_media":44829,"comment_status":"open","ping_status":"closed","template":"","meta":[],"pwb-brand":[1891],"product_cat":[16],"product_tag":[],"class_list":{"0":"post-44828","1":"product","2":"type-product","3":"status-publish","4":"has-post-thumbnail","6":"pwb-brand-dermalift","7":"product_cat-non-classe","8":"pa_brands-dermalift","10":"first","11":"instock","12":"sale","13":"shipping-taxable","14":"purchasable","15":"product-type-simple"},"yoast_head":"<!-- This site is optimized with the Yoast SEO plugin v27.5 - https:\/\/yoast.com\/product\/yoast-seo-wordpress\/ -->\n<title>Dermalift Urea advanced Cr\u00e8me Mains 75 ml - paragaleriedetalborjt<\/title>\n<meta name=\"robots\" content=\"index, follow, max-snippet:-1, max-image-preview:large, max-video-preview:-1\" \/>\n<link rel=\"canonical\" href=\"https:\/\/paragaleriedetalborjt.com\/en\/boutique\/dermalift-urea-advanced-creme-mains-75-ml\/\" \/>\n<meta property=\"og:locale\" content=\"en_US\" \/>\n<meta property=\"og:type\" content=\"article\" \/>\n<meta property=\"og:title\" content=\"Dermalift Urea advanced Cr\u00e8me Mains 75 ml - paragaleriedetalborjt\" \/>\n<meta property=\"og:description\" content=\"Highlights:\u2022 R\u00c9PARATION* des mains irrit\u00e9es par le froid, les lavages r\u00e9p\u00e9t\u00e9s et l\u2019application fr\u00e9quente de solution hydroalcoolique. Le Sucralfate, actif original, favorise la r\u00e9paration de l\u2019\u00e9piderme.\u2022 APAISEMENT des irritations, sensations de br\u00fblure et tiraillements. Riche en Eau thermale d\u2019Av\u00e8ne, Cicalfate MAINS Cr\u00e8me r\u00e9paratrice isolante apaise rapidement les \u00e9pidermes fragilis\u00e9s.\u2022 ASSAINISSEMENT des ger\u00e7ures et irritations, gr\u00e2ce \u00e0 des agents antibact\u00e9riens, sulfates de cuivre et de zinc, qui limitent le risque de prolif\u00e9ration bact\u00e9rienne. Sans parfum, Cicalfate MAINS Cr\u00e8me r\u00e9paratrice isolante s\u2019applique et p\u00e9n\u00e8tre en un instant.\" \/>\n<meta property=\"og:url\" content=\"https:\/\/paragaleriedetalborjt.com\/en\/boutique\/dermalift-urea-advanced-creme-mains-75-ml\/\" \/>\n<meta property=\"og:site_name\" content=\"paragaleriedetalborjt\" \/>\n<meta property=\"og:image\" content=\"https:\/\/paragaleriedetalborjt.com\/wp-content\/uploads\/2026\/01\/dermalif-urea.jpg\" \/>\n\t<meta property=\"og:image:width\" content=\"595\" \/>\n\t<meta property=\"og:image:height\" content=\"655\" \/>\n\t<meta property=\"og:image:type\" content=\"image\/jpeg\" \/>\n<meta name=\"twitter:card\" content=\"summary_large_image\" \/>\n<script type=\"application\/ld+json\" class=\"yoast-schema-graph\">{\"@context\":\"https:\\\/\\\/schema.org\",\"@graph\":[{\"@type\":\"WebPage\",\"@id\":\"https:\\\/\\\/paragaleriedetalborjt.com\\\/boutique\\\/dermalift-urea-advanced-creme-mains-75-ml\\\/\",\"url\":\"https:\\\/\\\/paragaleriedetalborjt.com\\\/boutique\\\/dermalift-urea-advanced-creme-mains-75-ml\\\/\",\"name\":\"Dermalift Urea advanced Cr\u00e8me Mains 75 ml - paragaleriedetalborjt\",\"isPartOf\":{\"@id\":\"https:\\\/\\\/paragaleriedetalborjt.com\\\/#website\"},\"primaryImageOfPage\":{\"@id\":\"https:\\\/\\\/paragaleriedetalborjt.com\\\/boutique\\\/dermalift-urea-advanced-creme-mains-75-ml\\\/#primaryimage\"},\"image\":{\"@id\":\"https:\\\/\\\/paragaleriedetalborjt.com\\\/boutique\\\/dermalift-urea-advanced-creme-mains-75-ml\\\/#primaryimage\"},\"thumbnailUrl\":\"https:\\\/\\\/paragaleriedetalborjt.com\\\/wp-content\\\/uploads\\\/2026\\\/01\\\/dermalif-urea.jpg\",\"datePublished\":\"2026-01-03T22:15:46+00:00\",\"breadcrumb\":{\"@id\":\"https:\\\/\\\/paragaleriedetalborjt.com\\\/boutique\\\/dermalift-urea-advanced-creme-mains-75-ml\\\/#breadcrumb\"},\"inLanguage\":\"en-US\",\"potentialAction\":[{\"@type\":\"ReadAction\",\"target\":[\"https:\\\/\\\/paragaleriedetalborjt.com\\\/boutique\\\/dermalift-urea-advanced-creme-mains-75-ml\\\/\"]}]},{\"@type\":\"ImageObject\",\"inLanguage\":\"en-US\",\"@id\":\"https:\\\/\\\/paragaleriedetalborjt.com\\\/boutique\\\/dermalift-urea-advanced-creme-mains-75-ml\\\/#primaryimage\",\"url\":\"https:\\\/\\\/paragaleriedetalborjt.com\\\/wp-content\\\/uploads\\\/2026\\\/01\\\/dermalif-urea.jpg\",\"contentUrl\":\"https:\\\/\\\/paragaleriedetalborjt.com\\\/wp-content\\\/uploads\\\/2026\\\/01\\\/dermalif-urea.jpg\",\"width\":595,\"height\":655},{\"@type\":\"BreadcrumbList\",\"@id\":\"https:\\\/\\\/paragaleriedetalborjt.com\\\/boutique\\\/dermalift-urea-advanced-creme-mains-75-ml\\\/#breadcrumb\",\"itemListElement\":[{\"@type\":\"ListItem\",\"position\":1,\"name\":\"Accueil\",\"item\":\"https:\\\/\\\/paragaleriedetalborjt.com\\\/\"},{\"@type\":\"ListItem\",\"position\":2,\"name\":\"Boutique\",\"item\":\"https:\\\/\\\/paragaleriedetalborjt.com\\\/boutique\\\/\"},{\"@type\":\"ListItem\",\"position\":3,\"name\":\"Dermalift Urea advanced Cr\u00e8me Mains 75 ml\"}]},{\"@type\":\"WebSite\",\"@id\":\"https:\\\/\\\/paragaleriedetalborjt.com\\\/#website\",\"url\":\"https:\\\/\\\/paragaleriedetalborjt.com\\\/\",\"name\":\"paragaleriedetalborjt\",\"description\":\"\",\"potentialAction\":[{\"@type\":\"SearchAction\",\"target\":{\"@type\":\"EntryPoint\",\"urlTemplate\":\"https:\\\/\\\/paragaleriedetalborjt.com\\\/?s={search_term_string}\"},\"query-input\":{\"@type\":\"PropertyValueSpecification\",\"valueRequired\":true,\"valueName\":\"search_term_string\"}}],\"inLanguage\":\"en-US\"}]}<\/script>\n<!-- \/ Yoast SEO plugin. -->","yoast_head_json":{"title":"Dermalift Urea advanced Cr\u00e8me Mains 75 ml - paragaleriedetalborjt","robots":{"index":"index","follow":"follow","max-snippet":"max-snippet:-1","max-image-preview":"max-image-preview:large","max-video-preview":"max-video-preview:-1"},"canonical":"https:\/\/paragaleriedetalborjt.com\/en\/boutique\/dermalift-urea-advanced-creme-mains-75-ml\/","og_locale":"en_US","og_type":"article","og_title":"Dermalift Urea advanced Cr\u00e8me Mains 75 ml - paragaleriedetalborjt","og_description":"Highlights:\u2022 R\u00c9PARATION* des mains irrit\u00e9es par le froid, les lavages r\u00e9p\u00e9t\u00e9s et l\u2019application fr\u00e9quente de solution hydroalcoolique. Le Sucralfate, actif original, favorise la r\u00e9paration de l\u2019\u00e9piderme.\u2022 APAISEMENT des irritations, sensations de br\u00fblure et tiraillements. Riche en Eau thermale d\u2019Av\u00e8ne, Cicalfate MAINS Cr\u00e8me r\u00e9paratrice isolante apaise rapidement les \u00e9pidermes fragilis\u00e9s.\u2022 ASSAINISSEMENT des ger\u00e7ures et irritations, gr\u00e2ce \u00e0 des agents antibact\u00e9riens, sulfates de cuivre et de zinc, qui limitent le risque de prolif\u00e9ration bact\u00e9rienne. Sans parfum, Cicalfate MAINS Cr\u00e8me r\u00e9paratrice isolante s\u2019applique et p\u00e9n\u00e8tre en un instant.","og_url":"https:\/\/paragaleriedetalborjt.com\/en\/boutique\/dermalift-urea-advanced-creme-mains-75-ml\/","og_site_name":"paragaleriedetalborjt","og_image":[{"width":595,"height":655,"url":"https:\/\/paragaleriedetalborjt.com\/wp-content\/uploads\/2026\/01\/dermalif-urea.jpg","type":"image\/jpeg"}],"twitter_card":"summary_large_image","schema":{"@context":"https:\/\/schema.org","@graph":[{"@type":"WebPage","@id":"https:\/\/paragaleriedetalborjt.com\/boutique\/dermalift-urea-advanced-creme-mains-75-ml\/","url":"https:\/\/paragaleriedetalborjt.com\/boutique\/dermalift-urea-advanced-creme-mains-75-ml\/","name":"Dermalift Urea advanced Cr\u00e8me Mains 75 ml - paragaleriedetalborjt","isPartOf":{"@id":"https:\/\/paragaleriedetalborjt.com\/#website"},"primaryImageOfPage":{"@id":"https:\/\/paragaleriedetalborjt.com\/boutique\/dermalift-urea-advanced-creme-mains-75-ml\/#primaryimage"},"image":{"@id":"https:\/\/paragaleriedetalborjt.com\/boutique\/dermalift-urea-advanced-creme-mains-75-ml\/#primaryimage"},"thumbnailUrl":"https:\/\/paragaleriedetalborjt.com\/wp-content\/uploads\/2026\/01\/dermalif-urea.jpg","datePublished":"2026-01-03T22:15:46+00:00","breadcrumb":{"@id":"https:\/\/paragaleriedetalborjt.com\/boutique\/dermalift-urea-advanced-creme-mains-75-ml\/#breadcrumb"},"inLanguage":"en-US","potentialAction":[{"@type":"ReadAction","target":["https:\/\/paragaleriedetalborjt.com\/boutique\/dermalift-urea-advanced-creme-mains-75-ml\/"]}]},{"@type":"ImageObject","inLanguage":"en-US","@id":"https:\/\/paragaleriedetalborjt.com\/boutique\/dermalift-urea-advanced-creme-mains-75-ml\/#primaryimage","url":"https:\/\/paragaleriedetalborjt.com\/wp-content\/uploads\/2026\/01\/dermalif-urea.jpg","contentUrl":"https:\/\/paragaleriedetalborjt.com\/wp-content\/uploads\/2026\/01\/dermalif-urea.jpg","width":595,"height":655},{"@type":"BreadcrumbList","@id":"https:\/\/paragaleriedetalborjt.com\/boutique\/dermalift-urea-advanced-creme-mains-75-ml\/#breadcrumb","itemListElement":[{"@type":"ListItem","position":1,"name":"Accueil","item":"https:\/\/paragaleriedetalborjt.com\/"},{"@type":"ListItem","position":2,"name":"Boutique","item":"https:\/\/paragaleriedetalborjt.com\/boutique\/"},{"@type":"ListItem","position":3,"name":"Dermalift Urea advanced Cr\u00e8me Mains 75 ml"}]},{"@type":"WebSite","@id":"https:\/\/paragaleriedetalborjt.com\/#website","url":"https:\/\/paragaleriedetalborjt.com\/","name":"paragaleriedetalborjt","description":"","potentialAction":[{"@type":"SearchAction","target":{"@type":"EntryPoint","urlTemplate":"https:\/\/paragaleriedetalborjt.com\/?s={search_term_string}"},"query-input":{"@type":"PropertyValueSpecification","valueRequired":true,"valueName":"search_term_string"}}],"inLanguage":"en-US"}]}},"brands":[{"id":1891,"name":"DERMALIFT","slug":"dermalift"}],"_links":{"self":[{"href":"https:\/\/paragaleriedetalborjt.com\/en\/wp-json\/wp\/v2\/product\/44828","targetHints":{"allow":["GET"]}}],"collection":[{"href":"https:\/\/paragaleriedetalborjt.com\/en\/wp-json\/wp\/v2\/product"}],"about":[{"href":"https:\/\/paragaleriedetalborjt.com\/en\/wp-json\/wp\/v2\/types\/product"}],"replies":[{"embeddable":true,"href":"https:\/\/paragaleriedetalborjt.com\/en\/wp-json\/wp\/v2\/comments?post=44828"}],"version-history":[{"count":1,"href":"https:\/\/paragaleriedetalborjt.com\/en\/wp-json\/wp\/v2\/product\/44828\/revisions"}],"predecessor-version":[{"id":44830,"href":"https:\/\/paragaleriedetalborjt.com\/en\/wp-json\/wp\/v2\/product\/44828\/revisions\/44830"}],"wp:featuredmedia":[{"embeddable":true,"href":"https:\/\/paragaleriedetalborjt.com\/en\/wp-json\/wp\/v2\/media\/44829"}],"wp:attachment":[{"href":"https:\/\/paragaleriedetalborjt.com\/en\/wp-json\/wp\/v2\/media?parent=44828"}],"wp:term":[{"taxonomy":"pwb-brand","embeddable":true,"href":"https:\/\/paragaleriedetalborjt.com\/en\/wp-json\/wp\/v2\/pwb-brand?post=44828"},{"taxonomy":"product_cat","embeddable":true,"href":"https:\/\/paragaleriedetalborjt.com\/en\/wp-json\/wp\/v2\/product_cat?post=44828"},{"taxonomy":"product_tag","embeddable":true,"href":"https:\/\/paragaleriedetalborjt.com\/en\/wp-json\/wp\/v2\/product_tag?post=44828"}],"curies":[{"name":"wp","href":"https:\/\/api.w.org\/{rel}","templated":true}]}}