{"id":44762,"date":"2026-01-03T23:13:00","date_gmt":"2026-01-03T22:13:00","guid":{"rendered":"https:\/\/paragaleriedetalborjt.com\/?post_type=product&#038;p=44762"},"modified":"2026-01-03T23:13:00","modified_gmt":"2026-01-03T22:13:00","slug":"the-cure-masque-collagen-24g","status":"publish","type":"product","link":"https:\/\/paragaleriedetalborjt.com\/en\/boutique\/the-cure-masque-collagen-24g\/","title":{"rendered":"The Cure Masque collagen 24g"},"content":{"rendered":"<div aria-labelledby=\"tab-title-description\" class=\"woocommerce-Tabs-panel woocommerce-Tabs-panel--description panel entry-content wc-tab\" id=\"tab-description\" role=\"tabpanel\" style=\"\">\n<h2>Description<\/h2>\n<div class=\"more-info\">\n<div class=\"tab-content\" id=\"tab-content\">\n<div class=\"tab-pane fade in active\" id=\"description\">\n<div class=\"product-description tab-pane-inner rte\">\n<p>COLLAGEN : Anti-\u00e2ge \/ lissant \/ Hydratant<\/p>\n<p>Avec le temps, notre peau perd en souplesse et en \u00e9lasticit\u00e9, c\u2019est donc en ce moment que les rides font leur apparition.Le collag\u00e8ne, est une prot\u00e9ine utilis\u00e9e comme substance de remplissage des rides.<\/p>\n<p>Le collag\u00e8ne favorise la r\u00e9g\u00e9n\u00e9rescence des tissus de la peau et permet surtout de ralentir son processus naturel devieillissement.<\/p>\n<p>\u00a0<\/p>\n<p><strong>Mode d\u2019emploi :<\/strong><\/p>\n<p>\u00a0<\/p>\n<p>Pour accro\u00eetre l\u2019efficacit\u00e9 du masque, Il faut:<\/p>\n<p>1. Appliquer un toner ( hydratant) r\u00e9guli\u00e8rement pour apaiser la peau avant d\u2019utiliser le<\/p>\n<p>masque.<\/p>\n<p>2. D\u00e9plier le masque, le fixer en douceur et l\u2019adapter au contour du visage.<\/p>\n<p>3. Laisser le masque poser entre 20 \u00e0 30 minute minimum, puis le retirer.<\/p>\n<p>4. Masser doucement le visage jusqu\u2019\u00e0 ce que toute l\u2019essence restante est absorb\u00e9e.<\/p>\n<p>\u00a0<\/p>\n<p>Utiliser imm\u00e9diatement apr\u00e8s l\u2019ouverture. Une seule utilisation seulement.<\/p>\n<p>2 \u00e0 3 fois par semaine<\/p>\n<\/div>\n<\/div>\n<\/div>\n<\/div>\n<div class=\"none-in-tabs category-products\"><\/div>\n<\/div>","protected":false},"excerpt":{"rendered":"<p>Highlights:Masque Anti-\u00e2ge \/ lissant \/ Hydratant<\/p>","protected":false},"featured_media":44763,"comment_status":"open","ping_status":"closed","template":"","meta":[],"pwb-brand":[2206],"product_cat":[16],"product_tag":[],"class_list":{"0":"post-44762","1":"product","2":"type-product","3":"status-publish","4":"has-post-thumbnail","6":"pwb-brand-the-cure","7":"product_cat-non-classe","8":"pa_brands-the-cure","10":"first","11":"instock","12":"sale","13":"shipping-taxable","14":"purchasable","15":"product-type-simple"},"yoast_head":"<!-- This site is optimized with the Yoast SEO plugin v26.9 - https:\/\/yoast.com\/product\/yoast-seo-wordpress\/ -->\n<title>The Cure Masque collagen 24g - paragaleriedetalborjt<\/title>\n<meta name=\"robots\" content=\"index, follow, max-snippet:-1, max-image-preview:large, max-video-preview:-1\" \/>\n<link rel=\"canonical\" href=\"https:\/\/paragaleriedetalborjt.com\/en\/boutique\/the-cure-masque-collagen-24g\/\" \/>\n<meta property=\"og:locale\" content=\"en_US\" \/>\n<meta property=\"og:type\" content=\"article\" \/>\n<meta property=\"og:title\" content=\"The Cure Masque collagen 24g - paragaleriedetalborjt\" \/>\n<meta property=\"og:description\" content=\"Highlights:Masque Anti-\u00e2ge \/ lissant \/ Hydratant\" \/>\n<meta property=\"og:url\" content=\"https:\/\/paragaleriedetalborjt.com\/en\/boutique\/the-cure-masque-collagen-24g\/\" \/>\n<meta property=\"og:site_name\" content=\"paragaleriedetalborjt\" \/>\n<meta property=\"og:image\" content=\"https:\/\/paragaleriedetalborjt.com\/wp-content\/uploads\/2026\/01\/the-cure-collagen-essence-masque-.jpg\" \/>\n\t<meta property=\"og:image:width\" content=\"430\" \/>\n\t<meta property=\"og:image:height\" content=\"528\" \/>\n\t<meta property=\"og:image:type\" content=\"image\/jpeg\" \/>\n<meta name=\"twitter:card\" content=\"summary_large_image\" \/>\n<meta name=\"twitter:label1\" content=\"Est. reading time\" \/>\n\t<meta name=\"twitter:data1\" content=\"1 minute\" \/>\n<script type=\"application\/ld+json\" class=\"yoast-schema-graph\">{\"@context\":\"https:\/\/schema.org\",\"@graph\":[{\"@type\":\"WebPage\",\"@id\":\"https:\/\/paragaleriedetalborjt.com\/boutique\/the-cure-masque-collagen-24g\/\",\"url\":\"https:\/\/paragaleriedetalborjt.com\/boutique\/the-cure-masque-collagen-24g\/\",\"name\":\"The Cure Masque collagen 24g - paragaleriedetalborjt\",\"isPartOf\":{\"@id\":\"https:\/\/paragaleriedetalborjt.com\/#website\"},\"primaryImageOfPage\":{\"@id\":\"https:\/\/paragaleriedetalborjt.com\/boutique\/the-cure-masque-collagen-24g\/#primaryimage\"},\"image\":{\"@id\":\"https:\/\/paragaleriedetalborjt.com\/boutique\/the-cure-masque-collagen-24g\/#primaryimage\"},\"thumbnailUrl\":\"https:\/\/paragaleriedetalborjt.com\/wp-content\/uploads\/2026\/01\/the-cure-collagen-essence-masque-.jpg\",\"datePublished\":\"2026-01-03T22:13:00+00:00\",\"breadcrumb\":{\"@id\":\"https:\/\/paragaleriedetalborjt.com\/boutique\/the-cure-masque-collagen-24g\/#breadcrumb\"},\"inLanguage\":\"en-US\",\"potentialAction\":[{\"@type\":\"ReadAction\",\"target\":[\"https:\/\/paragaleriedetalborjt.com\/boutique\/the-cure-masque-collagen-24g\/\"]}]},{\"@type\":\"ImageObject\",\"inLanguage\":\"en-US\",\"@id\":\"https:\/\/paragaleriedetalborjt.com\/boutique\/the-cure-masque-collagen-24g\/#primaryimage\",\"url\":\"https:\/\/paragaleriedetalborjt.com\/wp-content\/uploads\/2026\/01\/the-cure-collagen-essence-masque-.jpg\",\"contentUrl\":\"https:\/\/paragaleriedetalborjt.com\/wp-content\/uploads\/2026\/01\/the-cure-collagen-essence-masque-.jpg\",\"width\":430,\"height\":528},{\"@type\":\"BreadcrumbList\",\"@id\":\"https:\/\/paragaleriedetalborjt.com\/boutique\/the-cure-masque-collagen-24g\/#breadcrumb\",\"itemListElement\":[{\"@type\":\"ListItem\",\"position\":1,\"name\":\"Accueil\",\"item\":\"https:\/\/paragaleriedetalborjt.com\/\"},{\"@type\":\"ListItem\",\"position\":2,\"name\":\"Boutique\",\"item\":\"https:\/\/paragaleriedetalborjt.com\/boutique\/\"},{\"@type\":\"ListItem\",\"position\":3,\"name\":\"The Cure Masque collagen 24g\"}]},{\"@type\":\"WebSite\",\"@id\":\"https:\/\/paragaleriedetalborjt.com\/#website\",\"url\":\"https:\/\/paragaleriedetalborjt.com\/\",\"name\":\"paragaleriedetalborjt\",\"description\":\"\",\"potentialAction\":[{\"@type\":\"SearchAction\",\"target\":{\"@type\":\"EntryPoint\",\"urlTemplate\":\"https:\/\/paragaleriedetalborjt.com\/?s={search_term_string}\"},\"query-input\":{\"@type\":\"PropertyValueSpecification\",\"valueRequired\":true,\"valueName\":\"search_term_string\"}}],\"inLanguage\":\"en-US\"}]}<\/script>\n<!-- \/ Yoast SEO plugin. -->","yoast_head_json":{"title":"The Cure Masque collagen 24g - paragaleriedetalborjt","robots":{"index":"index","follow":"follow","max-snippet":"max-snippet:-1","max-image-preview":"max-image-preview:large","max-video-preview":"max-video-preview:-1"},"canonical":"https:\/\/paragaleriedetalborjt.com\/en\/boutique\/the-cure-masque-collagen-24g\/","og_locale":"en_US","og_type":"article","og_title":"The Cure Masque collagen 24g - paragaleriedetalborjt","og_description":"Highlights:Masque Anti-\u00e2ge \/ lissant \/ Hydratant","og_url":"https:\/\/paragaleriedetalborjt.com\/en\/boutique\/the-cure-masque-collagen-24g\/","og_site_name":"paragaleriedetalborjt","og_image":[{"width":430,"height":528,"url":"https:\/\/paragaleriedetalborjt.com\/wp-content\/uploads\/2026\/01\/the-cure-collagen-essence-masque-.jpg","type":"image\/jpeg"}],"twitter_card":"summary_large_image","twitter_misc":{"Est. reading time":"1 minute"},"schema":{"@context":"https:\/\/schema.org","@graph":[{"@type":"WebPage","@id":"https:\/\/paragaleriedetalborjt.com\/boutique\/the-cure-masque-collagen-24g\/","url":"https:\/\/paragaleriedetalborjt.com\/boutique\/the-cure-masque-collagen-24g\/","name":"The Cure Masque collagen 24g - paragaleriedetalborjt","isPartOf":{"@id":"https:\/\/paragaleriedetalborjt.com\/#website"},"primaryImageOfPage":{"@id":"https:\/\/paragaleriedetalborjt.com\/boutique\/the-cure-masque-collagen-24g\/#primaryimage"},"image":{"@id":"https:\/\/paragaleriedetalborjt.com\/boutique\/the-cure-masque-collagen-24g\/#primaryimage"},"thumbnailUrl":"https:\/\/paragaleriedetalborjt.com\/wp-content\/uploads\/2026\/01\/the-cure-collagen-essence-masque-.jpg","datePublished":"2026-01-03T22:13:00+00:00","breadcrumb":{"@id":"https:\/\/paragaleriedetalborjt.com\/boutique\/the-cure-masque-collagen-24g\/#breadcrumb"},"inLanguage":"en-US","potentialAction":[{"@type":"ReadAction","target":["https:\/\/paragaleriedetalborjt.com\/boutique\/the-cure-masque-collagen-24g\/"]}]},{"@type":"ImageObject","inLanguage":"en-US","@id":"https:\/\/paragaleriedetalborjt.com\/boutique\/the-cure-masque-collagen-24g\/#primaryimage","url":"https:\/\/paragaleriedetalborjt.com\/wp-content\/uploads\/2026\/01\/the-cure-collagen-essence-masque-.jpg","contentUrl":"https:\/\/paragaleriedetalborjt.com\/wp-content\/uploads\/2026\/01\/the-cure-collagen-essence-masque-.jpg","width":430,"height":528},{"@type":"BreadcrumbList","@id":"https:\/\/paragaleriedetalborjt.com\/boutique\/the-cure-masque-collagen-24g\/#breadcrumb","itemListElement":[{"@type":"ListItem","position":1,"name":"Accueil","item":"https:\/\/paragaleriedetalborjt.com\/"},{"@type":"ListItem","position":2,"name":"Boutique","item":"https:\/\/paragaleriedetalborjt.com\/boutique\/"},{"@type":"ListItem","position":3,"name":"The Cure Masque collagen 24g"}]},{"@type":"WebSite","@id":"https:\/\/paragaleriedetalborjt.com\/#website","url":"https:\/\/paragaleriedetalborjt.com\/","name":"paragaleriedetalborjt","description":"","potentialAction":[{"@type":"SearchAction","target":{"@type":"EntryPoint","urlTemplate":"https:\/\/paragaleriedetalborjt.com\/?s={search_term_string}"},"query-input":{"@type":"PropertyValueSpecification","valueRequired":true,"valueName":"search_term_string"}}],"inLanguage":"en-US"}]}},"brands":[{"id":2206,"name":"THE CURE","slug":"the-cure"}],"_links":{"self":[{"href":"https:\/\/paragaleriedetalborjt.com\/en\/wp-json\/wp\/v2\/product\/44762","targetHints":{"allow":["GET"]}}],"collection":[{"href":"https:\/\/paragaleriedetalborjt.com\/en\/wp-json\/wp\/v2\/product"}],"about":[{"href":"https:\/\/paragaleriedetalborjt.com\/en\/wp-json\/wp\/v2\/types\/product"}],"replies":[{"embeddable":true,"href":"https:\/\/paragaleriedetalborjt.com\/en\/wp-json\/wp\/v2\/comments?post=44762"}],"version-history":[{"count":1,"href":"https:\/\/paragaleriedetalborjt.com\/en\/wp-json\/wp\/v2\/product\/44762\/revisions"}],"predecessor-version":[{"id":44764,"href":"https:\/\/paragaleriedetalborjt.com\/en\/wp-json\/wp\/v2\/product\/44762\/revisions\/44764"}],"wp:featuredmedia":[{"embeddable":true,"href":"https:\/\/paragaleriedetalborjt.com\/en\/wp-json\/wp\/v2\/media\/44763"}],"wp:attachment":[{"href":"https:\/\/paragaleriedetalborjt.com\/en\/wp-json\/wp\/v2\/media?parent=44762"}],"wp:term":[{"taxonomy":"pwb-brand","embeddable":true,"href":"https:\/\/paragaleriedetalborjt.com\/en\/wp-json\/wp\/v2\/pwb-brand?post=44762"},{"taxonomy":"product_cat","embeddable":true,"href":"https:\/\/paragaleriedetalborjt.com\/en\/wp-json\/wp\/v2\/product_cat?post=44762"},{"taxonomy":"product_tag","embeddable":true,"href":"https:\/\/paragaleriedetalborjt.com\/en\/wp-json\/wp\/v2\/product_tag?post=44762"}],"curies":[{"name":"wp","href":"https:\/\/api.w.org\/{rel}","templated":true}]}}