{"id":44666,"date":"2026-01-03T23:08:49","date_gmt":"2026-01-03T22:08:49","guid":{"rendered":"https:\/\/paragaleriedetalborjt.com\/?post_type=product&#038;p=44666"},"modified":"2026-01-03T23:08:49","modified_gmt":"2026-01-03T22:08:49","slug":"skarflex-s-creme-cicatrisante","status":"publish","type":"product","link":"https:\/\/paragaleriedetalborjt.com\/en\/boutique\/skarflex-s-creme-cicatrisante\/","title":{"rendered":"Skarflex-S Creme Cicatrisante"},"content":{"rendered":"<div aria-labelledby=\"tab-title-description\" class=\"woocommerce-Tabs-panel woocommerce-Tabs-panel--description panel entry-content wc-tab\" id=\"tab-description\" role=\"tabpanel\" style=\"\">\n<h2>Description<\/h2>\n<p>\u00a0<\/p>\n<p>\u00a0<\/p>\n<p><strong>Traitement de Cicatrices.<\/strong><\/p>\n<p>Pentamedical\u00a0SKARFLEX est le Traitement id\u00e9al pour toute sorte de cicatrices.<\/p>\n<p>Cicatrices r\u00e9sultantes de boutons d\u2019acn\u00e9, de br\u00fblures\u2026.<\/p>\n<p>\u00a0<\/p>\n<p><span id=\"tran1\"><span class=\"transpan\"><strong>Propri\u00e9t\u00e9s:<\/strong><\/span><\/span><\/p>\n<p>creme cosm\u00e9tique pour le traitement de cicatrices hyperttrophiques, cicatrices cheloides, de traces d\u2019acn\u00e9 cicatriciel, cicatrices resultantes de br\u00fblures\u2026<\/p>\n<p>Traitement de toutes cicatrices en g\u00e9n\u00e9rale.<\/p>\n<p><span class=\"transpan\"><br id=\"tran2\"\/><strong><span id=\"tran7\">Conseils d\u2019utilisation:<\/span><\/strong><\/span><span class=\"transpan\"><br \/>\n<\/span><\/p>\n<p>Appliquer\u00a0le produit sur les surfaces \u00e0 traiter, en massant d\u00e9licatement, pour permettre une penetration optimale dans la peau.<\/p>\n<p>Renouveler l\u2019application de 3 \u00e0 4 fois par jour, ou selon la pr\u00e9scription m\u00e9dicale.<\/p>\n<p>\u00a0<\/p>\n<p><strong>Pr\u00e9cautions d\u2019emploi:<\/strong><\/p>\n<p>Ne pas appliquer sur plaies ouvertes ou peau sanglante.<\/p>\n<p>Ne pas avaler, \u00e9viter le contact avec les yeux.<\/p>\n<\/div>","protected":false},"excerpt":{"rendered":"<p>Highlights:Skarflex-S est une cr\u00e8me cicatrisante contenant la silicone reconnue pour son action tr\u00e8s efficace pour assurer une cicatrisation saine et parfaite.<\/p>","protected":false},"featured_media":44667,"comment_status":"open","ping_status":"closed","template":"","meta":[],"pwb-brand":[2196],"product_cat":[16],"product_tag":[],"class_list":{"0":"post-44666","1":"product","2":"type-product","3":"status-publish","4":"has-post-thumbnail","6":"pwb-brand-skarflex-s","7":"product_cat-non-classe","8":"pa_brands-skarflex-s","10":"first","11":"instock","12":"sale","13":"shipping-taxable","14":"purchasable","15":"product-type-simple"},"yoast_head":"<!-- This site is optimized with the Yoast SEO plugin v27.5 - https:\/\/yoast.com\/product\/yoast-seo-wordpress\/ -->\n<title>Skarflex-S Creme Cicatrisante - paragaleriedetalborjt<\/title>\n<meta name=\"robots\" content=\"index, follow, max-snippet:-1, max-image-preview:large, max-video-preview:-1\" \/>\n<link rel=\"canonical\" href=\"https:\/\/paragaleriedetalborjt.com\/en\/boutique\/skarflex-s-creme-cicatrisante\/\" \/>\n<meta property=\"og:locale\" content=\"en_US\" \/>\n<meta property=\"og:type\" content=\"article\" \/>\n<meta property=\"og:title\" content=\"Skarflex-S Creme Cicatrisante - paragaleriedetalborjt\" \/>\n<meta property=\"og:description\" content=\"Highlights:Skarflex-S est une cr\u00e8me cicatrisante contenant la silicone reconnue pour son action tr\u00e8s efficace pour assurer une cicatrisation saine et parfaite.\" \/>\n<meta property=\"og:url\" content=\"https:\/\/paragaleriedetalborjt.com\/en\/boutique\/skarflex-s-creme-cicatrisante\/\" \/>\n<meta property=\"og:site_name\" content=\"paragaleriedetalborjt\" \/>\n<meta property=\"og:image\" content=\"https:\/\/paragaleriedetalborjt.com\/wp-content\/uploads\/2026\/01\/skarflex-gel-reparateur-30ml-1-1.jpg\" \/>\n\t<meta property=\"og:image:width\" content=\"453\" \/>\n\t<meta property=\"og:image:height\" content=\"453\" \/>\n\t<meta property=\"og:image:type\" content=\"image\/jpeg\" \/>\n<meta name=\"twitter:card\" content=\"summary_large_image\" \/>\n<meta name=\"twitter:label1\" content=\"Est. reading time\" \/>\n\t<meta name=\"twitter:data1\" content=\"1 minute\" \/>\n<script type=\"application\/ld+json\" class=\"yoast-schema-graph\">{\"@context\":\"https:\\\/\\\/schema.org\",\"@graph\":[{\"@type\":\"WebPage\",\"@id\":\"https:\\\/\\\/paragaleriedetalborjt.com\\\/boutique\\\/skarflex-s-creme-cicatrisante\\\/\",\"url\":\"https:\\\/\\\/paragaleriedetalborjt.com\\\/boutique\\\/skarflex-s-creme-cicatrisante\\\/\",\"name\":\"Skarflex-S Creme Cicatrisante - paragaleriedetalborjt\",\"isPartOf\":{\"@id\":\"https:\\\/\\\/paragaleriedetalborjt.com\\\/#website\"},\"primaryImageOfPage\":{\"@id\":\"https:\\\/\\\/paragaleriedetalborjt.com\\\/boutique\\\/skarflex-s-creme-cicatrisante\\\/#primaryimage\"},\"image\":{\"@id\":\"https:\\\/\\\/paragaleriedetalborjt.com\\\/boutique\\\/skarflex-s-creme-cicatrisante\\\/#primaryimage\"},\"thumbnailUrl\":\"https:\\\/\\\/paragaleriedetalborjt.com\\\/wp-content\\\/uploads\\\/2026\\\/01\\\/skarflex-gel-reparateur-30ml-1-1.jpg\",\"datePublished\":\"2026-01-03T22:08:49+00:00\",\"breadcrumb\":{\"@id\":\"https:\\\/\\\/paragaleriedetalborjt.com\\\/boutique\\\/skarflex-s-creme-cicatrisante\\\/#breadcrumb\"},\"inLanguage\":\"en-US\",\"potentialAction\":[{\"@type\":\"ReadAction\",\"target\":[\"https:\\\/\\\/paragaleriedetalborjt.com\\\/boutique\\\/skarflex-s-creme-cicatrisante\\\/\"]}]},{\"@type\":\"ImageObject\",\"inLanguage\":\"en-US\",\"@id\":\"https:\\\/\\\/paragaleriedetalborjt.com\\\/boutique\\\/skarflex-s-creme-cicatrisante\\\/#primaryimage\",\"url\":\"https:\\\/\\\/paragaleriedetalborjt.com\\\/wp-content\\\/uploads\\\/2026\\\/01\\\/skarflex-gel-reparateur-30ml-1-1.jpg\",\"contentUrl\":\"https:\\\/\\\/paragaleriedetalborjt.com\\\/wp-content\\\/uploads\\\/2026\\\/01\\\/skarflex-gel-reparateur-30ml-1-1.jpg\",\"width\":453,\"height\":453},{\"@type\":\"BreadcrumbList\",\"@id\":\"https:\\\/\\\/paragaleriedetalborjt.com\\\/boutique\\\/skarflex-s-creme-cicatrisante\\\/#breadcrumb\",\"itemListElement\":[{\"@type\":\"ListItem\",\"position\":1,\"name\":\"Accueil\",\"item\":\"https:\\\/\\\/paragaleriedetalborjt.com\\\/\"},{\"@type\":\"ListItem\",\"position\":2,\"name\":\"Boutique\",\"item\":\"https:\\\/\\\/paragaleriedetalborjt.com\\\/boutique\\\/\"},{\"@type\":\"ListItem\",\"position\":3,\"name\":\"Skarflex-S Creme Cicatrisante\"}]},{\"@type\":\"WebSite\",\"@id\":\"https:\\\/\\\/paragaleriedetalborjt.com\\\/#website\",\"url\":\"https:\\\/\\\/paragaleriedetalborjt.com\\\/\",\"name\":\"paragaleriedetalborjt\",\"description\":\"\",\"potentialAction\":[{\"@type\":\"SearchAction\",\"target\":{\"@type\":\"EntryPoint\",\"urlTemplate\":\"https:\\\/\\\/paragaleriedetalborjt.com\\\/?s={search_term_string}\"},\"query-input\":{\"@type\":\"PropertyValueSpecification\",\"valueRequired\":true,\"valueName\":\"search_term_string\"}}],\"inLanguage\":\"en-US\"}]}<\/script>\n<!-- \/ Yoast SEO plugin. -->","yoast_head_json":{"title":"Skarflex-S Creme Cicatrisante - paragaleriedetalborjt","robots":{"index":"index","follow":"follow","max-snippet":"max-snippet:-1","max-image-preview":"max-image-preview:large","max-video-preview":"max-video-preview:-1"},"canonical":"https:\/\/paragaleriedetalborjt.com\/en\/boutique\/skarflex-s-creme-cicatrisante\/","og_locale":"en_US","og_type":"article","og_title":"Skarflex-S Creme Cicatrisante - paragaleriedetalborjt","og_description":"Highlights:Skarflex-S est une cr\u00e8me cicatrisante contenant la silicone reconnue pour son action tr\u00e8s efficace pour assurer une cicatrisation saine et parfaite.","og_url":"https:\/\/paragaleriedetalborjt.com\/en\/boutique\/skarflex-s-creme-cicatrisante\/","og_site_name":"paragaleriedetalborjt","og_image":[{"width":453,"height":453,"url":"https:\/\/paragaleriedetalborjt.com\/wp-content\/uploads\/2026\/01\/skarflex-gel-reparateur-30ml-1-1.jpg","type":"image\/jpeg"}],"twitter_card":"summary_large_image","twitter_misc":{"Est. reading time":"1 minute"},"schema":{"@context":"https:\/\/schema.org","@graph":[{"@type":"WebPage","@id":"https:\/\/paragaleriedetalborjt.com\/boutique\/skarflex-s-creme-cicatrisante\/","url":"https:\/\/paragaleriedetalborjt.com\/boutique\/skarflex-s-creme-cicatrisante\/","name":"Skarflex-S Creme Cicatrisante - paragaleriedetalborjt","isPartOf":{"@id":"https:\/\/paragaleriedetalborjt.com\/#website"},"primaryImageOfPage":{"@id":"https:\/\/paragaleriedetalborjt.com\/boutique\/skarflex-s-creme-cicatrisante\/#primaryimage"},"image":{"@id":"https:\/\/paragaleriedetalborjt.com\/boutique\/skarflex-s-creme-cicatrisante\/#primaryimage"},"thumbnailUrl":"https:\/\/paragaleriedetalborjt.com\/wp-content\/uploads\/2026\/01\/skarflex-gel-reparateur-30ml-1-1.jpg","datePublished":"2026-01-03T22:08:49+00:00","breadcrumb":{"@id":"https:\/\/paragaleriedetalborjt.com\/boutique\/skarflex-s-creme-cicatrisante\/#breadcrumb"},"inLanguage":"en-US","potentialAction":[{"@type":"ReadAction","target":["https:\/\/paragaleriedetalborjt.com\/boutique\/skarflex-s-creme-cicatrisante\/"]}]},{"@type":"ImageObject","inLanguage":"en-US","@id":"https:\/\/paragaleriedetalborjt.com\/boutique\/skarflex-s-creme-cicatrisante\/#primaryimage","url":"https:\/\/paragaleriedetalborjt.com\/wp-content\/uploads\/2026\/01\/skarflex-gel-reparateur-30ml-1-1.jpg","contentUrl":"https:\/\/paragaleriedetalborjt.com\/wp-content\/uploads\/2026\/01\/skarflex-gel-reparateur-30ml-1-1.jpg","width":453,"height":453},{"@type":"BreadcrumbList","@id":"https:\/\/paragaleriedetalborjt.com\/boutique\/skarflex-s-creme-cicatrisante\/#breadcrumb","itemListElement":[{"@type":"ListItem","position":1,"name":"Accueil","item":"https:\/\/paragaleriedetalborjt.com\/"},{"@type":"ListItem","position":2,"name":"Boutique","item":"https:\/\/paragaleriedetalborjt.com\/boutique\/"},{"@type":"ListItem","position":3,"name":"Skarflex-S Creme Cicatrisante"}]},{"@type":"WebSite","@id":"https:\/\/paragaleriedetalborjt.com\/#website","url":"https:\/\/paragaleriedetalborjt.com\/","name":"paragaleriedetalborjt","description":"","potentialAction":[{"@type":"SearchAction","target":{"@type":"EntryPoint","urlTemplate":"https:\/\/paragaleriedetalborjt.com\/?s={search_term_string}"},"query-input":{"@type":"PropertyValueSpecification","valueRequired":true,"valueName":"search_term_string"}}],"inLanguage":"en-US"}]}},"brands":[{"id":2196,"name":"SKARFLEX-S","slug":"skarflex-s"}],"_links":{"self":[{"href":"https:\/\/paragaleriedetalborjt.com\/en\/wp-json\/wp\/v2\/product\/44666","targetHints":{"allow":["GET"]}}],"collection":[{"href":"https:\/\/paragaleriedetalborjt.com\/en\/wp-json\/wp\/v2\/product"}],"about":[{"href":"https:\/\/paragaleriedetalborjt.com\/en\/wp-json\/wp\/v2\/types\/product"}],"replies":[{"embeddable":true,"href":"https:\/\/paragaleriedetalborjt.com\/en\/wp-json\/wp\/v2\/comments?post=44666"}],"version-history":[{"count":1,"href":"https:\/\/paragaleriedetalborjt.com\/en\/wp-json\/wp\/v2\/product\/44666\/revisions"}],"predecessor-version":[{"id":44668,"href":"https:\/\/paragaleriedetalborjt.com\/en\/wp-json\/wp\/v2\/product\/44666\/revisions\/44668"}],"wp:featuredmedia":[{"embeddable":true,"href":"https:\/\/paragaleriedetalborjt.com\/en\/wp-json\/wp\/v2\/media\/44667"}],"wp:attachment":[{"href":"https:\/\/paragaleriedetalborjt.com\/en\/wp-json\/wp\/v2\/media?parent=44666"}],"wp:term":[{"taxonomy":"pwb-brand","embeddable":true,"href":"https:\/\/paragaleriedetalborjt.com\/en\/wp-json\/wp\/v2\/pwb-brand?post=44666"},{"taxonomy":"product_cat","embeddable":true,"href":"https:\/\/paragaleriedetalborjt.com\/en\/wp-json\/wp\/v2\/product_cat?post=44666"},{"taxonomy":"product_tag","embeddable":true,"href":"https:\/\/paragaleriedetalborjt.com\/en\/wp-json\/wp\/v2\/product_tag?post=44666"}],"curies":[{"name":"wp","href":"https:\/\/api.w.org\/{rel}","templated":true}]}}