{"id":44574,"date":"2026-01-03T23:04:59","date_gmt":"2026-01-03T22:04:59","guid":{"rendered":"https:\/\/paragaleriedetalborjt.com\/?post_type=product&#038;p=44574"},"modified":"2026-01-03T23:04:59","modified_gmt":"2026-01-03T22:04:59","slug":"lierac-teint-perfect-skin-fluide-beige-dore-03-spf20-30ml","status":"publish","type":"product","link":"https:\/\/paragaleriedetalborjt.com\/en\/boutique\/lierac-teint-perfect-skin-fluide-beige-dore-03-spf20-30ml\/","title":{"rendered":"Lierac Teint Perfect Skin Fluide Beige Dore 03 spf20 30ml"},"content":{"rendered":"<div aria-labelledby=\"tab-title-description\" class=\"woocommerce-Tabs-panel woocommerce-Tabs-panel--description panel entry-content wc-tab\" id=\"tab-description\" role=\"tabpanel\" style=\"\">\n<h2>Description<\/h2>\n<p><b>A la fronti\u00e8re entre le soin et le maquillage<\/b>, c\u2019est une texture nouvelle g\u00e9n\u00e9ration qui\u00a0<b>neutralise les d\u00e9fauts du teint tout en lissant et repulpant la peau.<\/b><br \/>\nFacile et rapide \u00e0 appliquer, la texture se fond dans la peau et procure\u00a0<b>un fini poudr\u00e9<\/b>\u00a0pour un effet pro instantan\u00e9.<br \/>\nSon\u00a0<b>r\u00e9sultat peau nue<\/b>\u00a0apporte un \u00e9clat naturel uniforme avec une texture qui s\u2019adapte \u00e0 toutes : \u00e0\u00a0<b>mi-chemin entre le fond de teint et la cr\u00e8me teint\u00e9e<\/b>, le fluide de teint perfecteur lumi\u00e8re est un hybride assez mat pour que l\u2019on puisse se passer de poudre et assez lumineux pour r\u00e9v\u00e9ler l\u2019\u00e9clat de la peau.<br \/>\nOui au make-up soin illuminateur avec le Fluide de Teint Perfecteur Lumi\u00e8re !<\/p>\n<p><strong>Principaux Actifs :<\/strong><\/p>\n<p><b>Un duo d\u2019actifs pour une formule experte \u00e0 la fronti\u00e8re entre soin et maquillage :<\/b><\/p>\n<p><b>+ La pro cristalline : Innovation<\/b><br \/>\nAu fil des applications, elle permet \u00e0 la peau de r\u00e9v\u00e9ler ses plus belles nuances ! La peau d\u00e9voile un \u00e9clat plus ros\u00e9 et moins de reflets olives ou beiges.<br \/>\nSon secret : Elle stimule la synth\u00e8se d\u2019\u03b1-cristalline, une prot\u00e9ine qui emp\u00eache le teint de se ternir et apporte une correction colorielle.<br \/>\n<b><br \/>\n+ Le Hyalu-3 : Actifs signature Lierac<\/b><br \/>\nCe complexe d\u2019acides hyaluronique agit en surface et en profondeur de la peau :<br \/>\n\u2013 Action lissante imm\u00e9diate en surface ; Acide hyaluronique de haut poids mol\u00e9culaire<br \/>\n\u2013 Action repulpante en profondeur ; Acide hyaluronique micro-encapsul\u00e9<br \/>\n\u2013 Action comblante durable ; Extrait naturel stimulateur d\u2019acide hyaluronique<\/p>\n<p><b>De l\u2019ext\u00e9rieur la peau resplendit : pulpeuse, lisse et toujours plus hydrat\u00e9e !<\/b><\/p>\n<p><strong><strong>Conseils d\u2019Utilisation : <\/strong> <\/strong><\/p>\n<p>Une application sur mesure !<br \/>\nCompl\u00e8tement modulable, le Fluide de Teint Perfecteur Lumi\u00e8re permet diff\u00e9rentes techniques d\u2019application.<br \/>\nSelon les pr\u00e9f\u00e9rences,\u00a0<b>il s\u2019applique aussi bien du bout des doigts qu\u2019au pinceau ou \u00e0 l\u2019\u00e9ponge<\/b>, sur une peau propre et hydrat\u00e9e.<\/p>\n<div><\/div>\n<div><b>Du bout des doigts :<\/b><br \/>\nEtape 1 : D\u00e9poser le produit par touches sur les diff\u00e9rentes zones du visage (front, joues, menton)<br \/>\nEtape 2 : Etirer le produit du bout des doigts de l\u2019int\u00e9rieur vers l\u2019ext\u00e9rieur du visage jusqu\u2019au cou et aux oreilles pour \u00e9viter les d\u00e9marcations.<\/div>\n<div><\/div>\n<div><b>Au pinceau plat :<\/b><br \/>\nEtape 1 : D\u00e9poser le produit sur le dos de la main et le faire p\u00e9n\u00e9trer dans les poils du pinceau.<br \/>\nEtape 2 : Pour un r\u00e9sultat uniforme travailler chaque c\u00f4t\u00e9 du visage l\u2019un apr\u00e8s l\u2019autre (droite et gauche)<br \/>\nEtape 3 : Partir du centre du visage puis \u00e9tirer le produit vers l\u2019ext\u00e9rieur jusqu\u2019au cou et aux oreilles.<\/div>\n<div><\/div>\n<div><b>A l\u2019\u00e9ponge :<\/b><br \/>\nEtape 1 : D\u00e9poser la quantit\u00e9 de produit souhait\u00e9e sur la partie large de l\u2019\u00e9ponge, pr\u00e9alablement humidifi\u00e9e.<br \/>\nEtape 2 : Appliquer le produit par touches sur les diff\u00e9rentes zones du visage (front, menton, joues).<br \/>\nEtape 3 : Tapoter l\u2019ensemble du visage pour une r\u00e9partition uniforme sans oublier le cou et les oreilles.<br \/>\nEtape 4 : Utiliser ensuite la partie fine de l\u2019\u00e9ponge pour parfaire les ailes du nez et camoufler les imperfections.<\/div>\n<\/div>","protected":false},"excerpt":{"rendered":"<p>Highlights:Le nude demande un grain r\u00e9gulier, une mati\u00e8re pulpeuse et des imperfections tamis\u00e9es, c\u2019est le soin qu\u2019offre la formule unique du Fluide de Teint Perfecteur Lumi\u00e8re.<\/p>","protected":false},"featured_media":44575,"comment_status":"open","ping_status":"closed","template":"","meta":[],"pwb-brand":[2130],"product_cat":[16],"product_tag":[],"class_list":{"0":"post-44574","1":"product","2":"type-product","3":"status-publish","4":"has-post-thumbnail","6":"pwb-brand-lierac","7":"product_cat-non-classe","8":"pa_brands-lierac","10":"first","11":"instock","12":"sale","13":"shipping-taxable","14":"purchasable","15":"product-type-simple"},"yoast_head":"<!-- This site is optimized with the Yoast SEO plugin v26.9 - https:\/\/yoast.com\/product\/yoast-seo-wordpress\/ -->\n<title>Lierac Teint Perfect Skin Fluide Beige Dore 03 spf20 30ml - paragaleriedetalborjt<\/title>\n<meta name=\"robots\" content=\"index, follow, max-snippet:-1, max-image-preview:large, max-video-preview:-1\" \/>\n<link rel=\"canonical\" href=\"https:\/\/paragaleriedetalborjt.com\/en\/boutique\/lierac-teint-perfect-skin-fluide-beige-dore-03-spf20-30ml\/\" \/>\n<meta property=\"og:locale\" content=\"en_US\" \/>\n<meta property=\"og:type\" content=\"article\" \/>\n<meta property=\"og:title\" content=\"Lierac Teint Perfect Skin Fluide Beige Dore 03 spf20 30ml - paragaleriedetalborjt\" \/>\n<meta property=\"og:description\" content=\"Highlights:Le nude demande un grain r\u00e9gulier, une mati\u00e8re pulpeuse et des imperfections tamis\u00e9es, c\u2019est le soin qu\u2019offre la formule unique du Fluide de Teint Perfecteur Lumi\u00e8re.\" \/>\n<meta property=\"og:url\" content=\"https:\/\/paragaleriedetalborjt.com\/en\/boutique\/lierac-teint-perfect-skin-fluide-beige-dore-03-spf20-30ml\/\" \/>\n<meta property=\"og:site_name\" content=\"paragaleriedetalborjt\" \/>\n<meta property=\"og:image\" content=\"https:\/\/paragaleriedetalborjt.com\/wp-content\/uploads\/2026\/01\/lierac-teint-perfect-03-dore-30-ml.jpg\" \/>\n\t<meta property=\"og:image:width\" content=\"595\" \/>\n\t<meta property=\"og:image:height\" content=\"655\" \/>\n\t<meta property=\"og:image:type\" content=\"image\/jpeg\" \/>\n<meta name=\"twitter:card\" content=\"summary_large_image\" \/>\n<meta name=\"twitter:label1\" content=\"Est. reading time\" \/>\n\t<meta name=\"twitter:data1\" content=\"3 minutes\" \/>\n<script type=\"application\/ld+json\" class=\"yoast-schema-graph\">{\"@context\":\"https:\/\/schema.org\",\"@graph\":[{\"@type\":\"WebPage\",\"@id\":\"https:\/\/paragaleriedetalborjt.com\/boutique\/lierac-teint-perfect-skin-fluide-beige-dore-03-spf20-30ml\/\",\"url\":\"https:\/\/paragaleriedetalborjt.com\/boutique\/lierac-teint-perfect-skin-fluide-beige-dore-03-spf20-30ml\/\",\"name\":\"Lierac Teint Perfect Skin Fluide Beige Dore 03 spf20 30ml - paragaleriedetalborjt\",\"isPartOf\":{\"@id\":\"https:\/\/paragaleriedetalborjt.com\/#website\"},\"primaryImageOfPage\":{\"@id\":\"https:\/\/paragaleriedetalborjt.com\/boutique\/lierac-teint-perfect-skin-fluide-beige-dore-03-spf20-30ml\/#primaryimage\"},\"image\":{\"@id\":\"https:\/\/paragaleriedetalborjt.com\/boutique\/lierac-teint-perfect-skin-fluide-beige-dore-03-spf20-30ml\/#primaryimage\"},\"thumbnailUrl\":\"https:\/\/paragaleriedetalborjt.com\/wp-content\/uploads\/2026\/01\/lierac-teint-perfect-03-dore-30-ml.jpg\",\"datePublished\":\"2026-01-03T22:04:59+00:00\",\"breadcrumb\":{\"@id\":\"https:\/\/paragaleriedetalborjt.com\/boutique\/lierac-teint-perfect-skin-fluide-beige-dore-03-spf20-30ml\/#breadcrumb\"},\"inLanguage\":\"en-US\",\"potentialAction\":[{\"@type\":\"ReadAction\",\"target\":[\"https:\/\/paragaleriedetalborjt.com\/boutique\/lierac-teint-perfect-skin-fluide-beige-dore-03-spf20-30ml\/\"]}]},{\"@type\":\"ImageObject\",\"inLanguage\":\"en-US\",\"@id\":\"https:\/\/paragaleriedetalborjt.com\/boutique\/lierac-teint-perfect-skin-fluide-beige-dore-03-spf20-30ml\/#primaryimage\",\"url\":\"https:\/\/paragaleriedetalborjt.com\/wp-content\/uploads\/2026\/01\/lierac-teint-perfect-03-dore-30-ml.jpg\",\"contentUrl\":\"https:\/\/paragaleriedetalborjt.com\/wp-content\/uploads\/2026\/01\/lierac-teint-perfect-03-dore-30-ml.jpg\",\"width\":595,\"height\":655},{\"@type\":\"BreadcrumbList\",\"@id\":\"https:\/\/paragaleriedetalborjt.com\/boutique\/lierac-teint-perfect-skin-fluide-beige-dore-03-spf20-30ml\/#breadcrumb\",\"itemListElement\":[{\"@type\":\"ListItem\",\"position\":1,\"name\":\"Accueil\",\"item\":\"https:\/\/paragaleriedetalborjt.com\/\"},{\"@type\":\"ListItem\",\"position\":2,\"name\":\"Boutique\",\"item\":\"https:\/\/paragaleriedetalborjt.com\/boutique\/\"},{\"@type\":\"ListItem\",\"position\":3,\"name\":\"Lierac Teint Perfect Skin Fluide Beige Dore 03 spf20 30ml\"}]},{\"@type\":\"WebSite\",\"@id\":\"https:\/\/paragaleriedetalborjt.com\/#website\",\"url\":\"https:\/\/paragaleriedetalborjt.com\/\",\"name\":\"paragaleriedetalborjt\",\"description\":\"\",\"potentialAction\":[{\"@type\":\"SearchAction\",\"target\":{\"@type\":\"EntryPoint\",\"urlTemplate\":\"https:\/\/paragaleriedetalborjt.com\/?s={search_term_string}\"},\"query-input\":{\"@type\":\"PropertyValueSpecification\",\"valueRequired\":true,\"valueName\":\"search_term_string\"}}],\"inLanguage\":\"en-US\"}]}<\/script>\n<!-- \/ Yoast SEO plugin. -->","yoast_head_json":{"title":"Lierac Teint Perfect Skin Fluide Beige Dore 03 spf20 30ml - paragaleriedetalborjt","robots":{"index":"index","follow":"follow","max-snippet":"max-snippet:-1","max-image-preview":"max-image-preview:large","max-video-preview":"max-video-preview:-1"},"canonical":"https:\/\/paragaleriedetalborjt.com\/en\/boutique\/lierac-teint-perfect-skin-fluide-beige-dore-03-spf20-30ml\/","og_locale":"en_US","og_type":"article","og_title":"Lierac Teint Perfect Skin Fluide Beige Dore 03 spf20 30ml - paragaleriedetalborjt","og_description":"Highlights:Le nude demande un grain r\u00e9gulier, une mati\u00e8re pulpeuse et des imperfections tamis\u00e9es, c\u2019est le soin qu\u2019offre la formule unique du Fluide de Teint Perfecteur Lumi\u00e8re.","og_url":"https:\/\/paragaleriedetalborjt.com\/en\/boutique\/lierac-teint-perfect-skin-fluide-beige-dore-03-spf20-30ml\/","og_site_name":"paragaleriedetalborjt","og_image":[{"width":595,"height":655,"url":"https:\/\/paragaleriedetalborjt.com\/wp-content\/uploads\/2026\/01\/lierac-teint-perfect-03-dore-30-ml.jpg","type":"image\/jpeg"}],"twitter_card":"summary_large_image","twitter_misc":{"Est. reading time":"3 minutes"},"schema":{"@context":"https:\/\/schema.org","@graph":[{"@type":"WebPage","@id":"https:\/\/paragaleriedetalborjt.com\/boutique\/lierac-teint-perfect-skin-fluide-beige-dore-03-spf20-30ml\/","url":"https:\/\/paragaleriedetalborjt.com\/boutique\/lierac-teint-perfect-skin-fluide-beige-dore-03-spf20-30ml\/","name":"Lierac Teint Perfect Skin Fluide Beige Dore 03 spf20 30ml - paragaleriedetalborjt","isPartOf":{"@id":"https:\/\/paragaleriedetalborjt.com\/#website"},"primaryImageOfPage":{"@id":"https:\/\/paragaleriedetalborjt.com\/boutique\/lierac-teint-perfect-skin-fluide-beige-dore-03-spf20-30ml\/#primaryimage"},"image":{"@id":"https:\/\/paragaleriedetalborjt.com\/boutique\/lierac-teint-perfect-skin-fluide-beige-dore-03-spf20-30ml\/#primaryimage"},"thumbnailUrl":"https:\/\/paragaleriedetalborjt.com\/wp-content\/uploads\/2026\/01\/lierac-teint-perfect-03-dore-30-ml.jpg","datePublished":"2026-01-03T22:04:59+00:00","breadcrumb":{"@id":"https:\/\/paragaleriedetalborjt.com\/boutique\/lierac-teint-perfect-skin-fluide-beige-dore-03-spf20-30ml\/#breadcrumb"},"inLanguage":"en-US","potentialAction":[{"@type":"ReadAction","target":["https:\/\/paragaleriedetalborjt.com\/boutique\/lierac-teint-perfect-skin-fluide-beige-dore-03-spf20-30ml\/"]}]},{"@type":"ImageObject","inLanguage":"en-US","@id":"https:\/\/paragaleriedetalborjt.com\/boutique\/lierac-teint-perfect-skin-fluide-beige-dore-03-spf20-30ml\/#primaryimage","url":"https:\/\/paragaleriedetalborjt.com\/wp-content\/uploads\/2026\/01\/lierac-teint-perfect-03-dore-30-ml.jpg","contentUrl":"https:\/\/paragaleriedetalborjt.com\/wp-content\/uploads\/2026\/01\/lierac-teint-perfect-03-dore-30-ml.jpg","width":595,"height":655},{"@type":"BreadcrumbList","@id":"https:\/\/paragaleriedetalborjt.com\/boutique\/lierac-teint-perfect-skin-fluide-beige-dore-03-spf20-30ml\/#breadcrumb","itemListElement":[{"@type":"ListItem","position":1,"name":"Accueil","item":"https:\/\/paragaleriedetalborjt.com\/"},{"@type":"ListItem","position":2,"name":"Boutique","item":"https:\/\/paragaleriedetalborjt.com\/boutique\/"},{"@type":"ListItem","position":3,"name":"Lierac Teint Perfect Skin Fluide Beige Dore 03 spf20 30ml"}]},{"@type":"WebSite","@id":"https:\/\/paragaleriedetalborjt.com\/#website","url":"https:\/\/paragaleriedetalborjt.com\/","name":"paragaleriedetalborjt","description":"","potentialAction":[{"@type":"SearchAction","target":{"@type":"EntryPoint","urlTemplate":"https:\/\/paragaleriedetalborjt.com\/?s={search_term_string}"},"query-input":{"@type":"PropertyValueSpecification","valueRequired":true,"valueName":"search_term_string"}}],"inLanguage":"en-US"}]}},"brands":[{"id":2130,"name":"LIERAC","slug":"lierac"}],"_links":{"self":[{"href":"https:\/\/paragaleriedetalborjt.com\/en\/wp-json\/wp\/v2\/product\/44574","targetHints":{"allow":["GET"]}}],"collection":[{"href":"https:\/\/paragaleriedetalborjt.com\/en\/wp-json\/wp\/v2\/product"}],"about":[{"href":"https:\/\/paragaleriedetalborjt.com\/en\/wp-json\/wp\/v2\/types\/product"}],"replies":[{"embeddable":true,"href":"https:\/\/paragaleriedetalborjt.com\/en\/wp-json\/wp\/v2\/comments?post=44574"}],"version-history":[{"count":1,"href":"https:\/\/paragaleriedetalborjt.com\/en\/wp-json\/wp\/v2\/product\/44574\/revisions"}],"predecessor-version":[{"id":44576,"href":"https:\/\/paragaleriedetalborjt.com\/en\/wp-json\/wp\/v2\/product\/44574\/revisions\/44576"}],"wp:featuredmedia":[{"embeddable":true,"href":"https:\/\/paragaleriedetalborjt.com\/en\/wp-json\/wp\/v2\/media\/44575"}],"wp:attachment":[{"href":"https:\/\/paragaleriedetalborjt.com\/en\/wp-json\/wp\/v2\/media?parent=44574"}],"wp:term":[{"taxonomy":"pwb-brand","embeddable":true,"href":"https:\/\/paragaleriedetalborjt.com\/en\/wp-json\/wp\/v2\/pwb-brand?post=44574"},{"taxonomy":"product_cat","embeddable":true,"href":"https:\/\/paragaleriedetalborjt.com\/en\/wp-json\/wp\/v2\/product_cat?post=44574"},{"taxonomy":"product_tag","embeddable":true,"href":"https:\/\/paragaleriedetalborjt.com\/en\/wp-json\/wp\/v2\/product_tag?post=44574"}],"curies":[{"name":"wp","href":"https:\/\/api.w.org\/{rel}","templated":true}]}}