{"id":44559,"date":"2026-01-03T23:04:24","date_gmt":"2026-01-03T22:04:24","guid":{"rendered":"https:\/\/paragaleriedetalborjt.com\/?post_type=product&#038;p=44559"},"modified":"2026-01-03T23:04:25","modified_gmt":"2026-01-03T22:04:25","slug":"bioderminy-dermplus-gel-revitalisant-pieds-jambes-60ml","status":"publish","type":"product","link":"https:\/\/paragaleriedetalborjt.com\/en\/boutique\/bioderminy-dermplus-gel-revitalisant-pieds-jambes-60ml\/","title":{"rendered":"Bioderminy Dermplus gel revitalisant pieds &#038; jambes 60ml"},"content":{"rendered":"<div aria-labelledby=\"tab-title-description\" class=\"woocommerce-Tabs-panel woocommerce-Tabs-panel--description panel entry-content wc-tab\" id=\"tab-description\" role=\"tabpanel\" style=\"\">\n<h2>Description<\/h2>\n<p><strong>Nom du produit:<\/strong><br \/>\nGel relaxant pour les pieds et les jambes Bioderminy 60 ml<\/p>\n<p><strong>Marque du produit:<\/strong><br \/>\nBioderminy<\/p>\n<p><strong>Taille du produit:<\/strong><br \/>\n60 ml<\/p>\n<p><strong>Informations r\u00e9capitulatives:<\/strong><br \/>\nGel relaxant pour les pieds et les jambes<\/p>\n<p><strong>Avantages du produit: Il<\/strong><br \/>\naide \u00e0 soulager la sensation de fatigue sur les semelles et les jambes gr\u00e2ce \u00e0 son contenu naturel sp\u00e9cial.<br \/>\nEn m\u00eame temps, il hydrate la peau, procurant une fra\u00eecheur et une relaxation rapides, aidant \u00e0 r\u00e9duire la sensation de lourdeur.<\/p>\n<p><strong>Type de peau appropri\u00e9:<\/strong><br \/>\nTous les types de peau<\/p>\n<\/div>","protected":false},"excerpt":{"rendered":"<p>Highlights:\u2022 NOURRITgr\u00e2ce au trio lipidique v\u00e9g\u00e9tal et S\u00e9lectiose.\u2022 PROT\u00c8GEet offre une hydratation 48h*.\u2022 R\u00c9PAREet restaure la barri\u00e8re cutan\u00e9e.<\/p>","protected":false},"featured_media":44560,"comment_status":"open","ping_status":"closed","template":"","meta":[],"pwb-brand":[2189],"product_cat":[16],"product_tag":[],"class_list":{"0":"post-44559","1":"product","2":"type-product","3":"status-publish","4":"has-post-thumbnail","6":"pwb-brand-bioderminy","7":"product_cat-non-classe","8":"pa_brands-bioderminy","10":"first","11":"instock","12":"sale","13":"shipping-taxable","14":"purchasable","15":"product-type-simple"},"yoast_head":"<!-- This site is optimized with the Yoast SEO plugin v27.5 - https:\/\/yoast.com\/product\/yoast-seo-wordpress\/ -->\n<title>Bioderminy Dermplus gel revitalisant pieds &amp; jambes 60ml - paragaleriedetalborjt<\/title>\n<meta name=\"robots\" content=\"index, follow, max-snippet:-1, max-image-preview:large, max-video-preview:-1\" \/>\n<link rel=\"canonical\" href=\"https:\/\/paragaleriedetalborjt.com\/en\/boutique\/bioderminy-dermplus-gel-revitalisant-pieds-jambes-60ml\/\" \/>\n<meta property=\"og:locale\" content=\"en_US\" \/>\n<meta property=\"og:type\" content=\"article\" \/>\n<meta property=\"og:title\" content=\"Bioderminy Dermplus gel revitalisant pieds &amp; jambes 60ml - paragaleriedetalborjt\" \/>\n<meta property=\"og:description\" content=\"Highlights:\u2022 NOURRITgr\u00e2ce au trio lipidique v\u00e9g\u00e9tal et S\u00e9lectiose.\u2022 PROT\u00c8GEet offre une hydratation 48h*.\u2022 R\u00c9PAREet restaure la barri\u00e8re cutan\u00e9e.\" \/>\n<meta property=\"og:url\" content=\"https:\/\/paragaleriedetalborjt.com\/en\/boutique\/bioderminy-dermplus-gel-revitalisant-pieds-jambes-60ml\/\" \/>\n<meta property=\"og:site_name\" content=\"paragaleriedetalborjt\" \/>\n<meta property=\"article:modified_time\" content=\"2026-01-03T22:04:25+00:00\" \/>\n<meta property=\"og:image\" content=\"https:\/\/paragaleriedetalborjt.com\/wp-content\/uploads\/2026\/01\/bioderminy-dermplus-gel-revitalisant-pieds-et-jambes-60ml.jpg\" \/>\n\t<meta property=\"og:image:width\" content=\"403\" \/>\n\t<meta property=\"og:image:height\" content=\"529\" \/>\n\t<meta property=\"og:image:type\" content=\"image\/jpeg\" \/>\n<meta name=\"twitter:card\" content=\"summary_large_image\" \/>\n<script type=\"application\/ld+json\" class=\"yoast-schema-graph\">{\"@context\":\"https:\\\/\\\/schema.org\",\"@graph\":[{\"@type\":\"WebPage\",\"@id\":\"https:\\\/\\\/paragaleriedetalborjt.com\\\/boutique\\\/bioderminy-dermplus-gel-revitalisant-pieds-jambes-60ml\\\/\",\"url\":\"https:\\\/\\\/paragaleriedetalborjt.com\\\/boutique\\\/bioderminy-dermplus-gel-revitalisant-pieds-jambes-60ml\\\/\",\"name\":\"Bioderminy Dermplus gel revitalisant pieds & jambes 60ml - paragaleriedetalborjt\",\"isPartOf\":{\"@id\":\"https:\\\/\\\/paragaleriedetalborjt.com\\\/#website\"},\"primaryImageOfPage\":{\"@id\":\"https:\\\/\\\/paragaleriedetalborjt.com\\\/boutique\\\/bioderminy-dermplus-gel-revitalisant-pieds-jambes-60ml\\\/#primaryimage\"},\"image\":{\"@id\":\"https:\\\/\\\/paragaleriedetalborjt.com\\\/boutique\\\/bioderminy-dermplus-gel-revitalisant-pieds-jambes-60ml\\\/#primaryimage\"},\"thumbnailUrl\":\"https:\\\/\\\/paragaleriedetalborjt.com\\\/wp-content\\\/uploads\\\/2026\\\/01\\\/bioderminy-dermplus-gel-revitalisant-pieds-et-jambes-60ml.jpg\",\"datePublished\":\"2026-01-03T22:04:24+00:00\",\"dateModified\":\"2026-01-03T22:04:25+00:00\",\"breadcrumb\":{\"@id\":\"https:\\\/\\\/paragaleriedetalborjt.com\\\/boutique\\\/bioderminy-dermplus-gel-revitalisant-pieds-jambes-60ml\\\/#breadcrumb\"},\"inLanguage\":\"en-US\",\"potentialAction\":[{\"@type\":\"ReadAction\",\"target\":[\"https:\\\/\\\/paragaleriedetalborjt.com\\\/boutique\\\/bioderminy-dermplus-gel-revitalisant-pieds-jambes-60ml\\\/\"]}]},{\"@type\":\"ImageObject\",\"inLanguage\":\"en-US\",\"@id\":\"https:\\\/\\\/paragaleriedetalborjt.com\\\/boutique\\\/bioderminy-dermplus-gel-revitalisant-pieds-jambes-60ml\\\/#primaryimage\",\"url\":\"https:\\\/\\\/paragaleriedetalborjt.com\\\/wp-content\\\/uploads\\\/2026\\\/01\\\/bioderminy-dermplus-gel-revitalisant-pieds-et-jambes-60ml.jpg\",\"contentUrl\":\"https:\\\/\\\/paragaleriedetalborjt.com\\\/wp-content\\\/uploads\\\/2026\\\/01\\\/bioderminy-dermplus-gel-revitalisant-pieds-et-jambes-60ml.jpg\",\"width\":403,\"height\":529},{\"@type\":\"BreadcrumbList\",\"@id\":\"https:\\\/\\\/paragaleriedetalborjt.com\\\/boutique\\\/bioderminy-dermplus-gel-revitalisant-pieds-jambes-60ml\\\/#breadcrumb\",\"itemListElement\":[{\"@type\":\"ListItem\",\"position\":1,\"name\":\"Accueil\",\"item\":\"https:\\\/\\\/paragaleriedetalborjt.com\\\/\"},{\"@type\":\"ListItem\",\"position\":2,\"name\":\"Boutique\",\"item\":\"https:\\\/\\\/paragaleriedetalborjt.com\\\/boutique\\\/\"},{\"@type\":\"ListItem\",\"position\":3,\"name\":\"Bioderminy Dermplus gel revitalisant pieds &#038; jambes 60ml\"}]},{\"@type\":\"WebSite\",\"@id\":\"https:\\\/\\\/paragaleriedetalborjt.com\\\/#website\",\"url\":\"https:\\\/\\\/paragaleriedetalborjt.com\\\/\",\"name\":\"paragaleriedetalborjt\",\"description\":\"\",\"potentialAction\":[{\"@type\":\"SearchAction\",\"target\":{\"@type\":\"EntryPoint\",\"urlTemplate\":\"https:\\\/\\\/paragaleriedetalborjt.com\\\/?s={search_term_string}\"},\"query-input\":{\"@type\":\"PropertyValueSpecification\",\"valueRequired\":true,\"valueName\":\"search_term_string\"}}],\"inLanguage\":\"en-US\"}]}<\/script>\n<!-- \/ Yoast SEO plugin. -->","yoast_head_json":{"title":"Bioderminy Dermplus gel revitalisant pieds & jambes 60ml - paragaleriedetalborjt","robots":{"index":"index","follow":"follow","max-snippet":"max-snippet:-1","max-image-preview":"max-image-preview:large","max-video-preview":"max-video-preview:-1"},"canonical":"https:\/\/paragaleriedetalborjt.com\/en\/boutique\/bioderminy-dermplus-gel-revitalisant-pieds-jambes-60ml\/","og_locale":"en_US","og_type":"article","og_title":"Bioderminy Dermplus gel revitalisant pieds & jambes 60ml - paragaleriedetalborjt","og_description":"Highlights:\u2022 NOURRITgr\u00e2ce au trio lipidique v\u00e9g\u00e9tal et S\u00e9lectiose.\u2022 PROT\u00c8GEet offre une hydratation 48h*.\u2022 R\u00c9PAREet restaure la barri\u00e8re cutan\u00e9e.","og_url":"https:\/\/paragaleriedetalborjt.com\/en\/boutique\/bioderminy-dermplus-gel-revitalisant-pieds-jambes-60ml\/","og_site_name":"paragaleriedetalborjt","article_modified_time":"2026-01-03T22:04:25+00:00","og_image":[{"width":403,"height":529,"url":"https:\/\/paragaleriedetalborjt.com\/wp-content\/uploads\/2026\/01\/bioderminy-dermplus-gel-revitalisant-pieds-et-jambes-60ml.jpg","type":"image\/jpeg"}],"twitter_card":"summary_large_image","schema":{"@context":"https:\/\/schema.org","@graph":[{"@type":"WebPage","@id":"https:\/\/paragaleriedetalborjt.com\/boutique\/bioderminy-dermplus-gel-revitalisant-pieds-jambes-60ml\/","url":"https:\/\/paragaleriedetalborjt.com\/boutique\/bioderminy-dermplus-gel-revitalisant-pieds-jambes-60ml\/","name":"Bioderminy Dermplus gel revitalisant pieds & jambes 60ml - paragaleriedetalborjt","isPartOf":{"@id":"https:\/\/paragaleriedetalborjt.com\/#website"},"primaryImageOfPage":{"@id":"https:\/\/paragaleriedetalborjt.com\/boutique\/bioderminy-dermplus-gel-revitalisant-pieds-jambes-60ml\/#primaryimage"},"image":{"@id":"https:\/\/paragaleriedetalborjt.com\/boutique\/bioderminy-dermplus-gel-revitalisant-pieds-jambes-60ml\/#primaryimage"},"thumbnailUrl":"https:\/\/paragaleriedetalborjt.com\/wp-content\/uploads\/2026\/01\/bioderminy-dermplus-gel-revitalisant-pieds-et-jambes-60ml.jpg","datePublished":"2026-01-03T22:04:24+00:00","dateModified":"2026-01-03T22:04:25+00:00","breadcrumb":{"@id":"https:\/\/paragaleriedetalborjt.com\/boutique\/bioderminy-dermplus-gel-revitalisant-pieds-jambes-60ml\/#breadcrumb"},"inLanguage":"en-US","potentialAction":[{"@type":"ReadAction","target":["https:\/\/paragaleriedetalborjt.com\/boutique\/bioderminy-dermplus-gel-revitalisant-pieds-jambes-60ml\/"]}]},{"@type":"ImageObject","inLanguage":"en-US","@id":"https:\/\/paragaleriedetalborjt.com\/boutique\/bioderminy-dermplus-gel-revitalisant-pieds-jambes-60ml\/#primaryimage","url":"https:\/\/paragaleriedetalborjt.com\/wp-content\/uploads\/2026\/01\/bioderminy-dermplus-gel-revitalisant-pieds-et-jambes-60ml.jpg","contentUrl":"https:\/\/paragaleriedetalborjt.com\/wp-content\/uploads\/2026\/01\/bioderminy-dermplus-gel-revitalisant-pieds-et-jambes-60ml.jpg","width":403,"height":529},{"@type":"BreadcrumbList","@id":"https:\/\/paragaleriedetalborjt.com\/boutique\/bioderminy-dermplus-gel-revitalisant-pieds-jambes-60ml\/#breadcrumb","itemListElement":[{"@type":"ListItem","position":1,"name":"Accueil","item":"https:\/\/paragaleriedetalborjt.com\/"},{"@type":"ListItem","position":2,"name":"Boutique","item":"https:\/\/paragaleriedetalborjt.com\/boutique\/"},{"@type":"ListItem","position":3,"name":"Bioderminy Dermplus gel revitalisant pieds &#038; jambes 60ml"}]},{"@type":"WebSite","@id":"https:\/\/paragaleriedetalborjt.com\/#website","url":"https:\/\/paragaleriedetalborjt.com\/","name":"paragaleriedetalborjt","description":"","potentialAction":[{"@type":"SearchAction","target":{"@type":"EntryPoint","urlTemplate":"https:\/\/paragaleriedetalborjt.com\/?s={search_term_string}"},"query-input":{"@type":"PropertyValueSpecification","valueRequired":true,"valueName":"search_term_string"}}],"inLanguage":"en-US"}]}},"brands":[{"id":2189,"name":"BIODERMINY","slug":"bioderminy"}],"_links":{"self":[{"href":"https:\/\/paragaleriedetalborjt.com\/en\/wp-json\/wp\/v2\/product\/44559","targetHints":{"allow":["GET"]}}],"collection":[{"href":"https:\/\/paragaleriedetalborjt.com\/en\/wp-json\/wp\/v2\/product"}],"about":[{"href":"https:\/\/paragaleriedetalborjt.com\/en\/wp-json\/wp\/v2\/types\/product"}],"replies":[{"embeddable":true,"href":"https:\/\/paragaleriedetalborjt.com\/en\/wp-json\/wp\/v2\/comments?post=44559"}],"version-history":[{"count":1,"href":"https:\/\/paragaleriedetalborjt.com\/en\/wp-json\/wp\/v2\/product\/44559\/revisions"}],"predecessor-version":[{"id":44561,"href":"https:\/\/paragaleriedetalborjt.com\/en\/wp-json\/wp\/v2\/product\/44559\/revisions\/44561"}],"wp:featuredmedia":[{"embeddable":true,"href":"https:\/\/paragaleriedetalborjt.com\/en\/wp-json\/wp\/v2\/media\/44560"}],"wp:attachment":[{"href":"https:\/\/paragaleriedetalborjt.com\/en\/wp-json\/wp\/v2\/media?parent=44559"}],"wp:term":[{"taxonomy":"pwb-brand","embeddable":true,"href":"https:\/\/paragaleriedetalborjt.com\/en\/wp-json\/wp\/v2\/pwb-brand?post=44559"},{"taxonomy":"product_cat","embeddable":true,"href":"https:\/\/paragaleriedetalborjt.com\/en\/wp-json\/wp\/v2\/product_cat?post=44559"},{"taxonomy":"product_tag","embeddable":true,"href":"https:\/\/paragaleriedetalborjt.com\/en\/wp-json\/wp\/v2\/product_tag?post=44559"}],"curies":[{"name":"wp","href":"https:\/\/api.w.org\/{rel}","templated":true}]}}