{"id":44547,"date":"2026-01-03T23:03:55","date_gmt":"2026-01-03T22:03:55","guid":{"rendered":"https:\/\/paragaleriedetalborjt.com\/?post_type=product&#038;p=44547"},"modified":"2026-01-03T23:03:55","modified_gmt":"2026-01-03T22:03:55","slug":"bioderminy-cleanderm-tonique-revitalisante-250ml","status":"publish","type":"product","link":"https:\/\/paragaleriedetalborjt.com\/en\/boutique\/bioderminy-cleanderm-tonique-revitalisante-250ml\/","title":{"rendered":"Bioderminy Cleanderm tonique revitalisante 250ml"},"content":{"rendered":"<div aria-labelledby=\"tab-title-description\" class=\"woocommerce-Tabs-panel woocommerce-Tabs-panel--description panel entry-content wc-tab\" id=\"tab-description\" role=\"tabpanel\" style=\"\">\n<h2>Description<\/h2>\n<p>BIODERMINY CLEANDERM:<\/p>\n<p>Bioderminy Cleanderm fournit des soins s\u00fbrs et efficaces aux peaux acn\u00e9iques avec le complexe Trio Acid dans son contenu. Le Trio Acid Complex a un effet dess\u00e9chant sur l\u2019acn\u00e9 active avec l\u2019acide salicylique et l\u2019acide nordihydroguaiar\u00e9tique (NDHA) dans son contenu. Alors que \u00abl\u2019extrait de concombre\u00bb dans son contenu revitalise votre peau, il prot\u00e8ge votre peau gr\u00e2ce aux puissantes propri\u00e9t\u00e9s antioxydantes de l\u2019extrait de Ginkgo biloba<\/p>\n<\/div>","protected":false},"excerpt":{"rendered":"<p>Highlights:Il offre le m\u00e9lange id\u00e9al d\u2019ingr\u00e9dients actifs et d\u2019extraits pour nettoyer en douceur, rafra\u00eechir et hydrater la peau. Il laisse la peau parfaitement nettoy\u00e9e, purifi\u00e9e et soign\u00e9e. Fournit une hydratation longue dur\u00e9e. Il ne n\u00e9cessite pas de rin\u00e7age.<\/p>","protected":false},"featured_media":44548,"comment_status":"open","ping_status":"closed","template":"","meta":[],"pwb-brand":[2189],"product_cat":[16],"product_tag":[],"class_list":{"0":"post-44547","1":"product","2":"type-product","3":"status-publish","4":"has-post-thumbnail","6":"pwb-brand-bioderminy","7":"product_cat-non-classe","8":"pa_brands-bioderminy","10":"first","11":"instock","12":"sale","13":"shipping-taxable","14":"purchasable","15":"product-type-simple"},"yoast_head":"<!-- This site is optimized with the Yoast SEO plugin v27.5 - https:\/\/yoast.com\/product\/yoast-seo-wordpress\/ -->\n<title>Bioderminy Cleanderm tonique revitalisante 250ml - paragaleriedetalborjt<\/title>\n<meta name=\"robots\" content=\"index, follow, max-snippet:-1, max-image-preview:large, max-video-preview:-1\" \/>\n<link rel=\"canonical\" href=\"https:\/\/paragaleriedetalborjt.com\/en\/boutique\/bioderminy-cleanderm-tonique-revitalisante-250ml\/\" \/>\n<meta property=\"og:locale\" content=\"en_US\" \/>\n<meta property=\"og:type\" content=\"article\" \/>\n<meta property=\"og:title\" content=\"Bioderminy Cleanderm tonique revitalisante 250ml - paragaleriedetalborjt\" \/>\n<meta property=\"og:description\" content=\"Highlights:Il offre le m\u00e9lange id\u00e9al d\u2019ingr\u00e9dients actifs et d\u2019extraits pour nettoyer en douceur, rafra\u00eechir et hydrater la peau. Il laisse la peau parfaitement nettoy\u00e9e, purifi\u00e9e et soign\u00e9e. Fournit une hydratation longue dur\u00e9e. Il ne n\u00e9cessite pas de rin\u00e7age.\" \/>\n<meta property=\"og:url\" content=\"https:\/\/paragaleriedetalborjt.com\/en\/boutique\/bioderminy-cleanderm-tonique-revitalisante-250ml\/\" \/>\n<meta property=\"og:site_name\" content=\"paragaleriedetalborjt\" \/>\n<meta property=\"og:image\" content=\"https:\/\/paragaleriedetalborjt.com\/wp-content\/uploads\/2026\/01\/bioderminy-cleanderm-solution-tonique-revitalisant-250ml-1.jpg\" \/>\n\t<meta property=\"og:image:width\" content=\"403\" \/>\n\t<meta property=\"og:image:height\" content=\"529\" \/>\n\t<meta property=\"og:image:type\" content=\"image\/jpeg\" \/>\n<meta name=\"twitter:card\" content=\"summary_large_image\" \/>\n<script type=\"application\/ld+json\" class=\"yoast-schema-graph\">{\"@context\":\"https:\\\/\\\/schema.org\",\"@graph\":[{\"@type\":\"WebPage\",\"@id\":\"https:\\\/\\\/paragaleriedetalborjt.com\\\/boutique\\\/bioderminy-cleanderm-tonique-revitalisante-250ml\\\/\",\"url\":\"https:\\\/\\\/paragaleriedetalborjt.com\\\/boutique\\\/bioderminy-cleanderm-tonique-revitalisante-250ml\\\/\",\"name\":\"Bioderminy Cleanderm tonique revitalisante 250ml - paragaleriedetalborjt\",\"isPartOf\":{\"@id\":\"https:\\\/\\\/paragaleriedetalborjt.com\\\/#website\"},\"primaryImageOfPage\":{\"@id\":\"https:\\\/\\\/paragaleriedetalborjt.com\\\/boutique\\\/bioderminy-cleanderm-tonique-revitalisante-250ml\\\/#primaryimage\"},\"image\":{\"@id\":\"https:\\\/\\\/paragaleriedetalborjt.com\\\/boutique\\\/bioderminy-cleanderm-tonique-revitalisante-250ml\\\/#primaryimage\"},\"thumbnailUrl\":\"https:\\\/\\\/paragaleriedetalborjt.com\\\/wp-content\\\/uploads\\\/2026\\\/01\\\/bioderminy-cleanderm-solution-tonique-revitalisant-250ml-1.jpg\",\"datePublished\":\"2026-01-03T22:03:55+00:00\",\"breadcrumb\":{\"@id\":\"https:\\\/\\\/paragaleriedetalborjt.com\\\/boutique\\\/bioderminy-cleanderm-tonique-revitalisante-250ml\\\/#breadcrumb\"},\"inLanguage\":\"en-US\",\"potentialAction\":[{\"@type\":\"ReadAction\",\"target\":[\"https:\\\/\\\/paragaleriedetalborjt.com\\\/boutique\\\/bioderminy-cleanderm-tonique-revitalisante-250ml\\\/\"]}]},{\"@type\":\"ImageObject\",\"inLanguage\":\"en-US\",\"@id\":\"https:\\\/\\\/paragaleriedetalborjt.com\\\/boutique\\\/bioderminy-cleanderm-tonique-revitalisante-250ml\\\/#primaryimage\",\"url\":\"https:\\\/\\\/paragaleriedetalborjt.com\\\/wp-content\\\/uploads\\\/2026\\\/01\\\/bioderminy-cleanderm-solution-tonique-revitalisant-250ml-1.jpg\",\"contentUrl\":\"https:\\\/\\\/paragaleriedetalborjt.com\\\/wp-content\\\/uploads\\\/2026\\\/01\\\/bioderminy-cleanderm-solution-tonique-revitalisant-250ml-1.jpg\",\"width\":403,\"height\":529},{\"@type\":\"BreadcrumbList\",\"@id\":\"https:\\\/\\\/paragaleriedetalborjt.com\\\/boutique\\\/bioderminy-cleanderm-tonique-revitalisante-250ml\\\/#breadcrumb\",\"itemListElement\":[{\"@type\":\"ListItem\",\"position\":1,\"name\":\"Accueil\",\"item\":\"https:\\\/\\\/paragaleriedetalborjt.com\\\/\"},{\"@type\":\"ListItem\",\"position\":2,\"name\":\"Boutique\",\"item\":\"https:\\\/\\\/paragaleriedetalborjt.com\\\/boutique\\\/\"},{\"@type\":\"ListItem\",\"position\":3,\"name\":\"Bioderminy Cleanderm tonique revitalisante 250ml\"}]},{\"@type\":\"WebSite\",\"@id\":\"https:\\\/\\\/paragaleriedetalborjt.com\\\/#website\",\"url\":\"https:\\\/\\\/paragaleriedetalborjt.com\\\/\",\"name\":\"paragaleriedetalborjt\",\"description\":\"\",\"potentialAction\":[{\"@type\":\"SearchAction\",\"target\":{\"@type\":\"EntryPoint\",\"urlTemplate\":\"https:\\\/\\\/paragaleriedetalborjt.com\\\/?s={search_term_string}\"},\"query-input\":{\"@type\":\"PropertyValueSpecification\",\"valueRequired\":true,\"valueName\":\"search_term_string\"}}],\"inLanguage\":\"en-US\"}]}<\/script>\n<!-- \/ Yoast SEO plugin. -->","yoast_head_json":{"title":"Bioderminy Cleanderm tonique revitalisante 250ml - paragaleriedetalborjt","robots":{"index":"index","follow":"follow","max-snippet":"max-snippet:-1","max-image-preview":"max-image-preview:large","max-video-preview":"max-video-preview:-1"},"canonical":"https:\/\/paragaleriedetalborjt.com\/en\/boutique\/bioderminy-cleanderm-tonique-revitalisante-250ml\/","og_locale":"en_US","og_type":"article","og_title":"Bioderminy Cleanderm tonique revitalisante 250ml - paragaleriedetalborjt","og_description":"Highlights:Il offre le m\u00e9lange id\u00e9al d\u2019ingr\u00e9dients actifs et d\u2019extraits pour nettoyer en douceur, rafra\u00eechir et hydrater la peau. Il laisse la peau parfaitement nettoy\u00e9e, purifi\u00e9e et soign\u00e9e. Fournit une hydratation longue dur\u00e9e. Il ne n\u00e9cessite pas de rin\u00e7age.","og_url":"https:\/\/paragaleriedetalborjt.com\/en\/boutique\/bioderminy-cleanderm-tonique-revitalisante-250ml\/","og_site_name":"paragaleriedetalborjt","og_image":[{"width":403,"height":529,"url":"https:\/\/paragaleriedetalborjt.com\/wp-content\/uploads\/2026\/01\/bioderminy-cleanderm-solution-tonique-revitalisant-250ml-1.jpg","type":"image\/jpeg"}],"twitter_card":"summary_large_image","schema":{"@context":"https:\/\/schema.org","@graph":[{"@type":"WebPage","@id":"https:\/\/paragaleriedetalborjt.com\/boutique\/bioderminy-cleanderm-tonique-revitalisante-250ml\/","url":"https:\/\/paragaleriedetalborjt.com\/boutique\/bioderminy-cleanderm-tonique-revitalisante-250ml\/","name":"Bioderminy Cleanderm tonique revitalisante 250ml - paragaleriedetalborjt","isPartOf":{"@id":"https:\/\/paragaleriedetalborjt.com\/#website"},"primaryImageOfPage":{"@id":"https:\/\/paragaleriedetalborjt.com\/boutique\/bioderminy-cleanderm-tonique-revitalisante-250ml\/#primaryimage"},"image":{"@id":"https:\/\/paragaleriedetalborjt.com\/boutique\/bioderminy-cleanderm-tonique-revitalisante-250ml\/#primaryimage"},"thumbnailUrl":"https:\/\/paragaleriedetalborjt.com\/wp-content\/uploads\/2026\/01\/bioderminy-cleanderm-solution-tonique-revitalisant-250ml-1.jpg","datePublished":"2026-01-03T22:03:55+00:00","breadcrumb":{"@id":"https:\/\/paragaleriedetalborjt.com\/boutique\/bioderminy-cleanderm-tonique-revitalisante-250ml\/#breadcrumb"},"inLanguage":"en-US","potentialAction":[{"@type":"ReadAction","target":["https:\/\/paragaleriedetalborjt.com\/boutique\/bioderminy-cleanderm-tonique-revitalisante-250ml\/"]}]},{"@type":"ImageObject","inLanguage":"en-US","@id":"https:\/\/paragaleriedetalborjt.com\/boutique\/bioderminy-cleanderm-tonique-revitalisante-250ml\/#primaryimage","url":"https:\/\/paragaleriedetalborjt.com\/wp-content\/uploads\/2026\/01\/bioderminy-cleanderm-solution-tonique-revitalisant-250ml-1.jpg","contentUrl":"https:\/\/paragaleriedetalborjt.com\/wp-content\/uploads\/2026\/01\/bioderminy-cleanderm-solution-tonique-revitalisant-250ml-1.jpg","width":403,"height":529},{"@type":"BreadcrumbList","@id":"https:\/\/paragaleriedetalborjt.com\/boutique\/bioderminy-cleanderm-tonique-revitalisante-250ml\/#breadcrumb","itemListElement":[{"@type":"ListItem","position":1,"name":"Accueil","item":"https:\/\/paragaleriedetalborjt.com\/"},{"@type":"ListItem","position":2,"name":"Boutique","item":"https:\/\/paragaleriedetalborjt.com\/boutique\/"},{"@type":"ListItem","position":3,"name":"Bioderminy Cleanderm tonique revitalisante 250ml"}]},{"@type":"WebSite","@id":"https:\/\/paragaleriedetalborjt.com\/#website","url":"https:\/\/paragaleriedetalborjt.com\/","name":"paragaleriedetalborjt","description":"","potentialAction":[{"@type":"SearchAction","target":{"@type":"EntryPoint","urlTemplate":"https:\/\/paragaleriedetalborjt.com\/?s={search_term_string}"},"query-input":{"@type":"PropertyValueSpecification","valueRequired":true,"valueName":"search_term_string"}}],"inLanguage":"en-US"}]}},"brands":[{"id":2189,"name":"BIODERMINY","slug":"bioderminy"}],"_links":{"self":[{"href":"https:\/\/paragaleriedetalborjt.com\/en\/wp-json\/wp\/v2\/product\/44547","targetHints":{"allow":["GET"]}}],"collection":[{"href":"https:\/\/paragaleriedetalborjt.com\/en\/wp-json\/wp\/v2\/product"}],"about":[{"href":"https:\/\/paragaleriedetalborjt.com\/en\/wp-json\/wp\/v2\/types\/product"}],"replies":[{"embeddable":true,"href":"https:\/\/paragaleriedetalborjt.com\/en\/wp-json\/wp\/v2\/comments?post=44547"}],"version-history":[{"count":1,"href":"https:\/\/paragaleriedetalborjt.com\/en\/wp-json\/wp\/v2\/product\/44547\/revisions"}],"predecessor-version":[{"id":44549,"href":"https:\/\/paragaleriedetalborjt.com\/en\/wp-json\/wp\/v2\/product\/44547\/revisions\/44549"}],"wp:featuredmedia":[{"embeddable":true,"href":"https:\/\/paragaleriedetalborjt.com\/en\/wp-json\/wp\/v2\/media\/44548"}],"wp:attachment":[{"href":"https:\/\/paragaleriedetalborjt.com\/en\/wp-json\/wp\/v2\/media?parent=44547"}],"wp:term":[{"taxonomy":"pwb-brand","embeddable":true,"href":"https:\/\/paragaleriedetalborjt.com\/en\/wp-json\/wp\/v2\/pwb-brand?post=44547"},{"taxonomy":"product_cat","embeddable":true,"href":"https:\/\/paragaleriedetalborjt.com\/en\/wp-json\/wp\/v2\/product_cat?post=44547"},{"taxonomy":"product_tag","embeddable":true,"href":"https:\/\/paragaleriedetalborjt.com\/en\/wp-json\/wp\/v2\/product_tag?post=44547"}],"curies":[{"name":"wp","href":"https:\/\/api.w.org\/{rel}","templated":true}]}}