{"id":44532,"date":"2026-01-03T23:03:22","date_gmt":"2026-01-03T22:03:22","guid":{"rendered":"https:\/\/paragaleriedetalborjt.com\/?post_type=product&#038;p=44532"},"modified":"2026-01-03T23:03:22","modified_gmt":"2026-01-03T22:03:22","slug":"bioderminy-sensium-creme-contour-des-yeux-15ml","status":"publish","type":"product","link":"https:\/\/paragaleriedetalborjt.com\/en\/boutique\/bioderminy-sensium-creme-contour-des-yeux-15ml\/","title":{"rendered":"Bioderminy Sensium creme contour des yeux 15ml"},"content":{"rendered":"","protected":false},"excerpt":{"rendered":"<p>Highlights:Bioderma Sensibio contour des yeux est une Nouvelle avanc\u00e9e dans le domaine des peaux sensibles, le complexe brevet\u00e9 18b\u00e9ta-Tol\u00e9ridine augmente le seuil de tol\u00e9rance de la peau. Plus r\u00e9sistante, elle est ainsi mieux prot\u00e9g\u00e9e face aux agressions ext\u00e9rieures et devient moins r\u00e9active.sensibio gel contour des yeux apaise les sensations d\u2019inconfort et d\u2019irritations. Les agents d\u00e9congestionnants aident \u00e0 r\u00e9duire les poches. Les actifs lissants estompent les ridules. Les agents hydratants am\u00e9liorent le confort cutan\u00e9.<\/p>","protected":false},"featured_media":44533,"comment_status":"open","ping_status":"closed","template":"","meta":[],"pwb-brand":[2189],"product_cat":[16],"product_tag":[],"class_list":{"0":"post-44532","1":"product","2":"type-product","3":"status-publish","4":"has-post-thumbnail","6":"pwb-brand-bioderminy","7":"product_cat-non-classe","8":"pa_brands-bioderminy","10":"first","11":"instock","12":"sale","13":"shipping-taxable","14":"purchasable","15":"product-type-simple"},"yoast_head":"<!-- This site is optimized with the Yoast SEO plugin v27.5 - https:\/\/yoast.com\/product\/yoast-seo-wordpress\/ -->\n<title>Bioderminy Sensium creme contour des yeux 15ml - paragaleriedetalborjt<\/title>\n<meta name=\"robots\" content=\"index, follow, max-snippet:-1, max-image-preview:large, max-video-preview:-1\" \/>\n<link rel=\"canonical\" href=\"https:\/\/paragaleriedetalborjt.com\/en\/boutique\/bioderminy-sensium-creme-contour-des-yeux-15ml\/\" \/>\n<meta property=\"og:locale\" content=\"en_US\" \/>\n<meta property=\"og:type\" content=\"article\" \/>\n<meta property=\"og:title\" content=\"Bioderminy Sensium creme contour des yeux 15ml - paragaleriedetalborjt\" \/>\n<meta property=\"og:description\" content=\"Highlights:Bioderma Sensibio contour des yeux est une Nouvelle avanc\u00e9e dans le domaine des peaux sensibles, le complexe brevet\u00e9 18b\u00e9ta-Tol\u00e9ridine augmente le seuil de tol\u00e9rance de la peau. Plus r\u00e9sistante, elle est ainsi mieux prot\u00e9g\u00e9e face aux agressions ext\u00e9rieures et devient moins r\u00e9active.sensibio gel contour des yeux apaise les sensations d\u2019inconfort et d\u2019irritations. Les agents d\u00e9congestionnants aident \u00e0 r\u00e9duire les poches. Les actifs lissants estompent les ridules. Les agents hydratants am\u00e9liorent le confort cutan\u00e9.\" \/>\n<meta property=\"og:url\" content=\"https:\/\/paragaleriedetalborjt.com\/en\/boutique\/bioderminy-sensium-creme-contour-des-yeux-15ml\/\" \/>\n<meta property=\"og:site_name\" content=\"paragaleriedetalborjt\" \/>\n<meta property=\"og:image\" content=\"https:\/\/paragaleriedetalborjt.com\/wp-content\/uploads\/2026\/01\/bioderminy-sensium-creme-contour-des-yeux-15ml.jpg\" \/>\n\t<meta property=\"og:image:width\" content=\"403\" \/>\n\t<meta property=\"og:image:height\" content=\"529\" \/>\n\t<meta property=\"og:image:type\" content=\"image\/jpeg\" \/>\n<meta name=\"twitter:card\" content=\"summary_large_image\" \/>\n<script type=\"application\/ld+json\" class=\"yoast-schema-graph\">{\"@context\":\"https:\\\/\\\/schema.org\",\"@graph\":[{\"@type\":\"WebPage\",\"@id\":\"https:\\\/\\\/paragaleriedetalborjt.com\\\/boutique\\\/bioderminy-sensium-creme-contour-des-yeux-15ml\\\/\",\"url\":\"https:\\\/\\\/paragaleriedetalborjt.com\\\/boutique\\\/bioderminy-sensium-creme-contour-des-yeux-15ml\\\/\",\"name\":\"Bioderminy Sensium creme contour des yeux 15ml - paragaleriedetalborjt\",\"isPartOf\":{\"@id\":\"https:\\\/\\\/paragaleriedetalborjt.com\\\/#website\"},\"primaryImageOfPage\":{\"@id\":\"https:\\\/\\\/paragaleriedetalborjt.com\\\/boutique\\\/bioderminy-sensium-creme-contour-des-yeux-15ml\\\/#primaryimage\"},\"image\":{\"@id\":\"https:\\\/\\\/paragaleriedetalborjt.com\\\/boutique\\\/bioderminy-sensium-creme-contour-des-yeux-15ml\\\/#primaryimage\"},\"thumbnailUrl\":\"https:\\\/\\\/paragaleriedetalborjt.com\\\/wp-content\\\/uploads\\\/2026\\\/01\\\/bioderminy-sensium-creme-contour-des-yeux-15ml.jpg\",\"datePublished\":\"2026-01-03T22:03:22+00:00\",\"breadcrumb\":{\"@id\":\"https:\\\/\\\/paragaleriedetalborjt.com\\\/boutique\\\/bioderminy-sensium-creme-contour-des-yeux-15ml\\\/#breadcrumb\"},\"inLanguage\":\"en-US\",\"potentialAction\":[{\"@type\":\"ReadAction\",\"target\":[\"https:\\\/\\\/paragaleriedetalborjt.com\\\/boutique\\\/bioderminy-sensium-creme-contour-des-yeux-15ml\\\/\"]}]},{\"@type\":\"ImageObject\",\"inLanguage\":\"en-US\",\"@id\":\"https:\\\/\\\/paragaleriedetalborjt.com\\\/boutique\\\/bioderminy-sensium-creme-contour-des-yeux-15ml\\\/#primaryimage\",\"url\":\"https:\\\/\\\/paragaleriedetalborjt.com\\\/wp-content\\\/uploads\\\/2026\\\/01\\\/bioderminy-sensium-creme-contour-des-yeux-15ml.jpg\",\"contentUrl\":\"https:\\\/\\\/paragaleriedetalborjt.com\\\/wp-content\\\/uploads\\\/2026\\\/01\\\/bioderminy-sensium-creme-contour-des-yeux-15ml.jpg\",\"width\":403,\"height\":529},{\"@type\":\"BreadcrumbList\",\"@id\":\"https:\\\/\\\/paragaleriedetalborjt.com\\\/boutique\\\/bioderminy-sensium-creme-contour-des-yeux-15ml\\\/#breadcrumb\",\"itemListElement\":[{\"@type\":\"ListItem\",\"position\":1,\"name\":\"Accueil\",\"item\":\"https:\\\/\\\/paragaleriedetalborjt.com\\\/\"},{\"@type\":\"ListItem\",\"position\":2,\"name\":\"Boutique\",\"item\":\"https:\\\/\\\/paragaleriedetalborjt.com\\\/boutique\\\/\"},{\"@type\":\"ListItem\",\"position\":3,\"name\":\"Bioderminy Sensium creme contour des yeux 15ml\"}]},{\"@type\":\"WebSite\",\"@id\":\"https:\\\/\\\/paragaleriedetalborjt.com\\\/#website\",\"url\":\"https:\\\/\\\/paragaleriedetalborjt.com\\\/\",\"name\":\"paragaleriedetalborjt\",\"description\":\"\",\"potentialAction\":[{\"@type\":\"SearchAction\",\"target\":{\"@type\":\"EntryPoint\",\"urlTemplate\":\"https:\\\/\\\/paragaleriedetalborjt.com\\\/?s={search_term_string}\"},\"query-input\":{\"@type\":\"PropertyValueSpecification\",\"valueRequired\":true,\"valueName\":\"search_term_string\"}}],\"inLanguage\":\"en-US\"}]}<\/script>\n<!-- \/ Yoast SEO plugin. -->","yoast_head_json":{"title":"Bioderminy Sensium creme contour des yeux 15ml - paragaleriedetalborjt","robots":{"index":"index","follow":"follow","max-snippet":"max-snippet:-1","max-image-preview":"max-image-preview:large","max-video-preview":"max-video-preview:-1"},"canonical":"https:\/\/paragaleriedetalborjt.com\/en\/boutique\/bioderminy-sensium-creme-contour-des-yeux-15ml\/","og_locale":"en_US","og_type":"article","og_title":"Bioderminy Sensium creme contour des yeux 15ml - paragaleriedetalborjt","og_description":"Highlights:Bioderma Sensibio contour des yeux est une Nouvelle avanc\u00e9e dans le domaine des peaux sensibles, le complexe brevet\u00e9 18b\u00e9ta-Tol\u00e9ridine augmente le seuil de tol\u00e9rance de la peau. Plus r\u00e9sistante, elle est ainsi mieux prot\u00e9g\u00e9e face aux agressions ext\u00e9rieures et devient moins r\u00e9active.sensibio gel contour des yeux apaise les sensations d\u2019inconfort et d\u2019irritations. Les agents d\u00e9congestionnants aident \u00e0 r\u00e9duire les poches. Les actifs lissants estompent les ridules. Les agents hydratants am\u00e9liorent le confort cutan\u00e9.","og_url":"https:\/\/paragaleriedetalborjt.com\/en\/boutique\/bioderminy-sensium-creme-contour-des-yeux-15ml\/","og_site_name":"paragaleriedetalborjt","og_image":[{"width":403,"height":529,"url":"https:\/\/paragaleriedetalborjt.com\/wp-content\/uploads\/2026\/01\/bioderminy-sensium-creme-contour-des-yeux-15ml.jpg","type":"image\/jpeg"}],"twitter_card":"summary_large_image","schema":{"@context":"https:\/\/schema.org","@graph":[{"@type":"WebPage","@id":"https:\/\/paragaleriedetalborjt.com\/boutique\/bioderminy-sensium-creme-contour-des-yeux-15ml\/","url":"https:\/\/paragaleriedetalborjt.com\/boutique\/bioderminy-sensium-creme-contour-des-yeux-15ml\/","name":"Bioderminy Sensium creme contour des yeux 15ml - paragaleriedetalborjt","isPartOf":{"@id":"https:\/\/paragaleriedetalborjt.com\/#website"},"primaryImageOfPage":{"@id":"https:\/\/paragaleriedetalborjt.com\/boutique\/bioderminy-sensium-creme-contour-des-yeux-15ml\/#primaryimage"},"image":{"@id":"https:\/\/paragaleriedetalborjt.com\/boutique\/bioderminy-sensium-creme-contour-des-yeux-15ml\/#primaryimage"},"thumbnailUrl":"https:\/\/paragaleriedetalborjt.com\/wp-content\/uploads\/2026\/01\/bioderminy-sensium-creme-contour-des-yeux-15ml.jpg","datePublished":"2026-01-03T22:03:22+00:00","breadcrumb":{"@id":"https:\/\/paragaleriedetalborjt.com\/boutique\/bioderminy-sensium-creme-contour-des-yeux-15ml\/#breadcrumb"},"inLanguage":"en-US","potentialAction":[{"@type":"ReadAction","target":["https:\/\/paragaleriedetalborjt.com\/boutique\/bioderminy-sensium-creme-contour-des-yeux-15ml\/"]}]},{"@type":"ImageObject","inLanguage":"en-US","@id":"https:\/\/paragaleriedetalborjt.com\/boutique\/bioderminy-sensium-creme-contour-des-yeux-15ml\/#primaryimage","url":"https:\/\/paragaleriedetalborjt.com\/wp-content\/uploads\/2026\/01\/bioderminy-sensium-creme-contour-des-yeux-15ml.jpg","contentUrl":"https:\/\/paragaleriedetalborjt.com\/wp-content\/uploads\/2026\/01\/bioderminy-sensium-creme-contour-des-yeux-15ml.jpg","width":403,"height":529},{"@type":"BreadcrumbList","@id":"https:\/\/paragaleriedetalborjt.com\/boutique\/bioderminy-sensium-creme-contour-des-yeux-15ml\/#breadcrumb","itemListElement":[{"@type":"ListItem","position":1,"name":"Accueil","item":"https:\/\/paragaleriedetalborjt.com\/"},{"@type":"ListItem","position":2,"name":"Boutique","item":"https:\/\/paragaleriedetalborjt.com\/boutique\/"},{"@type":"ListItem","position":3,"name":"Bioderminy Sensium creme contour des yeux 15ml"}]},{"@type":"WebSite","@id":"https:\/\/paragaleriedetalborjt.com\/#website","url":"https:\/\/paragaleriedetalborjt.com\/","name":"paragaleriedetalborjt","description":"","potentialAction":[{"@type":"SearchAction","target":{"@type":"EntryPoint","urlTemplate":"https:\/\/paragaleriedetalborjt.com\/?s={search_term_string}"},"query-input":{"@type":"PropertyValueSpecification","valueRequired":true,"valueName":"search_term_string"}}],"inLanguage":"en-US"}]}},"brands":[{"id":2189,"name":"BIODERMINY","slug":"bioderminy"}],"_links":{"self":[{"href":"https:\/\/paragaleriedetalborjt.com\/en\/wp-json\/wp\/v2\/product\/44532","targetHints":{"allow":["GET"]}}],"collection":[{"href":"https:\/\/paragaleriedetalborjt.com\/en\/wp-json\/wp\/v2\/product"}],"about":[{"href":"https:\/\/paragaleriedetalborjt.com\/en\/wp-json\/wp\/v2\/types\/product"}],"replies":[{"embeddable":true,"href":"https:\/\/paragaleriedetalborjt.com\/en\/wp-json\/wp\/v2\/comments?post=44532"}],"version-history":[{"count":1,"href":"https:\/\/paragaleriedetalborjt.com\/en\/wp-json\/wp\/v2\/product\/44532\/revisions"}],"predecessor-version":[{"id":44534,"href":"https:\/\/paragaleriedetalborjt.com\/en\/wp-json\/wp\/v2\/product\/44532\/revisions\/44534"}],"wp:featuredmedia":[{"embeddable":true,"href":"https:\/\/paragaleriedetalborjt.com\/en\/wp-json\/wp\/v2\/media\/44533"}],"wp:attachment":[{"href":"https:\/\/paragaleriedetalborjt.com\/en\/wp-json\/wp\/v2\/media?parent=44532"}],"wp:term":[{"taxonomy":"pwb-brand","embeddable":true,"href":"https:\/\/paragaleriedetalborjt.com\/en\/wp-json\/wp\/v2\/pwb-brand?post=44532"},{"taxonomy":"product_cat","embeddable":true,"href":"https:\/\/paragaleriedetalborjt.com\/en\/wp-json\/wp\/v2\/product_cat?post=44532"},{"taxonomy":"product_tag","embeddable":true,"href":"https:\/\/paragaleriedetalborjt.com\/en\/wp-json\/wp\/v2\/product_tag?post=44532"}],"curies":[{"name":"wp","href":"https:\/\/api.w.org\/{rel}","templated":true}]}}