{"id":44502,"date":"2026-01-03T23:02:10","date_gmt":"2026-01-03T22:02:10","guid":{"rendered":"https:\/\/paragaleriedetalborjt.com\/?post_type=product&#038;p=44502"},"modified":"2026-01-03T23:02:11","modified_gmt":"2026-01-03T22:02:11","slug":"marimer-spray-hygiene-nasale-baby-100ml","status":"publish","type":"product","link":"https:\/\/paragaleriedetalborjt.com\/en\/boutique\/marimer-spray-hygiene-nasale-baby-100ml\/","title":{"rendered":"MARIMER Spray Hygi\u00e8ne Nasale Baby 100ml"},"content":{"rendered":"<div aria-labelledby=\"tab-title-description\" class=\"woocommerce-Tabs-panel woocommerce-Tabs-panel--description panel entry-content wc-tab\" id=\"tab-description\" role=\"tabpanel\" style=\"\">\n<h2>Description<\/h2>\n<p>\u2018-\u00a0Pour l\u2019hygi\u00e8ne quotidienne des fosses nasales, afin de pr\u00e9venir les infections ORL,<br \/>\n\u2013\u00a0Pour une humidification de la muqueuse nasale ass\u00e9ch\u00e9e.<\/p>\n<h3><strong>Conseils d\u2019Utilisation : <\/strong> <\/h3>\n<p>1 pulv\u00e9risation par narine, de pr\u00e9f\u00e9rence avant chaque repas, 1 \u00e0 4 fois par jour selon les besoins.<br \/>\nLire attentivement la notice avant utilisation. Demander conseil \u00e0 votre pharmacien.<\/p>\n<p>Ce dispositif m\u00e9dical est dot\u00e9 d\u2019un proc\u00e9d\u00e9 de microdiffusion qui facilite l\u2019\u00e9vacuation en douceur des s\u00e9cr\u00e9tions nasales. Son large embout de s\u00e9curit\u00e9 permet une utilisation sans danger chez le nourrisson d\u00e8s la naissance.<\/p>\n<\/div>","protected":false},"excerpt":{"rendered":"<p>Highlights:Une bonne hygi\u00e8ne du nez de b\u00e9b\u00e9 favorise la protection de la muqueuse nasale contre les agressions ext\u00e9rieures et aide \u00e0 pr\u00e9venir les risques d\u2019infections ORL. L\u2019utilisation de MARIMER BABY HYGIENE NASALE aide le nez \u00e0 assurer sa fonction respiratoire exclusivement nasale jusqu\u2019\u00e0 l\u2019\u00e2ge de 6 mois.<\/p>","protected":false},"featured_media":44503,"comment_status":"open","ping_status":"closed","template":"","meta":[],"pwb-brand":[2187],"product_cat":[16],"product_tag":[],"class_list":{"0":"post-44502","1":"product","2":"type-product","3":"status-publish","4":"has-post-thumbnail","6":"pwb-brand-marimer","7":"product_cat-non-classe","8":"pa_brands-marimer","10":"first","11":"instock","12":"sale","13":"shipping-taxable","14":"purchasable","15":"product-type-simple"},"yoast_head":"<!-- This site is optimized with the Yoast SEO plugin v26.9 - https:\/\/yoast.com\/product\/yoast-seo-wordpress\/ -->\n<title>MARIMER Spray Hygi\u00e8ne Nasale Baby 100ml - paragaleriedetalborjt<\/title>\n<meta name=\"robots\" content=\"index, follow, max-snippet:-1, max-image-preview:large, max-video-preview:-1\" \/>\n<link rel=\"canonical\" href=\"https:\/\/paragaleriedetalborjt.com\/en\/boutique\/marimer-spray-hygiene-nasale-baby-100ml\/\" \/>\n<meta property=\"og:locale\" content=\"en_US\" \/>\n<meta property=\"og:type\" content=\"article\" \/>\n<meta property=\"og:title\" content=\"MARIMER Spray Hygi\u00e8ne Nasale Baby 100ml - paragaleriedetalborjt\" \/>\n<meta property=\"og:description\" content=\"Highlights:Une bonne hygi\u00e8ne du nez de b\u00e9b\u00e9 favorise la protection de la muqueuse nasale contre les agressions ext\u00e9rieures et aide \u00e0 pr\u00e9venir les risques d\u2019infections ORL. L\u2019utilisation de MARIMER BABY HYGIENE NASALE aide le nez \u00e0 assurer sa fonction respiratoire exclusivement nasale jusqu\u2019\u00e0 l\u2019\u00e2ge de 6 mois.\" \/>\n<meta property=\"og:url\" content=\"https:\/\/paragaleriedetalborjt.com\/en\/boutique\/marimer-spray-hygiene-nasale-baby-100ml\/\" \/>\n<meta property=\"og:site_name\" content=\"paragaleriedetalborjt\" \/>\n<meta property=\"article:modified_time\" content=\"2026-01-03T22:02:11+00:00\" \/>\n<meta property=\"og:image\" content=\"https:\/\/paragaleriedetalborjt.com\/wp-content\/uploads\/2026\/01\/3518646672354.jpg\" \/>\n\t<meta property=\"og:image:width\" content=\"595\" \/>\n\t<meta property=\"og:image:height\" content=\"655\" \/>\n\t<meta property=\"og:image:type\" content=\"image\/jpeg\" \/>\n<meta name=\"twitter:card\" content=\"summary_large_image\" \/>\n<script type=\"application\/ld+json\" class=\"yoast-schema-graph\">{\"@context\":\"https:\/\/schema.org\",\"@graph\":[{\"@type\":\"WebPage\",\"@id\":\"https:\/\/paragaleriedetalborjt.com\/boutique\/marimer-spray-hygiene-nasale-baby-100ml\/\",\"url\":\"https:\/\/paragaleriedetalborjt.com\/boutique\/marimer-spray-hygiene-nasale-baby-100ml\/\",\"name\":\"MARIMER Spray Hygi\u00e8ne Nasale Baby 100ml - paragaleriedetalborjt\",\"isPartOf\":{\"@id\":\"https:\/\/paragaleriedetalborjt.com\/#website\"},\"primaryImageOfPage\":{\"@id\":\"https:\/\/paragaleriedetalborjt.com\/boutique\/marimer-spray-hygiene-nasale-baby-100ml\/#primaryimage\"},\"image\":{\"@id\":\"https:\/\/paragaleriedetalborjt.com\/boutique\/marimer-spray-hygiene-nasale-baby-100ml\/#primaryimage\"},\"thumbnailUrl\":\"https:\/\/paragaleriedetalborjt.com\/wp-content\/uploads\/2026\/01\/3518646672354.jpg\",\"datePublished\":\"2026-01-03T22:02:10+00:00\",\"dateModified\":\"2026-01-03T22:02:11+00:00\",\"breadcrumb\":{\"@id\":\"https:\/\/paragaleriedetalborjt.com\/boutique\/marimer-spray-hygiene-nasale-baby-100ml\/#breadcrumb\"},\"inLanguage\":\"en-US\",\"potentialAction\":[{\"@type\":\"ReadAction\",\"target\":[\"https:\/\/paragaleriedetalborjt.com\/boutique\/marimer-spray-hygiene-nasale-baby-100ml\/\"]}]},{\"@type\":\"ImageObject\",\"inLanguage\":\"en-US\",\"@id\":\"https:\/\/paragaleriedetalborjt.com\/boutique\/marimer-spray-hygiene-nasale-baby-100ml\/#primaryimage\",\"url\":\"https:\/\/paragaleriedetalborjt.com\/wp-content\/uploads\/2026\/01\/3518646672354.jpg\",\"contentUrl\":\"https:\/\/paragaleriedetalborjt.com\/wp-content\/uploads\/2026\/01\/3518646672354.jpg\",\"width\":595,\"height\":655},{\"@type\":\"BreadcrumbList\",\"@id\":\"https:\/\/paragaleriedetalborjt.com\/boutique\/marimer-spray-hygiene-nasale-baby-100ml\/#breadcrumb\",\"itemListElement\":[{\"@type\":\"ListItem\",\"position\":1,\"name\":\"Accueil\",\"item\":\"https:\/\/paragaleriedetalborjt.com\/\"},{\"@type\":\"ListItem\",\"position\":2,\"name\":\"Boutique\",\"item\":\"https:\/\/paragaleriedetalborjt.com\/boutique\/\"},{\"@type\":\"ListItem\",\"position\":3,\"name\":\"MARIMER Spray Hygi\u00e8ne Nasale Baby 100ml\"}]},{\"@type\":\"WebSite\",\"@id\":\"https:\/\/paragaleriedetalborjt.com\/#website\",\"url\":\"https:\/\/paragaleriedetalborjt.com\/\",\"name\":\"paragaleriedetalborjt\",\"description\":\"\",\"potentialAction\":[{\"@type\":\"SearchAction\",\"target\":{\"@type\":\"EntryPoint\",\"urlTemplate\":\"https:\/\/paragaleriedetalborjt.com\/?s={search_term_string}\"},\"query-input\":{\"@type\":\"PropertyValueSpecification\",\"valueRequired\":true,\"valueName\":\"search_term_string\"}}],\"inLanguage\":\"en-US\"}]}<\/script>\n<!-- \/ Yoast SEO plugin. -->","yoast_head_json":{"title":"MARIMER Spray Hygi\u00e8ne Nasale Baby 100ml - paragaleriedetalborjt","robots":{"index":"index","follow":"follow","max-snippet":"max-snippet:-1","max-image-preview":"max-image-preview:large","max-video-preview":"max-video-preview:-1"},"canonical":"https:\/\/paragaleriedetalborjt.com\/en\/boutique\/marimer-spray-hygiene-nasale-baby-100ml\/","og_locale":"en_US","og_type":"article","og_title":"MARIMER Spray Hygi\u00e8ne Nasale Baby 100ml - paragaleriedetalborjt","og_description":"Highlights:Une bonne hygi\u00e8ne du nez de b\u00e9b\u00e9 favorise la protection de la muqueuse nasale contre les agressions ext\u00e9rieures et aide \u00e0 pr\u00e9venir les risques d\u2019infections ORL. L\u2019utilisation de MARIMER BABY HYGIENE NASALE aide le nez \u00e0 assurer sa fonction respiratoire exclusivement nasale jusqu\u2019\u00e0 l\u2019\u00e2ge de 6 mois.","og_url":"https:\/\/paragaleriedetalborjt.com\/en\/boutique\/marimer-spray-hygiene-nasale-baby-100ml\/","og_site_name":"paragaleriedetalborjt","article_modified_time":"2026-01-03T22:02:11+00:00","og_image":[{"width":595,"height":655,"url":"https:\/\/paragaleriedetalborjt.com\/wp-content\/uploads\/2026\/01\/3518646672354.jpg","type":"image\/jpeg"}],"twitter_card":"summary_large_image","schema":{"@context":"https:\/\/schema.org","@graph":[{"@type":"WebPage","@id":"https:\/\/paragaleriedetalborjt.com\/boutique\/marimer-spray-hygiene-nasale-baby-100ml\/","url":"https:\/\/paragaleriedetalborjt.com\/boutique\/marimer-spray-hygiene-nasale-baby-100ml\/","name":"MARIMER Spray Hygi\u00e8ne Nasale Baby 100ml - paragaleriedetalborjt","isPartOf":{"@id":"https:\/\/paragaleriedetalborjt.com\/#website"},"primaryImageOfPage":{"@id":"https:\/\/paragaleriedetalborjt.com\/boutique\/marimer-spray-hygiene-nasale-baby-100ml\/#primaryimage"},"image":{"@id":"https:\/\/paragaleriedetalborjt.com\/boutique\/marimer-spray-hygiene-nasale-baby-100ml\/#primaryimage"},"thumbnailUrl":"https:\/\/paragaleriedetalborjt.com\/wp-content\/uploads\/2026\/01\/3518646672354.jpg","datePublished":"2026-01-03T22:02:10+00:00","dateModified":"2026-01-03T22:02:11+00:00","breadcrumb":{"@id":"https:\/\/paragaleriedetalborjt.com\/boutique\/marimer-spray-hygiene-nasale-baby-100ml\/#breadcrumb"},"inLanguage":"en-US","potentialAction":[{"@type":"ReadAction","target":["https:\/\/paragaleriedetalborjt.com\/boutique\/marimer-spray-hygiene-nasale-baby-100ml\/"]}]},{"@type":"ImageObject","inLanguage":"en-US","@id":"https:\/\/paragaleriedetalborjt.com\/boutique\/marimer-spray-hygiene-nasale-baby-100ml\/#primaryimage","url":"https:\/\/paragaleriedetalborjt.com\/wp-content\/uploads\/2026\/01\/3518646672354.jpg","contentUrl":"https:\/\/paragaleriedetalborjt.com\/wp-content\/uploads\/2026\/01\/3518646672354.jpg","width":595,"height":655},{"@type":"BreadcrumbList","@id":"https:\/\/paragaleriedetalborjt.com\/boutique\/marimer-spray-hygiene-nasale-baby-100ml\/#breadcrumb","itemListElement":[{"@type":"ListItem","position":1,"name":"Accueil","item":"https:\/\/paragaleriedetalborjt.com\/"},{"@type":"ListItem","position":2,"name":"Boutique","item":"https:\/\/paragaleriedetalborjt.com\/boutique\/"},{"@type":"ListItem","position":3,"name":"MARIMER Spray Hygi\u00e8ne Nasale Baby 100ml"}]},{"@type":"WebSite","@id":"https:\/\/paragaleriedetalborjt.com\/#website","url":"https:\/\/paragaleriedetalborjt.com\/","name":"paragaleriedetalborjt","description":"","potentialAction":[{"@type":"SearchAction","target":{"@type":"EntryPoint","urlTemplate":"https:\/\/paragaleriedetalborjt.com\/?s={search_term_string}"},"query-input":{"@type":"PropertyValueSpecification","valueRequired":true,"valueName":"search_term_string"}}],"inLanguage":"en-US"}]}},"brands":[{"id":2187,"name":"MARIMER","slug":"marimer"}],"_links":{"self":[{"href":"https:\/\/paragaleriedetalborjt.com\/en\/wp-json\/wp\/v2\/product\/44502","targetHints":{"allow":["GET"]}}],"collection":[{"href":"https:\/\/paragaleriedetalborjt.com\/en\/wp-json\/wp\/v2\/product"}],"about":[{"href":"https:\/\/paragaleriedetalborjt.com\/en\/wp-json\/wp\/v2\/types\/product"}],"replies":[{"embeddable":true,"href":"https:\/\/paragaleriedetalborjt.com\/en\/wp-json\/wp\/v2\/comments?post=44502"}],"version-history":[{"count":1,"href":"https:\/\/paragaleriedetalborjt.com\/en\/wp-json\/wp\/v2\/product\/44502\/revisions"}],"predecessor-version":[{"id":44504,"href":"https:\/\/paragaleriedetalborjt.com\/en\/wp-json\/wp\/v2\/product\/44502\/revisions\/44504"}],"wp:featuredmedia":[{"embeddable":true,"href":"https:\/\/paragaleriedetalborjt.com\/en\/wp-json\/wp\/v2\/media\/44503"}],"wp:attachment":[{"href":"https:\/\/paragaleriedetalborjt.com\/en\/wp-json\/wp\/v2\/media?parent=44502"}],"wp:term":[{"taxonomy":"pwb-brand","embeddable":true,"href":"https:\/\/paragaleriedetalborjt.com\/en\/wp-json\/wp\/v2\/pwb-brand?post=44502"},{"taxonomy":"product_cat","embeddable":true,"href":"https:\/\/paragaleriedetalborjt.com\/en\/wp-json\/wp\/v2\/product_cat?post=44502"},{"taxonomy":"product_tag","embeddable":true,"href":"https:\/\/paragaleriedetalborjt.com\/en\/wp-json\/wp\/v2\/product_tag?post=44502"}],"curies":[{"name":"wp","href":"https:\/\/api.w.org\/{rel}","templated":true}]}}