{"id":44484,"date":"2026-01-03T23:01:29","date_gmt":"2026-01-03T22:01:29","guid":{"rendered":"https:\/\/paragaleriedetalborjt.com\/?post_type=product&#038;p=44484"},"modified":"2026-01-03T23:01:29","modified_gmt":"2026-01-03T22:01:29","slug":"th-pharma-shampooing-avoine-et-gelee-royale-1-l","status":"publish","type":"product","link":"https:\/\/paragaleriedetalborjt.com\/en\/boutique\/th-pharma-shampooing-avoine-et-gelee-royale-1-l\/","title":{"rendered":"Th-Pharma SHAMPOOING AVOINE ET GEL\u00c9E ROYALE 1 L"},"content":{"rendered":"<div aria-labelledby=\"tab-title-description\" class=\"woocommerce-Tabs-panel woocommerce-Tabs-panel--description panel entry-content wc-tab\" id=\"tab-description\" role=\"tabpanel\" style=\"\">\n<h2>Description<\/h2>\n<ul>\n<li>AVOINE: L\u2019avoine est une plante herbac\u00e9e annuelle appartenant \u00e0 la famille des gramin\u00e9es. Il est riche en prot\u00e9ines de haute valeur biologique, en graisses et en un grand nombre de vitamines et de min\u00e9raux.<\/li>\n<li>JALE REAL: La gel\u00e9e royale est connue pour sa teneur \u00e9lev\u00e9e en vitamines B, C, D et E, sels min\u00e9raux. Seules la reine des abeilles et les futures reines se nourrissent de gel\u00e9e toute leur vie. Des recherches r\u00e9centes ont identifi\u00e9 un ensemble de prot\u00e9ines d\u2019une grande importance dans sa composition, ce qui en fait un miracle de la nature.<\/li>\n<\/ul>\n<p><strong><strong>Conseils d\u2019Utilisation : <\/strong> <\/strong><\/p>\n<p>Lavez les cheveux en les massant doucement, laissez agir quelques instants et rincez \u00e0 l\u2019eau ti\u00e8de.<\/p>\n<p>R\u00e9p\u00e9tez l\u2019op\u00e9ration.<\/p>\n<\/div>","protected":false},"excerpt":{"rendered":"<p>Highlights:Cheveux brillants, hydrat\u00e9s, soyeux.Apporte douceur et brillance aux cheveux.Sa formule onctueuse et cr\u00e9meuse procure soin et douceur sans peser.les cheveux sont hydrat\u00e9s et faciles \u00e0 coiffer.<\/p>","protected":false},"featured_media":44485,"comment_status":"open","ping_status":"closed","template":"","meta":[],"pwb-brand":[1751],"product_cat":[16],"product_tag":[],"class_list":{"0":"post-44484","1":"product","2":"type-product","3":"status-publish","4":"has-post-thumbnail","6":"pwb-brand-th-pharma","7":"product_cat-non-classe","8":"pa_brands-th-pharma","10":"first","11":"instock","12":"sale","13":"shipping-taxable","14":"purchasable","15":"product-type-simple"},"yoast_head":"<!-- This site is optimized with the Yoast SEO plugin v27.5 - https:\/\/yoast.com\/product\/yoast-seo-wordpress\/ -->\n<title>Th-Pharma SHAMPOOING AVOINE ET GEL\u00c9E ROYALE 1 L - paragaleriedetalborjt<\/title>\n<meta name=\"robots\" content=\"index, follow, max-snippet:-1, max-image-preview:large, max-video-preview:-1\" \/>\n<link rel=\"canonical\" href=\"https:\/\/paragaleriedetalborjt.com\/en\/boutique\/th-pharma-shampooing-avoine-et-gelee-royale-1-l\/\" \/>\n<meta property=\"og:locale\" content=\"en_US\" \/>\n<meta property=\"og:type\" content=\"article\" \/>\n<meta property=\"og:title\" content=\"Th-Pharma SHAMPOOING AVOINE ET GEL\u00c9E ROYALE 1 L - paragaleriedetalborjt\" \/>\n<meta property=\"og:description\" content=\"Highlights:Cheveux brillants, hydrat\u00e9s, soyeux.Apporte douceur et brillance aux cheveux.Sa formule onctueuse et cr\u00e9meuse procure soin et douceur sans peser.les cheveux sont hydrat\u00e9s et faciles \u00e0 coiffer.\" \/>\n<meta property=\"og:url\" content=\"https:\/\/paragaleriedetalborjt.com\/en\/boutique\/th-pharma-shampooing-avoine-et-gelee-royale-1-l\/\" \/>\n<meta property=\"og:site_name\" content=\"paragaleriedetalborjt\" \/>\n<meta property=\"og:image\" content=\"https:\/\/paragaleriedetalborjt.com\/wp-content\/uploads\/2026\/01\/8426827086089.jpg\" \/>\n\t<meta property=\"og:image:width\" content=\"595\" \/>\n\t<meta property=\"og:image:height\" content=\"655\" \/>\n\t<meta property=\"og:image:type\" content=\"image\/jpeg\" \/>\n<meta name=\"twitter:card\" content=\"summary_large_image\" \/>\n<meta name=\"twitter:label1\" content=\"Est. reading time\" \/>\n\t<meta name=\"twitter:data1\" content=\"1 minute\" \/>\n<script type=\"application\/ld+json\" class=\"yoast-schema-graph\">{\"@context\":\"https:\\\/\\\/schema.org\",\"@graph\":[{\"@type\":\"WebPage\",\"@id\":\"https:\\\/\\\/paragaleriedetalborjt.com\\\/boutique\\\/th-pharma-shampooing-avoine-et-gelee-royale-1-l\\\/\",\"url\":\"https:\\\/\\\/paragaleriedetalborjt.com\\\/boutique\\\/th-pharma-shampooing-avoine-et-gelee-royale-1-l\\\/\",\"name\":\"Th-Pharma SHAMPOOING AVOINE ET GEL\u00c9E ROYALE 1 L - paragaleriedetalborjt\",\"isPartOf\":{\"@id\":\"https:\\\/\\\/paragaleriedetalborjt.com\\\/#website\"},\"primaryImageOfPage\":{\"@id\":\"https:\\\/\\\/paragaleriedetalborjt.com\\\/boutique\\\/th-pharma-shampooing-avoine-et-gelee-royale-1-l\\\/#primaryimage\"},\"image\":{\"@id\":\"https:\\\/\\\/paragaleriedetalborjt.com\\\/boutique\\\/th-pharma-shampooing-avoine-et-gelee-royale-1-l\\\/#primaryimage\"},\"thumbnailUrl\":\"https:\\\/\\\/paragaleriedetalborjt.com\\\/wp-content\\\/uploads\\\/2026\\\/01\\\/8426827086089.jpg\",\"datePublished\":\"2026-01-03T22:01:29+00:00\",\"breadcrumb\":{\"@id\":\"https:\\\/\\\/paragaleriedetalborjt.com\\\/boutique\\\/th-pharma-shampooing-avoine-et-gelee-royale-1-l\\\/#breadcrumb\"},\"inLanguage\":\"en-US\",\"potentialAction\":[{\"@type\":\"ReadAction\",\"target\":[\"https:\\\/\\\/paragaleriedetalborjt.com\\\/boutique\\\/th-pharma-shampooing-avoine-et-gelee-royale-1-l\\\/\"]}]},{\"@type\":\"ImageObject\",\"inLanguage\":\"en-US\",\"@id\":\"https:\\\/\\\/paragaleriedetalborjt.com\\\/boutique\\\/th-pharma-shampooing-avoine-et-gelee-royale-1-l\\\/#primaryimage\",\"url\":\"https:\\\/\\\/paragaleriedetalborjt.com\\\/wp-content\\\/uploads\\\/2026\\\/01\\\/8426827086089.jpg\",\"contentUrl\":\"https:\\\/\\\/paragaleriedetalborjt.com\\\/wp-content\\\/uploads\\\/2026\\\/01\\\/8426827086089.jpg\",\"width\":595,\"height\":655},{\"@type\":\"BreadcrumbList\",\"@id\":\"https:\\\/\\\/paragaleriedetalborjt.com\\\/boutique\\\/th-pharma-shampooing-avoine-et-gelee-royale-1-l\\\/#breadcrumb\",\"itemListElement\":[{\"@type\":\"ListItem\",\"position\":1,\"name\":\"Accueil\",\"item\":\"https:\\\/\\\/paragaleriedetalborjt.com\\\/\"},{\"@type\":\"ListItem\",\"position\":2,\"name\":\"Boutique\",\"item\":\"https:\\\/\\\/paragaleriedetalborjt.com\\\/boutique\\\/\"},{\"@type\":\"ListItem\",\"position\":3,\"name\":\"Th-Pharma SHAMPOOING AVOINE ET GEL\u00c9E ROYALE 1 L\"}]},{\"@type\":\"WebSite\",\"@id\":\"https:\\\/\\\/paragaleriedetalborjt.com\\\/#website\",\"url\":\"https:\\\/\\\/paragaleriedetalborjt.com\\\/\",\"name\":\"paragaleriedetalborjt\",\"description\":\"\",\"potentialAction\":[{\"@type\":\"SearchAction\",\"target\":{\"@type\":\"EntryPoint\",\"urlTemplate\":\"https:\\\/\\\/paragaleriedetalborjt.com\\\/?s={search_term_string}\"},\"query-input\":{\"@type\":\"PropertyValueSpecification\",\"valueRequired\":true,\"valueName\":\"search_term_string\"}}],\"inLanguage\":\"en-US\"}]}<\/script>\n<!-- \/ Yoast SEO plugin. -->","yoast_head_json":{"title":"Th-Pharma SHAMPOOING AVOINE ET GEL\u00c9E ROYALE 1 L - paragaleriedetalborjt","robots":{"index":"index","follow":"follow","max-snippet":"max-snippet:-1","max-image-preview":"max-image-preview:large","max-video-preview":"max-video-preview:-1"},"canonical":"https:\/\/paragaleriedetalborjt.com\/en\/boutique\/th-pharma-shampooing-avoine-et-gelee-royale-1-l\/","og_locale":"en_US","og_type":"article","og_title":"Th-Pharma SHAMPOOING AVOINE ET GEL\u00c9E ROYALE 1 L - paragaleriedetalborjt","og_description":"Highlights:Cheveux brillants, hydrat\u00e9s, soyeux.Apporte douceur et brillance aux cheveux.Sa formule onctueuse et cr\u00e9meuse procure soin et douceur sans peser.les cheveux sont hydrat\u00e9s et faciles \u00e0 coiffer.","og_url":"https:\/\/paragaleriedetalborjt.com\/en\/boutique\/th-pharma-shampooing-avoine-et-gelee-royale-1-l\/","og_site_name":"paragaleriedetalborjt","og_image":[{"width":595,"height":655,"url":"https:\/\/paragaleriedetalborjt.com\/wp-content\/uploads\/2026\/01\/8426827086089.jpg","type":"image\/jpeg"}],"twitter_card":"summary_large_image","twitter_misc":{"Est. reading time":"1 minute"},"schema":{"@context":"https:\/\/schema.org","@graph":[{"@type":"WebPage","@id":"https:\/\/paragaleriedetalborjt.com\/boutique\/th-pharma-shampooing-avoine-et-gelee-royale-1-l\/","url":"https:\/\/paragaleriedetalborjt.com\/boutique\/th-pharma-shampooing-avoine-et-gelee-royale-1-l\/","name":"Th-Pharma SHAMPOOING AVOINE ET GEL\u00c9E ROYALE 1 L - paragaleriedetalborjt","isPartOf":{"@id":"https:\/\/paragaleriedetalborjt.com\/#website"},"primaryImageOfPage":{"@id":"https:\/\/paragaleriedetalborjt.com\/boutique\/th-pharma-shampooing-avoine-et-gelee-royale-1-l\/#primaryimage"},"image":{"@id":"https:\/\/paragaleriedetalborjt.com\/boutique\/th-pharma-shampooing-avoine-et-gelee-royale-1-l\/#primaryimage"},"thumbnailUrl":"https:\/\/paragaleriedetalborjt.com\/wp-content\/uploads\/2026\/01\/8426827086089.jpg","datePublished":"2026-01-03T22:01:29+00:00","breadcrumb":{"@id":"https:\/\/paragaleriedetalborjt.com\/boutique\/th-pharma-shampooing-avoine-et-gelee-royale-1-l\/#breadcrumb"},"inLanguage":"en-US","potentialAction":[{"@type":"ReadAction","target":["https:\/\/paragaleriedetalborjt.com\/boutique\/th-pharma-shampooing-avoine-et-gelee-royale-1-l\/"]}]},{"@type":"ImageObject","inLanguage":"en-US","@id":"https:\/\/paragaleriedetalborjt.com\/boutique\/th-pharma-shampooing-avoine-et-gelee-royale-1-l\/#primaryimage","url":"https:\/\/paragaleriedetalborjt.com\/wp-content\/uploads\/2026\/01\/8426827086089.jpg","contentUrl":"https:\/\/paragaleriedetalborjt.com\/wp-content\/uploads\/2026\/01\/8426827086089.jpg","width":595,"height":655},{"@type":"BreadcrumbList","@id":"https:\/\/paragaleriedetalborjt.com\/boutique\/th-pharma-shampooing-avoine-et-gelee-royale-1-l\/#breadcrumb","itemListElement":[{"@type":"ListItem","position":1,"name":"Accueil","item":"https:\/\/paragaleriedetalborjt.com\/"},{"@type":"ListItem","position":2,"name":"Boutique","item":"https:\/\/paragaleriedetalborjt.com\/boutique\/"},{"@type":"ListItem","position":3,"name":"Th-Pharma SHAMPOOING AVOINE ET GEL\u00c9E ROYALE 1 L"}]},{"@type":"WebSite","@id":"https:\/\/paragaleriedetalborjt.com\/#website","url":"https:\/\/paragaleriedetalborjt.com\/","name":"paragaleriedetalborjt","description":"","potentialAction":[{"@type":"SearchAction","target":{"@type":"EntryPoint","urlTemplate":"https:\/\/paragaleriedetalborjt.com\/?s={search_term_string}"},"query-input":{"@type":"PropertyValueSpecification","valueRequired":true,"valueName":"search_term_string"}}],"inLanguage":"en-US"}]}},"brands":[{"id":1751,"name":"Th-Pharma","slug":"th-pharma"}],"_links":{"self":[{"href":"https:\/\/paragaleriedetalborjt.com\/en\/wp-json\/wp\/v2\/product\/44484","targetHints":{"allow":["GET"]}}],"collection":[{"href":"https:\/\/paragaleriedetalborjt.com\/en\/wp-json\/wp\/v2\/product"}],"about":[{"href":"https:\/\/paragaleriedetalborjt.com\/en\/wp-json\/wp\/v2\/types\/product"}],"replies":[{"embeddable":true,"href":"https:\/\/paragaleriedetalborjt.com\/en\/wp-json\/wp\/v2\/comments?post=44484"}],"version-history":[{"count":1,"href":"https:\/\/paragaleriedetalborjt.com\/en\/wp-json\/wp\/v2\/product\/44484\/revisions"}],"predecessor-version":[{"id":44486,"href":"https:\/\/paragaleriedetalborjt.com\/en\/wp-json\/wp\/v2\/product\/44484\/revisions\/44486"}],"wp:featuredmedia":[{"embeddable":true,"href":"https:\/\/paragaleriedetalborjt.com\/en\/wp-json\/wp\/v2\/media\/44485"}],"wp:attachment":[{"href":"https:\/\/paragaleriedetalborjt.com\/en\/wp-json\/wp\/v2\/media?parent=44484"}],"wp:term":[{"taxonomy":"pwb-brand","embeddable":true,"href":"https:\/\/paragaleriedetalborjt.com\/en\/wp-json\/wp\/v2\/pwb-brand?post=44484"},{"taxonomy":"product_cat","embeddable":true,"href":"https:\/\/paragaleriedetalborjt.com\/en\/wp-json\/wp\/v2\/product_cat?post=44484"},{"taxonomy":"product_tag","embeddable":true,"href":"https:\/\/paragaleriedetalborjt.com\/en\/wp-json\/wp\/v2\/product_tag?post=44484"}],"curies":[{"name":"wp","href":"https:\/\/api.w.org\/{rel}","templated":true}]}}