{"id":44403,"date":"2026-01-03T22:58:01","date_gmt":"2026-01-03T21:58:01","guid":{"rendered":"https:\/\/paragaleriedetalborjt.com\/?post_type=product&#038;p=44403"},"modified":"2026-01-03T22:58:01","modified_gmt":"2026-01-03T21:58:01","slug":"juniors-sucette-en-silicone-jub-2eme-age-clips","status":"publish","type":"product","link":"https:\/\/paragaleriedetalborjt.com\/en\/boutique\/juniors-sucette-en-silicone-jub-2eme-age-clips\/","title":{"rendered":"Juniors sucette en silicone  jub  2\u00e9m\u00e9 age +clips"},"content":{"rendered":"","protected":false},"excerpt":{"rendered":"<p>Highlights:Pratique et tr\u00e8s astucieuse, cette bo\u00eete de transport B\u00e9b\u00e9 Confort permet de ranger de mani\u00e8re hygi\u00e9nique les sucettes de votre b\u00e9b\u00e9. Elle peut s\u2019accrocher \u00e0 votre sac ou \u00e0 votre poussette, et est toujours accessible<\/p>","protected":false},"featured_media":44404,"comment_status":"open","ping_status":"closed","template":"","meta":[],"pwb-brand":[1844],"product_cat":[16],"product_tag":[],"class_list":{"0":"post-44403","1":"product","2":"type-product","3":"status-publish","4":"has-post-thumbnail","6":"pwb-brand-juniors","7":"product_cat-non-classe","8":"pa_brands-juniors","10":"first","11":"instock","12":"sale","13":"shipping-taxable","14":"purchasable","15":"product-type-simple"},"yoast_head":"<!-- This site is optimized with the Yoast SEO plugin v26.9 - https:\/\/yoast.com\/product\/yoast-seo-wordpress\/ -->\n<title>Juniors sucette en silicone jub 2\u00e9m\u00e9 age +clips - paragaleriedetalborjt<\/title>\n<meta name=\"robots\" content=\"index, follow, max-snippet:-1, max-image-preview:large, max-video-preview:-1\" \/>\n<link rel=\"canonical\" href=\"https:\/\/paragaleriedetalborjt.com\/en\/boutique\/juniors-sucette-en-silicone-jub-2eme-age-clips\/\" \/>\n<meta property=\"og:locale\" content=\"en_US\" \/>\n<meta property=\"og:type\" content=\"article\" \/>\n<meta property=\"og:title\" content=\"Juniors sucette en silicone jub 2\u00e9m\u00e9 age +clips - paragaleriedetalborjt\" \/>\n<meta property=\"og:description\" content=\"Highlights:Pratique et tr\u00e8s astucieuse, cette bo\u00eete de transport B\u00e9b\u00e9 Confort permet de ranger de mani\u00e8re hygi\u00e9nique les sucettes de votre b\u00e9b\u00e9. Elle peut s\u2019accrocher \u00e0 votre sac ou \u00e0 votre poussette, et est toujours accessible\" \/>\n<meta property=\"og:url\" content=\"https:\/\/paragaleriedetalborjt.com\/en\/boutique\/juniors-sucette-en-silicone-jub-2eme-age-clips\/\" \/>\n<meta property=\"og:site_name\" content=\"paragaleriedetalborjt\" \/>\n<meta property=\"og:image\" content=\"https:\/\/paragaleriedetalborjt.com\/wp-content\/uploads\/2026\/01\/jr-jub-suc-2eme-1.jpg\" \/>\n\t<meta property=\"og:image:width\" content=\"595\" \/>\n\t<meta property=\"og:image:height\" content=\"655\" \/>\n\t<meta property=\"og:image:type\" content=\"image\/jpeg\" \/>\n<meta name=\"twitter:card\" content=\"summary_large_image\" \/>\n<script type=\"application\/ld+json\" class=\"yoast-schema-graph\">{\"@context\":\"https:\/\/schema.org\",\"@graph\":[{\"@type\":\"WebPage\",\"@id\":\"https:\/\/paragaleriedetalborjt.com\/boutique\/juniors-sucette-en-silicone-jub-2eme-age-clips\/\",\"url\":\"https:\/\/paragaleriedetalborjt.com\/boutique\/juniors-sucette-en-silicone-jub-2eme-age-clips\/\",\"name\":\"Juniors sucette en silicone jub 2\u00e9m\u00e9 age +clips - paragaleriedetalborjt\",\"isPartOf\":{\"@id\":\"https:\/\/paragaleriedetalborjt.com\/#website\"},\"primaryImageOfPage\":{\"@id\":\"https:\/\/paragaleriedetalborjt.com\/boutique\/juniors-sucette-en-silicone-jub-2eme-age-clips\/#primaryimage\"},\"image\":{\"@id\":\"https:\/\/paragaleriedetalborjt.com\/boutique\/juniors-sucette-en-silicone-jub-2eme-age-clips\/#primaryimage\"},\"thumbnailUrl\":\"https:\/\/paragaleriedetalborjt.com\/wp-content\/uploads\/2026\/01\/jr-jub-suc-2eme-1.jpg\",\"datePublished\":\"2026-01-03T21:58:01+00:00\",\"breadcrumb\":{\"@id\":\"https:\/\/paragaleriedetalborjt.com\/boutique\/juniors-sucette-en-silicone-jub-2eme-age-clips\/#breadcrumb\"},\"inLanguage\":\"en-US\",\"potentialAction\":[{\"@type\":\"ReadAction\",\"target\":[\"https:\/\/paragaleriedetalborjt.com\/boutique\/juniors-sucette-en-silicone-jub-2eme-age-clips\/\"]}]},{\"@type\":\"ImageObject\",\"inLanguage\":\"en-US\",\"@id\":\"https:\/\/paragaleriedetalborjt.com\/boutique\/juniors-sucette-en-silicone-jub-2eme-age-clips\/#primaryimage\",\"url\":\"https:\/\/paragaleriedetalborjt.com\/wp-content\/uploads\/2026\/01\/jr-jub-suc-2eme-1.jpg\",\"contentUrl\":\"https:\/\/paragaleriedetalborjt.com\/wp-content\/uploads\/2026\/01\/jr-jub-suc-2eme-1.jpg\",\"width\":595,\"height\":655},{\"@type\":\"BreadcrumbList\",\"@id\":\"https:\/\/paragaleriedetalborjt.com\/boutique\/juniors-sucette-en-silicone-jub-2eme-age-clips\/#breadcrumb\",\"itemListElement\":[{\"@type\":\"ListItem\",\"position\":1,\"name\":\"Accueil\",\"item\":\"https:\/\/paragaleriedetalborjt.com\/\"},{\"@type\":\"ListItem\",\"position\":2,\"name\":\"Boutique\",\"item\":\"https:\/\/paragaleriedetalborjt.com\/boutique\/\"},{\"@type\":\"ListItem\",\"position\":3,\"name\":\"Juniors sucette en silicone jub 2\u00e9m\u00e9 age +clips\"}]},{\"@type\":\"WebSite\",\"@id\":\"https:\/\/paragaleriedetalborjt.com\/#website\",\"url\":\"https:\/\/paragaleriedetalborjt.com\/\",\"name\":\"paragaleriedetalborjt\",\"description\":\"\",\"potentialAction\":[{\"@type\":\"SearchAction\",\"target\":{\"@type\":\"EntryPoint\",\"urlTemplate\":\"https:\/\/paragaleriedetalborjt.com\/?s={search_term_string}\"},\"query-input\":{\"@type\":\"PropertyValueSpecification\",\"valueRequired\":true,\"valueName\":\"search_term_string\"}}],\"inLanguage\":\"en-US\"}]}<\/script>\n<!-- \/ Yoast SEO plugin. -->","yoast_head_json":{"title":"Juniors sucette en silicone jub 2\u00e9m\u00e9 age +clips - paragaleriedetalborjt","robots":{"index":"index","follow":"follow","max-snippet":"max-snippet:-1","max-image-preview":"max-image-preview:large","max-video-preview":"max-video-preview:-1"},"canonical":"https:\/\/paragaleriedetalborjt.com\/en\/boutique\/juniors-sucette-en-silicone-jub-2eme-age-clips\/","og_locale":"en_US","og_type":"article","og_title":"Juniors sucette en silicone jub 2\u00e9m\u00e9 age +clips - paragaleriedetalborjt","og_description":"Highlights:Pratique et tr\u00e8s astucieuse, cette bo\u00eete de transport B\u00e9b\u00e9 Confort permet de ranger de mani\u00e8re hygi\u00e9nique les sucettes de votre b\u00e9b\u00e9. Elle peut s\u2019accrocher \u00e0 votre sac ou \u00e0 votre poussette, et est toujours accessible","og_url":"https:\/\/paragaleriedetalborjt.com\/en\/boutique\/juniors-sucette-en-silicone-jub-2eme-age-clips\/","og_site_name":"paragaleriedetalborjt","og_image":[{"width":595,"height":655,"url":"https:\/\/paragaleriedetalborjt.com\/wp-content\/uploads\/2026\/01\/jr-jub-suc-2eme-1.jpg","type":"image\/jpeg"}],"twitter_card":"summary_large_image","schema":{"@context":"https:\/\/schema.org","@graph":[{"@type":"WebPage","@id":"https:\/\/paragaleriedetalborjt.com\/boutique\/juniors-sucette-en-silicone-jub-2eme-age-clips\/","url":"https:\/\/paragaleriedetalborjt.com\/boutique\/juniors-sucette-en-silicone-jub-2eme-age-clips\/","name":"Juniors sucette en silicone jub 2\u00e9m\u00e9 age +clips - paragaleriedetalborjt","isPartOf":{"@id":"https:\/\/paragaleriedetalborjt.com\/#website"},"primaryImageOfPage":{"@id":"https:\/\/paragaleriedetalborjt.com\/boutique\/juniors-sucette-en-silicone-jub-2eme-age-clips\/#primaryimage"},"image":{"@id":"https:\/\/paragaleriedetalborjt.com\/boutique\/juniors-sucette-en-silicone-jub-2eme-age-clips\/#primaryimage"},"thumbnailUrl":"https:\/\/paragaleriedetalborjt.com\/wp-content\/uploads\/2026\/01\/jr-jub-suc-2eme-1.jpg","datePublished":"2026-01-03T21:58:01+00:00","breadcrumb":{"@id":"https:\/\/paragaleriedetalborjt.com\/boutique\/juniors-sucette-en-silicone-jub-2eme-age-clips\/#breadcrumb"},"inLanguage":"en-US","potentialAction":[{"@type":"ReadAction","target":["https:\/\/paragaleriedetalborjt.com\/boutique\/juniors-sucette-en-silicone-jub-2eme-age-clips\/"]}]},{"@type":"ImageObject","inLanguage":"en-US","@id":"https:\/\/paragaleriedetalborjt.com\/boutique\/juniors-sucette-en-silicone-jub-2eme-age-clips\/#primaryimage","url":"https:\/\/paragaleriedetalborjt.com\/wp-content\/uploads\/2026\/01\/jr-jub-suc-2eme-1.jpg","contentUrl":"https:\/\/paragaleriedetalborjt.com\/wp-content\/uploads\/2026\/01\/jr-jub-suc-2eme-1.jpg","width":595,"height":655},{"@type":"BreadcrumbList","@id":"https:\/\/paragaleriedetalborjt.com\/boutique\/juniors-sucette-en-silicone-jub-2eme-age-clips\/#breadcrumb","itemListElement":[{"@type":"ListItem","position":1,"name":"Accueil","item":"https:\/\/paragaleriedetalborjt.com\/"},{"@type":"ListItem","position":2,"name":"Boutique","item":"https:\/\/paragaleriedetalborjt.com\/boutique\/"},{"@type":"ListItem","position":3,"name":"Juniors sucette en silicone jub 2\u00e9m\u00e9 age +clips"}]},{"@type":"WebSite","@id":"https:\/\/paragaleriedetalborjt.com\/#website","url":"https:\/\/paragaleriedetalborjt.com\/","name":"paragaleriedetalborjt","description":"","potentialAction":[{"@type":"SearchAction","target":{"@type":"EntryPoint","urlTemplate":"https:\/\/paragaleriedetalborjt.com\/?s={search_term_string}"},"query-input":{"@type":"PropertyValueSpecification","valueRequired":true,"valueName":"search_term_string"}}],"inLanguage":"en-US"}]}},"brands":[{"id":1844,"name":"JUNIORS","slug":"juniors"}],"_links":{"self":[{"href":"https:\/\/paragaleriedetalborjt.com\/en\/wp-json\/wp\/v2\/product\/44403","targetHints":{"allow":["GET"]}}],"collection":[{"href":"https:\/\/paragaleriedetalborjt.com\/en\/wp-json\/wp\/v2\/product"}],"about":[{"href":"https:\/\/paragaleriedetalborjt.com\/en\/wp-json\/wp\/v2\/types\/product"}],"replies":[{"embeddable":true,"href":"https:\/\/paragaleriedetalborjt.com\/en\/wp-json\/wp\/v2\/comments?post=44403"}],"version-history":[{"count":1,"href":"https:\/\/paragaleriedetalborjt.com\/en\/wp-json\/wp\/v2\/product\/44403\/revisions"}],"predecessor-version":[{"id":44405,"href":"https:\/\/paragaleriedetalborjt.com\/en\/wp-json\/wp\/v2\/product\/44403\/revisions\/44405"}],"wp:featuredmedia":[{"embeddable":true,"href":"https:\/\/paragaleriedetalborjt.com\/en\/wp-json\/wp\/v2\/media\/44404"}],"wp:attachment":[{"href":"https:\/\/paragaleriedetalborjt.com\/en\/wp-json\/wp\/v2\/media?parent=44403"}],"wp:term":[{"taxonomy":"pwb-brand","embeddable":true,"href":"https:\/\/paragaleriedetalborjt.com\/en\/wp-json\/wp\/v2\/pwb-brand?post=44403"},{"taxonomy":"product_cat","embeddable":true,"href":"https:\/\/paragaleriedetalborjt.com\/en\/wp-json\/wp\/v2\/product_cat?post=44403"},{"taxonomy":"product_tag","embeddable":true,"href":"https:\/\/paragaleriedetalborjt.com\/en\/wp-json\/wp\/v2\/product_tag?post=44403"}],"curies":[{"name":"wp","href":"https:\/\/api.w.org\/{rel}","templated":true}]}}