{"id":44348,"date":"2026-01-03T22:55:52","date_gmt":"2026-01-03T21:55:52","guid":{"rendered":"https:\/\/paragaleriedetalborjt.com\/?post_type=product&#038;p=44348"},"modified":"2026-01-03T22:55:52","modified_gmt":"2026-01-03T21:55:52","slug":"dcp-lipidik-ap-soin-emollient-200ml","status":"publish","type":"product","link":"https:\/\/paragaleriedetalborjt.com\/en\/boutique\/dcp-lipidik-ap-soin-emollient-200ml\/","title":{"rendered":"DCP Lipidik Ap+ Soin \u00c9mollient 200ml"},"content":{"rendered":"<div aria-labelledby=\"tab-title-description\" class=\"woocommerce-Tabs-panel woocommerce-Tabs-panel--description panel entry-content wc-tab\" id=\"tab-description\" role=\"tabpanel\" style=\"\">\n<h2>Description<\/h2>\n<p><strong>Proprie\u0301te\u0301s :<\/strong><br \/>\n\u2013 Apaisant<br \/>\n\u2013 Anti-grattage<br \/>\n\u2013 Base lavante douce = surgras, sans savon, non de\u0301tergent<br \/>\n\u2013 Pre\u0301serve l\u2019inte\u0301grite\u0301 de la peau (pH physiologique)<br \/>\n\u2013 Glyce\u0301rine : humectant anti-de\u0301shydratation<br \/>\n\u2013 Lipoamoniacide d\u2019origine ve\u0301ge\u0301tal (hydrate et surgraisse)<br \/>\n\u2013 Extrait ve\u0301ge\u0301tal (adoucissant \u2013 calmant)<br \/>\n\u2013 Sans conservateur<br \/>\n\u2013 Sans parfum<br \/>\n<strong>Avantages :<\/strong><br \/>\n\u2013 Hygie\u0300ne quotidienne des peaux sensibles et fragilise\u0301es ( Nourrison \u2013 Enfant \u2013 Adulte )<br \/>\n\u2013 Visage et corps<br \/>\n\u2013 Teste\u0301 sous contro\u0302le dermatologique<br \/>\n\u2013 Hypoallerge\u0301nique<br \/>\n\u2013 E\u0301conomique : 200 ml<br \/>\n<strong>Be\u0301ne\u0301fices :<\/strong><br \/>\n\u2013 Pre\u0301vient les sensations de tiraillements<br \/>\n\u2013 Nettoie en toute se\u0301curite\u0301<br \/>\n\u2013 Respecte l\u2019e\u0301quilibre biologique<br \/>\n\u2013 Lipoamoniacide d\u2019origine ve\u0301ge\u0301tal (hydrate et surgraisse)<br \/>\n\u2013 Extrait ve\u0301ge\u0301tal (adoucissant \u2013 calmant)<br \/>\n\u2013 Sans conservateur<br \/>\n\u2013 Sans parfum<\/p>\n<p><strong>Conseils d\u2019utilisation :\u00a0<\/strong><\/p>\n<p>Appliquer DCP SOIN LIPIDIK autant de fois que ne\u0301cessaire sur une peau pre\u0301alablement nettoye\u0301e avec DCP SYNDET LIPIDIK.<\/p>\n<\/div>","protected":false},"excerpt":{"rendered":"<p>Highlights:Soin \u00e9mollient des peaux sensibles, pr\u00e9vient les pouss\u00e9es, renforce le film lipidique et maintient le taux d\u2019hydratation n\u00e9cessaire.<\/p>","protected":false},"featured_media":44349,"comment_status":"open","ping_status":"closed","template":"","meta":[],"pwb-brand":[1576],"product_cat":[16],"product_tag":[],"class_list":{"0":"post-44348","1":"product","2":"type-product","3":"status-publish","4":"has-post-thumbnail","6":"pwb-brand-dcp","7":"product_cat-non-classe","8":"pa_brands-dcp","10":"first","11":"instock","12":"sale","13":"shipping-taxable","14":"purchasable","15":"product-type-simple"},"yoast_head":"<!-- This site is optimized with the Yoast SEO plugin v27.5 - https:\/\/yoast.com\/product\/yoast-seo-wordpress\/ -->\n<title>DCP Lipidik Ap+ Soin \u00c9mollient 200ml - paragaleriedetalborjt<\/title>\n<meta name=\"robots\" content=\"index, follow, max-snippet:-1, max-image-preview:large, max-video-preview:-1\" \/>\n<link rel=\"canonical\" href=\"https:\/\/paragaleriedetalborjt.com\/en\/boutique\/dcp-lipidik-ap-soin-emollient-200ml\/\" \/>\n<meta property=\"og:locale\" content=\"en_US\" \/>\n<meta property=\"og:type\" content=\"article\" \/>\n<meta property=\"og:title\" content=\"DCP Lipidik Ap+ Soin \u00c9mollient 200ml - paragaleriedetalborjt\" \/>\n<meta property=\"og:description\" content=\"Highlights:Soin \u00e9mollient des peaux sensibles, pr\u00e9vient les pouss\u00e9es, renforce le film lipidique et maintient le taux d\u2019hydratation n\u00e9cessaire.\" \/>\n<meta property=\"og:url\" content=\"https:\/\/paragaleriedetalborjt.com\/en\/boutique\/dcp-lipidik-ap-soin-emollient-200ml\/\" \/>\n<meta property=\"og:site_name\" content=\"paragaleriedetalborjt\" \/>\n<meta property=\"og:image\" content=\"https:\/\/paragaleriedetalborjt.com\/wp-content\/uploads\/2026\/01\/soins-lipidik-1.jpg\" \/>\n\t<meta property=\"og:image:width\" content=\"595\" \/>\n\t<meta property=\"og:image:height\" content=\"655\" \/>\n\t<meta property=\"og:image:type\" content=\"image\/jpeg\" \/>\n<meta name=\"twitter:card\" content=\"summary_large_image\" \/>\n<meta name=\"twitter:label1\" content=\"Est. reading time\" \/>\n\t<meta name=\"twitter:data1\" content=\"1 minute\" \/>\n<script type=\"application\/ld+json\" class=\"yoast-schema-graph\">{\"@context\":\"https:\\\/\\\/schema.org\",\"@graph\":[{\"@type\":\"WebPage\",\"@id\":\"https:\\\/\\\/paragaleriedetalborjt.com\\\/boutique\\\/dcp-lipidik-ap-soin-emollient-200ml\\\/\",\"url\":\"https:\\\/\\\/paragaleriedetalborjt.com\\\/boutique\\\/dcp-lipidik-ap-soin-emollient-200ml\\\/\",\"name\":\"DCP Lipidik Ap+ Soin \u00c9mollient 200ml - paragaleriedetalborjt\",\"isPartOf\":{\"@id\":\"https:\\\/\\\/paragaleriedetalborjt.com\\\/#website\"},\"primaryImageOfPage\":{\"@id\":\"https:\\\/\\\/paragaleriedetalborjt.com\\\/boutique\\\/dcp-lipidik-ap-soin-emollient-200ml\\\/#primaryimage\"},\"image\":{\"@id\":\"https:\\\/\\\/paragaleriedetalborjt.com\\\/boutique\\\/dcp-lipidik-ap-soin-emollient-200ml\\\/#primaryimage\"},\"thumbnailUrl\":\"https:\\\/\\\/paragaleriedetalborjt.com\\\/wp-content\\\/uploads\\\/2026\\\/01\\\/soins-lipidik-1.jpg\",\"datePublished\":\"2026-01-03T21:55:52+00:00\",\"breadcrumb\":{\"@id\":\"https:\\\/\\\/paragaleriedetalborjt.com\\\/boutique\\\/dcp-lipidik-ap-soin-emollient-200ml\\\/#breadcrumb\"},\"inLanguage\":\"en-US\",\"potentialAction\":[{\"@type\":\"ReadAction\",\"target\":[\"https:\\\/\\\/paragaleriedetalborjt.com\\\/boutique\\\/dcp-lipidik-ap-soin-emollient-200ml\\\/\"]}]},{\"@type\":\"ImageObject\",\"inLanguage\":\"en-US\",\"@id\":\"https:\\\/\\\/paragaleriedetalborjt.com\\\/boutique\\\/dcp-lipidik-ap-soin-emollient-200ml\\\/#primaryimage\",\"url\":\"https:\\\/\\\/paragaleriedetalborjt.com\\\/wp-content\\\/uploads\\\/2026\\\/01\\\/soins-lipidik-1.jpg\",\"contentUrl\":\"https:\\\/\\\/paragaleriedetalborjt.com\\\/wp-content\\\/uploads\\\/2026\\\/01\\\/soins-lipidik-1.jpg\",\"width\":595,\"height\":655},{\"@type\":\"BreadcrumbList\",\"@id\":\"https:\\\/\\\/paragaleriedetalborjt.com\\\/boutique\\\/dcp-lipidik-ap-soin-emollient-200ml\\\/#breadcrumb\",\"itemListElement\":[{\"@type\":\"ListItem\",\"position\":1,\"name\":\"Accueil\",\"item\":\"https:\\\/\\\/paragaleriedetalborjt.com\\\/\"},{\"@type\":\"ListItem\",\"position\":2,\"name\":\"Boutique\",\"item\":\"https:\\\/\\\/paragaleriedetalborjt.com\\\/boutique\\\/\"},{\"@type\":\"ListItem\",\"position\":3,\"name\":\"DCP Lipidik Ap+ Soin \u00c9mollient 200ml\"}]},{\"@type\":\"WebSite\",\"@id\":\"https:\\\/\\\/paragaleriedetalborjt.com\\\/#website\",\"url\":\"https:\\\/\\\/paragaleriedetalborjt.com\\\/\",\"name\":\"paragaleriedetalborjt\",\"description\":\"\",\"potentialAction\":[{\"@type\":\"SearchAction\",\"target\":{\"@type\":\"EntryPoint\",\"urlTemplate\":\"https:\\\/\\\/paragaleriedetalborjt.com\\\/?s={search_term_string}\"},\"query-input\":{\"@type\":\"PropertyValueSpecification\",\"valueRequired\":true,\"valueName\":\"search_term_string\"}}],\"inLanguage\":\"en-US\"}]}<\/script>\n<!-- \/ Yoast SEO plugin. -->","yoast_head_json":{"title":"DCP Lipidik Ap+ Soin \u00c9mollient 200ml - paragaleriedetalborjt","robots":{"index":"index","follow":"follow","max-snippet":"max-snippet:-1","max-image-preview":"max-image-preview:large","max-video-preview":"max-video-preview:-1"},"canonical":"https:\/\/paragaleriedetalborjt.com\/en\/boutique\/dcp-lipidik-ap-soin-emollient-200ml\/","og_locale":"en_US","og_type":"article","og_title":"DCP Lipidik Ap+ Soin \u00c9mollient 200ml - paragaleriedetalborjt","og_description":"Highlights:Soin \u00e9mollient des peaux sensibles, pr\u00e9vient les pouss\u00e9es, renforce le film lipidique et maintient le taux d\u2019hydratation n\u00e9cessaire.","og_url":"https:\/\/paragaleriedetalborjt.com\/en\/boutique\/dcp-lipidik-ap-soin-emollient-200ml\/","og_site_name":"paragaleriedetalborjt","og_image":[{"width":595,"height":655,"url":"https:\/\/paragaleriedetalborjt.com\/wp-content\/uploads\/2026\/01\/soins-lipidik-1.jpg","type":"image\/jpeg"}],"twitter_card":"summary_large_image","twitter_misc":{"Est. reading time":"1 minute"},"schema":{"@context":"https:\/\/schema.org","@graph":[{"@type":"WebPage","@id":"https:\/\/paragaleriedetalborjt.com\/boutique\/dcp-lipidik-ap-soin-emollient-200ml\/","url":"https:\/\/paragaleriedetalborjt.com\/boutique\/dcp-lipidik-ap-soin-emollient-200ml\/","name":"DCP Lipidik Ap+ Soin \u00c9mollient 200ml - paragaleriedetalborjt","isPartOf":{"@id":"https:\/\/paragaleriedetalborjt.com\/#website"},"primaryImageOfPage":{"@id":"https:\/\/paragaleriedetalborjt.com\/boutique\/dcp-lipidik-ap-soin-emollient-200ml\/#primaryimage"},"image":{"@id":"https:\/\/paragaleriedetalborjt.com\/boutique\/dcp-lipidik-ap-soin-emollient-200ml\/#primaryimage"},"thumbnailUrl":"https:\/\/paragaleriedetalborjt.com\/wp-content\/uploads\/2026\/01\/soins-lipidik-1.jpg","datePublished":"2026-01-03T21:55:52+00:00","breadcrumb":{"@id":"https:\/\/paragaleriedetalborjt.com\/boutique\/dcp-lipidik-ap-soin-emollient-200ml\/#breadcrumb"},"inLanguage":"en-US","potentialAction":[{"@type":"ReadAction","target":["https:\/\/paragaleriedetalborjt.com\/boutique\/dcp-lipidik-ap-soin-emollient-200ml\/"]}]},{"@type":"ImageObject","inLanguage":"en-US","@id":"https:\/\/paragaleriedetalborjt.com\/boutique\/dcp-lipidik-ap-soin-emollient-200ml\/#primaryimage","url":"https:\/\/paragaleriedetalborjt.com\/wp-content\/uploads\/2026\/01\/soins-lipidik-1.jpg","contentUrl":"https:\/\/paragaleriedetalborjt.com\/wp-content\/uploads\/2026\/01\/soins-lipidik-1.jpg","width":595,"height":655},{"@type":"BreadcrumbList","@id":"https:\/\/paragaleriedetalborjt.com\/boutique\/dcp-lipidik-ap-soin-emollient-200ml\/#breadcrumb","itemListElement":[{"@type":"ListItem","position":1,"name":"Accueil","item":"https:\/\/paragaleriedetalborjt.com\/"},{"@type":"ListItem","position":2,"name":"Boutique","item":"https:\/\/paragaleriedetalborjt.com\/boutique\/"},{"@type":"ListItem","position":3,"name":"DCP Lipidik Ap+ Soin \u00c9mollient 200ml"}]},{"@type":"WebSite","@id":"https:\/\/paragaleriedetalborjt.com\/#website","url":"https:\/\/paragaleriedetalborjt.com\/","name":"paragaleriedetalborjt","description":"","potentialAction":[{"@type":"SearchAction","target":{"@type":"EntryPoint","urlTemplate":"https:\/\/paragaleriedetalborjt.com\/?s={search_term_string}"},"query-input":{"@type":"PropertyValueSpecification","valueRequired":true,"valueName":"search_term_string"}}],"inLanguage":"en-US"}]}},"brands":[{"id":1576,"name":"DCP","slug":"dcp"}],"_links":{"self":[{"href":"https:\/\/paragaleriedetalborjt.com\/en\/wp-json\/wp\/v2\/product\/44348","targetHints":{"allow":["GET"]}}],"collection":[{"href":"https:\/\/paragaleriedetalborjt.com\/en\/wp-json\/wp\/v2\/product"}],"about":[{"href":"https:\/\/paragaleriedetalborjt.com\/en\/wp-json\/wp\/v2\/types\/product"}],"replies":[{"embeddable":true,"href":"https:\/\/paragaleriedetalborjt.com\/en\/wp-json\/wp\/v2\/comments?post=44348"}],"version-history":[{"count":1,"href":"https:\/\/paragaleriedetalborjt.com\/en\/wp-json\/wp\/v2\/product\/44348\/revisions"}],"predecessor-version":[{"id":44350,"href":"https:\/\/paragaleriedetalborjt.com\/en\/wp-json\/wp\/v2\/product\/44348\/revisions\/44350"}],"wp:featuredmedia":[{"embeddable":true,"href":"https:\/\/paragaleriedetalborjt.com\/en\/wp-json\/wp\/v2\/media\/44349"}],"wp:attachment":[{"href":"https:\/\/paragaleriedetalborjt.com\/en\/wp-json\/wp\/v2\/media?parent=44348"}],"wp:term":[{"taxonomy":"pwb-brand","embeddable":true,"href":"https:\/\/paragaleriedetalborjt.com\/en\/wp-json\/wp\/v2\/pwb-brand?post=44348"},{"taxonomy":"product_cat","embeddable":true,"href":"https:\/\/paragaleriedetalborjt.com\/en\/wp-json\/wp\/v2\/product_cat?post=44348"},{"taxonomy":"product_tag","embeddable":true,"href":"https:\/\/paragaleriedetalborjt.com\/en\/wp-json\/wp\/v2\/product_tag?post=44348"}],"curies":[{"name":"wp","href":"https:\/\/api.w.org\/{rel}","templated":true}]}}