{"id":44297,"date":"2026-01-03T22:46:25","date_gmt":"2026-01-03T21:46:25","guid":{"rendered":"https:\/\/paragaleriedetalborjt.com\/?post_type=product&#038;p=44297"},"modified":"2026-01-03T22:46:25","modified_gmt":"2026-01-03T21:46:25","slug":"dermophil-creme-mains-reparatrice-protectrice-75ml","status":"publish","type":"product","link":"https:\/\/paragaleriedetalborjt.com\/en\/boutique\/dermophil-creme-mains-reparatrice-protectrice-75ml\/","title":{"rendered":"DERMOPHIL Cr\u00e8me Mains R\u00e9paratrice Protectrice 75mL"},"content":{"rendered":"<div aria-labelledby=\"tab-title-description\" class=\"woocommerce-Tabs-panel woocommerce-Tabs-panel--description panel entry-content wc-tab\" id=\"tab-description\" role=\"tabpanel\" style=\"\">\n<h2>Description<\/h2>\n<p>Formul\u00e9e pour r\u00e9parer et prot\u00e9ger les mains agress\u00e9es par les \u00e9l\u00e9ments ext\u00e9rieurs (vent, froid, soleil\u2026), la Cr\u00e8me Mains Formule Indienne soulage et hydrate imm\u00e9diatement les mains tr\u00e8s s\u00e8ches et irrit\u00e9es.<\/p>\n<\/div>","protected":false},"excerpt":{"rendered":"<p>Highlights:\u2022 ANTI-D\u00c9MANGEAISONS : une efficacit\u00e9 reconnue par des dermatologues du Forum Europ\u00e9en de Dermatologie dans la prise en charge de l\u2019ecz\u00e9ma atopique (cat\u00e9gorie \u00ab\u00a0Emollient PLUS**).\u2022 RELIPIDANT : soulage les peaux tr\u00e8s s\u00e8ches sujettes \u00e0 l\u2019ecz\u00e9ma atopique et aux d\u00e9mangeaisons.\u2022 APAISANT gr\u00e2ce \u00e0 l\u2019Eau thermale d\u2019Av\u00e8ne.<\/p>","protected":false},"featured_media":44298,"comment_status":"open","ping_status":"closed","template":"","meta":[],"pwb-brand":[2171],"product_cat":[16],"product_tag":[],"class_list":{"0":"post-44297","1":"product","2":"type-product","3":"status-publish","4":"has-post-thumbnail","6":"pwb-brand-dermophil","7":"product_cat-non-classe","8":"pa_brands-dermophil","10":"first","11":"instock","12":"sale","13":"shipping-taxable","14":"purchasable","15":"product-type-simple"},"yoast_head":"<!-- This site is optimized with the Yoast SEO plugin v26.9 - https:\/\/yoast.com\/product\/yoast-seo-wordpress\/ -->\n<title>DERMOPHIL Cr\u00e8me Mains R\u00e9paratrice Protectrice 75mL - paragaleriedetalborjt<\/title>\n<meta name=\"robots\" content=\"index, follow, max-snippet:-1, max-image-preview:large, max-video-preview:-1\" \/>\n<link rel=\"canonical\" href=\"https:\/\/paragaleriedetalborjt.com\/en\/boutique\/dermophil-creme-mains-reparatrice-protectrice-75ml\/\" \/>\n<meta property=\"og:locale\" content=\"en_US\" \/>\n<meta property=\"og:type\" content=\"article\" \/>\n<meta property=\"og:title\" content=\"DERMOPHIL Cr\u00e8me Mains R\u00e9paratrice Protectrice 75mL - paragaleriedetalborjt\" \/>\n<meta property=\"og:description\" content=\"Highlights:\u2022 ANTI-D\u00c9MANGEAISONS : une efficacit\u00e9 reconnue par des dermatologues du Forum Europ\u00e9en de Dermatologie dans la prise en charge de l\u2019ecz\u00e9ma atopique (cat\u00e9gorie \u00ab\u00a0Emollient PLUS**).\u2022 RELIPIDANT : soulage les peaux tr\u00e8s s\u00e8ches sujettes \u00e0 l\u2019ecz\u00e9ma atopique et aux d\u00e9mangeaisons.\u2022 APAISANT gr\u00e2ce \u00e0 l\u2019Eau thermale d\u2019Av\u00e8ne.\" \/>\n<meta property=\"og:url\" content=\"https:\/\/paragaleriedetalborjt.com\/en\/boutique\/dermophil-creme-mains-reparatrice-protectrice-75ml\/\" \/>\n<meta property=\"og:site_name\" content=\"paragaleriedetalborjt\" \/>\n<meta property=\"og:image\" content=\"https:\/\/paragaleriedetalborjt.com\/wp-content\/uploads\/2026\/01\/dermophil-creme-mains-reparatrice-protectrice-75ml.jpg\" \/>\n\t<meta property=\"og:image:width\" content=\"595\" \/>\n\t<meta property=\"og:image:height\" content=\"655\" \/>\n\t<meta property=\"og:image:type\" content=\"image\/jpeg\" \/>\n<meta name=\"twitter:card\" content=\"summary_large_image\" \/>\n<script type=\"application\/ld+json\" class=\"yoast-schema-graph\">{\"@context\":\"https:\/\/schema.org\",\"@graph\":[{\"@type\":\"WebPage\",\"@id\":\"https:\/\/paragaleriedetalborjt.com\/boutique\/dermophil-creme-mains-reparatrice-protectrice-75ml\/\",\"url\":\"https:\/\/paragaleriedetalborjt.com\/boutique\/dermophil-creme-mains-reparatrice-protectrice-75ml\/\",\"name\":\"DERMOPHIL Cr\u00e8me Mains R\u00e9paratrice Protectrice 75mL - paragaleriedetalborjt\",\"isPartOf\":{\"@id\":\"https:\/\/paragaleriedetalborjt.com\/#website\"},\"primaryImageOfPage\":{\"@id\":\"https:\/\/paragaleriedetalborjt.com\/boutique\/dermophil-creme-mains-reparatrice-protectrice-75ml\/#primaryimage\"},\"image\":{\"@id\":\"https:\/\/paragaleriedetalborjt.com\/boutique\/dermophil-creme-mains-reparatrice-protectrice-75ml\/#primaryimage\"},\"thumbnailUrl\":\"https:\/\/paragaleriedetalborjt.com\/wp-content\/uploads\/2026\/01\/dermophil-creme-mains-reparatrice-protectrice-75ml.jpg\",\"datePublished\":\"2026-01-03T21:46:25+00:00\",\"breadcrumb\":{\"@id\":\"https:\/\/paragaleriedetalborjt.com\/boutique\/dermophil-creme-mains-reparatrice-protectrice-75ml\/#breadcrumb\"},\"inLanguage\":\"en-US\",\"potentialAction\":[{\"@type\":\"ReadAction\",\"target\":[\"https:\/\/paragaleriedetalborjt.com\/boutique\/dermophil-creme-mains-reparatrice-protectrice-75ml\/\"]}]},{\"@type\":\"ImageObject\",\"inLanguage\":\"en-US\",\"@id\":\"https:\/\/paragaleriedetalborjt.com\/boutique\/dermophil-creme-mains-reparatrice-protectrice-75ml\/#primaryimage\",\"url\":\"https:\/\/paragaleriedetalborjt.com\/wp-content\/uploads\/2026\/01\/dermophil-creme-mains-reparatrice-protectrice-75ml.jpg\",\"contentUrl\":\"https:\/\/paragaleriedetalborjt.com\/wp-content\/uploads\/2026\/01\/dermophil-creme-mains-reparatrice-protectrice-75ml.jpg\",\"width\":595,\"height\":655},{\"@type\":\"BreadcrumbList\",\"@id\":\"https:\/\/paragaleriedetalborjt.com\/boutique\/dermophil-creme-mains-reparatrice-protectrice-75ml\/#breadcrumb\",\"itemListElement\":[{\"@type\":\"ListItem\",\"position\":1,\"name\":\"Accueil\",\"item\":\"https:\/\/paragaleriedetalborjt.com\/\"},{\"@type\":\"ListItem\",\"position\":2,\"name\":\"Boutique\",\"item\":\"https:\/\/paragaleriedetalborjt.com\/boutique\/\"},{\"@type\":\"ListItem\",\"position\":3,\"name\":\"DERMOPHIL Cr\u00e8me Mains R\u00e9paratrice Protectrice 75mL\"}]},{\"@type\":\"WebSite\",\"@id\":\"https:\/\/paragaleriedetalborjt.com\/#website\",\"url\":\"https:\/\/paragaleriedetalborjt.com\/\",\"name\":\"paragaleriedetalborjt\",\"description\":\"\",\"potentialAction\":[{\"@type\":\"SearchAction\",\"target\":{\"@type\":\"EntryPoint\",\"urlTemplate\":\"https:\/\/paragaleriedetalborjt.com\/?s={search_term_string}\"},\"query-input\":{\"@type\":\"PropertyValueSpecification\",\"valueRequired\":true,\"valueName\":\"search_term_string\"}}],\"inLanguage\":\"en-US\"}]}<\/script>\n<!-- \/ Yoast SEO plugin. -->","yoast_head_json":{"title":"DERMOPHIL Cr\u00e8me Mains R\u00e9paratrice Protectrice 75mL - paragaleriedetalborjt","robots":{"index":"index","follow":"follow","max-snippet":"max-snippet:-1","max-image-preview":"max-image-preview:large","max-video-preview":"max-video-preview:-1"},"canonical":"https:\/\/paragaleriedetalborjt.com\/en\/boutique\/dermophil-creme-mains-reparatrice-protectrice-75ml\/","og_locale":"en_US","og_type":"article","og_title":"DERMOPHIL Cr\u00e8me Mains R\u00e9paratrice Protectrice 75mL - paragaleriedetalborjt","og_description":"Highlights:\u2022 ANTI-D\u00c9MANGEAISONS : une efficacit\u00e9 reconnue par des dermatologues du Forum Europ\u00e9en de Dermatologie dans la prise en charge de l\u2019ecz\u00e9ma atopique (cat\u00e9gorie \u00ab\u00a0Emollient PLUS**).\u2022 RELIPIDANT : soulage les peaux tr\u00e8s s\u00e8ches sujettes \u00e0 l\u2019ecz\u00e9ma atopique et aux d\u00e9mangeaisons.\u2022 APAISANT gr\u00e2ce \u00e0 l\u2019Eau thermale d\u2019Av\u00e8ne.","og_url":"https:\/\/paragaleriedetalborjt.com\/en\/boutique\/dermophil-creme-mains-reparatrice-protectrice-75ml\/","og_site_name":"paragaleriedetalborjt","og_image":[{"width":595,"height":655,"url":"https:\/\/paragaleriedetalborjt.com\/wp-content\/uploads\/2026\/01\/dermophil-creme-mains-reparatrice-protectrice-75ml.jpg","type":"image\/jpeg"}],"twitter_card":"summary_large_image","schema":{"@context":"https:\/\/schema.org","@graph":[{"@type":"WebPage","@id":"https:\/\/paragaleriedetalborjt.com\/boutique\/dermophil-creme-mains-reparatrice-protectrice-75ml\/","url":"https:\/\/paragaleriedetalborjt.com\/boutique\/dermophil-creme-mains-reparatrice-protectrice-75ml\/","name":"DERMOPHIL Cr\u00e8me Mains R\u00e9paratrice Protectrice 75mL - paragaleriedetalborjt","isPartOf":{"@id":"https:\/\/paragaleriedetalborjt.com\/#website"},"primaryImageOfPage":{"@id":"https:\/\/paragaleriedetalborjt.com\/boutique\/dermophil-creme-mains-reparatrice-protectrice-75ml\/#primaryimage"},"image":{"@id":"https:\/\/paragaleriedetalborjt.com\/boutique\/dermophil-creme-mains-reparatrice-protectrice-75ml\/#primaryimage"},"thumbnailUrl":"https:\/\/paragaleriedetalborjt.com\/wp-content\/uploads\/2026\/01\/dermophil-creme-mains-reparatrice-protectrice-75ml.jpg","datePublished":"2026-01-03T21:46:25+00:00","breadcrumb":{"@id":"https:\/\/paragaleriedetalborjt.com\/boutique\/dermophil-creme-mains-reparatrice-protectrice-75ml\/#breadcrumb"},"inLanguage":"en-US","potentialAction":[{"@type":"ReadAction","target":["https:\/\/paragaleriedetalborjt.com\/boutique\/dermophil-creme-mains-reparatrice-protectrice-75ml\/"]}]},{"@type":"ImageObject","inLanguage":"en-US","@id":"https:\/\/paragaleriedetalborjt.com\/boutique\/dermophil-creme-mains-reparatrice-protectrice-75ml\/#primaryimage","url":"https:\/\/paragaleriedetalborjt.com\/wp-content\/uploads\/2026\/01\/dermophil-creme-mains-reparatrice-protectrice-75ml.jpg","contentUrl":"https:\/\/paragaleriedetalborjt.com\/wp-content\/uploads\/2026\/01\/dermophil-creme-mains-reparatrice-protectrice-75ml.jpg","width":595,"height":655},{"@type":"BreadcrumbList","@id":"https:\/\/paragaleriedetalborjt.com\/boutique\/dermophil-creme-mains-reparatrice-protectrice-75ml\/#breadcrumb","itemListElement":[{"@type":"ListItem","position":1,"name":"Accueil","item":"https:\/\/paragaleriedetalborjt.com\/"},{"@type":"ListItem","position":2,"name":"Boutique","item":"https:\/\/paragaleriedetalborjt.com\/boutique\/"},{"@type":"ListItem","position":3,"name":"DERMOPHIL Cr\u00e8me Mains R\u00e9paratrice Protectrice 75mL"}]},{"@type":"WebSite","@id":"https:\/\/paragaleriedetalborjt.com\/#website","url":"https:\/\/paragaleriedetalborjt.com\/","name":"paragaleriedetalborjt","description":"","potentialAction":[{"@type":"SearchAction","target":{"@type":"EntryPoint","urlTemplate":"https:\/\/paragaleriedetalborjt.com\/?s={search_term_string}"},"query-input":{"@type":"PropertyValueSpecification","valueRequired":true,"valueName":"search_term_string"}}],"inLanguage":"en-US"}]}},"brands":[{"id":2171,"name":"DERMOPHIL","slug":"dermophil"}],"_links":{"self":[{"href":"https:\/\/paragaleriedetalborjt.com\/en\/wp-json\/wp\/v2\/product\/44297","targetHints":{"allow":["GET"]}}],"collection":[{"href":"https:\/\/paragaleriedetalborjt.com\/en\/wp-json\/wp\/v2\/product"}],"about":[{"href":"https:\/\/paragaleriedetalborjt.com\/en\/wp-json\/wp\/v2\/types\/product"}],"replies":[{"embeddable":true,"href":"https:\/\/paragaleriedetalborjt.com\/en\/wp-json\/wp\/v2\/comments?post=44297"}],"version-history":[{"count":1,"href":"https:\/\/paragaleriedetalborjt.com\/en\/wp-json\/wp\/v2\/product\/44297\/revisions"}],"predecessor-version":[{"id":44299,"href":"https:\/\/paragaleriedetalborjt.com\/en\/wp-json\/wp\/v2\/product\/44297\/revisions\/44299"}],"wp:featuredmedia":[{"embeddable":true,"href":"https:\/\/paragaleriedetalborjt.com\/en\/wp-json\/wp\/v2\/media\/44298"}],"wp:attachment":[{"href":"https:\/\/paragaleriedetalborjt.com\/en\/wp-json\/wp\/v2\/media?parent=44297"}],"wp:term":[{"taxonomy":"pwb-brand","embeddable":true,"href":"https:\/\/paragaleriedetalborjt.com\/en\/wp-json\/wp\/v2\/pwb-brand?post=44297"},{"taxonomy":"product_cat","embeddable":true,"href":"https:\/\/paragaleriedetalborjt.com\/en\/wp-json\/wp\/v2\/product_cat?post=44297"},{"taxonomy":"product_tag","embeddable":true,"href":"https:\/\/paragaleriedetalborjt.com\/en\/wp-json\/wp\/v2\/product_tag?post=44297"}],"curies":[{"name":"wp","href":"https:\/\/api.w.org\/{rel}","templated":true}]}}