{"id":44294,"date":"2026-01-03T22:46:18","date_gmt":"2026-01-03T21:46:18","guid":{"rendered":"https:\/\/paragaleriedetalborjt.com\/?post_type=product&#038;p=44294"},"modified":"2026-01-03T22:46:18","modified_gmt":"2026-01-03T21:46:18","slug":"dermophil-creme-mains-anti-taches-anti-age-75ml","status":"publish","type":"product","link":"https:\/\/paragaleriedetalborjt.com\/en\/boutique\/dermophil-creme-mains-anti-taches-anti-age-75ml\/","title":{"rendered":"DERMOPHIL Cr\u00e8me Mains Anti-Taches \/ Anti-\u00c2ge 75ml"},"content":{"rendered":"<div aria-labelledby=\"tab-title-description\" class=\"woocommerce-Tabs-panel woocommerce-Tabs-panel--description panel entry-content wc-tab\" id=\"tab-description\" role=\"tabpanel\" style=\"\">\n<h2>Description<\/h2>\n<p>La\u00a0<strong>Cr\u00e8me Mains Anti-Taches \u2013 Anti \u00e2ge<\/strong>\u00a0aide \u00e0 r\u00e9duire et \u00e9claircir les taches pigmentaires. Elle lisse la peau des mains fragilis\u00e9es et\/ou matures gr\u00e2ce \u00e0 des actifs 100% d\u2019origine naturelle. Un complexe v\u00e9g\u00e9tal \u00e0 partir d\u2019actifs naturels agit sur les taches, nourrit et prot\u00e8ge la peau des mains. Emulsion nourrissante non grasse et non collante au d\u00e9licat parfum noix de coco. Absorption rapide avec un toucher sec et doux imm\u00e9diat.<\/p>\n<p><strong>Efficacit\u00e9 de la formule prouv\u00e9e* :<\/strong><\/p>\n<ul>\n<li>ANTI-TACHES : 74%<\/li>\n<li>HYDRATE ET NOURRIT : 90%<\/li>\n<li>PROT\u00c8GE : 97%<\/li>\n<\/ul>\n<p><strong>Les actifs Phyto stars de la formule :<\/strong><\/p>\n<ul>\n<li>Extrait d\u2019HIBISCUS et DE PLANTAIN au pouvoir lissant et \u00e9claircissant.<\/li>\n<li>Extrait de BETTERAVE et D\u2019HUILE D\u2019OLIVE pour contribuer \u00e0 une bonne hydratation.<\/li>\n<li>VITAMINE E pour aider \u00e0 lutter contre les signes du vieillissement.<\/li>\n<\/ul>\n<p><strong>La base compos\u00e9e d\u2019ingr\u00e9dients d\u2019origine naturelle, enrichie en glyc\u00e9rine \u00e9molliente :<\/strong><\/p>\n<ul>\n<li>Lisse<\/li>\n<li>Assouplit l\u2019\u00e9piderme lors d\u2019une utilisation prolong\u00e9e.<\/li>\n<\/ul>\n<p><strong>Le + produit :<\/strong><br \/>\nToucher tr\u00e8s doux, non collant et non gras<\/p>\n<p><strong>Conseil d\u2019utilisation:<\/strong><br \/>\nAppliquer, matin et soir, en insistant particul\u00e8rement sur les taches brunes.<br \/>\nTenir hors de la port\u00e9e et de la vue des enfants de moins de 3 ans.<\/p>\n<\/div>","protected":false},"excerpt":{"rendered":"<p>Highlights:Un complexe v\u00e9g\u00e9tal \u00e0 partir des actifs d\u2019origine naturelle qui agit sur les taches, nourrit et prot\u00e8ge la peau des mains.<\/p>","protected":false},"featured_media":44295,"comment_status":"open","ping_status":"closed","template":"","meta":[],"pwb-brand":[2171],"product_cat":[16],"product_tag":[],"class_list":{"0":"post-44294","1":"product","2":"type-product","3":"status-publish","4":"has-post-thumbnail","6":"pwb-brand-dermophil","7":"product_cat-non-classe","8":"pa_brands-dermophil","10":"first","11":"instock","12":"sale","13":"shipping-taxable","14":"purchasable","15":"product-type-simple"},"yoast_head":"<!-- This site is optimized with the Yoast SEO plugin v26.9 - https:\/\/yoast.com\/product\/yoast-seo-wordpress\/ -->\n<title>DERMOPHIL Cr\u00e8me Mains Anti-Taches \/ Anti-\u00c2ge 75ml - paragaleriedetalborjt<\/title>\n<meta name=\"robots\" content=\"index, follow, max-snippet:-1, max-image-preview:large, max-video-preview:-1\" \/>\n<link rel=\"canonical\" href=\"https:\/\/paragaleriedetalborjt.com\/en\/boutique\/dermophil-creme-mains-anti-taches-anti-age-75ml\/\" \/>\n<meta property=\"og:locale\" content=\"en_US\" \/>\n<meta property=\"og:type\" content=\"article\" \/>\n<meta property=\"og:title\" content=\"DERMOPHIL Cr\u00e8me Mains Anti-Taches \/ Anti-\u00c2ge 75ml - paragaleriedetalborjt\" \/>\n<meta property=\"og:description\" content=\"Highlights:Un complexe v\u00e9g\u00e9tal \u00e0 partir des actifs d\u2019origine naturelle qui agit sur les taches, nourrit et prot\u00e8ge la peau des mains.\" \/>\n<meta property=\"og:url\" content=\"https:\/\/paragaleriedetalborjt.com\/en\/boutique\/dermophil-creme-mains-anti-taches-anti-age-75ml\/\" \/>\n<meta property=\"og:site_name\" content=\"paragaleriedetalborjt\" \/>\n<meta property=\"og:image\" content=\"https:\/\/paragaleriedetalborjt.com\/wp-content\/uploads\/2026\/01\/dermophil-creme-mains-anti-taches-anti-age-75ml.jpg\" \/>\n\t<meta property=\"og:image:width\" content=\"595\" \/>\n\t<meta property=\"og:image:height\" content=\"655\" \/>\n\t<meta property=\"og:image:type\" content=\"image\/jpeg\" \/>\n<meta name=\"twitter:card\" content=\"summary_large_image\" \/>\n<meta name=\"twitter:label1\" content=\"Est. reading time\" \/>\n\t<meta name=\"twitter:data1\" content=\"1 minute\" \/>\n<script type=\"application\/ld+json\" class=\"yoast-schema-graph\">{\"@context\":\"https:\/\/schema.org\",\"@graph\":[{\"@type\":\"WebPage\",\"@id\":\"https:\/\/paragaleriedetalborjt.com\/boutique\/dermophil-creme-mains-anti-taches-anti-age-75ml\/\",\"url\":\"https:\/\/paragaleriedetalborjt.com\/boutique\/dermophil-creme-mains-anti-taches-anti-age-75ml\/\",\"name\":\"DERMOPHIL Cr\u00e8me Mains Anti-Taches \/ Anti-\u00c2ge 75ml - paragaleriedetalborjt\",\"isPartOf\":{\"@id\":\"https:\/\/paragaleriedetalborjt.com\/#website\"},\"primaryImageOfPage\":{\"@id\":\"https:\/\/paragaleriedetalborjt.com\/boutique\/dermophil-creme-mains-anti-taches-anti-age-75ml\/#primaryimage\"},\"image\":{\"@id\":\"https:\/\/paragaleriedetalborjt.com\/boutique\/dermophil-creme-mains-anti-taches-anti-age-75ml\/#primaryimage\"},\"thumbnailUrl\":\"https:\/\/paragaleriedetalborjt.com\/wp-content\/uploads\/2026\/01\/dermophil-creme-mains-anti-taches-anti-age-75ml.jpg\",\"datePublished\":\"2026-01-03T21:46:18+00:00\",\"breadcrumb\":{\"@id\":\"https:\/\/paragaleriedetalborjt.com\/boutique\/dermophil-creme-mains-anti-taches-anti-age-75ml\/#breadcrumb\"},\"inLanguage\":\"en-US\",\"potentialAction\":[{\"@type\":\"ReadAction\",\"target\":[\"https:\/\/paragaleriedetalborjt.com\/boutique\/dermophil-creme-mains-anti-taches-anti-age-75ml\/\"]}]},{\"@type\":\"ImageObject\",\"inLanguage\":\"en-US\",\"@id\":\"https:\/\/paragaleriedetalborjt.com\/boutique\/dermophil-creme-mains-anti-taches-anti-age-75ml\/#primaryimage\",\"url\":\"https:\/\/paragaleriedetalborjt.com\/wp-content\/uploads\/2026\/01\/dermophil-creme-mains-anti-taches-anti-age-75ml.jpg\",\"contentUrl\":\"https:\/\/paragaleriedetalborjt.com\/wp-content\/uploads\/2026\/01\/dermophil-creme-mains-anti-taches-anti-age-75ml.jpg\",\"width\":595,\"height\":655},{\"@type\":\"BreadcrumbList\",\"@id\":\"https:\/\/paragaleriedetalborjt.com\/boutique\/dermophil-creme-mains-anti-taches-anti-age-75ml\/#breadcrumb\",\"itemListElement\":[{\"@type\":\"ListItem\",\"position\":1,\"name\":\"Accueil\",\"item\":\"https:\/\/paragaleriedetalborjt.com\/\"},{\"@type\":\"ListItem\",\"position\":2,\"name\":\"Boutique\",\"item\":\"https:\/\/paragaleriedetalborjt.com\/boutique\/\"},{\"@type\":\"ListItem\",\"position\":3,\"name\":\"DERMOPHIL Cr\u00e8me Mains Anti-Taches \/ Anti-\u00c2ge 75ml\"}]},{\"@type\":\"WebSite\",\"@id\":\"https:\/\/paragaleriedetalborjt.com\/#website\",\"url\":\"https:\/\/paragaleriedetalborjt.com\/\",\"name\":\"paragaleriedetalborjt\",\"description\":\"\",\"potentialAction\":[{\"@type\":\"SearchAction\",\"target\":{\"@type\":\"EntryPoint\",\"urlTemplate\":\"https:\/\/paragaleriedetalborjt.com\/?s={search_term_string}\"},\"query-input\":{\"@type\":\"PropertyValueSpecification\",\"valueRequired\":true,\"valueName\":\"search_term_string\"}}],\"inLanguage\":\"en-US\"}]}<\/script>\n<!-- \/ Yoast SEO plugin. -->","yoast_head_json":{"title":"DERMOPHIL Cr\u00e8me Mains Anti-Taches \/ Anti-\u00c2ge 75ml - paragaleriedetalborjt","robots":{"index":"index","follow":"follow","max-snippet":"max-snippet:-1","max-image-preview":"max-image-preview:large","max-video-preview":"max-video-preview:-1"},"canonical":"https:\/\/paragaleriedetalborjt.com\/en\/boutique\/dermophil-creme-mains-anti-taches-anti-age-75ml\/","og_locale":"en_US","og_type":"article","og_title":"DERMOPHIL Cr\u00e8me Mains Anti-Taches \/ Anti-\u00c2ge 75ml - paragaleriedetalborjt","og_description":"Highlights:Un complexe v\u00e9g\u00e9tal \u00e0 partir des actifs d\u2019origine naturelle qui agit sur les taches, nourrit et prot\u00e8ge la peau des mains.","og_url":"https:\/\/paragaleriedetalborjt.com\/en\/boutique\/dermophil-creme-mains-anti-taches-anti-age-75ml\/","og_site_name":"paragaleriedetalborjt","og_image":[{"width":595,"height":655,"url":"https:\/\/paragaleriedetalborjt.com\/wp-content\/uploads\/2026\/01\/dermophil-creme-mains-anti-taches-anti-age-75ml.jpg","type":"image\/jpeg"}],"twitter_card":"summary_large_image","twitter_misc":{"Est. reading time":"1 minute"},"schema":{"@context":"https:\/\/schema.org","@graph":[{"@type":"WebPage","@id":"https:\/\/paragaleriedetalborjt.com\/boutique\/dermophil-creme-mains-anti-taches-anti-age-75ml\/","url":"https:\/\/paragaleriedetalborjt.com\/boutique\/dermophil-creme-mains-anti-taches-anti-age-75ml\/","name":"DERMOPHIL Cr\u00e8me Mains Anti-Taches \/ Anti-\u00c2ge 75ml - paragaleriedetalborjt","isPartOf":{"@id":"https:\/\/paragaleriedetalborjt.com\/#website"},"primaryImageOfPage":{"@id":"https:\/\/paragaleriedetalborjt.com\/boutique\/dermophil-creme-mains-anti-taches-anti-age-75ml\/#primaryimage"},"image":{"@id":"https:\/\/paragaleriedetalborjt.com\/boutique\/dermophil-creme-mains-anti-taches-anti-age-75ml\/#primaryimage"},"thumbnailUrl":"https:\/\/paragaleriedetalborjt.com\/wp-content\/uploads\/2026\/01\/dermophil-creme-mains-anti-taches-anti-age-75ml.jpg","datePublished":"2026-01-03T21:46:18+00:00","breadcrumb":{"@id":"https:\/\/paragaleriedetalborjt.com\/boutique\/dermophil-creme-mains-anti-taches-anti-age-75ml\/#breadcrumb"},"inLanguage":"en-US","potentialAction":[{"@type":"ReadAction","target":["https:\/\/paragaleriedetalborjt.com\/boutique\/dermophil-creme-mains-anti-taches-anti-age-75ml\/"]}]},{"@type":"ImageObject","inLanguage":"en-US","@id":"https:\/\/paragaleriedetalborjt.com\/boutique\/dermophil-creme-mains-anti-taches-anti-age-75ml\/#primaryimage","url":"https:\/\/paragaleriedetalborjt.com\/wp-content\/uploads\/2026\/01\/dermophil-creme-mains-anti-taches-anti-age-75ml.jpg","contentUrl":"https:\/\/paragaleriedetalborjt.com\/wp-content\/uploads\/2026\/01\/dermophil-creme-mains-anti-taches-anti-age-75ml.jpg","width":595,"height":655},{"@type":"BreadcrumbList","@id":"https:\/\/paragaleriedetalborjt.com\/boutique\/dermophil-creme-mains-anti-taches-anti-age-75ml\/#breadcrumb","itemListElement":[{"@type":"ListItem","position":1,"name":"Accueil","item":"https:\/\/paragaleriedetalborjt.com\/"},{"@type":"ListItem","position":2,"name":"Boutique","item":"https:\/\/paragaleriedetalborjt.com\/boutique\/"},{"@type":"ListItem","position":3,"name":"DERMOPHIL Cr\u00e8me Mains Anti-Taches \/ Anti-\u00c2ge 75ml"}]},{"@type":"WebSite","@id":"https:\/\/paragaleriedetalborjt.com\/#website","url":"https:\/\/paragaleriedetalborjt.com\/","name":"paragaleriedetalborjt","description":"","potentialAction":[{"@type":"SearchAction","target":{"@type":"EntryPoint","urlTemplate":"https:\/\/paragaleriedetalborjt.com\/?s={search_term_string}"},"query-input":{"@type":"PropertyValueSpecification","valueRequired":true,"valueName":"search_term_string"}}],"inLanguage":"en-US"}]}},"brands":[{"id":2171,"name":"DERMOPHIL","slug":"dermophil"}],"_links":{"self":[{"href":"https:\/\/paragaleriedetalborjt.com\/en\/wp-json\/wp\/v2\/product\/44294","targetHints":{"allow":["GET"]}}],"collection":[{"href":"https:\/\/paragaleriedetalborjt.com\/en\/wp-json\/wp\/v2\/product"}],"about":[{"href":"https:\/\/paragaleriedetalborjt.com\/en\/wp-json\/wp\/v2\/types\/product"}],"replies":[{"embeddable":true,"href":"https:\/\/paragaleriedetalborjt.com\/en\/wp-json\/wp\/v2\/comments?post=44294"}],"version-history":[{"count":1,"href":"https:\/\/paragaleriedetalborjt.com\/en\/wp-json\/wp\/v2\/product\/44294\/revisions"}],"predecessor-version":[{"id":44296,"href":"https:\/\/paragaleriedetalborjt.com\/en\/wp-json\/wp\/v2\/product\/44294\/revisions\/44296"}],"wp:featuredmedia":[{"embeddable":true,"href":"https:\/\/paragaleriedetalborjt.com\/en\/wp-json\/wp\/v2\/media\/44295"}],"wp:attachment":[{"href":"https:\/\/paragaleriedetalborjt.com\/en\/wp-json\/wp\/v2\/media?parent=44294"}],"wp:term":[{"taxonomy":"pwb-brand","embeddable":true,"href":"https:\/\/paragaleriedetalborjt.com\/en\/wp-json\/wp\/v2\/pwb-brand?post=44294"},{"taxonomy":"product_cat","embeddable":true,"href":"https:\/\/paragaleriedetalborjt.com\/en\/wp-json\/wp\/v2\/product_cat?post=44294"},{"taxonomy":"product_tag","embeddable":true,"href":"https:\/\/paragaleriedetalborjt.com\/en\/wp-json\/wp\/v2\/product_tag?post=44294"}],"curies":[{"name":"wp","href":"https:\/\/api.w.org\/{rel}","templated":true}]}}