{"id":44291,"date":"2026-01-03T22:46:10","date_gmt":"2026-01-03T21:46:10","guid":{"rendered":"https:\/\/paragaleriedetalborjt.com\/?post_type=product&#038;p=44291"},"modified":"2026-01-03T22:46:10","modified_gmt":"2026-01-03T21:46:10","slug":"dermophil-soin-deau-anti-rides-eclat-thermal","status":"publish","type":"product","link":"https:\/\/paragaleriedetalborjt.com\/en\/boutique\/dermophil-soin-deau-anti-rides-eclat-thermal\/","title":{"rendered":"DERMOPHIL SOIN D\u2019EAU ANTI-RIDES ECLAT THERMAL"},"content":{"rendered":"<div aria-labelledby=\"tab-title-description\" class=\"woocommerce-Tabs-panel woocommerce-Tabs-panel--description panel entry-content wc-tab\" id=\"tab-description\" role=\"tabpanel\" style=\"\">\n<h2>Description<\/h2>\n<p>DERMOPHIL Soin d\u2019eau anti-rides eclat thermal PEAU SENSIBLE ce soin associe une puissante action anti-rides \u00e0 un superbe effet sur l\u2019\u00e9clat du teint gr\u00e0ce \u00e0 plusieurs actifs innovants:<br \/>\n*eau thermale de bagnoles de l\u2019orne(58%)<br \/>\n*Bio-m\u00e9diateur S qui poss\u00e9de une acion r\u00e9paratrice et apaisante et une profonde efficacit\u00e9 anti-age en renforcant les systemes de d\u00e9fense cutan\u00e9s<br \/>\n*sorbaine<br \/>\n*algisium C<br \/>\n*Vitamines A et E<br \/>\n*Huilme de noyau d\u2019abricot<br \/>\n*Glyc\u00e9rine<br \/>\n*Ecran mineral<br \/>\n*Refl\u00e9cteurs de lumi\u00e9re<\/p>\n<\/div>","protected":false},"excerpt":{"rendered":"<p>Highlights:\u2022 NOURRIT la peau.\u2022 PROT\u00c8GE contre le froid.\u2022 APAISE les sensations d\u2019irritation.<\/p>","protected":false},"featured_media":44292,"comment_status":"open","ping_status":"closed","template":"","meta":[],"pwb-brand":[2171],"product_cat":[16],"product_tag":[],"class_list":{"0":"post-44291","1":"product","2":"type-product","3":"status-publish","4":"has-post-thumbnail","6":"pwb-brand-dermophil","7":"product_cat-non-classe","8":"pa_brands-dermophil","10":"first","11":"instock","12":"sale","13":"shipping-taxable","14":"purchasable","15":"product-type-simple"},"yoast_head":"<!-- This site is optimized with the Yoast SEO plugin v26.9 - https:\/\/yoast.com\/product\/yoast-seo-wordpress\/ -->\n<title>DERMOPHIL SOIN D\u2019EAU ANTI-RIDES ECLAT THERMAL - paragaleriedetalborjt<\/title>\n<meta name=\"robots\" content=\"index, follow, max-snippet:-1, max-image-preview:large, max-video-preview:-1\" \/>\n<link rel=\"canonical\" href=\"https:\/\/paragaleriedetalborjt.com\/en\/boutique\/dermophil-soin-deau-anti-rides-eclat-thermal\/\" \/>\n<meta property=\"og:locale\" content=\"en_US\" \/>\n<meta property=\"og:type\" content=\"article\" \/>\n<meta property=\"og:title\" content=\"DERMOPHIL SOIN D\u2019EAU ANTI-RIDES ECLAT THERMAL - paragaleriedetalborjt\" \/>\n<meta property=\"og:description\" content=\"Highlights:\u2022 NOURRIT la peau.\u2022 PROT\u00c8GE contre le froid.\u2022 APAISE les sensations d\u2019irritation.\" \/>\n<meta property=\"og:url\" content=\"https:\/\/paragaleriedetalborjt.com\/en\/boutique\/dermophil-soin-deau-anti-rides-eclat-thermal\/\" \/>\n<meta property=\"og:site_name\" content=\"paragaleriedetalborjt\" \/>\n<meta property=\"og:image\" content=\"https:\/\/paragaleriedetalborjt.com\/wp-content\/uploads\/2026\/01\/dermophil-soin-d-eau-anti-rides-eclat-thermal.jpg\" \/>\n\t<meta property=\"og:image:width\" content=\"595\" \/>\n\t<meta property=\"og:image:height\" content=\"655\" \/>\n\t<meta property=\"og:image:type\" content=\"image\/jpeg\" \/>\n<meta name=\"twitter:card\" content=\"summary_large_image\" \/>\n<script type=\"application\/ld+json\" class=\"yoast-schema-graph\">{\"@context\":\"https:\/\/schema.org\",\"@graph\":[{\"@type\":\"WebPage\",\"@id\":\"https:\/\/paragaleriedetalborjt.com\/boutique\/dermophil-soin-deau-anti-rides-eclat-thermal\/\",\"url\":\"https:\/\/paragaleriedetalborjt.com\/boutique\/dermophil-soin-deau-anti-rides-eclat-thermal\/\",\"name\":\"DERMOPHIL SOIN D\u2019EAU ANTI-RIDES ECLAT THERMAL - paragaleriedetalborjt\",\"isPartOf\":{\"@id\":\"https:\/\/paragaleriedetalborjt.com\/#website\"},\"primaryImageOfPage\":{\"@id\":\"https:\/\/paragaleriedetalborjt.com\/boutique\/dermophil-soin-deau-anti-rides-eclat-thermal\/#primaryimage\"},\"image\":{\"@id\":\"https:\/\/paragaleriedetalborjt.com\/boutique\/dermophil-soin-deau-anti-rides-eclat-thermal\/#primaryimage\"},\"thumbnailUrl\":\"https:\/\/paragaleriedetalborjt.com\/wp-content\/uploads\/2026\/01\/dermophil-soin-d-eau-anti-rides-eclat-thermal.jpg\",\"datePublished\":\"2026-01-03T21:46:10+00:00\",\"breadcrumb\":{\"@id\":\"https:\/\/paragaleriedetalborjt.com\/boutique\/dermophil-soin-deau-anti-rides-eclat-thermal\/#breadcrumb\"},\"inLanguage\":\"en-US\",\"potentialAction\":[{\"@type\":\"ReadAction\",\"target\":[\"https:\/\/paragaleriedetalborjt.com\/boutique\/dermophil-soin-deau-anti-rides-eclat-thermal\/\"]}]},{\"@type\":\"ImageObject\",\"inLanguage\":\"en-US\",\"@id\":\"https:\/\/paragaleriedetalborjt.com\/boutique\/dermophil-soin-deau-anti-rides-eclat-thermal\/#primaryimage\",\"url\":\"https:\/\/paragaleriedetalborjt.com\/wp-content\/uploads\/2026\/01\/dermophil-soin-d-eau-anti-rides-eclat-thermal.jpg\",\"contentUrl\":\"https:\/\/paragaleriedetalborjt.com\/wp-content\/uploads\/2026\/01\/dermophil-soin-d-eau-anti-rides-eclat-thermal.jpg\",\"width\":595,\"height\":655},{\"@type\":\"BreadcrumbList\",\"@id\":\"https:\/\/paragaleriedetalborjt.com\/boutique\/dermophil-soin-deau-anti-rides-eclat-thermal\/#breadcrumb\",\"itemListElement\":[{\"@type\":\"ListItem\",\"position\":1,\"name\":\"Accueil\",\"item\":\"https:\/\/paragaleriedetalborjt.com\/\"},{\"@type\":\"ListItem\",\"position\":2,\"name\":\"Boutique\",\"item\":\"https:\/\/paragaleriedetalborjt.com\/boutique\/\"},{\"@type\":\"ListItem\",\"position\":3,\"name\":\"DERMOPHIL SOIN D\u2019EAU ANTI-RIDES ECLAT THERMAL\"}]},{\"@type\":\"WebSite\",\"@id\":\"https:\/\/paragaleriedetalborjt.com\/#website\",\"url\":\"https:\/\/paragaleriedetalborjt.com\/\",\"name\":\"paragaleriedetalborjt\",\"description\":\"\",\"potentialAction\":[{\"@type\":\"SearchAction\",\"target\":{\"@type\":\"EntryPoint\",\"urlTemplate\":\"https:\/\/paragaleriedetalborjt.com\/?s={search_term_string}\"},\"query-input\":{\"@type\":\"PropertyValueSpecification\",\"valueRequired\":true,\"valueName\":\"search_term_string\"}}],\"inLanguage\":\"en-US\"}]}<\/script>\n<!-- \/ Yoast SEO plugin. -->","yoast_head_json":{"title":"DERMOPHIL SOIN D\u2019EAU ANTI-RIDES ECLAT THERMAL - paragaleriedetalborjt","robots":{"index":"index","follow":"follow","max-snippet":"max-snippet:-1","max-image-preview":"max-image-preview:large","max-video-preview":"max-video-preview:-1"},"canonical":"https:\/\/paragaleriedetalborjt.com\/en\/boutique\/dermophil-soin-deau-anti-rides-eclat-thermal\/","og_locale":"en_US","og_type":"article","og_title":"DERMOPHIL SOIN D\u2019EAU ANTI-RIDES ECLAT THERMAL - paragaleriedetalborjt","og_description":"Highlights:\u2022 NOURRIT la peau.\u2022 PROT\u00c8GE contre le froid.\u2022 APAISE les sensations d\u2019irritation.","og_url":"https:\/\/paragaleriedetalborjt.com\/en\/boutique\/dermophil-soin-deau-anti-rides-eclat-thermal\/","og_site_name":"paragaleriedetalborjt","og_image":[{"width":595,"height":655,"url":"https:\/\/paragaleriedetalborjt.com\/wp-content\/uploads\/2026\/01\/dermophil-soin-d-eau-anti-rides-eclat-thermal.jpg","type":"image\/jpeg"}],"twitter_card":"summary_large_image","schema":{"@context":"https:\/\/schema.org","@graph":[{"@type":"WebPage","@id":"https:\/\/paragaleriedetalborjt.com\/boutique\/dermophil-soin-deau-anti-rides-eclat-thermal\/","url":"https:\/\/paragaleriedetalborjt.com\/boutique\/dermophil-soin-deau-anti-rides-eclat-thermal\/","name":"DERMOPHIL SOIN D\u2019EAU ANTI-RIDES ECLAT THERMAL - paragaleriedetalborjt","isPartOf":{"@id":"https:\/\/paragaleriedetalborjt.com\/#website"},"primaryImageOfPage":{"@id":"https:\/\/paragaleriedetalborjt.com\/boutique\/dermophil-soin-deau-anti-rides-eclat-thermal\/#primaryimage"},"image":{"@id":"https:\/\/paragaleriedetalborjt.com\/boutique\/dermophil-soin-deau-anti-rides-eclat-thermal\/#primaryimage"},"thumbnailUrl":"https:\/\/paragaleriedetalborjt.com\/wp-content\/uploads\/2026\/01\/dermophil-soin-d-eau-anti-rides-eclat-thermal.jpg","datePublished":"2026-01-03T21:46:10+00:00","breadcrumb":{"@id":"https:\/\/paragaleriedetalborjt.com\/boutique\/dermophil-soin-deau-anti-rides-eclat-thermal\/#breadcrumb"},"inLanguage":"en-US","potentialAction":[{"@type":"ReadAction","target":["https:\/\/paragaleriedetalborjt.com\/boutique\/dermophil-soin-deau-anti-rides-eclat-thermal\/"]}]},{"@type":"ImageObject","inLanguage":"en-US","@id":"https:\/\/paragaleriedetalborjt.com\/boutique\/dermophil-soin-deau-anti-rides-eclat-thermal\/#primaryimage","url":"https:\/\/paragaleriedetalborjt.com\/wp-content\/uploads\/2026\/01\/dermophil-soin-d-eau-anti-rides-eclat-thermal.jpg","contentUrl":"https:\/\/paragaleriedetalborjt.com\/wp-content\/uploads\/2026\/01\/dermophil-soin-d-eau-anti-rides-eclat-thermal.jpg","width":595,"height":655},{"@type":"BreadcrumbList","@id":"https:\/\/paragaleriedetalborjt.com\/boutique\/dermophil-soin-deau-anti-rides-eclat-thermal\/#breadcrumb","itemListElement":[{"@type":"ListItem","position":1,"name":"Accueil","item":"https:\/\/paragaleriedetalborjt.com\/"},{"@type":"ListItem","position":2,"name":"Boutique","item":"https:\/\/paragaleriedetalborjt.com\/boutique\/"},{"@type":"ListItem","position":3,"name":"DERMOPHIL SOIN D\u2019EAU ANTI-RIDES ECLAT THERMAL"}]},{"@type":"WebSite","@id":"https:\/\/paragaleriedetalborjt.com\/#website","url":"https:\/\/paragaleriedetalborjt.com\/","name":"paragaleriedetalborjt","description":"","potentialAction":[{"@type":"SearchAction","target":{"@type":"EntryPoint","urlTemplate":"https:\/\/paragaleriedetalborjt.com\/?s={search_term_string}"},"query-input":{"@type":"PropertyValueSpecification","valueRequired":true,"valueName":"search_term_string"}}],"inLanguage":"en-US"}]}},"brands":[{"id":2171,"name":"DERMOPHIL","slug":"dermophil"}],"_links":{"self":[{"href":"https:\/\/paragaleriedetalborjt.com\/en\/wp-json\/wp\/v2\/product\/44291","targetHints":{"allow":["GET"]}}],"collection":[{"href":"https:\/\/paragaleriedetalborjt.com\/en\/wp-json\/wp\/v2\/product"}],"about":[{"href":"https:\/\/paragaleriedetalborjt.com\/en\/wp-json\/wp\/v2\/types\/product"}],"replies":[{"embeddable":true,"href":"https:\/\/paragaleriedetalborjt.com\/en\/wp-json\/wp\/v2\/comments?post=44291"}],"version-history":[{"count":1,"href":"https:\/\/paragaleriedetalborjt.com\/en\/wp-json\/wp\/v2\/product\/44291\/revisions"}],"predecessor-version":[{"id":44293,"href":"https:\/\/paragaleriedetalborjt.com\/en\/wp-json\/wp\/v2\/product\/44291\/revisions\/44293"}],"wp:featuredmedia":[{"embeddable":true,"href":"https:\/\/paragaleriedetalborjt.com\/en\/wp-json\/wp\/v2\/media\/44292"}],"wp:attachment":[{"href":"https:\/\/paragaleriedetalborjt.com\/en\/wp-json\/wp\/v2\/media?parent=44291"}],"wp:term":[{"taxonomy":"pwb-brand","embeddable":true,"href":"https:\/\/paragaleriedetalborjt.com\/en\/wp-json\/wp\/v2\/pwb-brand?post=44291"},{"taxonomy":"product_cat","embeddable":true,"href":"https:\/\/paragaleriedetalborjt.com\/en\/wp-json\/wp\/v2\/product_cat?post=44291"},{"taxonomy":"product_tag","embeddable":true,"href":"https:\/\/paragaleriedetalborjt.com\/en\/wp-json\/wp\/v2\/product_tag?post=44291"}],"curies":[{"name":"wp","href":"https:\/\/api.w.org\/{rel}","templated":true}]}}