{"id":44288,"date":"2026-01-03T22:46:01","date_gmt":"2026-01-03T21:46:01","guid":{"rendered":"https:\/\/paragaleriedetalborjt.com\/?post_type=product&#038;p=44288"},"modified":"2026-01-03T22:46:01","modified_gmt":"2026-01-03T21:46:01","slug":"dermophil-soin-deau-contour-des-yeux","status":"publish","type":"product","link":"https:\/\/paragaleriedetalborjt.com\/en\/boutique\/dermophil-soin-deau-contour-des-yeux\/","title":{"rendered":"DERMOPHIL SOIN D\u2019EAU CONTOUR DES YEUX"},"content":{"rendered":"<div aria-labelledby=\"tab-title-description\" class=\"woocommerce-Tabs-panel woocommerce-Tabs-panel--description panel entry-content wc-tab\" id=\"tab-description\" role=\"tabpanel\" style=\"\">\n<h2>Description<\/h2>\n<p>Qu\u2019il est agr\u00e9able de sentir son contour de l\u2019\u0153il se d\u00e9tendre sous l\u2019effet de sa texture toute fraiche!<\/p>\n<p>Ce gel-cr\u00e8me \u00e0 pH neutre, l\u00e9ger et non gras, favorise la diminution des rides, des poches et des cernes. Son action est renforc\u00e9e par le Patch Activateur, incorpor\u00e9 dans l\u2019\u00e9tui, que l\u2019on applique sur une couche \u00e9paisse du Concentr\u00e9 Revitalisant Thermal.<\/p>\n<p><strong>Principaux actifs :<\/strong><\/p>\n<p>* Eau Thermale de Bagnoles de l\u2019Orne 67% : apaisante<br \/>\n* Bio-m\u00e9diateur S : anti-inflammatoire<br \/>\n* Prot\u00e9ine de bl\u00e9 \u00e0 effet tenseur<br \/>\n* Silicium organique: anti-radicalaires<br \/>\n* Caf\u00e9ine et cola : complexe \u00ab\u00a0br\u00fble-graisse\u00a0\u00bb<\/p>\n<p><strong><strong>Conseils d\u2019Utilisation : <\/strong> <\/strong><\/p>\n<p>Pour un soin intensif, appliquer le concentr\u00e9 Revitalisant Thermal Yeux en couche \u00e9paisse, couvrir avec le Patch activateur et laisser poser 10 minutes. Absorber l\u2019exc\u00e9dent de gel \u00e0 l\u2019aide d\u2019un coton.<\/p>\n<\/div>","protected":false},"excerpt":{"rendered":"<p>Highlights:sp\u00e9cialement con\u00e7u pour les yeux et les paupi\u00e8res sensibles, il lutte contre les marques du temps et les signes de fatigue.<\/p>","protected":false},"featured_media":44289,"comment_status":"open","ping_status":"closed","template":"","meta":[],"pwb-brand":[2171],"product_cat":[16],"product_tag":[],"class_list":{"0":"post-44288","1":"product","2":"type-product","3":"status-publish","4":"has-post-thumbnail","6":"pwb-brand-dermophil","7":"product_cat-non-classe","8":"pa_brands-dermophil","10":"first","11":"instock","12":"sale","13":"shipping-taxable","14":"purchasable","15":"product-type-simple"},"yoast_head":"<!-- This site is optimized with the Yoast SEO plugin v26.9 - https:\/\/yoast.com\/product\/yoast-seo-wordpress\/ -->\n<title>DERMOPHIL SOIN D\u2019EAU CONTOUR DES YEUX - paragaleriedetalborjt<\/title>\n<meta name=\"robots\" content=\"index, follow, max-snippet:-1, max-image-preview:large, max-video-preview:-1\" \/>\n<link rel=\"canonical\" href=\"https:\/\/paragaleriedetalborjt.com\/en\/boutique\/dermophil-soin-deau-contour-des-yeux\/\" \/>\n<meta property=\"og:locale\" content=\"en_US\" \/>\n<meta property=\"og:type\" content=\"article\" \/>\n<meta property=\"og:title\" content=\"DERMOPHIL SOIN D\u2019EAU CONTOUR DES YEUX - paragaleriedetalborjt\" \/>\n<meta property=\"og:description\" content=\"Highlights:sp\u00e9cialement con\u00e7u pour les yeux et les paupi\u00e8res sensibles, il lutte contre les marques du temps et les signes de fatigue.\" \/>\n<meta property=\"og:url\" content=\"https:\/\/paragaleriedetalborjt.com\/en\/boutique\/dermophil-soin-deau-contour-des-yeux\/\" \/>\n<meta property=\"og:site_name\" content=\"paragaleriedetalborjt\" \/>\n<meta property=\"og:image\" content=\"https:\/\/paragaleriedetalborjt.com\/wp-content\/uploads\/2026\/01\/dermophil-soin-d-eau-contour-des-yeux.jpg\" \/>\n\t<meta property=\"og:image:width\" content=\"595\" \/>\n\t<meta property=\"og:image:height\" content=\"655\" \/>\n\t<meta property=\"og:image:type\" content=\"image\/jpeg\" \/>\n<meta name=\"twitter:card\" content=\"summary_large_image\" \/>\n<meta name=\"twitter:label1\" content=\"Est. reading time\" \/>\n\t<meta name=\"twitter:data1\" content=\"1 minute\" \/>\n<script type=\"application\/ld+json\" class=\"yoast-schema-graph\">{\"@context\":\"https:\/\/schema.org\",\"@graph\":[{\"@type\":\"WebPage\",\"@id\":\"https:\/\/paragaleriedetalborjt.com\/boutique\/dermophil-soin-deau-contour-des-yeux\/\",\"url\":\"https:\/\/paragaleriedetalborjt.com\/boutique\/dermophil-soin-deau-contour-des-yeux\/\",\"name\":\"DERMOPHIL SOIN D\u2019EAU CONTOUR DES YEUX - paragaleriedetalborjt\",\"isPartOf\":{\"@id\":\"https:\/\/paragaleriedetalborjt.com\/#website\"},\"primaryImageOfPage\":{\"@id\":\"https:\/\/paragaleriedetalborjt.com\/boutique\/dermophil-soin-deau-contour-des-yeux\/#primaryimage\"},\"image\":{\"@id\":\"https:\/\/paragaleriedetalborjt.com\/boutique\/dermophil-soin-deau-contour-des-yeux\/#primaryimage\"},\"thumbnailUrl\":\"https:\/\/paragaleriedetalborjt.com\/wp-content\/uploads\/2026\/01\/dermophil-soin-d-eau-contour-des-yeux.jpg\",\"datePublished\":\"2026-01-03T21:46:01+00:00\",\"breadcrumb\":{\"@id\":\"https:\/\/paragaleriedetalborjt.com\/boutique\/dermophil-soin-deau-contour-des-yeux\/#breadcrumb\"},\"inLanguage\":\"en-US\",\"potentialAction\":[{\"@type\":\"ReadAction\",\"target\":[\"https:\/\/paragaleriedetalborjt.com\/boutique\/dermophil-soin-deau-contour-des-yeux\/\"]}]},{\"@type\":\"ImageObject\",\"inLanguage\":\"en-US\",\"@id\":\"https:\/\/paragaleriedetalborjt.com\/boutique\/dermophil-soin-deau-contour-des-yeux\/#primaryimage\",\"url\":\"https:\/\/paragaleriedetalborjt.com\/wp-content\/uploads\/2026\/01\/dermophil-soin-d-eau-contour-des-yeux.jpg\",\"contentUrl\":\"https:\/\/paragaleriedetalborjt.com\/wp-content\/uploads\/2026\/01\/dermophil-soin-d-eau-contour-des-yeux.jpg\",\"width\":595,\"height\":655},{\"@type\":\"BreadcrumbList\",\"@id\":\"https:\/\/paragaleriedetalborjt.com\/boutique\/dermophil-soin-deau-contour-des-yeux\/#breadcrumb\",\"itemListElement\":[{\"@type\":\"ListItem\",\"position\":1,\"name\":\"Accueil\",\"item\":\"https:\/\/paragaleriedetalborjt.com\/\"},{\"@type\":\"ListItem\",\"position\":2,\"name\":\"Boutique\",\"item\":\"https:\/\/paragaleriedetalborjt.com\/boutique\/\"},{\"@type\":\"ListItem\",\"position\":3,\"name\":\"DERMOPHIL SOIN D\u2019EAU CONTOUR DES YEUX\"}]},{\"@type\":\"WebSite\",\"@id\":\"https:\/\/paragaleriedetalborjt.com\/#website\",\"url\":\"https:\/\/paragaleriedetalborjt.com\/\",\"name\":\"paragaleriedetalborjt\",\"description\":\"\",\"potentialAction\":[{\"@type\":\"SearchAction\",\"target\":{\"@type\":\"EntryPoint\",\"urlTemplate\":\"https:\/\/paragaleriedetalborjt.com\/?s={search_term_string}\"},\"query-input\":{\"@type\":\"PropertyValueSpecification\",\"valueRequired\":true,\"valueName\":\"search_term_string\"}}],\"inLanguage\":\"en-US\"}]}<\/script>\n<!-- \/ Yoast SEO plugin. -->","yoast_head_json":{"title":"DERMOPHIL SOIN D\u2019EAU CONTOUR DES YEUX - paragaleriedetalborjt","robots":{"index":"index","follow":"follow","max-snippet":"max-snippet:-1","max-image-preview":"max-image-preview:large","max-video-preview":"max-video-preview:-1"},"canonical":"https:\/\/paragaleriedetalborjt.com\/en\/boutique\/dermophil-soin-deau-contour-des-yeux\/","og_locale":"en_US","og_type":"article","og_title":"DERMOPHIL SOIN D\u2019EAU CONTOUR DES YEUX - paragaleriedetalborjt","og_description":"Highlights:sp\u00e9cialement con\u00e7u pour les yeux et les paupi\u00e8res sensibles, il lutte contre les marques du temps et les signes de fatigue.","og_url":"https:\/\/paragaleriedetalborjt.com\/en\/boutique\/dermophil-soin-deau-contour-des-yeux\/","og_site_name":"paragaleriedetalborjt","og_image":[{"width":595,"height":655,"url":"https:\/\/paragaleriedetalborjt.com\/wp-content\/uploads\/2026\/01\/dermophil-soin-d-eau-contour-des-yeux.jpg","type":"image\/jpeg"}],"twitter_card":"summary_large_image","twitter_misc":{"Est. reading time":"1 minute"},"schema":{"@context":"https:\/\/schema.org","@graph":[{"@type":"WebPage","@id":"https:\/\/paragaleriedetalborjt.com\/boutique\/dermophil-soin-deau-contour-des-yeux\/","url":"https:\/\/paragaleriedetalborjt.com\/boutique\/dermophil-soin-deau-contour-des-yeux\/","name":"DERMOPHIL SOIN D\u2019EAU CONTOUR DES YEUX - paragaleriedetalborjt","isPartOf":{"@id":"https:\/\/paragaleriedetalborjt.com\/#website"},"primaryImageOfPage":{"@id":"https:\/\/paragaleriedetalborjt.com\/boutique\/dermophil-soin-deau-contour-des-yeux\/#primaryimage"},"image":{"@id":"https:\/\/paragaleriedetalborjt.com\/boutique\/dermophil-soin-deau-contour-des-yeux\/#primaryimage"},"thumbnailUrl":"https:\/\/paragaleriedetalborjt.com\/wp-content\/uploads\/2026\/01\/dermophil-soin-d-eau-contour-des-yeux.jpg","datePublished":"2026-01-03T21:46:01+00:00","breadcrumb":{"@id":"https:\/\/paragaleriedetalborjt.com\/boutique\/dermophil-soin-deau-contour-des-yeux\/#breadcrumb"},"inLanguage":"en-US","potentialAction":[{"@type":"ReadAction","target":["https:\/\/paragaleriedetalborjt.com\/boutique\/dermophil-soin-deau-contour-des-yeux\/"]}]},{"@type":"ImageObject","inLanguage":"en-US","@id":"https:\/\/paragaleriedetalborjt.com\/boutique\/dermophil-soin-deau-contour-des-yeux\/#primaryimage","url":"https:\/\/paragaleriedetalborjt.com\/wp-content\/uploads\/2026\/01\/dermophil-soin-d-eau-contour-des-yeux.jpg","contentUrl":"https:\/\/paragaleriedetalborjt.com\/wp-content\/uploads\/2026\/01\/dermophil-soin-d-eau-contour-des-yeux.jpg","width":595,"height":655},{"@type":"BreadcrumbList","@id":"https:\/\/paragaleriedetalborjt.com\/boutique\/dermophil-soin-deau-contour-des-yeux\/#breadcrumb","itemListElement":[{"@type":"ListItem","position":1,"name":"Accueil","item":"https:\/\/paragaleriedetalborjt.com\/"},{"@type":"ListItem","position":2,"name":"Boutique","item":"https:\/\/paragaleriedetalborjt.com\/boutique\/"},{"@type":"ListItem","position":3,"name":"DERMOPHIL SOIN D\u2019EAU CONTOUR DES YEUX"}]},{"@type":"WebSite","@id":"https:\/\/paragaleriedetalborjt.com\/#website","url":"https:\/\/paragaleriedetalborjt.com\/","name":"paragaleriedetalborjt","description":"","potentialAction":[{"@type":"SearchAction","target":{"@type":"EntryPoint","urlTemplate":"https:\/\/paragaleriedetalborjt.com\/?s={search_term_string}"},"query-input":{"@type":"PropertyValueSpecification","valueRequired":true,"valueName":"search_term_string"}}],"inLanguage":"en-US"}]}},"brands":[{"id":2171,"name":"DERMOPHIL","slug":"dermophil"}],"_links":{"self":[{"href":"https:\/\/paragaleriedetalborjt.com\/en\/wp-json\/wp\/v2\/product\/44288","targetHints":{"allow":["GET"]}}],"collection":[{"href":"https:\/\/paragaleriedetalborjt.com\/en\/wp-json\/wp\/v2\/product"}],"about":[{"href":"https:\/\/paragaleriedetalborjt.com\/en\/wp-json\/wp\/v2\/types\/product"}],"replies":[{"embeddable":true,"href":"https:\/\/paragaleriedetalborjt.com\/en\/wp-json\/wp\/v2\/comments?post=44288"}],"version-history":[{"count":1,"href":"https:\/\/paragaleriedetalborjt.com\/en\/wp-json\/wp\/v2\/product\/44288\/revisions"}],"predecessor-version":[{"id":44290,"href":"https:\/\/paragaleriedetalborjt.com\/en\/wp-json\/wp\/v2\/product\/44288\/revisions\/44290"}],"wp:featuredmedia":[{"embeddable":true,"href":"https:\/\/paragaleriedetalborjt.com\/en\/wp-json\/wp\/v2\/media\/44289"}],"wp:attachment":[{"href":"https:\/\/paragaleriedetalborjt.com\/en\/wp-json\/wp\/v2\/media?parent=44288"}],"wp:term":[{"taxonomy":"pwb-brand","embeddable":true,"href":"https:\/\/paragaleriedetalborjt.com\/en\/wp-json\/wp\/v2\/pwb-brand?post=44288"},{"taxonomy":"product_cat","embeddable":true,"href":"https:\/\/paragaleriedetalborjt.com\/en\/wp-json\/wp\/v2\/product_cat?post=44288"},{"taxonomy":"product_tag","embeddable":true,"href":"https:\/\/paragaleriedetalborjt.com\/en\/wp-json\/wp\/v2\/product_tag?post=44288"}],"curies":[{"name":"wp","href":"https:\/\/api.w.org\/{rel}","templated":true}]}}