{"id":44282,"date":"2026-01-03T22:45:44","date_gmt":"2026-01-03T21:45:44","guid":{"rendered":"https:\/\/paragaleriedetalborjt.com\/?post_type=product&#038;p=44282"},"modified":"2026-01-03T22:45:44","modified_gmt":"2026-01-03T21:45:44","slug":"caroli-serviettes-periodiques-ultra-plus-capacite-dabsorption-3-gouttes-x14","status":"publish","type":"product","link":"https:\/\/paragaleriedetalborjt.com\/en\/boutique\/caroli-serviettes-periodiques-ultra-plus-capacite-dabsorption-3-gouttes-x14\/","title":{"rendered":"CAROLI SERVIETTES P\u00c9RIODIQUES ULTRA PLUS CAPACIT\u00c9 D\u2019ABSORPTION 3 GOUTTES X14"},"content":{"rendered":"<div aria-labelledby=\"tab-title-description\" class=\"woocommerce-Tabs-panel woocommerce-Tabs-panel--description panel entry-content wc-tab\" id=\"tab-description\" role=\"tabpanel\" style=\"\">\n<h2>Description<\/h2>\n<p>Gamme hygi\u00e9ne f\u00e9minine sans latex, phtalates, chlorique, formaldehyde \u2026 Ni aucune substance classifi\u00e9e irritante carcinog\u00e8ne ou mutag\u00e8ne .<\/p>\n<p>sans parfum ni lotion hydratante.<\/p>\n<p>Les produits hyppoallergenique CAROLI sont ultra-fins pour le confort et la discr\u00e9tion. ils ont une surface douce et soyeuse avec couche sup\u00e9rieure non-tiss\u00e9e \u00ab\u00a0Soft &amp; Dry\u00a0\u00bb, qui assure une acquisition rapide des fluides, gardant le porteur frais et sec. En outre, avec un noyau absorbant \u00ab\u00a0airlaid\u00a0\u00bb, il attire et bloque le fluide; aide \u00e0 pr\u00e9venir les fuites.<br \/>\nPaquet de 12 serviettes\/emballage individuel<br \/>\nFabriqu\u00e9 en Allemagne<\/p>\n<\/div>","protected":false},"excerpt":{"rendered":"<p>Highlights:L\u2019huile lavant \u00e9molliente, nettoie et soulage les peaux fragiles s\u00e8ches \u00e0 tendance \u00e0 l\u2019\u00e9cz\u00e9ma atopique<\/p>","protected":false},"featured_media":44283,"comment_status":"open","ping_status":"closed","template":"","meta":[],"pwb-brand":[2169],"product_cat":[16],"product_tag":[],"class_list":{"0":"post-44282","1":"product","2":"type-product","3":"status-publish","4":"has-post-thumbnail","6":"pwb-brand-caroli","7":"product_cat-non-classe","8":"pa_brands-caroli","10":"first","11":"instock","12":"sale","13":"shipping-taxable","14":"purchasable","15":"product-type-simple"},"yoast_head":"<!-- This site is optimized with the Yoast SEO plugin v27.5 - https:\/\/yoast.com\/product\/yoast-seo-wordpress\/ -->\n<title>CAROLI SERVIETTES P\u00c9RIODIQUES ULTRA PLUS CAPACIT\u00c9 D\u2019ABSORPTION 3 GOUTTES X14 - paragaleriedetalborjt<\/title>\n<meta name=\"robots\" content=\"index, follow, max-snippet:-1, max-image-preview:large, max-video-preview:-1\" \/>\n<link rel=\"canonical\" href=\"https:\/\/paragaleriedetalborjt.com\/en\/boutique\/caroli-serviettes-periodiques-ultra-plus-capacite-dabsorption-3-gouttes-x14\/\" \/>\n<meta property=\"og:locale\" content=\"en_US\" \/>\n<meta property=\"og:type\" content=\"article\" \/>\n<meta property=\"og:title\" content=\"CAROLI SERVIETTES P\u00c9RIODIQUES ULTRA PLUS CAPACIT\u00c9 D\u2019ABSORPTION 3 GOUTTES X14 - paragaleriedetalborjt\" \/>\n<meta property=\"og:description\" content=\"Highlights:L\u2019huile lavant \u00e9molliente, nettoie et soulage les peaux fragiles s\u00e8ches \u00e0 tendance \u00e0 l\u2019\u00e9cz\u00e9ma atopique\" \/>\n<meta property=\"og:url\" content=\"https:\/\/paragaleriedetalborjt.com\/en\/boutique\/caroli-serviettes-periodiques-ultra-plus-capacite-dabsorption-3-gouttes-x14\/\" \/>\n<meta property=\"og:site_name\" content=\"paragaleriedetalborjt\" \/>\n<meta property=\"og:image\" content=\"https:\/\/paragaleriedetalborjt.com\/wp-content\/uploads\/2026\/01\/caroli-serviettes-periodiques-ultra-plus-capacite-d-absorption-3-gouttes-x14.jpg\" \/>\n\t<meta property=\"og:image:width\" content=\"595\" \/>\n\t<meta property=\"og:image:height\" content=\"655\" \/>\n\t<meta property=\"og:image:type\" content=\"image\/jpeg\" \/>\n<meta name=\"twitter:card\" content=\"summary_large_image\" \/>\n<script type=\"application\/ld+json\" class=\"yoast-schema-graph\">{\"@context\":\"https:\\\/\\\/schema.org\",\"@graph\":[{\"@type\":\"WebPage\",\"@id\":\"https:\\\/\\\/paragaleriedetalborjt.com\\\/boutique\\\/caroli-serviettes-periodiques-ultra-plus-capacite-dabsorption-3-gouttes-x14\\\/\",\"url\":\"https:\\\/\\\/paragaleriedetalborjt.com\\\/boutique\\\/caroli-serviettes-periodiques-ultra-plus-capacite-dabsorption-3-gouttes-x14\\\/\",\"name\":\"CAROLI SERVIETTES P\u00c9RIODIQUES ULTRA PLUS CAPACIT\u00c9 D\u2019ABSORPTION 3 GOUTTES X14 - paragaleriedetalborjt\",\"isPartOf\":{\"@id\":\"https:\\\/\\\/paragaleriedetalborjt.com\\\/#website\"},\"primaryImageOfPage\":{\"@id\":\"https:\\\/\\\/paragaleriedetalborjt.com\\\/boutique\\\/caroli-serviettes-periodiques-ultra-plus-capacite-dabsorption-3-gouttes-x14\\\/#primaryimage\"},\"image\":{\"@id\":\"https:\\\/\\\/paragaleriedetalborjt.com\\\/boutique\\\/caroli-serviettes-periodiques-ultra-plus-capacite-dabsorption-3-gouttes-x14\\\/#primaryimage\"},\"thumbnailUrl\":\"https:\\\/\\\/paragaleriedetalborjt.com\\\/wp-content\\\/uploads\\\/2026\\\/01\\\/caroli-serviettes-periodiques-ultra-plus-capacite-d-absorption-3-gouttes-x14.jpg\",\"datePublished\":\"2026-01-03T21:45:44+00:00\",\"breadcrumb\":{\"@id\":\"https:\\\/\\\/paragaleriedetalborjt.com\\\/boutique\\\/caroli-serviettes-periodiques-ultra-plus-capacite-dabsorption-3-gouttes-x14\\\/#breadcrumb\"},\"inLanguage\":\"en-US\",\"potentialAction\":[{\"@type\":\"ReadAction\",\"target\":[\"https:\\\/\\\/paragaleriedetalborjt.com\\\/boutique\\\/caroli-serviettes-periodiques-ultra-plus-capacite-dabsorption-3-gouttes-x14\\\/\"]}]},{\"@type\":\"ImageObject\",\"inLanguage\":\"en-US\",\"@id\":\"https:\\\/\\\/paragaleriedetalborjt.com\\\/boutique\\\/caroli-serviettes-periodiques-ultra-plus-capacite-dabsorption-3-gouttes-x14\\\/#primaryimage\",\"url\":\"https:\\\/\\\/paragaleriedetalborjt.com\\\/wp-content\\\/uploads\\\/2026\\\/01\\\/caroli-serviettes-periodiques-ultra-plus-capacite-d-absorption-3-gouttes-x14.jpg\",\"contentUrl\":\"https:\\\/\\\/paragaleriedetalborjt.com\\\/wp-content\\\/uploads\\\/2026\\\/01\\\/caroli-serviettes-periodiques-ultra-plus-capacite-d-absorption-3-gouttes-x14.jpg\",\"width\":595,\"height\":655},{\"@type\":\"BreadcrumbList\",\"@id\":\"https:\\\/\\\/paragaleriedetalborjt.com\\\/boutique\\\/caroli-serviettes-periodiques-ultra-plus-capacite-dabsorption-3-gouttes-x14\\\/#breadcrumb\",\"itemListElement\":[{\"@type\":\"ListItem\",\"position\":1,\"name\":\"Accueil\",\"item\":\"https:\\\/\\\/paragaleriedetalborjt.com\\\/\"},{\"@type\":\"ListItem\",\"position\":2,\"name\":\"Boutique\",\"item\":\"https:\\\/\\\/paragaleriedetalborjt.com\\\/boutique\\\/\"},{\"@type\":\"ListItem\",\"position\":3,\"name\":\"CAROLI SERVIETTES P\u00c9RIODIQUES ULTRA PLUS CAPACIT\u00c9 D\u2019ABSORPTION 3 GOUTTES X14\"}]},{\"@type\":\"WebSite\",\"@id\":\"https:\\\/\\\/paragaleriedetalborjt.com\\\/#website\",\"url\":\"https:\\\/\\\/paragaleriedetalborjt.com\\\/\",\"name\":\"paragaleriedetalborjt\",\"description\":\"\",\"potentialAction\":[{\"@type\":\"SearchAction\",\"target\":{\"@type\":\"EntryPoint\",\"urlTemplate\":\"https:\\\/\\\/paragaleriedetalborjt.com\\\/?s={search_term_string}\"},\"query-input\":{\"@type\":\"PropertyValueSpecification\",\"valueRequired\":true,\"valueName\":\"search_term_string\"}}],\"inLanguage\":\"en-US\"}]}<\/script>\n<!-- \/ Yoast SEO plugin. -->","yoast_head_json":{"title":"CAROLI SERVIETTES P\u00c9RIODIQUES ULTRA PLUS CAPACIT\u00c9 D\u2019ABSORPTION 3 GOUTTES X14 - paragaleriedetalborjt","robots":{"index":"index","follow":"follow","max-snippet":"max-snippet:-1","max-image-preview":"max-image-preview:large","max-video-preview":"max-video-preview:-1"},"canonical":"https:\/\/paragaleriedetalborjt.com\/en\/boutique\/caroli-serviettes-periodiques-ultra-plus-capacite-dabsorption-3-gouttes-x14\/","og_locale":"en_US","og_type":"article","og_title":"CAROLI SERVIETTES P\u00c9RIODIQUES ULTRA PLUS CAPACIT\u00c9 D\u2019ABSORPTION 3 GOUTTES X14 - paragaleriedetalborjt","og_description":"Highlights:L\u2019huile lavant \u00e9molliente, nettoie et soulage les peaux fragiles s\u00e8ches \u00e0 tendance \u00e0 l\u2019\u00e9cz\u00e9ma atopique","og_url":"https:\/\/paragaleriedetalborjt.com\/en\/boutique\/caroli-serviettes-periodiques-ultra-plus-capacite-dabsorption-3-gouttes-x14\/","og_site_name":"paragaleriedetalborjt","og_image":[{"width":595,"height":655,"url":"https:\/\/paragaleriedetalborjt.com\/wp-content\/uploads\/2026\/01\/caroli-serviettes-periodiques-ultra-plus-capacite-d-absorption-3-gouttes-x14.jpg","type":"image\/jpeg"}],"twitter_card":"summary_large_image","schema":{"@context":"https:\/\/schema.org","@graph":[{"@type":"WebPage","@id":"https:\/\/paragaleriedetalborjt.com\/boutique\/caroli-serviettes-periodiques-ultra-plus-capacite-dabsorption-3-gouttes-x14\/","url":"https:\/\/paragaleriedetalborjt.com\/boutique\/caroli-serviettes-periodiques-ultra-plus-capacite-dabsorption-3-gouttes-x14\/","name":"CAROLI SERVIETTES P\u00c9RIODIQUES ULTRA PLUS CAPACIT\u00c9 D\u2019ABSORPTION 3 GOUTTES X14 - paragaleriedetalborjt","isPartOf":{"@id":"https:\/\/paragaleriedetalborjt.com\/#website"},"primaryImageOfPage":{"@id":"https:\/\/paragaleriedetalborjt.com\/boutique\/caroli-serviettes-periodiques-ultra-plus-capacite-dabsorption-3-gouttes-x14\/#primaryimage"},"image":{"@id":"https:\/\/paragaleriedetalborjt.com\/boutique\/caroli-serviettes-periodiques-ultra-plus-capacite-dabsorption-3-gouttes-x14\/#primaryimage"},"thumbnailUrl":"https:\/\/paragaleriedetalborjt.com\/wp-content\/uploads\/2026\/01\/caroli-serviettes-periodiques-ultra-plus-capacite-d-absorption-3-gouttes-x14.jpg","datePublished":"2026-01-03T21:45:44+00:00","breadcrumb":{"@id":"https:\/\/paragaleriedetalborjt.com\/boutique\/caroli-serviettes-periodiques-ultra-plus-capacite-dabsorption-3-gouttes-x14\/#breadcrumb"},"inLanguage":"en-US","potentialAction":[{"@type":"ReadAction","target":["https:\/\/paragaleriedetalborjt.com\/boutique\/caroli-serviettes-periodiques-ultra-plus-capacite-dabsorption-3-gouttes-x14\/"]}]},{"@type":"ImageObject","inLanguage":"en-US","@id":"https:\/\/paragaleriedetalborjt.com\/boutique\/caroli-serviettes-periodiques-ultra-plus-capacite-dabsorption-3-gouttes-x14\/#primaryimage","url":"https:\/\/paragaleriedetalborjt.com\/wp-content\/uploads\/2026\/01\/caroli-serviettes-periodiques-ultra-plus-capacite-d-absorption-3-gouttes-x14.jpg","contentUrl":"https:\/\/paragaleriedetalborjt.com\/wp-content\/uploads\/2026\/01\/caroli-serviettes-periodiques-ultra-plus-capacite-d-absorption-3-gouttes-x14.jpg","width":595,"height":655},{"@type":"BreadcrumbList","@id":"https:\/\/paragaleriedetalborjt.com\/boutique\/caroli-serviettes-periodiques-ultra-plus-capacite-dabsorption-3-gouttes-x14\/#breadcrumb","itemListElement":[{"@type":"ListItem","position":1,"name":"Accueil","item":"https:\/\/paragaleriedetalborjt.com\/"},{"@type":"ListItem","position":2,"name":"Boutique","item":"https:\/\/paragaleriedetalborjt.com\/boutique\/"},{"@type":"ListItem","position":3,"name":"CAROLI SERVIETTES P\u00c9RIODIQUES ULTRA PLUS CAPACIT\u00c9 D\u2019ABSORPTION 3 GOUTTES X14"}]},{"@type":"WebSite","@id":"https:\/\/paragaleriedetalborjt.com\/#website","url":"https:\/\/paragaleriedetalborjt.com\/","name":"paragaleriedetalborjt","description":"","potentialAction":[{"@type":"SearchAction","target":{"@type":"EntryPoint","urlTemplate":"https:\/\/paragaleriedetalborjt.com\/?s={search_term_string}"},"query-input":{"@type":"PropertyValueSpecification","valueRequired":true,"valueName":"search_term_string"}}],"inLanguage":"en-US"}]}},"brands":[{"id":2169,"name":"CAROLI","slug":"caroli"}],"_links":{"self":[{"href":"https:\/\/paragaleriedetalborjt.com\/en\/wp-json\/wp\/v2\/product\/44282","targetHints":{"allow":["GET"]}}],"collection":[{"href":"https:\/\/paragaleriedetalborjt.com\/en\/wp-json\/wp\/v2\/product"}],"about":[{"href":"https:\/\/paragaleriedetalborjt.com\/en\/wp-json\/wp\/v2\/types\/product"}],"replies":[{"embeddable":true,"href":"https:\/\/paragaleriedetalborjt.com\/en\/wp-json\/wp\/v2\/comments?post=44282"}],"version-history":[{"count":1,"href":"https:\/\/paragaleriedetalborjt.com\/en\/wp-json\/wp\/v2\/product\/44282\/revisions"}],"predecessor-version":[{"id":44284,"href":"https:\/\/paragaleriedetalborjt.com\/en\/wp-json\/wp\/v2\/product\/44282\/revisions\/44284"}],"wp:featuredmedia":[{"embeddable":true,"href":"https:\/\/paragaleriedetalborjt.com\/en\/wp-json\/wp\/v2\/media\/44283"}],"wp:attachment":[{"href":"https:\/\/paragaleriedetalborjt.com\/en\/wp-json\/wp\/v2\/media?parent=44282"}],"wp:term":[{"taxonomy":"pwb-brand","embeddable":true,"href":"https:\/\/paragaleriedetalborjt.com\/en\/wp-json\/wp\/v2\/pwb-brand?post=44282"},{"taxonomy":"product_cat","embeddable":true,"href":"https:\/\/paragaleriedetalborjt.com\/en\/wp-json\/wp\/v2\/product_cat?post=44282"},{"taxonomy":"product_tag","embeddable":true,"href":"https:\/\/paragaleriedetalborjt.com\/en\/wp-json\/wp\/v2\/product_tag?post=44282"}],"curies":[{"name":"wp","href":"https:\/\/api.w.org\/{rel}","templated":true}]}}