{"id":44166,"date":"2026-01-03T22:40:38","date_gmt":"2026-01-03T21:40:38","guid":{"rendered":"https:\/\/paragaleriedetalborjt.com\/?post_type=product&#038;p=44166"},"modified":"2026-01-03T22:40:38","modified_gmt":"2026-01-03T21:40:38","slug":"caditar-serum-anti-chute-150ml","status":"publish","type":"product","link":"https:\/\/paragaleriedetalborjt.com\/en\/boutique\/caditar-serum-anti-chute-150ml\/","title":{"rendered":"Caditar S\u00e9rum Anti-chute 150ml"},"content":{"rendered":"<div aria-labelledby=\"tab-title-description\" class=\"woocommerce-Tabs-panel woocommerce-Tabs-panel--description panel entry-content wc-tab\" id=\"tab-description\" role=\"tabpanel\" style=\"\">\n<h2>Description<\/h2>\n<p><strong>Alop\u00e9cie (ou chute de cheveux), femmes et hommes concern\u00e9s<\/strong><\/p>\n<p>La perte de cheveu est un probl\u00e8me visible qu\u2019il faut prendre en charge lorsque celle-ci d\u00e9passe le seuil de 60 \u00e0 100 cheveux par jour.<\/p>\n<p>Les causes sont nombreuses, localis\u00e9es ou diffuses, d\u2019ordre g\u00e9n\u00e9tique, tr\u00e8s souvent h\u00e9r\u00e9ditaires, \u00e0 cause d\u2019un d\u00e9s\u00e9quilibre hormonal li\u00e9 \u00e0 un exc\u00e8s de testost\u00e9rone, chez l\u2019homme mais aussi chez la femme apr\u00e8s la m\u00e9nopause. D\u2019autres causes peuvent aussi \u00eatre invoqu\u00e9es\u00a0: carences alimentaires, pertes de poids, stress, certains traitements m\u00e9dicaux, post partum, colorations et brushing\u2026<\/p>\n<p>Quelle que soit cette cause, la chute provient d\u2019un ralentissement du cycle pilaire qui ralentit la repousse, et \u00e9courte la dur\u00e9e de vie des cheveux existants. C\u2019est sur la r\u00e9gulation de ce cycle que Caditar S\u00e9rum Anti-chute va apporter des r\u00e9sultats notoires.<\/p>\n<h3><strong>Propri\u00e9t\u00e9s<\/strong><\/h3>\n<p>Grace \u00e0 une formule innovante r\u00e9unissant de puissants actifs r\u00e9g\u00e9n\u00e9rateurs, le S\u00e9rum Anti-chute Caditar va permettre d\u2019acc\u00e9l\u00e9rer le retour \u00e0 un cycle pilaire normal afin d\u2019enrayer la chute de cheveu pour les alop\u00e9cies r\u00e9versibles et de retarder, ralentir et limiter la chute des alop\u00e9cies \u00e9volutives.<\/p>\n<p>De plus, Caditar S\u00e9rum Anti-chute va rendre la chevelure plus dense, les cheveux plus \u00e9pais et plus forts ainsi que faciliter le coiffage.<\/p>\n<p><strong><strong>Conseils d\u2019Utilisation : <\/strong> <\/strong><\/p>\n<ul>\n<li>Appliquer le S\u00e9rum matin et soir sur le cuir chevelu, raie par raie. L\u2019embout applicateur permet un ciblage des zones \u00e0 traiter.<\/li>\n<li>Effectuer un massage tr\u00e8s doux du cuir chevelu afin de faire bien p\u00e9n\u00e9trer les actifs.<\/li>\n<li>Renouveler chaque jour pendant 3 mois.<\/li>\n<li>Le traitement peut \u00eatre prolong\u00e9 pour accentuer ses effets ou renouvel\u00e9 dans l\u2019ann\u00e9e, en particulier en p\u00e9riode intersaison.<\/li>\n<\/ul>\n<p><strong><strong>Composition : <\/strong> <\/strong><\/p>\n<p>Caditar S\u00e9rum Anti-chute a \u00e9t\u00e9 formul\u00e9 avec de nouveaux actifs issus de la recherche dermatologique\u00a0:<\/p>\n<ul>\n<li>Le Pisum Sativum, 100% naturel, phyto organique, riche en phyto nutriments<\/li>\n<li>Le Crambe Maritima, extrait de plante marine tr\u00e8s riche en min\u00e9raux<\/li>\n<li>Des vitamines essentielles pour le cheveu : C, B1, B2, B6, B9 et en acides amin\u00e9s \u00e0 l\u2019origine de la k\u00e9ratine du cheveu.<\/li>\n<\/ul>\n<p>Apr\u00e8s 3 mois, la chevelure est visiblement plus dense, les cheveux sont plus beaux et faciles \u00e0 coiffer.<\/p>\n<p>Son embout spray permet un ciblage pr\u00e9cis de la zone \u00e0 traiter.<\/p>\n<\/div>","protected":false},"excerpt":{"rendered":"<p>Highlights:Ce s\u00e9rum multi-actif in\u00e9dit est un concentr\u00e9 d\u2019ingr\u00e9dients naturels, qui a prouv\u00e9 ses nombreuses efficacit\u00e9s :Ralentir la chute de cheveuxStimuler leur croissanceRenforcer leur vitalit\u00e9Prolonger leur cycle de vie<\/p>","protected":false},"featured_media":44167,"comment_status":"open","ping_status":"closed","template":"","meta":[],"pwb-brand":[1676],"product_cat":[16],"product_tag":[],"class_list":{"0":"post-44166","1":"product","2":"type-product","3":"status-publish","4":"has-post-thumbnail","6":"pwb-brand-caditar","7":"product_cat-non-classe","8":"pa_brands-caditar","10":"first","11":"instock","12":"sale","13":"shipping-taxable","14":"purchasable","15":"product-type-simple"},"yoast_head":"<!-- This site is optimized with the Yoast SEO plugin v26.9 - https:\/\/yoast.com\/product\/yoast-seo-wordpress\/ -->\n<title>Caditar S\u00e9rum Anti-chute 150ml - paragaleriedetalborjt<\/title>\n<meta name=\"robots\" content=\"index, follow, max-snippet:-1, max-image-preview:large, max-video-preview:-1\" \/>\n<link rel=\"canonical\" href=\"https:\/\/paragaleriedetalborjt.com\/en\/boutique\/caditar-serum-anti-chute-150ml\/\" \/>\n<meta property=\"og:locale\" content=\"en_US\" \/>\n<meta property=\"og:type\" content=\"article\" \/>\n<meta property=\"og:title\" content=\"Caditar S\u00e9rum Anti-chute 150ml - paragaleriedetalborjt\" \/>\n<meta property=\"og:description\" content=\"Highlights:Ce s\u00e9rum multi-actif in\u00e9dit est un concentr\u00e9 d\u2019ingr\u00e9dients naturels, qui a prouv\u00e9 ses nombreuses efficacit\u00e9s :Ralentir la chute de cheveuxStimuler leur croissanceRenforcer leur vitalit\u00e9Prolonger leur cycle de vie\" \/>\n<meta property=\"og:url\" content=\"https:\/\/paragaleriedetalborjt.com\/en\/boutique\/caditar-serum-anti-chute-150ml\/\" \/>\n<meta property=\"og:site_name\" content=\"paragaleriedetalborjt\" \/>\n<meta property=\"og:image\" content=\"https:\/\/paragaleriedetalborjt.com\/wp-content\/uploads\/2026\/01\/caditar-serum-anti-chute-150ml.jpg\" \/>\n\t<meta property=\"og:image:width\" content=\"595\" \/>\n\t<meta property=\"og:image:height\" content=\"655\" \/>\n\t<meta property=\"og:image:type\" content=\"image\/jpeg\" \/>\n<meta name=\"twitter:card\" content=\"summary_large_image\" \/>\n<meta name=\"twitter:label1\" content=\"Est. reading time\" \/>\n\t<meta name=\"twitter:data1\" content=\"2 minutes\" \/>\n<script type=\"application\/ld+json\" class=\"yoast-schema-graph\">{\"@context\":\"https:\/\/schema.org\",\"@graph\":[{\"@type\":\"WebPage\",\"@id\":\"https:\/\/paragaleriedetalborjt.com\/boutique\/caditar-serum-anti-chute-150ml\/\",\"url\":\"https:\/\/paragaleriedetalborjt.com\/boutique\/caditar-serum-anti-chute-150ml\/\",\"name\":\"Caditar S\u00e9rum Anti-chute 150ml - paragaleriedetalborjt\",\"isPartOf\":{\"@id\":\"https:\/\/paragaleriedetalborjt.com\/#website\"},\"primaryImageOfPage\":{\"@id\":\"https:\/\/paragaleriedetalborjt.com\/boutique\/caditar-serum-anti-chute-150ml\/#primaryimage\"},\"image\":{\"@id\":\"https:\/\/paragaleriedetalborjt.com\/boutique\/caditar-serum-anti-chute-150ml\/#primaryimage\"},\"thumbnailUrl\":\"https:\/\/paragaleriedetalborjt.com\/wp-content\/uploads\/2026\/01\/caditar-serum-anti-chute-150ml.jpg\",\"datePublished\":\"2026-01-03T21:40:38+00:00\",\"breadcrumb\":{\"@id\":\"https:\/\/paragaleriedetalborjt.com\/boutique\/caditar-serum-anti-chute-150ml\/#breadcrumb\"},\"inLanguage\":\"en-US\",\"potentialAction\":[{\"@type\":\"ReadAction\",\"target\":[\"https:\/\/paragaleriedetalborjt.com\/boutique\/caditar-serum-anti-chute-150ml\/\"]}]},{\"@type\":\"ImageObject\",\"inLanguage\":\"en-US\",\"@id\":\"https:\/\/paragaleriedetalborjt.com\/boutique\/caditar-serum-anti-chute-150ml\/#primaryimage\",\"url\":\"https:\/\/paragaleriedetalborjt.com\/wp-content\/uploads\/2026\/01\/caditar-serum-anti-chute-150ml.jpg\",\"contentUrl\":\"https:\/\/paragaleriedetalborjt.com\/wp-content\/uploads\/2026\/01\/caditar-serum-anti-chute-150ml.jpg\",\"width\":595,\"height\":655},{\"@type\":\"BreadcrumbList\",\"@id\":\"https:\/\/paragaleriedetalborjt.com\/boutique\/caditar-serum-anti-chute-150ml\/#breadcrumb\",\"itemListElement\":[{\"@type\":\"ListItem\",\"position\":1,\"name\":\"Accueil\",\"item\":\"https:\/\/paragaleriedetalborjt.com\/\"},{\"@type\":\"ListItem\",\"position\":2,\"name\":\"Boutique\",\"item\":\"https:\/\/paragaleriedetalborjt.com\/boutique\/\"},{\"@type\":\"ListItem\",\"position\":3,\"name\":\"Caditar S\u00e9rum Anti-chute 150ml\"}]},{\"@type\":\"WebSite\",\"@id\":\"https:\/\/paragaleriedetalborjt.com\/#website\",\"url\":\"https:\/\/paragaleriedetalborjt.com\/\",\"name\":\"paragaleriedetalborjt\",\"description\":\"\",\"potentialAction\":[{\"@type\":\"SearchAction\",\"target\":{\"@type\":\"EntryPoint\",\"urlTemplate\":\"https:\/\/paragaleriedetalborjt.com\/?s={search_term_string}\"},\"query-input\":{\"@type\":\"PropertyValueSpecification\",\"valueRequired\":true,\"valueName\":\"search_term_string\"}}],\"inLanguage\":\"en-US\"}]}<\/script>\n<!-- \/ Yoast SEO plugin. -->","yoast_head_json":{"title":"Caditar S\u00e9rum Anti-chute 150ml - paragaleriedetalborjt","robots":{"index":"index","follow":"follow","max-snippet":"max-snippet:-1","max-image-preview":"max-image-preview:large","max-video-preview":"max-video-preview:-1"},"canonical":"https:\/\/paragaleriedetalborjt.com\/en\/boutique\/caditar-serum-anti-chute-150ml\/","og_locale":"en_US","og_type":"article","og_title":"Caditar S\u00e9rum Anti-chute 150ml - paragaleriedetalborjt","og_description":"Highlights:Ce s\u00e9rum multi-actif in\u00e9dit est un concentr\u00e9 d\u2019ingr\u00e9dients naturels, qui a prouv\u00e9 ses nombreuses efficacit\u00e9s :Ralentir la chute de cheveuxStimuler leur croissanceRenforcer leur vitalit\u00e9Prolonger leur cycle de vie","og_url":"https:\/\/paragaleriedetalborjt.com\/en\/boutique\/caditar-serum-anti-chute-150ml\/","og_site_name":"paragaleriedetalborjt","og_image":[{"width":595,"height":655,"url":"https:\/\/paragaleriedetalborjt.com\/wp-content\/uploads\/2026\/01\/caditar-serum-anti-chute-150ml.jpg","type":"image\/jpeg"}],"twitter_card":"summary_large_image","twitter_misc":{"Est. reading time":"2 minutes"},"schema":{"@context":"https:\/\/schema.org","@graph":[{"@type":"WebPage","@id":"https:\/\/paragaleriedetalborjt.com\/boutique\/caditar-serum-anti-chute-150ml\/","url":"https:\/\/paragaleriedetalborjt.com\/boutique\/caditar-serum-anti-chute-150ml\/","name":"Caditar S\u00e9rum Anti-chute 150ml - paragaleriedetalborjt","isPartOf":{"@id":"https:\/\/paragaleriedetalborjt.com\/#website"},"primaryImageOfPage":{"@id":"https:\/\/paragaleriedetalborjt.com\/boutique\/caditar-serum-anti-chute-150ml\/#primaryimage"},"image":{"@id":"https:\/\/paragaleriedetalborjt.com\/boutique\/caditar-serum-anti-chute-150ml\/#primaryimage"},"thumbnailUrl":"https:\/\/paragaleriedetalborjt.com\/wp-content\/uploads\/2026\/01\/caditar-serum-anti-chute-150ml.jpg","datePublished":"2026-01-03T21:40:38+00:00","breadcrumb":{"@id":"https:\/\/paragaleriedetalborjt.com\/boutique\/caditar-serum-anti-chute-150ml\/#breadcrumb"},"inLanguage":"en-US","potentialAction":[{"@type":"ReadAction","target":["https:\/\/paragaleriedetalborjt.com\/boutique\/caditar-serum-anti-chute-150ml\/"]}]},{"@type":"ImageObject","inLanguage":"en-US","@id":"https:\/\/paragaleriedetalborjt.com\/boutique\/caditar-serum-anti-chute-150ml\/#primaryimage","url":"https:\/\/paragaleriedetalborjt.com\/wp-content\/uploads\/2026\/01\/caditar-serum-anti-chute-150ml.jpg","contentUrl":"https:\/\/paragaleriedetalborjt.com\/wp-content\/uploads\/2026\/01\/caditar-serum-anti-chute-150ml.jpg","width":595,"height":655},{"@type":"BreadcrumbList","@id":"https:\/\/paragaleriedetalborjt.com\/boutique\/caditar-serum-anti-chute-150ml\/#breadcrumb","itemListElement":[{"@type":"ListItem","position":1,"name":"Accueil","item":"https:\/\/paragaleriedetalborjt.com\/"},{"@type":"ListItem","position":2,"name":"Boutique","item":"https:\/\/paragaleriedetalborjt.com\/boutique\/"},{"@type":"ListItem","position":3,"name":"Caditar S\u00e9rum Anti-chute 150ml"}]},{"@type":"WebSite","@id":"https:\/\/paragaleriedetalborjt.com\/#website","url":"https:\/\/paragaleriedetalborjt.com\/","name":"paragaleriedetalborjt","description":"","potentialAction":[{"@type":"SearchAction","target":{"@type":"EntryPoint","urlTemplate":"https:\/\/paragaleriedetalborjt.com\/?s={search_term_string}"},"query-input":{"@type":"PropertyValueSpecification","valueRequired":true,"valueName":"search_term_string"}}],"inLanguage":"en-US"}]}},"brands":[{"id":1676,"name":"CADITAR","slug":"caditar"}],"_links":{"self":[{"href":"https:\/\/paragaleriedetalborjt.com\/en\/wp-json\/wp\/v2\/product\/44166","targetHints":{"allow":["GET"]}}],"collection":[{"href":"https:\/\/paragaleriedetalborjt.com\/en\/wp-json\/wp\/v2\/product"}],"about":[{"href":"https:\/\/paragaleriedetalborjt.com\/en\/wp-json\/wp\/v2\/types\/product"}],"replies":[{"embeddable":true,"href":"https:\/\/paragaleriedetalborjt.com\/en\/wp-json\/wp\/v2\/comments?post=44166"}],"version-history":[{"count":1,"href":"https:\/\/paragaleriedetalborjt.com\/en\/wp-json\/wp\/v2\/product\/44166\/revisions"}],"predecessor-version":[{"id":44168,"href":"https:\/\/paragaleriedetalborjt.com\/en\/wp-json\/wp\/v2\/product\/44166\/revisions\/44168"}],"wp:featuredmedia":[{"embeddable":true,"href":"https:\/\/paragaleriedetalborjt.com\/en\/wp-json\/wp\/v2\/media\/44167"}],"wp:attachment":[{"href":"https:\/\/paragaleriedetalborjt.com\/en\/wp-json\/wp\/v2\/media?parent=44166"}],"wp:term":[{"taxonomy":"pwb-brand","embeddable":true,"href":"https:\/\/paragaleriedetalborjt.com\/en\/wp-json\/wp\/v2\/pwb-brand?post=44166"},{"taxonomy":"product_cat","embeddable":true,"href":"https:\/\/paragaleriedetalborjt.com\/en\/wp-json\/wp\/v2\/product_cat?post=44166"},{"taxonomy":"product_tag","embeddable":true,"href":"https:\/\/paragaleriedetalborjt.com\/en\/wp-json\/wp\/v2\/product_tag?post=44166"}],"curies":[{"name":"wp","href":"https:\/\/api.w.org\/{rel}","templated":true}]}}