{"id":44157,"date":"2026-01-03T22:40:17","date_gmt":"2026-01-03T21:40:17","guid":{"rendered":"https:\/\/paragaleriedetalborjt.com\/?post_type=product&#038;p=44157"},"modified":"2026-01-03T22:40:17","modified_gmt":"2026-01-03T21:40:17","slug":"aurocos-geneva-pro-collagenium-25ml14-monodoses","status":"publish","type":"product","link":"https:\/\/paragaleriedetalborjt.com\/en\/boutique\/aurocos-geneva-pro-collagenium-25ml14-monodoses\/","title":{"rendered":"Aurocos Geneva Pro Collagenium 25ml*14 Monodoses"},"content":{"rendered":"<div aria-labelledby=\"tab-title-description\" class=\"woocommerce-Tabs-panel woocommerce-Tabs-panel--description panel entry-content wc-tab\" id=\"tab-description\" role=\"tabpanel\" style=\"\">\n<h2>Description<\/h2>\n<p>Pro\u00b7Collagenium\u00ae est un compl\u00e9ment alimentaire liquide au collag\u00e8ne marin super-concentr\u00e9 (10.000 mg) qui contribue \u00e0 une apparence parfaite de la peau en agissant de l\u2019int\u00e9rieur. Quand il est pris quotidiennement, Pro.Collagenium a d\u00e9montr\u00e9 cliniquement ralentir le processus de vieillissement de la peau dans ses couches les plus profondes, avec des effets significatifs sur la texture de la peau observables apr\u00e8s seulement 3 mois.<\/p>\n<p>Le Collag\u00e8ne est le composant principal de la structure de la peau, repr\u00e9sentant approximativement 80 % de sa masse s\u00e8che. Le vieillissement, la pollution, les UV, les hormones, la nutrition, sont autant de facteurs qui affectent chaque jour les propri\u00e9t\u00e9s\u00a0de la peau et entra\u00eenent\u00a0une fragmentation du collag\u00e8ne dermique. C\u2019est cette fragmentation permanente du collag\u00e8ne qui entra\u00eene l\u2019apparition de rides et la perte d\u2019\u00e9lasticit\u00e9 de la peau.<\/p>\n<p><strong>B\u00c9N\u00c9FICES :\u00a0<\/strong><br \/>\nCliniquement d\u00e9montr\u00e9 apr\u00e8s 3 mois :<br \/>\nDiminue la fragmentation du collag\u00e8ne cutan\u00e9 de -31%<\/p>\n<ul>\n<li>R\u00e9duit le taux de formation de nouvelles rides de -30%<\/li>\n<li>Diminue le nombre de micro-sillons cutan\u00e9s de -26%<\/li>\n<li>Augmente le taux d\u2019hydratation de la peau de +28%<\/li>\n<li>Augmente la souplesse de la peau de +19%<\/li>\n<\/ul>\n<\/div>","protected":false},"excerpt":{"rendered":"<p>Highlights:Fort\u00e9 Pharma TurboDraine Minceur 500 ml est une d\u00e9licieuse boisson minceur drainante, au go\u00fbt th\u00e9-p\u00eache, \u00e0 boire tout au long de la journ\u00e9e.<\/p>","protected":false},"featured_media":44158,"comment_status":"open","ping_status":"closed","template":"","meta":[],"pwb-brand":[2159],"product_cat":[16],"product_tag":[],"class_list":{"0":"post-44157","1":"product","2":"type-product","3":"status-publish","4":"has-post-thumbnail","6":"pwb-brand-auracos","7":"product_cat-non-classe","8":"pa_brands-auracos","10":"first","11":"instock","12":"sale","13":"shipping-taxable","14":"purchasable","15":"product-type-simple"},"yoast_head":"<!-- This site is optimized with the Yoast SEO plugin v27.5 - https:\/\/yoast.com\/product\/yoast-seo-wordpress\/ -->\n<title>Aurocos Geneva Pro Collagenium 25ml*14 Monodoses - paragaleriedetalborjt<\/title>\n<meta name=\"robots\" content=\"index, follow, max-snippet:-1, max-image-preview:large, max-video-preview:-1\" \/>\n<link rel=\"canonical\" href=\"https:\/\/paragaleriedetalborjt.com\/en\/boutique\/aurocos-geneva-pro-collagenium-25ml14-monodoses\/\" \/>\n<meta property=\"og:locale\" content=\"en_US\" \/>\n<meta property=\"og:type\" content=\"article\" \/>\n<meta property=\"og:title\" content=\"Aurocos Geneva Pro Collagenium 25ml*14 Monodoses - paragaleriedetalborjt\" \/>\n<meta property=\"og:description\" content=\"Highlights:Fort\u00e9 Pharma TurboDraine Minceur 500 ml est une d\u00e9licieuse boisson minceur drainante, au go\u00fbt th\u00e9-p\u00eache, \u00e0 boire tout au long de la journ\u00e9e.\" \/>\n<meta property=\"og:url\" content=\"https:\/\/paragaleriedetalborjt.com\/en\/boutique\/aurocos-geneva-pro-collagenium-25ml14-monodoses\/\" \/>\n<meta property=\"og:site_name\" content=\"paragaleriedetalborjt\" \/>\n<meta property=\"og:image\" content=\"https:\/\/paragaleriedetalborjt.com\/wp-content\/uploads\/2026\/01\/auracos-pro-collagenium-antiage-14-ampoules.jpg\" \/>\n\t<meta property=\"og:image:width\" content=\"595\" \/>\n\t<meta property=\"og:image:height\" content=\"655\" \/>\n\t<meta property=\"og:image:type\" content=\"image\/jpeg\" \/>\n<meta name=\"twitter:card\" content=\"summary_large_image\" \/>\n<meta name=\"twitter:label1\" content=\"Est. reading time\" \/>\n\t<meta name=\"twitter:data1\" content=\"1 minute\" \/>\n<script type=\"application\/ld+json\" class=\"yoast-schema-graph\">{\"@context\":\"https:\\\/\\\/schema.org\",\"@graph\":[{\"@type\":\"WebPage\",\"@id\":\"https:\\\/\\\/paragaleriedetalborjt.com\\\/boutique\\\/aurocos-geneva-pro-collagenium-25ml14-monodoses\\\/\",\"url\":\"https:\\\/\\\/paragaleriedetalborjt.com\\\/boutique\\\/aurocos-geneva-pro-collagenium-25ml14-monodoses\\\/\",\"name\":\"Aurocos Geneva Pro Collagenium 25ml*14 Monodoses - paragaleriedetalborjt\",\"isPartOf\":{\"@id\":\"https:\\\/\\\/paragaleriedetalborjt.com\\\/#website\"},\"primaryImageOfPage\":{\"@id\":\"https:\\\/\\\/paragaleriedetalborjt.com\\\/boutique\\\/aurocos-geneva-pro-collagenium-25ml14-monodoses\\\/#primaryimage\"},\"image\":{\"@id\":\"https:\\\/\\\/paragaleriedetalborjt.com\\\/boutique\\\/aurocos-geneva-pro-collagenium-25ml14-monodoses\\\/#primaryimage\"},\"thumbnailUrl\":\"https:\\\/\\\/paragaleriedetalborjt.com\\\/wp-content\\\/uploads\\\/2026\\\/01\\\/auracos-pro-collagenium-antiage-14-ampoules.jpg\",\"datePublished\":\"2026-01-03T21:40:17+00:00\",\"breadcrumb\":{\"@id\":\"https:\\\/\\\/paragaleriedetalborjt.com\\\/boutique\\\/aurocos-geneva-pro-collagenium-25ml14-monodoses\\\/#breadcrumb\"},\"inLanguage\":\"en-US\",\"potentialAction\":[{\"@type\":\"ReadAction\",\"target\":[\"https:\\\/\\\/paragaleriedetalborjt.com\\\/boutique\\\/aurocos-geneva-pro-collagenium-25ml14-monodoses\\\/\"]}]},{\"@type\":\"ImageObject\",\"inLanguage\":\"en-US\",\"@id\":\"https:\\\/\\\/paragaleriedetalborjt.com\\\/boutique\\\/aurocos-geneva-pro-collagenium-25ml14-monodoses\\\/#primaryimage\",\"url\":\"https:\\\/\\\/paragaleriedetalborjt.com\\\/wp-content\\\/uploads\\\/2026\\\/01\\\/auracos-pro-collagenium-antiage-14-ampoules.jpg\",\"contentUrl\":\"https:\\\/\\\/paragaleriedetalborjt.com\\\/wp-content\\\/uploads\\\/2026\\\/01\\\/auracos-pro-collagenium-antiage-14-ampoules.jpg\",\"width\":595,\"height\":655},{\"@type\":\"BreadcrumbList\",\"@id\":\"https:\\\/\\\/paragaleriedetalborjt.com\\\/boutique\\\/aurocos-geneva-pro-collagenium-25ml14-monodoses\\\/#breadcrumb\",\"itemListElement\":[{\"@type\":\"ListItem\",\"position\":1,\"name\":\"Accueil\",\"item\":\"https:\\\/\\\/paragaleriedetalborjt.com\\\/\"},{\"@type\":\"ListItem\",\"position\":2,\"name\":\"Boutique\",\"item\":\"https:\\\/\\\/paragaleriedetalborjt.com\\\/boutique\\\/\"},{\"@type\":\"ListItem\",\"position\":3,\"name\":\"Aurocos Geneva Pro Collagenium 25ml*14 Monodoses\"}]},{\"@type\":\"WebSite\",\"@id\":\"https:\\\/\\\/paragaleriedetalborjt.com\\\/#website\",\"url\":\"https:\\\/\\\/paragaleriedetalborjt.com\\\/\",\"name\":\"paragaleriedetalborjt\",\"description\":\"\",\"potentialAction\":[{\"@type\":\"SearchAction\",\"target\":{\"@type\":\"EntryPoint\",\"urlTemplate\":\"https:\\\/\\\/paragaleriedetalborjt.com\\\/?s={search_term_string}\"},\"query-input\":{\"@type\":\"PropertyValueSpecification\",\"valueRequired\":true,\"valueName\":\"search_term_string\"}}],\"inLanguage\":\"en-US\"}]}<\/script>\n<!-- \/ Yoast SEO plugin. -->","yoast_head_json":{"title":"Aurocos Geneva Pro Collagenium 25ml*14 Monodoses - paragaleriedetalborjt","robots":{"index":"index","follow":"follow","max-snippet":"max-snippet:-1","max-image-preview":"max-image-preview:large","max-video-preview":"max-video-preview:-1"},"canonical":"https:\/\/paragaleriedetalborjt.com\/en\/boutique\/aurocos-geneva-pro-collagenium-25ml14-monodoses\/","og_locale":"en_US","og_type":"article","og_title":"Aurocos Geneva Pro Collagenium 25ml*14 Monodoses - paragaleriedetalborjt","og_description":"Highlights:Fort\u00e9 Pharma TurboDraine Minceur 500 ml est une d\u00e9licieuse boisson minceur drainante, au go\u00fbt th\u00e9-p\u00eache, \u00e0 boire tout au long de la journ\u00e9e.","og_url":"https:\/\/paragaleriedetalborjt.com\/en\/boutique\/aurocos-geneva-pro-collagenium-25ml14-monodoses\/","og_site_name":"paragaleriedetalborjt","og_image":[{"width":595,"height":655,"url":"https:\/\/paragaleriedetalborjt.com\/wp-content\/uploads\/2026\/01\/auracos-pro-collagenium-antiage-14-ampoules.jpg","type":"image\/jpeg"}],"twitter_card":"summary_large_image","twitter_misc":{"Est. reading time":"1 minute"},"schema":{"@context":"https:\/\/schema.org","@graph":[{"@type":"WebPage","@id":"https:\/\/paragaleriedetalborjt.com\/boutique\/aurocos-geneva-pro-collagenium-25ml14-monodoses\/","url":"https:\/\/paragaleriedetalborjt.com\/boutique\/aurocos-geneva-pro-collagenium-25ml14-monodoses\/","name":"Aurocos Geneva Pro Collagenium 25ml*14 Monodoses - paragaleriedetalborjt","isPartOf":{"@id":"https:\/\/paragaleriedetalborjt.com\/#website"},"primaryImageOfPage":{"@id":"https:\/\/paragaleriedetalborjt.com\/boutique\/aurocos-geneva-pro-collagenium-25ml14-monodoses\/#primaryimage"},"image":{"@id":"https:\/\/paragaleriedetalborjt.com\/boutique\/aurocos-geneva-pro-collagenium-25ml14-monodoses\/#primaryimage"},"thumbnailUrl":"https:\/\/paragaleriedetalborjt.com\/wp-content\/uploads\/2026\/01\/auracos-pro-collagenium-antiage-14-ampoules.jpg","datePublished":"2026-01-03T21:40:17+00:00","breadcrumb":{"@id":"https:\/\/paragaleriedetalborjt.com\/boutique\/aurocos-geneva-pro-collagenium-25ml14-monodoses\/#breadcrumb"},"inLanguage":"en-US","potentialAction":[{"@type":"ReadAction","target":["https:\/\/paragaleriedetalborjt.com\/boutique\/aurocos-geneva-pro-collagenium-25ml14-monodoses\/"]}]},{"@type":"ImageObject","inLanguage":"en-US","@id":"https:\/\/paragaleriedetalborjt.com\/boutique\/aurocos-geneva-pro-collagenium-25ml14-monodoses\/#primaryimage","url":"https:\/\/paragaleriedetalborjt.com\/wp-content\/uploads\/2026\/01\/auracos-pro-collagenium-antiage-14-ampoules.jpg","contentUrl":"https:\/\/paragaleriedetalborjt.com\/wp-content\/uploads\/2026\/01\/auracos-pro-collagenium-antiage-14-ampoules.jpg","width":595,"height":655},{"@type":"BreadcrumbList","@id":"https:\/\/paragaleriedetalborjt.com\/boutique\/aurocos-geneva-pro-collagenium-25ml14-monodoses\/#breadcrumb","itemListElement":[{"@type":"ListItem","position":1,"name":"Accueil","item":"https:\/\/paragaleriedetalborjt.com\/"},{"@type":"ListItem","position":2,"name":"Boutique","item":"https:\/\/paragaleriedetalborjt.com\/boutique\/"},{"@type":"ListItem","position":3,"name":"Aurocos Geneva Pro Collagenium 25ml*14 Monodoses"}]},{"@type":"WebSite","@id":"https:\/\/paragaleriedetalborjt.com\/#website","url":"https:\/\/paragaleriedetalborjt.com\/","name":"paragaleriedetalborjt","description":"","potentialAction":[{"@type":"SearchAction","target":{"@type":"EntryPoint","urlTemplate":"https:\/\/paragaleriedetalborjt.com\/?s={search_term_string}"},"query-input":{"@type":"PropertyValueSpecification","valueRequired":true,"valueName":"search_term_string"}}],"inLanguage":"en-US"}]}},"brands":[{"id":2159,"name":"AURACOS","slug":"auracos"}],"_links":{"self":[{"href":"https:\/\/paragaleriedetalborjt.com\/en\/wp-json\/wp\/v2\/product\/44157","targetHints":{"allow":["GET"]}}],"collection":[{"href":"https:\/\/paragaleriedetalborjt.com\/en\/wp-json\/wp\/v2\/product"}],"about":[{"href":"https:\/\/paragaleriedetalborjt.com\/en\/wp-json\/wp\/v2\/types\/product"}],"replies":[{"embeddable":true,"href":"https:\/\/paragaleriedetalborjt.com\/en\/wp-json\/wp\/v2\/comments?post=44157"}],"version-history":[{"count":1,"href":"https:\/\/paragaleriedetalborjt.com\/en\/wp-json\/wp\/v2\/product\/44157\/revisions"}],"predecessor-version":[{"id":44159,"href":"https:\/\/paragaleriedetalborjt.com\/en\/wp-json\/wp\/v2\/product\/44157\/revisions\/44159"}],"wp:featuredmedia":[{"embeddable":true,"href":"https:\/\/paragaleriedetalborjt.com\/en\/wp-json\/wp\/v2\/media\/44158"}],"wp:attachment":[{"href":"https:\/\/paragaleriedetalborjt.com\/en\/wp-json\/wp\/v2\/media?parent=44157"}],"wp:term":[{"taxonomy":"pwb-brand","embeddable":true,"href":"https:\/\/paragaleriedetalborjt.com\/en\/wp-json\/wp\/v2\/pwb-brand?post=44157"},{"taxonomy":"product_cat","embeddable":true,"href":"https:\/\/paragaleriedetalborjt.com\/en\/wp-json\/wp\/v2\/product_cat?post=44157"},{"taxonomy":"product_tag","embeddable":true,"href":"https:\/\/paragaleriedetalborjt.com\/en\/wp-json\/wp\/v2\/product_tag?post=44157"}],"curies":[{"name":"wp","href":"https:\/\/api.w.org\/{rel}","templated":true}]}}