{"id":43998,"date":"2026-01-03T22:33:50","date_gmt":"2026-01-03T21:33:50","guid":{"rendered":"https:\/\/paragaleriedetalborjt.com\/?post_type=product&#038;p=43998"},"modified":"2026-01-03T22:33:50","modified_gmt":"2026-01-03T21:33:50","slug":"durex-fetherlite-ultra-3-preservatifs","status":"publish","type":"product","link":"https:\/\/paragaleriedetalborjt.com\/en\/boutique\/durex-fetherlite-ultra-3-preservatifs\/","title":{"rendered":"DUREX Fetherlite Ultra 3 Pr\u00e9servatifs"},"content":{"rendered":"<div aria-labelledby=\"tab-title-description\" class=\"woocommerce-Tabs-panel woocommerce-Tabs-panel--description panel entry-content wc-tab\" id=\"tab-description\" role=\"tabpanel\" style=\"\">\n<h2>Description<\/h2>\n<div class=\"wpb_text_column wpb_content_element\">\n<div class=\"wpb_wrapper\">\n<p>Un pr\u00e9servatif ne s\u2019utilise qu\u2019une seule fois<\/p>\n<ol>\n<li>Manipuler le pr\u00e9servatif avec pr\u00e9caution car il peut \u00eatre endommag\u00e9 par les ongles et des objets coupants.<\/li>\n<li>S\u2019assurer que la partie \u00e0 d\u00e9rouler est \u00e0 l\u2019ext\u00e9rieur. Saisir soigneusement entre les doigts le haut du pr\u00e9servatif (r\u00e9servoir) et placer le pr\u00e9servatif sur le bout du p\u00e9nis en \u00e9rection.<\/li>\n<li>D\u00e9rouler compl\u00e8tement le pr\u00e9servatif le long du p\u00e9nis. Avant de continuer, v\u00e9rifier que le pr\u00e9servatif ne glisse pas ni ne s\u2019\u00e9tire de mani\u00e8re excessive car il pourrait se d\u00e9chirer. Juste apr\u00e8s l\u2019\u00e9jaculation, le pr\u00e9servatif doit \u00eatre enlev\u00e9 tout en retenant fermement le pr\u00e9servatif \u00e0 la base du sexe.<\/li>\n<li>Jeter le pr\u00e9servatif \u00e0 la poubelle. Ne pas jeter dans les toilettes.<\/li>\n<\/ol>\n<\/div>\n<\/div>\n<div class=\"wpb_text_column wpb_content_element\">\n<div class=\"wpb_wrapper\">\n<p>Pr\u00e9servatifs profil\u00e9s, transparents, avec r\u00e9servoir et fabriqu\u00e9s en latex de caoutchouc naturel avec un lubrifiant non spermicide. Les pr\u00e9servatifs Fetherlite sont les plus fins de notre gamme latex, pour encore plus d\u2019intimit\u00e9 avec votre partenaire. Leur fiabilit\u00e9 et leur degr\u00e9 de protection demeurent bien s\u00fbr irr\u00e9prochables, et leur forme profil\u00e9e permet une pose plus facile et assure de meilleures sensations pendant vos \u00e9bats.<\/p>\n<\/div>\n<\/div>\n<\/div>","protected":false},"excerpt":{"rendered":"<p>Highlights:Les pr\u00e9servatifs Fetherlite sont les plus fins de notre gamme latex, pour encore plus d\u2019intimit\u00e9 avec votre partenaire.<\/p>","protected":false},"featured_media":43999,"comment_status":"open","ping_status":"closed","template":"","meta":[],"pwb-brand":[2152],"product_cat":[16],"product_tag":[],"class_list":{"0":"post-43998","1":"product","2":"type-product","3":"status-publish","4":"has-post-thumbnail","6":"pwb-brand-durex","7":"product_cat-non-classe","8":"pa_brands-durex","10":"first","11":"instock","12":"sale","13":"shipping-taxable","14":"purchasable","15":"product-type-simple"},"yoast_head":"<!-- This site is optimized with the Yoast SEO plugin v27.5 - https:\/\/yoast.com\/product\/yoast-seo-wordpress\/ -->\n<title>DUREX Fetherlite Ultra 3 Pr\u00e9servatifs - paragaleriedetalborjt<\/title>\n<meta name=\"robots\" content=\"index, follow, max-snippet:-1, max-image-preview:large, max-video-preview:-1\" \/>\n<link rel=\"canonical\" href=\"https:\/\/paragaleriedetalborjt.com\/en\/boutique\/durex-fetherlite-ultra-3-preservatifs\/\" \/>\n<meta property=\"og:locale\" content=\"en_US\" \/>\n<meta property=\"og:type\" content=\"article\" \/>\n<meta property=\"og:title\" content=\"DUREX Fetherlite Ultra 3 Pr\u00e9servatifs - paragaleriedetalborjt\" \/>\n<meta property=\"og:description\" content=\"Highlights:Les pr\u00e9servatifs Fetherlite sont les plus fins de notre gamme latex, pour encore plus d\u2019intimit\u00e9 avec votre partenaire.\" \/>\n<meta property=\"og:url\" content=\"https:\/\/paragaleriedetalborjt.com\/en\/boutique\/durex-fetherlite-ultra-3-preservatifs\/\" \/>\n<meta property=\"og:site_name\" content=\"paragaleriedetalborjt\" \/>\n<meta property=\"og:image\" content=\"https:\/\/paragaleriedetalborjt.com\/wp-content\/uploads\/2026\/01\/Durex-Fetherlite-Ultra-x3.jpg\" \/>\n\t<meta property=\"og:image:width\" content=\"595\" \/>\n\t<meta property=\"og:image:height\" content=\"655\" \/>\n\t<meta property=\"og:image:type\" content=\"image\/jpeg\" \/>\n<meta name=\"twitter:card\" content=\"summary_large_image\" \/>\n<meta name=\"twitter:label1\" content=\"Est. reading time\" \/>\n\t<meta name=\"twitter:data1\" content=\"1 minute\" \/>\n<script type=\"application\/ld+json\" class=\"yoast-schema-graph\">{\"@context\":\"https:\\\/\\\/schema.org\",\"@graph\":[{\"@type\":\"WebPage\",\"@id\":\"https:\\\/\\\/paragaleriedetalborjt.com\\\/boutique\\\/durex-fetherlite-ultra-3-preservatifs\\\/\",\"url\":\"https:\\\/\\\/paragaleriedetalborjt.com\\\/boutique\\\/durex-fetherlite-ultra-3-preservatifs\\\/\",\"name\":\"DUREX Fetherlite Ultra 3 Pr\u00e9servatifs - paragaleriedetalborjt\",\"isPartOf\":{\"@id\":\"https:\\\/\\\/paragaleriedetalborjt.com\\\/#website\"},\"primaryImageOfPage\":{\"@id\":\"https:\\\/\\\/paragaleriedetalborjt.com\\\/boutique\\\/durex-fetherlite-ultra-3-preservatifs\\\/#primaryimage\"},\"image\":{\"@id\":\"https:\\\/\\\/paragaleriedetalborjt.com\\\/boutique\\\/durex-fetherlite-ultra-3-preservatifs\\\/#primaryimage\"},\"thumbnailUrl\":\"https:\\\/\\\/paragaleriedetalborjt.com\\\/wp-content\\\/uploads\\\/2026\\\/01\\\/Durex-Fetherlite-Ultra-x3.jpg\",\"datePublished\":\"2026-01-03T21:33:50+00:00\",\"breadcrumb\":{\"@id\":\"https:\\\/\\\/paragaleriedetalborjt.com\\\/boutique\\\/durex-fetherlite-ultra-3-preservatifs\\\/#breadcrumb\"},\"inLanguage\":\"en-US\",\"potentialAction\":[{\"@type\":\"ReadAction\",\"target\":[\"https:\\\/\\\/paragaleriedetalborjt.com\\\/boutique\\\/durex-fetherlite-ultra-3-preservatifs\\\/\"]}]},{\"@type\":\"ImageObject\",\"inLanguage\":\"en-US\",\"@id\":\"https:\\\/\\\/paragaleriedetalborjt.com\\\/boutique\\\/durex-fetherlite-ultra-3-preservatifs\\\/#primaryimage\",\"url\":\"https:\\\/\\\/paragaleriedetalborjt.com\\\/wp-content\\\/uploads\\\/2026\\\/01\\\/Durex-Fetherlite-Ultra-x3.jpg\",\"contentUrl\":\"https:\\\/\\\/paragaleriedetalborjt.com\\\/wp-content\\\/uploads\\\/2026\\\/01\\\/Durex-Fetherlite-Ultra-x3.jpg\",\"width\":595,\"height\":655},{\"@type\":\"BreadcrumbList\",\"@id\":\"https:\\\/\\\/paragaleriedetalborjt.com\\\/boutique\\\/durex-fetherlite-ultra-3-preservatifs\\\/#breadcrumb\",\"itemListElement\":[{\"@type\":\"ListItem\",\"position\":1,\"name\":\"Accueil\",\"item\":\"https:\\\/\\\/paragaleriedetalborjt.com\\\/\"},{\"@type\":\"ListItem\",\"position\":2,\"name\":\"Boutique\",\"item\":\"https:\\\/\\\/paragaleriedetalborjt.com\\\/boutique\\\/\"},{\"@type\":\"ListItem\",\"position\":3,\"name\":\"DUREX Fetherlite Ultra 3 Pr\u00e9servatifs\"}]},{\"@type\":\"WebSite\",\"@id\":\"https:\\\/\\\/paragaleriedetalborjt.com\\\/#website\",\"url\":\"https:\\\/\\\/paragaleriedetalborjt.com\\\/\",\"name\":\"paragaleriedetalborjt\",\"description\":\"\",\"potentialAction\":[{\"@type\":\"SearchAction\",\"target\":{\"@type\":\"EntryPoint\",\"urlTemplate\":\"https:\\\/\\\/paragaleriedetalborjt.com\\\/?s={search_term_string}\"},\"query-input\":{\"@type\":\"PropertyValueSpecification\",\"valueRequired\":true,\"valueName\":\"search_term_string\"}}],\"inLanguage\":\"en-US\"}]}<\/script>\n<!-- \/ Yoast SEO plugin. -->","yoast_head_json":{"title":"DUREX Fetherlite Ultra 3 Pr\u00e9servatifs - paragaleriedetalborjt","robots":{"index":"index","follow":"follow","max-snippet":"max-snippet:-1","max-image-preview":"max-image-preview:large","max-video-preview":"max-video-preview:-1"},"canonical":"https:\/\/paragaleriedetalborjt.com\/en\/boutique\/durex-fetherlite-ultra-3-preservatifs\/","og_locale":"en_US","og_type":"article","og_title":"DUREX Fetherlite Ultra 3 Pr\u00e9servatifs - paragaleriedetalborjt","og_description":"Highlights:Les pr\u00e9servatifs Fetherlite sont les plus fins de notre gamme latex, pour encore plus d\u2019intimit\u00e9 avec votre partenaire.","og_url":"https:\/\/paragaleriedetalborjt.com\/en\/boutique\/durex-fetherlite-ultra-3-preservatifs\/","og_site_name":"paragaleriedetalborjt","og_image":[{"width":595,"height":655,"url":"https:\/\/paragaleriedetalborjt.com\/wp-content\/uploads\/2026\/01\/Durex-Fetherlite-Ultra-x3.jpg","type":"image\/jpeg"}],"twitter_card":"summary_large_image","twitter_misc":{"Est. reading time":"1 minute"},"schema":{"@context":"https:\/\/schema.org","@graph":[{"@type":"WebPage","@id":"https:\/\/paragaleriedetalborjt.com\/boutique\/durex-fetherlite-ultra-3-preservatifs\/","url":"https:\/\/paragaleriedetalborjt.com\/boutique\/durex-fetherlite-ultra-3-preservatifs\/","name":"DUREX Fetherlite Ultra 3 Pr\u00e9servatifs - paragaleriedetalborjt","isPartOf":{"@id":"https:\/\/paragaleriedetalborjt.com\/#website"},"primaryImageOfPage":{"@id":"https:\/\/paragaleriedetalborjt.com\/boutique\/durex-fetherlite-ultra-3-preservatifs\/#primaryimage"},"image":{"@id":"https:\/\/paragaleriedetalborjt.com\/boutique\/durex-fetherlite-ultra-3-preservatifs\/#primaryimage"},"thumbnailUrl":"https:\/\/paragaleriedetalborjt.com\/wp-content\/uploads\/2026\/01\/Durex-Fetherlite-Ultra-x3.jpg","datePublished":"2026-01-03T21:33:50+00:00","breadcrumb":{"@id":"https:\/\/paragaleriedetalborjt.com\/boutique\/durex-fetherlite-ultra-3-preservatifs\/#breadcrumb"},"inLanguage":"en-US","potentialAction":[{"@type":"ReadAction","target":["https:\/\/paragaleriedetalborjt.com\/boutique\/durex-fetherlite-ultra-3-preservatifs\/"]}]},{"@type":"ImageObject","inLanguage":"en-US","@id":"https:\/\/paragaleriedetalborjt.com\/boutique\/durex-fetherlite-ultra-3-preservatifs\/#primaryimage","url":"https:\/\/paragaleriedetalborjt.com\/wp-content\/uploads\/2026\/01\/Durex-Fetherlite-Ultra-x3.jpg","contentUrl":"https:\/\/paragaleriedetalborjt.com\/wp-content\/uploads\/2026\/01\/Durex-Fetherlite-Ultra-x3.jpg","width":595,"height":655},{"@type":"BreadcrumbList","@id":"https:\/\/paragaleriedetalborjt.com\/boutique\/durex-fetherlite-ultra-3-preservatifs\/#breadcrumb","itemListElement":[{"@type":"ListItem","position":1,"name":"Accueil","item":"https:\/\/paragaleriedetalborjt.com\/"},{"@type":"ListItem","position":2,"name":"Boutique","item":"https:\/\/paragaleriedetalborjt.com\/boutique\/"},{"@type":"ListItem","position":3,"name":"DUREX Fetherlite Ultra 3 Pr\u00e9servatifs"}]},{"@type":"WebSite","@id":"https:\/\/paragaleriedetalborjt.com\/#website","url":"https:\/\/paragaleriedetalborjt.com\/","name":"paragaleriedetalborjt","description":"","potentialAction":[{"@type":"SearchAction","target":{"@type":"EntryPoint","urlTemplate":"https:\/\/paragaleriedetalborjt.com\/?s={search_term_string}"},"query-input":{"@type":"PropertyValueSpecification","valueRequired":true,"valueName":"search_term_string"}}],"inLanguage":"en-US"}]}},"brands":[{"id":2152,"name":"DUREX","slug":"durex"}],"_links":{"self":[{"href":"https:\/\/paragaleriedetalborjt.com\/en\/wp-json\/wp\/v2\/product\/43998","targetHints":{"allow":["GET"]}}],"collection":[{"href":"https:\/\/paragaleriedetalborjt.com\/en\/wp-json\/wp\/v2\/product"}],"about":[{"href":"https:\/\/paragaleriedetalborjt.com\/en\/wp-json\/wp\/v2\/types\/product"}],"replies":[{"embeddable":true,"href":"https:\/\/paragaleriedetalborjt.com\/en\/wp-json\/wp\/v2\/comments?post=43998"}],"version-history":[{"count":1,"href":"https:\/\/paragaleriedetalborjt.com\/en\/wp-json\/wp\/v2\/product\/43998\/revisions"}],"predecessor-version":[{"id":44000,"href":"https:\/\/paragaleriedetalborjt.com\/en\/wp-json\/wp\/v2\/product\/43998\/revisions\/44000"}],"wp:featuredmedia":[{"embeddable":true,"href":"https:\/\/paragaleriedetalborjt.com\/en\/wp-json\/wp\/v2\/media\/43999"}],"wp:attachment":[{"href":"https:\/\/paragaleriedetalborjt.com\/en\/wp-json\/wp\/v2\/media?parent=43998"}],"wp:term":[{"taxonomy":"pwb-brand","embeddable":true,"href":"https:\/\/paragaleriedetalborjt.com\/en\/wp-json\/wp\/v2\/pwb-brand?post=43998"},{"taxonomy":"product_cat","embeddable":true,"href":"https:\/\/paragaleriedetalborjt.com\/en\/wp-json\/wp\/v2\/product_cat?post=43998"},{"taxonomy":"product_tag","embeddable":true,"href":"https:\/\/paragaleriedetalborjt.com\/en\/wp-json\/wp\/v2\/product_tag?post=43998"}],"curies":[{"name":"wp","href":"https:\/\/api.w.org\/{rel}","templated":true}]}}