{"id":43920,"date":"2026-01-03T22:30:51","date_gmt":"2026-01-03T21:30:51","guid":{"rendered":"https:\/\/paragaleriedetalborjt.com\/?post_type=product&#038;p=43920"},"modified":"2026-01-03T22:30:51","modified_gmt":"2026-01-03T21:30:51","slug":"cattier-dentargile-dentifrice-sauge-75ml","status":"publish","type":"product","link":"https:\/\/paragaleriedetalborjt.com\/en\/boutique\/cattier-dentargile-dentifrice-sauge-75ml\/","title":{"rendered":"Cattier Dentargile Dentifrice Sauge 75ml"},"content":{"rendered":"<div aria-labelledby=\"tab-title-description\" class=\"woocommerce-Tabs-panel woocommerce-Tabs-panel--description panel entry-content wc-tab\" id=\"tab-description\" role=\"tabpanel\" style=\"\">\n<h2>Description<\/h2>\n<h3>DESCRIPTION :<\/h3>\n<p>Ce Dentifrice remin\u00e9ralisant Cattier certifi\u00e9 bio l\u2019argile et \u00e0 l\u2019huile essentielle de sauge bio soulage durablement les gencives sensibles et aide \u00e0 conserver des dents et des gencives saines. Des ingr\u00e9dients naturels hautement efficaces ont \u00e9t\u00e9 s\u00e9lectionn\u00e9s pour prot\u00e9ger et nettoyer efficacement les dents.<\/p>\n<p><strong>Certifi\u00e9 bio \u2013 V\u00e9gan \u2013 Sans sulfates \u2013 Sans fluor \u2013 Compatible hom\u00e9opathie<\/strong><\/p>\n<p>Contenance : 75 ml<\/p>\n<p>\u00a0<\/p>\n<p><strong>Principaux actifs :<\/strong><\/p>\n<p>Argile : composition naturelle complexe riche en min\u00e9raux, renforce l\u2019\u00e9mail des dents<\/p>\n<p>Sel marin : riche en oligo-\u00e9l\u00e9ments tonifient les gencives et stimulent le nettoyage naturel des dents<\/p>\n<p>Huile essentielle de sauge bio : apaisante et tonifiante, r\u00e9duit la sensibilit\u00e9 des gencives et les aide \u00e0 retrouver force et vitalit\u00e9<\/p>\n<p>\u00a0<\/p>\n<p><strong><strong>Conseils d\u2019Utilisation : <\/strong> <\/strong><\/p>\n<p>Apr\u00e8s chaque repas, brosser doucement de la gencive vers la dent pendant 3 minutes. Pour une action compl\u00e8te, d\u00e9poser un peu de dentifrice sur le bout du doigt. Masser doucement les gencives. Rincer la bouche. Apr\u00e8s, utiliser le bain de bouche \u00e0 diluer Cattier pour une hygi\u00e8ne compl\u00e8te.<\/p>\n<h3>INGREDIENTS :<\/h3>\n<p><strong>Liste des ingr\u00e9dients en fran\u00e7ais (parce qu\u2019on n\u2019a pas tous appris le latin au coll\u00e8ge !) :<\/strong><br \/>\nEau, Sorbitol, Silice, Extrait de sauge officinale*, Argile Illite, Glyc\u00e9rine, Gomme de carragh\u00e9nane (extrait d\u2019algues rouges), Cocoyl glutamate de sodium, Chlorure de Sodium (sel), Alcool benzylique, Huile essentielle de sauge*, Ar\u00f4me, Acide citrique, Benzoate de sodium, Limon\u00e8ne<\/p>\n<p><strong>Liste des ingr\u00e9dients sous leur d\u00e9nomination INCI (nomenclature internationale des ingr\u00e9dients cosm\u00e9tiques) :<\/strong><br \/>\nAqua, Sorbitol, Silica, Salvia Officinalis Extract*, Illite, Glycerin, Carrageenan, Sodium Cocoyl Glutamate, Sodium Chloride, Benzyl Alcohol, Salvia Officinalis Oil*, Aroma, Citric Acid, Sodium Benzoate, Limonene<\/p>\n<h3>CONSEILS DE TRI :<\/h3>\n<p>Nos emballages peuvent faire l\u2019objet d\u2019une consigne de tri, pensez \u00e0 trier vos emballages.<br \/>\nPour faire simple et en suivant les consignes de tri nationales, vous pouvez jeter dans la poubelle de tri (poubelle jaune) : les flacons de lotion, de lait ou de cr\u00e8me, ceux de shampooing ou de gel douche, les a\u00e9rosols (d\u00e9odorant), les \u00e9tuis carton ainsi que les flacons \u00ab airless \u00bb des soins visage. En revanche, vous jetterez aux ordures m\u00e9nag\u00e8res les lingettes impr\u00e9gn\u00e9es, les tubes de cr\u00e8me, de gel douche et de dentifrice.<\/p>\n<\/div>","protected":false},"excerpt":{"rendered":"<p>Highlights:Ce Dentifrice remin\u00e9ralisant Cattier certifi\u00e9 bio l\u2019argile et \u00e0 l\u2019huile essentielle de sauge bio soulage durablement les gencives sensibles et aide \u00e0 conserver des dents et des gencives saines. Des ingr\u00e9dients naturels hautement efficaces ont \u00e9t\u00e9 s\u00e9lectionn\u00e9s pour prot\u00e9ger et nettoyer efficacement les dents.Certifi\u00e9 bio \u2013 V\u00e9gan \u2013 Sans sulfates \u2013 Sans fluor \u2013 Compatible hom\u00e9opathieContenance : 75 ml<\/p>","protected":false},"featured_media":43921,"comment_status":"open","ping_status":"closed","template":"","meta":[],"pwb-brand":[1909],"product_cat":[16],"product_tag":[],"class_list":{"0":"post-43920","1":"product","2":"type-product","3":"status-publish","4":"has-post-thumbnail","6":"pwb-brand-cattier","7":"product_cat-non-classe","8":"pa_brands-cattier","10":"first","11":"instock","12":"sale","13":"shipping-taxable","14":"purchasable","15":"product-type-simple"},"yoast_head":"<!-- This site is optimized with the Yoast SEO plugin v27.5 - https:\/\/yoast.com\/product\/yoast-seo-wordpress\/ -->\n<title>Cattier Dentargile Dentifrice Sauge 75ml - paragaleriedetalborjt<\/title>\n<meta name=\"robots\" content=\"index, follow, max-snippet:-1, max-image-preview:large, max-video-preview:-1\" \/>\n<link rel=\"canonical\" href=\"https:\/\/paragaleriedetalborjt.com\/en\/boutique\/cattier-dentargile-dentifrice-sauge-75ml\/\" \/>\n<meta property=\"og:locale\" content=\"en_US\" \/>\n<meta property=\"og:type\" content=\"article\" \/>\n<meta property=\"og:title\" content=\"Cattier Dentargile Dentifrice Sauge 75ml - paragaleriedetalborjt\" \/>\n<meta property=\"og:description\" content=\"Highlights:Ce Dentifrice remin\u00e9ralisant Cattier certifi\u00e9 bio l\u2019argile et \u00e0 l\u2019huile essentielle de sauge bio soulage durablement les gencives sensibles et aide \u00e0 conserver des dents et des gencives saines. Des ingr\u00e9dients naturels hautement efficaces ont \u00e9t\u00e9 s\u00e9lectionn\u00e9s pour prot\u00e9ger et nettoyer efficacement les dents.Certifi\u00e9 bio \u2013 V\u00e9gan \u2013 Sans sulfates \u2013 Sans fluor \u2013 Compatible hom\u00e9opathieContenance : 75 ml\" \/>\n<meta property=\"og:url\" content=\"https:\/\/paragaleriedetalborjt.com\/en\/boutique\/cattier-dentargile-dentifrice-sauge-75ml\/\" \/>\n<meta property=\"og:site_name\" content=\"paragaleriedetalborjt\" \/>\n<meta property=\"og:image\" content=\"https:\/\/paragaleriedetalborjt.com\/wp-content\/uploads\/2026\/01\/dent-sauge.jpg\" \/>\n\t<meta property=\"og:image:width\" content=\"595\" \/>\n\t<meta property=\"og:image:height\" content=\"655\" \/>\n\t<meta property=\"og:image:type\" content=\"image\/jpeg\" \/>\n<meta name=\"twitter:card\" content=\"summary_large_image\" \/>\n<meta name=\"twitter:label1\" content=\"Est. reading time\" \/>\n\t<meta name=\"twitter:data1\" content=\"2 minutes\" \/>\n<script type=\"application\/ld+json\" class=\"yoast-schema-graph\">{\"@context\":\"https:\\\/\\\/schema.org\",\"@graph\":[{\"@type\":\"WebPage\",\"@id\":\"https:\\\/\\\/paragaleriedetalborjt.com\\\/boutique\\\/cattier-dentargile-dentifrice-sauge-75ml\\\/\",\"url\":\"https:\\\/\\\/paragaleriedetalborjt.com\\\/boutique\\\/cattier-dentargile-dentifrice-sauge-75ml\\\/\",\"name\":\"Cattier Dentargile Dentifrice Sauge 75ml - paragaleriedetalborjt\",\"isPartOf\":{\"@id\":\"https:\\\/\\\/paragaleriedetalborjt.com\\\/#website\"},\"primaryImageOfPage\":{\"@id\":\"https:\\\/\\\/paragaleriedetalborjt.com\\\/boutique\\\/cattier-dentargile-dentifrice-sauge-75ml\\\/#primaryimage\"},\"image\":{\"@id\":\"https:\\\/\\\/paragaleriedetalborjt.com\\\/boutique\\\/cattier-dentargile-dentifrice-sauge-75ml\\\/#primaryimage\"},\"thumbnailUrl\":\"https:\\\/\\\/paragaleriedetalborjt.com\\\/wp-content\\\/uploads\\\/2026\\\/01\\\/dent-sauge.jpg\",\"datePublished\":\"2026-01-03T21:30:51+00:00\",\"breadcrumb\":{\"@id\":\"https:\\\/\\\/paragaleriedetalborjt.com\\\/boutique\\\/cattier-dentargile-dentifrice-sauge-75ml\\\/#breadcrumb\"},\"inLanguage\":\"en-US\",\"potentialAction\":[{\"@type\":\"ReadAction\",\"target\":[\"https:\\\/\\\/paragaleriedetalborjt.com\\\/boutique\\\/cattier-dentargile-dentifrice-sauge-75ml\\\/\"]}]},{\"@type\":\"ImageObject\",\"inLanguage\":\"en-US\",\"@id\":\"https:\\\/\\\/paragaleriedetalborjt.com\\\/boutique\\\/cattier-dentargile-dentifrice-sauge-75ml\\\/#primaryimage\",\"url\":\"https:\\\/\\\/paragaleriedetalborjt.com\\\/wp-content\\\/uploads\\\/2026\\\/01\\\/dent-sauge.jpg\",\"contentUrl\":\"https:\\\/\\\/paragaleriedetalborjt.com\\\/wp-content\\\/uploads\\\/2026\\\/01\\\/dent-sauge.jpg\",\"width\":595,\"height\":655},{\"@type\":\"BreadcrumbList\",\"@id\":\"https:\\\/\\\/paragaleriedetalborjt.com\\\/boutique\\\/cattier-dentargile-dentifrice-sauge-75ml\\\/#breadcrumb\",\"itemListElement\":[{\"@type\":\"ListItem\",\"position\":1,\"name\":\"Accueil\",\"item\":\"https:\\\/\\\/paragaleriedetalborjt.com\\\/\"},{\"@type\":\"ListItem\",\"position\":2,\"name\":\"Boutique\",\"item\":\"https:\\\/\\\/paragaleriedetalborjt.com\\\/boutique\\\/\"},{\"@type\":\"ListItem\",\"position\":3,\"name\":\"Cattier Dentargile Dentifrice Sauge 75ml\"}]},{\"@type\":\"WebSite\",\"@id\":\"https:\\\/\\\/paragaleriedetalborjt.com\\\/#website\",\"url\":\"https:\\\/\\\/paragaleriedetalborjt.com\\\/\",\"name\":\"paragaleriedetalborjt\",\"description\":\"\",\"potentialAction\":[{\"@type\":\"SearchAction\",\"target\":{\"@type\":\"EntryPoint\",\"urlTemplate\":\"https:\\\/\\\/paragaleriedetalborjt.com\\\/?s={search_term_string}\"},\"query-input\":{\"@type\":\"PropertyValueSpecification\",\"valueRequired\":true,\"valueName\":\"search_term_string\"}}],\"inLanguage\":\"en-US\"}]}<\/script>\n<!-- \/ Yoast SEO plugin. -->","yoast_head_json":{"title":"Cattier Dentargile Dentifrice Sauge 75ml - paragaleriedetalborjt","robots":{"index":"index","follow":"follow","max-snippet":"max-snippet:-1","max-image-preview":"max-image-preview:large","max-video-preview":"max-video-preview:-1"},"canonical":"https:\/\/paragaleriedetalborjt.com\/en\/boutique\/cattier-dentargile-dentifrice-sauge-75ml\/","og_locale":"en_US","og_type":"article","og_title":"Cattier Dentargile Dentifrice Sauge 75ml - paragaleriedetalborjt","og_description":"Highlights:Ce Dentifrice remin\u00e9ralisant Cattier certifi\u00e9 bio l\u2019argile et \u00e0 l\u2019huile essentielle de sauge bio soulage durablement les gencives sensibles et aide \u00e0 conserver des dents et des gencives saines. Des ingr\u00e9dients naturels hautement efficaces ont \u00e9t\u00e9 s\u00e9lectionn\u00e9s pour prot\u00e9ger et nettoyer efficacement les dents.Certifi\u00e9 bio \u2013 V\u00e9gan \u2013 Sans sulfates \u2013 Sans fluor \u2013 Compatible hom\u00e9opathieContenance : 75 ml","og_url":"https:\/\/paragaleriedetalborjt.com\/en\/boutique\/cattier-dentargile-dentifrice-sauge-75ml\/","og_site_name":"paragaleriedetalborjt","og_image":[{"width":595,"height":655,"url":"https:\/\/paragaleriedetalborjt.com\/wp-content\/uploads\/2026\/01\/dent-sauge.jpg","type":"image\/jpeg"}],"twitter_card":"summary_large_image","twitter_misc":{"Est. reading time":"2 minutes"},"schema":{"@context":"https:\/\/schema.org","@graph":[{"@type":"WebPage","@id":"https:\/\/paragaleriedetalborjt.com\/boutique\/cattier-dentargile-dentifrice-sauge-75ml\/","url":"https:\/\/paragaleriedetalborjt.com\/boutique\/cattier-dentargile-dentifrice-sauge-75ml\/","name":"Cattier Dentargile Dentifrice Sauge 75ml - paragaleriedetalborjt","isPartOf":{"@id":"https:\/\/paragaleriedetalborjt.com\/#website"},"primaryImageOfPage":{"@id":"https:\/\/paragaleriedetalborjt.com\/boutique\/cattier-dentargile-dentifrice-sauge-75ml\/#primaryimage"},"image":{"@id":"https:\/\/paragaleriedetalborjt.com\/boutique\/cattier-dentargile-dentifrice-sauge-75ml\/#primaryimage"},"thumbnailUrl":"https:\/\/paragaleriedetalborjt.com\/wp-content\/uploads\/2026\/01\/dent-sauge.jpg","datePublished":"2026-01-03T21:30:51+00:00","breadcrumb":{"@id":"https:\/\/paragaleriedetalborjt.com\/boutique\/cattier-dentargile-dentifrice-sauge-75ml\/#breadcrumb"},"inLanguage":"en-US","potentialAction":[{"@type":"ReadAction","target":["https:\/\/paragaleriedetalborjt.com\/boutique\/cattier-dentargile-dentifrice-sauge-75ml\/"]}]},{"@type":"ImageObject","inLanguage":"en-US","@id":"https:\/\/paragaleriedetalborjt.com\/boutique\/cattier-dentargile-dentifrice-sauge-75ml\/#primaryimage","url":"https:\/\/paragaleriedetalborjt.com\/wp-content\/uploads\/2026\/01\/dent-sauge.jpg","contentUrl":"https:\/\/paragaleriedetalborjt.com\/wp-content\/uploads\/2026\/01\/dent-sauge.jpg","width":595,"height":655},{"@type":"BreadcrumbList","@id":"https:\/\/paragaleriedetalborjt.com\/boutique\/cattier-dentargile-dentifrice-sauge-75ml\/#breadcrumb","itemListElement":[{"@type":"ListItem","position":1,"name":"Accueil","item":"https:\/\/paragaleriedetalborjt.com\/"},{"@type":"ListItem","position":2,"name":"Boutique","item":"https:\/\/paragaleriedetalborjt.com\/boutique\/"},{"@type":"ListItem","position":3,"name":"Cattier Dentargile Dentifrice Sauge 75ml"}]},{"@type":"WebSite","@id":"https:\/\/paragaleriedetalborjt.com\/#website","url":"https:\/\/paragaleriedetalborjt.com\/","name":"paragaleriedetalborjt","description":"","potentialAction":[{"@type":"SearchAction","target":{"@type":"EntryPoint","urlTemplate":"https:\/\/paragaleriedetalborjt.com\/?s={search_term_string}"},"query-input":{"@type":"PropertyValueSpecification","valueRequired":true,"valueName":"search_term_string"}}],"inLanguage":"en-US"}]}},"brands":[{"id":1909,"name":"Cattier","slug":"cattier"}],"_links":{"self":[{"href":"https:\/\/paragaleriedetalborjt.com\/en\/wp-json\/wp\/v2\/product\/43920","targetHints":{"allow":["GET"]}}],"collection":[{"href":"https:\/\/paragaleriedetalborjt.com\/en\/wp-json\/wp\/v2\/product"}],"about":[{"href":"https:\/\/paragaleriedetalborjt.com\/en\/wp-json\/wp\/v2\/types\/product"}],"replies":[{"embeddable":true,"href":"https:\/\/paragaleriedetalborjt.com\/en\/wp-json\/wp\/v2\/comments?post=43920"}],"version-history":[{"count":1,"href":"https:\/\/paragaleriedetalborjt.com\/en\/wp-json\/wp\/v2\/product\/43920\/revisions"}],"predecessor-version":[{"id":43922,"href":"https:\/\/paragaleriedetalborjt.com\/en\/wp-json\/wp\/v2\/product\/43920\/revisions\/43922"}],"wp:featuredmedia":[{"embeddable":true,"href":"https:\/\/paragaleriedetalborjt.com\/en\/wp-json\/wp\/v2\/media\/43921"}],"wp:attachment":[{"href":"https:\/\/paragaleriedetalborjt.com\/en\/wp-json\/wp\/v2\/media?parent=43920"}],"wp:term":[{"taxonomy":"pwb-brand","embeddable":true,"href":"https:\/\/paragaleriedetalborjt.com\/en\/wp-json\/wp\/v2\/pwb-brand?post=43920"},{"taxonomy":"product_cat","embeddable":true,"href":"https:\/\/paragaleriedetalborjt.com\/en\/wp-json\/wp\/v2\/product_cat?post=43920"},{"taxonomy":"product_tag","embeddable":true,"href":"https:\/\/paragaleriedetalborjt.com\/en\/wp-json\/wp\/v2\/product_tag?post=43920"}],"curies":[{"name":"wp","href":"https:\/\/api.w.org\/{rel}","templated":true}]}}