{"id":43851,"date":"2026-01-03T22:27:54","date_gmt":"2026-01-03T21:27:54","guid":{"rendered":"https:\/\/paragaleriedetalborjt.com\/?post_type=product&#038;p=43851"},"modified":"2026-01-03T22:27:54","modified_gmt":"2026-01-03T21:27:54","slug":"cattier-apres-shampoing-soin-couleur-150ml","status":"publish","type":"product","link":"https:\/\/paragaleriedetalborjt.com\/en\/boutique\/cattier-apres-shampoing-soin-couleur-150ml\/","title":{"rendered":"Cattier Apres-shampoing soin couleur 150ml"},"content":{"rendered":"<div aria-labelledby=\"tab-title-description\" class=\"woocommerce-Tabs-panel woocommerce-Tabs-panel--description panel entry-content wc-tab\" id=\"tab-description\" role=\"tabpanel\" style=\"\">\n<h2>Description<\/h2>\n<h3>DESCRIPTION :<\/h3>\n<p>L\u2019Apr\u00e8s-shampoing soin couleur Cattier certifi\u00e9 bio, \u00e0 la texture cr\u00e9meuse et fondante, nourrit et prolonge l\u2019\u00e9clat des cheveux color\u00e9s. L\u2019extrait de riz, antioxydant, prot\u00e8ge, r\u00e9pare et renforce la fibre capillaire pour une couleur haute tenue, une brillance intense et un toucher soyeux. Le beurre de cupua\u00e7u lisse, gaine et facilite le d\u00e9m\u00ealage sans alourdir les cheveux. La couleur est brillante et \u00e9clatante, la chevelure est souple, douce et sublim\u00e9e.<\/p>\n<p><strong>Certifi\u00e9 bio \u2013 Sans sulfates \u2013 Sans silicone \u2013 V\u00e9gan<\/strong><\/p>\n<p>Contenance : 150 ml<\/p>\n<p>\u00a0<\/p>\n<p><strong>Principaux actifs :<\/strong><\/p>\n<p>Extrait de riz : riche en peptides et en acides amin\u00e9s, en polysaccharides et acide phytique, r\u00e9duit la variation de la couleur gr\u00e2ce \u00e0 son action antioxydante, prot\u00e8ge la k\u00e9ratine et les lipides du cheveu, apporte brillance<\/p>\n<p>Beurre de cupua\u00e7u bio : ultra-nourrissant, non gras, r\u00e9pare, restructure, lisse et prot\u00e8ge la fibre capillaire, facilite le coiffage et redonne souplesse \u00e0 la chevelure<\/p>\n<p>Huile de jojoba bio : nourrit, am\u00e9liore la texture et facilite le coiffage des cheveux, apporte douceur et brillance<\/p>\n<p>Aloe vera bio : hydrate, prot\u00e8ge et adoucit<\/p>\n<p>\u00a0<\/p>\n<p><strong><strong>Conseils d\u2019Utilisation : <\/strong> <\/strong><\/p>\n<p>Sur cheveux essor\u00e9s, appliquer une noix des longueurs jusqu\u2019au pointes. Laisser poser 2 \u00e0 3 minutes puis rincer.<\/p>\n<h3>INGREDIENTS :<\/h3>\n<p>Liste des ingr\u00e9dients en fran\u00e7ais (parce qu\u2019on n\u2019a pas tous appris le latin au coll\u00e8ge !) :<br \/>\nEau, Alcool c\u00e9t\u00e9arylique, Beurre de cupua\u00e7u*, Triglyc\u00e9ride caprylique \/ caprique, Alcool c\u00e9tylique, Glyc\u00e9rine, Chlorure de dist\u00e9aroyl\u00e9thyl dimonium, Coco-glucoside, Huile de graines de Jojoba*, Huile de turbercule de souchet*, Isoamyl Laurate, Parfum, Extrait de feuille d\u2019Aloes*, Extrait de graines d\u2019avoine, Cetearyl Glucoside, Prot\u00e9ine de riz, Extrait de grain de riz, Acide phytique, Tocoph\u00e9rol (Vitamine E), Huile de graines de Tournesol, Lecithine, Gluconolactone, Gluconate de calcium, Amonium quaternaire d\u00e9riv\u00e9 de gomme de Guar, Pyrrolidone Carboxylique Acide (ol\u00e9ate de glyc\u00e9rile), Alcool benzylique, Benzoate de sodium, Sorbate de Potassium, Acide citrique, Limon\u00e8ne, Linalol<\/p>\n<p>Liste des ingr\u00e9dients sous leur d\u00e9nomination INCI (nomenclature internationale des ingr\u00e9dients cosm\u00e9tiques) :<br \/>\nAqua, Cetearyl Alcohol, Theobroma Grandiflorum Seed Butter*, Caprylic\/Capric Triglyceride, Cetyl Alcohol, Glycerin, Distearoylethyl Dimonium Chloride, Coco-glucoside, Simmondsia Chinensis Seed Oil*, Cyperus Esculentus Root Oil*, Isoamyl Laurate, Parfum, Aloe Barbadensis Leaf Extract*, Avena Strigosa Seed Extract, Cetearyl Glucoside, Oryza Sativa Seed Protein, Oryza Sativa Extract, Phytic Acid, Tocopherol, Helianthus Annuus Seed Oil, Lecithin, Gluconolactone, Calcium Gluconate, Guar Hydroxypropyltrimonium Chloride, PCA Glyceryl Oleate, Benzyl Alcohol, Sodium Benzoate, Potassium Sorbate, Citric Acid, Limonene, Linalool<\/p>\n<\/div>","protected":false},"excerpt":{"rendered":"<p>Highlights:L\u2019Apr\u00e8s-shampoing soin couleur Cattier certifi\u00e9 bio, \u00e0 la texture cr\u00e9meuse et fondante, nourrit et prolonge l\u2019\u00e9clat des cheveux color\u00e9s. L\u2019extrait de riz, antioxydant, prot\u00e8ge, r\u00e9pare et renforce la fibre capillaire pour une couleur haute tenue, une brillance intense et un toucher soyeux. Le beurre de cupua\u00e7u lisse, gaine et facilite le d\u00e9m\u00ealage sans alourdir les cheveux. La couleur est brillante et \u00e9clatante, la chevelure est souple, douce et sublim\u00e9e.Certifi\u00e9 bio \u2013 Sans sulfates \u2013 Sans silicone \u2013 V\u00e9ganContenance : 150 ml<\/p>","protected":false},"featured_media":43852,"comment_status":"open","ping_status":"closed","template":"","meta":[],"pwb-brand":[1909],"product_cat":[16],"product_tag":[],"class_list":{"0":"post-43851","1":"product","2":"type-product","3":"status-publish","4":"has-post-thumbnail","6":"pwb-brand-cattier","7":"product_cat-non-classe","8":"pa_brands-cattier","10":"first","11":"instock","12":"sale","13":"shipping-taxable","14":"purchasable","15":"product-type-simple"},"yoast_head":"<!-- This site is optimized with the Yoast SEO plugin v27.5 - https:\/\/yoast.com\/product\/yoast-seo-wordpress\/ -->\n<title>Cattier Apres-shampoing soin couleur 150ml - paragaleriedetalborjt<\/title>\n<meta name=\"robots\" content=\"index, follow, max-snippet:-1, max-image-preview:large, max-video-preview:-1\" \/>\n<link rel=\"canonical\" href=\"https:\/\/paragaleriedetalborjt.com\/en\/boutique\/cattier-apres-shampoing-soin-couleur-150ml\/\" \/>\n<meta property=\"og:locale\" content=\"en_US\" \/>\n<meta property=\"og:type\" content=\"article\" \/>\n<meta property=\"og:title\" content=\"Cattier Apres-shampoing soin couleur 150ml - paragaleriedetalborjt\" \/>\n<meta property=\"og:description\" content=\"Highlights:L\u2019Apr\u00e8s-shampoing soin couleur Cattier certifi\u00e9 bio, \u00e0 la texture cr\u00e9meuse et fondante, nourrit et prolonge l\u2019\u00e9clat des cheveux color\u00e9s. L\u2019extrait de riz, antioxydant, prot\u00e8ge, r\u00e9pare et renforce la fibre capillaire pour une couleur haute tenue, une brillance intense et un toucher soyeux. Le beurre de cupua\u00e7u lisse, gaine et facilite le d\u00e9m\u00ealage sans alourdir les cheveux. La couleur est brillante et \u00e9clatante, la chevelure est souple, douce et sublim\u00e9e.Certifi\u00e9 bio \u2013 Sans sulfates \u2013 Sans silicone \u2013 V\u00e9ganContenance : 150 ml\" \/>\n<meta property=\"og:url\" content=\"https:\/\/paragaleriedetalborjt.com\/en\/boutique\/cattier-apres-shampoing-soin-couleur-150ml\/\" \/>\n<meta property=\"og:site_name\" content=\"paragaleriedetalborjt\" \/>\n<meta property=\"og:image\" content=\"https:\/\/paragaleriedetalborjt.com\/wp-content\/uploads\/2026\/01\/SSS.jpg\" \/>\n\t<meta property=\"og:image:width\" content=\"595\" \/>\n\t<meta property=\"og:image:height\" content=\"655\" \/>\n\t<meta property=\"og:image:type\" content=\"image\/jpeg\" \/>\n<meta name=\"twitter:card\" content=\"summary_large_image\" \/>\n<meta name=\"twitter:label1\" content=\"Est. reading time\" \/>\n\t<meta name=\"twitter:data1\" content=\"2 minutes\" \/>\n<script type=\"application\/ld+json\" class=\"yoast-schema-graph\">{\"@context\":\"https:\\\/\\\/schema.org\",\"@graph\":[{\"@type\":\"WebPage\",\"@id\":\"https:\\\/\\\/paragaleriedetalborjt.com\\\/boutique\\\/cattier-apres-shampoing-soin-couleur-150ml\\\/\",\"url\":\"https:\\\/\\\/paragaleriedetalborjt.com\\\/boutique\\\/cattier-apres-shampoing-soin-couleur-150ml\\\/\",\"name\":\"Cattier Apres-shampoing soin couleur 150ml - paragaleriedetalborjt\",\"isPartOf\":{\"@id\":\"https:\\\/\\\/paragaleriedetalborjt.com\\\/#website\"},\"primaryImageOfPage\":{\"@id\":\"https:\\\/\\\/paragaleriedetalborjt.com\\\/boutique\\\/cattier-apres-shampoing-soin-couleur-150ml\\\/#primaryimage\"},\"image\":{\"@id\":\"https:\\\/\\\/paragaleriedetalborjt.com\\\/boutique\\\/cattier-apres-shampoing-soin-couleur-150ml\\\/#primaryimage\"},\"thumbnailUrl\":\"https:\\\/\\\/paragaleriedetalborjt.com\\\/wp-content\\\/uploads\\\/2026\\\/01\\\/SSS.jpg\",\"datePublished\":\"2026-01-03T21:27:54+00:00\",\"breadcrumb\":{\"@id\":\"https:\\\/\\\/paragaleriedetalborjt.com\\\/boutique\\\/cattier-apres-shampoing-soin-couleur-150ml\\\/#breadcrumb\"},\"inLanguage\":\"en-US\",\"potentialAction\":[{\"@type\":\"ReadAction\",\"target\":[\"https:\\\/\\\/paragaleriedetalborjt.com\\\/boutique\\\/cattier-apres-shampoing-soin-couleur-150ml\\\/\"]}]},{\"@type\":\"ImageObject\",\"inLanguage\":\"en-US\",\"@id\":\"https:\\\/\\\/paragaleriedetalborjt.com\\\/boutique\\\/cattier-apres-shampoing-soin-couleur-150ml\\\/#primaryimage\",\"url\":\"https:\\\/\\\/paragaleriedetalborjt.com\\\/wp-content\\\/uploads\\\/2026\\\/01\\\/SSS.jpg\",\"contentUrl\":\"https:\\\/\\\/paragaleriedetalborjt.com\\\/wp-content\\\/uploads\\\/2026\\\/01\\\/SSS.jpg\",\"width\":595,\"height\":655},{\"@type\":\"BreadcrumbList\",\"@id\":\"https:\\\/\\\/paragaleriedetalborjt.com\\\/boutique\\\/cattier-apres-shampoing-soin-couleur-150ml\\\/#breadcrumb\",\"itemListElement\":[{\"@type\":\"ListItem\",\"position\":1,\"name\":\"Accueil\",\"item\":\"https:\\\/\\\/paragaleriedetalborjt.com\\\/\"},{\"@type\":\"ListItem\",\"position\":2,\"name\":\"Boutique\",\"item\":\"https:\\\/\\\/paragaleriedetalborjt.com\\\/boutique\\\/\"},{\"@type\":\"ListItem\",\"position\":3,\"name\":\"Cattier Apres-shampoing soin couleur 150ml\"}]},{\"@type\":\"WebSite\",\"@id\":\"https:\\\/\\\/paragaleriedetalborjt.com\\\/#website\",\"url\":\"https:\\\/\\\/paragaleriedetalborjt.com\\\/\",\"name\":\"paragaleriedetalborjt\",\"description\":\"\",\"potentialAction\":[{\"@type\":\"SearchAction\",\"target\":{\"@type\":\"EntryPoint\",\"urlTemplate\":\"https:\\\/\\\/paragaleriedetalborjt.com\\\/?s={search_term_string}\"},\"query-input\":{\"@type\":\"PropertyValueSpecification\",\"valueRequired\":true,\"valueName\":\"search_term_string\"}}],\"inLanguage\":\"en-US\"}]}<\/script>\n<!-- \/ Yoast SEO plugin. -->","yoast_head_json":{"title":"Cattier Apres-shampoing soin couleur 150ml - paragaleriedetalborjt","robots":{"index":"index","follow":"follow","max-snippet":"max-snippet:-1","max-image-preview":"max-image-preview:large","max-video-preview":"max-video-preview:-1"},"canonical":"https:\/\/paragaleriedetalborjt.com\/en\/boutique\/cattier-apres-shampoing-soin-couleur-150ml\/","og_locale":"en_US","og_type":"article","og_title":"Cattier Apres-shampoing soin couleur 150ml - paragaleriedetalborjt","og_description":"Highlights:L\u2019Apr\u00e8s-shampoing soin couleur Cattier certifi\u00e9 bio, \u00e0 la texture cr\u00e9meuse et fondante, nourrit et prolonge l\u2019\u00e9clat des cheveux color\u00e9s. L\u2019extrait de riz, antioxydant, prot\u00e8ge, r\u00e9pare et renforce la fibre capillaire pour une couleur haute tenue, une brillance intense et un toucher soyeux. Le beurre de cupua\u00e7u lisse, gaine et facilite le d\u00e9m\u00ealage sans alourdir les cheveux. La couleur est brillante et \u00e9clatante, la chevelure est souple, douce et sublim\u00e9e.Certifi\u00e9 bio \u2013 Sans sulfates \u2013 Sans silicone \u2013 V\u00e9ganContenance : 150 ml","og_url":"https:\/\/paragaleriedetalborjt.com\/en\/boutique\/cattier-apres-shampoing-soin-couleur-150ml\/","og_site_name":"paragaleriedetalborjt","og_image":[{"width":595,"height":655,"url":"https:\/\/paragaleriedetalborjt.com\/wp-content\/uploads\/2026\/01\/SSS.jpg","type":"image\/jpeg"}],"twitter_card":"summary_large_image","twitter_misc":{"Est. reading time":"2 minutes"},"schema":{"@context":"https:\/\/schema.org","@graph":[{"@type":"WebPage","@id":"https:\/\/paragaleriedetalborjt.com\/boutique\/cattier-apres-shampoing-soin-couleur-150ml\/","url":"https:\/\/paragaleriedetalborjt.com\/boutique\/cattier-apres-shampoing-soin-couleur-150ml\/","name":"Cattier Apres-shampoing soin couleur 150ml - paragaleriedetalborjt","isPartOf":{"@id":"https:\/\/paragaleriedetalborjt.com\/#website"},"primaryImageOfPage":{"@id":"https:\/\/paragaleriedetalborjt.com\/boutique\/cattier-apres-shampoing-soin-couleur-150ml\/#primaryimage"},"image":{"@id":"https:\/\/paragaleriedetalborjt.com\/boutique\/cattier-apres-shampoing-soin-couleur-150ml\/#primaryimage"},"thumbnailUrl":"https:\/\/paragaleriedetalborjt.com\/wp-content\/uploads\/2026\/01\/SSS.jpg","datePublished":"2026-01-03T21:27:54+00:00","breadcrumb":{"@id":"https:\/\/paragaleriedetalborjt.com\/boutique\/cattier-apres-shampoing-soin-couleur-150ml\/#breadcrumb"},"inLanguage":"en-US","potentialAction":[{"@type":"ReadAction","target":["https:\/\/paragaleriedetalborjt.com\/boutique\/cattier-apres-shampoing-soin-couleur-150ml\/"]}]},{"@type":"ImageObject","inLanguage":"en-US","@id":"https:\/\/paragaleriedetalborjt.com\/boutique\/cattier-apres-shampoing-soin-couleur-150ml\/#primaryimage","url":"https:\/\/paragaleriedetalborjt.com\/wp-content\/uploads\/2026\/01\/SSS.jpg","contentUrl":"https:\/\/paragaleriedetalborjt.com\/wp-content\/uploads\/2026\/01\/SSS.jpg","width":595,"height":655},{"@type":"BreadcrumbList","@id":"https:\/\/paragaleriedetalborjt.com\/boutique\/cattier-apres-shampoing-soin-couleur-150ml\/#breadcrumb","itemListElement":[{"@type":"ListItem","position":1,"name":"Accueil","item":"https:\/\/paragaleriedetalborjt.com\/"},{"@type":"ListItem","position":2,"name":"Boutique","item":"https:\/\/paragaleriedetalborjt.com\/boutique\/"},{"@type":"ListItem","position":3,"name":"Cattier Apres-shampoing soin couleur 150ml"}]},{"@type":"WebSite","@id":"https:\/\/paragaleriedetalborjt.com\/#website","url":"https:\/\/paragaleriedetalborjt.com\/","name":"paragaleriedetalborjt","description":"","potentialAction":[{"@type":"SearchAction","target":{"@type":"EntryPoint","urlTemplate":"https:\/\/paragaleriedetalborjt.com\/?s={search_term_string}"},"query-input":{"@type":"PropertyValueSpecification","valueRequired":true,"valueName":"search_term_string"}}],"inLanguage":"en-US"}]}},"brands":[{"id":1909,"name":"Cattier","slug":"cattier"}],"_links":{"self":[{"href":"https:\/\/paragaleriedetalborjt.com\/en\/wp-json\/wp\/v2\/product\/43851","targetHints":{"allow":["GET"]}}],"collection":[{"href":"https:\/\/paragaleriedetalborjt.com\/en\/wp-json\/wp\/v2\/product"}],"about":[{"href":"https:\/\/paragaleriedetalborjt.com\/en\/wp-json\/wp\/v2\/types\/product"}],"replies":[{"embeddable":true,"href":"https:\/\/paragaleriedetalborjt.com\/en\/wp-json\/wp\/v2\/comments?post=43851"}],"version-history":[{"count":1,"href":"https:\/\/paragaleriedetalborjt.com\/en\/wp-json\/wp\/v2\/product\/43851\/revisions"}],"predecessor-version":[{"id":43853,"href":"https:\/\/paragaleriedetalborjt.com\/en\/wp-json\/wp\/v2\/product\/43851\/revisions\/43853"}],"wp:featuredmedia":[{"embeddable":true,"href":"https:\/\/paragaleriedetalborjt.com\/en\/wp-json\/wp\/v2\/media\/43852"}],"wp:attachment":[{"href":"https:\/\/paragaleriedetalborjt.com\/en\/wp-json\/wp\/v2\/media?parent=43851"}],"wp:term":[{"taxonomy":"pwb-brand","embeddable":true,"href":"https:\/\/paragaleriedetalborjt.com\/en\/wp-json\/wp\/v2\/pwb-brand?post=43851"},{"taxonomy":"product_cat","embeddable":true,"href":"https:\/\/paragaleriedetalborjt.com\/en\/wp-json\/wp\/v2\/product_cat?post=43851"},{"taxonomy":"product_tag","embeddable":true,"href":"https:\/\/paragaleriedetalborjt.com\/en\/wp-json\/wp\/v2\/product_tag?post=43851"}],"curies":[{"name":"wp","href":"https:\/\/api.w.org\/{rel}","templated":true}]}}