{"id":43833,"date":"2026-01-03T22:27:17","date_gmt":"2026-01-03T21:27:17","guid":{"rendered":"https:\/\/paragaleriedetalborjt.com\/?post_type=product&#038;p=43833"},"modified":"2026-01-03T22:27:18","modified_gmt":"2026-01-03T21:27:18","slug":"cattier-beurre-de-karite-fleur-des-iles-100g","status":"publish","type":"product","link":"https:\/\/paragaleriedetalborjt.com\/en\/boutique\/cattier-beurre-de-karite-fleur-des-iles-100g\/","title":{"rendered":"Cattier Beurre de karite Fleur des iles 100g"},"content":{"rendered":"<div aria-labelledby=\"tab-title-description\" class=\"woocommerce-Tabs-panel woocommerce-Tabs-panel--description panel entry-content wc-tab\" id=\"tab-description\" role=\"tabpanel\" style=\"\">\n<h2>Description<\/h2>\n<h3>DESCRIPTION :<\/h3>\n<p>Le Beurre de karit\u00e9 Cattier certifi\u00e9 bio au parfum fleur des \u00eeles nourrit et hydrate intens\u00e9ment l\u2019\u00e9piderme. Recherch\u00e9 pour ses propri\u00e9t\u00e9s r\u00e9paratrices, anti-dess\u00e9chantes et protectrices, le beurre de karit\u00e9 est naturellement riche en vitamines A, D, E et F. Il pr\u00e9vient la s\u00e9cheresse cutan\u00e9e, favorise le renouvellement cellulaire, assouplit et adoucit la peau tout en la prot\u00e9geant des agressions ext\u00e9rieures. Son doux parfum fleuri constitue une v\u00e9ritable invitation au voyage.<\/p>\n<p>Certifi\u00e9 bio \u2013 V\u00e9gan<\/p>\n<p>Contenance : 100 g<\/p>\n<p>\u00a0<\/p>\n<p><strong><strong>Conseils d\u2019Utilisation : <\/strong> <\/strong><\/p>\n<p>Le beurre de karit\u00e9 Cattier peut \u00eatre utilis\u00e9 :<\/p>\n<p>\u2013 pour nourrir et hydrater le visage ou le corps apr\u00e8s une exposition solaire pour r\u00e9hydrater et apaiser l\u2019\u00e9piderme<\/p>\n<p>\u2013 apr\u00e8s le rasage, pour apaiser<\/p>\n<p>\u2013 sur les l\u00e8vres pour les lisser et les adoucir<\/p>\n<p>\u2013 sur les cheveux pour les prot\u00e9ger et leur redonner souplesse et vitalit\u00e9<\/p>\n<p>\u2013 sur le corps, en massage, pour une sensation de bien-\u00eatre et de d\u00e9tente imm\u00e9diate.<\/p>\n<h3>INGREDIENTS :<\/h3>\n<p><strong>Liste des ingr\u00e9dients en fran\u00e7ais (parce qu\u2019on n\u2019a pas tous appris le latin au coll\u00e8ge !) :<\/strong><br \/>\nBeurre de karit\u00e9* Parfum, Tocoph\u00e9rol (Vitamine E), Limon\u00e8ne, Linalol<\/p>\n<p><strong>Liste des ingr\u00e9dients sous leur d\u00e9nomination INCI (nomenclature internationale des ingr\u00e9dients cosm\u00e9tiques) :<\/strong><br \/>\nButyrospermum Parkii Butter*, Parfum, Tocopherol, limonene, linalool<\/p>\n<\/div>","protected":false},"excerpt":{"rendered":"<p>Highlights:Le Beurre de karit\u00e9 Cattier certifi\u00e9 bio au parfum fleur des \u00eeles nourrit et hydrate intens\u00e9ment l\u2019\u00e9piderme. Recherch\u00e9 pour ses propri\u00e9t\u00e9s r\u00e9paratrices, anti-dess\u00e9chantes et protectrices, le beurre de karit\u00e9 est naturellement riche en vitamines A, D, E et F. Il pr\u00e9vient la s\u00e9cheresse cutan\u00e9e, favorise le renouvellement cellulaire, assouplit et adoucit la peau tout en la prot\u00e9geant des agressions ext\u00e9rieures. Son doux parfum fleuri constitue une v\u00e9ritable invitation au voyage.Certifi\u00e9 bio \u2013 V\u00e9ganContenance : 100 g<\/p>","protected":false},"featured_media":43834,"comment_status":"open","ping_status":"closed","template":"","meta":[],"pwb-brand":[1909],"product_cat":[16],"product_tag":[],"class_list":{"0":"post-43833","1":"product","2":"type-product","3":"status-publish","4":"has-post-thumbnail","6":"pwb-brand-cattier","7":"product_cat-non-classe","8":"pa_brands-cattier","10":"first","11":"instock","12":"sale","13":"shipping-taxable","14":"purchasable","15":"product-type-simple"},"yoast_head":"<!-- This site is optimized with the Yoast SEO plugin v27.5 - https:\/\/yoast.com\/product\/yoast-seo-wordpress\/ -->\n<title>Cattier Beurre de karite Fleur des iles 100g - paragaleriedetalborjt<\/title>\n<meta name=\"robots\" content=\"index, follow, max-snippet:-1, max-image-preview:large, max-video-preview:-1\" \/>\n<link rel=\"canonical\" href=\"https:\/\/paragaleriedetalborjt.com\/en\/boutique\/cattier-beurre-de-karite-fleur-des-iles-100g\/\" \/>\n<meta property=\"og:locale\" content=\"en_US\" \/>\n<meta property=\"og:type\" content=\"article\" \/>\n<meta property=\"og:title\" content=\"Cattier Beurre de karite Fleur des iles 100g - paragaleriedetalborjt\" \/>\n<meta property=\"og:description\" content=\"Highlights:Le Beurre de karit\u00e9 Cattier certifi\u00e9 bio au parfum fleur des \u00eeles nourrit et hydrate intens\u00e9ment l\u2019\u00e9piderme. Recherch\u00e9 pour ses propri\u00e9t\u00e9s r\u00e9paratrices, anti-dess\u00e9chantes et protectrices, le beurre de karit\u00e9 est naturellement riche en vitamines A, D, E et F. Il pr\u00e9vient la s\u00e9cheresse cutan\u00e9e, favorise le renouvellement cellulaire, assouplit et adoucit la peau tout en la prot\u00e9geant des agressions ext\u00e9rieures. Son doux parfum fleuri constitue une v\u00e9ritable invitation au voyage.Certifi\u00e9 bio \u2013 V\u00e9ganContenance : 100 g\" \/>\n<meta property=\"og:url\" content=\"https:\/\/paragaleriedetalborjt.com\/en\/boutique\/cattier-beurre-de-karite-fleur-des-iles-100g\/\" \/>\n<meta property=\"og:site_name\" content=\"paragaleriedetalborjt\" \/>\n<meta property=\"article:modified_time\" content=\"2026-01-03T21:27:18+00:00\" \/>\n<meta property=\"og:image\" content=\"https:\/\/paragaleriedetalborjt.com\/wp-content\/uploads\/2026\/01\/iles-de.jpg\" \/>\n\t<meta property=\"og:image:width\" content=\"595\" \/>\n\t<meta property=\"og:image:height\" content=\"655\" \/>\n\t<meta property=\"og:image:type\" content=\"image\/jpeg\" \/>\n<meta name=\"twitter:card\" content=\"summary_large_image\" \/>\n<meta name=\"twitter:label1\" content=\"Est. reading time\" \/>\n\t<meta name=\"twitter:data1\" content=\"1 minute\" \/>\n<script type=\"application\/ld+json\" class=\"yoast-schema-graph\">{\"@context\":\"https:\\\/\\\/schema.org\",\"@graph\":[{\"@type\":\"WebPage\",\"@id\":\"https:\\\/\\\/paragaleriedetalborjt.com\\\/boutique\\\/cattier-beurre-de-karite-fleur-des-iles-100g\\\/\",\"url\":\"https:\\\/\\\/paragaleriedetalborjt.com\\\/boutique\\\/cattier-beurre-de-karite-fleur-des-iles-100g\\\/\",\"name\":\"Cattier Beurre de karite Fleur des iles 100g - paragaleriedetalborjt\",\"isPartOf\":{\"@id\":\"https:\\\/\\\/paragaleriedetalborjt.com\\\/#website\"},\"primaryImageOfPage\":{\"@id\":\"https:\\\/\\\/paragaleriedetalborjt.com\\\/boutique\\\/cattier-beurre-de-karite-fleur-des-iles-100g\\\/#primaryimage\"},\"image\":{\"@id\":\"https:\\\/\\\/paragaleriedetalborjt.com\\\/boutique\\\/cattier-beurre-de-karite-fleur-des-iles-100g\\\/#primaryimage\"},\"thumbnailUrl\":\"https:\\\/\\\/paragaleriedetalborjt.com\\\/wp-content\\\/uploads\\\/2026\\\/01\\\/iles-de.jpg\",\"datePublished\":\"2026-01-03T21:27:17+00:00\",\"dateModified\":\"2026-01-03T21:27:18+00:00\",\"breadcrumb\":{\"@id\":\"https:\\\/\\\/paragaleriedetalborjt.com\\\/boutique\\\/cattier-beurre-de-karite-fleur-des-iles-100g\\\/#breadcrumb\"},\"inLanguage\":\"en-US\",\"potentialAction\":[{\"@type\":\"ReadAction\",\"target\":[\"https:\\\/\\\/paragaleriedetalborjt.com\\\/boutique\\\/cattier-beurre-de-karite-fleur-des-iles-100g\\\/\"]}]},{\"@type\":\"ImageObject\",\"inLanguage\":\"en-US\",\"@id\":\"https:\\\/\\\/paragaleriedetalborjt.com\\\/boutique\\\/cattier-beurre-de-karite-fleur-des-iles-100g\\\/#primaryimage\",\"url\":\"https:\\\/\\\/paragaleriedetalborjt.com\\\/wp-content\\\/uploads\\\/2026\\\/01\\\/iles-de.jpg\",\"contentUrl\":\"https:\\\/\\\/paragaleriedetalborjt.com\\\/wp-content\\\/uploads\\\/2026\\\/01\\\/iles-de.jpg\",\"width\":595,\"height\":655},{\"@type\":\"BreadcrumbList\",\"@id\":\"https:\\\/\\\/paragaleriedetalborjt.com\\\/boutique\\\/cattier-beurre-de-karite-fleur-des-iles-100g\\\/#breadcrumb\",\"itemListElement\":[{\"@type\":\"ListItem\",\"position\":1,\"name\":\"Accueil\",\"item\":\"https:\\\/\\\/paragaleriedetalborjt.com\\\/\"},{\"@type\":\"ListItem\",\"position\":2,\"name\":\"Boutique\",\"item\":\"https:\\\/\\\/paragaleriedetalborjt.com\\\/boutique\\\/\"},{\"@type\":\"ListItem\",\"position\":3,\"name\":\"Cattier Beurre de karite Fleur des iles 100g\"}]},{\"@type\":\"WebSite\",\"@id\":\"https:\\\/\\\/paragaleriedetalborjt.com\\\/#website\",\"url\":\"https:\\\/\\\/paragaleriedetalborjt.com\\\/\",\"name\":\"paragaleriedetalborjt\",\"description\":\"\",\"potentialAction\":[{\"@type\":\"SearchAction\",\"target\":{\"@type\":\"EntryPoint\",\"urlTemplate\":\"https:\\\/\\\/paragaleriedetalborjt.com\\\/?s={search_term_string}\"},\"query-input\":{\"@type\":\"PropertyValueSpecification\",\"valueRequired\":true,\"valueName\":\"search_term_string\"}}],\"inLanguage\":\"en-US\"}]}<\/script>\n<!-- \/ Yoast SEO plugin. -->","yoast_head_json":{"title":"Cattier Beurre de karite Fleur des iles 100g - paragaleriedetalborjt","robots":{"index":"index","follow":"follow","max-snippet":"max-snippet:-1","max-image-preview":"max-image-preview:large","max-video-preview":"max-video-preview:-1"},"canonical":"https:\/\/paragaleriedetalborjt.com\/en\/boutique\/cattier-beurre-de-karite-fleur-des-iles-100g\/","og_locale":"en_US","og_type":"article","og_title":"Cattier Beurre de karite Fleur des iles 100g - paragaleriedetalborjt","og_description":"Highlights:Le Beurre de karit\u00e9 Cattier certifi\u00e9 bio au parfum fleur des \u00eeles nourrit et hydrate intens\u00e9ment l\u2019\u00e9piderme. Recherch\u00e9 pour ses propri\u00e9t\u00e9s r\u00e9paratrices, anti-dess\u00e9chantes et protectrices, le beurre de karit\u00e9 est naturellement riche en vitamines A, D, E et F. Il pr\u00e9vient la s\u00e9cheresse cutan\u00e9e, favorise le renouvellement cellulaire, assouplit et adoucit la peau tout en la prot\u00e9geant des agressions ext\u00e9rieures. Son doux parfum fleuri constitue une v\u00e9ritable invitation au voyage.Certifi\u00e9 bio \u2013 V\u00e9ganContenance : 100 g","og_url":"https:\/\/paragaleriedetalborjt.com\/en\/boutique\/cattier-beurre-de-karite-fleur-des-iles-100g\/","og_site_name":"paragaleriedetalborjt","article_modified_time":"2026-01-03T21:27:18+00:00","og_image":[{"width":595,"height":655,"url":"https:\/\/paragaleriedetalborjt.com\/wp-content\/uploads\/2026\/01\/iles-de.jpg","type":"image\/jpeg"}],"twitter_card":"summary_large_image","twitter_misc":{"Est. reading time":"1 minute"},"schema":{"@context":"https:\/\/schema.org","@graph":[{"@type":"WebPage","@id":"https:\/\/paragaleriedetalborjt.com\/boutique\/cattier-beurre-de-karite-fleur-des-iles-100g\/","url":"https:\/\/paragaleriedetalborjt.com\/boutique\/cattier-beurre-de-karite-fleur-des-iles-100g\/","name":"Cattier Beurre de karite Fleur des iles 100g - paragaleriedetalborjt","isPartOf":{"@id":"https:\/\/paragaleriedetalborjt.com\/#website"},"primaryImageOfPage":{"@id":"https:\/\/paragaleriedetalborjt.com\/boutique\/cattier-beurre-de-karite-fleur-des-iles-100g\/#primaryimage"},"image":{"@id":"https:\/\/paragaleriedetalborjt.com\/boutique\/cattier-beurre-de-karite-fleur-des-iles-100g\/#primaryimage"},"thumbnailUrl":"https:\/\/paragaleriedetalborjt.com\/wp-content\/uploads\/2026\/01\/iles-de.jpg","datePublished":"2026-01-03T21:27:17+00:00","dateModified":"2026-01-03T21:27:18+00:00","breadcrumb":{"@id":"https:\/\/paragaleriedetalborjt.com\/boutique\/cattier-beurre-de-karite-fleur-des-iles-100g\/#breadcrumb"},"inLanguage":"en-US","potentialAction":[{"@type":"ReadAction","target":["https:\/\/paragaleriedetalborjt.com\/boutique\/cattier-beurre-de-karite-fleur-des-iles-100g\/"]}]},{"@type":"ImageObject","inLanguage":"en-US","@id":"https:\/\/paragaleriedetalborjt.com\/boutique\/cattier-beurre-de-karite-fleur-des-iles-100g\/#primaryimage","url":"https:\/\/paragaleriedetalborjt.com\/wp-content\/uploads\/2026\/01\/iles-de.jpg","contentUrl":"https:\/\/paragaleriedetalborjt.com\/wp-content\/uploads\/2026\/01\/iles-de.jpg","width":595,"height":655},{"@type":"BreadcrumbList","@id":"https:\/\/paragaleriedetalborjt.com\/boutique\/cattier-beurre-de-karite-fleur-des-iles-100g\/#breadcrumb","itemListElement":[{"@type":"ListItem","position":1,"name":"Accueil","item":"https:\/\/paragaleriedetalborjt.com\/"},{"@type":"ListItem","position":2,"name":"Boutique","item":"https:\/\/paragaleriedetalborjt.com\/boutique\/"},{"@type":"ListItem","position":3,"name":"Cattier Beurre de karite Fleur des iles 100g"}]},{"@type":"WebSite","@id":"https:\/\/paragaleriedetalborjt.com\/#website","url":"https:\/\/paragaleriedetalborjt.com\/","name":"paragaleriedetalborjt","description":"","potentialAction":[{"@type":"SearchAction","target":{"@type":"EntryPoint","urlTemplate":"https:\/\/paragaleriedetalborjt.com\/?s={search_term_string}"},"query-input":{"@type":"PropertyValueSpecification","valueRequired":true,"valueName":"search_term_string"}}],"inLanguage":"en-US"}]}},"brands":[{"id":1909,"name":"Cattier","slug":"cattier"}],"_links":{"self":[{"href":"https:\/\/paragaleriedetalborjt.com\/en\/wp-json\/wp\/v2\/product\/43833","targetHints":{"allow":["GET"]}}],"collection":[{"href":"https:\/\/paragaleriedetalborjt.com\/en\/wp-json\/wp\/v2\/product"}],"about":[{"href":"https:\/\/paragaleriedetalborjt.com\/en\/wp-json\/wp\/v2\/types\/product"}],"replies":[{"embeddable":true,"href":"https:\/\/paragaleriedetalborjt.com\/en\/wp-json\/wp\/v2\/comments?post=43833"}],"version-history":[{"count":1,"href":"https:\/\/paragaleriedetalborjt.com\/en\/wp-json\/wp\/v2\/product\/43833\/revisions"}],"predecessor-version":[{"id":43835,"href":"https:\/\/paragaleriedetalborjt.com\/en\/wp-json\/wp\/v2\/product\/43833\/revisions\/43835"}],"wp:featuredmedia":[{"embeddable":true,"href":"https:\/\/paragaleriedetalborjt.com\/en\/wp-json\/wp\/v2\/media\/43834"}],"wp:attachment":[{"href":"https:\/\/paragaleriedetalborjt.com\/en\/wp-json\/wp\/v2\/media?parent=43833"}],"wp:term":[{"taxonomy":"pwb-brand","embeddable":true,"href":"https:\/\/paragaleriedetalborjt.com\/en\/wp-json\/wp\/v2\/pwb-brand?post=43833"},{"taxonomy":"product_cat","embeddable":true,"href":"https:\/\/paragaleriedetalborjt.com\/en\/wp-json\/wp\/v2\/product_cat?post=43833"},{"taxonomy":"product_tag","embeddable":true,"href":"https:\/\/paragaleriedetalborjt.com\/en\/wp-json\/wp\/v2\/product_tag?post=43833"}],"curies":[{"name":"wp","href":"https:\/\/api.w.org\/{rel}","templated":true}]}}