{"id":43761,"date":"2026-01-03T22:24:41","date_gmt":"2026-01-03T21:24:41","guid":{"rendered":"https:\/\/paragaleriedetalborjt.com\/?post_type=product&#038;p=43761"},"modified":"2026-01-03T22:24:41","modified_gmt":"2026-01-03T21:24:41","slug":"lansinoh-lingettes-aloe-vera-biodegradables-72-pieces","status":"publish","type":"product","link":"https:\/\/paragaleriedetalborjt.com\/en\/boutique\/lansinoh-lingettes-aloe-vera-biodegradables-72-pieces\/","title":{"rendered":"Lansinoh Lingettes Aloe Vera Biod\u00e9gradables 72 Pi\u00e8ces"},"content":{"rendered":"<div aria-labelledby=\"tab-title-description\" class=\"woocommerce-Tabs-panel woocommerce-Tabs-panel--description panel entry-content wc-tab\" id=\"tab-description\" role=\"tabpanel\" style=\"\">\n<h2>Description<\/h2>\n<div class=\"fpBlk testSep extCode\" data-provider=\"None\" id=\"presContent\">\n<p>Lansinoh Lingettes Aloe Vera Biod\u00e9gradables \u2013 Les douces lingettes \u00e0 Aloe Vera par Lansinoh sont biologiques,\u00e9paisses, et ultra douces. Id\u00e9al pour vos d\u00e9placements ou \u00e0 la maison -Les douces lingettes \u00e0 Aloe Vera par Lansinoh, respectueuses de l\u2019environnement sont douces et \u00e9paisses, mais aussi ultra douces. Offrez \u00e0 votre b\u00e9b\u00e9 ces lingettes et laissez le profiter d\u2019une sensation soyeuse et propre. Id\u00e9al pour vos d\u00e9placements ou \u00e0 la maison<\/p>\n<p><strong>Caract\u00e9ristiques du Produit :<\/strong><\/p>\n<ul>\n<li>100% biod\u00e9gradable ,Les ingr\u00e9dients naturels et organiques: Camomille apaisante et calendula<\/li>\n<li>M\u00e9lange doux pour la peau sensible de b\u00e9b\u00e9<\/li>\n<li>sans alcool, sans parfums ou de colorants artificiels. dermatologiquement approuv\u00e9s<\/li>\n<\/ul>\n<\/div>\n<div class=\"fpBlk testSep\" data-cs-override-id=\"Descriptif\" id=\"descContent\">\n<p class=\"fpMb\">\n<\/div>\n<\/div>","protected":false},"excerpt":{"rendered":"<p>Highlights:Lansinoh Lingettes Aloe Vera Biod\u00e9gradables \u2013 Les douces lingettes \u00e0 Aloe Vera par Lansinoh sont biologiques,\u00e9paisses, et ultra douces. Id\u00e9al pour vos d\u00e9placements.<\/p>","protected":false},"featured_media":43762,"comment_status":"open","ping_status":"closed","template":"","meta":[],"pwb-brand":[1867],"product_cat":[16],"product_tag":[],"class_list":{"0":"post-43761","1":"product","2":"type-product","3":"status-publish","4":"has-post-thumbnail","6":"pwb-brand-lansinoh","7":"product_cat-non-classe","8":"pa_brands-lansinoh","10":"first","11":"instock","12":"sale","13":"shipping-taxable","14":"purchasable","15":"product-type-simple"},"yoast_head":"<!-- This site is optimized with the Yoast SEO plugin v27.5 - https:\/\/yoast.com\/product\/yoast-seo-wordpress\/ -->\n<title>Lansinoh Lingettes Aloe Vera Biod\u00e9gradables 72 Pi\u00e8ces - paragaleriedetalborjt<\/title>\n<meta name=\"robots\" content=\"index, follow, max-snippet:-1, max-image-preview:large, max-video-preview:-1\" \/>\n<link rel=\"canonical\" href=\"https:\/\/paragaleriedetalborjt.com\/en\/boutique\/lansinoh-lingettes-aloe-vera-biodegradables-72-pieces\/\" \/>\n<meta property=\"og:locale\" content=\"en_US\" \/>\n<meta property=\"og:type\" content=\"article\" \/>\n<meta property=\"og:title\" content=\"Lansinoh Lingettes Aloe Vera Biod\u00e9gradables 72 Pi\u00e8ces - paragaleriedetalborjt\" \/>\n<meta property=\"og:description\" content=\"Highlights:Lansinoh Lingettes Aloe Vera Biod\u00e9gradables \u2013 Les douces lingettes \u00e0 Aloe Vera par Lansinoh sont biologiques,\u00e9paisses, et ultra douces. Id\u00e9al pour vos d\u00e9placements.\" \/>\n<meta property=\"og:url\" content=\"https:\/\/paragaleriedetalborjt.com\/en\/boutique\/lansinoh-lingettes-aloe-vera-biodegradables-72-pieces\/\" \/>\n<meta property=\"og:site_name\" content=\"paragaleriedetalborjt\" \/>\n<meta property=\"og:image\" content=\"https:\/\/paragaleriedetalborjt.com\/wp-content\/uploads\/2026\/01\/lansinoh-lingettes.jpg\" \/>\n\t<meta property=\"og:image:width\" content=\"595\" \/>\n\t<meta property=\"og:image:height\" content=\"655\" \/>\n\t<meta property=\"og:image:type\" content=\"image\/jpeg\" \/>\n<meta name=\"twitter:card\" content=\"summary_large_image\" \/>\n<meta name=\"twitter:label1\" content=\"Est. reading time\" \/>\n\t<meta name=\"twitter:data1\" content=\"1 minute\" \/>\n<script type=\"application\/ld+json\" class=\"yoast-schema-graph\">{\"@context\":\"https:\\\/\\\/schema.org\",\"@graph\":[{\"@type\":\"WebPage\",\"@id\":\"https:\\\/\\\/paragaleriedetalborjt.com\\\/boutique\\\/lansinoh-lingettes-aloe-vera-biodegradables-72-pieces\\\/\",\"url\":\"https:\\\/\\\/paragaleriedetalborjt.com\\\/boutique\\\/lansinoh-lingettes-aloe-vera-biodegradables-72-pieces\\\/\",\"name\":\"Lansinoh Lingettes Aloe Vera Biod\u00e9gradables 72 Pi\u00e8ces - paragaleriedetalborjt\",\"isPartOf\":{\"@id\":\"https:\\\/\\\/paragaleriedetalborjt.com\\\/#website\"},\"primaryImageOfPage\":{\"@id\":\"https:\\\/\\\/paragaleriedetalborjt.com\\\/boutique\\\/lansinoh-lingettes-aloe-vera-biodegradables-72-pieces\\\/#primaryimage\"},\"image\":{\"@id\":\"https:\\\/\\\/paragaleriedetalborjt.com\\\/boutique\\\/lansinoh-lingettes-aloe-vera-biodegradables-72-pieces\\\/#primaryimage\"},\"thumbnailUrl\":\"https:\\\/\\\/paragaleriedetalborjt.com\\\/wp-content\\\/uploads\\\/2026\\\/01\\\/lansinoh-lingettes.jpg\",\"datePublished\":\"2026-01-03T21:24:41+00:00\",\"breadcrumb\":{\"@id\":\"https:\\\/\\\/paragaleriedetalborjt.com\\\/boutique\\\/lansinoh-lingettes-aloe-vera-biodegradables-72-pieces\\\/#breadcrumb\"},\"inLanguage\":\"en-US\",\"potentialAction\":[{\"@type\":\"ReadAction\",\"target\":[\"https:\\\/\\\/paragaleriedetalborjt.com\\\/boutique\\\/lansinoh-lingettes-aloe-vera-biodegradables-72-pieces\\\/\"]}]},{\"@type\":\"ImageObject\",\"inLanguage\":\"en-US\",\"@id\":\"https:\\\/\\\/paragaleriedetalborjt.com\\\/boutique\\\/lansinoh-lingettes-aloe-vera-biodegradables-72-pieces\\\/#primaryimage\",\"url\":\"https:\\\/\\\/paragaleriedetalborjt.com\\\/wp-content\\\/uploads\\\/2026\\\/01\\\/lansinoh-lingettes.jpg\",\"contentUrl\":\"https:\\\/\\\/paragaleriedetalborjt.com\\\/wp-content\\\/uploads\\\/2026\\\/01\\\/lansinoh-lingettes.jpg\",\"width\":595,\"height\":655},{\"@type\":\"BreadcrumbList\",\"@id\":\"https:\\\/\\\/paragaleriedetalborjt.com\\\/boutique\\\/lansinoh-lingettes-aloe-vera-biodegradables-72-pieces\\\/#breadcrumb\",\"itemListElement\":[{\"@type\":\"ListItem\",\"position\":1,\"name\":\"Accueil\",\"item\":\"https:\\\/\\\/paragaleriedetalborjt.com\\\/\"},{\"@type\":\"ListItem\",\"position\":2,\"name\":\"Boutique\",\"item\":\"https:\\\/\\\/paragaleriedetalborjt.com\\\/boutique\\\/\"},{\"@type\":\"ListItem\",\"position\":3,\"name\":\"Lansinoh Lingettes Aloe Vera Biod\u00e9gradables 72 Pi\u00e8ces\"}]},{\"@type\":\"WebSite\",\"@id\":\"https:\\\/\\\/paragaleriedetalborjt.com\\\/#website\",\"url\":\"https:\\\/\\\/paragaleriedetalborjt.com\\\/\",\"name\":\"paragaleriedetalborjt\",\"description\":\"\",\"potentialAction\":[{\"@type\":\"SearchAction\",\"target\":{\"@type\":\"EntryPoint\",\"urlTemplate\":\"https:\\\/\\\/paragaleriedetalborjt.com\\\/?s={search_term_string}\"},\"query-input\":{\"@type\":\"PropertyValueSpecification\",\"valueRequired\":true,\"valueName\":\"search_term_string\"}}],\"inLanguage\":\"en-US\"}]}<\/script>\n<!-- \/ Yoast SEO plugin. -->","yoast_head_json":{"title":"Lansinoh Lingettes Aloe Vera Biod\u00e9gradables 72 Pi\u00e8ces - paragaleriedetalborjt","robots":{"index":"index","follow":"follow","max-snippet":"max-snippet:-1","max-image-preview":"max-image-preview:large","max-video-preview":"max-video-preview:-1"},"canonical":"https:\/\/paragaleriedetalborjt.com\/en\/boutique\/lansinoh-lingettes-aloe-vera-biodegradables-72-pieces\/","og_locale":"en_US","og_type":"article","og_title":"Lansinoh Lingettes Aloe Vera Biod\u00e9gradables 72 Pi\u00e8ces - paragaleriedetalborjt","og_description":"Highlights:Lansinoh Lingettes Aloe Vera Biod\u00e9gradables \u2013 Les douces lingettes \u00e0 Aloe Vera par Lansinoh sont biologiques,\u00e9paisses, et ultra douces. Id\u00e9al pour vos d\u00e9placements.","og_url":"https:\/\/paragaleriedetalborjt.com\/en\/boutique\/lansinoh-lingettes-aloe-vera-biodegradables-72-pieces\/","og_site_name":"paragaleriedetalborjt","og_image":[{"width":595,"height":655,"url":"https:\/\/paragaleriedetalborjt.com\/wp-content\/uploads\/2026\/01\/lansinoh-lingettes.jpg","type":"image\/jpeg"}],"twitter_card":"summary_large_image","twitter_misc":{"Est. reading time":"1 minute"},"schema":{"@context":"https:\/\/schema.org","@graph":[{"@type":"WebPage","@id":"https:\/\/paragaleriedetalborjt.com\/boutique\/lansinoh-lingettes-aloe-vera-biodegradables-72-pieces\/","url":"https:\/\/paragaleriedetalborjt.com\/boutique\/lansinoh-lingettes-aloe-vera-biodegradables-72-pieces\/","name":"Lansinoh Lingettes Aloe Vera Biod\u00e9gradables 72 Pi\u00e8ces - paragaleriedetalborjt","isPartOf":{"@id":"https:\/\/paragaleriedetalborjt.com\/#website"},"primaryImageOfPage":{"@id":"https:\/\/paragaleriedetalborjt.com\/boutique\/lansinoh-lingettes-aloe-vera-biodegradables-72-pieces\/#primaryimage"},"image":{"@id":"https:\/\/paragaleriedetalborjt.com\/boutique\/lansinoh-lingettes-aloe-vera-biodegradables-72-pieces\/#primaryimage"},"thumbnailUrl":"https:\/\/paragaleriedetalborjt.com\/wp-content\/uploads\/2026\/01\/lansinoh-lingettes.jpg","datePublished":"2026-01-03T21:24:41+00:00","breadcrumb":{"@id":"https:\/\/paragaleriedetalborjt.com\/boutique\/lansinoh-lingettes-aloe-vera-biodegradables-72-pieces\/#breadcrumb"},"inLanguage":"en-US","potentialAction":[{"@type":"ReadAction","target":["https:\/\/paragaleriedetalborjt.com\/boutique\/lansinoh-lingettes-aloe-vera-biodegradables-72-pieces\/"]}]},{"@type":"ImageObject","inLanguage":"en-US","@id":"https:\/\/paragaleriedetalborjt.com\/boutique\/lansinoh-lingettes-aloe-vera-biodegradables-72-pieces\/#primaryimage","url":"https:\/\/paragaleriedetalborjt.com\/wp-content\/uploads\/2026\/01\/lansinoh-lingettes.jpg","contentUrl":"https:\/\/paragaleriedetalborjt.com\/wp-content\/uploads\/2026\/01\/lansinoh-lingettes.jpg","width":595,"height":655},{"@type":"BreadcrumbList","@id":"https:\/\/paragaleriedetalborjt.com\/boutique\/lansinoh-lingettes-aloe-vera-biodegradables-72-pieces\/#breadcrumb","itemListElement":[{"@type":"ListItem","position":1,"name":"Accueil","item":"https:\/\/paragaleriedetalborjt.com\/"},{"@type":"ListItem","position":2,"name":"Boutique","item":"https:\/\/paragaleriedetalborjt.com\/boutique\/"},{"@type":"ListItem","position":3,"name":"Lansinoh Lingettes Aloe Vera Biod\u00e9gradables 72 Pi\u00e8ces"}]},{"@type":"WebSite","@id":"https:\/\/paragaleriedetalborjt.com\/#website","url":"https:\/\/paragaleriedetalborjt.com\/","name":"paragaleriedetalborjt","description":"","potentialAction":[{"@type":"SearchAction","target":{"@type":"EntryPoint","urlTemplate":"https:\/\/paragaleriedetalborjt.com\/?s={search_term_string}"},"query-input":{"@type":"PropertyValueSpecification","valueRequired":true,"valueName":"search_term_string"}}],"inLanguage":"en-US"}]}},"brands":[{"id":1867,"name":"LANSINOH","slug":"lansinoh"}],"_links":{"self":[{"href":"https:\/\/paragaleriedetalborjt.com\/en\/wp-json\/wp\/v2\/product\/43761","targetHints":{"allow":["GET"]}}],"collection":[{"href":"https:\/\/paragaleriedetalborjt.com\/en\/wp-json\/wp\/v2\/product"}],"about":[{"href":"https:\/\/paragaleriedetalborjt.com\/en\/wp-json\/wp\/v2\/types\/product"}],"replies":[{"embeddable":true,"href":"https:\/\/paragaleriedetalborjt.com\/en\/wp-json\/wp\/v2\/comments?post=43761"}],"version-history":[{"count":1,"href":"https:\/\/paragaleriedetalborjt.com\/en\/wp-json\/wp\/v2\/product\/43761\/revisions"}],"predecessor-version":[{"id":43763,"href":"https:\/\/paragaleriedetalborjt.com\/en\/wp-json\/wp\/v2\/product\/43761\/revisions\/43763"}],"wp:featuredmedia":[{"embeddable":true,"href":"https:\/\/paragaleriedetalborjt.com\/en\/wp-json\/wp\/v2\/media\/43762"}],"wp:attachment":[{"href":"https:\/\/paragaleriedetalborjt.com\/en\/wp-json\/wp\/v2\/media?parent=43761"}],"wp:term":[{"taxonomy":"pwb-brand","embeddable":true,"href":"https:\/\/paragaleriedetalborjt.com\/en\/wp-json\/wp\/v2\/pwb-brand?post=43761"},{"taxonomy":"product_cat","embeddable":true,"href":"https:\/\/paragaleriedetalborjt.com\/en\/wp-json\/wp\/v2\/product_cat?post=43761"},{"taxonomy":"product_tag","embeddable":true,"href":"https:\/\/paragaleriedetalborjt.com\/en\/wp-json\/wp\/v2\/product_tag?post=43761"}],"curies":[{"name":"wp","href":"https:\/\/api.w.org\/{rel}","templated":true}]}}