{"id":43700,"date":"2026-01-03T22:22:40","date_gmt":"2026-01-03T21:22:40","guid":{"rendered":"https:\/\/paragaleriedetalborjt.com\/?post_type=product&#038;p=43700"},"modified":"2026-01-03T22:22:40","modified_gmt":"2026-01-03T21:22:40","slug":"floxia-savon-nourissant-sativa-125g","status":"publish","type":"product","link":"https:\/\/paragaleriedetalborjt.com\/en\/boutique\/floxia-savon-nourissant-sativa-125g\/","title":{"rendered":"Floxia Savon nourissant sativa 125g"},"content":{"rendered":"<div aria-labelledby=\"tab-title-description\" class=\"woocommerce-Tabs-panel woocommerce-Tabs-panel--description panel entry-content wc-tab\" id=\"tab-description\" role=\"tabpanel\" style=\"\">\n<h2>Description<\/h2>\n<div class=\"et_pb_module et_pb_tabs et_pb_tabs_1 et_slide_transition_to_1 et_slide_transition_to_2 et_slide_transition_to_3\">\n<div class=\"et_pb_all_tabs\">\n<div class=\"et_pb_tab et_pb_tab_7 clearfix et-pb-active-slide\">\n<div class=\"et_pb_tab_content\">\n<p>De la famille des polyalcools, elle se pr\u00e9sente sous la forme d\u2019un liquide incolore et sirupeux. Elle est utilis\u00e9e dans nos produits cosm\u00e9tiques pour son fort pouvoir hydratant, occlusif, \u00e9mollient et humectant. Elle est dot\u00e9e d\u2019une action de protection de la peau en la prot\u00e9geant des effets nuisibles des facteurs externes.<\/p>\n<\/div>\n<\/div>\n<\/div>\n<\/div>\n<div class=\"et_pb_module et_pb_accordion et_pb_accordion_1\">\n<div class=\"et_pb_toggle et_pb_module et_pb_accordion_item et_pb_accordion_item_2 et_pb_toggle_open\">\n<h5 class=\"et_pb_toggle_title\">Le conseil d\u2019utilisation<\/h5>\n<div class=\"et_pb_toggle_content clearfix\">\n<p>Visage, corps et mains.<\/p>\n<p>Appliquer sur peau humidifi\u00e9e, effectuer des mouvements circulaires du bout des doigts sur le visage puis rincer soigneusement \u00e0 l\u2019eau.<\/p>\n<\/div>\n<\/div>\n<\/div>\n<\/div>","protected":false},"excerpt":{"rendered":"<p>Highlights:Le Savon Dermocosm\u00e9tique Nourrissant nettoie sans d\u00e9shydrater la peau. Sa formule agit comme adoucissant cutan\u00e9 et aide \u00e0 garder la peau lisse, souple et douce.<\/p>","protected":false},"featured_media":43701,"comment_status":"open","ping_status":"closed","template":"","meta":[],"pwb-brand":[2078],"product_cat":[16],"product_tag":[],"class_list":{"0":"post-43700","1":"product","2":"type-product","3":"status-publish","4":"has-post-thumbnail","6":"pwb-brand-floxia","7":"product_cat-non-classe","8":"pa_brands-floxia","10":"first","11":"instock","12":"sale","13":"shipping-taxable","14":"purchasable","15":"product-type-simple"},"yoast_head":"<!-- This site is optimized with the Yoast SEO plugin v26.9 - https:\/\/yoast.com\/product\/yoast-seo-wordpress\/ -->\n<title>Floxia Savon nourissant sativa 125g - paragaleriedetalborjt<\/title>\n<meta name=\"robots\" content=\"index, follow, max-snippet:-1, max-image-preview:large, max-video-preview:-1\" \/>\n<link rel=\"canonical\" href=\"https:\/\/paragaleriedetalborjt.com\/en\/boutique\/floxia-savon-nourissant-sativa-125g\/\" \/>\n<meta property=\"og:locale\" content=\"en_US\" \/>\n<meta property=\"og:type\" content=\"article\" \/>\n<meta property=\"og:title\" content=\"Floxia Savon nourissant sativa 125g - paragaleriedetalborjt\" \/>\n<meta property=\"og:description\" content=\"Highlights:Le Savon Dermocosm\u00e9tique Nourrissant nettoie sans d\u00e9shydrater la peau. Sa formule agit comme adoucissant cutan\u00e9 et aide \u00e0 garder la peau lisse, souple et douce.\" \/>\n<meta property=\"og:url\" content=\"https:\/\/paragaleriedetalborjt.com\/en\/boutique\/floxia-savon-nourissant-sativa-125g\/\" \/>\n<meta property=\"og:site_name\" content=\"paragaleriedetalborjt\" \/>\n<meta property=\"og:image\" content=\"https:\/\/paragaleriedetalborjt.com\/wp-content\/uploads\/2026\/01\/Floxia-Savon-nourissant-sativa-125g.jpg\" \/>\n\t<meta property=\"og:image:width\" content=\"600\" \/>\n\t<meta property=\"og:image:height\" content=\"600\" \/>\n\t<meta property=\"og:image:type\" content=\"image\/jpeg\" \/>\n<meta name=\"twitter:card\" content=\"summary_large_image\" \/>\n<script type=\"application\/ld+json\" class=\"yoast-schema-graph\">{\"@context\":\"https:\/\/schema.org\",\"@graph\":[{\"@type\":\"WebPage\",\"@id\":\"https:\/\/paragaleriedetalborjt.com\/boutique\/floxia-savon-nourissant-sativa-125g\/\",\"url\":\"https:\/\/paragaleriedetalborjt.com\/boutique\/floxia-savon-nourissant-sativa-125g\/\",\"name\":\"Floxia Savon nourissant sativa 125g - paragaleriedetalborjt\",\"isPartOf\":{\"@id\":\"https:\/\/paragaleriedetalborjt.com\/#website\"},\"primaryImageOfPage\":{\"@id\":\"https:\/\/paragaleriedetalborjt.com\/boutique\/floxia-savon-nourissant-sativa-125g\/#primaryimage\"},\"image\":{\"@id\":\"https:\/\/paragaleriedetalborjt.com\/boutique\/floxia-savon-nourissant-sativa-125g\/#primaryimage\"},\"thumbnailUrl\":\"https:\/\/paragaleriedetalborjt.com\/wp-content\/uploads\/2026\/01\/Floxia-Savon-nourissant-sativa-125g.jpg\",\"datePublished\":\"2026-01-03T21:22:40+00:00\",\"breadcrumb\":{\"@id\":\"https:\/\/paragaleriedetalborjt.com\/boutique\/floxia-savon-nourissant-sativa-125g\/#breadcrumb\"},\"inLanguage\":\"en-US\",\"potentialAction\":[{\"@type\":\"ReadAction\",\"target\":[\"https:\/\/paragaleriedetalborjt.com\/boutique\/floxia-savon-nourissant-sativa-125g\/\"]}]},{\"@type\":\"ImageObject\",\"inLanguage\":\"en-US\",\"@id\":\"https:\/\/paragaleriedetalborjt.com\/boutique\/floxia-savon-nourissant-sativa-125g\/#primaryimage\",\"url\":\"https:\/\/paragaleriedetalborjt.com\/wp-content\/uploads\/2026\/01\/Floxia-Savon-nourissant-sativa-125g.jpg\",\"contentUrl\":\"https:\/\/paragaleriedetalborjt.com\/wp-content\/uploads\/2026\/01\/Floxia-Savon-nourissant-sativa-125g.jpg\",\"width\":600,\"height\":600},{\"@type\":\"BreadcrumbList\",\"@id\":\"https:\/\/paragaleriedetalborjt.com\/boutique\/floxia-savon-nourissant-sativa-125g\/#breadcrumb\",\"itemListElement\":[{\"@type\":\"ListItem\",\"position\":1,\"name\":\"Accueil\",\"item\":\"https:\/\/paragaleriedetalborjt.com\/\"},{\"@type\":\"ListItem\",\"position\":2,\"name\":\"Boutique\",\"item\":\"https:\/\/paragaleriedetalborjt.com\/boutique\/\"},{\"@type\":\"ListItem\",\"position\":3,\"name\":\"Floxia Savon nourissant sativa 125g\"}]},{\"@type\":\"WebSite\",\"@id\":\"https:\/\/paragaleriedetalborjt.com\/#website\",\"url\":\"https:\/\/paragaleriedetalborjt.com\/\",\"name\":\"paragaleriedetalborjt\",\"description\":\"\",\"potentialAction\":[{\"@type\":\"SearchAction\",\"target\":{\"@type\":\"EntryPoint\",\"urlTemplate\":\"https:\/\/paragaleriedetalborjt.com\/?s={search_term_string}\"},\"query-input\":{\"@type\":\"PropertyValueSpecification\",\"valueRequired\":true,\"valueName\":\"search_term_string\"}}],\"inLanguage\":\"en-US\"}]}<\/script>\n<!-- \/ Yoast SEO plugin. -->","yoast_head_json":{"title":"Floxia Savon nourissant sativa 125g - paragaleriedetalborjt","robots":{"index":"index","follow":"follow","max-snippet":"max-snippet:-1","max-image-preview":"max-image-preview:large","max-video-preview":"max-video-preview:-1"},"canonical":"https:\/\/paragaleriedetalborjt.com\/en\/boutique\/floxia-savon-nourissant-sativa-125g\/","og_locale":"en_US","og_type":"article","og_title":"Floxia Savon nourissant sativa 125g - paragaleriedetalborjt","og_description":"Highlights:Le Savon Dermocosm\u00e9tique Nourrissant nettoie sans d\u00e9shydrater la peau. Sa formule agit comme adoucissant cutan\u00e9 et aide \u00e0 garder la peau lisse, souple et douce.","og_url":"https:\/\/paragaleriedetalborjt.com\/en\/boutique\/floxia-savon-nourissant-sativa-125g\/","og_site_name":"paragaleriedetalborjt","og_image":[{"width":600,"height":600,"url":"https:\/\/paragaleriedetalborjt.com\/wp-content\/uploads\/2026\/01\/Floxia-Savon-nourissant-sativa-125g.jpg","type":"image\/jpeg"}],"twitter_card":"summary_large_image","schema":{"@context":"https:\/\/schema.org","@graph":[{"@type":"WebPage","@id":"https:\/\/paragaleriedetalborjt.com\/boutique\/floxia-savon-nourissant-sativa-125g\/","url":"https:\/\/paragaleriedetalborjt.com\/boutique\/floxia-savon-nourissant-sativa-125g\/","name":"Floxia Savon nourissant sativa 125g - paragaleriedetalborjt","isPartOf":{"@id":"https:\/\/paragaleriedetalborjt.com\/#website"},"primaryImageOfPage":{"@id":"https:\/\/paragaleriedetalborjt.com\/boutique\/floxia-savon-nourissant-sativa-125g\/#primaryimage"},"image":{"@id":"https:\/\/paragaleriedetalborjt.com\/boutique\/floxia-savon-nourissant-sativa-125g\/#primaryimage"},"thumbnailUrl":"https:\/\/paragaleriedetalborjt.com\/wp-content\/uploads\/2026\/01\/Floxia-Savon-nourissant-sativa-125g.jpg","datePublished":"2026-01-03T21:22:40+00:00","breadcrumb":{"@id":"https:\/\/paragaleriedetalborjt.com\/boutique\/floxia-savon-nourissant-sativa-125g\/#breadcrumb"},"inLanguage":"en-US","potentialAction":[{"@type":"ReadAction","target":["https:\/\/paragaleriedetalborjt.com\/boutique\/floxia-savon-nourissant-sativa-125g\/"]}]},{"@type":"ImageObject","inLanguage":"en-US","@id":"https:\/\/paragaleriedetalborjt.com\/boutique\/floxia-savon-nourissant-sativa-125g\/#primaryimage","url":"https:\/\/paragaleriedetalborjt.com\/wp-content\/uploads\/2026\/01\/Floxia-Savon-nourissant-sativa-125g.jpg","contentUrl":"https:\/\/paragaleriedetalborjt.com\/wp-content\/uploads\/2026\/01\/Floxia-Savon-nourissant-sativa-125g.jpg","width":600,"height":600},{"@type":"BreadcrumbList","@id":"https:\/\/paragaleriedetalborjt.com\/boutique\/floxia-savon-nourissant-sativa-125g\/#breadcrumb","itemListElement":[{"@type":"ListItem","position":1,"name":"Accueil","item":"https:\/\/paragaleriedetalborjt.com\/"},{"@type":"ListItem","position":2,"name":"Boutique","item":"https:\/\/paragaleriedetalborjt.com\/boutique\/"},{"@type":"ListItem","position":3,"name":"Floxia Savon nourissant sativa 125g"}]},{"@type":"WebSite","@id":"https:\/\/paragaleriedetalborjt.com\/#website","url":"https:\/\/paragaleriedetalborjt.com\/","name":"paragaleriedetalborjt","description":"","potentialAction":[{"@type":"SearchAction","target":{"@type":"EntryPoint","urlTemplate":"https:\/\/paragaleriedetalborjt.com\/?s={search_term_string}"},"query-input":{"@type":"PropertyValueSpecification","valueRequired":true,"valueName":"search_term_string"}}],"inLanguage":"en-US"}]}},"brands":[{"id":2078,"name":"FLOXIA","slug":"floxia"}],"_links":{"self":[{"href":"https:\/\/paragaleriedetalborjt.com\/en\/wp-json\/wp\/v2\/product\/43700","targetHints":{"allow":["GET"]}}],"collection":[{"href":"https:\/\/paragaleriedetalborjt.com\/en\/wp-json\/wp\/v2\/product"}],"about":[{"href":"https:\/\/paragaleriedetalborjt.com\/en\/wp-json\/wp\/v2\/types\/product"}],"replies":[{"embeddable":true,"href":"https:\/\/paragaleriedetalborjt.com\/en\/wp-json\/wp\/v2\/comments?post=43700"}],"version-history":[{"count":1,"href":"https:\/\/paragaleriedetalborjt.com\/en\/wp-json\/wp\/v2\/product\/43700\/revisions"}],"predecessor-version":[{"id":43702,"href":"https:\/\/paragaleriedetalborjt.com\/en\/wp-json\/wp\/v2\/product\/43700\/revisions\/43702"}],"wp:featuredmedia":[{"embeddable":true,"href":"https:\/\/paragaleriedetalborjt.com\/en\/wp-json\/wp\/v2\/media\/43701"}],"wp:attachment":[{"href":"https:\/\/paragaleriedetalborjt.com\/en\/wp-json\/wp\/v2\/media?parent=43700"}],"wp:term":[{"taxonomy":"pwb-brand","embeddable":true,"href":"https:\/\/paragaleriedetalborjt.com\/en\/wp-json\/wp\/v2\/pwb-brand?post=43700"},{"taxonomy":"product_cat","embeddable":true,"href":"https:\/\/paragaleriedetalborjt.com\/en\/wp-json\/wp\/v2\/product_cat?post=43700"},{"taxonomy":"product_tag","embeddable":true,"href":"https:\/\/paragaleriedetalborjt.com\/en\/wp-json\/wp\/v2\/product_tag?post=43700"}],"curies":[{"name":"wp","href":"https:\/\/api.w.org\/{rel}","templated":true}]}}