{"id":43697,"date":"2026-01-03T22:22:33","date_gmt":"2026-01-03T21:22:33","guid":{"rendered":"https:\/\/paragaleriedetalborjt.com\/?post_type=product&#038;p=43697"},"modified":"2026-01-03T22:22:33","modified_gmt":"2026-01-03T21:22:33","slug":"floxia-peel-off-masque-detox-exfoliant-40ml","status":"publish","type":"product","link":"https:\/\/paragaleriedetalborjt.com\/en\/boutique\/floxia-peel-off-masque-detox-exfoliant-40ml\/","title":{"rendered":"Floxia Peel Off Masque detox exfoliant 40ml"},"content":{"rendered":"<div aria-labelledby=\"tab-title-description\" class=\"woocommerce-Tabs-panel woocommerce-Tabs-panel--description panel entry-content wc-tab\" id=\"tab-description\" role=\"tabpanel\" style=\"\">\n<h2>Description<\/h2>\n<div class=\"et_pb_module et_pb_tabs et_pb_tabs_1\">\n<ul class=\"et_pb_tabs_controls clearfix\">\n<li class=\"et_pb_tab_3 et_pb_tab_active\">Extrait de Moringa<\/li>\n<\/ul>\n<div class=\"et_pb_all_tabs\">\n<div class=\"et_pb_tab et_pb_tab_3 clearfix et_pb_active_content et-pb-active-slide\">\n<div class=\"et_pb_tab_content\">\n<p>L\u2019extrait de Moringa a un super pouvoir protecteur contre la pollution. Tr\u00e8s riche en acides gras satur\u00e9s (qui\u00a0<strong>hydratent<\/strong>\u00a0et\u00a0<strong>nourrissent<\/strong>\u00a0la peau), il comporte de la vitamine C et de la vitamine E, connues pour leur effet\u00a0<strong>antioxydant.<\/strong><\/p>\n<p>C\u2019est l\u2019actif star de notre masque d\u00e9tox exfoliant. Son action<strong>\u00a0anti-pollution<\/strong>\u00a0constitue une barri\u00e8re protectrice pour la peau. Jour apr\u00e8s jour, l\u2019\u00e9piderme est renforc\u00e9 et le grain de peau plus net. Il \u00e9limine les toxines et participe au renouvellement des cellules cutan\u00e9es.<\/p>\n<p>L\u2019extrait de Moringa est un ingr\u00e9dient phare de ce\u00a0<strong>soin du visage<\/strong>. Il conserve la\u00a0<strong>beaut\u00e9 de la peau<\/strong>\u00a0qui retrouve toute sa vitalit\u00e9.<\/p>\n<\/div>\n<\/div>\n<\/div>\n<\/div>\n<div class=\"et_pb_module et_pb_accordion et_pb_accordion_1\">\n<div class=\"et_pb_toggle et_pb_module et_pb_accordion_item et_pb_accordion_item_4 et_pb_toggle_open\">\n<h5 class=\"et_pb_toggle_title\">Conseils d\u2019utilisation<\/h5>\n<div class=\"et_pb_toggle_content clearfix\">\n<h3>Soin d\u00e9tox : comment appliquer le masque PEEL OFF ?<\/h3>\n<p>Appliquez le masque PEEL OFF\u00a0<strong>1 \u00e0 2 fois par semaine<\/strong>\u00a0au maximum. Sur une peau d\u00e9maquill\u00e9e et propre, \u00e9talez le masque en couche fine et uniforme sur l\u2019ensemble du visage. \u00c9vitez le contour des yeux o\u00f9 la peau est plus fragile, les l\u00e8vres, ainsi que la racine des cheveux.<\/p>\n<p>Laissez poser\u00a0<strong>20 minutes<\/strong>. Le masque s\u00e8che et forme une sorte de pellicule sur le visage. C\u2019est normal. Une fois sec, retirez-le en douceur du menton vers le front. Rincez l\u2019exc\u00e9dent \u00e0 l\u2019eau ti\u00e8de.<\/p>\n<\/div>\n<\/div>\n<\/div>\n<\/div>","protected":false},"excerpt":{"rendered":"<p>Highlights:Masque visage PEEL OFF : d\u00e9toxifiant, exfoliant, purifiantUne peau douce et r\u00e9g\u00e9n\u00e9r\u00e9e en un clin d\u2019\u0153il, c\u2019est possible ! Le masque d\u00e9tox exfoliant PEEL OFFnettoie, purifieetd\u00e9toxifiela peau de ses impuret\u00e9s. Ses actifs exfoliants \u00e9liminent les cellules mortes de l\u2019\u00e9piderme et acc\u00e9l\u00e8rent le renouvellement cutan\u00e9. La peau du visage se r\u00e9g\u00e9n\u00e8re. Elle est d\u00e9barrass\u00e9e des imperfections et de l\u2019exc\u00e8s de s\u00e9bum.<\/p>","protected":false},"featured_media":43698,"comment_status":"open","ping_status":"closed","template":"","meta":[],"pwb-brand":[2078],"product_cat":[16],"product_tag":[],"class_list":{"0":"post-43697","1":"product","2":"type-product","3":"status-publish","4":"has-post-thumbnail","6":"pwb-brand-floxia","7":"product_cat-non-classe","8":"pa_brands-floxia","10":"first","11":"instock","12":"sale","13":"shipping-taxable","14":"purchasable","15":"product-type-simple"},"yoast_head":"<!-- This site is optimized with the Yoast SEO plugin v26.9 - https:\/\/yoast.com\/product\/yoast-seo-wordpress\/ -->\n<title>Floxia Peel Off Masque detox exfoliant 40ml - paragaleriedetalborjt<\/title>\n<meta name=\"robots\" content=\"index, follow, max-snippet:-1, max-image-preview:large, max-video-preview:-1\" \/>\n<link rel=\"canonical\" href=\"https:\/\/paragaleriedetalborjt.com\/en\/boutique\/floxia-peel-off-masque-detox-exfoliant-40ml\/\" \/>\n<meta property=\"og:locale\" content=\"en_US\" \/>\n<meta property=\"og:type\" content=\"article\" \/>\n<meta property=\"og:title\" content=\"Floxia Peel Off Masque detox exfoliant 40ml - paragaleriedetalborjt\" \/>\n<meta property=\"og:description\" content=\"Highlights:Masque visage PEEL OFF : d\u00e9toxifiant, exfoliant, purifiantUne peau douce et r\u00e9g\u00e9n\u00e9r\u00e9e en un clin d\u2019\u0153il, c\u2019est possible ! Le masque d\u00e9tox exfoliant PEEL OFFnettoie, purifieetd\u00e9toxifiela peau de ses impuret\u00e9s. Ses actifs exfoliants \u00e9liminent les cellules mortes de l\u2019\u00e9piderme et acc\u00e9l\u00e8rent le renouvellement cutan\u00e9. La peau du visage se r\u00e9g\u00e9n\u00e8re. Elle est d\u00e9barrass\u00e9e des imperfections et de l\u2019exc\u00e8s de s\u00e9bum.\" \/>\n<meta property=\"og:url\" content=\"https:\/\/paragaleriedetalborjt.com\/en\/boutique\/floxia-peel-off-masque-detox-exfoliant-40ml\/\" \/>\n<meta property=\"og:site_name\" content=\"paragaleriedetalborjt\" \/>\n<meta property=\"og:image\" content=\"https:\/\/paragaleriedetalborjt.com\/wp-content\/uploads\/2026\/01\/Floxia-Peel-Off-Masque-detox-exfoliant-40ml.jpg\" \/>\n\t<meta property=\"og:image:width\" content=\"600\" \/>\n\t<meta property=\"og:image:height\" content=\"600\" \/>\n\t<meta property=\"og:image:type\" content=\"image\/jpeg\" \/>\n<meta name=\"twitter:card\" content=\"summary_large_image\" \/>\n<meta name=\"twitter:label1\" content=\"Est. reading time\" \/>\n\t<meta name=\"twitter:data1\" content=\"1 minute\" \/>\n<script type=\"application\/ld+json\" class=\"yoast-schema-graph\">{\"@context\":\"https:\/\/schema.org\",\"@graph\":[{\"@type\":\"WebPage\",\"@id\":\"https:\/\/paragaleriedetalborjt.com\/boutique\/floxia-peel-off-masque-detox-exfoliant-40ml\/\",\"url\":\"https:\/\/paragaleriedetalborjt.com\/boutique\/floxia-peel-off-masque-detox-exfoliant-40ml\/\",\"name\":\"Floxia Peel Off Masque detox exfoliant 40ml - paragaleriedetalborjt\",\"isPartOf\":{\"@id\":\"https:\/\/paragaleriedetalborjt.com\/#website\"},\"primaryImageOfPage\":{\"@id\":\"https:\/\/paragaleriedetalborjt.com\/boutique\/floxia-peel-off-masque-detox-exfoliant-40ml\/#primaryimage\"},\"image\":{\"@id\":\"https:\/\/paragaleriedetalborjt.com\/boutique\/floxia-peel-off-masque-detox-exfoliant-40ml\/#primaryimage\"},\"thumbnailUrl\":\"https:\/\/paragaleriedetalborjt.com\/wp-content\/uploads\/2026\/01\/Floxia-Peel-Off-Masque-detox-exfoliant-40ml.jpg\",\"datePublished\":\"2026-01-03T21:22:33+00:00\",\"breadcrumb\":{\"@id\":\"https:\/\/paragaleriedetalborjt.com\/boutique\/floxia-peel-off-masque-detox-exfoliant-40ml\/#breadcrumb\"},\"inLanguage\":\"en-US\",\"potentialAction\":[{\"@type\":\"ReadAction\",\"target\":[\"https:\/\/paragaleriedetalborjt.com\/boutique\/floxia-peel-off-masque-detox-exfoliant-40ml\/\"]}]},{\"@type\":\"ImageObject\",\"inLanguage\":\"en-US\",\"@id\":\"https:\/\/paragaleriedetalborjt.com\/boutique\/floxia-peel-off-masque-detox-exfoliant-40ml\/#primaryimage\",\"url\":\"https:\/\/paragaleriedetalborjt.com\/wp-content\/uploads\/2026\/01\/Floxia-Peel-Off-Masque-detox-exfoliant-40ml.jpg\",\"contentUrl\":\"https:\/\/paragaleriedetalborjt.com\/wp-content\/uploads\/2026\/01\/Floxia-Peel-Off-Masque-detox-exfoliant-40ml.jpg\",\"width\":600,\"height\":600},{\"@type\":\"BreadcrumbList\",\"@id\":\"https:\/\/paragaleriedetalborjt.com\/boutique\/floxia-peel-off-masque-detox-exfoliant-40ml\/#breadcrumb\",\"itemListElement\":[{\"@type\":\"ListItem\",\"position\":1,\"name\":\"Accueil\",\"item\":\"https:\/\/paragaleriedetalborjt.com\/\"},{\"@type\":\"ListItem\",\"position\":2,\"name\":\"Boutique\",\"item\":\"https:\/\/paragaleriedetalborjt.com\/boutique\/\"},{\"@type\":\"ListItem\",\"position\":3,\"name\":\"Floxia Peel Off Masque detox exfoliant 40ml\"}]},{\"@type\":\"WebSite\",\"@id\":\"https:\/\/paragaleriedetalborjt.com\/#website\",\"url\":\"https:\/\/paragaleriedetalborjt.com\/\",\"name\":\"paragaleriedetalborjt\",\"description\":\"\",\"potentialAction\":[{\"@type\":\"SearchAction\",\"target\":{\"@type\":\"EntryPoint\",\"urlTemplate\":\"https:\/\/paragaleriedetalborjt.com\/?s={search_term_string}\"},\"query-input\":{\"@type\":\"PropertyValueSpecification\",\"valueRequired\":true,\"valueName\":\"search_term_string\"}}],\"inLanguage\":\"en-US\"}]}<\/script>\n<!-- \/ Yoast SEO plugin. -->","yoast_head_json":{"title":"Floxia Peel Off Masque detox exfoliant 40ml - paragaleriedetalborjt","robots":{"index":"index","follow":"follow","max-snippet":"max-snippet:-1","max-image-preview":"max-image-preview:large","max-video-preview":"max-video-preview:-1"},"canonical":"https:\/\/paragaleriedetalborjt.com\/en\/boutique\/floxia-peel-off-masque-detox-exfoliant-40ml\/","og_locale":"en_US","og_type":"article","og_title":"Floxia Peel Off Masque detox exfoliant 40ml - paragaleriedetalborjt","og_description":"Highlights:Masque visage PEEL OFF : d\u00e9toxifiant, exfoliant, purifiantUne peau douce et r\u00e9g\u00e9n\u00e9r\u00e9e en un clin d\u2019\u0153il, c\u2019est possible ! Le masque d\u00e9tox exfoliant PEEL OFFnettoie, purifieetd\u00e9toxifiela peau de ses impuret\u00e9s. Ses actifs exfoliants \u00e9liminent les cellules mortes de l\u2019\u00e9piderme et acc\u00e9l\u00e8rent le renouvellement cutan\u00e9. La peau du visage se r\u00e9g\u00e9n\u00e8re. Elle est d\u00e9barrass\u00e9e des imperfections et de l\u2019exc\u00e8s de s\u00e9bum.","og_url":"https:\/\/paragaleriedetalborjt.com\/en\/boutique\/floxia-peel-off-masque-detox-exfoliant-40ml\/","og_site_name":"paragaleriedetalborjt","og_image":[{"width":600,"height":600,"url":"https:\/\/paragaleriedetalborjt.com\/wp-content\/uploads\/2026\/01\/Floxia-Peel-Off-Masque-detox-exfoliant-40ml.jpg","type":"image\/jpeg"}],"twitter_card":"summary_large_image","twitter_misc":{"Est. reading time":"1 minute"},"schema":{"@context":"https:\/\/schema.org","@graph":[{"@type":"WebPage","@id":"https:\/\/paragaleriedetalborjt.com\/boutique\/floxia-peel-off-masque-detox-exfoliant-40ml\/","url":"https:\/\/paragaleriedetalborjt.com\/boutique\/floxia-peel-off-masque-detox-exfoliant-40ml\/","name":"Floxia Peel Off Masque detox exfoliant 40ml - paragaleriedetalborjt","isPartOf":{"@id":"https:\/\/paragaleriedetalborjt.com\/#website"},"primaryImageOfPage":{"@id":"https:\/\/paragaleriedetalborjt.com\/boutique\/floxia-peel-off-masque-detox-exfoliant-40ml\/#primaryimage"},"image":{"@id":"https:\/\/paragaleriedetalborjt.com\/boutique\/floxia-peel-off-masque-detox-exfoliant-40ml\/#primaryimage"},"thumbnailUrl":"https:\/\/paragaleriedetalborjt.com\/wp-content\/uploads\/2026\/01\/Floxia-Peel-Off-Masque-detox-exfoliant-40ml.jpg","datePublished":"2026-01-03T21:22:33+00:00","breadcrumb":{"@id":"https:\/\/paragaleriedetalborjt.com\/boutique\/floxia-peel-off-masque-detox-exfoliant-40ml\/#breadcrumb"},"inLanguage":"en-US","potentialAction":[{"@type":"ReadAction","target":["https:\/\/paragaleriedetalborjt.com\/boutique\/floxia-peel-off-masque-detox-exfoliant-40ml\/"]}]},{"@type":"ImageObject","inLanguage":"en-US","@id":"https:\/\/paragaleriedetalborjt.com\/boutique\/floxia-peel-off-masque-detox-exfoliant-40ml\/#primaryimage","url":"https:\/\/paragaleriedetalborjt.com\/wp-content\/uploads\/2026\/01\/Floxia-Peel-Off-Masque-detox-exfoliant-40ml.jpg","contentUrl":"https:\/\/paragaleriedetalborjt.com\/wp-content\/uploads\/2026\/01\/Floxia-Peel-Off-Masque-detox-exfoliant-40ml.jpg","width":600,"height":600},{"@type":"BreadcrumbList","@id":"https:\/\/paragaleriedetalborjt.com\/boutique\/floxia-peel-off-masque-detox-exfoliant-40ml\/#breadcrumb","itemListElement":[{"@type":"ListItem","position":1,"name":"Accueil","item":"https:\/\/paragaleriedetalborjt.com\/"},{"@type":"ListItem","position":2,"name":"Boutique","item":"https:\/\/paragaleriedetalborjt.com\/boutique\/"},{"@type":"ListItem","position":3,"name":"Floxia Peel Off Masque detox exfoliant 40ml"}]},{"@type":"WebSite","@id":"https:\/\/paragaleriedetalborjt.com\/#website","url":"https:\/\/paragaleriedetalborjt.com\/","name":"paragaleriedetalborjt","description":"","potentialAction":[{"@type":"SearchAction","target":{"@type":"EntryPoint","urlTemplate":"https:\/\/paragaleriedetalborjt.com\/?s={search_term_string}"},"query-input":{"@type":"PropertyValueSpecification","valueRequired":true,"valueName":"search_term_string"}}],"inLanguage":"en-US"}]}},"brands":[{"id":2078,"name":"FLOXIA","slug":"floxia"}],"_links":{"self":[{"href":"https:\/\/paragaleriedetalborjt.com\/en\/wp-json\/wp\/v2\/product\/43697","targetHints":{"allow":["GET"]}}],"collection":[{"href":"https:\/\/paragaleriedetalborjt.com\/en\/wp-json\/wp\/v2\/product"}],"about":[{"href":"https:\/\/paragaleriedetalborjt.com\/en\/wp-json\/wp\/v2\/types\/product"}],"replies":[{"embeddable":true,"href":"https:\/\/paragaleriedetalborjt.com\/en\/wp-json\/wp\/v2\/comments?post=43697"}],"version-history":[{"count":1,"href":"https:\/\/paragaleriedetalborjt.com\/en\/wp-json\/wp\/v2\/product\/43697\/revisions"}],"predecessor-version":[{"id":43699,"href":"https:\/\/paragaleriedetalborjt.com\/en\/wp-json\/wp\/v2\/product\/43697\/revisions\/43699"}],"wp:featuredmedia":[{"embeddable":true,"href":"https:\/\/paragaleriedetalborjt.com\/en\/wp-json\/wp\/v2\/media\/43698"}],"wp:attachment":[{"href":"https:\/\/paragaleriedetalborjt.com\/en\/wp-json\/wp\/v2\/media?parent=43697"}],"wp:term":[{"taxonomy":"pwb-brand","embeddable":true,"href":"https:\/\/paragaleriedetalborjt.com\/en\/wp-json\/wp\/v2\/pwb-brand?post=43697"},{"taxonomy":"product_cat","embeddable":true,"href":"https:\/\/paragaleriedetalborjt.com\/en\/wp-json\/wp\/v2\/product_cat?post=43697"},{"taxonomy":"product_tag","embeddable":true,"href":"https:\/\/paragaleriedetalborjt.com\/en\/wp-json\/wp\/v2\/product_tag?post=43697"}],"curies":[{"name":"wp","href":"https:\/\/api.w.org\/{rel}","templated":true}]}}