{"id":43688,"date":"2026-01-03T22:22:10","date_gmt":"2026-01-03T21:22:10","guid":{"rendered":"https:\/\/paragaleriedetalborjt.com\/?post_type=product&#038;p=43688"},"modified":"2026-01-03T22:22:10","modified_gmt":"2026-01-03T21:22:10","slug":"floxia-lait-unifiant-hydratante-200ml","status":"publish","type":"product","link":"https:\/\/paragaleriedetalborjt.com\/en\/boutique\/floxia-lait-unifiant-hydratante-200ml\/","title":{"rendered":"Floxia Lait Unifiant Hydratante 200ml"},"content":{"rendered":"<div aria-labelledby=\"tab-title-description\" class=\"woocommerce-Tabs-panel woocommerce-Tabs-panel--description panel entry-content wc-tab\" id=\"tab-description\" role=\"tabpanel\" style=\"\">\n<h2>Description<\/h2>\n<p>Le Lait Unifiant Hydratant 200ml est enrichi en Actiwhite\u2122 pour une action \u00e9claircissante anti-taches. Il ne laisse pas de film gras, sa texture onctueuse et g\u00e9n\u00e9reuse r\u00e9conforte les peaux dess\u00e9ch\u00e9es et apaise les tiraillements, les irritations et les sensations d\u2019inconfort. Sa formule hydrate instantan\u00e9ment et laisse place \u00e0 une peau douce, souple et \u00e9clatante.<\/p>\n<h5 class=\"et_pb_toggle_title\">Le conseil d\u2019utilisation<\/h5>\n<div class=\"et_pb_toggle_content clearfix\">\n<p>Corps et mains.<\/p>\n<p>Appliquer matin et soir sur les zones concern\u00e9es. Utiliser une protection solaire \u00e9lev\u00e9e en cas d\u2019exposition.<\/p>\n<\/div>\n<\/div>","protected":false},"excerpt":{"rendered":"<p>Highlights:Le Lait Unifiant Hydratant 200ml est enrichi en Actiwhite\u2122 pour une action \u00e9claircissante anti-taches. Il ne laisse pas de film gras, sa texture onctueuse et g\u00e9n\u00e9reuse r\u00e9conforte les peaux dess\u00e9ch\u00e9es et apaise les tiraillements, les irritations et les sensations d\u2019inconfort. Sa formule hydrate instantan\u00e9ment et laisse place \u00e0 une peau douce, souple et \u00e9clatante.<\/p>","protected":false},"featured_media":43689,"comment_status":"open","ping_status":"closed","template":"","meta":[],"pwb-brand":[2078],"product_cat":[16],"product_tag":[],"class_list":{"0":"post-43688","1":"product","2":"type-product","3":"status-publish","4":"has-post-thumbnail","6":"pwb-brand-floxia","7":"product_cat-non-classe","8":"pa_brands-floxia","10":"first","11":"instock","12":"sale","13":"shipping-taxable","14":"purchasable","15":"product-type-simple"},"yoast_head":"<!-- This site is optimized with the Yoast SEO plugin v26.9 - https:\/\/yoast.com\/product\/yoast-seo-wordpress\/ -->\n<title>Floxia Lait Unifiant Hydratante 200ml - paragaleriedetalborjt<\/title>\n<meta name=\"robots\" content=\"index, follow, max-snippet:-1, max-image-preview:large, max-video-preview:-1\" \/>\n<link rel=\"canonical\" href=\"https:\/\/paragaleriedetalborjt.com\/en\/boutique\/floxia-lait-unifiant-hydratante-200ml\/\" \/>\n<meta property=\"og:locale\" content=\"en_US\" \/>\n<meta property=\"og:type\" content=\"article\" \/>\n<meta property=\"og:title\" content=\"Floxia Lait Unifiant Hydratante 200ml - paragaleriedetalborjt\" \/>\n<meta property=\"og:description\" content=\"Highlights:Le Lait Unifiant Hydratant 200ml est enrichi en Actiwhite\u2122 pour une action \u00e9claircissante anti-taches. Il ne laisse pas de film gras, sa texture onctueuse et g\u00e9n\u00e9reuse r\u00e9conforte les peaux dess\u00e9ch\u00e9es et apaise les tiraillements, les irritations et les sensations d\u2019inconfort. Sa formule hydrate instantan\u00e9ment et laisse place \u00e0 une peau douce, souple et \u00e9clatante.\" \/>\n<meta property=\"og:url\" content=\"https:\/\/paragaleriedetalborjt.com\/en\/boutique\/floxia-lait-unifiant-hydratante-200ml\/\" \/>\n<meta property=\"og:site_name\" content=\"paragaleriedetalborjt\" \/>\n<meta property=\"og:image\" content=\"https:\/\/paragaleriedetalborjt.com\/wp-content\/uploads\/2026\/01\/Floxia-Lait-Unifiant-Hydratante-200ml.jpg\" \/>\n\t<meta property=\"og:image:width\" content=\"600\" \/>\n\t<meta property=\"og:image:height\" content=\"600\" \/>\n\t<meta property=\"og:image:type\" content=\"image\/jpeg\" \/>\n<meta name=\"twitter:card\" content=\"summary_large_image\" \/>\n<script type=\"application\/ld+json\" class=\"yoast-schema-graph\">{\"@context\":\"https:\/\/schema.org\",\"@graph\":[{\"@type\":\"WebPage\",\"@id\":\"https:\/\/paragaleriedetalborjt.com\/boutique\/floxia-lait-unifiant-hydratante-200ml\/\",\"url\":\"https:\/\/paragaleriedetalborjt.com\/boutique\/floxia-lait-unifiant-hydratante-200ml\/\",\"name\":\"Floxia Lait Unifiant Hydratante 200ml - paragaleriedetalborjt\",\"isPartOf\":{\"@id\":\"https:\/\/paragaleriedetalborjt.com\/#website\"},\"primaryImageOfPage\":{\"@id\":\"https:\/\/paragaleriedetalborjt.com\/boutique\/floxia-lait-unifiant-hydratante-200ml\/#primaryimage\"},\"image\":{\"@id\":\"https:\/\/paragaleriedetalborjt.com\/boutique\/floxia-lait-unifiant-hydratante-200ml\/#primaryimage\"},\"thumbnailUrl\":\"https:\/\/paragaleriedetalborjt.com\/wp-content\/uploads\/2026\/01\/Floxia-Lait-Unifiant-Hydratante-200ml.jpg\",\"datePublished\":\"2026-01-03T21:22:10+00:00\",\"breadcrumb\":{\"@id\":\"https:\/\/paragaleriedetalborjt.com\/boutique\/floxia-lait-unifiant-hydratante-200ml\/#breadcrumb\"},\"inLanguage\":\"en-US\",\"potentialAction\":[{\"@type\":\"ReadAction\",\"target\":[\"https:\/\/paragaleriedetalborjt.com\/boutique\/floxia-lait-unifiant-hydratante-200ml\/\"]}]},{\"@type\":\"ImageObject\",\"inLanguage\":\"en-US\",\"@id\":\"https:\/\/paragaleriedetalborjt.com\/boutique\/floxia-lait-unifiant-hydratante-200ml\/#primaryimage\",\"url\":\"https:\/\/paragaleriedetalborjt.com\/wp-content\/uploads\/2026\/01\/Floxia-Lait-Unifiant-Hydratante-200ml.jpg\",\"contentUrl\":\"https:\/\/paragaleriedetalborjt.com\/wp-content\/uploads\/2026\/01\/Floxia-Lait-Unifiant-Hydratante-200ml.jpg\",\"width\":600,\"height\":600},{\"@type\":\"BreadcrumbList\",\"@id\":\"https:\/\/paragaleriedetalborjt.com\/boutique\/floxia-lait-unifiant-hydratante-200ml\/#breadcrumb\",\"itemListElement\":[{\"@type\":\"ListItem\",\"position\":1,\"name\":\"Accueil\",\"item\":\"https:\/\/paragaleriedetalborjt.com\/\"},{\"@type\":\"ListItem\",\"position\":2,\"name\":\"Boutique\",\"item\":\"https:\/\/paragaleriedetalborjt.com\/boutique\/\"},{\"@type\":\"ListItem\",\"position\":3,\"name\":\"Floxia Lait Unifiant Hydratante 200ml\"}]},{\"@type\":\"WebSite\",\"@id\":\"https:\/\/paragaleriedetalborjt.com\/#website\",\"url\":\"https:\/\/paragaleriedetalborjt.com\/\",\"name\":\"paragaleriedetalborjt\",\"description\":\"\",\"potentialAction\":[{\"@type\":\"SearchAction\",\"target\":{\"@type\":\"EntryPoint\",\"urlTemplate\":\"https:\/\/paragaleriedetalborjt.com\/?s={search_term_string}\"},\"query-input\":{\"@type\":\"PropertyValueSpecification\",\"valueRequired\":true,\"valueName\":\"search_term_string\"}}],\"inLanguage\":\"en-US\"}]}<\/script>\n<!-- \/ Yoast SEO plugin. -->","yoast_head_json":{"title":"Floxia Lait Unifiant Hydratante 200ml - paragaleriedetalborjt","robots":{"index":"index","follow":"follow","max-snippet":"max-snippet:-1","max-image-preview":"max-image-preview:large","max-video-preview":"max-video-preview:-1"},"canonical":"https:\/\/paragaleriedetalborjt.com\/en\/boutique\/floxia-lait-unifiant-hydratante-200ml\/","og_locale":"en_US","og_type":"article","og_title":"Floxia Lait Unifiant Hydratante 200ml - paragaleriedetalborjt","og_description":"Highlights:Le Lait Unifiant Hydratant 200ml est enrichi en Actiwhite\u2122 pour une action \u00e9claircissante anti-taches. Il ne laisse pas de film gras, sa texture onctueuse et g\u00e9n\u00e9reuse r\u00e9conforte les peaux dess\u00e9ch\u00e9es et apaise les tiraillements, les irritations et les sensations d\u2019inconfort. Sa formule hydrate instantan\u00e9ment et laisse place \u00e0 une peau douce, souple et \u00e9clatante.","og_url":"https:\/\/paragaleriedetalborjt.com\/en\/boutique\/floxia-lait-unifiant-hydratante-200ml\/","og_site_name":"paragaleriedetalborjt","og_image":[{"width":600,"height":600,"url":"https:\/\/paragaleriedetalborjt.com\/wp-content\/uploads\/2026\/01\/Floxia-Lait-Unifiant-Hydratante-200ml.jpg","type":"image\/jpeg"}],"twitter_card":"summary_large_image","schema":{"@context":"https:\/\/schema.org","@graph":[{"@type":"WebPage","@id":"https:\/\/paragaleriedetalborjt.com\/boutique\/floxia-lait-unifiant-hydratante-200ml\/","url":"https:\/\/paragaleriedetalborjt.com\/boutique\/floxia-lait-unifiant-hydratante-200ml\/","name":"Floxia Lait Unifiant Hydratante 200ml - paragaleriedetalborjt","isPartOf":{"@id":"https:\/\/paragaleriedetalborjt.com\/#website"},"primaryImageOfPage":{"@id":"https:\/\/paragaleriedetalborjt.com\/boutique\/floxia-lait-unifiant-hydratante-200ml\/#primaryimage"},"image":{"@id":"https:\/\/paragaleriedetalborjt.com\/boutique\/floxia-lait-unifiant-hydratante-200ml\/#primaryimage"},"thumbnailUrl":"https:\/\/paragaleriedetalborjt.com\/wp-content\/uploads\/2026\/01\/Floxia-Lait-Unifiant-Hydratante-200ml.jpg","datePublished":"2026-01-03T21:22:10+00:00","breadcrumb":{"@id":"https:\/\/paragaleriedetalborjt.com\/boutique\/floxia-lait-unifiant-hydratante-200ml\/#breadcrumb"},"inLanguage":"en-US","potentialAction":[{"@type":"ReadAction","target":["https:\/\/paragaleriedetalborjt.com\/boutique\/floxia-lait-unifiant-hydratante-200ml\/"]}]},{"@type":"ImageObject","inLanguage":"en-US","@id":"https:\/\/paragaleriedetalborjt.com\/boutique\/floxia-lait-unifiant-hydratante-200ml\/#primaryimage","url":"https:\/\/paragaleriedetalborjt.com\/wp-content\/uploads\/2026\/01\/Floxia-Lait-Unifiant-Hydratante-200ml.jpg","contentUrl":"https:\/\/paragaleriedetalborjt.com\/wp-content\/uploads\/2026\/01\/Floxia-Lait-Unifiant-Hydratante-200ml.jpg","width":600,"height":600},{"@type":"BreadcrumbList","@id":"https:\/\/paragaleriedetalborjt.com\/boutique\/floxia-lait-unifiant-hydratante-200ml\/#breadcrumb","itemListElement":[{"@type":"ListItem","position":1,"name":"Accueil","item":"https:\/\/paragaleriedetalborjt.com\/"},{"@type":"ListItem","position":2,"name":"Boutique","item":"https:\/\/paragaleriedetalborjt.com\/boutique\/"},{"@type":"ListItem","position":3,"name":"Floxia Lait Unifiant Hydratante 200ml"}]},{"@type":"WebSite","@id":"https:\/\/paragaleriedetalborjt.com\/#website","url":"https:\/\/paragaleriedetalborjt.com\/","name":"paragaleriedetalborjt","description":"","potentialAction":[{"@type":"SearchAction","target":{"@type":"EntryPoint","urlTemplate":"https:\/\/paragaleriedetalborjt.com\/?s={search_term_string}"},"query-input":{"@type":"PropertyValueSpecification","valueRequired":true,"valueName":"search_term_string"}}],"inLanguage":"en-US"}]}},"brands":[{"id":2078,"name":"FLOXIA","slug":"floxia"}],"_links":{"self":[{"href":"https:\/\/paragaleriedetalborjt.com\/en\/wp-json\/wp\/v2\/product\/43688","targetHints":{"allow":["GET"]}}],"collection":[{"href":"https:\/\/paragaleriedetalborjt.com\/en\/wp-json\/wp\/v2\/product"}],"about":[{"href":"https:\/\/paragaleriedetalborjt.com\/en\/wp-json\/wp\/v2\/types\/product"}],"replies":[{"embeddable":true,"href":"https:\/\/paragaleriedetalborjt.com\/en\/wp-json\/wp\/v2\/comments?post=43688"}],"version-history":[{"count":1,"href":"https:\/\/paragaleriedetalborjt.com\/en\/wp-json\/wp\/v2\/product\/43688\/revisions"}],"predecessor-version":[{"id":43690,"href":"https:\/\/paragaleriedetalborjt.com\/en\/wp-json\/wp\/v2\/product\/43688\/revisions\/43690"}],"wp:featuredmedia":[{"embeddable":true,"href":"https:\/\/paragaleriedetalborjt.com\/en\/wp-json\/wp\/v2\/media\/43689"}],"wp:attachment":[{"href":"https:\/\/paragaleriedetalborjt.com\/en\/wp-json\/wp\/v2\/media?parent=43688"}],"wp:term":[{"taxonomy":"pwb-brand","embeddable":true,"href":"https:\/\/paragaleriedetalborjt.com\/en\/wp-json\/wp\/v2\/pwb-brand?post=43688"},{"taxonomy":"product_cat","embeddable":true,"href":"https:\/\/paragaleriedetalborjt.com\/en\/wp-json\/wp\/v2\/product_cat?post=43688"},{"taxonomy":"product_tag","embeddable":true,"href":"https:\/\/paragaleriedetalborjt.com\/en\/wp-json\/wp\/v2\/product_tag?post=43688"}],"curies":[{"name":"wp","href":"https:\/\/api.w.org\/{rel}","templated":true}]}}