{"id":43682,"date":"2026-01-03T22:21:57","date_gmt":"2026-01-03T21:21:57","guid":{"rendered":"https:\/\/paragaleriedetalborjt.com\/?post_type=product&#038;p=43682"},"modified":"2026-01-03T22:21:57","modified_gmt":"2026-01-03T21:21:57","slug":"floxia-creme-regeneratrice-40ml","status":"publish","type":"product","link":"https:\/\/paragaleriedetalborjt.com\/en\/boutique\/floxia-creme-regeneratrice-40ml\/","title":{"rendered":"Floxia creme regeneratrice 40ml"},"content":{"rendered":"<div aria-labelledby=\"tab-title-description\" class=\"woocommerce-Tabs-panel woocommerce-Tabs-panel--description panel entry-content wc-tab\" id=\"tab-description\" role=\"tabpanel\" style=\"\">\n<h2>Description<\/h2>\n<div class=\"et_pb_module et_pb_tabs et_pb_tabs_1\">\n<div class=\"et_pb_all_tabs\">\n<div class=\"et_pb_tab et_pb_tab_5 clearfix et_pb_active_content et-pb-active-slide\">\n<div class=\"et_pb_tab_content\">\n<p>C\u2019est un polysaccharide bact\u00e9rien riche en rhamnose ce qui lui permet de b\u00e9n\u00e9ficier d\u2019une capacit\u00e9 \u00e0 att\u00e9nuer les r\u00e9actions inflammatoires. Nous l\u2019utilisons dans nos produits cosm\u00e9tiques pour ses vertus apaisantes peu importe la cause de l\u2019inflammation, qu\u2019il s\u2019agisse d\u2019UV, de la pollution ou d\u2019agent chimiques.<\/p>\n<\/div>\n<\/div>\n<\/div>\n<\/div>\n<div class=\"et_pb_module et_pb_accordion et_pb_accordion_1\">\n<div class=\"et_pb_toggle et_pb_module et_pb_accordion_item et_pb_accordion_item_3 et_pb_toggle_open\">\n<h5 class=\"et_pb_toggle_title\">Le conseil d\u2019utilisation<\/h5>\n<div class=\"et_pb_toggle_content clearfix\">\n<p>Visage, corps et mains.<\/p>\n<p class=\"Contenudecadre\">Appliquer sur une peau propre et s\u00e8che, matin et soir. Peut \u00e9galement \u00eatre utilis\u00e9e en soin apr\u00e8s-soleil.<\/p>\n<\/div>\n<\/div>\n<\/div>\n<\/div>","protected":false},"excerpt":{"rendered":"<p>Highlights:La Cr\u00e8me R\u00e9g\u00e9n\u00e9ratrice Contr\u00f4le Rougeurs pr\u00e9vient des irritations et prot\u00e8ge l\u2019\u00e9piderme des agressions ext\u00e9rieures. Elle att\u00e9nue l\u2019apparence des rougeurs, unifie et apaise. Son utilisation est id\u00e9ale pour les peaux r\u00e9actives, sujettes aux rougeurs ou suite une exposition au soleil.<\/p>","protected":false},"featured_media":43683,"comment_status":"open","ping_status":"closed","template":"","meta":[],"pwb-brand":[2078],"product_cat":[16],"product_tag":[],"class_list":{"0":"post-43682","1":"product","2":"type-product","3":"status-publish","4":"has-post-thumbnail","6":"pwb-brand-floxia","7":"product_cat-non-classe","8":"pa_brands-floxia","10":"first","11":"instock","12":"sale","13":"shipping-taxable","14":"purchasable","15":"product-type-simple"},"yoast_head":"<!-- This site is optimized with the Yoast SEO plugin v26.9 - https:\/\/yoast.com\/product\/yoast-seo-wordpress\/ -->\n<title>Floxia creme regeneratrice 40ml - paragaleriedetalborjt<\/title>\n<meta name=\"robots\" content=\"index, follow, max-snippet:-1, max-image-preview:large, max-video-preview:-1\" \/>\n<link rel=\"canonical\" href=\"https:\/\/paragaleriedetalborjt.com\/en\/boutique\/floxia-creme-regeneratrice-40ml\/\" \/>\n<meta property=\"og:locale\" content=\"en_US\" \/>\n<meta property=\"og:type\" content=\"article\" \/>\n<meta property=\"og:title\" content=\"Floxia creme regeneratrice 40ml - paragaleriedetalborjt\" \/>\n<meta property=\"og:description\" content=\"Highlights:La Cr\u00e8me R\u00e9g\u00e9n\u00e9ratrice Contr\u00f4le Rougeurs pr\u00e9vient des irritations et prot\u00e8ge l\u2019\u00e9piderme des agressions ext\u00e9rieures. Elle att\u00e9nue l\u2019apparence des rougeurs, unifie et apaise. Son utilisation est id\u00e9ale pour les peaux r\u00e9actives, sujettes aux rougeurs ou suite une exposition au soleil.\" \/>\n<meta property=\"og:url\" content=\"https:\/\/paragaleriedetalborjt.com\/en\/boutique\/floxia-creme-regeneratrice-40ml\/\" \/>\n<meta property=\"og:site_name\" content=\"paragaleriedetalborjt\" \/>\n<meta property=\"og:image\" content=\"https:\/\/paragaleriedetalborjt.com\/wp-content\/uploads\/2026\/01\/Floxia-creme-regeneratrice-40ml-600x600-1.jpg\" \/>\n\t<meta property=\"og:image:width\" content=\"600\" \/>\n\t<meta property=\"og:image:height\" content=\"600\" \/>\n\t<meta property=\"og:image:type\" content=\"image\/jpeg\" \/>\n<meta name=\"twitter:card\" content=\"summary_large_image\" \/>\n<script type=\"application\/ld+json\" class=\"yoast-schema-graph\">{\"@context\":\"https:\/\/schema.org\",\"@graph\":[{\"@type\":\"WebPage\",\"@id\":\"https:\/\/paragaleriedetalborjt.com\/boutique\/floxia-creme-regeneratrice-40ml\/\",\"url\":\"https:\/\/paragaleriedetalborjt.com\/boutique\/floxia-creme-regeneratrice-40ml\/\",\"name\":\"Floxia creme regeneratrice 40ml - paragaleriedetalborjt\",\"isPartOf\":{\"@id\":\"https:\/\/paragaleriedetalborjt.com\/#website\"},\"primaryImageOfPage\":{\"@id\":\"https:\/\/paragaleriedetalborjt.com\/boutique\/floxia-creme-regeneratrice-40ml\/#primaryimage\"},\"image\":{\"@id\":\"https:\/\/paragaleriedetalborjt.com\/boutique\/floxia-creme-regeneratrice-40ml\/#primaryimage\"},\"thumbnailUrl\":\"https:\/\/paragaleriedetalborjt.com\/wp-content\/uploads\/2026\/01\/Floxia-creme-regeneratrice-40ml-600x600-1.jpg\",\"datePublished\":\"2026-01-03T21:21:57+00:00\",\"breadcrumb\":{\"@id\":\"https:\/\/paragaleriedetalborjt.com\/boutique\/floxia-creme-regeneratrice-40ml\/#breadcrumb\"},\"inLanguage\":\"en-US\",\"potentialAction\":[{\"@type\":\"ReadAction\",\"target\":[\"https:\/\/paragaleriedetalborjt.com\/boutique\/floxia-creme-regeneratrice-40ml\/\"]}]},{\"@type\":\"ImageObject\",\"inLanguage\":\"en-US\",\"@id\":\"https:\/\/paragaleriedetalborjt.com\/boutique\/floxia-creme-regeneratrice-40ml\/#primaryimage\",\"url\":\"https:\/\/paragaleriedetalborjt.com\/wp-content\/uploads\/2026\/01\/Floxia-creme-regeneratrice-40ml-600x600-1.jpg\",\"contentUrl\":\"https:\/\/paragaleriedetalborjt.com\/wp-content\/uploads\/2026\/01\/Floxia-creme-regeneratrice-40ml-600x600-1.jpg\",\"width\":600,\"height\":600},{\"@type\":\"BreadcrumbList\",\"@id\":\"https:\/\/paragaleriedetalborjt.com\/boutique\/floxia-creme-regeneratrice-40ml\/#breadcrumb\",\"itemListElement\":[{\"@type\":\"ListItem\",\"position\":1,\"name\":\"Accueil\",\"item\":\"https:\/\/paragaleriedetalborjt.com\/\"},{\"@type\":\"ListItem\",\"position\":2,\"name\":\"Boutique\",\"item\":\"https:\/\/paragaleriedetalborjt.com\/boutique\/\"},{\"@type\":\"ListItem\",\"position\":3,\"name\":\"Floxia creme regeneratrice 40ml\"}]},{\"@type\":\"WebSite\",\"@id\":\"https:\/\/paragaleriedetalborjt.com\/#website\",\"url\":\"https:\/\/paragaleriedetalborjt.com\/\",\"name\":\"paragaleriedetalborjt\",\"description\":\"\",\"potentialAction\":[{\"@type\":\"SearchAction\",\"target\":{\"@type\":\"EntryPoint\",\"urlTemplate\":\"https:\/\/paragaleriedetalborjt.com\/?s={search_term_string}\"},\"query-input\":{\"@type\":\"PropertyValueSpecification\",\"valueRequired\":true,\"valueName\":\"search_term_string\"}}],\"inLanguage\":\"en-US\"}]}<\/script>\n<!-- \/ Yoast SEO plugin. -->","yoast_head_json":{"title":"Floxia creme regeneratrice 40ml - paragaleriedetalborjt","robots":{"index":"index","follow":"follow","max-snippet":"max-snippet:-1","max-image-preview":"max-image-preview:large","max-video-preview":"max-video-preview:-1"},"canonical":"https:\/\/paragaleriedetalborjt.com\/en\/boutique\/floxia-creme-regeneratrice-40ml\/","og_locale":"en_US","og_type":"article","og_title":"Floxia creme regeneratrice 40ml - paragaleriedetalborjt","og_description":"Highlights:La Cr\u00e8me R\u00e9g\u00e9n\u00e9ratrice Contr\u00f4le Rougeurs pr\u00e9vient des irritations et prot\u00e8ge l\u2019\u00e9piderme des agressions ext\u00e9rieures. Elle att\u00e9nue l\u2019apparence des rougeurs, unifie et apaise. Son utilisation est id\u00e9ale pour les peaux r\u00e9actives, sujettes aux rougeurs ou suite une exposition au soleil.","og_url":"https:\/\/paragaleriedetalborjt.com\/en\/boutique\/floxia-creme-regeneratrice-40ml\/","og_site_name":"paragaleriedetalborjt","og_image":[{"width":600,"height":600,"url":"https:\/\/paragaleriedetalborjt.com\/wp-content\/uploads\/2026\/01\/Floxia-creme-regeneratrice-40ml-600x600-1.jpg","type":"image\/jpeg"}],"twitter_card":"summary_large_image","schema":{"@context":"https:\/\/schema.org","@graph":[{"@type":"WebPage","@id":"https:\/\/paragaleriedetalborjt.com\/boutique\/floxia-creme-regeneratrice-40ml\/","url":"https:\/\/paragaleriedetalborjt.com\/boutique\/floxia-creme-regeneratrice-40ml\/","name":"Floxia creme regeneratrice 40ml - paragaleriedetalborjt","isPartOf":{"@id":"https:\/\/paragaleriedetalborjt.com\/#website"},"primaryImageOfPage":{"@id":"https:\/\/paragaleriedetalborjt.com\/boutique\/floxia-creme-regeneratrice-40ml\/#primaryimage"},"image":{"@id":"https:\/\/paragaleriedetalborjt.com\/boutique\/floxia-creme-regeneratrice-40ml\/#primaryimage"},"thumbnailUrl":"https:\/\/paragaleriedetalborjt.com\/wp-content\/uploads\/2026\/01\/Floxia-creme-regeneratrice-40ml-600x600-1.jpg","datePublished":"2026-01-03T21:21:57+00:00","breadcrumb":{"@id":"https:\/\/paragaleriedetalborjt.com\/boutique\/floxia-creme-regeneratrice-40ml\/#breadcrumb"},"inLanguage":"en-US","potentialAction":[{"@type":"ReadAction","target":["https:\/\/paragaleriedetalborjt.com\/boutique\/floxia-creme-regeneratrice-40ml\/"]}]},{"@type":"ImageObject","inLanguage":"en-US","@id":"https:\/\/paragaleriedetalborjt.com\/boutique\/floxia-creme-regeneratrice-40ml\/#primaryimage","url":"https:\/\/paragaleriedetalborjt.com\/wp-content\/uploads\/2026\/01\/Floxia-creme-regeneratrice-40ml-600x600-1.jpg","contentUrl":"https:\/\/paragaleriedetalborjt.com\/wp-content\/uploads\/2026\/01\/Floxia-creme-regeneratrice-40ml-600x600-1.jpg","width":600,"height":600},{"@type":"BreadcrumbList","@id":"https:\/\/paragaleriedetalborjt.com\/boutique\/floxia-creme-regeneratrice-40ml\/#breadcrumb","itemListElement":[{"@type":"ListItem","position":1,"name":"Accueil","item":"https:\/\/paragaleriedetalborjt.com\/"},{"@type":"ListItem","position":2,"name":"Boutique","item":"https:\/\/paragaleriedetalborjt.com\/boutique\/"},{"@type":"ListItem","position":3,"name":"Floxia creme regeneratrice 40ml"}]},{"@type":"WebSite","@id":"https:\/\/paragaleriedetalborjt.com\/#website","url":"https:\/\/paragaleriedetalborjt.com\/","name":"paragaleriedetalborjt","description":"","potentialAction":[{"@type":"SearchAction","target":{"@type":"EntryPoint","urlTemplate":"https:\/\/paragaleriedetalborjt.com\/?s={search_term_string}"},"query-input":{"@type":"PropertyValueSpecification","valueRequired":true,"valueName":"search_term_string"}}],"inLanguage":"en-US"}]}},"brands":[{"id":2078,"name":"FLOXIA","slug":"floxia"}],"_links":{"self":[{"href":"https:\/\/paragaleriedetalborjt.com\/en\/wp-json\/wp\/v2\/product\/43682","targetHints":{"allow":["GET"]}}],"collection":[{"href":"https:\/\/paragaleriedetalborjt.com\/en\/wp-json\/wp\/v2\/product"}],"about":[{"href":"https:\/\/paragaleriedetalborjt.com\/en\/wp-json\/wp\/v2\/types\/product"}],"replies":[{"embeddable":true,"href":"https:\/\/paragaleriedetalborjt.com\/en\/wp-json\/wp\/v2\/comments?post=43682"}],"version-history":[{"count":1,"href":"https:\/\/paragaleriedetalborjt.com\/en\/wp-json\/wp\/v2\/product\/43682\/revisions"}],"predecessor-version":[{"id":43684,"href":"https:\/\/paragaleriedetalborjt.com\/en\/wp-json\/wp\/v2\/product\/43682\/revisions\/43684"}],"wp:featuredmedia":[{"embeddable":true,"href":"https:\/\/paragaleriedetalborjt.com\/en\/wp-json\/wp\/v2\/media\/43683"}],"wp:attachment":[{"href":"https:\/\/paragaleriedetalborjt.com\/en\/wp-json\/wp\/v2\/media?parent=43682"}],"wp:term":[{"taxonomy":"pwb-brand","embeddable":true,"href":"https:\/\/paragaleriedetalborjt.com\/en\/wp-json\/wp\/v2\/pwb-brand?post=43682"},{"taxonomy":"product_cat","embeddable":true,"href":"https:\/\/paragaleriedetalborjt.com\/en\/wp-json\/wp\/v2\/product_cat?post=43682"},{"taxonomy":"product_tag","embeddable":true,"href":"https:\/\/paragaleriedetalborjt.com\/en\/wp-json\/wp\/v2\/product_tag?post=43682"}],"curies":[{"name":"wp","href":"https:\/\/api.w.org\/{rel}","templated":true}]}}