{"id":43679,"date":"2026-01-03T22:21:51","date_gmt":"2026-01-03T21:21:51","guid":{"rendered":"https:\/\/paragaleriedetalborjt.com\/?post_type=product&#038;p=43679"},"modified":"2026-01-03T22:21:51","modified_gmt":"2026-01-03T21:21:51","slug":"floxia-gel-nettoyant-douceur-regenia-peau-sensible-200ml","status":"publish","type":"product","link":"https:\/\/paragaleriedetalborjt.com\/en\/boutique\/floxia-gel-nettoyant-douceur-regenia-peau-sensible-200ml\/","title":{"rendered":"FLOXIA GEL NETTOYANT DOUCEUR REGENIA PEAU SENSIBLE 200ML"},"content":{"rendered":"<div aria-labelledby=\"tab-title-description\" class=\"woocommerce-Tabs-panel woocommerce-Tabs-panel--description panel entry-content wc-tab\" id=\"tab-description\" role=\"tabpanel\" style=\"\">\n<h2>Description<\/h2>\n<div class=\"et_pb_module et_pb_text et_pb_text_2 et_pb_text_align_left et_pb_bg_layout_light\">\n<div class=\"et_pb_text_inner\">\n<p>Le Gel Nettoyant Douceur prot\u00e8ge et apaise tout en respectant l\u2019\u00e9piderme fragile de votre peau. Sa formule, est enrichie en Aloe vera pour ses propri\u00e9t\u00e9s apaisantes et adoucissantes.<\/p>\n<\/div>\n<\/div>\n<div class=\"et_pb_module et_pb_text et_pb_text_3 et_pb_text_align_left et_pb_bg_layout_light\">\n<div class=\"et_pb_text_inner\">\n<p>ACTIFS<\/p>\n<\/div>\n<\/div>\n<div class=\"et_pb_module et_pb_tabs et_pb_tabs_1\">\n<ul class=\"et_pb_tabs_controls clearfix\">\n<li class=\"et_pb_tab_1 et_pb_tab_active\">Aloe vera<\/li>\n<\/ul>\n<div class=\"et_pb_all_tabs\">\n<div class=\"et_pb_tab et_pb_tab_1 clearfix et_pb_active_content et-pb-active-slide\">\n<div class=\"et_pb_tab_content\">\n<p>Le gel d\u2019Aloe vera est contenu dans les feuilles de la plante portant le m\u00eame nom, il a un pH proche de celui de la peau. Nous l\u2019utilisons dans nos produits cosm\u00e9tiques pour son pouvoir hydratant et qui apporte \u00e0 la peau plus d\u2019\u00e9lasticit\u00e9, ce qui permet de pr\u00e9venir du vieillissement cutan\u00e9.<\/p>\n<\/div>\n<\/div>\n<\/div>\n<\/div>\n<div class=\"et_pb_module et_pb_accordion et_pb_accordion_1\">\n<div class=\"et_pb_toggle et_pb_module et_pb_accordion_item et_pb_accordion_item_3 et_pb_toggle_open\">\n<h5 class=\"et_pb_toggle_title\">Le conseil d\u2019utilisation<\/h5>\n<div class=\"et_pb_toggle_content clearfix\">\n<p>Visage, corps et mains.<\/p>\n<p>Appliquer matin et soir sur une peau humide, faire mousser, masser l\u00e9g\u00e8rement puis rincer. Peut \u00e9galement \u00eatre utilis\u00e9 en gel lavant apr\u00e8s-soleil.<\/p>\n<\/div>\n<\/div>\n<\/div>\n<\/div>","protected":false},"excerpt":{"rendered":"<p>Highlights:Le Gel Nettoyant Douceur prot\u00e8ge et apaise tout en respectant l\u2019\u00e9piderme fragile de votre peau. Sa formule, est enrichie en Aloe vera pour ses propri\u00e9t\u00e9s apaisantes et adoucissantes.<\/p>","protected":false},"featured_media":43680,"comment_status":"open","ping_status":"closed","template":"","meta":[],"pwb-brand":[2078],"product_cat":[16],"product_tag":[],"class_list":{"0":"post-43679","1":"product","2":"type-product","3":"status-publish","4":"has-post-thumbnail","6":"pwb-brand-floxia","7":"product_cat-non-classe","8":"pa_brands-floxia","10":"first","11":"instock","12":"sale","13":"shipping-taxable","14":"purchasable","15":"product-type-simple"},"yoast_head":"<!-- This site is optimized with the Yoast SEO plugin v26.9 - https:\/\/yoast.com\/product\/yoast-seo-wordpress\/ -->\n<title>FLOXIA GEL NETTOYANT DOUCEUR REGENIA PEAU SENSIBLE 200ML - paragaleriedetalborjt<\/title>\n<meta name=\"robots\" content=\"index, follow, max-snippet:-1, max-image-preview:large, max-video-preview:-1\" \/>\n<link rel=\"canonical\" href=\"https:\/\/paragaleriedetalborjt.com\/en\/boutique\/floxia-gel-nettoyant-douceur-regenia-peau-sensible-200ml\/\" \/>\n<meta property=\"og:locale\" content=\"en_US\" \/>\n<meta property=\"og:type\" content=\"article\" \/>\n<meta property=\"og:title\" content=\"FLOXIA GEL NETTOYANT DOUCEUR REGENIA PEAU SENSIBLE 200ML - paragaleriedetalborjt\" \/>\n<meta property=\"og:description\" content=\"Highlights:Le Gel Nettoyant Douceur prot\u00e8ge et apaise tout en respectant l\u2019\u00e9piderme fragile de votre peau. Sa formule, est enrichie en Aloe vera pour ses propri\u00e9t\u00e9s apaisantes et adoucissantes.\" \/>\n<meta property=\"og:url\" content=\"https:\/\/paragaleriedetalborjt.com\/en\/boutique\/floxia-gel-nettoyant-douceur-regenia-peau-sensible-200ml\/\" \/>\n<meta property=\"og:site_name\" content=\"paragaleriedetalborjt\" \/>\n<meta property=\"og:image\" content=\"https:\/\/paragaleriedetalborjt.com\/wp-content\/uploads\/2026\/01\/FLOXIA-GEL-NETTOYANT-DOUCEUR-REGENIA-PEAU-SENSIBLE-200ML-600x600-1.jpg\" \/>\n\t<meta property=\"og:image:width\" content=\"600\" \/>\n\t<meta property=\"og:image:height\" content=\"600\" \/>\n\t<meta property=\"og:image:type\" content=\"image\/jpeg\" \/>\n<meta name=\"twitter:card\" content=\"summary_large_image\" \/>\n<meta name=\"twitter:label1\" content=\"Est. reading time\" \/>\n\t<meta name=\"twitter:data1\" content=\"1 minute\" \/>\n<script type=\"application\/ld+json\" class=\"yoast-schema-graph\">{\"@context\":\"https:\/\/schema.org\",\"@graph\":[{\"@type\":\"WebPage\",\"@id\":\"https:\/\/paragaleriedetalborjt.com\/boutique\/floxia-gel-nettoyant-douceur-regenia-peau-sensible-200ml\/\",\"url\":\"https:\/\/paragaleriedetalborjt.com\/boutique\/floxia-gel-nettoyant-douceur-regenia-peau-sensible-200ml\/\",\"name\":\"FLOXIA GEL NETTOYANT DOUCEUR REGENIA PEAU SENSIBLE 200ML - paragaleriedetalborjt\",\"isPartOf\":{\"@id\":\"https:\/\/paragaleriedetalborjt.com\/#website\"},\"primaryImageOfPage\":{\"@id\":\"https:\/\/paragaleriedetalborjt.com\/boutique\/floxia-gel-nettoyant-douceur-regenia-peau-sensible-200ml\/#primaryimage\"},\"image\":{\"@id\":\"https:\/\/paragaleriedetalborjt.com\/boutique\/floxia-gel-nettoyant-douceur-regenia-peau-sensible-200ml\/#primaryimage\"},\"thumbnailUrl\":\"https:\/\/paragaleriedetalborjt.com\/wp-content\/uploads\/2026\/01\/FLOXIA-GEL-NETTOYANT-DOUCEUR-REGENIA-PEAU-SENSIBLE-200ML-600x600-1.jpg\",\"datePublished\":\"2026-01-03T21:21:51+00:00\",\"breadcrumb\":{\"@id\":\"https:\/\/paragaleriedetalborjt.com\/boutique\/floxia-gel-nettoyant-douceur-regenia-peau-sensible-200ml\/#breadcrumb\"},\"inLanguage\":\"en-US\",\"potentialAction\":[{\"@type\":\"ReadAction\",\"target\":[\"https:\/\/paragaleriedetalborjt.com\/boutique\/floxia-gel-nettoyant-douceur-regenia-peau-sensible-200ml\/\"]}]},{\"@type\":\"ImageObject\",\"inLanguage\":\"en-US\",\"@id\":\"https:\/\/paragaleriedetalborjt.com\/boutique\/floxia-gel-nettoyant-douceur-regenia-peau-sensible-200ml\/#primaryimage\",\"url\":\"https:\/\/paragaleriedetalborjt.com\/wp-content\/uploads\/2026\/01\/FLOXIA-GEL-NETTOYANT-DOUCEUR-REGENIA-PEAU-SENSIBLE-200ML-600x600-1.jpg\",\"contentUrl\":\"https:\/\/paragaleriedetalborjt.com\/wp-content\/uploads\/2026\/01\/FLOXIA-GEL-NETTOYANT-DOUCEUR-REGENIA-PEAU-SENSIBLE-200ML-600x600-1.jpg\",\"width\":600,\"height\":600},{\"@type\":\"BreadcrumbList\",\"@id\":\"https:\/\/paragaleriedetalborjt.com\/boutique\/floxia-gel-nettoyant-douceur-regenia-peau-sensible-200ml\/#breadcrumb\",\"itemListElement\":[{\"@type\":\"ListItem\",\"position\":1,\"name\":\"Accueil\",\"item\":\"https:\/\/paragaleriedetalborjt.com\/\"},{\"@type\":\"ListItem\",\"position\":2,\"name\":\"Boutique\",\"item\":\"https:\/\/paragaleriedetalborjt.com\/boutique\/\"},{\"@type\":\"ListItem\",\"position\":3,\"name\":\"FLOXIA GEL NETTOYANT DOUCEUR REGENIA PEAU SENSIBLE 200ML\"}]},{\"@type\":\"WebSite\",\"@id\":\"https:\/\/paragaleriedetalborjt.com\/#website\",\"url\":\"https:\/\/paragaleriedetalborjt.com\/\",\"name\":\"paragaleriedetalborjt\",\"description\":\"\",\"potentialAction\":[{\"@type\":\"SearchAction\",\"target\":{\"@type\":\"EntryPoint\",\"urlTemplate\":\"https:\/\/paragaleriedetalborjt.com\/?s={search_term_string}\"},\"query-input\":{\"@type\":\"PropertyValueSpecification\",\"valueRequired\":true,\"valueName\":\"search_term_string\"}}],\"inLanguage\":\"en-US\"}]}<\/script>\n<!-- \/ Yoast SEO plugin. -->","yoast_head_json":{"title":"FLOXIA GEL NETTOYANT DOUCEUR REGENIA PEAU SENSIBLE 200ML - paragaleriedetalborjt","robots":{"index":"index","follow":"follow","max-snippet":"max-snippet:-1","max-image-preview":"max-image-preview:large","max-video-preview":"max-video-preview:-1"},"canonical":"https:\/\/paragaleriedetalborjt.com\/en\/boutique\/floxia-gel-nettoyant-douceur-regenia-peau-sensible-200ml\/","og_locale":"en_US","og_type":"article","og_title":"FLOXIA GEL NETTOYANT DOUCEUR REGENIA PEAU SENSIBLE 200ML - paragaleriedetalborjt","og_description":"Highlights:Le Gel Nettoyant Douceur prot\u00e8ge et apaise tout en respectant l\u2019\u00e9piderme fragile de votre peau. Sa formule, est enrichie en Aloe vera pour ses propri\u00e9t\u00e9s apaisantes et adoucissantes.","og_url":"https:\/\/paragaleriedetalborjt.com\/en\/boutique\/floxia-gel-nettoyant-douceur-regenia-peau-sensible-200ml\/","og_site_name":"paragaleriedetalborjt","og_image":[{"width":600,"height":600,"url":"https:\/\/paragaleriedetalborjt.com\/wp-content\/uploads\/2026\/01\/FLOXIA-GEL-NETTOYANT-DOUCEUR-REGENIA-PEAU-SENSIBLE-200ML-600x600-1.jpg","type":"image\/jpeg"}],"twitter_card":"summary_large_image","twitter_misc":{"Est. reading time":"1 minute"},"schema":{"@context":"https:\/\/schema.org","@graph":[{"@type":"WebPage","@id":"https:\/\/paragaleriedetalborjt.com\/boutique\/floxia-gel-nettoyant-douceur-regenia-peau-sensible-200ml\/","url":"https:\/\/paragaleriedetalborjt.com\/boutique\/floxia-gel-nettoyant-douceur-regenia-peau-sensible-200ml\/","name":"FLOXIA GEL NETTOYANT DOUCEUR REGENIA PEAU SENSIBLE 200ML - paragaleriedetalborjt","isPartOf":{"@id":"https:\/\/paragaleriedetalborjt.com\/#website"},"primaryImageOfPage":{"@id":"https:\/\/paragaleriedetalborjt.com\/boutique\/floxia-gel-nettoyant-douceur-regenia-peau-sensible-200ml\/#primaryimage"},"image":{"@id":"https:\/\/paragaleriedetalborjt.com\/boutique\/floxia-gel-nettoyant-douceur-regenia-peau-sensible-200ml\/#primaryimage"},"thumbnailUrl":"https:\/\/paragaleriedetalborjt.com\/wp-content\/uploads\/2026\/01\/FLOXIA-GEL-NETTOYANT-DOUCEUR-REGENIA-PEAU-SENSIBLE-200ML-600x600-1.jpg","datePublished":"2026-01-03T21:21:51+00:00","breadcrumb":{"@id":"https:\/\/paragaleriedetalborjt.com\/boutique\/floxia-gel-nettoyant-douceur-regenia-peau-sensible-200ml\/#breadcrumb"},"inLanguage":"en-US","potentialAction":[{"@type":"ReadAction","target":["https:\/\/paragaleriedetalborjt.com\/boutique\/floxia-gel-nettoyant-douceur-regenia-peau-sensible-200ml\/"]}]},{"@type":"ImageObject","inLanguage":"en-US","@id":"https:\/\/paragaleriedetalborjt.com\/boutique\/floxia-gel-nettoyant-douceur-regenia-peau-sensible-200ml\/#primaryimage","url":"https:\/\/paragaleriedetalborjt.com\/wp-content\/uploads\/2026\/01\/FLOXIA-GEL-NETTOYANT-DOUCEUR-REGENIA-PEAU-SENSIBLE-200ML-600x600-1.jpg","contentUrl":"https:\/\/paragaleriedetalborjt.com\/wp-content\/uploads\/2026\/01\/FLOXIA-GEL-NETTOYANT-DOUCEUR-REGENIA-PEAU-SENSIBLE-200ML-600x600-1.jpg","width":600,"height":600},{"@type":"BreadcrumbList","@id":"https:\/\/paragaleriedetalborjt.com\/boutique\/floxia-gel-nettoyant-douceur-regenia-peau-sensible-200ml\/#breadcrumb","itemListElement":[{"@type":"ListItem","position":1,"name":"Accueil","item":"https:\/\/paragaleriedetalborjt.com\/"},{"@type":"ListItem","position":2,"name":"Boutique","item":"https:\/\/paragaleriedetalborjt.com\/boutique\/"},{"@type":"ListItem","position":3,"name":"FLOXIA GEL NETTOYANT DOUCEUR REGENIA PEAU SENSIBLE 200ML"}]},{"@type":"WebSite","@id":"https:\/\/paragaleriedetalborjt.com\/#website","url":"https:\/\/paragaleriedetalborjt.com\/","name":"paragaleriedetalborjt","description":"","potentialAction":[{"@type":"SearchAction","target":{"@type":"EntryPoint","urlTemplate":"https:\/\/paragaleriedetalborjt.com\/?s={search_term_string}"},"query-input":{"@type":"PropertyValueSpecification","valueRequired":true,"valueName":"search_term_string"}}],"inLanguage":"en-US"}]}},"brands":[{"id":2078,"name":"FLOXIA","slug":"floxia"}],"_links":{"self":[{"href":"https:\/\/paragaleriedetalborjt.com\/en\/wp-json\/wp\/v2\/product\/43679","targetHints":{"allow":["GET"]}}],"collection":[{"href":"https:\/\/paragaleriedetalborjt.com\/en\/wp-json\/wp\/v2\/product"}],"about":[{"href":"https:\/\/paragaleriedetalborjt.com\/en\/wp-json\/wp\/v2\/types\/product"}],"replies":[{"embeddable":true,"href":"https:\/\/paragaleriedetalborjt.com\/en\/wp-json\/wp\/v2\/comments?post=43679"}],"version-history":[{"count":1,"href":"https:\/\/paragaleriedetalborjt.com\/en\/wp-json\/wp\/v2\/product\/43679\/revisions"}],"predecessor-version":[{"id":43681,"href":"https:\/\/paragaleriedetalborjt.com\/en\/wp-json\/wp\/v2\/product\/43679\/revisions\/43681"}],"wp:featuredmedia":[{"embeddable":true,"href":"https:\/\/paragaleriedetalborjt.com\/en\/wp-json\/wp\/v2\/media\/43680"}],"wp:attachment":[{"href":"https:\/\/paragaleriedetalborjt.com\/en\/wp-json\/wp\/v2\/media?parent=43679"}],"wp:term":[{"taxonomy":"pwb-brand","embeddable":true,"href":"https:\/\/paragaleriedetalborjt.com\/en\/wp-json\/wp\/v2\/pwb-brand?post=43679"},{"taxonomy":"product_cat","embeddable":true,"href":"https:\/\/paragaleriedetalborjt.com\/en\/wp-json\/wp\/v2\/product_cat?post=43679"},{"taxonomy":"product_tag","embeddable":true,"href":"https:\/\/paragaleriedetalborjt.com\/en\/wp-json\/wp\/v2\/product_tag?post=43679"}],"curies":[{"name":"wp","href":"https:\/\/api.w.org\/{rel}","templated":true}]}}