{"id":43670,"date":"2026-01-03T22:21:29","date_gmt":"2026-01-03T21:21:29","guid":{"rendered":"https:\/\/paragaleriedetalborjt.com\/?post_type=product&#038;p=43670"},"modified":"2026-01-03T22:21:29","modified_gmt":"2026-01-03T21:21:29","slug":"floxia-ecran-emulsion-invisible-spf50","status":"publish","type":"product","link":"https:\/\/paragaleriedetalborjt.com\/en\/boutique\/floxia-ecran-emulsion-invisible-spf50\/","title":{"rendered":"Floxia Ecran emulsion invisible spf50"},"content":{"rendered":"<div aria-labelledby=\"tab-title-description\" class=\"woocommerce-Tabs-panel woocommerce-Tabs-panel--description panel entry-content wc-tab\" id=\"tab-description\" role=\"tabpanel\" style=\"\">\n<h2>Description<\/h2>\n<p>Cette nouvelle formule cr\u00e8me solaire SPF50 protection organo-min\u00e9rale, prot\u00e8ge des effets des rayonnements UVA et UVB tout en gardant une peau douce, gr\u00e2ce \u00e0 la pr\u00e9sence de 5 filtres, de plusieurs actifs aux propri\u00e9t\u00e9s nourrissantes et d\u2019une texture hydratante.<\/p>\n<p>Texture non grasse, incolore une fois appliqu\u00e9. Ne laisse pas de film gras et pas de traces blanches. R\u00e9sistant \u00e0 l\u2019eau, Sans Parfum, Sans Parab\u00e8ne, Sans Huile Min\u00e9rale.<\/p>\n<h5 class=\"et_pb_toggle_title\">Le conseil d\u2019utilisation<\/h5>\n<div class=\"et_pb_toggle_content clearfix\">\n<p>Appliquer sur le corps et le visage avant l\u2019exposition au soleil. Renouveler fr\u00e9quemment l\u2019application, et en particulier apr\u00e8s avoir nag\u00e9, transpir\u00e9 ou s\u2019\u00eatre essuy\u00e9. M\u00eame avec une protection solaire aussi forte, \u00e9viter l\u2019exposition entre 12h et 16h. Ne convient pas aux enfants de moins de 3 ans. Ne pas exposer b\u00e9b\u00e9s et jeunes enfants directement au soleil. \u00c9viter le contact avec les yeux.<\/p>\n<\/div>\n<\/div>","protected":false},"excerpt":{"rendered":"<p>Highlights:Cette nouvelle formule cr\u00e8me solaire SPF50 protection organo-min\u00e9rale, prot\u00e8ge des effets des rayonnements UVA et UVB tout en gardant une peau douce, gr\u00e2ce \u00e0 la pr\u00e9sence de 5 filtres, de plusieurs actifs aux propri\u00e9t\u00e9s nourrissantes et d\u2019une texture hydratante.Texture non grasse, incolore une fois appliqu\u00e9. Ne laisse pas de film gras et pas de traces blanches. R\u00e9sistant \u00e0 l\u2019eau, Sans Parfum, Sans Parab\u00e8ne, Sans Huile Min\u00e9rale.<\/p>","protected":false},"featured_media":43671,"comment_status":"open","ping_status":"closed","template":"","meta":[],"pwb-brand":[2078],"product_cat":[16],"product_tag":[],"class_list":{"0":"post-43670","1":"product","2":"type-product","3":"status-publish","4":"has-post-thumbnail","6":"pwb-brand-floxia","7":"product_cat-non-classe","8":"pa_brands-floxia","10":"first","11":"instock","12":"sale","13":"shipping-taxable","14":"purchasable","15":"product-type-simple"},"yoast_head":"<!-- This site is optimized with the Yoast SEO plugin v26.9 - https:\/\/yoast.com\/product\/yoast-seo-wordpress\/ -->\n<title>Floxia Ecran emulsion invisible spf50 - paragaleriedetalborjt<\/title>\n<meta name=\"robots\" content=\"index, follow, max-snippet:-1, max-image-preview:large, max-video-preview:-1\" \/>\n<link rel=\"canonical\" href=\"https:\/\/paragaleriedetalborjt.com\/en\/boutique\/floxia-ecran-emulsion-invisible-spf50\/\" \/>\n<meta property=\"og:locale\" content=\"en_US\" \/>\n<meta property=\"og:type\" content=\"article\" \/>\n<meta property=\"og:title\" content=\"Floxia Ecran emulsion invisible spf50 - paragaleriedetalborjt\" \/>\n<meta property=\"og:description\" content=\"Highlights:Cette nouvelle formule cr\u00e8me solaire SPF50 protection organo-min\u00e9rale, prot\u00e8ge des effets des rayonnements UVA et UVB tout en gardant une peau douce, gr\u00e2ce \u00e0 la pr\u00e9sence de 5 filtres, de plusieurs actifs aux propri\u00e9t\u00e9s nourrissantes et d\u2019une texture hydratante.Texture non grasse, incolore une fois appliqu\u00e9. Ne laisse pas de film gras et pas de traces blanches. R\u00e9sistant \u00e0 l\u2019eau, Sans Parfum, Sans Parab\u00e8ne, Sans Huile Min\u00e9rale.\" \/>\n<meta property=\"og:url\" content=\"https:\/\/paragaleriedetalborjt.com\/en\/boutique\/floxia-ecran-emulsion-invisible-spf50\/\" \/>\n<meta property=\"og:site_name\" content=\"paragaleriedetalborjt\" \/>\n<meta property=\"og:image\" content=\"https:\/\/paragaleriedetalborjt.com\/wp-content\/uploads\/2026\/01\/Floxia-Ecran-emulsion-invisible-spf50-600x600-1.jpg\" \/>\n\t<meta property=\"og:image:width\" content=\"600\" \/>\n\t<meta property=\"og:image:height\" content=\"600\" \/>\n\t<meta property=\"og:image:type\" content=\"image\/jpeg\" \/>\n<meta name=\"twitter:card\" content=\"summary_large_image\" \/>\n<meta name=\"twitter:label1\" content=\"Est. reading time\" \/>\n\t<meta name=\"twitter:data1\" content=\"1 minute\" \/>\n<script type=\"application\/ld+json\" class=\"yoast-schema-graph\">{\"@context\":\"https:\/\/schema.org\",\"@graph\":[{\"@type\":\"WebPage\",\"@id\":\"https:\/\/paragaleriedetalborjt.com\/boutique\/floxia-ecran-emulsion-invisible-spf50\/\",\"url\":\"https:\/\/paragaleriedetalborjt.com\/boutique\/floxia-ecran-emulsion-invisible-spf50\/\",\"name\":\"Floxia Ecran emulsion invisible spf50 - paragaleriedetalborjt\",\"isPartOf\":{\"@id\":\"https:\/\/paragaleriedetalborjt.com\/#website\"},\"primaryImageOfPage\":{\"@id\":\"https:\/\/paragaleriedetalborjt.com\/boutique\/floxia-ecran-emulsion-invisible-spf50\/#primaryimage\"},\"image\":{\"@id\":\"https:\/\/paragaleriedetalborjt.com\/boutique\/floxia-ecran-emulsion-invisible-spf50\/#primaryimage\"},\"thumbnailUrl\":\"https:\/\/paragaleriedetalborjt.com\/wp-content\/uploads\/2026\/01\/Floxia-Ecran-emulsion-invisible-spf50-600x600-1.jpg\",\"datePublished\":\"2026-01-03T21:21:29+00:00\",\"breadcrumb\":{\"@id\":\"https:\/\/paragaleriedetalborjt.com\/boutique\/floxia-ecran-emulsion-invisible-spf50\/#breadcrumb\"},\"inLanguage\":\"en-US\",\"potentialAction\":[{\"@type\":\"ReadAction\",\"target\":[\"https:\/\/paragaleriedetalborjt.com\/boutique\/floxia-ecran-emulsion-invisible-spf50\/\"]}]},{\"@type\":\"ImageObject\",\"inLanguage\":\"en-US\",\"@id\":\"https:\/\/paragaleriedetalborjt.com\/boutique\/floxia-ecran-emulsion-invisible-spf50\/#primaryimage\",\"url\":\"https:\/\/paragaleriedetalborjt.com\/wp-content\/uploads\/2026\/01\/Floxia-Ecran-emulsion-invisible-spf50-600x600-1.jpg\",\"contentUrl\":\"https:\/\/paragaleriedetalborjt.com\/wp-content\/uploads\/2026\/01\/Floxia-Ecran-emulsion-invisible-spf50-600x600-1.jpg\",\"width\":600,\"height\":600},{\"@type\":\"BreadcrumbList\",\"@id\":\"https:\/\/paragaleriedetalborjt.com\/boutique\/floxia-ecran-emulsion-invisible-spf50\/#breadcrumb\",\"itemListElement\":[{\"@type\":\"ListItem\",\"position\":1,\"name\":\"Accueil\",\"item\":\"https:\/\/paragaleriedetalborjt.com\/\"},{\"@type\":\"ListItem\",\"position\":2,\"name\":\"Boutique\",\"item\":\"https:\/\/paragaleriedetalborjt.com\/boutique\/\"},{\"@type\":\"ListItem\",\"position\":3,\"name\":\"Floxia Ecran emulsion invisible spf50\"}]},{\"@type\":\"WebSite\",\"@id\":\"https:\/\/paragaleriedetalborjt.com\/#website\",\"url\":\"https:\/\/paragaleriedetalborjt.com\/\",\"name\":\"paragaleriedetalborjt\",\"description\":\"\",\"potentialAction\":[{\"@type\":\"SearchAction\",\"target\":{\"@type\":\"EntryPoint\",\"urlTemplate\":\"https:\/\/paragaleriedetalborjt.com\/?s={search_term_string}\"},\"query-input\":{\"@type\":\"PropertyValueSpecification\",\"valueRequired\":true,\"valueName\":\"search_term_string\"}}],\"inLanguage\":\"en-US\"}]}<\/script>\n<!-- \/ Yoast SEO plugin. -->","yoast_head_json":{"title":"Floxia Ecran emulsion invisible spf50 - paragaleriedetalborjt","robots":{"index":"index","follow":"follow","max-snippet":"max-snippet:-1","max-image-preview":"max-image-preview:large","max-video-preview":"max-video-preview:-1"},"canonical":"https:\/\/paragaleriedetalborjt.com\/en\/boutique\/floxia-ecran-emulsion-invisible-spf50\/","og_locale":"en_US","og_type":"article","og_title":"Floxia Ecran emulsion invisible spf50 - paragaleriedetalborjt","og_description":"Highlights:Cette nouvelle formule cr\u00e8me solaire SPF50 protection organo-min\u00e9rale, prot\u00e8ge des effets des rayonnements UVA et UVB tout en gardant une peau douce, gr\u00e2ce \u00e0 la pr\u00e9sence de 5 filtres, de plusieurs actifs aux propri\u00e9t\u00e9s nourrissantes et d\u2019une texture hydratante.Texture non grasse, incolore une fois appliqu\u00e9. Ne laisse pas de film gras et pas de traces blanches. R\u00e9sistant \u00e0 l\u2019eau, Sans Parfum, Sans Parab\u00e8ne, Sans Huile Min\u00e9rale.","og_url":"https:\/\/paragaleriedetalborjt.com\/en\/boutique\/floxia-ecran-emulsion-invisible-spf50\/","og_site_name":"paragaleriedetalborjt","og_image":[{"width":600,"height":600,"url":"https:\/\/paragaleriedetalborjt.com\/wp-content\/uploads\/2026\/01\/Floxia-Ecran-emulsion-invisible-spf50-600x600-1.jpg","type":"image\/jpeg"}],"twitter_card":"summary_large_image","twitter_misc":{"Est. reading time":"1 minute"},"schema":{"@context":"https:\/\/schema.org","@graph":[{"@type":"WebPage","@id":"https:\/\/paragaleriedetalborjt.com\/boutique\/floxia-ecran-emulsion-invisible-spf50\/","url":"https:\/\/paragaleriedetalborjt.com\/boutique\/floxia-ecran-emulsion-invisible-spf50\/","name":"Floxia Ecran emulsion invisible spf50 - paragaleriedetalborjt","isPartOf":{"@id":"https:\/\/paragaleriedetalborjt.com\/#website"},"primaryImageOfPage":{"@id":"https:\/\/paragaleriedetalborjt.com\/boutique\/floxia-ecran-emulsion-invisible-spf50\/#primaryimage"},"image":{"@id":"https:\/\/paragaleriedetalborjt.com\/boutique\/floxia-ecran-emulsion-invisible-spf50\/#primaryimage"},"thumbnailUrl":"https:\/\/paragaleriedetalborjt.com\/wp-content\/uploads\/2026\/01\/Floxia-Ecran-emulsion-invisible-spf50-600x600-1.jpg","datePublished":"2026-01-03T21:21:29+00:00","breadcrumb":{"@id":"https:\/\/paragaleriedetalborjt.com\/boutique\/floxia-ecran-emulsion-invisible-spf50\/#breadcrumb"},"inLanguage":"en-US","potentialAction":[{"@type":"ReadAction","target":["https:\/\/paragaleriedetalborjt.com\/boutique\/floxia-ecran-emulsion-invisible-spf50\/"]}]},{"@type":"ImageObject","inLanguage":"en-US","@id":"https:\/\/paragaleriedetalborjt.com\/boutique\/floxia-ecran-emulsion-invisible-spf50\/#primaryimage","url":"https:\/\/paragaleriedetalborjt.com\/wp-content\/uploads\/2026\/01\/Floxia-Ecran-emulsion-invisible-spf50-600x600-1.jpg","contentUrl":"https:\/\/paragaleriedetalborjt.com\/wp-content\/uploads\/2026\/01\/Floxia-Ecran-emulsion-invisible-spf50-600x600-1.jpg","width":600,"height":600},{"@type":"BreadcrumbList","@id":"https:\/\/paragaleriedetalborjt.com\/boutique\/floxia-ecran-emulsion-invisible-spf50\/#breadcrumb","itemListElement":[{"@type":"ListItem","position":1,"name":"Accueil","item":"https:\/\/paragaleriedetalborjt.com\/"},{"@type":"ListItem","position":2,"name":"Boutique","item":"https:\/\/paragaleriedetalborjt.com\/boutique\/"},{"@type":"ListItem","position":3,"name":"Floxia Ecran emulsion invisible spf50"}]},{"@type":"WebSite","@id":"https:\/\/paragaleriedetalborjt.com\/#website","url":"https:\/\/paragaleriedetalborjt.com\/","name":"paragaleriedetalborjt","description":"","potentialAction":[{"@type":"SearchAction","target":{"@type":"EntryPoint","urlTemplate":"https:\/\/paragaleriedetalborjt.com\/?s={search_term_string}"},"query-input":{"@type":"PropertyValueSpecification","valueRequired":true,"valueName":"search_term_string"}}],"inLanguage":"en-US"}]}},"brands":[{"id":2078,"name":"FLOXIA","slug":"floxia"}],"_links":{"self":[{"href":"https:\/\/paragaleriedetalborjt.com\/en\/wp-json\/wp\/v2\/product\/43670","targetHints":{"allow":["GET"]}}],"collection":[{"href":"https:\/\/paragaleriedetalborjt.com\/en\/wp-json\/wp\/v2\/product"}],"about":[{"href":"https:\/\/paragaleriedetalborjt.com\/en\/wp-json\/wp\/v2\/types\/product"}],"replies":[{"embeddable":true,"href":"https:\/\/paragaleriedetalborjt.com\/en\/wp-json\/wp\/v2\/comments?post=43670"}],"version-history":[{"count":1,"href":"https:\/\/paragaleriedetalborjt.com\/en\/wp-json\/wp\/v2\/product\/43670\/revisions"}],"predecessor-version":[{"id":43672,"href":"https:\/\/paragaleriedetalborjt.com\/en\/wp-json\/wp\/v2\/product\/43670\/revisions\/43672"}],"wp:featuredmedia":[{"embeddable":true,"href":"https:\/\/paragaleriedetalborjt.com\/en\/wp-json\/wp\/v2\/media\/43671"}],"wp:attachment":[{"href":"https:\/\/paragaleriedetalborjt.com\/en\/wp-json\/wp\/v2\/media?parent=43670"}],"wp:term":[{"taxonomy":"pwb-brand","embeddable":true,"href":"https:\/\/paragaleriedetalborjt.com\/en\/wp-json\/wp\/v2\/pwb-brand?post=43670"},{"taxonomy":"product_cat","embeddable":true,"href":"https:\/\/paragaleriedetalborjt.com\/en\/wp-json\/wp\/v2\/product_cat?post=43670"},{"taxonomy":"product_tag","embeddable":true,"href":"https:\/\/paragaleriedetalborjt.com\/en\/wp-json\/wp\/v2\/product_tag?post=43670"}],"curies":[{"name":"wp","href":"https:\/\/api.w.org\/{rel}","templated":true}]}}