{"id":43520,"date":"2026-01-03T22:15:40","date_gmt":"2026-01-03T21:15:40","guid":{"rendered":"https:\/\/paragaleriedetalborjt.com\/?post_type=product&#038;p=43520"},"modified":"2026-01-03T22:15:40","modified_gmt":"2026-01-03T21:15:40","slug":"lierac-sunissime-lait-protecteur-spf50-anti-age-global-corps-150ml","status":"publish","type":"product","link":"https:\/\/paragaleriedetalborjt.com\/en\/boutique\/lierac-sunissime-lait-protecteur-spf50-anti-age-global-corps-150ml\/","title":{"rendered":"LIERAC SUNISSIME LAIT PROTECTEUR SPF50 Anti-\u00e2ge Global Corps 150ml"},"content":{"rendered":"<div aria-labelledby=\"tab-title-description\" class=\"woocommerce-Tabs-panel woocommerce-Tabs-panel--description panel entry-content wc-tab\" id=\"tab-description\" role=\"tabpanel\" style=\"\">\n<h2>Description<\/h2>\n<div>\n<div><b>COMPLEXE GLOBAL PROTECT &amp; ENERGY:<\/b><\/div>\n<div><\/div>\n<div><b>PROTECTION SPECTRE GLOBAL<\/b>\u00a0[UVA, UVB, Infrarouges et Lumi\u00e8re visible]<\/div>\n<div>Syst\u00e8me filtrant brevet\u00e9 (UVA\/UVB) + flavono\u00efdes \u00a0v\u00e9g\u00e9taux (IR) + m\u00e9lanine fractionn\u00e9e (LV) : prot\u00e8ge la peau des signes visibles du photoveillissement: rides, perte de fermet\u00e9 et taches<\/div>\n<div><\/div>\n<div><b>PRO TAURINE\u00a0<\/b><\/div>\n<div>Elle capture les radicaux libres dus aux rayons UV pour se transformer en taurine : la barri\u00e8re de la peau est renforc\u00e9e**, le renouvellement cellulaire stimul\u00e9**, l\u2019hydratation cellulaire activ\u00e9e** : peau de meilleure qualit\u00e9, hydrat\u00e9e, fortifi\u00e9e, comme \u00e9nergis\u00e9e<\/div>\n<div><\/div>\n<div><b>ACTIFS COMPL\u00c9MENTAIRES :<\/b><\/div>\n<div><\/div>\n<div><b>ACIDE HYALURONIQUE\u00a0<\/b><\/div>\n<div>Il forme un film protecteur sur la peau qui garantit un effet r\u00e9hydratant intense : la peau est lisse, repulp\u00e9e et intens\u00e9ment r\u00e9hydrat\u00e9e<\/div>\n<div><\/div>\n<div><b>PEPTIDE ACTIVATEUR DE BRONZAGE\u00a0<\/b><\/div>\n<div>Il active la production de m\u00e9lanine, pour un bronzage intense<\/div>\n<div><\/div>\n<div><b>TEXTURE ACTIVE<\/b><\/div>\n<div>Sa texture active au parfum ensoleill\u00e9 &amp; addictif forme un film protecteur imperceptible, pour une protection instantan\u00e9e de la barri\u00e8re cutan\u00e9e. Extra-fine, elle se fond dans la peau pour un fini invisible.<\/div>\n<\/div>\n<div><\/div>\n<div><strong><strong>Conseils d\u2019Utilisation : <\/strong> <\/strong><\/div>\n<div>\n<div class=\"block\" data-id=\"38\" data-layout-rbs-catalog-product=\"\" data-name=\"Rbs_Catalog_Product\" data-rbs-block-container=\"38\" data-type=\"block\">\n<div class=\"product-details product-details-tabs GAMML0032\" data-block-id=\"38\" data-cache-key=\"38\" data-ng-controller=\"RbsCatalogSimpleProductController\">\n<div class=\"container product-details-container\">\n<div class=\"tabs informations\">\n<div data-ng-controller=\"RbsCatalogProductInformationController\" data-rbs-catalog-product-information-tabs=\"\">\n<div data-ng-hide=\"false\">\n<div class=\"tab-content\">\n<div class=\"tab-pane fade richtext active in\" data-ng-class=\"\" data-ng-repeat=\"information in specificInformation track by $index\" id=\"block-38-information-tab-1\" role=\"tabpanel\">\n<div data-rbs-attribute-value=\"information\">\n<div class=\"attribute-value-container\">\n<div data-rbs-attribute-value-default=\"\">\n<div class=\"richtext\" data-ng-bind-html=\"attribute.value | rbsTrustHtml\" data-ng-if=\"isHtml()\">\n<div>Avant l\u2019exposition, appliquer g\u00e9n\u00e9reusement le produit sur le corps. Renouveler l\u2019application toutes les 2 heures au minimum. Ne pas rester trop longtemps au soleil. Ne pas exposer les b\u00e9b\u00e9s et les jeunes enfants.<\/div>\n<\/div>\n<\/div>\n<\/div>\n<\/div>\n<\/div>\n<\/div>\n<\/div>\n<\/div>\n<\/div>\n<\/div>\n<\/div>\n<div data-model-name=\"Rbs_Catalog_Product\" data-rbs-track-consulted-document=\"246033\"><\/div>\n<\/div>\n<div class=\"row\" data-grid=\"12\" data-id=\"10\"><\/div>\n<div class=\"row\" data-grid=\"12\" data-id=\"29\">\n<div class=\"col-md-6\" data-id=\"26\">\n<div class=\"block\" data-id=\"54\" data-layout-rbs-website-xhtml-template=\"\" data-name=\"Rbs_Website_XhtmlTemplate\" data-rbs-block-container=\"54\" data-type=\"block\">\n<div class=\"block-1-2 social black\">\n<div class=\"img-container\"><\/div>\n<\/div>\n<\/div>\n<\/div>\n<\/div>\n<\/div>\n<div><\/div>\n<div><\/div>\n<\/div>\n","protected":false},"excerpt":{"rendered":"<p>Highlights:La 1\u00e8re gamme solaire anti-\u00e2ge* qui prot\u00e8ge du spectre global tout en \u00e9nergisant la peau.<\/p>","protected":false},"featured_media":43521,"comment_status":"open","ping_status":"closed","template":"","meta":[],"pwb-brand":[2130],"product_cat":[16],"product_tag":[],"class_list":{"0":"post-43520","1":"product","2":"type-product","3":"status-publish","4":"has-post-thumbnail","6":"pwb-brand-lierac","7":"product_cat-non-classe","8":"pa_brands-lierac","10":"first","11":"instock","12":"sale","13":"shipping-taxable","14":"purchasable","15":"product-type-simple"},"yoast_head":"<!-- This site is optimized with the Yoast SEO plugin v26.9 - https:\/\/yoast.com\/product\/yoast-seo-wordpress\/ -->\n<title>LIERAC SUNISSIME LAIT PROTECTEUR SPF50 Anti-\u00e2ge Global Corps 150ml - paragaleriedetalborjt<\/title>\n<meta name=\"robots\" content=\"index, follow, max-snippet:-1, max-image-preview:large, max-video-preview:-1\" \/>\n<link rel=\"canonical\" href=\"https:\/\/paragaleriedetalborjt.com\/en\/boutique\/lierac-sunissime-lait-protecteur-spf50-anti-age-global-corps-150ml\/\" \/>\n<meta property=\"og:locale\" content=\"en_US\" \/>\n<meta property=\"og:type\" content=\"article\" \/>\n<meta property=\"og:title\" content=\"LIERAC SUNISSIME LAIT PROTECTEUR SPF50 Anti-\u00e2ge Global Corps 150ml - paragaleriedetalborjt\" \/>\n<meta property=\"og:description\" content=\"Highlights:La 1\u00e8re gamme solaire anti-\u00e2ge* qui prot\u00e8ge du spectre global tout en \u00e9nergisant la peau.\" \/>\n<meta property=\"og:url\" content=\"https:\/\/paragaleriedetalborjt.com\/en\/boutique\/lierac-sunissime-lait-protecteur-spf50-anti-age-global-corps-150ml\/\" \/>\n<meta property=\"og:site_name\" content=\"paragaleriedetalborjt\" \/>\n<meta property=\"og:image\" content=\"https:\/\/paragaleriedetalborjt.com\/wp-content\/uploads\/2026\/01\/5d35e11a7485c_lierac_lait_protecteur_spf50.jpg\" \/>\n\t<meta property=\"og:image:width\" content=\"595\" \/>\n\t<meta property=\"og:image:height\" content=\"655\" \/>\n\t<meta property=\"og:image:type\" content=\"image\/jpeg\" \/>\n<meta name=\"twitter:card\" content=\"summary_large_image\" \/>\n<meta name=\"twitter:label1\" content=\"Est. reading time\" \/>\n\t<meta name=\"twitter:data1\" content=\"1 minute\" \/>\n<script type=\"application\/ld+json\" class=\"yoast-schema-graph\">{\"@context\":\"https:\/\/schema.org\",\"@graph\":[{\"@type\":\"WebPage\",\"@id\":\"https:\/\/paragaleriedetalborjt.com\/boutique\/lierac-sunissime-lait-protecteur-spf50-anti-age-global-corps-150ml\/\",\"url\":\"https:\/\/paragaleriedetalborjt.com\/boutique\/lierac-sunissime-lait-protecteur-spf50-anti-age-global-corps-150ml\/\",\"name\":\"LIERAC SUNISSIME LAIT PROTECTEUR SPF50 Anti-\u00e2ge Global Corps 150ml - paragaleriedetalborjt\",\"isPartOf\":{\"@id\":\"https:\/\/paragaleriedetalborjt.com\/#website\"},\"primaryImageOfPage\":{\"@id\":\"https:\/\/paragaleriedetalborjt.com\/boutique\/lierac-sunissime-lait-protecteur-spf50-anti-age-global-corps-150ml\/#primaryimage\"},\"image\":{\"@id\":\"https:\/\/paragaleriedetalborjt.com\/boutique\/lierac-sunissime-lait-protecteur-spf50-anti-age-global-corps-150ml\/#primaryimage\"},\"thumbnailUrl\":\"https:\/\/paragaleriedetalborjt.com\/wp-content\/uploads\/2026\/01\/5d35e11a7485c_lierac_lait_protecteur_spf50.jpg\",\"datePublished\":\"2026-01-03T21:15:40+00:00\",\"breadcrumb\":{\"@id\":\"https:\/\/paragaleriedetalborjt.com\/boutique\/lierac-sunissime-lait-protecteur-spf50-anti-age-global-corps-150ml\/#breadcrumb\"},\"inLanguage\":\"en-US\",\"potentialAction\":[{\"@type\":\"ReadAction\",\"target\":[\"https:\/\/paragaleriedetalborjt.com\/boutique\/lierac-sunissime-lait-protecteur-spf50-anti-age-global-corps-150ml\/\"]}]},{\"@type\":\"ImageObject\",\"inLanguage\":\"en-US\",\"@id\":\"https:\/\/paragaleriedetalborjt.com\/boutique\/lierac-sunissime-lait-protecteur-spf50-anti-age-global-corps-150ml\/#primaryimage\",\"url\":\"https:\/\/paragaleriedetalborjt.com\/wp-content\/uploads\/2026\/01\/5d35e11a7485c_lierac_lait_protecteur_spf50.jpg\",\"contentUrl\":\"https:\/\/paragaleriedetalborjt.com\/wp-content\/uploads\/2026\/01\/5d35e11a7485c_lierac_lait_protecteur_spf50.jpg\",\"width\":595,\"height\":655},{\"@type\":\"BreadcrumbList\",\"@id\":\"https:\/\/paragaleriedetalborjt.com\/boutique\/lierac-sunissime-lait-protecteur-spf50-anti-age-global-corps-150ml\/#breadcrumb\",\"itemListElement\":[{\"@type\":\"ListItem\",\"position\":1,\"name\":\"Accueil\",\"item\":\"https:\/\/paragaleriedetalborjt.com\/\"},{\"@type\":\"ListItem\",\"position\":2,\"name\":\"Boutique\",\"item\":\"https:\/\/paragaleriedetalborjt.com\/boutique\/\"},{\"@type\":\"ListItem\",\"position\":3,\"name\":\"LIERAC SUNISSIME LAIT PROTECTEUR SPF50 Anti-\u00e2ge Global Corps 150ml\"}]},{\"@type\":\"WebSite\",\"@id\":\"https:\/\/paragaleriedetalborjt.com\/#website\",\"url\":\"https:\/\/paragaleriedetalborjt.com\/\",\"name\":\"paragaleriedetalborjt\",\"description\":\"\",\"potentialAction\":[{\"@type\":\"SearchAction\",\"target\":{\"@type\":\"EntryPoint\",\"urlTemplate\":\"https:\/\/paragaleriedetalborjt.com\/?s={search_term_string}\"},\"query-input\":{\"@type\":\"PropertyValueSpecification\",\"valueRequired\":true,\"valueName\":\"search_term_string\"}}],\"inLanguage\":\"en-US\"}]}<\/script>\n<!-- \/ Yoast SEO plugin. -->","yoast_head_json":{"title":"LIERAC SUNISSIME LAIT PROTECTEUR SPF50 Anti-\u00e2ge Global Corps 150ml - paragaleriedetalborjt","robots":{"index":"index","follow":"follow","max-snippet":"max-snippet:-1","max-image-preview":"max-image-preview:large","max-video-preview":"max-video-preview:-1"},"canonical":"https:\/\/paragaleriedetalborjt.com\/en\/boutique\/lierac-sunissime-lait-protecteur-spf50-anti-age-global-corps-150ml\/","og_locale":"en_US","og_type":"article","og_title":"LIERAC SUNISSIME LAIT PROTECTEUR SPF50 Anti-\u00e2ge Global Corps 150ml - paragaleriedetalborjt","og_description":"Highlights:La 1\u00e8re gamme solaire anti-\u00e2ge* qui prot\u00e8ge du spectre global tout en \u00e9nergisant la peau.","og_url":"https:\/\/paragaleriedetalborjt.com\/en\/boutique\/lierac-sunissime-lait-protecteur-spf50-anti-age-global-corps-150ml\/","og_site_name":"paragaleriedetalborjt","og_image":[{"width":595,"height":655,"url":"https:\/\/paragaleriedetalborjt.com\/wp-content\/uploads\/2026\/01\/5d35e11a7485c_lierac_lait_protecteur_spf50.jpg","type":"image\/jpeg"}],"twitter_card":"summary_large_image","twitter_misc":{"Est. reading time":"1 minute"},"schema":{"@context":"https:\/\/schema.org","@graph":[{"@type":"WebPage","@id":"https:\/\/paragaleriedetalborjt.com\/boutique\/lierac-sunissime-lait-protecteur-spf50-anti-age-global-corps-150ml\/","url":"https:\/\/paragaleriedetalborjt.com\/boutique\/lierac-sunissime-lait-protecteur-spf50-anti-age-global-corps-150ml\/","name":"LIERAC SUNISSIME LAIT PROTECTEUR SPF50 Anti-\u00e2ge Global Corps 150ml - paragaleriedetalborjt","isPartOf":{"@id":"https:\/\/paragaleriedetalborjt.com\/#website"},"primaryImageOfPage":{"@id":"https:\/\/paragaleriedetalborjt.com\/boutique\/lierac-sunissime-lait-protecteur-spf50-anti-age-global-corps-150ml\/#primaryimage"},"image":{"@id":"https:\/\/paragaleriedetalborjt.com\/boutique\/lierac-sunissime-lait-protecteur-spf50-anti-age-global-corps-150ml\/#primaryimage"},"thumbnailUrl":"https:\/\/paragaleriedetalborjt.com\/wp-content\/uploads\/2026\/01\/5d35e11a7485c_lierac_lait_protecteur_spf50.jpg","datePublished":"2026-01-03T21:15:40+00:00","breadcrumb":{"@id":"https:\/\/paragaleriedetalborjt.com\/boutique\/lierac-sunissime-lait-protecteur-spf50-anti-age-global-corps-150ml\/#breadcrumb"},"inLanguage":"en-US","potentialAction":[{"@type":"ReadAction","target":["https:\/\/paragaleriedetalborjt.com\/boutique\/lierac-sunissime-lait-protecteur-spf50-anti-age-global-corps-150ml\/"]}]},{"@type":"ImageObject","inLanguage":"en-US","@id":"https:\/\/paragaleriedetalborjt.com\/boutique\/lierac-sunissime-lait-protecteur-spf50-anti-age-global-corps-150ml\/#primaryimage","url":"https:\/\/paragaleriedetalborjt.com\/wp-content\/uploads\/2026\/01\/5d35e11a7485c_lierac_lait_protecteur_spf50.jpg","contentUrl":"https:\/\/paragaleriedetalborjt.com\/wp-content\/uploads\/2026\/01\/5d35e11a7485c_lierac_lait_protecteur_spf50.jpg","width":595,"height":655},{"@type":"BreadcrumbList","@id":"https:\/\/paragaleriedetalborjt.com\/boutique\/lierac-sunissime-lait-protecteur-spf50-anti-age-global-corps-150ml\/#breadcrumb","itemListElement":[{"@type":"ListItem","position":1,"name":"Accueil","item":"https:\/\/paragaleriedetalborjt.com\/"},{"@type":"ListItem","position":2,"name":"Boutique","item":"https:\/\/paragaleriedetalborjt.com\/boutique\/"},{"@type":"ListItem","position":3,"name":"LIERAC SUNISSIME LAIT PROTECTEUR SPF50 Anti-\u00e2ge Global Corps 150ml"}]},{"@type":"WebSite","@id":"https:\/\/paragaleriedetalborjt.com\/#website","url":"https:\/\/paragaleriedetalborjt.com\/","name":"paragaleriedetalborjt","description":"","potentialAction":[{"@type":"SearchAction","target":{"@type":"EntryPoint","urlTemplate":"https:\/\/paragaleriedetalborjt.com\/?s={search_term_string}"},"query-input":{"@type":"PropertyValueSpecification","valueRequired":true,"valueName":"search_term_string"}}],"inLanguage":"en-US"}]}},"brands":[{"id":2130,"name":"LIERAC","slug":"lierac"}],"_links":{"self":[{"href":"https:\/\/paragaleriedetalborjt.com\/en\/wp-json\/wp\/v2\/product\/43520","targetHints":{"allow":["GET"]}}],"collection":[{"href":"https:\/\/paragaleriedetalborjt.com\/en\/wp-json\/wp\/v2\/product"}],"about":[{"href":"https:\/\/paragaleriedetalborjt.com\/en\/wp-json\/wp\/v2\/types\/product"}],"replies":[{"embeddable":true,"href":"https:\/\/paragaleriedetalborjt.com\/en\/wp-json\/wp\/v2\/comments?post=43520"}],"version-history":[{"count":1,"href":"https:\/\/paragaleriedetalborjt.com\/en\/wp-json\/wp\/v2\/product\/43520\/revisions"}],"predecessor-version":[{"id":43522,"href":"https:\/\/paragaleriedetalborjt.com\/en\/wp-json\/wp\/v2\/product\/43520\/revisions\/43522"}],"wp:featuredmedia":[{"embeddable":true,"href":"https:\/\/paragaleriedetalborjt.com\/en\/wp-json\/wp\/v2\/media\/43521"}],"wp:attachment":[{"href":"https:\/\/paragaleriedetalborjt.com\/en\/wp-json\/wp\/v2\/media?parent=43520"}],"wp:term":[{"taxonomy":"pwb-brand","embeddable":true,"href":"https:\/\/paragaleriedetalborjt.com\/en\/wp-json\/wp\/v2\/pwb-brand?post=43520"},{"taxonomy":"product_cat","embeddable":true,"href":"https:\/\/paragaleriedetalborjt.com\/en\/wp-json\/wp\/v2\/product_cat?post=43520"},{"taxonomy":"product_tag","embeddable":true,"href":"https:\/\/paragaleriedetalborjt.com\/en\/wp-json\/wp\/v2\/product_tag?post=43520"}],"curies":[{"name":"wp","href":"https:\/\/api.w.org\/{rel}","templated":true}]}}