{"id":43517,"date":"2026-01-03T22:15:33","date_gmt":"2026-01-03T21:15:33","guid":{"rendered":"https:\/\/paragaleriedetalborjt.com\/?post_type=product&#038;p=43517"},"modified":"2026-01-03T22:15:33","modified_gmt":"2026-01-03T21:15:33","slug":"lierac-sunissime-lait-reparateur-rehydratant-anti-age-global-150ml","status":"publish","type":"product","link":"https:\/\/paragaleriedetalborjt.com\/en\/boutique\/lierac-sunissime-lait-reparateur-rehydratant-anti-age-global-150ml\/","title":{"rendered":"LIERAC SUNISSIME LAIT R\u00c9PARATEUR R\u00c9HYDRATANT ANTI-\u00c2GE GLOBAL 150ML"},"content":{"rendered":"<div aria-labelledby=\"tab-title-description\" class=\"woocommerce-Tabs-panel woocommerce-Tabs-panel--description panel entry-content wc-tab\" id=\"tab-description\" role=\"tabpanel\" style=\"\">\n<h2>Description<\/h2>\n<div><b>EXTRAIT D\u2019HAMAM\u00c9LIS\u00a0<\/b><\/div>\n<div>Plante connue pour sa richesse en tanins : pour une peau r\u00e9par\u00e9e des m\u00e9faits du photovieillissement (rides et perte de fermet\u00e9).<\/div>\n<div><\/div>\n<div><b>COMPLEXE APAISANT EMBELLISSEUR<\/b><\/div>\n<div>L\u2019alliance d\u2019om\u00e9ga-3 &amp; 9, d\u2019acide hyaluronique et d\u2019un peptide activateur de bronzage : pour une peau intens\u00e9ment apais\u00e9e et un bronzage sublim\u00e9, sans irr\u00e9gularit\u00e9s pigmentaires.<\/div>\n<div><\/div>\n<div><b>TEXTURE ACTIVE<\/b><\/div>\n<div>Gr\u00e2ce \u00e0 sa texture b\u00e9n\u00e9ficiant de la CRYO EFFECT TECHNOLOGY, ce lait apr\u00e8s-soleil calme les sensations d\u2019\u00e9chauffement en abaissant significativement la temp\u00e9rature cutan\u00e9e.<\/div>\n<div>Sa texture fine et fra\u00eeche est d\u00e9licatement parfum\u00e9e de notes de fleurs blanches.<\/div>\n<div><\/div>\n<div><strong><strong>Conseils d\u2019Utilisation : <\/strong> <\/strong><\/div>\n<div>Appliquer sur le corps apr\u00e8s chaque exposition solaire.<\/div>\n<\/div>","protected":false},"excerpt":{"rendered":"<p>Highlights:La 1\u00e8re gamme apr\u00e8s-soleil* qui r\u00e9pare la peau du photovieillissement tout en procurant un apaisement intense.<\/p>","protected":false},"featured_media":43518,"comment_status":"open","ping_status":"closed","template":"","meta":[],"pwb-brand":[2130],"product_cat":[16],"product_tag":[],"class_list":{"0":"post-43517","1":"product","2":"type-product","3":"status-publish","4":"has-post-thumbnail","6":"pwb-brand-lierac","7":"product_cat-non-classe","8":"pa_brands-lierac","10":"first","11":"instock","12":"sale","13":"shipping-taxable","14":"purchasable","15":"product-type-simple"},"yoast_head":"<!-- This site is optimized with the Yoast SEO plugin v26.9 - https:\/\/yoast.com\/product\/yoast-seo-wordpress\/ -->\n<title>LIERAC SUNISSIME LAIT R\u00c9PARATEUR R\u00c9HYDRATANT ANTI-\u00c2GE GLOBAL 150ML - paragaleriedetalborjt<\/title>\n<meta name=\"robots\" content=\"index, follow, max-snippet:-1, max-image-preview:large, max-video-preview:-1\" \/>\n<link rel=\"canonical\" href=\"https:\/\/paragaleriedetalborjt.com\/en\/boutique\/lierac-sunissime-lait-reparateur-rehydratant-anti-age-global-150ml\/\" \/>\n<meta property=\"og:locale\" content=\"en_US\" \/>\n<meta property=\"og:type\" content=\"article\" \/>\n<meta property=\"og:title\" content=\"LIERAC SUNISSIME LAIT R\u00c9PARATEUR R\u00c9HYDRATANT ANTI-\u00c2GE GLOBAL 150ML - paragaleriedetalborjt\" \/>\n<meta property=\"og:description\" content=\"Highlights:La 1\u00e8re gamme apr\u00e8s-soleil* qui r\u00e9pare la peau du photovieillissement tout en procurant un apaisement intense.\" \/>\n<meta property=\"og:url\" content=\"https:\/\/paragaleriedetalborjt.com\/en\/boutique\/lierac-sunissime-lait-reparateur-rehydratant-anti-age-global-150ml\/\" \/>\n<meta property=\"og:site_name\" content=\"paragaleriedetalborjt\" \/>\n<meta property=\"og:image\" content=\"https:\/\/paragaleriedetalborjt.com\/wp-content\/uploads\/2026\/01\/SUNISSIME_LAIT_REPARATEUR_LIERAC.jpg\" \/>\n\t<meta property=\"og:image:width\" content=\"595\" \/>\n\t<meta property=\"og:image:height\" content=\"655\" \/>\n\t<meta property=\"og:image:type\" content=\"image\/jpeg\" \/>\n<meta name=\"twitter:card\" content=\"summary_large_image\" \/>\n<meta name=\"twitter:label1\" content=\"Est. reading time\" \/>\n\t<meta name=\"twitter:data1\" content=\"1 minute\" \/>\n<script type=\"application\/ld+json\" class=\"yoast-schema-graph\">{\"@context\":\"https:\/\/schema.org\",\"@graph\":[{\"@type\":\"WebPage\",\"@id\":\"https:\/\/paragaleriedetalborjt.com\/boutique\/lierac-sunissime-lait-reparateur-rehydratant-anti-age-global-150ml\/\",\"url\":\"https:\/\/paragaleriedetalborjt.com\/boutique\/lierac-sunissime-lait-reparateur-rehydratant-anti-age-global-150ml\/\",\"name\":\"LIERAC SUNISSIME LAIT R\u00c9PARATEUR R\u00c9HYDRATANT ANTI-\u00c2GE GLOBAL 150ML - paragaleriedetalborjt\",\"isPartOf\":{\"@id\":\"https:\/\/paragaleriedetalborjt.com\/#website\"},\"primaryImageOfPage\":{\"@id\":\"https:\/\/paragaleriedetalborjt.com\/boutique\/lierac-sunissime-lait-reparateur-rehydratant-anti-age-global-150ml\/#primaryimage\"},\"image\":{\"@id\":\"https:\/\/paragaleriedetalborjt.com\/boutique\/lierac-sunissime-lait-reparateur-rehydratant-anti-age-global-150ml\/#primaryimage\"},\"thumbnailUrl\":\"https:\/\/paragaleriedetalborjt.com\/wp-content\/uploads\/2026\/01\/SUNISSIME_LAIT_REPARATEUR_LIERAC.jpg\",\"datePublished\":\"2026-01-03T21:15:33+00:00\",\"breadcrumb\":{\"@id\":\"https:\/\/paragaleriedetalborjt.com\/boutique\/lierac-sunissime-lait-reparateur-rehydratant-anti-age-global-150ml\/#breadcrumb\"},\"inLanguage\":\"en-US\",\"potentialAction\":[{\"@type\":\"ReadAction\",\"target\":[\"https:\/\/paragaleriedetalborjt.com\/boutique\/lierac-sunissime-lait-reparateur-rehydratant-anti-age-global-150ml\/\"]}]},{\"@type\":\"ImageObject\",\"inLanguage\":\"en-US\",\"@id\":\"https:\/\/paragaleriedetalborjt.com\/boutique\/lierac-sunissime-lait-reparateur-rehydratant-anti-age-global-150ml\/#primaryimage\",\"url\":\"https:\/\/paragaleriedetalborjt.com\/wp-content\/uploads\/2026\/01\/SUNISSIME_LAIT_REPARATEUR_LIERAC.jpg\",\"contentUrl\":\"https:\/\/paragaleriedetalborjt.com\/wp-content\/uploads\/2026\/01\/SUNISSIME_LAIT_REPARATEUR_LIERAC.jpg\",\"width\":595,\"height\":655},{\"@type\":\"BreadcrumbList\",\"@id\":\"https:\/\/paragaleriedetalborjt.com\/boutique\/lierac-sunissime-lait-reparateur-rehydratant-anti-age-global-150ml\/#breadcrumb\",\"itemListElement\":[{\"@type\":\"ListItem\",\"position\":1,\"name\":\"Accueil\",\"item\":\"https:\/\/paragaleriedetalborjt.com\/\"},{\"@type\":\"ListItem\",\"position\":2,\"name\":\"Boutique\",\"item\":\"https:\/\/paragaleriedetalborjt.com\/boutique\/\"},{\"@type\":\"ListItem\",\"position\":3,\"name\":\"LIERAC SUNISSIME LAIT R\u00c9PARATEUR R\u00c9HYDRATANT ANTI-\u00c2GE GLOBAL 150ML\"}]},{\"@type\":\"WebSite\",\"@id\":\"https:\/\/paragaleriedetalborjt.com\/#website\",\"url\":\"https:\/\/paragaleriedetalborjt.com\/\",\"name\":\"paragaleriedetalborjt\",\"description\":\"\",\"potentialAction\":[{\"@type\":\"SearchAction\",\"target\":{\"@type\":\"EntryPoint\",\"urlTemplate\":\"https:\/\/paragaleriedetalborjt.com\/?s={search_term_string}\"},\"query-input\":{\"@type\":\"PropertyValueSpecification\",\"valueRequired\":true,\"valueName\":\"search_term_string\"}}],\"inLanguage\":\"en-US\"}]}<\/script>\n<!-- \/ Yoast SEO plugin. -->","yoast_head_json":{"title":"LIERAC SUNISSIME LAIT R\u00c9PARATEUR R\u00c9HYDRATANT ANTI-\u00c2GE GLOBAL 150ML - paragaleriedetalborjt","robots":{"index":"index","follow":"follow","max-snippet":"max-snippet:-1","max-image-preview":"max-image-preview:large","max-video-preview":"max-video-preview:-1"},"canonical":"https:\/\/paragaleriedetalborjt.com\/en\/boutique\/lierac-sunissime-lait-reparateur-rehydratant-anti-age-global-150ml\/","og_locale":"en_US","og_type":"article","og_title":"LIERAC SUNISSIME LAIT R\u00c9PARATEUR R\u00c9HYDRATANT ANTI-\u00c2GE GLOBAL 150ML - paragaleriedetalborjt","og_description":"Highlights:La 1\u00e8re gamme apr\u00e8s-soleil* qui r\u00e9pare la peau du photovieillissement tout en procurant un apaisement intense.","og_url":"https:\/\/paragaleriedetalborjt.com\/en\/boutique\/lierac-sunissime-lait-reparateur-rehydratant-anti-age-global-150ml\/","og_site_name":"paragaleriedetalborjt","og_image":[{"width":595,"height":655,"url":"https:\/\/paragaleriedetalborjt.com\/wp-content\/uploads\/2026\/01\/SUNISSIME_LAIT_REPARATEUR_LIERAC.jpg","type":"image\/jpeg"}],"twitter_card":"summary_large_image","twitter_misc":{"Est. reading time":"1 minute"},"schema":{"@context":"https:\/\/schema.org","@graph":[{"@type":"WebPage","@id":"https:\/\/paragaleriedetalborjt.com\/boutique\/lierac-sunissime-lait-reparateur-rehydratant-anti-age-global-150ml\/","url":"https:\/\/paragaleriedetalborjt.com\/boutique\/lierac-sunissime-lait-reparateur-rehydratant-anti-age-global-150ml\/","name":"LIERAC SUNISSIME LAIT R\u00c9PARATEUR R\u00c9HYDRATANT ANTI-\u00c2GE GLOBAL 150ML - paragaleriedetalborjt","isPartOf":{"@id":"https:\/\/paragaleriedetalborjt.com\/#website"},"primaryImageOfPage":{"@id":"https:\/\/paragaleriedetalborjt.com\/boutique\/lierac-sunissime-lait-reparateur-rehydratant-anti-age-global-150ml\/#primaryimage"},"image":{"@id":"https:\/\/paragaleriedetalborjt.com\/boutique\/lierac-sunissime-lait-reparateur-rehydratant-anti-age-global-150ml\/#primaryimage"},"thumbnailUrl":"https:\/\/paragaleriedetalborjt.com\/wp-content\/uploads\/2026\/01\/SUNISSIME_LAIT_REPARATEUR_LIERAC.jpg","datePublished":"2026-01-03T21:15:33+00:00","breadcrumb":{"@id":"https:\/\/paragaleriedetalborjt.com\/boutique\/lierac-sunissime-lait-reparateur-rehydratant-anti-age-global-150ml\/#breadcrumb"},"inLanguage":"en-US","potentialAction":[{"@type":"ReadAction","target":["https:\/\/paragaleriedetalborjt.com\/boutique\/lierac-sunissime-lait-reparateur-rehydratant-anti-age-global-150ml\/"]}]},{"@type":"ImageObject","inLanguage":"en-US","@id":"https:\/\/paragaleriedetalborjt.com\/boutique\/lierac-sunissime-lait-reparateur-rehydratant-anti-age-global-150ml\/#primaryimage","url":"https:\/\/paragaleriedetalborjt.com\/wp-content\/uploads\/2026\/01\/SUNISSIME_LAIT_REPARATEUR_LIERAC.jpg","contentUrl":"https:\/\/paragaleriedetalborjt.com\/wp-content\/uploads\/2026\/01\/SUNISSIME_LAIT_REPARATEUR_LIERAC.jpg","width":595,"height":655},{"@type":"BreadcrumbList","@id":"https:\/\/paragaleriedetalborjt.com\/boutique\/lierac-sunissime-lait-reparateur-rehydratant-anti-age-global-150ml\/#breadcrumb","itemListElement":[{"@type":"ListItem","position":1,"name":"Accueil","item":"https:\/\/paragaleriedetalborjt.com\/"},{"@type":"ListItem","position":2,"name":"Boutique","item":"https:\/\/paragaleriedetalborjt.com\/boutique\/"},{"@type":"ListItem","position":3,"name":"LIERAC SUNISSIME LAIT R\u00c9PARATEUR R\u00c9HYDRATANT ANTI-\u00c2GE GLOBAL 150ML"}]},{"@type":"WebSite","@id":"https:\/\/paragaleriedetalborjt.com\/#website","url":"https:\/\/paragaleriedetalborjt.com\/","name":"paragaleriedetalborjt","description":"","potentialAction":[{"@type":"SearchAction","target":{"@type":"EntryPoint","urlTemplate":"https:\/\/paragaleriedetalborjt.com\/?s={search_term_string}"},"query-input":{"@type":"PropertyValueSpecification","valueRequired":true,"valueName":"search_term_string"}}],"inLanguage":"en-US"}]}},"brands":[{"id":2130,"name":"LIERAC","slug":"lierac"}],"_links":{"self":[{"href":"https:\/\/paragaleriedetalborjt.com\/en\/wp-json\/wp\/v2\/product\/43517","targetHints":{"allow":["GET"]}}],"collection":[{"href":"https:\/\/paragaleriedetalborjt.com\/en\/wp-json\/wp\/v2\/product"}],"about":[{"href":"https:\/\/paragaleriedetalborjt.com\/en\/wp-json\/wp\/v2\/types\/product"}],"replies":[{"embeddable":true,"href":"https:\/\/paragaleriedetalborjt.com\/en\/wp-json\/wp\/v2\/comments?post=43517"}],"version-history":[{"count":1,"href":"https:\/\/paragaleriedetalborjt.com\/en\/wp-json\/wp\/v2\/product\/43517\/revisions"}],"predecessor-version":[{"id":43519,"href":"https:\/\/paragaleriedetalborjt.com\/en\/wp-json\/wp\/v2\/product\/43517\/revisions\/43519"}],"wp:featuredmedia":[{"embeddable":true,"href":"https:\/\/paragaleriedetalborjt.com\/en\/wp-json\/wp\/v2\/media\/43518"}],"wp:attachment":[{"href":"https:\/\/paragaleriedetalborjt.com\/en\/wp-json\/wp\/v2\/media?parent=43517"}],"wp:term":[{"taxonomy":"pwb-brand","embeddable":true,"href":"https:\/\/paragaleriedetalborjt.com\/en\/wp-json\/wp\/v2\/pwb-brand?post=43517"},{"taxonomy":"product_cat","embeddable":true,"href":"https:\/\/paragaleriedetalborjt.com\/en\/wp-json\/wp\/v2\/product_cat?post=43517"},{"taxonomy":"product_tag","embeddable":true,"href":"https:\/\/paragaleriedetalborjt.com\/en\/wp-json\/wp\/v2\/product_tag?post=43517"}],"curies":[{"name":"wp","href":"https:\/\/api.w.org\/{rel}","templated":true}]}}