{"id":43400,"date":"2026-01-03T22:10:46","date_gmt":"2026-01-03T21:10:46","guid":{"rendered":"https:\/\/paragaleriedetalborjt.com\/?post_type=product&#038;p=43400"},"modified":"2026-01-03T22:10:46","modified_gmt":"2026-01-03T21:10:46","slug":"miradent-plaque-agent-500ml-630128","status":"publish","type":"product","link":"https:\/\/paragaleriedetalborjt.com\/en\/boutique\/miradent-plaque-agent-500ml-630128\/","title":{"rendered":"Miradent Plaque Agent 500Ml 630128"},"content":{"rendered":"<div aria-labelledby=\"tab-title-description\" class=\"woocommerce-Tabs-panel woocommerce-Tabs-panel--description panel entry-content wc-tab\" id=\"tab-description\" role=\"tabpanel\" style=\"\">\n<h2>Description<\/h2>\n<h3 class=\"mt-4 mb-4\"><span>Solution de blanchiment des dents Plaque Agent, Miradent<\/span><\/h3>\n<div class=\"product-detail__content\">\n<p><span>Rincer la bouche avec 10 ml de Plaque Agent (un bouchon plein) pendant 30 secondes et cracher.\u00a0Attention : n\u2019avalez pas de liquide !<\/span><\/p>\n<p><span>\u00c9tape 2:<\/span><\/p>\n<p><span>Les d\u00e9p\u00f4ts de plaque bact\u00e9rienne deviennent visibles lorsqu\u2019ils deviennent bleus.<\/span><\/p>\n<p><span>\u00c9tape 3:<\/span><\/p>\n<p><span>La couleur bleue sera enlev\u00e9e en se brossant les dents avec\u00a0 dentifrice.<\/span><\/p>\n<\/div>\n<\/div>","protected":false},"excerpt":{"rendered":"<p>Highlights:ELGYDIUM CLASSIC est la brosse \u00e0 dents intemporelle \u00e0 t\u00eate large qui b\u00e9n\u00e9ficie de la technicit\u00e9 Elgydium (brins en Tynex garantissant une qualit\u00e9 de brins non traumatisants pour les dents et gencives).<\/p>","protected":false},"featured_media":43401,"comment_status":"open","ping_status":"closed","template":"","meta":[],"pwb-brand":[1763],"product_cat":[16],"product_tag":[],"class_list":{"0":"post-43400","1":"product","2":"type-product","3":"status-publish","4":"has-post-thumbnail","6":"pwb-brand-miradent","7":"product_cat-non-classe","8":"pa_brands-miradent","10":"first","11":"instock","12":"sale","13":"shipping-taxable","14":"purchasable","15":"product-type-simple"},"yoast_head":"<!-- This site is optimized with the Yoast SEO plugin v26.9 - https:\/\/yoast.com\/product\/yoast-seo-wordpress\/ -->\n<title>Miradent Plaque Agent 500Ml 630128 - paragaleriedetalborjt<\/title>\n<meta name=\"robots\" content=\"index, follow, max-snippet:-1, max-image-preview:large, max-video-preview:-1\" \/>\n<link rel=\"canonical\" href=\"https:\/\/paragaleriedetalborjt.com\/en\/boutique\/miradent-plaque-agent-500ml-630128\/\" \/>\n<meta property=\"og:locale\" content=\"en_US\" \/>\n<meta property=\"og:type\" content=\"article\" \/>\n<meta property=\"og:title\" content=\"Miradent Plaque Agent 500Ml 630128 - paragaleriedetalborjt\" \/>\n<meta property=\"og:description\" content=\"Highlights:ELGYDIUM CLASSIC est la brosse \u00e0 dents intemporelle \u00e0 t\u00eate large qui b\u00e9n\u00e9ficie de la technicit\u00e9 Elgydium (brins en Tynex garantissant une qualit\u00e9 de brins non traumatisants pour les dents et gencives).\" \/>\n<meta property=\"og:url\" content=\"https:\/\/paragaleriedetalborjt.com\/en\/boutique\/miradent-plaque-agent-500ml-630128\/\" \/>\n<meta property=\"og:site_name\" content=\"paragaleriedetalborjt\" \/>\n<meta property=\"og:image\" content=\"https:\/\/paragaleriedetalborjt.com\/wp-content\/uploads\/2026\/01\/New-Project-20-1-2.jpg\" \/>\n\t<meta property=\"og:image:width\" content=\"595\" \/>\n\t<meta property=\"og:image:height\" content=\"655\" \/>\n\t<meta property=\"og:image:type\" content=\"image\/jpeg\" \/>\n<meta name=\"twitter:card\" content=\"summary_large_image\" \/>\n<script type=\"application\/ld+json\" class=\"yoast-schema-graph\">{\"@context\":\"https:\/\/schema.org\",\"@graph\":[{\"@type\":\"WebPage\",\"@id\":\"https:\/\/paragaleriedetalborjt.com\/boutique\/miradent-plaque-agent-500ml-630128\/\",\"url\":\"https:\/\/paragaleriedetalborjt.com\/boutique\/miradent-plaque-agent-500ml-630128\/\",\"name\":\"Miradent Plaque Agent 500Ml 630128 - paragaleriedetalborjt\",\"isPartOf\":{\"@id\":\"https:\/\/paragaleriedetalborjt.com\/#website\"},\"primaryImageOfPage\":{\"@id\":\"https:\/\/paragaleriedetalborjt.com\/boutique\/miradent-plaque-agent-500ml-630128\/#primaryimage\"},\"image\":{\"@id\":\"https:\/\/paragaleriedetalborjt.com\/boutique\/miradent-plaque-agent-500ml-630128\/#primaryimage\"},\"thumbnailUrl\":\"https:\/\/paragaleriedetalborjt.com\/wp-content\/uploads\/2026\/01\/New-Project-20-1-2.jpg\",\"datePublished\":\"2026-01-03T21:10:46+00:00\",\"breadcrumb\":{\"@id\":\"https:\/\/paragaleriedetalborjt.com\/boutique\/miradent-plaque-agent-500ml-630128\/#breadcrumb\"},\"inLanguage\":\"en-US\",\"potentialAction\":[{\"@type\":\"ReadAction\",\"target\":[\"https:\/\/paragaleriedetalborjt.com\/boutique\/miradent-plaque-agent-500ml-630128\/\"]}]},{\"@type\":\"ImageObject\",\"inLanguage\":\"en-US\",\"@id\":\"https:\/\/paragaleriedetalborjt.com\/boutique\/miradent-plaque-agent-500ml-630128\/#primaryimage\",\"url\":\"https:\/\/paragaleriedetalborjt.com\/wp-content\/uploads\/2026\/01\/New-Project-20-1-2.jpg\",\"contentUrl\":\"https:\/\/paragaleriedetalborjt.com\/wp-content\/uploads\/2026\/01\/New-Project-20-1-2.jpg\",\"width\":595,\"height\":655},{\"@type\":\"BreadcrumbList\",\"@id\":\"https:\/\/paragaleriedetalborjt.com\/boutique\/miradent-plaque-agent-500ml-630128\/#breadcrumb\",\"itemListElement\":[{\"@type\":\"ListItem\",\"position\":1,\"name\":\"Accueil\",\"item\":\"https:\/\/paragaleriedetalborjt.com\/\"},{\"@type\":\"ListItem\",\"position\":2,\"name\":\"Boutique\",\"item\":\"https:\/\/paragaleriedetalborjt.com\/boutique\/\"},{\"@type\":\"ListItem\",\"position\":3,\"name\":\"Miradent Plaque Agent 500Ml 630128\"}]},{\"@type\":\"WebSite\",\"@id\":\"https:\/\/paragaleriedetalborjt.com\/#website\",\"url\":\"https:\/\/paragaleriedetalborjt.com\/\",\"name\":\"paragaleriedetalborjt\",\"description\":\"\",\"potentialAction\":[{\"@type\":\"SearchAction\",\"target\":{\"@type\":\"EntryPoint\",\"urlTemplate\":\"https:\/\/paragaleriedetalborjt.com\/?s={search_term_string}\"},\"query-input\":{\"@type\":\"PropertyValueSpecification\",\"valueRequired\":true,\"valueName\":\"search_term_string\"}}],\"inLanguage\":\"en-US\"}]}<\/script>\n<!-- \/ Yoast SEO plugin. -->","yoast_head_json":{"title":"Miradent Plaque Agent 500Ml 630128 - paragaleriedetalborjt","robots":{"index":"index","follow":"follow","max-snippet":"max-snippet:-1","max-image-preview":"max-image-preview:large","max-video-preview":"max-video-preview:-1"},"canonical":"https:\/\/paragaleriedetalborjt.com\/en\/boutique\/miradent-plaque-agent-500ml-630128\/","og_locale":"en_US","og_type":"article","og_title":"Miradent Plaque Agent 500Ml 630128 - paragaleriedetalborjt","og_description":"Highlights:ELGYDIUM CLASSIC est la brosse \u00e0 dents intemporelle \u00e0 t\u00eate large qui b\u00e9n\u00e9ficie de la technicit\u00e9 Elgydium (brins en Tynex garantissant une qualit\u00e9 de brins non traumatisants pour les dents et gencives).","og_url":"https:\/\/paragaleriedetalborjt.com\/en\/boutique\/miradent-plaque-agent-500ml-630128\/","og_site_name":"paragaleriedetalborjt","og_image":[{"width":595,"height":655,"url":"https:\/\/paragaleriedetalborjt.com\/wp-content\/uploads\/2026\/01\/New-Project-20-1-2.jpg","type":"image\/jpeg"}],"twitter_card":"summary_large_image","schema":{"@context":"https:\/\/schema.org","@graph":[{"@type":"WebPage","@id":"https:\/\/paragaleriedetalborjt.com\/boutique\/miradent-plaque-agent-500ml-630128\/","url":"https:\/\/paragaleriedetalborjt.com\/boutique\/miradent-plaque-agent-500ml-630128\/","name":"Miradent Plaque Agent 500Ml 630128 - paragaleriedetalborjt","isPartOf":{"@id":"https:\/\/paragaleriedetalborjt.com\/#website"},"primaryImageOfPage":{"@id":"https:\/\/paragaleriedetalborjt.com\/boutique\/miradent-plaque-agent-500ml-630128\/#primaryimage"},"image":{"@id":"https:\/\/paragaleriedetalborjt.com\/boutique\/miradent-plaque-agent-500ml-630128\/#primaryimage"},"thumbnailUrl":"https:\/\/paragaleriedetalborjt.com\/wp-content\/uploads\/2026\/01\/New-Project-20-1-2.jpg","datePublished":"2026-01-03T21:10:46+00:00","breadcrumb":{"@id":"https:\/\/paragaleriedetalborjt.com\/boutique\/miradent-plaque-agent-500ml-630128\/#breadcrumb"},"inLanguage":"en-US","potentialAction":[{"@type":"ReadAction","target":["https:\/\/paragaleriedetalborjt.com\/boutique\/miradent-plaque-agent-500ml-630128\/"]}]},{"@type":"ImageObject","inLanguage":"en-US","@id":"https:\/\/paragaleriedetalborjt.com\/boutique\/miradent-plaque-agent-500ml-630128\/#primaryimage","url":"https:\/\/paragaleriedetalborjt.com\/wp-content\/uploads\/2026\/01\/New-Project-20-1-2.jpg","contentUrl":"https:\/\/paragaleriedetalborjt.com\/wp-content\/uploads\/2026\/01\/New-Project-20-1-2.jpg","width":595,"height":655},{"@type":"BreadcrumbList","@id":"https:\/\/paragaleriedetalborjt.com\/boutique\/miradent-plaque-agent-500ml-630128\/#breadcrumb","itemListElement":[{"@type":"ListItem","position":1,"name":"Accueil","item":"https:\/\/paragaleriedetalborjt.com\/"},{"@type":"ListItem","position":2,"name":"Boutique","item":"https:\/\/paragaleriedetalborjt.com\/boutique\/"},{"@type":"ListItem","position":3,"name":"Miradent Plaque Agent 500Ml 630128"}]},{"@type":"WebSite","@id":"https:\/\/paragaleriedetalborjt.com\/#website","url":"https:\/\/paragaleriedetalborjt.com\/","name":"paragaleriedetalborjt","description":"","potentialAction":[{"@type":"SearchAction","target":{"@type":"EntryPoint","urlTemplate":"https:\/\/paragaleriedetalborjt.com\/?s={search_term_string}"},"query-input":{"@type":"PropertyValueSpecification","valueRequired":true,"valueName":"search_term_string"}}],"inLanguage":"en-US"}]}},"brands":[{"id":1763,"name":"MIRADENT","slug":"miradent"}],"_links":{"self":[{"href":"https:\/\/paragaleriedetalborjt.com\/en\/wp-json\/wp\/v2\/product\/43400","targetHints":{"allow":["GET"]}}],"collection":[{"href":"https:\/\/paragaleriedetalborjt.com\/en\/wp-json\/wp\/v2\/product"}],"about":[{"href":"https:\/\/paragaleriedetalborjt.com\/en\/wp-json\/wp\/v2\/types\/product"}],"replies":[{"embeddable":true,"href":"https:\/\/paragaleriedetalborjt.com\/en\/wp-json\/wp\/v2\/comments?post=43400"}],"version-history":[{"count":1,"href":"https:\/\/paragaleriedetalborjt.com\/en\/wp-json\/wp\/v2\/product\/43400\/revisions"}],"predecessor-version":[{"id":43402,"href":"https:\/\/paragaleriedetalborjt.com\/en\/wp-json\/wp\/v2\/product\/43400\/revisions\/43402"}],"wp:featuredmedia":[{"embeddable":true,"href":"https:\/\/paragaleriedetalborjt.com\/en\/wp-json\/wp\/v2\/media\/43401"}],"wp:attachment":[{"href":"https:\/\/paragaleriedetalborjt.com\/en\/wp-json\/wp\/v2\/media?parent=43400"}],"wp:term":[{"taxonomy":"pwb-brand","embeddable":true,"href":"https:\/\/paragaleriedetalborjt.com\/en\/wp-json\/wp\/v2\/pwb-brand?post=43400"},{"taxonomy":"product_cat","embeddable":true,"href":"https:\/\/paragaleriedetalborjt.com\/en\/wp-json\/wp\/v2\/product_cat?post=43400"},{"taxonomy":"product_tag","embeddable":true,"href":"https:\/\/paragaleriedetalborjt.com\/en\/wp-json\/wp\/v2\/product_tag?post=43400"}],"curies":[{"name":"wp","href":"https:\/\/api.w.org\/{rel}","templated":true}]}}