{"id":43363,"date":"2026-01-03T22:09:18","date_gmt":"2026-01-03T21:09:18","guid":{"rendered":"https:\/\/paragaleriedetalborjt.com\/?post_type=product&#038;p=43363"},"modified":"2026-01-03T22:09:18","modified_gmt":"2026-01-03T21:09:18","slug":"herbacin-hand-cream-parfums-original-75ml","status":"publish","type":"product","link":"https:\/\/paragaleriedetalborjt.com\/en\/boutique\/herbacin-hand-cream-parfums-original-75ml\/","title":{"rendered":"Herbacin Hand cream Parfums Original 75ml"},"content":{"rendered":"<div aria-labelledby=\"tab-title-description\" class=\"woocommerce-Tabs-panel woocommerce-Tabs-panel--description panel entry-content wc-tab\" id=\"tab-description\" role=\"tabpanel\" style=\"\">\n<h2>Description<\/h2>\n<p><strong>Description :<\/strong><\/p>\n<h2 class=\"prodsubtitle\">INDICATIONS :<\/h2>\n<p class=\"prodtexte\">La Cr\u00e8me mains Herbacin hydrate et prot\u00e8ge les mains ab\u00eem\u00e9es. Sa formule \u00e0 la camomille apaisante et r\u00e9paratrice est concentr\u00e9e en glyc\u00e9rine qui adoucit, hydrate et maintient l\u2019\u00e9lasticit\u00e9 de la peau. Elle comporte \u00e9galement du silicone qui enveloppe les mains d\u2019un gant invisible qui les prot\u00e8ge des agressions quotidiennes comme la pollution ou les produits m\u00e9nagers. Les mains sont plus douces, plus belles, et pr\u00e9serv\u00e9es.<\/p>\n<h2 class=\"prodsubtitle\">PR\u00c9SENTATION :<\/h2>\n<p class=\"prodtexte\">1 Tube de 75 ml<\/p>\n<h2 class=\"prodsubtitle\">CONSEIL D\u2019UTILISATIONS :<\/h2>\n<p class=\"prodtexte\">Appliquer d\u00e8s que n\u00e9cessaire.<\/p>\n<h2 class=\"prodsubtitle\">PR\u00c9CAUTIONS D\u2019EMPLOI :<\/h2>\n<p class=\"prodtexte\">Usage externe.<\/p>\n<\/div>","protected":false},"excerpt":{"rendered":"<p>Highlights:Exfolie et hydrate pour adoucir et am\u00e9liorer la texture de la peau des pieds.\u2022 Besoin :Restaurer | Nourrir | Lisser | Pieds tr\u00e8s secs et ab\u00eem\u00e9s.\u2022 Ingr\u00e9dients Cl\u00e9s :C\u00e9ramides (1, 3 et 6-II) pour prot\u00e9ger et nourrir | Acide Salicylique pour exfolier en douceur | Niacinamide pour apaiser.\u2022S\u00e9curit\u00e9 :Sans Parfum | Hypoallerg\u00e9nique | Non-Com\u00e9dog\u00e8ne.\u2022 Utilisation :Appliquer g\u00e9n\u00e9reusement. Pieds.<\/p>","protected":false},"featured_media":43364,"comment_status":"open","ping_status":"closed","template":"","meta":[],"pwb-brand":[1806],"product_cat":[16],"product_tag":[],"class_list":{"0":"post-43363","1":"product","2":"type-product","3":"status-publish","4":"has-post-thumbnail","6":"pwb-brand-herbacin","7":"product_cat-non-classe","8":"pa_brands-herbacin","10":"first","11":"instock","12":"sale","13":"shipping-taxable","14":"purchasable","15":"product-type-simple"},"yoast_head":"<!-- This site is optimized with the Yoast SEO plugin v26.9 - https:\/\/yoast.com\/product\/yoast-seo-wordpress\/ -->\n<title>Herbacin Hand cream Parfums Original 75ml - paragaleriedetalborjt<\/title>\n<meta name=\"robots\" content=\"index, follow, max-snippet:-1, max-image-preview:large, max-video-preview:-1\" \/>\n<link rel=\"canonical\" href=\"https:\/\/paragaleriedetalborjt.com\/en\/boutique\/herbacin-hand-cream-parfums-original-75ml\/\" \/>\n<meta property=\"og:locale\" content=\"en_US\" \/>\n<meta property=\"og:type\" content=\"article\" \/>\n<meta property=\"og:title\" content=\"Herbacin Hand cream Parfums Original 75ml - paragaleriedetalborjt\" \/>\n<meta property=\"og:description\" content=\"Highlights:Exfolie et hydrate pour adoucir et am\u00e9liorer la texture de la peau des pieds.\u2022 Besoin :Restaurer | Nourrir | Lisser | Pieds tr\u00e8s secs et ab\u00eem\u00e9s.\u2022 Ingr\u00e9dients Cl\u00e9s :C\u00e9ramides (1, 3 et 6-II) pour prot\u00e9ger et nourrir | Acide Salicylique pour exfolier en douceur | Niacinamide pour apaiser.\u2022S\u00e9curit\u00e9 :Sans Parfum | Hypoallerg\u00e9nique | Non-Com\u00e9dog\u00e8ne.\u2022 Utilisation :Appliquer g\u00e9n\u00e9reusement. Pieds.\" \/>\n<meta property=\"og:url\" content=\"https:\/\/paragaleriedetalborjt.com\/en\/boutique\/herbacin-hand-cream-parfums-original-75ml\/\" \/>\n<meta property=\"og:site_name\" content=\"paragaleriedetalborjt\" \/>\n<meta property=\"og:image\" content=\"https:\/\/paragaleriedetalborjt.com\/wp-content\/uploads\/2026\/01\/Herbacin-Hand-cream-Parfums-Original-75ml.jpg\" \/>\n\t<meta property=\"og:image:width\" content=\"596\" \/>\n\t<meta property=\"og:image:height\" content=\"656\" \/>\n\t<meta property=\"og:image:type\" content=\"image\/jpeg\" \/>\n<meta name=\"twitter:card\" content=\"summary_large_image\" \/>\n<meta name=\"twitter:label1\" content=\"Est. reading time\" \/>\n\t<meta name=\"twitter:data1\" content=\"1 minute\" \/>\n<script type=\"application\/ld+json\" class=\"yoast-schema-graph\">{\"@context\":\"https:\/\/schema.org\",\"@graph\":[{\"@type\":\"WebPage\",\"@id\":\"https:\/\/paragaleriedetalborjt.com\/boutique\/herbacin-hand-cream-parfums-original-75ml\/\",\"url\":\"https:\/\/paragaleriedetalborjt.com\/boutique\/herbacin-hand-cream-parfums-original-75ml\/\",\"name\":\"Herbacin Hand cream Parfums Original 75ml - paragaleriedetalborjt\",\"isPartOf\":{\"@id\":\"https:\/\/paragaleriedetalborjt.com\/#website\"},\"primaryImageOfPage\":{\"@id\":\"https:\/\/paragaleriedetalborjt.com\/boutique\/herbacin-hand-cream-parfums-original-75ml\/#primaryimage\"},\"image\":{\"@id\":\"https:\/\/paragaleriedetalborjt.com\/boutique\/herbacin-hand-cream-parfums-original-75ml\/#primaryimage\"},\"thumbnailUrl\":\"https:\/\/paragaleriedetalborjt.com\/wp-content\/uploads\/2026\/01\/Herbacin-Hand-cream-Parfums-Original-75ml.jpg\",\"datePublished\":\"2026-01-03T21:09:18+00:00\",\"breadcrumb\":{\"@id\":\"https:\/\/paragaleriedetalborjt.com\/boutique\/herbacin-hand-cream-parfums-original-75ml\/#breadcrumb\"},\"inLanguage\":\"en-US\",\"potentialAction\":[{\"@type\":\"ReadAction\",\"target\":[\"https:\/\/paragaleriedetalborjt.com\/boutique\/herbacin-hand-cream-parfums-original-75ml\/\"]}]},{\"@type\":\"ImageObject\",\"inLanguage\":\"en-US\",\"@id\":\"https:\/\/paragaleriedetalborjt.com\/boutique\/herbacin-hand-cream-parfums-original-75ml\/#primaryimage\",\"url\":\"https:\/\/paragaleriedetalborjt.com\/wp-content\/uploads\/2026\/01\/Herbacin-Hand-cream-Parfums-Original-75ml.jpg\",\"contentUrl\":\"https:\/\/paragaleriedetalborjt.com\/wp-content\/uploads\/2026\/01\/Herbacin-Hand-cream-Parfums-Original-75ml.jpg\",\"width\":596,\"height\":656},{\"@type\":\"BreadcrumbList\",\"@id\":\"https:\/\/paragaleriedetalborjt.com\/boutique\/herbacin-hand-cream-parfums-original-75ml\/#breadcrumb\",\"itemListElement\":[{\"@type\":\"ListItem\",\"position\":1,\"name\":\"Accueil\",\"item\":\"https:\/\/paragaleriedetalborjt.com\/\"},{\"@type\":\"ListItem\",\"position\":2,\"name\":\"Boutique\",\"item\":\"https:\/\/paragaleriedetalborjt.com\/boutique\/\"},{\"@type\":\"ListItem\",\"position\":3,\"name\":\"Herbacin Hand cream Parfums Original 75ml\"}]},{\"@type\":\"WebSite\",\"@id\":\"https:\/\/paragaleriedetalborjt.com\/#website\",\"url\":\"https:\/\/paragaleriedetalborjt.com\/\",\"name\":\"paragaleriedetalborjt\",\"description\":\"\",\"potentialAction\":[{\"@type\":\"SearchAction\",\"target\":{\"@type\":\"EntryPoint\",\"urlTemplate\":\"https:\/\/paragaleriedetalborjt.com\/?s={search_term_string}\"},\"query-input\":{\"@type\":\"PropertyValueSpecification\",\"valueRequired\":true,\"valueName\":\"search_term_string\"}}],\"inLanguage\":\"en-US\"}]}<\/script>\n<!-- \/ Yoast SEO plugin. -->","yoast_head_json":{"title":"Herbacin Hand cream Parfums Original 75ml - paragaleriedetalborjt","robots":{"index":"index","follow":"follow","max-snippet":"max-snippet:-1","max-image-preview":"max-image-preview:large","max-video-preview":"max-video-preview:-1"},"canonical":"https:\/\/paragaleriedetalborjt.com\/en\/boutique\/herbacin-hand-cream-parfums-original-75ml\/","og_locale":"en_US","og_type":"article","og_title":"Herbacin Hand cream Parfums Original 75ml - paragaleriedetalborjt","og_description":"Highlights:Exfolie et hydrate pour adoucir et am\u00e9liorer la texture de la peau des pieds.\u2022 Besoin :Restaurer | Nourrir | Lisser | Pieds tr\u00e8s secs et ab\u00eem\u00e9s.\u2022 Ingr\u00e9dients Cl\u00e9s :C\u00e9ramides (1, 3 et 6-II) pour prot\u00e9ger et nourrir | Acide Salicylique pour exfolier en douceur | Niacinamide pour apaiser.\u2022S\u00e9curit\u00e9 :Sans Parfum | Hypoallerg\u00e9nique | Non-Com\u00e9dog\u00e8ne.\u2022 Utilisation :Appliquer g\u00e9n\u00e9reusement. Pieds.","og_url":"https:\/\/paragaleriedetalborjt.com\/en\/boutique\/herbacin-hand-cream-parfums-original-75ml\/","og_site_name":"paragaleriedetalborjt","og_image":[{"width":596,"height":656,"url":"https:\/\/paragaleriedetalborjt.com\/wp-content\/uploads\/2026\/01\/Herbacin-Hand-cream-Parfums-Original-75ml.jpg","type":"image\/jpeg"}],"twitter_card":"summary_large_image","twitter_misc":{"Est. reading time":"1 minute"},"schema":{"@context":"https:\/\/schema.org","@graph":[{"@type":"WebPage","@id":"https:\/\/paragaleriedetalborjt.com\/boutique\/herbacin-hand-cream-parfums-original-75ml\/","url":"https:\/\/paragaleriedetalborjt.com\/boutique\/herbacin-hand-cream-parfums-original-75ml\/","name":"Herbacin Hand cream Parfums Original 75ml - paragaleriedetalborjt","isPartOf":{"@id":"https:\/\/paragaleriedetalborjt.com\/#website"},"primaryImageOfPage":{"@id":"https:\/\/paragaleriedetalborjt.com\/boutique\/herbacin-hand-cream-parfums-original-75ml\/#primaryimage"},"image":{"@id":"https:\/\/paragaleriedetalborjt.com\/boutique\/herbacin-hand-cream-parfums-original-75ml\/#primaryimage"},"thumbnailUrl":"https:\/\/paragaleriedetalborjt.com\/wp-content\/uploads\/2026\/01\/Herbacin-Hand-cream-Parfums-Original-75ml.jpg","datePublished":"2026-01-03T21:09:18+00:00","breadcrumb":{"@id":"https:\/\/paragaleriedetalborjt.com\/boutique\/herbacin-hand-cream-parfums-original-75ml\/#breadcrumb"},"inLanguage":"en-US","potentialAction":[{"@type":"ReadAction","target":["https:\/\/paragaleriedetalborjt.com\/boutique\/herbacin-hand-cream-parfums-original-75ml\/"]}]},{"@type":"ImageObject","inLanguage":"en-US","@id":"https:\/\/paragaleriedetalborjt.com\/boutique\/herbacin-hand-cream-parfums-original-75ml\/#primaryimage","url":"https:\/\/paragaleriedetalborjt.com\/wp-content\/uploads\/2026\/01\/Herbacin-Hand-cream-Parfums-Original-75ml.jpg","contentUrl":"https:\/\/paragaleriedetalborjt.com\/wp-content\/uploads\/2026\/01\/Herbacin-Hand-cream-Parfums-Original-75ml.jpg","width":596,"height":656},{"@type":"BreadcrumbList","@id":"https:\/\/paragaleriedetalborjt.com\/boutique\/herbacin-hand-cream-parfums-original-75ml\/#breadcrumb","itemListElement":[{"@type":"ListItem","position":1,"name":"Accueil","item":"https:\/\/paragaleriedetalborjt.com\/"},{"@type":"ListItem","position":2,"name":"Boutique","item":"https:\/\/paragaleriedetalborjt.com\/boutique\/"},{"@type":"ListItem","position":3,"name":"Herbacin Hand cream Parfums Original 75ml"}]},{"@type":"WebSite","@id":"https:\/\/paragaleriedetalborjt.com\/#website","url":"https:\/\/paragaleriedetalborjt.com\/","name":"paragaleriedetalborjt","description":"","potentialAction":[{"@type":"SearchAction","target":{"@type":"EntryPoint","urlTemplate":"https:\/\/paragaleriedetalborjt.com\/?s={search_term_string}"},"query-input":{"@type":"PropertyValueSpecification","valueRequired":true,"valueName":"search_term_string"}}],"inLanguage":"en-US"}]}},"brands":[{"id":1806,"name":"HERBACIN","slug":"herbacin"}],"_links":{"self":[{"href":"https:\/\/paragaleriedetalborjt.com\/en\/wp-json\/wp\/v2\/product\/43363","targetHints":{"allow":["GET"]}}],"collection":[{"href":"https:\/\/paragaleriedetalborjt.com\/en\/wp-json\/wp\/v2\/product"}],"about":[{"href":"https:\/\/paragaleriedetalborjt.com\/en\/wp-json\/wp\/v2\/types\/product"}],"replies":[{"embeddable":true,"href":"https:\/\/paragaleriedetalborjt.com\/en\/wp-json\/wp\/v2\/comments?post=43363"}],"version-history":[{"count":1,"href":"https:\/\/paragaleriedetalborjt.com\/en\/wp-json\/wp\/v2\/product\/43363\/revisions"}],"predecessor-version":[{"id":43365,"href":"https:\/\/paragaleriedetalborjt.com\/en\/wp-json\/wp\/v2\/product\/43363\/revisions\/43365"}],"wp:featuredmedia":[{"embeddable":true,"href":"https:\/\/paragaleriedetalborjt.com\/en\/wp-json\/wp\/v2\/media\/43364"}],"wp:attachment":[{"href":"https:\/\/paragaleriedetalborjt.com\/en\/wp-json\/wp\/v2\/media?parent=43363"}],"wp:term":[{"taxonomy":"pwb-brand","embeddable":true,"href":"https:\/\/paragaleriedetalborjt.com\/en\/wp-json\/wp\/v2\/pwb-brand?post=43363"},{"taxonomy":"product_cat","embeddable":true,"href":"https:\/\/paragaleriedetalborjt.com\/en\/wp-json\/wp\/v2\/product_cat?post=43363"},{"taxonomy":"product_tag","embeddable":true,"href":"https:\/\/paragaleriedetalborjt.com\/en\/wp-json\/wp\/v2\/product_tag?post=43363"}],"curies":[{"name":"wp","href":"https:\/\/api.w.org\/{rel}","templated":true}]}}