{"id":43330,"date":"2026-01-03T22:07:55","date_gmt":"2026-01-03T21:07:55","guid":{"rendered":"https:\/\/paragaleriedetalborjt.com\/?post_type=product&#038;p=43330"},"modified":"2026-01-03T22:07:55","modified_gmt":"2026-01-03T21:07:55","slug":"gph-diffusion-tribulus-extrait-100-gelules","status":"publish","type":"product","link":"https:\/\/paragaleriedetalborjt.com\/en\/boutique\/gph-diffusion-tribulus-extrait-100-gelules\/","title":{"rendered":"GPH DIFFUSION TRIBULUS EXTRAIT 100 GELULES"},"content":{"rendered":"<div aria-labelledby=\"tab-title-description\" class=\"woocommerce-Tabs-panel woocommerce-Tabs-panel--description panel entry-content wc-tab\" id=\"tab-description\" role=\"tabpanel\" style=\"\">\n<h2>Description<\/h2>\n<p>Le compl\u00e9ment alimentaire tribulus terrestris constitue un pr\u00e9cieux alli\u00e9 du quotidien pour retrouver force endurance et vitalit\u00e9. elle exalte la vie sexuelle des deux sexes et renforce l\u2019activit\u00e9 sportive.<\/p>\n<p>le tribulus terrestris est une plante utilis\u00e9e depuis plus de 3000 ans. elle tr\u00e8s utilis\u00e9e dans la m\u00e9decine chinoise ancestrale ou ses propri\u00e9t\u00e9s vitalisantes sont vant\u00e9es. elle est aujourd\u2019hui utilis\u00e9e en tant qu\u2019aphrodisiaque. elle est reconnue pour stimuler la libido mais aussi am\u00e9liorer la performance.<br \/>\nde plus en plus utilis\u00e9 par les sportifs le tribulus terrestris est r\u00e9put\u00e9 augmenter la vitesse de r\u00e9cup\u00e9ration apr\u00e8s l\u2019effort.<br \/>\nvous allez adorer : pr\u00e9-dos\u00e9es et pr\u00eate \u00e0 l\u2019usage la tribulus terrestris est conditionn\u00e9 dans des g\u00e9lules pour suivre parfaitement la cure sans risque de sous-dosage vous profitez ainsi des propri\u00e9t\u00e9s tonifiantes du tribulus terrestris.<\/p>\n<\/div>","protected":false},"excerpt":{"rendered":"<p>Highlights:Le compl\u00e9ment alimentaire Vigne rouge bio est indiqu\u00e9 pour r\u00e9duire la sensation de jambes lourdes et fatigu\u00e9es.<\/p>","protected":false},"featured_media":43331,"comment_status":"open","ping_status":"closed","template":"","meta":[],"pwb-brand":[1727],"product_cat":[16],"product_tag":[],"class_list":{"0":"post-43330","1":"product","2":"type-product","3":"status-publish","4":"has-post-thumbnail","6":"pwb-brand-gph","7":"product_cat-non-classe","8":"pa_brands-gph","10":"first","11":"instock","12":"sale","13":"shipping-taxable","14":"purchasable","15":"product-type-simple"},"yoast_head":"<!-- This site is optimized with the Yoast SEO plugin v27.5 - https:\/\/yoast.com\/product\/yoast-seo-wordpress\/ -->\n<title>GPH DIFFUSION TRIBULUS EXTRAIT 100 GELULES - paragaleriedetalborjt<\/title>\n<meta name=\"robots\" content=\"index, follow, max-snippet:-1, max-image-preview:large, max-video-preview:-1\" \/>\n<link rel=\"canonical\" href=\"https:\/\/paragaleriedetalborjt.com\/en\/boutique\/gph-diffusion-tribulus-extrait-100-gelules\/\" \/>\n<meta property=\"og:locale\" content=\"en_US\" \/>\n<meta property=\"og:type\" content=\"article\" \/>\n<meta property=\"og:title\" content=\"GPH DIFFUSION TRIBULUS EXTRAIT 100 GELULES - paragaleriedetalborjt\" \/>\n<meta property=\"og:description\" content=\"Highlights:Le compl\u00e9ment alimentaire Vigne rouge bio est indiqu\u00e9 pour r\u00e9duire la sensation de jambes lourdes et fatigu\u00e9es.\" \/>\n<meta property=\"og:url\" content=\"https:\/\/paragaleriedetalborjt.com\/en\/boutique\/gph-diffusion-tribulus-extrait-100-gelules\/\" \/>\n<meta property=\"og:site_name\" content=\"paragaleriedetalborjt\" \/>\n<meta property=\"og:image\" content=\"https:\/\/paragaleriedetalborjt.com\/wp-content\/uploads\/2026\/01\/gph-diffusion-tribulus-extrait-200-gelules.jpg\" \/>\n\t<meta property=\"og:image:width\" content=\"595\" \/>\n\t<meta property=\"og:image:height\" content=\"655\" \/>\n\t<meta property=\"og:image:type\" content=\"image\/jpeg\" \/>\n<meta name=\"twitter:card\" content=\"summary_large_image\" \/>\n<meta name=\"twitter:label1\" content=\"Est. reading time\" \/>\n\t<meta name=\"twitter:data1\" content=\"1 minute\" \/>\n<script type=\"application\/ld+json\" class=\"yoast-schema-graph\">{\"@context\":\"https:\\\/\\\/schema.org\",\"@graph\":[{\"@type\":\"WebPage\",\"@id\":\"https:\\\/\\\/paragaleriedetalborjt.com\\\/boutique\\\/gph-diffusion-tribulus-extrait-100-gelules\\\/\",\"url\":\"https:\\\/\\\/paragaleriedetalborjt.com\\\/boutique\\\/gph-diffusion-tribulus-extrait-100-gelules\\\/\",\"name\":\"GPH DIFFUSION TRIBULUS EXTRAIT 100 GELULES - paragaleriedetalborjt\",\"isPartOf\":{\"@id\":\"https:\\\/\\\/paragaleriedetalborjt.com\\\/#website\"},\"primaryImageOfPage\":{\"@id\":\"https:\\\/\\\/paragaleriedetalborjt.com\\\/boutique\\\/gph-diffusion-tribulus-extrait-100-gelules\\\/#primaryimage\"},\"image\":{\"@id\":\"https:\\\/\\\/paragaleriedetalborjt.com\\\/boutique\\\/gph-diffusion-tribulus-extrait-100-gelules\\\/#primaryimage\"},\"thumbnailUrl\":\"https:\\\/\\\/paragaleriedetalborjt.com\\\/wp-content\\\/uploads\\\/2026\\\/01\\\/gph-diffusion-tribulus-extrait-200-gelules.jpg\",\"datePublished\":\"2026-01-03T21:07:55+00:00\",\"breadcrumb\":{\"@id\":\"https:\\\/\\\/paragaleriedetalborjt.com\\\/boutique\\\/gph-diffusion-tribulus-extrait-100-gelules\\\/#breadcrumb\"},\"inLanguage\":\"en-US\",\"potentialAction\":[{\"@type\":\"ReadAction\",\"target\":[\"https:\\\/\\\/paragaleriedetalborjt.com\\\/boutique\\\/gph-diffusion-tribulus-extrait-100-gelules\\\/\"]}]},{\"@type\":\"ImageObject\",\"inLanguage\":\"en-US\",\"@id\":\"https:\\\/\\\/paragaleriedetalborjt.com\\\/boutique\\\/gph-diffusion-tribulus-extrait-100-gelules\\\/#primaryimage\",\"url\":\"https:\\\/\\\/paragaleriedetalborjt.com\\\/wp-content\\\/uploads\\\/2026\\\/01\\\/gph-diffusion-tribulus-extrait-200-gelules.jpg\",\"contentUrl\":\"https:\\\/\\\/paragaleriedetalborjt.com\\\/wp-content\\\/uploads\\\/2026\\\/01\\\/gph-diffusion-tribulus-extrait-200-gelules.jpg\",\"width\":595,\"height\":655},{\"@type\":\"BreadcrumbList\",\"@id\":\"https:\\\/\\\/paragaleriedetalborjt.com\\\/boutique\\\/gph-diffusion-tribulus-extrait-100-gelules\\\/#breadcrumb\",\"itemListElement\":[{\"@type\":\"ListItem\",\"position\":1,\"name\":\"Accueil\",\"item\":\"https:\\\/\\\/paragaleriedetalborjt.com\\\/\"},{\"@type\":\"ListItem\",\"position\":2,\"name\":\"Boutique\",\"item\":\"https:\\\/\\\/paragaleriedetalborjt.com\\\/boutique\\\/\"},{\"@type\":\"ListItem\",\"position\":3,\"name\":\"GPH DIFFUSION TRIBULUS EXTRAIT 100 GELULES\"}]},{\"@type\":\"WebSite\",\"@id\":\"https:\\\/\\\/paragaleriedetalborjt.com\\\/#website\",\"url\":\"https:\\\/\\\/paragaleriedetalborjt.com\\\/\",\"name\":\"paragaleriedetalborjt\",\"description\":\"\",\"potentialAction\":[{\"@type\":\"SearchAction\",\"target\":{\"@type\":\"EntryPoint\",\"urlTemplate\":\"https:\\\/\\\/paragaleriedetalborjt.com\\\/?s={search_term_string}\"},\"query-input\":{\"@type\":\"PropertyValueSpecification\",\"valueRequired\":true,\"valueName\":\"search_term_string\"}}],\"inLanguage\":\"en-US\"}]}<\/script>\n<!-- \/ Yoast SEO plugin. -->","yoast_head_json":{"title":"GPH DIFFUSION TRIBULUS EXTRAIT 100 GELULES - paragaleriedetalborjt","robots":{"index":"index","follow":"follow","max-snippet":"max-snippet:-1","max-image-preview":"max-image-preview:large","max-video-preview":"max-video-preview:-1"},"canonical":"https:\/\/paragaleriedetalborjt.com\/en\/boutique\/gph-diffusion-tribulus-extrait-100-gelules\/","og_locale":"en_US","og_type":"article","og_title":"GPH DIFFUSION TRIBULUS EXTRAIT 100 GELULES - paragaleriedetalborjt","og_description":"Highlights:Le compl\u00e9ment alimentaire Vigne rouge bio est indiqu\u00e9 pour r\u00e9duire la sensation de jambes lourdes et fatigu\u00e9es.","og_url":"https:\/\/paragaleriedetalborjt.com\/en\/boutique\/gph-diffusion-tribulus-extrait-100-gelules\/","og_site_name":"paragaleriedetalborjt","og_image":[{"width":595,"height":655,"url":"https:\/\/paragaleriedetalborjt.com\/wp-content\/uploads\/2026\/01\/gph-diffusion-tribulus-extrait-200-gelules.jpg","type":"image\/jpeg"}],"twitter_card":"summary_large_image","twitter_misc":{"Est. reading time":"1 minute"},"schema":{"@context":"https:\/\/schema.org","@graph":[{"@type":"WebPage","@id":"https:\/\/paragaleriedetalborjt.com\/boutique\/gph-diffusion-tribulus-extrait-100-gelules\/","url":"https:\/\/paragaleriedetalborjt.com\/boutique\/gph-diffusion-tribulus-extrait-100-gelules\/","name":"GPH DIFFUSION TRIBULUS EXTRAIT 100 GELULES - paragaleriedetalborjt","isPartOf":{"@id":"https:\/\/paragaleriedetalborjt.com\/#website"},"primaryImageOfPage":{"@id":"https:\/\/paragaleriedetalborjt.com\/boutique\/gph-diffusion-tribulus-extrait-100-gelules\/#primaryimage"},"image":{"@id":"https:\/\/paragaleriedetalborjt.com\/boutique\/gph-diffusion-tribulus-extrait-100-gelules\/#primaryimage"},"thumbnailUrl":"https:\/\/paragaleriedetalborjt.com\/wp-content\/uploads\/2026\/01\/gph-diffusion-tribulus-extrait-200-gelules.jpg","datePublished":"2026-01-03T21:07:55+00:00","breadcrumb":{"@id":"https:\/\/paragaleriedetalborjt.com\/boutique\/gph-diffusion-tribulus-extrait-100-gelules\/#breadcrumb"},"inLanguage":"en-US","potentialAction":[{"@type":"ReadAction","target":["https:\/\/paragaleriedetalborjt.com\/boutique\/gph-diffusion-tribulus-extrait-100-gelules\/"]}]},{"@type":"ImageObject","inLanguage":"en-US","@id":"https:\/\/paragaleriedetalborjt.com\/boutique\/gph-diffusion-tribulus-extrait-100-gelules\/#primaryimage","url":"https:\/\/paragaleriedetalborjt.com\/wp-content\/uploads\/2026\/01\/gph-diffusion-tribulus-extrait-200-gelules.jpg","contentUrl":"https:\/\/paragaleriedetalborjt.com\/wp-content\/uploads\/2026\/01\/gph-diffusion-tribulus-extrait-200-gelules.jpg","width":595,"height":655},{"@type":"BreadcrumbList","@id":"https:\/\/paragaleriedetalborjt.com\/boutique\/gph-diffusion-tribulus-extrait-100-gelules\/#breadcrumb","itemListElement":[{"@type":"ListItem","position":1,"name":"Accueil","item":"https:\/\/paragaleriedetalborjt.com\/"},{"@type":"ListItem","position":2,"name":"Boutique","item":"https:\/\/paragaleriedetalborjt.com\/boutique\/"},{"@type":"ListItem","position":3,"name":"GPH DIFFUSION TRIBULUS EXTRAIT 100 GELULES"}]},{"@type":"WebSite","@id":"https:\/\/paragaleriedetalborjt.com\/#website","url":"https:\/\/paragaleriedetalborjt.com\/","name":"paragaleriedetalborjt","description":"","potentialAction":[{"@type":"SearchAction","target":{"@type":"EntryPoint","urlTemplate":"https:\/\/paragaleriedetalborjt.com\/?s={search_term_string}"},"query-input":{"@type":"PropertyValueSpecification","valueRequired":true,"valueName":"search_term_string"}}],"inLanguage":"en-US"}]}},"brands":[{"id":1727,"name":"GPH","slug":"gph"}],"_links":{"self":[{"href":"https:\/\/paragaleriedetalborjt.com\/en\/wp-json\/wp\/v2\/product\/43330","targetHints":{"allow":["GET"]}}],"collection":[{"href":"https:\/\/paragaleriedetalborjt.com\/en\/wp-json\/wp\/v2\/product"}],"about":[{"href":"https:\/\/paragaleriedetalborjt.com\/en\/wp-json\/wp\/v2\/types\/product"}],"replies":[{"embeddable":true,"href":"https:\/\/paragaleriedetalborjt.com\/en\/wp-json\/wp\/v2\/comments?post=43330"}],"version-history":[{"count":1,"href":"https:\/\/paragaleriedetalborjt.com\/en\/wp-json\/wp\/v2\/product\/43330\/revisions"}],"predecessor-version":[{"id":43332,"href":"https:\/\/paragaleriedetalborjt.com\/en\/wp-json\/wp\/v2\/product\/43330\/revisions\/43332"}],"wp:featuredmedia":[{"embeddable":true,"href":"https:\/\/paragaleriedetalborjt.com\/en\/wp-json\/wp\/v2\/media\/43331"}],"wp:attachment":[{"href":"https:\/\/paragaleriedetalborjt.com\/en\/wp-json\/wp\/v2\/media?parent=43330"}],"wp:term":[{"taxonomy":"pwb-brand","embeddable":true,"href":"https:\/\/paragaleriedetalborjt.com\/en\/wp-json\/wp\/v2\/pwb-brand?post=43330"},{"taxonomy":"product_cat","embeddable":true,"href":"https:\/\/paragaleriedetalborjt.com\/en\/wp-json\/wp\/v2\/product_cat?post=43330"},{"taxonomy":"product_tag","embeddable":true,"href":"https:\/\/paragaleriedetalborjt.com\/en\/wp-json\/wp\/v2\/product_tag?post=43330"}],"curies":[{"name":"wp","href":"https:\/\/api.w.org\/{rel}","templated":true}]}}