{"id":43327,"date":"2026-01-03T22:07:45","date_gmt":"2026-01-03T21:07:45","guid":{"rendered":"https:\/\/paragaleriedetalborjt.com\/?post_type=product&#038;p=43327"},"modified":"2026-01-03T22:07:45","modified_gmt":"2026-01-03T21:07:45","slug":"evawin-acnewin-creme-ai-40ml","status":"publish","type":"product","link":"https:\/\/paragaleriedetalborjt.com\/en\/boutique\/evawin-acnewin-creme-ai-40ml\/","title":{"rendered":"EVAWIN ACNEWIN Cr\u00e8me AI 40ml"},"content":{"rendered":"<div aria-labelledby=\"tab-title-description\" class=\"woocommerce-Tabs-panel woocommerce-Tabs-panel--description panel entry-content wc-tab\" id=\"tab-description\" role=\"tabpanel\" style=\"\">\n<h2>Description<\/h2>\n<div>ACNEWIN cr\u00e8me AI est un soin anti-imperfections haute tol\u00e9rance. Formul\u00e9 \u00e0 base de Niacinamide, Acnet et extrait de bardane, ACNEWIN cr\u00e8me AI r\u00e9gule le s\u00e9bum et matifie la peau. Elle permet aussi un peeling en douceur pour affiner le grain de la peau et resserrer les ports dilat\u00e9s. La peau est liss\u00e9e et assainie.<\/div>\n<div>Convient aux peaux mixtes et grasses.<\/div>\n<div>R\u00e9duit les rougeurs et d\u00e9sincruste les ports.<\/div>\n<div>Ce soin est indiqu\u00e9 en cas d\u2019imperfections mod\u00e9r\u00e9es, s\u00e9v\u00e8res et sensibles.<\/div>\n<div><\/div>\n<div>\n<section class=\"elementor-element elementor-element-8a829b0 elementor-section-boxed elementor-section-height-default elementor-section-height-default elementor-section elementor-top-section\" data-element_type=\"section\" data-id=\"8a829b0\">\n<div class=\"elementor-container elementor-column-gap-default\">\n<div class=\"elementor-row\">\n<div class=\"elementor-element elementor-element-5aaf5e2 elementor-column elementor-col-33 elementor-top-column\" data-element_type=\"column\" data-id=\"5aaf5e2\">\n<div class=\"elementor-column-wrap elementor-element-populated\">\n<div class=\"elementor-widget-wrap\">\n<div class=\"elementor-element elementor-element-0a813b4 elementor-widget elementor-widget-image\" data-element_type=\"widget\" data-id=\"0a813b4\" data-widget_type=\"image.default\">\n<div class=\"elementor-widget-container\">\n<div class=\"elementor-image\"><\/div>\n<\/div>\n<\/div>\n<\/div>\n<\/div>\n<\/div>\n<\/div>\n<\/div>\n<\/section>\n<section class=\"elementor-element elementor-element-8870f35 elementor-section-boxed elementor-section-height-default elementor-section-height-default elementor-section elementor-top-section\" data-element_type=\"section\" data-id=\"8870f35\">\n<div class=\"elementor-container elementor-column-gap-default\">\n<div class=\"elementor-row\">\n<div class=\"elementor-element elementor-element-ebe39d2 elementor-column elementor-col-50 elementor-top-column\" data-element_type=\"column\" data-id=\"ebe39d2\">\n<div class=\"elementor-column-wrap elementor-element-populated\">\n<div class=\"elementor-widget-wrap\">\n<div class=\"elementor-element elementor-element-c8e082f elementor-widget elementor-widget-heading\" data-element_type=\"widget\" data-id=\"c8e082f\" data-widget_type=\"heading.default\">\n<div class=\"elementor-widget-container\">\n<h3 class=\"elementor-heading-title elementor-size-large\"><strong>Conseils d\u2019Utilisation : <\/strong> <\/h3>\n<\/div>\n<\/div>\n<div class=\"elementor-element elementor-element-7dde40b elementor-widget elementor-widget-text-editor\" data-element_type=\"widget\" data-id=\"7dde40b\" data-widget_type=\"text-editor.default\">\n<div class=\"elementor-widget-container\">\n<div class=\"elementor-text-editor elementor-clearfix\">\n<div>Appliquer matin et\/ou soir sur une peau parfaitement propre et s\u00e8che.<\/div>\n<div>\n<div class=\"yj6qo\"><\/div>\n<\/div>\n<\/div>\n<\/div>\n<\/div>\n<\/div>\n<\/div>\n<\/div>\n<div class=\"elementor-element elementor-element-1f009cf elementor-column elementor-col-50 elementor-top-column\" data-element_type=\"column\" data-id=\"1f009cf\">\n<div class=\"elementor-column-wrap elementor-element-populated\">\n<div class=\"elementor-widget-wrap\">\n<div class=\"elementor-element elementor-element-1fe0ed9 elementor-widget elementor-widget-heading\" data-element_type=\"widget\" data-id=\"1fe0ed9\" data-widget_type=\"heading.default\">\n<div class=\"elementor-widget-container\">\n<h3 class=\"elementor-heading-title elementor-size-large\">PRECAUTIONS D\u2019EMPLOI \u00a0:<\/h3>\n<\/div>\n<\/div>\n<div class=\"elementor-element elementor-element-a021b7e elementor-widget elementor-widget-text-editor\" data-element_type=\"widget\" data-id=\"a021b7e\" data-widget_type=\"text-editor.default\">\n<div class=\"elementor-widget-container\">\n<div class=\"elementor-text-editor elementor-clearfix\">\n<div>\u2013 Usage externe uniquement, ne pas avaler.<\/div>\n<div>\u2013 Eviter le contact avec les yeux.<\/div>\n<div>\u2013 Ne pas laisser \u00e0 la port\u00e9e des enfants.<\/div>\n<div>\n<p>\u2013 Ne pas utiliser en cas d\u2019allergie \u00e0 l\u2019un des constituants.<\/p>\n<div class=\"elementor-element elementor-element-4c2762ab elementor-widget elementor-widget-heading\" data-element_type=\"widget\" data-id=\"4c2762ab\" data-widget_type=\"heading.default\">\n<div class=\"elementor-widget-container\">\n<h3 class=\"elementor-heading-title elementor-size-large\">INGR\u00c9DIENTS:<\/h3>\n<\/div>\n<\/div>\n<div class=\"elementor-element elementor-element-7111034 elementor-widget elementor-widget-text-editor\" data-element_type=\"widget\" data-id=\"7111034\" data-widget_type=\"text-editor.default\">\n<div class=\"elementor-widget-container\">\n<div class=\"elementor-text-editor elementor-clearfix\">\n<div>\n<div>\u2022 \u00a0EXTRAIT DE BARDANE : Anti-inflammatoire \/ astringentes \/ apaisantes \/ anti-imperfection.<\/div>\n<div>\u2022 \u00a0NIACINAMIDE B3 : S\u00e9bo-r\u00e9gulateur et anti-inflammatoire.<\/div>\n<div>\u2022 \u00a0ACIDE LACTIQUE : (Aussi appel\u00e9 lactate) Hydratant, prot\u00e8ge la peau et r\u00e9gule son pH, Il absorbe et retient l\u2019humidit\u00e9 dans la couche ext\u00e9rieure de la peau.<\/div>\n<div>\u2022 \u00a0ACIDE SALYCILIQUE : Exfoliant \/ Antibact\u00e9rien \/ Purifiant et Astringent.<\/div>\n<div>\u2022 \u00a0ALOE VERA : Apaisant \/ Assainissant \/ R\u00e9parateur \/ Hydratant \/ Nutritif \/ Exfoliant.<\/div>\n<div>\u2022 \u00a0HUILE D\u2019ARBRE \u00c0 TH\u00c9 : Assainissante \/ Rafra\u00eechissante \/ Purifiante \/ R\u00e9duit les impuret\u00e9s \/ Nettoie la peau en profondeur \/ \u00c9vite l\u2019accumulation des bact\u00e9ries \u00a0et l\u2019exc\u00e8s de s\u00e9bum.<\/div>\n<\/div>\n<div><\/div>\n<\/div>\n<\/div>\n<\/div>\n<div class=\"yj6qo\"><\/div>\n<\/div>\n<\/div>\n<\/div>\n<\/div>\n<\/div>\n<\/div>\n<\/div>\n<\/div>\n<\/div>\n<\/section>\n<\/div>\n<div><\/div>\n<div><\/div>\n<\/div>","protected":false},"excerpt":{"rendered":"<p>Highlights:Parfaite base de maquillage.<\/p>","protected":false},"featured_media":43328,"comment_status":"open","ping_status":"closed","template":"","meta":[],"pwb-brand":[1815],"product_cat":[16],"product_tag":[],"class_list":{"0":"post-43327","1":"product","2":"type-product","3":"status-publish","4":"has-post-thumbnail","6":"pwb-brand-evawin","7":"product_cat-non-classe","8":"pa_brands-evawin","10":"first","11":"instock","12":"sale","13":"shipping-taxable","14":"purchasable","15":"product-type-simple"},"yoast_head":"<!-- This site is optimized with the Yoast SEO plugin v27.5 - https:\/\/yoast.com\/product\/yoast-seo-wordpress\/ -->\n<title>EVAWIN ACNEWIN Cr\u00e8me AI 40ml - paragaleriedetalborjt<\/title>\n<meta name=\"robots\" content=\"index, follow, max-snippet:-1, max-image-preview:large, max-video-preview:-1\" \/>\n<link rel=\"canonical\" href=\"https:\/\/paragaleriedetalborjt.com\/en\/boutique\/evawin-acnewin-creme-ai-40ml\/\" \/>\n<meta property=\"og:locale\" content=\"en_US\" \/>\n<meta property=\"og:type\" content=\"article\" \/>\n<meta property=\"og:title\" content=\"EVAWIN ACNEWIN Cr\u00e8me AI 40ml - paragaleriedetalborjt\" \/>\n<meta property=\"og:description\" content=\"Highlights:Parfaite base de maquillage.\" \/>\n<meta property=\"og:url\" content=\"https:\/\/paragaleriedetalborjt.com\/en\/boutique\/evawin-acnewin-creme-ai-40ml\/\" \/>\n<meta property=\"og:site_name\" content=\"paragaleriedetalborjt\" \/>\n<meta property=\"og:image\" content=\"https:\/\/paragaleriedetalborjt.com\/wp-content\/uploads\/2026\/01\/acnewin-ai.jpg\" \/>\n\t<meta property=\"og:image:width\" content=\"595\" \/>\n\t<meta property=\"og:image:height\" content=\"655\" \/>\n\t<meta property=\"og:image:type\" content=\"image\/jpeg\" \/>\n<meta name=\"twitter:card\" content=\"summary_large_image\" \/>\n<meta name=\"twitter:label1\" content=\"Est. reading time\" \/>\n\t<meta name=\"twitter:data1\" content=\"1 minute\" \/>\n<script type=\"application\/ld+json\" class=\"yoast-schema-graph\">{\"@context\":\"https:\\\/\\\/schema.org\",\"@graph\":[{\"@type\":\"WebPage\",\"@id\":\"https:\\\/\\\/paragaleriedetalborjt.com\\\/boutique\\\/evawin-acnewin-creme-ai-40ml\\\/\",\"url\":\"https:\\\/\\\/paragaleriedetalborjt.com\\\/boutique\\\/evawin-acnewin-creme-ai-40ml\\\/\",\"name\":\"EVAWIN ACNEWIN Cr\u00e8me AI 40ml - paragaleriedetalborjt\",\"isPartOf\":{\"@id\":\"https:\\\/\\\/paragaleriedetalborjt.com\\\/#website\"},\"primaryImageOfPage\":{\"@id\":\"https:\\\/\\\/paragaleriedetalborjt.com\\\/boutique\\\/evawin-acnewin-creme-ai-40ml\\\/#primaryimage\"},\"image\":{\"@id\":\"https:\\\/\\\/paragaleriedetalborjt.com\\\/boutique\\\/evawin-acnewin-creme-ai-40ml\\\/#primaryimage\"},\"thumbnailUrl\":\"https:\\\/\\\/paragaleriedetalborjt.com\\\/wp-content\\\/uploads\\\/2026\\\/01\\\/acnewin-ai.jpg\",\"datePublished\":\"2026-01-03T21:07:45+00:00\",\"breadcrumb\":{\"@id\":\"https:\\\/\\\/paragaleriedetalborjt.com\\\/boutique\\\/evawin-acnewin-creme-ai-40ml\\\/#breadcrumb\"},\"inLanguage\":\"en-US\",\"potentialAction\":[{\"@type\":\"ReadAction\",\"target\":[\"https:\\\/\\\/paragaleriedetalborjt.com\\\/boutique\\\/evawin-acnewin-creme-ai-40ml\\\/\"]}]},{\"@type\":\"ImageObject\",\"inLanguage\":\"en-US\",\"@id\":\"https:\\\/\\\/paragaleriedetalborjt.com\\\/boutique\\\/evawin-acnewin-creme-ai-40ml\\\/#primaryimage\",\"url\":\"https:\\\/\\\/paragaleriedetalborjt.com\\\/wp-content\\\/uploads\\\/2026\\\/01\\\/acnewin-ai.jpg\",\"contentUrl\":\"https:\\\/\\\/paragaleriedetalborjt.com\\\/wp-content\\\/uploads\\\/2026\\\/01\\\/acnewin-ai.jpg\",\"width\":595,\"height\":655},{\"@type\":\"BreadcrumbList\",\"@id\":\"https:\\\/\\\/paragaleriedetalborjt.com\\\/boutique\\\/evawin-acnewin-creme-ai-40ml\\\/#breadcrumb\",\"itemListElement\":[{\"@type\":\"ListItem\",\"position\":1,\"name\":\"Accueil\",\"item\":\"https:\\\/\\\/paragaleriedetalborjt.com\\\/\"},{\"@type\":\"ListItem\",\"position\":2,\"name\":\"Boutique\",\"item\":\"https:\\\/\\\/paragaleriedetalborjt.com\\\/boutique\\\/\"},{\"@type\":\"ListItem\",\"position\":3,\"name\":\"EVAWIN ACNEWIN Cr\u00e8me AI 40ml\"}]},{\"@type\":\"WebSite\",\"@id\":\"https:\\\/\\\/paragaleriedetalborjt.com\\\/#website\",\"url\":\"https:\\\/\\\/paragaleriedetalborjt.com\\\/\",\"name\":\"paragaleriedetalborjt\",\"description\":\"\",\"potentialAction\":[{\"@type\":\"SearchAction\",\"target\":{\"@type\":\"EntryPoint\",\"urlTemplate\":\"https:\\\/\\\/paragaleriedetalborjt.com\\\/?s={search_term_string}\"},\"query-input\":{\"@type\":\"PropertyValueSpecification\",\"valueRequired\":true,\"valueName\":\"search_term_string\"}}],\"inLanguage\":\"en-US\"}]}<\/script>\n<!-- \/ Yoast SEO plugin. -->","yoast_head_json":{"title":"EVAWIN ACNEWIN Cr\u00e8me AI 40ml - paragaleriedetalborjt","robots":{"index":"index","follow":"follow","max-snippet":"max-snippet:-1","max-image-preview":"max-image-preview:large","max-video-preview":"max-video-preview:-1"},"canonical":"https:\/\/paragaleriedetalborjt.com\/en\/boutique\/evawin-acnewin-creme-ai-40ml\/","og_locale":"en_US","og_type":"article","og_title":"EVAWIN ACNEWIN Cr\u00e8me AI 40ml - paragaleriedetalborjt","og_description":"Highlights:Parfaite base de maquillage.","og_url":"https:\/\/paragaleriedetalborjt.com\/en\/boutique\/evawin-acnewin-creme-ai-40ml\/","og_site_name":"paragaleriedetalborjt","og_image":[{"width":595,"height":655,"url":"https:\/\/paragaleriedetalborjt.com\/wp-content\/uploads\/2026\/01\/acnewin-ai.jpg","type":"image\/jpeg"}],"twitter_card":"summary_large_image","twitter_misc":{"Est. reading time":"1 minute"},"schema":{"@context":"https:\/\/schema.org","@graph":[{"@type":"WebPage","@id":"https:\/\/paragaleriedetalborjt.com\/boutique\/evawin-acnewin-creme-ai-40ml\/","url":"https:\/\/paragaleriedetalborjt.com\/boutique\/evawin-acnewin-creme-ai-40ml\/","name":"EVAWIN ACNEWIN Cr\u00e8me AI 40ml - paragaleriedetalborjt","isPartOf":{"@id":"https:\/\/paragaleriedetalborjt.com\/#website"},"primaryImageOfPage":{"@id":"https:\/\/paragaleriedetalborjt.com\/boutique\/evawin-acnewin-creme-ai-40ml\/#primaryimage"},"image":{"@id":"https:\/\/paragaleriedetalborjt.com\/boutique\/evawin-acnewin-creme-ai-40ml\/#primaryimage"},"thumbnailUrl":"https:\/\/paragaleriedetalborjt.com\/wp-content\/uploads\/2026\/01\/acnewin-ai.jpg","datePublished":"2026-01-03T21:07:45+00:00","breadcrumb":{"@id":"https:\/\/paragaleriedetalborjt.com\/boutique\/evawin-acnewin-creme-ai-40ml\/#breadcrumb"},"inLanguage":"en-US","potentialAction":[{"@type":"ReadAction","target":["https:\/\/paragaleriedetalborjt.com\/boutique\/evawin-acnewin-creme-ai-40ml\/"]}]},{"@type":"ImageObject","inLanguage":"en-US","@id":"https:\/\/paragaleriedetalborjt.com\/boutique\/evawin-acnewin-creme-ai-40ml\/#primaryimage","url":"https:\/\/paragaleriedetalborjt.com\/wp-content\/uploads\/2026\/01\/acnewin-ai.jpg","contentUrl":"https:\/\/paragaleriedetalborjt.com\/wp-content\/uploads\/2026\/01\/acnewin-ai.jpg","width":595,"height":655},{"@type":"BreadcrumbList","@id":"https:\/\/paragaleriedetalborjt.com\/boutique\/evawin-acnewin-creme-ai-40ml\/#breadcrumb","itemListElement":[{"@type":"ListItem","position":1,"name":"Accueil","item":"https:\/\/paragaleriedetalborjt.com\/"},{"@type":"ListItem","position":2,"name":"Boutique","item":"https:\/\/paragaleriedetalborjt.com\/boutique\/"},{"@type":"ListItem","position":3,"name":"EVAWIN ACNEWIN Cr\u00e8me AI 40ml"}]},{"@type":"WebSite","@id":"https:\/\/paragaleriedetalborjt.com\/#website","url":"https:\/\/paragaleriedetalborjt.com\/","name":"paragaleriedetalborjt","description":"","potentialAction":[{"@type":"SearchAction","target":{"@type":"EntryPoint","urlTemplate":"https:\/\/paragaleriedetalborjt.com\/?s={search_term_string}"},"query-input":{"@type":"PropertyValueSpecification","valueRequired":true,"valueName":"search_term_string"}}],"inLanguage":"en-US"}]}},"brands":[{"id":1815,"name":"EVAWIN","slug":"evawin"}],"_links":{"self":[{"href":"https:\/\/paragaleriedetalborjt.com\/en\/wp-json\/wp\/v2\/product\/43327","targetHints":{"allow":["GET"]}}],"collection":[{"href":"https:\/\/paragaleriedetalborjt.com\/en\/wp-json\/wp\/v2\/product"}],"about":[{"href":"https:\/\/paragaleriedetalborjt.com\/en\/wp-json\/wp\/v2\/types\/product"}],"replies":[{"embeddable":true,"href":"https:\/\/paragaleriedetalborjt.com\/en\/wp-json\/wp\/v2\/comments?post=43327"}],"version-history":[{"count":1,"href":"https:\/\/paragaleriedetalborjt.com\/en\/wp-json\/wp\/v2\/product\/43327\/revisions"}],"predecessor-version":[{"id":43329,"href":"https:\/\/paragaleriedetalborjt.com\/en\/wp-json\/wp\/v2\/product\/43327\/revisions\/43329"}],"wp:featuredmedia":[{"embeddable":true,"href":"https:\/\/paragaleriedetalborjt.com\/en\/wp-json\/wp\/v2\/media\/43328"}],"wp:attachment":[{"href":"https:\/\/paragaleriedetalborjt.com\/en\/wp-json\/wp\/v2\/media?parent=43327"}],"wp:term":[{"taxonomy":"pwb-brand","embeddable":true,"href":"https:\/\/paragaleriedetalborjt.com\/en\/wp-json\/wp\/v2\/pwb-brand?post=43327"},{"taxonomy":"product_cat","embeddable":true,"href":"https:\/\/paragaleriedetalborjt.com\/en\/wp-json\/wp\/v2\/product_cat?post=43327"},{"taxonomy":"product_tag","embeddable":true,"href":"https:\/\/paragaleriedetalborjt.com\/en\/wp-json\/wp\/v2\/product_tag?post=43327"}],"curies":[{"name":"wp","href":"https:\/\/api.w.org\/{rel}","templated":true}]}}