{"id":43324,"date":"2026-01-03T22:07:39","date_gmt":"2026-01-03T21:07:39","guid":{"rendered":"https:\/\/paragaleriedetalborjt.com\/?post_type=product&#038;p=43324"},"modified":"2026-01-03T22:07:39","modified_gmt":"2026-01-03T21:07:39","slug":"physio-natura-energheia-serum-a-la-vitamine-c-30ml","status":"publish","type":"product","link":"https:\/\/paragaleriedetalborjt.com\/en\/boutique\/physio-natura-energheia-serum-a-la-vitamine-c-30ml\/","title":{"rendered":"Physio Natura Energheia serum a la vitamine C 30ml"},"content":{"rendered":"<div aria-labelledby=\"tab-title-description\" class=\"woocommerce-Tabs-panel woocommerce-Tabs-panel--description panel entry-content wc-tab\" id=\"tab-description\" role=\"tabpanel\" style=\"\">\n<h2>Description<\/h2>\n<div class=\"description-block\">\n<h5><span>DESCRIPTION DU PRODUIT<\/span><\/h5>\n<div class=\"product-description\">\n<p><span>S\u00e9rum riche et soyeux qui fond dans la peau la laissant incroyablement \u00e9clatante et velout\u00e9e.\u00a0Son efficacit\u00e9 agit sur trois fronts : il nourrit la peau, combat la formation de radicaux libres et restaure l\u2019\u00e9quilibre naturel des tissus.\u00a0Gr\u00e2ce \u00e0 la teneur de sa formule en Vitamine C, l\u2019un des antioxydants naturels les plus puissants, et \u00e0 un m\u00e9lange d\u2019ingr\u00e9dients actifs d\u2019origine v\u00e9g\u00e9tale, il pr\u00e9serve parfaitement la jeunesse du visage et du cou avec un effet rafra\u00eechissant, \u00e9nergisant et tonifiant imm\u00e9diat.<\/span><\/p>\n<\/div>\n<\/div>\n<div class=\"clearboth\"><\/div>\n<div class=\"product-use\">\n<h5><span>UTILISATION SUGG\u00c9R\u00c9E<\/span><\/h5>\n<p><span>Appliquer sur le visage et le cou bien nettoy\u00e9s en massant doucement jusqu\u2019\u00e0 absorption compl\u00e8te.<\/span><\/p>\n<\/div>\n<\/div>","protected":false},"excerpt":{"rendered":"<p>Highlights:Nettoie et hydrate en douceur, sans alt\u00e9rer la barri\u00e8re protectrice de la peau. Texture cr\u00e9meuse moussante et hydratante.\u2022 Besoin :Nettoyer | Hydrater | Peau normale \u00e0 s\u00e8che | Peau sensible.\u2022 Ingr\u00e9dients Cl\u00e9s :C\u00e9ramides (1, 3 et 6-II) pour prot\u00e9ger et nourrir | Acide Hyaluronique pour maintenir la peau hydrat\u00e9e.\u2022S\u00e9curit\u00e9 :Doux pour la peau | Sans Parfum | Hypoallerg\u00e9nique | Non-Com\u00e9dog\u00e8ne.\u2022 Utilisation :Appliquer sur peau mouill\u00e9e. Masser puis rincer. Visage et Corps.<\/p>","protected":false},"featured_media":43325,"comment_status":"open","ping_status":"closed","template":"","meta":[],"pwb-brand":[2127],"product_cat":[16],"product_tag":[],"class_list":{"0":"post-43324","1":"product","2":"type-product","3":"status-publish","4":"has-post-thumbnail","6":"pwb-brand-physio-natura","7":"product_cat-non-classe","8":"pa_brands-physio-natura","10":"first","11":"instock","12":"sale","13":"shipping-taxable","14":"purchasable","15":"product-type-simple"},"yoast_head":"<!-- This site is optimized with the Yoast SEO plugin v27.5 - https:\/\/yoast.com\/product\/yoast-seo-wordpress\/ -->\n<title>Physio Natura Energheia serum a la vitamine C 30ml - paragaleriedetalborjt<\/title>\n<meta name=\"robots\" content=\"index, follow, max-snippet:-1, max-image-preview:large, max-video-preview:-1\" \/>\n<link rel=\"canonical\" href=\"https:\/\/paragaleriedetalborjt.com\/en\/boutique\/physio-natura-energheia-serum-a-la-vitamine-c-30ml\/\" \/>\n<meta property=\"og:locale\" content=\"en_US\" \/>\n<meta property=\"og:type\" content=\"article\" \/>\n<meta property=\"og:title\" content=\"Physio Natura Energheia serum a la vitamine C 30ml - paragaleriedetalborjt\" \/>\n<meta property=\"og:description\" content=\"Highlights:Nettoie et hydrate en douceur, sans alt\u00e9rer la barri\u00e8re protectrice de la peau. Texture cr\u00e9meuse moussante et hydratante.\u2022 Besoin :Nettoyer | Hydrater | Peau normale \u00e0 s\u00e8che | Peau sensible.\u2022 Ingr\u00e9dients Cl\u00e9s :C\u00e9ramides (1, 3 et 6-II) pour prot\u00e9ger et nourrir | Acide Hyaluronique pour maintenir la peau hydrat\u00e9e.\u2022S\u00e9curit\u00e9 :Doux pour la peau | Sans Parfum | Hypoallerg\u00e9nique | Non-Com\u00e9dog\u00e8ne.\u2022 Utilisation :Appliquer sur peau mouill\u00e9e. Masser puis rincer. Visage et Corps.\" \/>\n<meta property=\"og:url\" content=\"https:\/\/paragaleriedetalborjt.com\/en\/boutique\/physio-natura-energheia-serum-a-la-vitamine-c-30ml\/\" \/>\n<meta property=\"og:site_name\" content=\"paragaleriedetalborjt\" \/>\n<meta property=\"og:image\" content=\"https:\/\/paragaleriedetalborjt.com\/wp-content\/uploads\/2026\/01\/Physio_Natura_Energheia_serum_a_la_vitamine_C_30ml-removebg-preview.jpg\" \/>\n\t<meta property=\"og:image:width\" content=\"596\" \/>\n\t<meta property=\"og:image:height\" content=\"656\" \/>\n\t<meta property=\"og:image:type\" content=\"image\/jpeg\" \/>\n<meta name=\"twitter:card\" content=\"summary_large_image\" \/>\n<meta name=\"twitter:label1\" content=\"Est. reading time\" \/>\n\t<meta name=\"twitter:data1\" content=\"1 minute\" \/>\n<script type=\"application\/ld+json\" class=\"yoast-schema-graph\">{\"@context\":\"https:\\\/\\\/schema.org\",\"@graph\":[{\"@type\":\"WebPage\",\"@id\":\"https:\\\/\\\/paragaleriedetalborjt.com\\\/boutique\\\/physio-natura-energheia-serum-a-la-vitamine-c-30ml\\\/\",\"url\":\"https:\\\/\\\/paragaleriedetalborjt.com\\\/boutique\\\/physio-natura-energheia-serum-a-la-vitamine-c-30ml\\\/\",\"name\":\"Physio Natura Energheia serum a la vitamine C 30ml - paragaleriedetalborjt\",\"isPartOf\":{\"@id\":\"https:\\\/\\\/paragaleriedetalborjt.com\\\/#website\"},\"primaryImageOfPage\":{\"@id\":\"https:\\\/\\\/paragaleriedetalborjt.com\\\/boutique\\\/physio-natura-energheia-serum-a-la-vitamine-c-30ml\\\/#primaryimage\"},\"image\":{\"@id\":\"https:\\\/\\\/paragaleriedetalborjt.com\\\/boutique\\\/physio-natura-energheia-serum-a-la-vitamine-c-30ml\\\/#primaryimage\"},\"thumbnailUrl\":\"https:\\\/\\\/paragaleriedetalborjt.com\\\/wp-content\\\/uploads\\\/2026\\\/01\\\/Physio_Natura_Energheia_serum_a_la_vitamine_C_30ml-removebg-preview.jpg\",\"datePublished\":\"2026-01-03T21:07:39+00:00\",\"breadcrumb\":{\"@id\":\"https:\\\/\\\/paragaleriedetalborjt.com\\\/boutique\\\/physio-natura-energheia-serum-a-la-vitamine-c-30ml\\\/#breadcrumb\"},\"inLanguage\":\"en-US\",\"potentialAction\":[{\"@type\":\"ReadAction\",\"target\":[\"https:\\\/\\\/paragaleriedetalborjt.com\\\/boutique\\\/physio-natura-energheia-serum-a-la-vitamine-c-30ml\\\/\"]}]},{\"@type\":\"ImageObject\",\"inLanguage\":\"en-US\",\"@id\":\"https:\\\/\\\/paragaleriedetalborjt.com\\\/boutique\\\/physio-natura-energheia-serum-a-la-vitamine-c-30ml\\\/#primaryimage\",\"url\":\"https:\\\/\\\/paragaleriedetalborjt.com\\\/wp-content\\\/uploads\\\/2026\\\/01\\\/Physio_Natura_Energheia_serum_a_la_vitamine_C_30ml-removebg-preview.jpg\",\"contentUrl\":\"https:\\\/\\\/paragaleriedetalborjt.com\\\/wp-content\\\/uploads\\\/2026\\\/01\\\/Physio_Natura_Energheia_serum_a_la_vitamine_C_30ml-removebg-preview.jpg\",\"width\":596,\"height\":656},{\"@type\":\"BreadcrumbList\",\"@id\":\"https:\\\/\\\/paragaleriedetalborjt.com\\\/boutique\\\/physio-natura-energheia-serum-a-la-vitamine-c-30ml\\\/#breadcrumb\",\"itemListElement\":[{\"@type\":\"ListItem\",\"position\":1,\"name\":\"Accueil\",\"item\":\"https:\\\/\\\/paragaleriedetalborjt.com\\\/\"},{\"@type\":\"ListItem\",\"position\":2,\"name\":\"Boutique\",\"item\":\"https:\\\/\\\/paragaleriedetalborjt.com\\\/boutique\\\/\"},{\"@type\":\"ListItem\",\"position\":3,\"name\":\"Physio Natura Energheia serum a la vitamine C 30ml\"}]},{\"@type\":\"WebSite\",\"@id\":\"https:\\\/\\\/paragaleriedetalborjt.com\\\/#website\",\"url\":\"https:\\\/\\\/paragaleriedetalborjt.com\\\/\",\"name\":\"paragaleriedetalborjt\",\"description\":\"\",\"potentialAction\":[{\"@type\":\"SearchAction\",\"target\":{\"@type\":\"EntryPoint\",\"urlTemplate\":\"https:\\\/\\\/paragaleriedetalborjt.com\\\/?s={search_term_string}\"},\"query-input\":{\"@type\":\"PropertyValueSpecification\",\"valueRequired\":true,\"valueName\":\"search_term_string\"}}],\"inLanguage\":\"en-US\"}]}<\/script>\n<!-- \/ Yoast SEO plugin. -->","yoast_head_json":{"title":"Physio Natura Energheia serum a la vitamine C 30ml - paragaleriedetalborjt","robots":{"index":"index","follow":"follow","max-snippet":"max-snippet:-1","max-image-preview":"max-image-preview:large","max-video-preview":"max-video-preview:-1"},"canonical":"https:\/\/paragaleriedetalborjt.com\/en\/boutique\/physio-natura-energheia-serum-a-la-vitamine-c-30ml\/","og_locale":"en_US","og_type":"article","og_title":"Physio Natura Energheia serum a la vitamine C 30ml - paragaleriedetalborjt","og_description":"Highlights:Nettoie et hydrate en douceur, sans alt\u00e9rer la barri\u00e8re protectrice de la peau. Texture cr\u00e9meuse moussante et hydratante.\u2022 Besoin :Nettoyer | Hydrater | Peau normale \u00e0 s\u00e8che | Peau sensible.\u2022 Ingr\u00e9dients Cl\u00e9s :C\u00e9ramides (1, 3 et 6-II) pour prot\u00e9ger et nourrir | Acide Hyaluronique pour maintenir la peau hydrat\u00e9e.\u2022S\u00e9curit\u00e9 :Doux pour la peau | Sans Parfum | Hypoallerg\u00e9nique | Non-Com\u00e9dog\u00e8ne.\u2022 Utilisation :Appliquer sur peau mouill\u00e9e. Masser puis rincer. Visage et Corps.","og_url":"https:\/\/paragaleriedetalborjt.com\/en\/boutique\/physio-natura-energheia-serum-a-la-vitamine-c-30ml\/","og_site_name":"paragaleriedetalborjt","og_image":[{"width":596,"height":656,"url":"https:\/\/paragaleriedetalborjt.com\/wp-content\/uploads\/2026\/01\/Physio_Natura_Energheia_serum_a_la_vitamine_C_30ml-removebg-preview.jpg","type":"image\/jpeg"}],"twitter_card":"summary_large_image","twitter_misc":{"Est. reading time":"1 minute"},"schema":{"@context":"https:\/\/schema.org","@graph":[{"@type":"WebPage","@id":"https:\/\/paragaleriedetalborjt.com\/boutique\/physio-natura-energheia-serum-a-la-vitamine-c-30ml\/","url":"https:\/\/paragaleriedetalborjt.com\/boutique\/physio-natura-energheia-serum-a-la-vitamine-c-30ml\/","name":"Physio Natura Energheia serum a la vitamine C 30ml - paragaleriedetalborjt","isPartOf":{"@id":"https:\/\/paragaleriedetalborjt.com\/#website"},"primaryImageOfPage":{"@id":"https:\/\/paragaleriedetalborjt.com\/boutique\/physio-natura-energheia-serum-a-la-vitamine-c-30ml\/#primaryimage"},"image":{"@id":"https:\/\/paragaleriedetalborjt.com\/boutique\/physio-natura-energheia-serum-a-la-vitamine-c-30ml\/#primaryimage"},"thumbnailUrl":"https:\/\/paragaleriedetalborjt.com\/wp-content\/uploads\/2026\/01\/Physio_Natura_Energheia_serum_a_la_vitamine_C_30ml-removebg-preview.jpg","datePublished":"2026-01-03T21:07:39+00:00","breadcrumb":{"@id":"https:\/\/paragaleriedetalborjt.com\/boutique\/physio-natura-energheia-serum-a-la-vitamine-c-30ml\/#breadcrumb"},"inLanguage":"en-US","potentialAction":[{"@type":"ReadAction","target":["https:\/\/paragaleriedetalborjt.com\/boutique\/physio-natura-energheia-serum-a-la-vitamine-c-30ml\/"]}]},{"@type":"ImageObject","inLanguage":"en-US","@id":"https:\/\/paragaleriedetalborjt.com\/boutique\/physio-natura-energheia-serum-a-la-vitamine-c-30ml\/#primaryimage","url":"https:\/\/paragaleriedetalborjt.com\/wp-content\/uploads\/2026\/01\/Physio_Natura_Energheia_serum_a_la_vitamine_C_30ml-removebg-preview.jpg","contentUrl":"https:\/\/paragaleriedetalborjt.com\/wp-content\/uploads\/2026\/01\/Physio_Natura_Energheia_serum_a_la_vitamine_C_30ml-removebg-preview.jpg","width":596,"height":656},{"@type":"BreadcrumbList","@id":"https:\/\/paragaleriedetalborjt.com\/boutique\/physio-natura-energheia-serum-a-la-vitamine-c-30ml\/#breadcrumb","itemListElement":[{"@type":"ListItem","position":1,"name":"Accueil","item":"https:\/\/paragaleriedetalborjt.com\/"},{"@type":"ListItem","position":2,"name":"Boutique","item":"https:\/\/paragaleriedetalborjt.com\/boutique\/"},{"@type":"ListItem","position":3,"name":"Physio Natura Energheia serum a la vitamine C 30ml"}]},{"@type":"WebSite","@id":"https:\/\/paragaleriedetalborjt.com\/#website","url":"https:\/\/paragaleriedetalborjt.com\/","name":"paragaleriedetalborjt","description":"","potentialAction":[{"@type":"SearchAction","target":{"@type":"EntryPoint","urlTemplate":"https:\/\/paragaleriedetalborjt.com\/?s={search_term_string}"},"query-input":{"@type":"PropertyValueSpecification","valueRequired":true,"valueName":"search_term_string"}}],"inLanguage":"en-US"}]}},"brands":[{"id":2127,"name":"PHYSIO NATURA","slug":"physio-natura"}],"_links":{"self":[{"href":"https:\/\/paragaleriedetalborjt.com\/en\/wp-json\/wp\/v2\/product\/43324","targetHints":{"allow":["GET"]}}],"collection":[{"href":"https:\/\/paragaleriedetalborjt.com\/en\/wp-json\/wp\/v2\/product"}],"about":[{"href":"https:\/\/paragaleriedetalborjt.com\/en\/wp-json\/wp\/v2\/types\/product"}],"replies":[{"embeddable":true,"href":"https:\/\/paragaleriedetalborjt.com\/en\/wp-json\/wp\/v2\/comments?post=43324"}],"version-history":[{"count":1,"href":"https:\/\/paragaleriedetalborjt.com\/en\/wp-json\/wp\/v2\/product\/43324\/revisions"}],"predecessor-version":[{"id":43326,"href":"https:\/\/paragaleriedetalborjt.com\/en\/wp-json\/wp\/v2\/product\/43324\/revisions\/43326"}],"wp:featuredmedia":[{"embeddable":true,"href":"https:\/\/paragaleriedetalborjt.com\/en\/wp-json\/wp\/v2\/media\/43325"}],"wp:attachment":[{"href":"https:\/\/paragaleriedetalborjt.com\/en\/wp-json\/wp\/v2\/media?parent=43324"}],"wp:term":[{"taxonomy":"pwb-brand","embeddable":true,"href":"https:\/\/paragaleriedetalborjt.com\/en\/wp-json\/wp\/v2\/pwb-brand?post=43324"},{"taxonomy":"product_cat","embeddable":true,"href":"https:\/\/paragaleriedetalborjt.com\/en\/wp-json\/wp\/v2\/product_cat?post=43324"},{"taxonomy":"product_tag","embeddable":true,"href":"https:\/\/paragaleriedetalborjt.com\/en\/wp-json\/wp\/v2\/product_tag?post=43324"}],"curies":[{"name":"wp","href":"https:\/\/api.w.org\/{rel}","templated":true}]}}