{"id":43321,"date":"2026-01-03T22:07:33","date_gmt":"2026-01-03T21:07:33","guid":{"rendered":"https:\/\/paragaleriedetalborjt.com\/?post_type=product&#038;p=43321"},"modified":"2026-01-03T22:07:33","modified_gmt":"2026-01-03T21:07:33","slug":"physio-natura-rejuva-serum-poches-et-cermes-20ml","status":"publish","type":"product","link":"https:\/\/paragaleriedetalborjt.com\/en\/boutique\/physio-natura-rejuva-serum-poches-et-cermes-20ml\/","title":{"rendered":"Physio Natura Rejuva Serum Poches et cermes 20ml"},"content":{"rendered":"<div aria-labelledby=\"tab-title-description\" class=\"woocommerce-Tabs-panel woocommerce-Tabs-panel--description panel entry-content wc-tab\" id=\"tab-description\" role=\"tabpanel\" style=\"\">\n<h2>Description<\/h2>\n<h2 class=\"default\">Description du produit<\/h2>\n<div class=\"a-section a-spacing-small\" id=\"productDescription\">\n<h3>Description du produit<\/h3>\n<p>S\u00e9rum \u00e0 base de phyto-extraits drainants qui apportent de l\u2019\u00e9clat et stimulent la microcirculation capillaire.<\/p>\n<h3>Ingr\u00e9dients<\/h3>\n<p>Beurre De Karit\u00e9, Panth\u00e9nol, E.G. Camomille, E.G. Vigne Rouge, Huile De Jojoba, Escine, Vitamine A, Glyc\u00e9rine, Peptides, C\u00e9ramides<\/p>\n<div class=\"a-row a-expander-container a-expander-extend-container\" data-a-expander-name=\"toggle_description\">\n<div class=\"a-expander-content a-expander-extend-content a-expander-content-expanded\">\n<h3>Mode d\u2019emploi<\/h3>\n<p>Appliquer sur la zone p\u00e9ri-oculaire et masser par des mouvements circulaires.<\/p>\n<h3>Avertissement De S\u00fbret\u00e9<\/h3>\n<p>Avertissements: Conserver hors de la port\u00e9e des enfants, Conserver \u00e0 l\u2019\u00e8cart de la lumi\u00e8re solaire directe et de la chaleur, Fermer l\u2019emballage apr\u00e8s usage, \u00c9viter le rejet dans l\u2019environnement; Stockage: Conditions optimales: conserver le produit dans un endroit sec et bien ventil\u00e9, \u00e0 l\u2019\u00e9cart de la lumi\u00e8re et de la chaleur, entre 15\u00b0C et 25\u00b0C. Transport: Conditions Optimales: transporter le produit entre 15\u00b0C et 25\u00b0C, \u00e0 l\u2019\u00e8cart de la lumi\u00e8re et de la chaleur. Mesures en cas de la contact accidentel ou m\u00e9susage: Contact avec les yeux: en cas de contact accidentel, rincer abondamment \u00e0 l\u2019eau. En cas d\u2019incofort persistant, demander l\u2019avis d\u2019un m\u00e8decin. Ingestion: En cas d\u2019ingestion d\u2019une grande quantit\u00e9 de produit, demnder l\u2019avis d\u2019un m\u00e9decin. Conditions d\u2019\u00e9limination: Eliminer l\u2019emballage vide apr\u00e9s usage selon les sp\u00e9cifications sur l\u2019\u00e9tiquette.<\/p>\n<\/div>\n<\/div>\n<\/div>\n<\/div>","protected":false},"excerpt":{"rendered":"<p>Highlights:S\u00e9rum \u00e0 base de phyto-extraits drainants qui apportent de l\u2019\u00e9clat et stimulent la microcirculation capillaire.<\/p>","protected":false},"featured_media":43322,"comment_status":"open","ping_status":"closed","template":"","meta":[],"pwb-brand":[2127],"product_cat":[16],"product_tag":[],"class_list":{"0":"post-43321","1":"product","2":"type-product","3":"status-publish","4":"has-post-thumbnail","6":"pwb-brand-physio-natura","7":"product_cat-non-classe","8":"pa_brands-physio-natura","10":"first","11":"instock","12":"sale","13":"shipping-taxable","14":"purchasable","15":"product-type-simple"},"yoast_head":"<!-- This site is optimized with the Yoast SEO plugin v27.5 - https:\/\/yoast.com\/product\/yoast-seo-wordpress\/ -->\n<title>Physio Natura Rejuva Serum Poches et cermes 20ml - paragaleriedetalborjt<\/title>\n<meta name=\"robots\" content=\"index, follow, max-snippet:-1, max-image-preview:large, max-video-preview:-1\" \/>\n<link rel=\"canonical\" href=\"https:\/\/paragaleriedetalborjt.com\/en\/boutique\/physio-natura-rejuva-serum-poches-et-cermes-20ml\/\" \/>\n<meta property=\"og:locale\" content=\"en_US\" \/>\n<meta property=\"og:type\" content=\"article\" \/>\n<meta property=\"og:title\" content=\"Physio Natura Rejuva Serum Poches et cermes 20ml - paragaleriedetalborjt\" \/>\n<meta property=\"og:description\" content=\"Highlights:S\u00e9rum \u00e0 base de phyto-extraits drainants qui apportent de l\u2019\u00e9clat et stimulent la microcirculation capillaire.\" \/>\n<meta property=\"og:url\" content=\"https:\/\/paragaleriedetalborjt.com\/en\/boutique\/physio-natura-rejuva-serum-poches-et-cermes-20ml\/\" \/>\n<meta property=\"og:site_name\" content=\"paragaleriedetalborjt\" \/>\n<meta property=\"og:image\" content=\"https:\/\/paragaleriedetalborjt.com\/wp-content\/uploads\/2026\/01\/Physio-Natura-Rejuva-Serum-Poches-et-cermes-20ml.jpg\" \/>\n\t<meta property=\"og:image:width\" content=\"592\" \/>\n\t<meta property=\"og:image:height\" content=\"656\" \/>\n\t<meta property=\"og:image:type\" content=\"image\/jpeg\" \/>\n<meta name=\"twitter:card\" content=\"summary_large_image\" \/>\n<meta name=\"twitter:label1\" content=\"Est. reading time\" \/>\n\t<meta name=\"twitter:data1\" content=\"1 minute\" \/>\n<script type=\"application\/ld+json\" class=\"yoast-schema-graph\">{\"@context\":\"https:\\\/\\\/schema.org\",\"@graph\":[{\"@type\":\"WebPage\",\"@id\":\"https:\\\/\\\/paragaleriedetalborjt.com\\\/boutique\\\/physio-natura-rejuva-serum-poches-et-cermes-20ml\\\/\",\"url\":\"https:\\\/\\\/paragaleriedetalborjt.com\\\/boutique\\\/physio-natura-rejuva-serum-poches-et-cermes-20ml\\\/\",\"name\":\"Physio Natura Rejuva Serum Poches et cermes 20ml - paragaleriedetalborjt\",\"isPartOf\":{\"@id\":\"https:\\\/\\\/paragaleriedetalborjt.com\\\/#website\"},\"primaryImageOfPage\":{\"@id\":\"https:\\\/\\\/paragaleriedetalborjt.com\\\/boutique\\\/physio-natura-rejuva-serum-poches-et-cermes-20ml\\\/#primaryimage\"},\"image\":{\"@id\":\"https:\\\/\\\/paragaleriedetalborjt.com\\\/boutique\\\/physio-natura-rejuva-serum-poches-et-cermes-20ml\\\/#primaryimage\"},\"thumbnailUrl\":\"https:\\\/\\\/paragaleriedetalborjt.com\\\/wp-content\\\/uploads\\\/2026\\\/01\\\/Physio-Natura-Rejuva-Serum-Poches-et-cermes-20ml.jpg\",\"datePublished\":\"2026-01-03T21:07:33+00:00\",\"breadcrumb\":{\"@id\":\"https:\\\/\\\/paragaleriedetalborjt.com\\\/boutique\\\/physio-natura-rejuva-serum-poches-et-cermes-20ml\\\/#breadcrumb\"},\"inLanguage\":\"en-US\",\"potentialAction\":[{\"@type\":\"ReadAction\",\"target\":[\"https:\\\/\\\/paragaleriedetalborjt.com\\\/boutique\\\/physio-natura-rejuva-serum-poches-et-cermes-20ml\\\/\"]}]},{\"@type\":\"ImageObject\",\"inLanguage\":\"en-US\",\"@id\":\"https:\\\/\\\/paragaleriedetalborjt.com\\\/boutique\\\/physio-natura-rejuva-serum-poches-et-cermes-20ml\\\/#primaryimage\",\"url\":\"https:\\\/\\\/paragaleriedetalborjt.com\\\/wp-content\\\/uploads\\\/2026\\\/01\\\/Physio-Natura-Rejuva-Serum-Poches-et-cermes-20ml.jpg\",\"contentUrl\":\"https:\\\/\\\/paragaleriedetalborjt.com\\\/wp-content\\\/uploads\\\/2026\\\/01\\\/Physio-Natura-Rejuva-Serum-Poches-et-cermes-20ml.jpg\",\"width\":592,\"height\":656},{\"@type\":\"BreadcrumbList\",\"@id\":\"https:\\\/\\\/paragaleriedetalborjt.com\\\/boutique\\\/physio-natura-rejuva-serum-poches-et-cermes-20ml\\\/#breadcrumb\",\"itemListElement\":[{\"@type\":\"ListItem\",\"position\":1,\"name\":\"Accueil\",\"item\":\"https:\\\/\\\/paragaleriedetalborjt.com\\\/\"},{\"@type\":\"ListItem\",\"position\":2,\"name\":\"Boutique\",\"item\":\"https:\\\/\\\/paragaleriedetalborjt.com\\\/boutique\\\/\"},{\"@type\":\"ListItem\",\"position\":3,\"name\":\"Physio Natura Rejuva Serum Poches et cermes 20ml\"}]},{\"@type\":\"WebSite\",\"@id\":\"https:\\\/\\\/paragaleriedetalborjt.com\\\/#website\",\"url\":\"https:\\\/\\\/paragaleriedetalborjt.com\\\/\",\"name\":\"paragaleriedetalborjt\",\"description\":\"\",\"potentialAction\":[{\"@type\":\"SearchAction\",\"target\":{\"@type\":\"EntryPoint\",\"urlTemplate\":\"https:\\\/\\\/paragaleriedetalborjt.com\\\/?s={search_term_string}\"},\"query-input\":{\"@type\":\"PropertyValueSpecification\",\"valueRequired\":true,\"valueName\":\"search_term_string\"}}],\"inLanguage\":\"en-US\"}]}<\/script>\n<!-- \/ Yoast SEO plugin. -->","yoast_head_json":{"title":"Physio Natura Rejuva Serum Poches et cermes 20ml - paragaleriedetalborjt","robots":{"index":"index","follow":"follow","max-snippet":"max-snippet:-1","max-image-preview":"max-image-preview:large","max-video-preview":"max-video-preview:-1"},"canonical":"https:\/\/paragaleriedetalborjt.com\/en\/boutique\/physio-natura-rejuva-serum-poches-et-cermes-20ml\/","og_locale":"en_US","og_type":"article","og_title":"Physio Natura Rejuva Serum Poches et cermes 20ml - paragaleriedetalborjt","og_description":"Highlights:S\u00e9rum \u00e0 base de phyto-extraits drainants qui apportent de l\u2019\u00e9clat et stimulent la microcirculation capillaire.","og_url":"https:\/\/paragaleriedetalborjt.com\/en\/boutique\/physio-natura-rejuva-serum-poches-et-cermes-20ml\/","og_site_name":"paragaleriedetalborjt","og_image":[{"width":592,"height":656,"url":"https:\/\/paragaleriedetalborjt.com\/wp-content\/uploads\/2026\/01\/Physio-Natura-Rejuva-Serum-Poches-et-cermes-20ml.jpg","type":"image\/jpeg"}],"twitter_card":"summary_large_image","twitter_misc":{"Est. reading time":"1 minute"},"schema":{"@context":"https:\/\/schema.org","@graph":[{"@type":"WebPage","@id":"https:\/\/paragaleriedetalborjt.com\/boutique\/physio-natura-rejuva-serum-poches-et-cermes-20ml\/","url":"https:\/\/paragaleriedetalborjt.com\/boutique\/physio-natura-rejuva-serum-poches-et-cermes-20ml\/","name":"Physio Natura Rejuva Serum Poches et cermes 20ml - paragaleriedetalborjt","isPartOf":{"@id":"https:\/\/paragaleriedetalborjt.com\/#website"},"primaryImageOfPage":{"@id":"https:\/\/paragaleriedetalborjt.com\/boutique\/physio-natura-rejuva-serum-poches-et-cermes-20ml\/#primaryimage"},"image":{"@id":"https:\/\/paragaleriedetalborjt.com\/boutique\/physio-natura-rejuva-serum-poches-et-cermes-20ml\/#primaryimage"},"thumbnailUrl":"https:\/\/paragaleriedetalborjt.com\/wp-content\/uploads\/2026\/01\/Physio-Natura-Rejuva-Serum-Poches-et-cermes-20ml.jpg","datePublished":"2026-01-03T21:07:33+00:00","breadcrumb":{"@id":"https:\/\/paragaleriedetalborjt.com\/boutique\/physio-natura-rejuva-serum-poches-et-cermes-20ml\/#breadcrumb"},"inLanguage":"en-US","potentialAction":[{"@type":"ReadAction","target":["https:\/\/paragaleriedetalborjt.com\/boutique\/physio-natura-rejuva-serum-poches-et-cermes-20ml\/"]}]},{"@type":"ImageObject","inLanguage":"en-US","@id":"https:\/\/paragaleriedetalborjt.com\/boutique\/physio-natura-rejuva-serum-poches-et-cermes-20ml\/#primaryimage","url":"https:\/\/paragaleriedetalborjt.com\/wp-content\/uploads\/2026\/01\/Physio-Natura-Rejuva-Serum-Poches-et-cermes-20ml.jpg","contentUrl":"https:\/\/paragaleriedetalborjt.com\/wp-content\/uploads\/2026\/01\/Physio-Natura-Rejuva-Serum-Poches-et-cermes-20ml.jpg","width":592,"height":656},{"@type":"BreadcrumbList","@id":"https:\/\/paragaleriedetalborjt.com\/boutique\/physio-natura-rejuva-serum-poches-et-cermes-20ml\/#breadcrumb","itemListElement":[{"@type":"ListItem","position":1,"name":"Accueil","item":"https:\/\/paragaleriedetalborjt.com\/"},{"@type":"ListItem","position":2,"name":"Boutique","item":"https:\/\/paragaleriedetalborjt.com\/boutique\/"},{"@type":"ListItem","position":3,"name":"Physio Natura Rejuva Serum Poches et cermes 20ml"}]},{"@type":"WebSite","@id":"https:\/\/paragaleriedetalborjt.com\/#website","url":"https:\/\/paragaleriedetalborjt.com\/","name":"paragaleriedetalborjt","description":"","potentialAction":[{"@type":"SearchAction","target":{"@type":"EntryPoint","urlTemplate":"https:\/\/paragaleriedetalborjt.com\/?s={search_term_string}"},"query-input":{"@type":"PropertyValueSpecification","valueRequired":true,"valueName":"search_term_string"}}],"inLanguage":"en-US"}]}},"brands":[{"id":2127,"name":"PHYSIO NATURA","slug":"physio-natura"}],"_links":{"self":[{"href":"https:\/\/paragaleriedetalborjt.com\/en\/wp-json\/wp\/v2\/product\/43321","targetHints":{"allow":["GET"]}}],"collection":[{"href":"https:\/\/paragaleriedetalborjt.com\/en\/wp-json\/wp\/v2\/product"}],"about":[{"href":"https:\/\/paragaleriedetalborjt.com\/en\/wp-json\/wp\/v2\/types\/product"}],"replies":[{"embeddable":true,"href":"https:\/\/paragaleriedetalborjt.com\/en\/wp-json\/wp\/v2\/comments?post=43321"}],"version-history":[{"count":1,"href":"https:\/\/paragaleriedetalborjt.com\/en\/wp-json\/wp\/v2\/product\/43321\/revisions"}],"predecessor-version":[{"id":43323,"href":"https:\/\/paragaleriedetalborjt.com\/en\/wp-json\/wp\/v2\/product\/43321\/revisions\/43323"}],"wp:featuredmedia":[{"embeddable":true,"href":"https:\/\/paragaleriedetalborjt.com\/en\/wp-json\/wp\/v2\/media\/43322"}],"wp:attachment":[{"href":"https:\/\/paragaleriedetalborjt.com\/en\/wp-json\/wp\/v2\/media?parent=43321"}],"wp:term":[{"taxonomy":"pwb-brand","embeddable":true,"href":"https:\/\/paragaleriedetalborjt.com\/en\/wp-json\/wp\/v2\/pwb-brand?post=43321"},{"taxonomy":"product_cat","embeddable":true,"href":"https:\/\/paragaleriedetalborjt.com\/en\/wp-json\/wp\/v2\/product_cat?post=43321"},{"taxonomy":"product_tag","embeddable":true,"href":"https:\/\/paragaleriedetalborjt.com\/en\/wp-json\/wp\/v2\/product_tag?post=43321"}],"curies":[{"name":"wp","href":"https:\/\/api.w.org\/{rel}","templated":true}]}}