{"id":43309,"date":"2026-01-03T22:07:02","date_gmt":"2026-01-03T21:07:02","guid":{"rendered":"https:\/\/paragaleriedetalborjt.com\/?post_type=product&#038;p=43309"},"modified":"2026-01-03T22:07:02","modified_gmt":"2026-01-03T21:07:02","slug":"physio-natura-rejuva-demaq-delicat-yeux-200ml","status":"publish","type":"product","link":"https:\/\/paragaleriedetalborjt.com\/en\/boutique\/physio-natura-rejuva-demaq-delicat-yeux-200ml\/","title":{"rendered":"Physio Natura Rejuva Demaq delicat Yeux 200ml"},"content":{"rendered":"<div aria-labelledby=\"tab-title-description\" class=\"woocommerce-Tabs-panel woocommerce-Tabs-panel--description panel entry-content wc-tab\" id=\"tab-description\" role=\"tabpanel\" style=\"\">\n<h2>Description<\/h2>\n<div class=\"description-block\">\n<h5><span>DESCRIPTION DU PRODUIT<\/span><\/h5>\n<div class=\"product-description\">\n<p><span>D\u00e9maquillant d\u00e9licat sans agents nettoyants con\u00e7u pour nettoyer en douceur le contour des yeux.\u00a0Il \u00e9limine le maquillage et les impuret\u00e9s, pr\u00e9parant la peau \u00e0 tirer le meilleur parti du traitement ult\u00e9rieur.\u00a0Riche en ingr\u00e9dients naturels fonctionnels (Camomille, Bisabolo), aux propri\u00e9t\u00e9s rafra\u00eechissantes reconnues qui aident \u00e0 r\u00e9duire les rougeurs, il r\u00e9conforte et maintient la peau fra\u00eeche tout en respectant la zone fragile et d\u00e9licate du contour des yeux.<\/span><\/p>\n<\/div>\n<\/div>\n<div class=\"clearboth\"><\/div>\n<div class=\"product-use\">\n<h5><span>UTILISATION SUGG\u00c9R\u00c9E<\/span><\/h5>\n<p><span>Versez le d\u00e9maquillant sur un coton absorbant et d\u00e9maquillez d\u00e9licatement vos paupi\u00e8res puis vos cils.<\/span><\/p>\n<\/div>\n<\/div>","protected":false},"excerpt":{"rendered":"<p>Highlights:D\u00e9maquillant d\u00e9licat sans agents nettoyants con\u00e7u pour nettoyer en douceur le contour des yeux.\u00a0Il \u00e9limine le maquillage et les impuret\u00e9s, pr\u00e9parant la peau \u00e0 tirer le meilleur parti du traitement ult\u00e9rieur.\u00a0Riche en ingr\u00e9dients naturels fonctionnels (Camomille, Bisabolo), aux propri\u00e9t\u00e9s rafra\u00eechissantes reconnues qui aident \u00e0 r\u00e9duire les rougeurs, il r\u00e9conforte et maintient la peau fra\u00eeche tout en respectant la zone fragile et d\u00e9licate du contour des yeux.<\/p>","protected":false},"featured_media":43310,"comment_status":"open","ping_status":"closed","template":"","meta":[],"pwb-brand":[2127],"product_cat":[16],"product_tag":[],"class_list":{"0":"post-43309","1":"product","2":"type-product","3":"status-publish","4":"has-post-thumbnail","6":"pwb-brand-physio-natura","7":"product_cat-non-classe","8":"pa_brands-physio-natura","10":"first","11":"instock","12":"sale","13":"shipping-taxable","14":"purchasable","15":"product-type-simple"},"yoast_head":"<!-- This site is optimized with the Yoast SEO plugin v27.5 - https:\/\/yoast.com\/product\/yoast-seo-wordpress\/ -->\n<title>Physio Natura Rejuva Demaq delicat Yeux 200ml - paragaleriedetalborjt<\/title>\n<meta name=\"robots\" content=\"index, follow, max-snippet:-1, max-image-preview:large, max-video-preview:-1\" \/>\n<link rel=\"canonical\" href=\"https:\/\/paragaleriedetalborjt.com\/en\/boutique\/physio-natura-rejuva-demaq-delicat-yeux-200ml\/\" \/>\n<meta property=\"og:locale\" content=\"en_US\" \/>\n<meta property=\"og:type\" content=\"article\" \/>\n<meta property=\"og:title\" content=\"Physio Natura Rejuva Demaq delicat Yeux 200ml - paragaleriedetalborjt\" \/>\n<meta property=\"og:description\" content=\"Highlights:D\u00e9maquillant d\u00e9licat sans agents nettoyants con\u00e7u pour nettoyer en douceur le contour des yeux.\u00a0Il \u00e9limine le maquillage et les impuret\u00e9s, pr\u00e9parant la peau \u00e0 tirer le meilleur parti du traitement ult\u00e9rieur.\u00a0Riche en ingr\u00e9dients naturels fonctionnels (Camomille, Bisabolo), aux propri\u00e9t\u00e9s rafra\u00eechissantes reconnues qui aident \u00e0 r\u00e9duire les rougeurs, il r\u00e9conforte et maintient la peau fra\u00eeche tout en respectant la zone fragile et d\u00e9licate du contour des yeux.\" \/>\n<meta property=\"og:url\" content=\"https:\/\/paragaleriedetalborjt.com\/en\/boutique\/physio-natura-rejuva-demaq-delicat-yeux-200ml\/\" \/>\n<meta property=\"og:site_name\" content=\"paragaleriedetalborjt\" \/>\n<meta property=\"og:image\" content=\"https:\/\/paragaleriedetalborjt.com\/wp-content\/uploads\/2026\/01\/Physio-Natura-Rejuva-Demaq-delicat-Yeux-200ml.jpg\" \/>\n\t<meta property=\"og:image:width\" content=\"594\" \/>\n\t<meta property=\"og:image:height\" content=\"654\" \/>\n\t<meta property=\"og:image:type\" content=\"image\/jpeg\" \/>\n<meta name=\"twitter:card\" content=\"summary_large_image\" \/>\n<meta name=\"twitter:label1\" content=\"Est. reading time\" \/>\n\t<meta name=\"twitter:data1\" content=\"1 minute\" \/>\n<script type=\"application\/ld+json\" class=\"yoast-schema-graph\">{\"@context\":\"https:\\\/\\\/schema.org\",\"@graph\":[{\"@type\":\"WebPage\",\"@id\":\"https:\\\/\\\/paragaleriedetalborjt.com\\\/boutique\\\/physio-natura-rejuva-demaq-delicat-yeux-200ml\\\/\",\"url\":\"https:\\\/\\\/paragaleriedetalborjt.com\\\/boutique\\\/physio-natura-rejuva-demaq-delicat-yeux-200ml\\\/\",\"name\":\"Physio Natura Rejuva Demaq delicat Yeux 200ml - paragaleriedetalborjt\",\"isPartOf\":{\"@id\":\"https:\\\/\\\/paragaleriedetalborjt.com\\\/#website\"},\"primaryImageOfPage\":{\"@id\":\"https:\\\/\\\/paragaleriedetalborjt.com\\\/boutique\\\/physio-natura-rejuva-demaq-delicat-yeux-200ml\\\/#primaryimage\"},\"image\":{\"@id\":\"https:\\\/\\\/paragaleriedetalborjt.com\\\/boutique\\\/physio-natura-rejuva-demaq-delicat-yeux-200ml\\\/#primaryimage\"},\"thumbnailUrl\":\"https:\\\/\\\/paragaleriedetalborjt.com\\\/wp-content\\\/uploads\\\/2026\\\/01\\\/Physio-Natura-Rejuva-Demaq-delicat-Yeux-200ml.jpg\",\"datePublished\":\"2026-01-03T21:07:02+00:00\",\"breadcrumb\":{\"@id\":\"https:\\\/\\\/paragaleriedetalborjt.com\\\/boutique\\\/physio-natura-rejuva-demaq-delicat-yeux-200ml\\\/#breadcrumb\"},\"inLanguage\":\"en-US\",\"potentialAction\":[{\"@type\":\"ReadAction\",\"target\":[\"https:\\\/\\\/paragaleriedetalborjt.com\\\/boutique\\\/physio-natura-rejuva-demaq-delicat-yeux-200ml\\\/\"]}]},{\"@type\":\"ImageObject\",\"inLanguage\":\"en-US\",\"@id\":\"https:\\\/\\\/paragaleriedetalborjt.com\\\/boutique\\\/physio-natura-rejuva-demaq-delicat-yeux-200ml\\\/#primaryimage\",\"url\":\"https:\\\/\\\/paragaleriedetalborjt.com\\\/wp-content\\\/uploads\\\/2026\\\/01\\\/Physio-Natura-Rejuva-Demaq-delicat-Yeux-200ml.jpg\",\"contentUrl\":\"https:\\\/\\\/paragaleriedetalborjt.com\\\/wp-content\\\/uploads\\\/2026\\\/01\\\/Physio-Natura-Rejuva-Demaq-delicat-Yeux-200ml.jpg\",\"width\":594,\"height\":654},{\"@type\":\"BreadcrumbList\",\"@id\":\"https:\\\/\\\/paragaleriedetalborjt.com\\\/boutique\\\/physio-natura-rejuva-demaq-delicat-yeux-200ml\\\/#breadcrumb\",\"itemListElement\":[{\"@type\":\"ListItem\",\"position\":1,\"name\":\"Accueil\",\"item\":\"https:\\\/\\\/paragaleriedetalborjt.com\\\/\"},{\"@type\":\"ListItem\",\"position\":2,\"name\":\"Boutique\",\"item\":\"https:\\\/\\\/paragaleriedetalborjt.com\\\/boutique\\\/\"},{\"@type\":\"ListItem\",\"position\":3,\"name\":\"Physio Natura Rejuva Demaq delicat Yeux 200ml\"}]},{\"@type\":\"WebSite\",\"@id\":\"https:\\\/\\\/paragaleriedetalborjt.com\\\/#website\",\"url\":\"https:\\\/\\\/paragaleriedetalborjt.com\\\/\",\"name\":\"paragaleriedetalborjt\",\"description\":\"\",\"potentialAction\":[{\"@type\":\"SearchAction\",\"target\":{\"@type\":\"EntryPoint\",\"urlTemplate\":\"https:\\\/\\\/paragaleriedetalborjt.com\\\/?s={search_term_string}\"},\"query-input\":{\"@type\":\"PropertyValueSpecification\",\"valueRequired\":true,\"valueName\":\"search_term_string\"}}],\"inLanguage\":\"en-US\"}]}<\/script>\n<!-- \/ Yoast SEO plugin. -->","yoast_head_json":{"title":"Physio Natura Rejuva Demaq delicat Yeux 200ml - paragaleriedetalborjt","robots":{"index":"index","follow":"follow","max-snippet":"max-snippet:-1","max-image-preview":"max-image-preview:large","max-video-preview":"max-video-preview:-1"},"canonical":"https:\/\/paragaleriedetalborjt.com\/en\/boutique\/physio-natura-rejuva-demaq-delicat-yeux-200ml\/","og_locale":"en_US","og_type":"article","og_title":"Physio Natura Rejuva Demaq delicat Yeux 200ml - paragaleriedetalborjt","og_description":"Highlights:D\u00e9maquillant d\u00e9licat sans agents nettoyants con\u00e7u pour nettoyer en douceur le contour des yeux.\u00a0Il \u00e9limine le maquillage et les impuret\u00e9s, pr\u00e9parant la peau \u00e0 tirer le meilleur parti du traitement ult\u00e9rieur.\u00a0Riche en ingr\u00e9dients naturels fonctionnels (Camomille, Bisabolo), aux propri\u00e9t\u00e9s rafra\u00eechissantes reconnues qui aident \u00e0 r\u00e9duire les rougeurs, il r\u00e9conforte et maintient la peau fra\u00eeche tout en respectant la zone fragile et d\u00e9licate du contour des yeux.","og_url":"https:\/\/paragaleriedetalborjt.com\/en\/boutique\/physio-natura-rejuva-demaq-delicat-yeux-200ml\/","og_site_name":"paragaleriedetalborjt","og_image":[{"width":594,"height":654,"url":"https:\/\/paragaleriedetalborjt.com\/wp-content\/uploads\/2026\/01\/Physio-Natura-Rejuva-Demaq-delicat-Yeux-200ml.jpg","type":"image\/jpeg"}],"twitter_card":"summary_large_image","twitter_misc":{"Est. reading time":"1 minute"},"schema":{"@context":"https:\/\/schema.org","@graph":[{"@type":"WebPage","@id":"https:\/\/paragaleriedetalborjt.com\/boutique\/physio-natura-rejuva-demaq-delicat-yeux-200ml\/","url":"https:\/\/paragaleriedetalborjt.com\/boutique\/physio-natura-rejuva-demaq-delicat-yeux-200ml\/","name":"Physio Natura Rejuva Demaq delicat Yeux 200ml - paragaleriedetalborjt","isPartOf":{"@id":"https:\/\/paragaleriedetalborjt.com\/#website"},"primaryImageOfPage":{"@id":"https:\/\/paragaleriedetalborjt.com\/boutique\/physio-natura-rejuva-demaq-delicat-yeux-200ml\/#primaryimage"},"image":{"@id":"https:\/\/paragaleriedetalborjt.com\/boutique\/physio-natura-rejuva-demaq-delicat-yeux-200ml\/#primaryimage"},"thumbnailUrl":"https:\/\/paragaleriedetalborjt.com\/wp-content\/uploads\/2026\/01\/Physio-Natura-Rejuva-Demaq-delicat-Yeux-200ml.jpg","datePublished":"2026-01-03T21:07:02+00:00","breadcrumb":{"@id":"https:\/\/paragaleriedetalborjt.com\/boutique\/physio-natura-rejuva-demaq-delicat-yeux-200ml\/#breadcrumb"},"inLanguage":"en-US","potentialAction":[{"@type":"ReadAction","target":["https:\/\/paragaleriedetalborjt.com\/boutique\/physio-natura-rejuva-demaq-delicat-yeux-200ml\/"]}]},{"@type":"ImageObject","inLanguage":"en-US","@id":"https:\/\/paragaleriedetalborjt.com\/boutique\/physio-natura-rejuva-demaq-delicat-yeux-200ml\/#primaryimage","url":"https:\/\/paragaleriedetalborjt.com\/wp-content\/uploads\/2026\/01\/Physio-Natura-Rejuva-Demaq-delicat-Yeux-200ml.jpg","contentUrl":"https:\/\/paragaleriedetalborjt.com\/wp-content\/uploads\/2026\/01\/Physio-Natura-Rejuva-Demaq-delicat-Yeux-200ml.jpg","width":594,"height":654},{"@type":"BreadcrumbList","@id":"https:\/\/paragaleriedetalborjt.com\/boutique\/physio-natura-rejuva-demaq-delicat-yeux-200ml\/#breadcrumb","itemListElement":[{"@type":"ListItem","position":1,"name":"Accueil","item":"https:\/\/paragaleriedetalborjt.com\/"},{"@type":"ListItem","position":2,"name":"Boutique","item":"https:\/\/paragaleriedetalborjt.com\/boutique\/"},{"@type":"ListItem","position":3,"name":"Physio Natura Rejuva Demaq delicat Yeux 200ml"}]},{"@type":"WebSite","@id":"https:\/\/paragaleriedetalborjt.com\/#website","url":"https:\/\/paragaleriedetalborjt.com\/","name":"paragaleriedetalborjt","description":"","potentialAction":[{"@type":"SearchAction","target":{"@type":"EntryPoint","urlTemplate":"https:\/\/paragaleriedetalborjt.com\/?s={search_term_string}"},"query-input":{"@type":"PropertyValueSpecification","valueRequired":true,"valueName":"search_term_string"}}],"inLanguage":"en-US"}]}},"brands":[{"id":2127,"name":"PHYSIO NATURA","slug":"physio-natura"}],"_links":{"self":[{"href":"https:\/\/paragaleriedetalborjt.com\/en\/wp-json\/wp\/v2\/product\/43309","targetHints":{"allow":["GET"]}}],"collection":[{"href":"https:\/\/paragaleriedetalborjt.com\/en\/wp-json\/wp\/v2\/product"}],"about":[{"href":"https:\/\/paragaleriedetalborjt.com\/en\/wp-json\/wp\/v2\/types\/product"}],"replies":[{"embeddable":true,"href":"https:\/\/paragaleriedetalborjt.com\/en\/wp-json\/wp\/v2\/comments?post=43309"}],"version-history":[{"count":1,"href":"https:\/\/paragaleriedetalborjt.com\/en\/wp-json\/wp\/v2\/product\/43309\/revisions"}],"predecessor-version":[{"id":43311,"href":"https:\/\/paragaleriedetalborjt.com\/en\/wp-json\/wp\/v2\/product\/43309\/revisions\/43311"}],"wp:featuredmedia":[{"embeddable":true,"href":"https:\/\/paragaleriedetalborjt.com\/en\/wp-json\/wp\/v2\/media\/43310"}],"wp:attachment":[{"href":"https:\/\/paragaleriedetalborjt.com\/en\/wp-json\/wp\/v2\/media?parent=43309"}],"wp:term":[{"taxonomy":"pwb-brand","embeddable":true,"href":"https:\/\/paragaleriedetalborjt.com\/en\/wp-json\/wp\/v2\/pwb-brand?post=43309"},{"taxonomy":"product_cat","embeddable":true,"href":"https:\/\/paragaleriedetalborjt.com\/en\/wp-json\/wp\/v2\/product_cat?post=43309"},{"taxonomy":"product_tag","embeddable":true,"href":"https:\/\/paragaleriedetalborjt.com\/en\/wp-json\/wp\/v2\/product_tag?post=43309"}],"curies":[{"name":"wp","href":"https:\/\/api.w.org\/{rel}","templated":true}]}}