{"id":43306,"date":"2026-01-03T22:06:57","date_gmt":"2026-01-03T21:06:57","guid":{"rendered":"https:\/\/paragaleriedetalborjt.com\/?post_type=product&#038;p=43306"},"modified":"2026-01-03T22:06:57","modified_gmt":"2026-01-03T21:06:57","slug":"physio-natura-rigenera-serum-a-a-ultra-intensif-30ml","status":"publish","type":"product","link":"https:\/\/paragaleriedetalborjt.com\/en\/boutique\/physio-natura-rigenera-serum-a-a-ultra-intensif-30ml\/","title":{"rendered":"Physio Natura Rigenera Serum A.A ultra Intensif 30ml"},"content":{"rendered":"<div aria-labelledby=\"tab-title-description\" class=\"woocommerce-Tabs-panel woocommerce-Tabs-panel--description panel entry-content wc-tab\" id=\"tab-description\" role=\"tabpanel\" style=\"\">\n<h2>Description<\/h2>\n<div class=\"description-block\">\n<h5><span>DESCRIPTION DU PRODUIT<\/span><\/h5>\n<div class=\"product-description\">\n<p><span>Cette cr\u00e8me liftante agit sur les rides d\u2019expression, la fatigue et les signes de l\u2019\u00e2ge des parties les plus d\u00e9licates du visage, en am\u00e9liorant l\u2019\u00e9lasticit\u00e9 et la tonicit\u00e9 de la peau.\u00a0Contient du Phytodermina Lifting\u2122, qui facilite la relaxation des rides et am\u00e9liore l\u2019\u00e9clat de la peau, et de l\u2019Argireline\u2122, qui r\u00e9duit l\u2019affaissement des muscles du visage \u00e0 l\u2019origine des ridules.\u00a0Les fines huiles de jojoba et de macadamia et l\u2019acide hyaluronique assurent une hydratation profonde et un effet \u00e9mollient.\u00a0Les vitamines A et E ont un effet antioxydant et aident \u00e0 garder l\u2019apparence jeune du visage.\u00a0Ils combattent \u00e9galement la formation de radicaux libres.<\/span><\/p>\n<\/div>\n<\/div>\n<div class=\"clearboth\"><\/div>\n<div class=\"product-use\">\n<h5><span>UTILISATION SUGG\u00c9R\u00c9E<\/span><\/h5>\n<p><span>Appliquer la cr\u00e8me sur le visage et masser doucement avec des mouvements circulaires jusqu\u2019\u00e0 absorption compl\u00e8te.<\/span><\/p>\n<\/div>\n<\/div>","protected":false},"excerpt":{"rendered":"<p>Highlights:Cette cr\u00e8me liftante agit sur les rides d\u2019expression, la fatigue et les signes de l\u2019\u00e2ge des parties les plus d\u00e9licates du visage, en am\u00e9liorant l\u2019\u00e9lasticit\u00e9 et la tonicit\u00e9 de la peau.\u00a0Contient du Phytodermina Lifting\u2122, qui facilite la relaxation des rides et am\u00e9liore l\u2019\u00e9clat de la peau, et de l\u2019Argireline\u2122, qui r\u00e9duit l\u2019affaissement des muscles du visage \u00e0 l\u2019origine des ridules.\u00a0Les fines huiles de jojoba et de macadamia et l\u2019acide hyaluronique assurent une hydratation profonde et un effet \u00e9mollient.\u00a0Les vitamines A et E ont un effet antioxydant et aident \u00e0 garder l\u2019apparence jeune du visage.\u00a0Ils combattent \u00e9galement la formation de radicaux libres.<\/p>","protected":false},"featured_media":43307,"comment_status":"open","ping_status":"closed","template":"","meta":[],"pwb-brand":[2127],"product_cat":[16],"product_tag":[],"class_list":{"0":"post-43306","1":"product","2":"type-product","3":"status-publish","4":"has-post-thumbnail","6":"pwb-brand-physio-natura","7":"product_cat-non-classe","8":"pa_brands-physio-natura","10":"first","11":"instock","12":"sale","13":"shipping-taxable","14":"purchasable","15":"product-type-simple"},"yoast_head":"<!-- This site is optimized with the Yoast SEO plugin v27.5 - https:\/\/yoast.com\/product\/yoast-seo-wordpress\/ -->\n<title>Physio Natura Rigenera Serum A.A ultra Intensif 30ml - paragaleriedetalborjt<\/title>\n<meta name=\"robots\" content=\"index, follow, max-snippet:-1, max-image-preview:large, max-video-preview:-1\" \/>\n<link rel=\"canonical\" href=\"https:\/\/paragaleriedetalborjt.com\/en\/boutique\/physio-natura-rigenera-serum-a-a-ultra-intensif-30ml\/\" \/>\n<meta property=\"og:locale\" content=\"en_US\" \/>\n<meta property=\"og:type\" content=\"article\" \/>\n<meta property=\"og:title\" content=\"Physio Natura Rigenera Serum A.A ultra Intensif 30ml - paragaleriedetalborjt\" \/>\n<meta property=\"og:description\" content=\"Highlights:Cette cr\u00e8me liftante agit sur les rides d\u2019expression, la fatigue et les signes de l\u2019\u00e2ge des parties les plus d\u00e9licates du visage, en am\u00e9liorant l\u2019\u00e9lasticit\u00e9 et la tonicit\u00e9 de la peau.\u00a0Contient du Phytodermina Lifting\u2122, qui facilite la relaxation des rides et am\u00e9liore l\u2019\u00e9clat de la peau, et de l\u2019Argireline\u2122, qui r\u00e9duit l\u2019affaissement des muscles du visage \u00e0 l\u2019origine des ridules.\u00a0Les fines huiles de jojoba et de macadamia et l\u2019acide hyaluronique assurent une hydratation profonde et un effet \u00e9mollient.\u00a0Les vitamines A et E ont un effet antioxydant et aident \u00e0 garder l\u2019apparence jeune du visage.\u00a0Ils combattent \u00e9galement la formation de radicaux libres.\" \/>\n<meta property=\"og:url\" content=\"https:\/\/paragaleriedetalborjt.com\/en\/boutique\/physio-natura-rigenera-serum-a-a-ultra-intensif-30ml\/\" \/>\n<meta property=\"og:site_name\" content=\"paragaleriedetalborjt\" \/>\n<meta property=\"og:image\" content=\"https:\/\/paragaleriedetalborjt.com\/wp-content\/uploads\/2026\/01\/Physio-Natura-Rigenera-Serum-A.A-ultra-Intensif-30ml.jpg\" \/>\n\t<meta property=\"og:image:width\" content=\"594\" \/>\n\t<meta property=\"og:image:height\" content=\"654\" \/>\n\t<meta property=\"og:image:type\" content=\"image\/jpeg\" \/>\n<meta name=\"twitter:card\" content=\"summary_large_image\" \/>\n<meta name=\"twitter:label1\" content=\"Est. reading time\" \/>\n\t<meta name=\"twitter:data1\" content=\"1 minute\" \/>\n<script type=\"application\/ld+json\" class=\"yoast-schema-graph\">{\"@context\":\"https:\\\/\\\/schema.org\",\"@graph\":[{\"@type\":\"WebPage\",\"@id\":\"https:\\\/\\\/paragaleriedetalborjt.com\\\/boutique\\\/physio-natura-rigenera-serum-a-a-ultra-intensif-30ml\\\/\",\"url\":\"https:\\\/\\\/paragaleriedetalborjt.com\\\/boutique\\\/physio-natura-rigenera-serum-a-a-ultra-intensif-30ml\\\/\",\"name\":\"Physio Natura Rigenera Serum A.A ultra Intensif 30ml - paragaleriedetalborjt\",\"isPartOf\":{\"@id\":\"https:\\\/\\\/paragaleriedetalborjt.com\\\/#website\"},\"primaryImageOfPage\":{\"@id\":\"https:\\\/\\\/paragaleriedetalborjt.com\\\/boutique\\\/physio-natura-rigenera-serum-a-a-ultra-intensif-30ml\\\/#primaryimage\"},\"image\":{\"@id\":\"https:\\\/\\\/paragaleriedetalborjt.com\\\/boutique\\\/physio-natura-rigenera-serum-a-a-ultra-intensif-30ml\\\/#primaryimage\"},\"thumbnailUrl\":\"https:\\\/\\\/paragaleriedetalborjt.com\\\/wp-content\\\/uploads\\\/2026\\\/01\\\/Physio-Natura-Rigenera-Serum-A.A-ultra-Intensif-30ml.jpg\",\"datePublished\":\"2026-01-03T21:06:57+00:00\",\"breadcrumb\":{\"@id\":\"https:\\\/\\\/paragaleriedetalborjt.com\\\/boutique\\\/physio-natura-rigenera-serum-a-a-ultra-intensif-30ml\\\/#breadcrumb\"},\"inLanguage\":\"en-US\",\"potentialAction\":[{\"@type\":\"ReadAction\",\"target\":[\"https:\\\/\\\/paragaleriedetalborjt.com\\\/boutique\\\/physio-natura-rigenera-serum-a-a-ultra-intensif-30ml\\\/\"]}]},{\"@type\":\"ImageObject\",\"inLanguage\":\"en-US\",\"@id\":\"https:\\\/\\\/paragaleriedetalborjt.com\\\/boutique\\\/physio-natura-rigenera-serum-a-a-ultra-intensif-30ml\\\/#primaryimage\",\"url\":\"https:\\\/\\\/paragaleriedetalborjt.com\\\/wp-content\\\/uploads\\\/2026\\\/01\\\/Physio-Natura-Rigenera-Serum-A.A-ultra-Intensif-30ml.jpg\",\"contentUrl\":\"https:\\\/\\\/paragaleriedetalborjt.com\\\/wp-content\\\/uploads\\\/2026\\\/01\\\/Physio-Natura-Rigenera-Serum-A.A-ultra-Intensif-30ml.jpg\",\"width\":594,\"height\":654},{\"@type\":\"BreadcrumbList\",\"@id\":\"https:\\\/\\\/paragaleriedetalborjt.com\\\/boutique\\\/physio-natura-rigenera-serum-a-a-ultra-intensif-30ml\\\/#breadcrumb\",\"itemListElement\":[{\"@type\":\"ListItem\",\"position\":1,\"name\":\"Accueil\",\"item\":\"https:\\\/\\\/paragaleriedetalborjt.com\\\/\"},{\"@type\":\"ListItem\",\"position\":2,\"name\":\"Boutique\",\"item\":\"https:\\\/\\\/paragaleriedetalborjt.com\\\/boutique\\\/\"},{\"@type\":\"ListItem\",\"position\":3,\"name\":\"Physio Natura Rigenera Serum A.A ultra Intensif 30ml\"}]},{\"@type\":\"WebSite\",\"@id\":\"https:\\\/\\\/paragaleriedetalborjt.com\\\/#website\",\"url\":\"https:\\\/\\\/paragaleriedetalborjt.com\\\/\",\"name\":\"paragaleriedetalborjt\",\"description\":\"\",\"potentialAction\":[{\"@type\":\"SearchAction\",\"target\":{\"@type\":\"EntryPoint\",\"urlTemplate\":\"https:\\\/\\\/paragaleriedetalborjt.com\\\/?s={search_term_string}\"},\"query-input\":{\"@type\":\"PropertyValueSpecification\",\"valueRequired\":true,\"valueName\":\"search_term_string\"}}],\"inLanguage\":\"en-US\"}]}<\/script>\n<!-- \/ Yoast SEO plugin. -->","yoast_head_json":{"title":"Physio Natura Rigenera Serum A.A ultra Intensif 30ml - paragaleriedetalborjt","robots":{"index":"index","follow":"follow","max-snippet":"max-snippet:-1","max-image-preview":"max-image-preview:large","max-video-preview":"max-video-preview:-1"},"canonical":"https:\/\/paragaleriedetalborjt.com\/en\/boutique\/physio-natura-rigenera-serum-a-a-ultra-intensif-30ml\/","og_locale":"en_US","og_type":"article","og_title":"Physio Natura Rigenera Serum A.A ultra Intensif 30ml - paragaleriedetalborjt","og_description":"Highlights:Cette cr\u00e8me liftante agit sur les rides d\u2019expression, la fatigue et les signes de l\u2019\u00e2ge des parties les plus d\u00e9licates du visage, en am\u00e9liorant l\u2019\u00e9lasticit\u00e9 et la tonicit\u00e9 de la peau.\u00a0Contient du Phytodermina Lifting\u2122, qui facilite la relaxation des rides et am\u00e9liore l\u2019\u00e9clat de la peau, et de l\u2019Argireline\u2122, qui r\u00e9duit l\u2019affaissement des muscles du visage \u00e0 l\u2019origine des ridules.\u00a0Les fines huiles de jojoba et de macadamia et l\u2019acide hyaluronique assurent une hydratation profonde et un effet \u00e9mollient.\u00a0Les vitamines A et E ont un effet antioxydant et aident \u00e0 garder l\u2019apparence jeune du visage.\u00a0Ils combattent \u00e9galement la formation de radicaux libres.","og_url":"https:\/\/paragaleriedetalborjt.com\/en\/boutique\/physio-natura-rigenera-serum-a-a-ultra-intensif-30ml\/","og_site_name":"paragaleriedetalborjt","og_image":[{"width":594,"height":654,"url":"https:\/\/paragaleriedetalborjt.com\/wp-content\/uploads\/2026\/01\/Physio-Natura-Rigenera-Serum-A.A-ultra-Intensif-30ml.jpg","type":"image\/jpeg"}],"twitter_card":"summary_large_image","twitter_misc":{"Est. reading time":"1 minute"},"schema":{"@context":"https:\/\/schema.org","@graph":[{"@type":"WebPage","@id":"https:\/\/paragaleriedetalborjt.com\/boutique\/physio-natura-rigenera-serum-a-a-ultra-intensif-30ml\/","url":"https:\/\/paragaleriedetalborjt.com\/boutique\/physio-natura-rigenera-serum-a-a-ultra-intensif-30ml\/","name":"Physio Natura Rigenera Serum A.A ultra Intensif 30ml - paragaleriedetalborjt","isPartOf":{"@id":"https:\/\/paragaleriedetalborjt.com\/#website"},"primaryImageOfPage":{"@id":"https:\/\/paragaleriedetalborjt.com\/boutique\/physio-natura-rigenera-serum-a-a-ultra-intensif-30ml\/#primaryimage"},"image":{"@id":"https:\/\/paragaleriedetalborjt.com\/boutique\/physio-natura-rigenera-serum-a-a-ultra-intensif-30ml\/#primaryimage"},"thumbnailUrl":"https:\/\/paragaleriedetalborjt.com\/wp-content\/uploads\/2026\/01\/Physio-Natura-Rigenera-Serum-A.A-ultra-Intensif-30ml.jpg","datePublished":"2026-01-03T21:06:57+00:00","breadcrumb":{"@id":"https:\/\/paragaleriedetalborjt.com\/boutique\/physio-natura-rigenera-serum-a-a-ultra-intensif-30ml\/#breadcrumb"},"inLanguage":"en-US","potentialAction":[{"@type":"ReadAction","target":["https:\/\/paragaleriedetalborjt.com\/boutique\/physio-natura-rigenera-serum-a-a-ultra-intensif-30ml\/"]}]},{"@type":"ImageObject","inLanguage":"en-US","@id":"https:\/\/paragaleriedetalborjt.com\/boutique\/physio-natura-rigenera-serum-a-a-ultra-intensif-30ml\/#primaryimage","url":"https:\/\/paragaleriedetalborjt.com\/wp-content\/uploads\/2026\/01\/Physio-Natura-Rigenera-Serum-A.A-ultra-Intensif-30ml.jpg","contentUrl":"https:\/\/paragaleriedetalborjt.com\/wp-content\/uploads\/2026\/01\/Physio-Natura-Rigenera-Serum-A.A-ultra-Intensif-30ml.jpg","width":594,"height":654},{"@type":"BreadcrumbList","@id":"https:\/\/paragaleriedetalborjt.com\/boutique\/physio-natura-rigenera-serum-a-a-ultra-intensif-30ml\/#breadcrumb","itemListElement":[{"@type":"ListItem","position":1,"name":"Accueil","item":"https:\/\/paragaleriedetalborjt.com\/"},{"@type":"ListItem","position":2,"name":"Boutique","item":"https:\/\/paragaleriedetalborjt.com\/boutique\/"},{"@type":"ListItem","position":3,"name":"Physio Natura Rigenera Serum A.A ultra Intensif 30ml"}]},{"@type":"WebSite","@id":"https:\/\/paragaleriedetalborjt.com\/#website","url":"https:\/\/paragaleriedetalborjt.com\/","name":"paragaleriedetalborjt","description":"","potentialAction":[{"@type":"SearchAction","target":{"@type":"EntryPoint","urlTemplate":"https:\/\/paragaleriedetalborjt.com\/?s={search_term_string}"},"query-input":{"@type":"PropertyValueSpecification","valueRequired":true,"valueName":"search_term_string"}}],"inLanguage":"en-US"}]}},"brands":[{"id":2127,"name":"PHYSIO NATURA","slug":"physio-natura"}],"_links":{"self":[{"href":"https:\/\/paragaleriedetalborjt.com\/en\/wp-json\/wp\/v2\/product\/43306","targetHints":{"allow":["GET"]}}],"collection":[{"href":"https:\/\/paragaleriedetalborjt.com\/en\/wp-json\/wp\/v2\/product"}],"about":[{"href":"https:\/\/paragaleriedetalborjt.com\/en\/wp-json\/wp\/v2\/types\/product"}],"replies":[{"embeddable":true,"href":"https:\/\/paragaleriedetalborjt.com\/en\/wp-json\/wp\/v2\/comments?post=43306"}],"version-history":[{"count":1,"href":"https:\/\/paragaleriedetalborjt.com\/en\/wp-json\/wp\/v2\/product\/43306\/revisions"}],"predecessor-version":[{"id":43308,"href":"https:\/\/paragaleriedetalborjt.com\/en\/wp-json\/wp\/v2\/product\/43306\/revisions\/43308"}],"wp:featuredmedia":[{"embeddable":true,"href":"https:\/\/paragaleriedetalborjt.com\/en\/wp-json\/wp\/v2\/media\/43307"}],"wp:attachment":[{"href":"https:\/\/paragaleriedetalborjt.com\/en\/wp-json\/wp\/v2\/media?parent=43306"}],"wp:term":[{"taxonomy":"pwb-brand","embeddable":true,"href":"https:\/\/paragaleriedetalborjt.com\/en\/wp-json\/wp\/v2\/pwb-brand?post=43306"},{"taxonomy":"product_cat","embeddable":true,"href":"https:\/\/paragaleriedetalborjt.com\/en\/wp-json\/wp\/v2\/product_cat?post=43306"},{"taxonomy":"product_tag","embeddable":true,"href":"https:\/\/paragaleriedetalborjt.com\/en\/wp-json\/wp\/v2\/product_tag?post=43306"}],"curies":[{"name":"wp","href":"https:\/\/api.w.org\/{rel}","templated":true}]}}