{"id":43303,"date":"2026-01-03T22:06:52","date_gmt":"2026-01-03T21:06:52","guid":{"rendered":"https:\/\/paragaleriedetalborjt.com\/?post_type=product&#038;p=43303"},"modified":"2026-01-03T22:06:52","modified_gmt":"2026-01-03T21:06:52","slug":"physio-natura-rigenera-emulsion-ultra-intensif-30ml","status":"publish","type":"product","link":"https:\/\/paragaleriedetalborjt.com\/en\/boutique\/physio-natura-rigenera-emulsion-ultra-intensif-30ml\/","title":{"rendered":"Physio Natura Rigenera Emulsion ultra Intensif 30ml"},"content":{"rendered":"<div aria-labelledby=\"tab-title-description\" class=\"woocommerce-Tabs-panel woocommerce-Tabs-panel--description panel entry-content wc-tab\" id=\"tab-description\" role=\"tabpanel\" style=\"\">\n<h2>Description<\/h2>\n<div class=\"celwidget\" data-cel-widget=\"dpx-default-important-information_csm_instrumentation_wrapper\" data-csa-c-id=\"q4ut6p-ibf8i-4abs66-3zsany\">\n<div class=\"celwidget\" data-cel-widget=\"importantInformation_feature_div\" data-csa-c-id=\"he6ykf-46sry7-zcs2ot-g5tlec\" data-feature-name=\"importantInformation\" id=\"importantInformation_feature_div\">\n<div class=\"a-section a-spacing-extra-large bucket\" id=\"important-information\">\n<h2>Informations importantes<\/h2>\n<div class=\"a-section content\">\n<h4>Informations de s\u00e9curit\u00e9<\/h4>\n<p>\u00a0<\/p>\n<p>Avertissements: Conserver hors de la port\u00e9e des enfants, Conserver \u00e0 l\u2019\u00e8cart de la lumi\u00e8re solaire directe et de la chaleur, Fermer l\u2019emballage apr\u00e8s usage, \u00c9viter tout contact avec le yeux, \u00c9viter le rejet dans l\u2019environnement; Stockage: Conditions optimales: conserver le produit dans un endroit sec et bien ventil\u00e9, \u00e0 l\u2019\u00e9cart de la lumi\u00e8re et de la chaleur, entre 15\u00b0C et 25\u00b0C. Transport: Conditions Optimales: transporter le produit entre 15\u00b0C et 25\u00b0C, \u00e0 l\u2019\u00e8cart de la lumi\u00e8re et de la chaleur. Mesures en cas de la contact accidentel ou m\u00e9susage: Contact avec les yeux: en cas de contact accidentel, rincer abondamment \u00e0 l\u2019eau. En cas d\u2019incofort persistant, demander l\u2019avis d\u2019un m\u00e8decin. Ingestion: En cas d\u2019ingestion d\u2019une grande quantit\u00e9 de produit, demnder l\u2019avis d\u2019un m\u00e9decin. Conditions d\u2019\u00e9limination: Eliminer l\u2019emballage vide apr\u00e9s usage selon les sp\u00e9cifications sur l\u2019\u00e9tiquette.<\/p>\n<p>\u00a0<\/p>\n<\/div>\n<div class=\"a-section content\">\n<h4>Ingr\u00e9dients<\/h4>\n<p>\u00a0<\/p>\n<p>Huile De Jojoba, Huile De Macadamia, Acide Hyaluronique, Peptides, Panth\u00e9nol, Bioliquefi\u00e9 De Marcs De Raisin Negroamaro Et Primitivo, Tocoph\u00e9rol (Ac\u00e9tate De Vitamine E), R\u00e9tinol (Palmitate De Vitamine A), Cyclodextrine, \u00c9lastine, Collag\u00e9ne, Glyc\u00e9rine<\/p>\n<p>\u00a0<\/p>\n<\/div>\n<div class=\"a-section content\">\n<h4>Conseils d\u2019utilisation<\/h4>\n<p>\u00a0<\/p>\n<p>Appliquer le produit sur le visage, le cou et le d\u00e9collet\u00e9 et masser jusqu\u2019\u00e0 compl\u00e8te absorption.<\/p>\n<p>\u00a0<\/p>\n<\/div>\n<\/div>\n<\/div>\n<\/div>\n<\/div>","protected":false},"excerpt":{"rendered":"<p>Highlights:Emulsion lift avec PHYTODERMINA LIFTING, qui att\u00e9nue les rides, et ARGIRELINE, qui r\u00e9duit le rel\u00e2chement des muscles du visage pour un effet raffermissant et tonifiant.<\/p>","protected":false},"featured_media":43304,"comment_status":"open","ping_status":"closed","template":"","meta":[],"pwb-brand":[2127],"product_cat":[16],"product_tag":[],"class_list":{"0":"post-43303","1":"product","2":"type-product","3":"status-publish","4":"has-post-thumbnail","6":"pwb-brand-physio-natura","7":"product_cat-non-classe","8":"pa_brands-physio-natura","10":"first","11":"instock","12":"sale","13":"shipping-taxable","14":"purchasable","15":"product-type-simple"},"yoast_head":"<!-- This site is optimized with the Yoast SEO plugin v27.5 - https:\/\/yoast.com\/product\/yoast-seo-wordpress\/ -->\n<title>Physio Natura Rigenera Emulsion ultra Intensif 30ml - paragaleriedetalborjt<\/title>\n<meta name=\"robots\" content=\"index, follow, max-snippet:-1, max-image-preview:large, max-video-preview:-1\" \/>\n<link rel=\"canonical\" href=\"https:\/\/paragaleriedetalborjt.com\/en\/boutique\/physio-natura-rigenera-emulsion-ultra-intensif-30ml\/\" \/>\n<meta property=\"og:locale\" content=\"en_US\" \/>\n<meta property=\"og:type\" content=\"article\" \/>\n<meta property=\"og:title\" content=\"Physio Natura Rigenera Emulsion ultra Intensif 30ml - paragaleriedetalborjt\" \/>\n<meta property=\"og:description\" content=\"Highlights:Emulsion lift avec PHYTODERMINA LIFTING, qui att\u00e9nue les rides, et ARGIRELINE, qui r\u00e9duit le rel\u00e2chement des muscles du visage pour un effet raffermissant et tonifiant.\" \/>\n<meta property=\"og:url\" content=\"https:\/\/paragaleriedetalborjt.com\/en\/boutique\/physio-natura-rigenera-emulsion-ultra-intensif-30ml\/\" \/>\n<meta property=\"og:site_name\" content=\"paragaleriedetalborjt\" \/>\n<meta property=\"og:image\" content=\"https:\/\/paragaleriedetalborjt.com\/wp-content\/uploads\/2026\/01\/Physio_Natura_Rigenera_Emulsion_ultra_Intensif_30ml-removebg-preview.jpg\" \/>\n\t<meta property=\"og:image:width\" content=\"594\" \/>\n\t<meta property=\"og:image:height\" content=\"654\" \/>\n\t<meta property=\"og:image:type\" content=\"image\/jpeg\" \/>\n<meta name=\"twitter:card\" content=\"summary_large_image\" \/>\n<meta name=\"twitter:label1\" content=\"Est. reading time\" \/>\n\t<meta name=\"twitter:data1\" content=\"1 minute\" \/>\n<script type=\"application\/ld+json\" class=\"yoast-schema-graph\">{\"@context\":\"https:\\\/\\\/schema.org\",\"@graph\":[{\"@type\":\"WebPage\",\"@id\":\"https:\\\/\\\/paragaleriedetalborjt.com\\\/boutique\\\/physio-natura-rigenera-emulsion-ultra-intensif-30ml\\\/\",\"url\":\"https:\\\/\\\/paragaleriedetalborjt.com\\\/boutique\\\/physio-natura-rigenera-emulsion-ultra-intensif-30ml\\\/\",\"name\":\"Physio Natura Rigenera Emulsion ultra Intensif 30ml - paragaleriedetalborjt\",\"isPartOf\":{\"@id\":\"https:\\\/\\\/paragaleriedetalborjt.com\\\/#website\"},\"primaryImageOfPage\":{\"@id\":\"https:\\\/\\\/paragaleriedetalborjt.com\\\/boutique\\\/physio-natura-rigenera-emulsion-ultra-intensif-30ml\\\/#primaryimage\"},\"image\":{\"@id\":\"https:\\\/\\\/paragaleriedetalborjt.com\\\/boutique\\\/physio-natura-rigenera-emulsion-ultra-intensif-30ml\\\/#primaryimage\"},\"thumbnailUrl\":\"https:\\\/\\\/paragaleriedetalborjt.com\\\/wp-content\\\/uploads\\\/2026\\\/01\\\/Physio_Natura_Rigenera_Emulsion_ultra_Intensif_30ml-removebg-preview.jpg\",\"datePublished\":\"2026-01-03T21:06:52+00:00\",\"breadcrumb\":{\"@id\":\"https:\\\/\\\/paragaleriedetalborjt.com\\\/boutique\\\/physio-natura-rigenera-emulsion-ultra-intensif-30ml\\\/#breadcrumb\"},\"inLanguage\":\"en-US\",\"potentialAction\":[{\"@type\":\"ReadAction\",\"target\":[\"https:\\\/\\\/paragaleriedetalborjt.com\\\/boutique\\\/physio-natura-rigenera-emulsion-ultra-intensif-30ml\\\/\"]}]},{\"@type\":\"ImageObject\",\"inLanguage\":\"en-US\",\"@id\":\"https:\\\/\\\/paragaleriedetalborjt.com\\\/boutique\\\/physio-natura-rigenera-emulsion-ultra-intensif-30ml\\\/#primaryimage\",\"url\":\"https:\\\/\\\/paragaleriedetalborjt.com\\\/wp-content\\\/uploads\\\/2026\\\/01\\\/Physio_Natura_Rigenera_Emulsion_ultra_Intensif_30ml-removebg-preview.jpg\",\"contentUrl\":\"https:\\\/\\\/paragaleriedetalborjt.com\\\/wp-content\\\/uploads\\\/2026\\\/01\\\/Physio_Natura_Rigenera_Emulsion_ultra_Intensif_30ml-removebg-preview.jpg\",\"width\":594,\"height\":654},{\"@type\":\"BreadcrumbList\",\"@id\":\"https:\\\/\\\/paragaleriedetalborjt.com\\\/boutique\\\/physio-natura-rigenera-emulsion-ultra-intensif-30ml\\\/#breadcrumb\",\"itemListElement\":[{\"@type\":\"ListItem\",\"position\":1,\"name\":\"Accueil\",\"item\":\"https:\\\/\\\/paragaleriedetalborjt.com\\\/\"},{\"@type\":\"ListItem\",\"position\":2,\"name\":\"Boutique\",\"item\":\"https:\\\/\\\/paragaleriedetalborjt.com\\\/boutique\\\/\"},{\"@type\":\"ListItem\",\"position\":3,\"name\":\"Physio Natura Rigenera Emulsion ultra Intensif 30ml\"}]},{\"@type\":\"WebSite\",\"@id\":\"https:\\\/\\\/paragaleriedetalborjt.com\\\/#website\",\"url\":\"https:\\\/\\\/paragaleriedetalborjt.com\\\/\",\"name\":\"paragaleriedetalborjt\",\"description\":\"\",\"potentialAction\":[{\"@type\":\"SearchAction\",\"target\":{\"@type\":\"EntryPoint\",\"urlTemplate\":\"https:\\\/\\\/paragaleriedetalborjt.com\\\/?s={search_term_string}\"},\"query-input\":{\"@type\":\"PropertyValueSpecification\",\"valueRequired\":true,\"valueName\":\"search_term_string\"}}],\"inLanguage\":\"en-US\"}]}<\/script>\n<!-- \/ Yoast SEO plugin. -->","yoast_head_json":{"title":"Physio Natura Rigenera Emulsion ultra Intensif 30ml - paragaleriedetalborjt","robots":{"index":"index","follow":"follow","max-snippet":"max-snippet:-1","max-image-preview":"max-image-preview:large","max-video-preview":"max-video-preview:-1"},"canonical":"https:\/\/paragaleriedetalborjt.com\/en\/boutique\/physio-natura-rigenera-emulsion-ultra-intensif-30ml\/","og_locale":"en_US","og_type":"article","og_title":"Physio Natura Rigenera Emulsion ultra Intensif 30ml - paragaleriedetalborjt","og_description":"Highlights:Emulsion lift avec PHYTODERMINA LIFTING, qui att\u00e9nue les rides, et ARGIRELINE, qui r\u00e9duit le rel\u00e2chement des muscles du visage pour un effet raffermissant et tonifiant.","og_url":"https:\/\/paragaleriedetalborjt.com\/en\/boutique\/physio-natura-rigenera-emulsion-ultra-intensif-30ml\/","og_site_name":"paragaleriedetalborjt","og_image":[{"width":594,"height":654,"url":"https:\/\/paragaleriedetalborjt.com\/wp-content\/uploads\/2026\/01\/Physio_Natura_Rigenera_Emulsion_ultra_Intensif_30ml-removebg-preview.jpg","type":"image\/jpeg"}],"twitter_card":"summary_large_image","twitter_misc":{"Est. reading time":"1 minute"},"schema":{"@context":"https:\/\/schema.org","@graph":[{"@type":"WebPage","@id":"https:\/\/paragaleriedetalborjt.com\/boutique\/physio-natura-rigenera-emulsion-ultra-intensif-30ml\/","url":"https:\/\/paragaleriedetalborjt.com\/boutique\/physio-natura-rigenera-emulsion-ultra-intensif-30ml\/","name":"Physio Natura Rigenera Emulsion ultra Intensif 30ml - paragaleriedetalborjt","isPartOf":{"@id":"https:\/\/paragaleriedetalborjt.com\/#website"},"primaryImageOfPage":{"@id":"https:\/\/paragaleriedetalborjt.com\/boutique\/physio-natura-rigenera-emulsion-ultra-intensif-30ml\/#primaryimage"},"image":{"@id":"https:\/\/paragaleriedetalborjt.com\/boutique\/physio-natura-rigenera-emulsion-ultra-intensif-30ml\/#primaryimage"},"thumbnailUrl":"https:\/\/paragaleriedetalborjt.com\/wp-content\/uploads\/2026\/01\/Physio_Natura_Rigenera_Emulsion_ultra_Intensif_30ml-removebg-preview.jpg","datePublished":"2026-01-03T21:06:52+00:00","breadcrumb":{"@id":"https:\/\/paragaleriedetalborjt.com\/boutique\/physio-natura-rigenera-emulsion-ultra-intensif-30ml\/#breadcrumb"},"inLanguage":"en-US","potentialAction":[{"@type":"ReadAction","target":["https:\/\/paragaleriedetalborjt.com\/boutique\/physio-natura-rigenera-emulsion-ultra-intensif-30ml\/"]}]},{"@type":"ImageObject","inLanguage":"en-US","@id":"https:\/\/paragaleriedetalborjt.com\/boutique\/physio-natura-rigenera-emulsion-ultra-intensif-30ml\/#primaryimage","url":"https:\/\/paragaleriedetalborjt.com\/wp-content\/uploads\/2026\/01\/Physio_Natura_Rigenera_Emulsion_ultra_Intensif_30ml-removebg-preview.jpg","contentUrl":"https:\/\/paragaleriedetalborjt.com\/wp-content\/uploads\/2026\/01\/Physio_Natura_Rigenera_Emulsion_ultra_Intensif_30ml-removebg-preview.jpg","width":594,"height":654},{"@type":"BreadcrumbList","@id":"https:\/\/paragaleriedetalborjt.com\/boutique\/physio-natura-rigenera-emulsion-ultra-intensif-30ml\/#breadcrumb","itemListElement":[{"@type":"ListItem","position":1,"name":"Accueil","item":"https:\/\/paragaleriedetalborjt.com\/"},{"@type":"ListItem","position":2,"name":"Boutique","item":"https:\/\/paragaleriedetalborjt.com\/boutique\/"},{"@type":"ListItem","position":3,"name":"Physio Natura Rigenera Emulsion ultra Intensif 30ml"}]},{"@type":"WebSite","@id":"https:\/\/paragaleriedetalborjt.com\/#website","url":"https:\/\/paragaleriedetalborjt.com\/","name":"paragaleriedetalborjt","description":"","potentialAction":[{"@type":"SearchAction","target":{"@type":"EntryPoint","urlTemplate":"https:\/\/paragaleriedetalborjt.com\/?s={search_term_string}"},"query-input":{"@type":"PropertyValueSpecification","valueRequired":true,"valueName":"search_term_string"}}],"inLanguage":"en-US"}]}},"brands":[{"id":2127,"name":"PHYSIO NATURA","slug":"physio-natura"}],"_links":{"self":[{"href":"https:\/\/paragaleriedetalborjt.com\/en\/wp-json\/wp\/v2\/product\/43303","targetHints":{"allow":["GET"]}}],"collection":[{"href":"https:\/\/paragaleriedetalborjt.com\/en\/wp-json\/wp\/v2\/product"}],"about":[{"href":"https:\/\/paragaleriedetalborjt.com\/en\/wp-json\/wp\/v2\/types\/product"}],"replies":[{"embeddable":true,"href":"https:\/\/paragaleriedetalborjt.com\/en\/wp-json\/wp\/v2\/comments?post=43303"}],"version-history":[{"count":1,"href":"https:\/\/paragaleriedetalborjt.com\/en\/wp-json\/wp\/v2\/product\/43303\/revisions"}],"predecessor-version":[{"id":43305,"href":"https:\/\/paragaleriedetalborjt.com\/en\/wp-json\/wp\/v2\/product\/43303\/revisions\/43305"}],"wp:featuredmedia":[{"embeddable":true,"href":"https:\/\/paragaleriedetalborjt.com\/en\/wp-json\/wp\/v2\/media\/43304"}],"wp:attachment":[{"href":"https:\/\/paragaleriedetalborjt.com\/en\/wp-json\/wp\/v2\/media?parent=43303"}],"wp:term":[{"taxonomy":"pwb-brand","embeddable":true,"href":"https:\/\/paragaleriedetalborjt.com\/en\/wp-json\/wp\/v2\/pwb-brand?post=43303"},{"taxonomy":"product_cat","embeddable":true,"href":"https:\/\/paragaleriedetalborjt.com\/en\/wp-json\/wp\/v2\/product_cat?post=43303"},{"taxonomy":"product_tag","embeddable":true,"href":"https:\/\/paragaleriedetalborjt.com\/en\/wp-json\/wp\/v2\/product_tag?post=43303"}],"curies":[{"name":"wp","href":"https:\/\/api.w.org\/{rel}","templated":true}]}}