{"id":43297,"date":"2026-01-03T22:06:36","date_gmt":"2026-01-03T21:06:36","guid":{"rendered":"https:\/\/paragaleriedetalborjt.com\/?post_type=product&#038;p=43297"},"modified":"2026-01-03T22:06:36","modified_gmt":"2026-01-03T21:06:36","slug":"physio-natura-rigenera-creme-a-a-ultra-intensif-30ml","status":"publish","type":"product","link":"https:\/\/paragaleriedetalborjt.com\/en\/boutique\/physio-natura-rigenera-creme-a-a-ultra-intensif-30ml\/","title":{"rendered":"Physio Natura Rigenera creme A.A ultra Intensif 30ml"},"content":{"rendered":"<div aria-labelledby=\"tab-title-description\" class=\"woocommerce-Tabs-panel woocommerce-Tabs-panel--description panel entry-content wc-tab\" id=\"tab-description\" role=\"tabpanel\" style=\"\">\n<h2>Description<\/h2>\n<p>Rest une ligne anti-\u00e2ge avec un effet relaxant musculaire autour des yeux et pour le visage. Con\u00e7u pour former un lifting durable et lutter contre les rides mimiques. Il est utilis\u00e9 pour l\u2019application finale dans les traitements professionnels en instituts de beaut\u00e9 et pour les soins quotidiens \u00e0 domicile des peaux atoniques et l\u00e2ches avec des rides. Procure un effet relaxant musculaire sur les muscles mim\u00e9tiques (front, pont du nez, autour des yeux et de la bouche) et un lifting permanent sur l\u2019ovale du visage, le menton et le cou. La forte concentration d\u2019ingr\u00e9dients anti-\u00e2ge conf\u00e8re aux cellules de puissants effets d\u2019\u00e9veil et de stimulation. L\u2019apport sanguin aux muscles faciaux s\u2019am\u00e9liore, la microcirculation est r\u00e9tablie et le renouvellement des cellules \u00e9pidermiques est acc\u00e9l\u00e9r\u00e9. Pour la th\u00e9rapie de rajeunissement du pouls, il est recommand\u00e9 de le combiner avec le s\u00e9rum anti-\u00e2ge ultra-intensif Rigenera. Hypoallerg\u00e9nique, confortable pour \u00eatre tol\u00e9r\u00e9 par les peaux sensibles. La texture la plus l\u00e9g\u00e8re avec un effet d\u2019\u00e9tirement et de lifting instantan\u00e9. Parfum poudr\u00e9 s\u00e9duisant f\u00e9minin et subtil!<\/p>\n<p>CONSEIL D\u2019UTILISATION :<\/p>\n<p>Appliquer avec de l\u00e9gers mouvements de tapotements sur la peau autour des yeux, du visage et du cou; Pour la th\u00e9rapie de rajeunissement du pouls, il est recommand\u00e9 de combiner avec le s\u00e9rum anti-\u00e2ge ultra-intensif Rigenera; Appliquer matin et soir. R\u00e9sultats: La peau acquiert instantan\u00e9ment une apparence radieuse et rajeunie \u2013 ferme, compacte et \u00e9lastique, comble les rides, liftante et hydratation longue dur\u00e9e en profondeur; Avec l\u2019application du cours, on obtient un lifting persistant, un lissage des rides autour des yeux, du visage et du cou, \u00e9claircissant les taches de vieillesse<\/p>\n<\/div>","protected":false},"excerpt":{"rendered":"<p>Highlights:Nettoie, d\u00e9maquille et hydrate en douceur pour \u00e9liminer les salet\u00e9s et le maquillage.\u2022 Besoin :Nettoyer | Hydrater | Peau normale \u00e0 s\u00e8che | Peau sensible.\u2022 Ingr\u00e9dients Cl\u00e9s :C\u00e9ramides (1, 3 et 6-II) pour prot\u00e9ger et nourrir | Acide Hyaluronique pour maintenir la peau hydrat\u00e9e | Niacinamide pour apaiser la peau.\u2022S\u00e9curit\u00e9 :Sans Parfum | Sans Parab\u00e8ne | Hypoallerg\u00e9nique | Non-Com\u00e9dog\u00e8ne.\u2022 Utilisation :Appliquer \u00e0 l\u2019aide d\u2019un coton imbib\u00e9. Sans rin\u00e7age. Visage et yeux.<\/p>","protected":false},"featured_media":43298,"comment_status":"open","ping_status":"closed","template":"","meta":[],"pwb-brand":[2127],"product_cat":[16],"product_tag":[],"class_list":{"0":"post-43297","1":"product","2":"type-product","3":"status-publish","4":"has-post-thumbnail","6":"pwb-brand-physio-natura","7":"product_cat-non-classe","8":"pa_brands-physio-natura","10":"first","11":"instock","12":"sale","13":"shipping-taxable","14":"purchasable","15":"product-type-simple"},"yoast_head":"<!-- This site is optimized with the Yoast SEO plugin v27.5 - https:\/\/yoast.com\/product\/yoast-seo-wordpress\/ -->\n<title>Physio Natura Rigenera creme A.A ultra Intensif 30ml - paragaleriedetalborjt<\/title>\n<meta name=\"robots\" content=\"index, follow, max-snippet:-1, max-image-preview:large, max-video-preview:-1\" \/>\n<link rel=\"canonical\" href=\"https:\/\/paragaleriedetalborjt.com\/en\/boutique\/physio-natura-rigenera-creme-a-a-ultra-intensif-30ml\/\" \/>\n<meta property=\"og:locale\" content=\"en_US\" \/>\n<meta property=\"og:type\" content=\"article\" \/>\n<meta property=\"og:title\" content=\"Physio Natura Rigenera creme A.A ultra Intensif 30ml - paragaleriedetalborjt\" \/>\n<meta property=\"og:description\" content=\"Highlights:Nettoie, d\u00e9maquille et hydrate en douceur pour \u00e9liminer les salet\u00e9s et le maquillage.\u2022 Besoin :Nettoyer | Hydrater | Peau normale \u00e0 s\u00e8che | Peau sensible.\u2022 Ingr\u00e9dients Cl\u00e9s :C\u00e9ramides (1, 3 et 6-II) pour prot\u00e9ger et nourrir | Acide Hyaluronique pour maintenir la peau hydrat\u00e9e | Niacinamide pour apaiser la peau.\u2022S\u00e9curit\u00e9 :Sans Parfum | Sans Parab\u00e8ne | Hypoallerg\u00e9nique | Non-Com\u00e9dog\u00e8ne.\u2022 Utilisation :Appliquer \u00e0 l\u2019aide d\u2019un coton imbib\u00e9. Sans rin\u00e7age. Visage et yeux.\" \/>\n<meta property=\"og:url\" content=\"https:\/\/paragaleriedetalborjt.com\/en\/boutique\/physio-natura-rigenera-creme-a-a-ultra-intensif-30ml\/\" \/>\n<meta property=\"og:site_name\" content=\"paragaleriedetalborjt\" \/>\n<meta property=\"og:image\" content=\"https:\/\/paragaleriedetalborjt.com\/wp-content\/uploads\/2026\/01\/Physio-Natura-Rigenera-creme-A.A-ultra-Intensif-30ml.jpg\" \/>\n\t<meta property=\"og:image:width\" content=\"594\" \/>\n\t<meta property=\"og:image:height\" content=\"654\" \/>\n\t<meta property=\"og:image:type\" content=\"image\/jpeg\" \/>\n<meta name=\"twitter:card\" content=\"summary_large_image\" \/>\n<meta name=\"twitter:label1\" content=\"Est. reading time\" \/>\n\t<meta name=\"twitter:data1\" content=\"1 minute\" \/>\n<script type=\"application\/ld+json\" class=\"yoast-schema-graph\">{\"@context\":\"https:\\\/\\\/schema.org\",\"@graph\":[{\"@type\":\"WebPage\",\"@id\":\"https:\\\/\\\/paragaleriedetalborjt.com\\\/boutique\\\/physio-natura-rigenera-creme-a-a-ultra-intensif-30ml\\\/\",\"url\":\"https:\\\/\\\/paragaleriedetalborjt.com\\\/boutique\\\/physio-natura-rigenera-creme-a-a-ultra-intensif-30ml\\\/\",\"name\":\"Physio Natura Rigenera creme A.A ultra Intensif 30ml - paragaleriedetalborjt\",\"isPartOf\":{\"@id\":\"https:\\\/\\\/paragaleriedetalborjt.com\\\/#website\"},\"primaryImageOfPage\":{\"@id\":\"https:\\\/\\\/paragaleriedetalborjt.com\\\/boutique\\\/physio-natura-rigenera-creme-a-a-ultra-intensif-30ml\\\/#primaryimage\"},\"image\":{\"@id\":\"https:\\\/\\\/paragaleriedetalborjt.com\\\/boutique\\\/physio-natura-rigenera-creme-a-a-ultra-intensif-30ml\\\/#primaryimage\"},\"thumbnailUrl\":\"https:\\\/\\\/paragaleriedetalborjt.com\\\/wp-content\\\/uploads\\\/2026\\\/01\\\/Physio-Natura-Rigenera-creme-A.A-ultra-Intensif-30ml.jpg\",\"datePublished\":\"2026-01-03T21:06:36+00:00\",\"breadcrumb\":{\"@id\":\"https:\\\/\\\/paragaleriedetalborjt.com\\\/boutique\\\/physio-natura-rigenera-creme-a-a-ultra-intensif-30ml\\\/#breadcrumb\"},\"inLanguage\":\"en-US\",\"potentialAction\":[{\"@type\":\"ReadAction\",\"target\":[\"https:\\\/\\\/paragaleriedetalborjt.com\\\/boutique\\\/physio-natura-rigenera-creme-a-a-ultra-intensif-30ml\\\/\"]}]},{\"@type\":\"ImageObject\",\"inLanguage\":\"en-US\",\"@id\":\"https:\\\/\\\/paragaleriedetalborjt.com\\\/boutique\\\/physio-natura-rigenera-creme-a-a-ultra-intensif-30ml\\\/#primaryimage\",\"url\":\"https:\\\/\\\/paragaleriedetalborjt.com\\\/wp-content\\\/uploads\\\/2026\\\/01\\\/Physio-Natura-Rigenera-creme-A.A-ultra-Intensif-30ml.jpg\",\"contentUrl\":\"https:\\\/\\\/paragaleriedetalborjt.com\\\/wp-content\\\/uploads\\\/2026\\\/01\\\/Physio-Natura-Rigenera-creme-A.A-ultra-Intensif-30ml.jpg\",\"width\":594,\"height\":654},{\"@type\":\"BreadcrumbList\",\"@id\":\"https:\\\/\\\/paragaleriedetalborjt.com\\\/boutique\\\/physio-natura-rigenera-creme-a-a-ultra-intensif-30ml\\\/#breadcrumb\",\"itemListElement\":[{\"@type\":\"ListItem\",\"position\":1,\"name\":\"Accueil\",\"item\":\"https:\\\/\\\/paragaleriedetalborjt.com\\\/\"},{\"@type\":\"ListItem\",\"position\":2,\"name\":\"Boutique\",\"item\":\"https:\\\/\\\/paragaleriedetalborjt.com\\\/boutique\\\/\"},{\"@type\":\"ListItem\",\"position\":3,\"name\":\"Physio Natura Rigenera creme A.A ultra Intensif 30ml\"}]},{\"@type\":\"WebSite\",\"@id\":\"https:\\\/\\\/paragaleriedetalborjt.com\\\/#website\",\"url\":\"https:\\\/\\\/paragaleriedetalborjt.com\\\/\",\"name\":\"paragaleriedetalborjt\",\"description\":\"\",\"potentialAction\":[{\"@type\":\"SearchAction\",\"target\":{\"@type\":\"EntryPoint\",\"urlTemplate\":\"https:\\\/\\\/paragaleriedetalborjt.com\\\/?s={search_term_string}\"},\"query-input\":{\"@type\":\"PropertyValueSpecification\",\"valueRequired\":true,\"valueName\":\"search_term_string\"}}],\"inLanguage\":\"en-US\"}]}<\/script>\n<!-- \/ Yoast SEO plugin. -->","yoast_head_json":{"title":"Physio Natura Rigenera creme A.A ultra Intensif 30ml - paragaleriedetalborjt","robots":{"index":"index","follow":"follow","max-snippet":"max-snippet:-1","max-image-preview":"max-image-preview:large","max-video-preview":"max-video-preview:-1"},"canonical":"https:\/\/paragaleriedetalborjt.com\/en\/boutique\/physio-natura-rigenera-creme-a-a-ultra-intensif-30ml\/","og_locale":"en_US","og_type":"article","og_title":"Physio Natura Rigenera creme A.A ultra Intensif 30ml - paragaleriedetalborjt","og_description":"Highlights:Nettoie, d\u00e9maquille et hydrate en douceur pour \u00e9liminer les salet\u00e9s et le maquillage.\u2022 Besoin :Nettoyer | Hydrater | Peau normale \u00e0 s\u00e8che | Peau sensible.\u2022 Ingr\u00e9dients Cl\u00e9s :C\u00e9ramides (1, 3 et 6-II) pour prot\u00e9ger et nourrir | Acide Hyaluronique pour maintenir la peau hydrat\u00e9e | Niacinamide pour apaiser la peau.\u2022S\u00e9curit\u00e9 :Sans Parfum | Sans Parab\u00e8ne | Hypoallerg\u00e9nique | Non-Com\u00e9dog\u00e8ne.\u2022 Utilisation :Appliquer \u00e0 l\u2019aide d\u2019un coton imbib\u00e9. Sans rin\u00e7age. Visage et yeux.","og_url":"https:\/\/paragaleriedetalborjt.com\/en\/boutique\/physio-natura-rigenera-creme-a-a-ultra-intensif-30ml\/","og_site_name":"paragaleriedetalborjt","og_image":[{"width":594,"height":654,"url":"https:\/\/paragaleriedetalborjt.com\/wp-content\/uploads\/2026\/01\/Physio-Natura-Rigenera-creme-A.A-ultra-Intensif-30ml.jpg","type":"image\/jpeg"}],"twitter_card":"summary_large_image","twitter_misc":{"Est. reading time":"1 minute"},"schema":{"@context":"https:\/\/schema.org","@graph":[{"@type":"WebPage","@id":"https:\/\/paragaleriedetalborjt.com\/boutique\/physio-natura-rigenera-creme-a-a-ultra-intensif-30ml\/","url":"https:\/\/paragaleriedetalborjt.com\/boutique\/physio-natura-rigenera-creme-a-a-ultra-intensif-30ml\/","name":"Physio Natura Rigenera creme A.A ultra Intensif 30ml - paragaleriedetalborjt","isPartOf":{"@id":"https:\/\/paragaleriedetalborjt.com\/#website"},"primaryImageOfPage":{"@id":"https:\/\/paragaleriedetalborjt.com\/boutique\/physio-natura-rigenera-creme-a-a-ultra-intensif-30ml\/#primaryimage"},"image":{"@id":"https:\/\/paragaleriedetalborjt.com\/boutique\/physio-natura-rigenera-creme-a-a-ultra-intensif-30ml\/#primaryimage"},"thumbnailUrl":"https:\/\/paragaleriedetalborjt.com\/wp-content\/uploads\/2026\/01\/Physio-Natura-Rigenera-creme-A.A-ultra-Intensif-30ml.jpg","datePublished":"2026-01-03T21:06:36+00:00","breadcrumb":{"@id":"https:\/\/paragaleriedetalborjt.com\/boutique\/physio-natura-rigenera-creme-a-a-ultra-intensif-30ml\/#breadcrumb"},"inLanguage":"en-US","potentialAction":[{"@type":"ReadAction","target":["https:\/\/paragaleriedetalborjt.com\/boutique\/physio-natura-rigenera-creme-a-a-ultra-intensif-30ml\/"]}]},{"@type":"ImageObject","inLanguage":"en-US","@id":"https:\/\/paragaleriedetalborjt.com\/boutique\/physio-natura-rigenera-creme-a-a-ultra-intensif-30ml\/#primaryimage","url":"https:\/\/paragaleriedetalborjt.com\/wp-content\/uploads\/2026\/01\/Physio-Natura-Rigenera-creme-A.A-ultra-Intensif-30ml.jpg","contentUrl":"https:\/\/paragaleriedetalborjt.com\/wp-content\/uploads\/2026\/01\/Physio-Natura-Rigenera-creme-A.A-ultra-Intensif-30ml.jpg","width":594,"height":654},{"@type":"BreadcrumbList","@id":"https:\/\/paragaleriedetalborjt.com\/boutique\/physio-natura-rigenera-creme-a-a-ultra-intensif-30ml\/#breadcrumb","itemListElement":[{"@type":"ListItem","position":1,"name":"Accueil","item":"https:\/\/paragaleriedetalborjt.com\/"},{"@type":"ListItem","position":2,"name":"Boutique","item":"https:\/\/paragaleriedetalborjt.com\/boutique\/"},{"@type":"ListItem","position":3,"name":"Physio Natura Rigenera creme A.A ultra Intensif 30ml"}]},{"@type":"WebSite","@id":"https:\/\/paragaleriedetalborjt.com\/#website","url":"https:\/\/paragaleriedetalborjt.com\/","name":"paragaleriedetalborjt","description":"","potentialAction":[{"@type":"SearchAction","target":{"@type":"EntryPoint","urlTemplate":"https:\/\/paragaleriedetalborjt.com\/?s={search_term_string}"},"query-input":{"@type":"PropertyValueSpecification","valueRequired":true,"valueName":"search_term_string"}}],"inLanguage":"en-US"}]}},"brands":[{"id":2127,"name":"PHYSIO NATURA","slug":"physio-natura"}],"_links":{"self":[{"href":"https:\/\/paragaleriedetalborjt.com\/en\/wp-json\/wp\/v2\/product\/43297","targetHints":{"allow":["GET"]}}],"collection":[{"href":"https:\/\/paragaleriedetalborjt.com\/en\/wp-json\/wp\/v2\/product"}],"about":[{"href":"https:\/\/paragaleriedetalborjt.com\/en\/wp-json\/wp\/v2\/types\/product"}],"replies":[{"embeddable":true,"href":"https:\/\/paragaleriedetalborjt.com\/en\/wp-json\/wp\/v2\/comments?post=43297"}],"version-history":[{"count":1,"href":"https:\/\/paragaleriedetalborjt.com\/en\/wp-json\/wp\/v2\/product\/43297\/revisions"}],"predecessor-version":[{"id":43299,"href":"https:\/\/paragaleriedetalborjt.com\/en\/wp-json\/wp\/v2\/product\/43297\/revisions\/43299"}],"wp:featuredmedia":[{"embeddable":true,"href":"https:\/\/paragaleriedetalborjt.com\/en\/wp-json\/wp\/v2\/media\/43298"}],"wp:attachment":[{"href":"https:\/\/paragaleriedetalborjt.com\/en\/wp-json\/wp\/v2\/media?parent=43297"}],"wp:term":[{"taxonomy":"pwb-brand","embeddable":true,"href":"https:\/\/paragaleriedetalborjt.com\/en\/wp-json\/wp\/v2\/pwb-brand?post=43297"},{"taxonomy":"product_cat","embeddable":true,"href":"https:\/\/paragaleriedetalborjt.com\/en\/wp-json\/wp\/v2\/product_cat?post=43297"},{"taxonomy":"product_tag","embeddable":true,"href":"https:\/\/paragaleriedetalborjt.com\/en\/wp-json\/wp\/v2\/product_tag?post=43297"}],"curies":[{"name":"wp","href":"https:\/\/api.w.org\/{rel}","templated":true}]}}