{"id":43291,"date":"2026-01-03T22:06:23","date_gmt":"2026-01-03T21:06:23","guid":{"rendered":"https:\/\/paragaleriedetalborjt.com\/?post_type=product&#038;p=43291"},"modified":"2026-01-03T22:06:23","modified_gmt":"2026-01-03T21:06:23","slug":"evawin-rosawin-creme-mdz-40ml","status":"publish","type":"product","link":"https:\/\/paragaleriedetalborjt.com\/en\/boutique\/evawin-rosawin-creme-mdz-40ml\/","title":{"rendered":"EVAWIN ROSAWIN\u00ae CREME MDZ 40ML"},"content":{"rendered":"<div aria-labelledby=\"tab-title-description\" class=\"woocommerce-Tabs-panel woocommerce-Tabs-panel--description panel entry-content wc-tab\" id=\"tab-description\" role=\"tabpanel\" style=\"\">\n<h2>Description<\/h2>\n<p>La Cr\u00e8me ROSAWIN<strong>\u00ae MDZ,\u00a0<\/strong>diminue l\u2019intensit\u00e9 et pr\u00e9vient l\u2019apparition des rougeurs de la rosac\u00e9e.<\/p>\n<p>Un complexe d\u2019actifs apaisants intenses comme Le m\u00e9tronidazole, les extraits de poivre de Tasmanie, de calendula, d\u2019Aloe Vera, d\u2019hamam\u00e9lis, les Huiles essentiels de cypr\u00e8s, de G\u00e9ranium, et de chanvre ainsi que le bisabolol et les Niacinamides Vit-B3 qui diminuent les sensations d\u2019\u00e9chauffement et de tiraillements.<\/p>\n<p>Une formule unique pour une action renforc\u00e9e\u00a0:<\/p>\n<ul>\n<li>Le m\u00e9tronidazole\u00a0est un antibact\u00e9rien, antiparasitaire et anti-inflammatoire.<\/li>\n<li>Huile essentiel de cypr\u00e8s renforce les parois veineuses.<\/li>\n<li>diminuent les rougeurs en favorisant la microcirculation veineuse et \u00e9claircit le teint.<br \/>\n\u2022 L\u2019extrait de calendula hydratent, adoucissent et assouplissent la peau jusqu\u2019\u00e0 24h.<br \/>\n\u2022 Les extraits de poivre de Tasmanie\u00a0et d\u2019Aloe Vera camouflent imm\u00e9diatement les rougeurs.<\/li>\n<li>L\u2019huile essentielle de chanvre, restaure durablement le confort cutan\u00e9.<\/li>\n<\/ul>\n<p>La Cr\u00e8me Anti-rougeurs ROSAWIN<strong>\u00ae MDZ<\/strong>\u00a0est formul\u00e9e sans paraben, phenoxyethanol ni parfum.<\/p>\n<div class=\"elementor-element elementor-element-c8e082f elementor-widget elementor-widget-heading\" data-element_type=\"widget\" data-id=\"c8e082f\" data-widget_type=\"heading.default\">\n<div class=\"elementor-widget-container\">\n<h3 class=\"elementor-heading-title elementor-size-large\"><strong>Conseils d\u2019Utilisation : <\/strong> <\/h3>\n<\/div>\n<\/div>\n<div class=\"elementor-element elementor-element-7dde40b elementor-widget elementor-widget-text-editor\" data-element_type=\"widget\" data-id=\"7dde40b\" data-widget_type=\"text-editor.default\">\n<div class=\"elementor-widget-container\">\n<div class=\"elementor-text-editor elementor-clearfix\">\n<div>\n<p>Appliquez le Soin ROSAWIN<strong>\u00ae MDZ<\/strong>\u00a0sur une peau propre matin et soir, Peut \u00eatre utilis\u00e9 comme base de maquillage.<\/p>\n<\/div>\n<\/div>\n<\/div>\n<\/div>\n<\/div>","protected":false},"excerpt":{"rendered":"<p>Highlights:Soin Anti-Rougeurs intensifPeaux sensibles \u00e0 tendance couperosiqueHydrate et apaise<\/p>","protected":false},"featured_media":43292,"comment_status":"open","ping_status":"closed","template":"","meta":[],"pwb-brand":[1815],"product_cat":[16],"product_tag":[],"class_list":{"0":"post-43291","1":"product","2":"type-product","3":"status-publish","4":"has-post-thumbnail","6":"pwb-brand-evawin","7":"product_cat-non-classe","8":"pa_brands-evawin","10":"first","11":"instock","12":"sale","13":"shipping-taxable","14":"purchasable","15":"product-type-simple"},"yoast_head":"<!-- This site is optimized with the Yoast SEO plugin v27.5 - https:\/\/yoast.com\/product\/yoast-seo-wordpress\/ -->\n<title>EVAWIN ROSAWIN\u00ae CREME MDZ 40ML - paragaleriedetalborjt<\/title>\n<meta name=\"robots\" content=\"index, follow, max-snippet:-1, max-image-preview:large, max-video-preview:-1\" \/>\n<link rel=\"canonical\" href=\"https:\/\/paragaleriedetalborjt.com\/en\/boutique\/evawin-rosawin-creme-mdz-40ml\/\" \/>\n<meta property=\"og:locale\" content=\"en_US\" \/>\n<meta property=\"og:type\" content=\"article\" \/>\n<meta property=\"og:title\" content=\"EVAWIN ROSAWIN\u00ae CREME MDZ 40ML - paragaleriedetalborjt\" \/>\n<meta property=\"og:description\" content=\"Highlights:Soin Anti-Rougeurs intensifPeaux sensibles \u00e0 tendance couperosiqueHydrate et apaise\" \/>\n<meta property=\"og:url\" content=\"https:\/\/paragaleriedetalborjt.com\/en\/boutique\/evawin-rosawin-creme-mdz-40ml\/\" \/>\n<meta property=\"og:site_name\" content=\"paragaleriedetalborjt\" \/>\n<meta property=\"og:image\" content=\"https:\/\/paragaleriedetalborjt.com\/wp-content\/uploads\/2026\/01\/rosawin-mdz-creme.jpg\" \/>\n\t<meta property=\"og:image:width\" content=\"595\" \/>\n\t<meta property=\"og:image:height\" content=\"655\" \/>\n\t<meta property=\"og:image:type\" content=\"image\/jpeg\" \/>\n<meta name=\"twitter:card\" content=\"summary_large_image\" \/>\n<meta name=\"twitter:label1\" content=\"Est. reading time\" \/>\n\t<meta name=\"twitter:data1\" content=\"1 minute\" \/>\n<script type=\"application\/ld+json\" class=\"yoast-schema-graph\">{\"@context\":\"https:\\\/\\\/schema.org\",\"@graph\":[{\"@type\":\"WebPage\",\"@id\":\"https:\\\/\\\/paragaleriedetalborjt.com\\\/boutique\\\/evawin-rosawin-creme-mdz-40ml\\\/\",\"url\":\"https:\\\/\\\/paragaleriedetalborjt.com\\\/boutique\\\/evawin-rosawin-creme-mdz-40ml\\\/\",\"name\":\"EVAWIN ROSAWIN\u00ae CREME MDZ 40ML - paragaleriedetalborjt\",\"isPartOf\":{\"@id\":\"https:\\\/\\\/paragaleriedetalborjt.com\\\/#website\"},\"primaryImageOfPage\":{\"@id\":\"https:\\\/\\\/paragaleriedetalborjt.com\\\/boutique\\\/evawin-rosawin-creme-mdz-40ml\\\/#primaryimage\"},\"image\":{\"@id\":\"https:\\\/\\\/paragaleriedetalborjt.com\\\/boutique\\\/evawin-rosawin-creme-mdz-40ml\\\/#primaryimage\"},\"thumbnailUrl\":\"https:\\\/\\\/paragaleriedetalborjt.com\\\/wp-content\\\/uploads\\\/2026\\\/01\\\/rosawin-mdz-creme.jpg\",\"datePublished\":\"2026-01-03T21:06:23+00:00\",\"breadcrumb\":{\"@id\":\"https:\\\/\\\/paragaleriedetalborjt.com\\\/boutique\\\/evawin-rosawin-creme-mdz-40ml\\\/#breadcrumb\"},\"inLanguage\":\"en-US\",\"potentialAction\":[{\"@type\":\"ReadAction\",\"target\":[\"https:\\\/\\\/paragaleriedetalborjt.com\\\/boutique\\\/evawin-rosawin-creme-mdz-40ml\\\/\"]}]},{\"@type\":\"ImageObject\",\"inLanguage\":\"en-US\",\"@id\":\"https:\\\/\\\/paragaleriedetalborjt.com\\\/boutique\\\/evawin-rosawin-creme-mdz-40ml\\\/#primaryimage\",\"url\":\"https:\\\/\\\/paragaleriedetalborjt.com\\\/wp-content\\\/uploads\\\/2026\\\/01\\\/rosawin-mdz-creme.jpg\",\"contentUrl\":\"https:\\\/\\\/paragaleriedetalborjt.com\\\/wp-content\\\/uploads\\\/2026\\\/01\\\/rosawin-mdz-creme.jpg\",\"width\":595,\"height\":655},{\"@type\":\"BreadcrumbList\",\"@id\":\"https:\\\/\\\/paragaleriedetalborjt.com\\\/boutique\\\/evawin-rosawin-creme-mdz-40ml\\\/#breadcrumb\",\"itemListElement\":[{\"@type\":\"ListItem\",\"position\":1,\"name\":\"Accueil\",\"item\":\"https:\\\/\\\/paragaleriedetalborjt.com\\\/\"},{\"@type\":\"ListItem\",\"position\":2,\"name\":\"Boutique\",\"item\":\"https:\\\/\\\/paragaleriedetalborjt.com\\\/boutique\\\/\"},{\"@type\":\"ListItem\",\"position\":3,\"name\":\"EVAWIN ROSAWIN\u00ae CREME MDZ 40ML\"}]},{\"@type\":\"WebSite\",\"@id\":\"https:\\\/\\\/paragaleriedetalborjt.com\\\/#website\",\"url\":\"https:\\\/\\\/paragaleriedetalborjt.com\\\/\",\"name\":\"paragaleriedetalborjt\",\"description\":\"\",\"potentialAction\":[{\"@type\":\"SearchAction\",\"target\":{\"@type\":\"EntryPoint\",\"urlTemplate\":\"https:\\\/\\\/paragaleriedetalborjt.com\\\/?s={search_term_string}\"},\"query-input\":{\"@type\":\"PropertyValueSpecification\",\"valueRequired\":true,\"valueName\":\"search_term_string\"}}],\"inLanguage\":\"en-US\"}]}<\/script>\n<!-- \/ Yoast SEO plugin. -->","yoast_head_json":{"title":"EVAWIN ROSAWIN\u00ae CREME MDZ 40ML - paragaleriedetalborjt","robots":{"index":"index","follow":"follow","max-snippet":"max-snippet:-1","max-image-preview":"max-image-preview:large","max-video-preview":"max-video-preview:-1"},"canonical":"https:\/\/paragaleriedetalborjt.com\/en\/boutique\/evawin-rosawin-creme-mdz-40ml\/","og_locale":"en_US","og_type":"article","og_title":"EVAWIN ROSAWIN\u00ae CREME MDZ 40ML - paragaleriedetalborjt","og_description":"Highlights:Soin Anti-Rougeurs intensifPeaux sensibles \u00e0 tendance couperosiqueHydrate et apaise","og_url":"https:\/\/paragaleriedetalborjt.com\/en\/boutique\/evawin-rosawin-creme-mdz-40ml\/","og_site_name":"paragaleriedetalborjt","og_image":[{"width":595,"height":655,"url":"https:\/\/paragaleriedetalborjt.com\/wp-content\/uploads\/2026\/01\/rosawin-mdz-creme.jpg","type":"image\/jpeg"}],"twitter_card":"summary_large_image","twitter_misc":{"Est. reading time":"1 minute"},"schema":{"@context":"https:\/\/schema.org","@graph":[{"@type":"WebPage","@id":"https:\/\/paragaleriedetalborjt.com\/boutique\/evawin-rosawin-creme-mdz-40ml\/","url":"https:\/\/paragaleriedetalborjt.com\/boutique\/evawin-rosawin-creme-mdz-40ml\/","name":"EVAWIN ROSAWIN\u00ae CREME MDZ 40ML - paragaleriedetalborjt","isPartOf":{"@id":"https:\/\/paragaleriedetalborjt.com\/#website"},"primaryImageOfPage":{"@id":"https:\/\/paragaleriedetalborjt.com\/boutique\/evawin-rosawin-creme-mdz-40ml\/#primaryimage"},"image":{"@id":"https:\/\/paragaleriedetalborjt.com\/boutique\/evawin-rosawin-creme-mdz-40ml\/#primaryimage"},"thumbnailUrl":"https:\/\/paragaleriedetalborjt.com\/wp-content\/uploads\/2026\/01\/rosawin-mdz-creme.jpg","datePublished":"2026-01-03T21:06:23+00:00","breadcrumb":{"@id":"https:\/\/paragaleriedetalborjt.com\/boutique\/evawin-rosawin-creme-mdz-40ml\/#breadcrumb"},"inLanguage":"en-US","potentialAction":[{"@type":"ReadAction","target":["https:\/\/paragaleriedetalborjt.com\/boutique\/evawin-rosawin-creme-mdz-40ml\/"]}]},{"@type":"ImageObject","inLanguage":"en-US","@id":"https:\/\/paragaleriedetalborjt.com\/boutique\/evawin-rosawin-creme-mdz-40ml\/#primaryimage","url":"https:\/\/paragaleriedetalborjt.com\/wp-content\/uploads\/2026\/01\/rosawin-mdz-creme.jpg","contentUrl":"https:\/\/paragaleriedetalborjt.com\/wp-content\/uploads\/2026\/01\/rosawin-mdz-creme.jpg","width":595,"height":655},{"@type":"BreadcrumbList","@id":"https:\/\/paragaleriedetalborjt.com\/boutique\/evawin-rosawin-creme-mdz-40ml\/#breadcrumb","itemListElement":[{"@type":"ListItem","position":1,"name":"Accueil","item":"https:\/\/paragaleriedetalborjt.com\/"},{"@type":"ListItem","position":2,"name":"Boutique","item":"https:\/\/paragaleriedetalborjt.com\/boutique\/"},{"@type":"ListItem","position":3,"name":"EVAWIN ROSAWIN\u00ae CREME MDZ 40ML"}]},{"@type":"WebSite","@id":"https:\/\/paragaleriedetalborjt.com\/#website","url":"https:\/\/paragaleriedetalborjt.com\/","name":"paragaleriedetalborjt","description":"","potentialAction":[{"@type":"SearchAction","target":{"@type":"EntryPoint","urlTemplate":"https:\/\/paragaleriedetalborjt.com\/?s={search_term_string}"},"query-input":{"@type":"PropertyValueSpecification","valueRequired":true,"valueName":"search_term_string"}}],"inLanguage":"en-US"}]}},"brands":[{"id":1815,"name":"EVAWIN","slug":"evawin"}],"_links":{"self":[{"href":"https:\/\/paragaleriedetalborjt.com\/en\/wp-json\/wp\/v2\/product\/43291","targetHints":{"allow":["GET"]}}],"collection":[{"href":"https:\/\/paragaleriedetalborjt.com\/en\/wp-json\/wp\/v2\/product"}],"about":[{"href":"https:\/\/paragaleriedetalborjt.com\/en\/wp-json\/wp\/v2\/types\/product"}],"replies":[{"embeddable":true,"href":"https:\/\/paragaleriedetalborjt.com\/en\/wp-json\/wp\/v2\/comments?post=43291"}],"version-history":[{"count":1,"href":"https:\/\/paragaleriedetalborjt.com\/en\/wp-json\/wp\/v2\/product\/43291\/revisions"}],"predecessor-version":[{"id":43293,"href":"https:\/\/paragaleriedetalborjt.com\/en\/wp-json\/wp\/v2\/product\/43291\/revisions\/43293"}],"wp:featuredmedia":[{"embeddable":true,"href":"https:\/\/paragaleriedetalborjt.com\/en\/wp-json\/wp\/v2\/media\/43292"}],"wp:attachment":[{"href":"https:\/\/paragaleriedetalborjt.com\/en\/wp-json\/wp\/v2\/media?parent=43291"}],"wp:term":[{"taxonomy":"pwb-brand","embeddable":true,"href":"https:\/\/paragaleriedetalborjt.com\/en\/wp-json\/wp\/v2\/pwb-brand?post=43291"},{"taxonomy":"product_cat","embeddable":true,"href":"https:\/\/paragaleriedetalborjt.com\/en\/wp-json\/wp\/v2\/product_cat?post=43291"},{"taxonomy":"product_tag","embeddable":true,"href":"https:\/\/paragaleriedetalborjt.com\/en\/wp-json\/wp\/v2\/product_tag?post=43291"}],"curies":[{"name":"wp","href":"https:\/\/api.w.org\/{rel}","templated":true}]}}