{"id":43102,"date":"2026-01-03T21:58:47","date_gmt":"2026-01-03T20:58:47","guid":{"rendered":"https:\/\/paragaleriedetalborjt.com\/?post_type=product&#038;p=43102"},"modified":"2026-01-03T21:58:47","modified_gmt":"2026-01-03T20:58:47","slug":"uvp-creme-hydratante-apaisante-mains-50ml","status":"publish","type":"product","link":"https:\/\/paragaleriedetalborjt.com\/en\/boutique\/uvp-creme-hydratante-apaisante-mains-50ml\/","title":{"rendered":"Uvp Creme Hydratante Apaisante Mains 50ml"},"content":{"rendered":"<div aria-labelledby=\"tab-title-description\" class=\"woocommerce-Tabs-panel woocommerce-Tabs-panel--description panel entry-content wc-tab\" id=\"tab-description\" role=\"tabpanel\" style=\"\">\n<h2>Description<\/h2>\n<p>DESCRIPTION:<\/p>\n<p>Gr\u00e2ce au complexe innovant brevet\u00e9 Hydraxylur, la cr\u00e8me hydratante apaisante UVP est recommand\u00e9e pour le traitement des peaux sensibles s\u00e8ches et tr\u00e8s s\u00e8ches.<\/p>\n<p>En addition aux puissants compos\u00e9s dont l\u2019efficacit\u00e9 hydratante et restructurante est prouv\u00e9e (Aquaxyl, Ur\u00e9e), elle est enrichie en huiles v\u00e9g\u00e9tales naturelles sp\u00e9cialement indiqu\u00e9es pour apaiser les peaux sensibles.<\/p>\n<p>Elle soulage l\u2019ass\u00e8chement, la d\u00e9mangeaison et la desquamation.<\/p>\n<p>Sa texture l\u00e9g\u00e8re invisible et fondante qui s\u2019absorbe facilement sans coller et sans laisser de film gras \u00e0 la surface de la peau procure une hydratation durable.<\/p>\n<p>Les mains s\u00e8ches et rugueuses redeviennent visiblement lisses et douces.<\/p>\n<p>Convient pour le traitement de l\u2019ecz\u00e9ma.<\/p>\n<\/div>","protected":false},"excerpt":{"rendered":"<p>Highlights:Gr\u00e2ce au complexe innovant brevet\u00e9 Hydraxylur\u00ae, la cr\u00e8me hydratante apaisante UVP est recommand\u00e9e pour le traitement des peaux sensibles s\u00e8ches et tr\u00e8s s\u00e8ches.\u00a0En addition aux puissants compos\u00e9s dont l\u2019efficacit\u00e9 hydratante et restructurante est prouv<\/p>","protected":false},"featured_media":43103,"comment_status":"open","ping_status":"closed","template":"","meta":[],"pwb-brand":[2101],"product_cat":[16],"product_tag":[],"class_list":{"0":"post-43102","1":"product","2":"type-product","3":"status-publish","4":"has-post-thumbnail","6":"pwb-brand-uvp","7":"product_cat-non-classe","8":"pa_brands-uvp","10":"first","11":"instock","12":"sale","13":"shipping-taxable","14":"purchasable","15":"product-type-simple"},"yoast_head":"<!-- This site is optimized with the Yoast SEO plugin v27.5 - https:\/\/yoast.com\/product\/yoast-seo-wordpress\/ -->\n<title>Uvp Creme Hydratante Apaisante Mains 50ml - paragaleriedetalborjt<\/title>\n<meta name=\"robots\" content=\"index, follow, max-snippet:-1, max-image-preview:large, max-video-preview:-1\" \/>\n<link rel=\"canonical\" href=\"https:\/\/paragaleriedetalborjt.com\/en\/boutique\/uvp-creme-hydratante-apaisante-mains-50ml\/\" \/>\n<meta property=\"og:locale\" content=\"en_US\" \/>\n<meta property=\"og:type\" content=\"article\" \/>\n<meta property=\"og:title\" content=\"Uvp Creme Hydratante Apaisante Mains 50ml - paragaleriedetalborjt\" \/>\n<meta property=\"og:description\" content=\"Highlights:Gr\u00e2ce au complexe innovant brevet\u00e9 Hydraxylur\u00ae, la cr\u00e8me hydratante apaisante UVP est recommand\u00e9e pour le traitement des peaux sensibles s\u00e8ches et tr\u00e8s s\u00e8ches.\u00a0En addition aux puissants compos\u00e9s dont l\u2019efficacit\u00e9 hydratante et restructurante est prouv\" \/>\n<meta property=\"og:url\" content=\"https:\/\/paragaleriedetalborjt.com\/en\/boutique\/uvp-creme-hydratante-apaisante-mains-50ml\/\" \/>\n<meta property=\"og:site_name\" content=\"paragaleriedetalborjt\" \/>\n<meta property=\"og:image\" content=\"https:\/\/paragaleriedetalborjt.com\/wp-content\/uploads\/2026\/01\/Uvp-Creme-Hydratante-Apaisante-Mains-50ml.jpg\" \/>\n\t<meta property=\"og:image:width\" content=\"595\" \/>\n\t<meta property=\"og:image:height\" content=\"655\" \/>\n\t<meta property=\"og:image:type\" content=\"image\/jpeg\" \/>\n<meta name=\"twitter:card\" content=\"summary_large_image\" \/>\n<meta name=\"twitter:label1\" content=\"Est. reading time\" \/>\n\t<meta name=\"twitter:data1\" content=\"1 minute\" \/>\n<script type=\"application\/ld+json\" class=\"yoast-schema-graph\">{\"@context\":\"https:\\\/\\\/schema.org\",\"@graph\":[{\"@type\":\"WebPage\",\"@id\":\"https:\\\/\\\/paragaleriedetalborjt.com\\\/boutique\\\/uvp-creme-hydratante-apaisante-mains-50ml\\\/\",\"url\":\"https:\\\/\\\/paragaleriedetalborjt.com\\\/boutique\\\/uvp-creme-hydratante-apaisante-mains-50ml\\\/\",\"name\":\"Uvp Creme Hydratante Apaisante Mains 50ml - paragaleriedetalborjt\",\"isPartOf\":{\"@id\":\"https:\\\/\\\/paragaleriedetalborjt.com\\\/#website\"},\"primaryImageOfPage\":{\"@id\":\"https:\\\/\\\/paragaleriedetalborjt.com\\\/boutique\\\/uvp-creme-hydratante-apaisante-mains-50ml\\\/#primaryimage\"},\"image\":{\"@id\":\"https:\\\/\\\/paragaleriedetalborjt.com\\\/boutique\\\/uvp-creme-hydratante-apaisante-mains-50ml\\\/#primaryimage\"},\"thumbnailUrl\":\"https:\\\/\\\/paragaleriedetalborjt.com\\\/wp-content\\\/uploads\\\/2026\\\/01\\\/Uvp-Creme-Hydratante-Apaisante-Mains-50ml.jpg\",\"datePublished\":\"2026-01-03T20:58:47+00:00\",\"breadcrumb\":{\"@id\":\"https:\\\/\\\/paragaleriedetalborjt.com\\\/boutique\\\/uvp-creme-hydratante-apaisante-mains-50ml\\\/#breadcrumb\"},\"inLanguage\":\"en-US\",\"potentialAction\":[{\"@type\":\"ReadAction\",\"target\":[\"https:\\\/\\\/paragaleriedetalborjt.com\\\/boutique\\\/uvp-creme-hydratante-apaisante-mains-50ml\\\/\"]}]},{\"@type\":\"ImageObject\",\"inLanguage\":\"en-US\",\"@id\":\"https:\\\/\\\/paragaleriedetalborjt.com\\\/boutique\\\/uvp-creme-hydratante-apaisante-mains-50ml\\\/#primaryimage\",\"url\":\"https:\\\/\\\/paragaleriedetalborjt.com\\\/wp-content\\\/uploads\\\/2026\\\/01\\\/Uvp-Creme-Hydratante-Apaisante-Mains-50ml.jpg\",\"contentUrl\":\"https:\\\/\\\/paragaleriedetalborjt.com\\\/wp-content\\\/uploads\\\/2026\\\/01\\\/Uvp-Creme-Hydratante-Apaisante-Mains-50ml.jpg\",\"width\":595,\"height\":655},{\"@type\":\"BreadcrumbList\",\"@id\":\"https:\\\/\\\/paragaleriedetalborjt.com\\\/boutique\\\/uvp-creme-hydratante-apaisante-mains-50ml\\\/#breadcrumb\",\"itemListElement\":[{\"@type\":\"ListItem\",\"position\":1,\"name\":\"Accueil\",\"item\":\"https:\\\/\\\/paragaleriedetalborjt.com\\\/\"},{\"@type\":\"ListItem\",\"position\":2,\"name\":\"Boutique\",\"item\":\"https:\\\/\\\/paragaleriedetalborjt.com\\\/boutique\\\/\"},{\"@type\":\"ListItem\",\"position\":3,\"name\":\"Uvp Creme Hydratante Apaisante Mains 50ml\"}]},{\"@type\":\"WebSite\",\"@id\":\"https:\\\/\\\/paragaleriedetalborjt.com\\\/#website\",\"url\":\"https:\\\/\\\/paragaleriedetalborjt.com\\\/\",\"name\":\"paragaleriedetalborjt\",\"description\":\"\",\"potentialAction\":[{\"@type\":\"SearchAction\",\"target\":{\"@type\":\"EntryPoint\",\"urlTemplate\":\"https:\\\/\\\/paragaleriedetalborjt.com\\\/?s={search_term_string}\"},\"query-input\":{\"@type\":\"PropertyValueSpecification\",\"valueRequired\":true,\"valueName\":\"search_term_string\"}}],\"inLanguage\":\"en-US\"}]}<\/script>\n<!-- \/ Yoast SEO plugin. -->","yoast_head_json":{"title":"Uvp Creme Hydratante Apaisante Mains 50ml - paragaleriedetalborjt","robots":{"index":"index","follow":"follow","max-snippet":"max-snippet:-1","max-image-preview":"max-image-preview:large","max-video-preview":"max-video-preview:-1"},"canonical":"https:\/\/paragaleriedetalborjt.com\/en\/boutique\/uvp-creme-hydratante-apaisante-mains-50ml\/","og_locale":"en_US","og_type":"article","og_title":"Uvp Creme Hydratante Apaisante Mains 50ml - paragaleriedetalborjt","og_description":"Highlights:Gr\u00e2ce au complexe innovant brevet\u00e9 Hydraxylur\u00ae, la cr\u00e8me hydratante apaisante UVP est recommand\u00e9e pour le traitement des peaux sensibles s\u00e8ches et tr\u00e8s s\u00e8ches.\u00a0En addition aux puissants compos\u00e9s dont l\u2019efficacit\u00e9 hydratante et restructurante est prouv","og_url":"https:\/\/paragaleriedetalborjt.com\/en\/boutique\/uvp-creme-hydratante-apaisante-mains-50ml\/","og_site_name":"paragaleriedetalborjt","og_image":[{"width":595,"height":655,"url":"https:\/\/paragaleriedetalborjt.com\/wp-content\/uploads\/2026\/01\/Uvp-Creme-Hydratante-Apaisante-Mains-50ml.jpg","type":"image\/jpeg"}],"twitter_card":"summary_large_image","twitter_misc":{"Est. reading time":"1 minute"},"schema":{"@context":"https:\/\/schema.org","@graph":[{"@type":"WebPage","@id":"https:\/\/paragaleriedetalborjt.com\/boutique\/uvp-creme-hydratante-apaisante-mains-50ml\/","url":"https:\/\/paragaleriedetalborjt.com\/boutique\/uvp-creme-hydratante-apaisante-mains-50ml\/","name":"Uvp Creme Hydratante Apaisante Mains 50ml - paragaleriedetalborjt","isPartOf":{"@id":"https:\/\/paragaleriedetalborjt.com\/#website"},"primaryImageOfPage":{"@id":"https:\/\/paragaleriedetalborjt.com\/boutique\/uvp-creme-hydratante-apaisante-mains-50ml\/#primaryimage"},"image":{"@id":"https:\/\/paragaleriedetalborjt.com\/boutique\/uvp-creme-hydratante-apaisante-mains-50ml\/#primaryimage"},"thumbnailUrl":"https:\/\/paragaleriedetalborjt.com\/wp-content\/uploads\/2026\/01\/Uvp-Creme-Hydratante-Apaisante-Mains-50ml.jpg","datePublished":"2026-01-03T20:58:47+00:00","breadcrumb":{"@id":"https:\/\/paragaleriedetalborjt.com\/boutique\/uvp-creme-hydratante-apaisante-mains-50ml\/#breadcrumb"},"inLanguage":"en-US","potentialAction":[{"@type":"ReadAction","target":["https:\/\/paragaleriedetalborjt.com\/boutique\/uvp-creme-hydratante-apaisante-mains-50ml\/"]}]},{"@type":"ImageObject","inLanguage":"en-US","@id":"https:\/\/paragaleriedetalborjt.com\/boutique\/uvp-creme-hydratante-apaisante-mains-50ml\/#primaryimage","url":"https:\/\/paragaleriedetalborjt.com\/wp-content\/uploads\/2026\/01\/Uvp-Creme-Hydratante-Apaisante-Mains-50ml.jpg","contentUrl":"https:\/\/paragaleriedetalborjt.com\/wp-content\/uploads\/2026\/01\/Uvp-Creme-Hydratante-Apaisante-Mains-50ml.jpg","width":595,"height":655},{"@type":"BreadcrumbList","@id":"https:\/\/paragaleriedetalborjt.com\/boutique\/uvp-creme-hydratante-apaisante-mains-50ml\/#breadcrumb","itemListElement":[{"@type":"ListItem","position":1,"name":"Accueil","item":"https:\/\/paragaleriedetalborjt.com\/"},{"@type":"ListItem","position":2,"name":"Boutique","item":"https:\/\/paragaleriedetalborjt.com\/boutique\/"},{"@type":"ListItem","position":3,"name":"Uvp Creme Hydratante Apaisante Mains 50ml"}]},{"@type":"WebSite","@id":"https:\/\/paragaleriedetalborjt.com\/#website","url":"https:\/\/paragaleriedetalborjt.com\/","name":"paragaleriedetalborjt","description":"","potentialAction":[{"@type":"SearchAction","target":{"@type":"EntryPoint","urlTemplate":"https:\/\/paragaleriedetalborjt.com\/?s={search_term_string}"},"query-input":{"@type":"PropertyValueSpecification","valueRequired":true,"valueName":"search_term_string"}}],"inLanguage":"en-US"}]}},"brands":[{"id":2101,"name":"UVP","slug":"uvp"}],"_links":{"self":[{"href":"https:\/\/paragaleriedetalborjt.com\/en\/wp-json\/wp\/v2\/product\/43102","targetHints":{"allow":["GET"]}}],"collection":[{"href":"https:\/\/paragaleriedetalborjt.com\/en\/wp-json\/wp\/v2\/product"}],"about":[{"href":"https:\/\/paragaleriedetalborjt.com\/en\/wp-json\/wp\/v2\/types\/product"}],"replies":[{"embeddable":true,"href":"https:\/\/paragaleriedetalborjt.com\/en\/wp-json\/wp\/v2\/comments?post=43102"}],"version-history":[{"count":1,"href":"https:\/\/paragaleriedetalborjt.com\/en\/wp-json\/wp\/v2\/product\/43102\/revisions"}],"predecessor-version":[{"id":43104,"href":"https:\/\/paragaleriedetalborjt.com\/en\/wp-json\/wp\/v2\/product\/43102\/revisions\/43104"}],"wp:featuredmedia":[{"embeddable":true,"href":"https:\/\/paragaleriedetalborjt.com\/en\/wp-json\/wp\/v2\/media\/43103"}],"wp:attachment":[{"href":"https:\/\/paragaleriedetalborjt.com\/en\/wp-json\/wp\/v2\/media?parent=43102"}],"wp:term":[{"taxonomy":"pwb-brand","embeddable":true,"href":"https:\/\/paragaleriedetalborjt.com\/en\/wp-json\/wp\/v2\/pwb-brand?post=43102"},{"taxonomy":"product_cat","embeddable":true,"href":"https:\/\/paragaleriedetalborjt.com\/en\/wp-json\/wp\/v2\/product_cat?post=43102"},{"taxonomy":"product_tag","embeddable":true,"href":"https:\/\/paragaleriedetalborjt.com\/en\/wp-json\/wp\/v2\/product_tag?post=43102"}],"curies":[{"name":"wp","href":"https:\/\/api.w.org\/{rel}","templated":true}]}}