{"id":42907,"date":"2026-01-03T21:50:20","date_gmt":"2026-01-03T20:50:20","guid":{"rendered":"https:\/\/paragaleriedetalborjt.com\/?post_type=product&#038;p=42907"},"modified":"2026-01-03T21:50:20","modified_gmt":"2026-01-03T20:50:20","slug":"biokap-nutricolor-delicato-rapid-teinture-pour-cheveux-4-0-chatain-naturel","status":"publish","type":"product","link":"https:\/\/paragaleriedetalborjt.com\/en\/boutique\/biokap-nutricolor-delicato-rapid-teinture-pour-cheveux-4-0-chatain-naturel\/","title":{"rendered":"Biokap Nutricolor Delicato Rapid Teinture pour Cheveux 4.0 Chatain Naturel"},"content":{"rendered":"","protected":false},"excerpt":{"rendered":"<p>Highlights:Les colorations BioKap Nutricolor Delicato conviennent m\u00eame aux cuirs chevelus les plus sensibles. Les ingr\u00e9dients naturels prot\u00e8gent le cuir chevelu, nourrissent et r\u00e9parent les cheveux pendant l\u2019application. Les colorations couvrent les cheveux blancs d\u00e8s la premi\u00e8re application.<\/p>","protected":false},"featured_media":42908,"comment_status":"open","ping_status":"closed","template":"","meta":[],"pwb-brand":[1853],"product_cat":[16],"product_tag":[],"class_list":{"0":"post-42907","1":"product","2":"type-product","3":"status-publish","4":"has-post-thumbnail","6":"pwb-brand-biokap","7":"product_cat-non-classe","8":"pa_brands-biokap","10":"first","11":"instock","12":"sale","13":"shipping-taxable","14":"purchasable","15":"product-type-simple"},"yoast_head":"<!-- This site is optimized with the Yoast SEO plugin v27.5 - https:\/\/yoast.com\/product\/yoast-seo-wordpress\/ -->\n<title>Biokap Nutricolor Delicato Rapid Teinture pour Cheveux 4.0 Chatain Naturel - paragaleriedetalborjt<\/title>\n<meta name=\"robots\" content=\"index, follow, max-snippet:-1, max-image-preview:large, max-video-preview:-1\" \/>\n<link rel=\"canonical\" href=\"https:\/\/paragaleriedetalborjt.com\/en\/boutique\/biokap-nutricolor-delicato-rapid-teinture-pour-cheveux-4-0-chatain-naturel\/\" \/>\n<meta property=\"og:locale\" content=\"en_US\" \/>\n<meta property=\"og:type\" content=\"article\" \/>\n<meta property=\"og:title\" content=\"Biokap Nutricolor Delicato Rapid Teinture pour Cheveux 4.0 Chatain Naturel - paragaleriedetalborjt\" \/>\n<meta property=\"og:description\" content=\"Highlights:Les colorations BioKap Nutricolor Delicato conviennent m\u00eame aux cuirs chevelus les plus sensibles. Les ingr\u00e9dients naturels prot\u00e8gent le cuir chevelu, nourrissent et r\u00e9parent les cheveux pendant l\u2019application. Les colorations couvrent les cheveux blancs d\u00e8s la premi\u00e8re application.\" \/>\n<meta property=\"og:url\" content=\"https:\/\/paragaleriedetalborjt.com\/en\/boutique\/biokap-nutricolor-delicato-rapid-teinture-pour-cheveux-4-0-chatain-naturel\/\" \/>\n<meta property=\"og:site_name\" content=\"paragaleriedetalborjt\" \/>\n<meta property=\"og:image\" content=\"https:\/\/paragaleriedetalborjt.com\/wp-content\/uploads\/2026\/01\/4.0.jpg\" \/>\n\t<meta property=\"og:image:width\" content=\"458\" \/>\n\t<meta property=\"og:image:height\" content=\"458\" \/>\n\t<meta property=\"og:image:type\" content=\"image\/jpeg\" \/>\n<meta name=\"twitter:card\" content=\"summary_large_image\" \/>\n<script type=\"application\/ld+json\" class=\"yoast-schema-graph\">{\"@context\":\"https:\\\/\\\/schema.org\",\"@graph\":[{\"@type\":\"WebPage\",\"@id\":\"https:\\\/\\\/paragaleriedetalborjt.com\\\/boutique\\\/biokap-nutricolor-delicato-rapid-teinture-pour-cheveux-4-0-chatain-naturel\\\/\",\"url\":\"https:\\\/\\\/paragaleriedetalborjt.com\\\/boutique\\\/biokap-nutricolor-delicato-rapid-teinture-pour-cheveux-4-0-chatain-naturel\\\/\",\"name\":\"Biokap Nutricolor Delicato Rapid Teinture pour Cheveux 4.0 Chatain Naturel - paragaleriedetalborjt\",\"isPartOf\":{\"@id\":\"https:\\\/\\\/paragaleriedetalborjt.com\\\/#website\"},\"primaryImageOfPage\":{\"@id\":\"https:\\\/\\\/paragaleriedetalborjt.com\\\/boutique\\\/biokap-nutricolor-delicato-rapid-teinture-pour-cheveux-4-0-chatain-naturel\\\/#primaryimage\"},\"image\":{\"@id\":\"https:\\\/\\\/paragaleriedetalborjt.com\\\/boutique\\\/biokap-nutricolor-delicato-rapid-teinture-pour-cheveux-4-0-chatain-naturel\\\/#primaryimage\"},\"thumbnailUrl\":\"https:\\\/\\\/paragaleriedetalborjt.com\\\/wp-content\\\/uploads\\\/2026\\\/01\\\/4.0.jpg\",\"datePublished\":\"2026-01-03T20:50:20+00:00\",\"breadcrumb\":{\"@id\":\"https:\\\/\\\/paragaleriedetalborjt.com\\\/boutique\\\/biokap-nutricolor-delicato-rapid-teinture-pour-cheveux-4-0-chatain-naturel\\\/#breadcrumb\"},\"inLanguage\":\"en-US\",\"potentialAction\":[{\"@type\":\"ReadAction\",\"target\":[\"https:\\\/\\\/paragaleriedetalborjt.com\\\/boutique\\\/biokap-nutricolor-delicato-rapid-teinture-pour-cheveux-4-0-chatain-naturel\\\/\"]}]},{\"@type\":\"ImageObject\",\"inLanguage\":\"en-US\",\"@id\":\"https:\\\/\\\/paragaleriedetalborjt.com\\\/boutique\\\/biokap-nutricolor-delicato-rapid-teinture-pour-cheveux-4-0-chatain-naturel\\\/#primaryimage\",\"url\":\"https:\\\/\\\/paragaleriedetalborjt.com\\\/wp-content\\\/uploads\\\/2026\\\/01\\\/4.0.jpg\",\"contentUrl\":\"https:\\\/\\\/paragaleriedetalborjt.com\\\/wp-content\\\/uploads\\\/2026\\\/01\\\/4.0.jpg\",\"width\":458,\"height\":458},{\"@type\":\"BreadcrumbList\",\"@id\":\"https:\\\/\\\/paragaleriedetalborjt.com\\\/boutique\\\/biokap-nutricolor-delicato-rapid-teinture-pour-cheveux-4-0-chatain-naturel\\\/#breadcrumb\",\"itemListElement\":[{\"@type\":\"ListItem\",\"position\":1,\"name\":\"Accueil\",\"item\":\"https:\\\/\\\/paragaleriedetalborjt.com\\\/\"},{\"@type\":\"ListItem\",\"position\":2,\"name\":\"Boutique\",\"item\":\"https:\\\/\\\/paragaleriedetalborjt.com\\\/boutique\\\/\"},{\"@type\":\"ListItem\",\"position\":3,\"name\":\"Biokap Nutricolor Delicato Rapid Teinture pour Cheveux 4.0 Chatain Naturel\"}]},{\"@type\":\"WebSite\",\"@id\":\"https:\\\/\\\/paragaleriedetalborjt.com\\\/#website\",\"url\":\"https:\\\/\\\/paragaleriedetalborjt.com\\\/\",\"name\":\"paragaleriedetalborjt\",\"description\":\"\",\"potentialAction\":[{\"@type\":\"SearchAction\",\"target\":{\"@type\":\"EntryPoint\",\"urlTemplate\":\"https:\\\/\\\/paragaleriedetalborjt.com\\\/?s={search_term_string}\"},\"query-input\":{\"@type\":\"PropertyValueSpecification\",\"valueRequired\":true,\"valueName\":\"search_term_string\"}}],\"inLanguage\":\"en-US\"}]}<\/script>\n<!-- \/ Yoast SEO plugin. -->","yoast_head_json":{"title":"Biokap Nutricolor Delicato Rapid Teinture pour Cheveux 4.0 Chatain Naturel - paragaleriedetalborjt","robots":{"index":"index","follow":"follow","max-snippet":"max-snippet:-1","max-image-preview":"max-image-preview:large","max-video-preview":"max-video-preview:-1"},"canonical":"https:\/\/paragaleriedetalborjt.com\/en\/boutique\/biokap-nutricolor-delicato-rapid-teinture-pour-cheveux-4-0-chatain-naturel\/","og_locale":"en_US","og_type":"article","og_title":"Biokap Nutricolor Delicato Rapid Teinture pour Cheveux 4.0 Chatain Naturel - paragaleriedetalborjt","og_description":"Highlights:Les colorations BioKap Nutricolor Delicato conviennent m\u00eame aux cuirs chevelus les plus sensibles. Les ingr\u00e9dients naturels prot\u00e8gent le cuir chevelu, nourrissent et r\u00e9parent les cheveux pendant l\u2019application. Les colorations couvrent les cheveux blancs d\u00e8s la premi\u00e8re application.","og_url":"https:\/\/paragaleriedetalborjt.com\/en\/boutique\/biokap-nutricolor-delicato-rapid-teinture-pour-cheveux-4-0-chatain-naturel\/","og_site_name":"paragaleriedetalborjt","og_image":[{"width":458,"height":458,"url":"https:\/\/paragaleriedetalborjt.com\/wp-content\/uploads\/2026\/01\/4.0.jpg","type":"image\/jpeg"}],"twitter_card":"summary_large_image","schema":{"@context":"https:\/\/schema.org","@graph":[{"@type":"WebPage","@id":"https:\/\/paragaleriedetalborjt.com\/boutique\/biokap-nutricolor-delicato-rapid-teinture-pour-cheveux-4-0-chatain-naturel\/","url":"https:\/\/paragaleriedetalborjt.com\/boutique\/biokap-nutricolor-delicato-rapid-teinture-pour-cheveux-4-0-chatain-naturel\/","name":"Biokap Nutricolor Delicato Rapid Teinture pour Cheveux 4.0 Chatain Naturel - paragaleriedetalborjt","isPartOf":{"@id":"https:\/\/paragaleriedetalborjt.com\/#website"},"primaryImageOfPage":{"@id":"https:\/\/paragaleriedetalborjt.com\/boutique\/biokap-nutricolor-delicato-rapid-teinture-pour-cheveux-4-0-chatain-naturel\/#primaryimage"},"image":{"@id":"https:\/\/paragaleriedetalborjt.com\/boutique\/biokap-nutricolor-delicato-rapid-teinture-pour-cheveux-4-0-chatain-naturel\/#primaryimage"},"thumbnailUrl":"https:\/\/paragaleriedetalborjt.com\/wp-content\/uploads\/2026\/01\/4.0.jpg","datePublished":"2026-01-03T20:50:20+00:00","breadcrumb":{"@id":"https:\/\/paragaleriedetalborjt.com\/boutique\/biokap-nutricolor-delicato-rapid-teinture-pour-cheveux-4-0-chatain-naturel\/#breadcrumb"},"inLanguage":"en-US","potentialAction":[{"@type":"ReadAction","target":["https:\/\/paragaleriedetalborjt.com\/boutique\/biokap-nutricolor-delicato-rapid-teinture-pour-cheveux-4-0-chatain-naturel\/"]}]},{"@type":"ImageObject","inLanguage":"en-US","@id":"https:\/\/paragaleriedetalborjt.com\/boutique\/biokap-nutricolor-delicato-rapid-teinture-pour-cheveux-4-0-chatain-naturel\/#primaryimage","url":"https:\/\/paragaleriedetalborjt.com\/wp-content\/uploads\/2026\/01\/4.0.jpg","contentUrl":"https:\/\/paragaleriedetalborjt.com\/wp-content\/uploads\/2026\/01\/4.0.jpg","width":458,"height":458},{"@type":"BreadcrumbList","@id":"https:\/\/paragaleriedetalborjt.com\/boutique\/biokap-nutricolor-delicato-rapid-teinture-pour-cheveux-4-0-chatain-naturel\/#breadcrumb","itemListElement":[{"@type":"ListItem","position":1,"name":"Accueil","item":"https:\/\/paragaleriedetalborjt.com\/"},{"@type":"ListItem","position":2,"name":"Boutique","item":"https:\/\/paragaleriedetalborjt.com\/boutique\/"},{"@type":"ListItem","position":3,"name":"Biokap Nutricolor Delicato Rapid Teinture pour Cheveux 4.0 Chatain Naturel"}]},{"@type":"WebSite","@id":"https:\/\/paragaleriedetalborjt.com\/#website","url":"https:\/\/paragaleriedetalborjt.com\/","name":"paragaleriedetalborjt","description":"","potentialAction":[{"@type":"SearchAction","target":{"@type":"EntryPoint","urlTemplate":"https:\/\/paragaleriedetalborjt.com\/?s={search_term_string}"},"query-input":{"@type":"PropertyValueSpecification","valueRequired":true,"valueName":"search_term_string"}}],"inLanguage":"en-US"}]}},"brands":[{"id":1853,"name":"BIOKAP","slug":"biokap"}],"_links":{"self":[{"href":"https:\/\/paragaleriedetalborjt.com\/en\/wp-json\/wp\/v2\/product\/42907","targetHints":{"allow":["GET"]}}],"collection":[{"href":"https:\/\/paragaleriedetalborjt.com\/en\/wp-json\/wp\/v2\/product"}],"about":[{"href":"https:\/\/paragaleriedetalborjt.com\/en\/wp-json\/wp\/v2\/types\/product"}],"replies":[{"embeddable":true,"href":"https:\/\/paragaleriedetalborjt.com\/en\/wp-json\/wp\/v2\/comments?post=42907"}],"version-history":[{"count":1,"href":"https:\/\/paragaleriedetalborjt.com\/en\/wp-json\/wp\/v2\/product\/42907\/revisions"}],"predecessor-version":[{"id":42909,"href":"https:\/\/paragaleriedetalborjt.com\/en\/wp-json\/wp\/v2\/product\/42907\/revisions\/42909"}],"wp:featuredmedia":[{"embeddable":true,"href":"https:\/\/paragaleriedetalborjt.com\/en\/wp-json\/wp\/v2\/media\/42908"}],"wp:attachment":[{"href":"https:\/\/paragaleriedetalborjt.com\/en\/wp-json\/wp\/v2\/media?parent=42907"}],"wp:term":[{"taxonomy":"pwb-brand","embeddable":true,"href":"https:\/\/paragaleriedetalborjt.com\/en\/wp-json\/wp\/v2\/pwb-brand?post=42907"},{"taxonomy":"product_cat","embeddable":true,"href":"https:\/\/paragaleriedetalborjt.com\/en\/wp-json\/wp\/v2\/product_cat?post=42907"},{"taxonomy":"product_tag","embeddable":true,"href":"https:\/\/paragaleriedetalborjt.com\/en\/wp-json\/wp\/v2\/product_tag?post=42907"}],"curies":[{"name":"wp","href":"https:\/\/api.w.org\/{rel}","templated":true}]}}