{"id":42787,"date":"2026-01-03T21:45:18","date_gmt":"2026-01-03T20:45:18","guid":{"rendered":"https:\/\/paragaleriedetalborjt.com\/?post_type=product&#038;p=42787"},"modified":"2026-01-03T21:45:18","modified_gmt":"2026-01-03T20:45:18","slug":"skyn-excitation-10-pieces","status":"publish","type":"product","link":"https:\/\/paragaleriedetalborjt.com\/en\/boutique\/skyn-excitation-10-pieces\/","title":{"rendered":"Skyn Excitation \u2013 10 pi\u00e8ces"},"content":{"rendered":"<div aria-labelledby=\"tab-title-description\" class=\"woocommerce-Tabs-panel woocommerce-Tabs-panel--description panel entry-content wc-tab\" id=\"tab-description\" role=\"tabpanel\" style=\"\">\n<h2>Description<\/h2>\n<p>mati\u00e8re presque imperceptible, retrouvez toute les qualit\u00e9s du latex sans ses inconv\u00e9nients. TEXTURE INTENS\u00c9MENT PERL\u00c9E<\/p>\n<p>Avec le pr\u00e9servatif Manix Skyn , la mati\u00e8re SKYNFEEL est doux et r\u00e9sistant pour encore plus de confort afin de restituer des sensations plus naturelles et intenses. La surface du condom n\u2019est pas lisse et elle procure des sensations uniques avec le frottement sur les muqueuses des 2 partenaires. Testez-les c\u2019est surprenant m\u00eame si les sensations ressenties d\u00e9pendent de la personne et du partenaire. Bien s\u00fbr ces pr\u00e9servatifs sont aussi solides que les autres et respectent la norme CE. Ceux qui ont achet\u00e9s Skyn Excitation aiment les sensations qu\u2019il procure.<\/p>\n<p>Excitation est le 1er pr\u00e9servatif stimulant sans latex. La mati\u00e8re r\u00e9volutionnaire des pr\u00e9servatifs SKYN restitue des sensations plus naturelles, plus douces et plus intenses.<\/p>\n<p>Texture intens\u00e9ment perl\u00e9e positionn\u00e9e en forme de vague sur les zones les plus sensibles pour une stimulation maximale pour elle et encore plus de plaisir pour lui au menthol ultra lubrifiant longue dur\u00e9e pour une stimulation maximale et un plaisir intense incomparable.<\/p>\n<p>Son gel effet frisson rend le rapport encore plus intense<\/p>\n<p>Sensation ultime due \u00e0 sa formulation unique, le pr\u00e9servatif Skyn restitue un effet \u00ab seconde peau \u00bb.<\/p>\n<p>Souplesse : plus confortable, ce pr\u00e9servatif \u00e9pouse mieux l\u2019anatomie avec sa forme droite et lisse.<\/p>\n<p>Manix Skyn apporte une douceur unique gr\u00e2ce \u00e0 \u00e0 sa technologie polyisopr\u00e8ne une mati\u00e8re imperceptible.<\/p>\n<p>Caract\u00e9ristiques:<\/p>\n<p>\u2013 Bo\u00eete de 10 pr\u00e9servatifs.<\/p>\n<p>\u2013 Dimension : 180 x 53mm.<\/p>\n<\/div>","protected":false},"excerpt":{"rendered":"<p>Highlights:TEXTURE MAXI-PERL\u00c9E + EFFET FRISSON Sans Latex<\/p>","protected":false},"featured_media":42788,"comment_status":"open","ping_status":"closed","template":"","meta":[],"pwb-brand":[1630],"product_cat":[16],"product_tag":[],"class_list":{"0":"post-42787","1":"product","2":"type-product","3":"status-publish","4":"has-post-thumbnail","6":"pwb-brand-manix","7":"product_cat-non-classe","8":"pa_brands-manix","10":"first","11":"instock","12":"sale","13":"shipping-taxable","14":"purchasable","15":"product-type-simple"},"yoast_head":"<!-- This site is optimized with the Yoast SEO plugin v26.9 - https:\/\/yoast.com\/product\/yoast-seo-wordpress\/ -->\n<title>Skyn Excitation \u2013 10 pi\u00e8ces - paragaleriedetalborjt<\/title>\n<meta name=\"robots\" content=\"index, follow, max-snippet:-1, max-image-preview:large, max-video-preview:-1\" \/>\n<link rel=\"canonical\" href=\"https:\/\/paragaleriedetalborjt.com\/en\/boutique\/skyn-excitation-10-pieces\/\" \/>\n<meta property=\"og:locale\" content=\"en_US\" \/>\n<meta property=\"og:type\" content=\"article\" \/>\n<meta property=\"og:title\" content=\"Skyn Excitation \u2013 10 pi\u00e8ces - paragaleriedetalborjt\" \/>\n<meta property=\"og:description\" content=\"Highlights:TEXTURE MAXI-PERL\u00c9E + EFFET FRISSON Sans Latex\" \/>\n<meta property=\"og:url\" content=\"https:\/\/paragaleriedetalborjt.com\/en\/boutique\/skyn-excitation-10-pieces\/\" \/>\n<meta property=\"og:site_name\" content=\"paragaleriedetalborjt\" \/>\n<meta property=\"og:image\" content=\"https:\/\/paragaleriedetalborjt.com\/wp-content\/uploads\/2026\/01\/manix-skyn-excitation-preservatifs.jpg\" \/>\n\t<meta property=\"og:image:width\" content=\"452\" \/>\n\t<meta property=\"og:image:height\" content=\"452\" \/>\n\t<meta property=\"og:image:type\" content=\"image\/jpeg\" \/>\n<meta name=\"twitter:card\" content=\"summary_large_image\" \/>\n<meta name=\"twitter:label1\" content=\"Est. reading time\" \/>\n\t<meta name=\"twitter:data1\" content=\"1 minute\" \/>\n<script type=\"application\/ld+json\" class=\"yoast-schema-graph\">{\"@context\":\"https:\/\/schema.org\",\"@graph\":[{\"@type\":\"WebPage\",\"@id\":\"https:\/\/paragaleriedetalborjt.com\/boutique\/skyn-excitation-10-pieces\/\",\"url\":\"https:\/\/paragaleriedetalborjt.com\/boutique\/skyn-excitation-10-pieces\/\",\"name\":\"Skyn Excitation \u2013 10 pi\u00e8ces - paragaleriedetalborjt\",\"isPartOf\":{\"@id\":\"https:\/\/paragaleriedetalborjt.com\/#website\"},\"primaryImageOfPage\":{\"@id\":\"https:\/\/paragaleriedetalborjt.com\/boutique\/skyn-excitation-10-pieces\/#primaryimage\"},\"image\":{\"@id\":\"https:\/\/paragaleriedetalborjt.com\/boutique\/skyn-excitation-10-pieces\/#primaryimage\"},\"thumbnailUrl\":\"https:\/\/paragaleriedetalborjt.com\/wp-content\/uploads\/2026\/01\/manix-skyn-excitation-preservatifs.jpg\",\"datePublished\":\"2026-01-03T20:45:18+00:00\",\"breadcrumb\":{\"@id\":\"https:\/\/paragaleriedetalborjt.com\/boutique\/skyn-excitation-10-pieces\/#breadcrumb\"},\"inLanguage\":\"en-US\",\"potentialAction\":[{\"@type\":\"ReadAction\",\"target\":[\"https:\/\/paragaleriedetalborjt.com\/boutique\/skyn-excitation-10-pieces\/\"]}]},{\"@type\":\"ImageObject\",\"inLanguage\":\"en-US\",\"@id\":\"https:\/\/paragaleriedetalborjt.com\/boutique\/skyn-excitation-10-pieces\/#primaryimage\",\"url\":\"https:\/\/paragaleriedetalborjt.com\/wp-content\/uploads\/2026\/01\/manix-skyn-excitation-preservatifs.jpg\",\"contentUrl\":\"https:\/\/paragaleriedetalborjt.com\/wp-content\/uploads\/2026\/01\/manix-skyn-excitation-preservatifs.jpg\",\"width\":452,\"height\":452},{\"@type\":\"BreadcrumbList\",\"@id\":\"https:\/\/paragaleriedetalborjt.com\/boutique\/skyn-excitation-10-pieces\/#breadcrumb\",\"itemListElement\":[{\"@type\":\"ListItem\",\"position\":1,\"name\":\"Accueil\",\"item\":\"https:\/\/paragaleriedetalborjt.com\/\"},{\"@type\":\"ListItem\",\"position\":2,\"name\":\"Boutique\",\"item\":\"https:\/\/paragaleriedetalborjt.com\/boutique\/\"},{\"@type\":\"ListItem\",\"position\":3,\"name\":\"Skyn Excitation \u2013 10 pi\u00e8ces\"}]},{\"@type\":\"WebSite\",\"@id\":\"https:\/\/paragaleriedetalborjt.com\/#website\",\"url\":\"https:\/\/paragaleriedetalborjt.com\/\",\"name\":\"paragaleriedetalborjt\",\"description\":\"\",\"potentialAction\":[{\"@type\":\"SearchAction\",\"target\":{\"@type\":\"EntryPoint\",\"urlTemplate\":\"https:\/\/paragaleriedetalborjt.com\/?s={search_term_string}\"},\"query-input\":{\"@type\":\"PropertyValueSpecification\",\"valueRequired\":true,\"valueName\":\"search_term_string\"}}],\"inLanguage\":\"en-US\"}]}<\/script>\n<!-- \/ Yoast SEO plugin. -->","yoast_head_json":{"title":"Skyn Excitation \u2013 10 pi\u00e8ces - paragaleriedetalborjt","robots":{"index":"index","follow":"follow","max-snippet":"max-snippet:-1","max-image-preview":"max-image-preview:large","max-video-preview":"max-video-preview:-1"},"canonical":"https:\/\/paragaleriedetalborjt.com\/en\/boutique\/skyn-excitation-10-pieces\/","og_locale":"en_US","og_type":"article","og_title":"Skyn Excitation \u2013 10 pi\u00e8ces - paragaleriedetalborjt","og_description":"Highlights:TEXTURE MAXI-PERL\u00c9E + EFFET FRISSON Sans Latex","og_url":"https:\/\/paragaleriedetalborjt.com\/en\/boutique\/skyn-excitation-10-pieces\/","og_site_name":"paragaleriedetalborjt","og_image":[{"width":452,"height":452,"url":"https:\/\/paragaleriedetalborjt.com\/wp-content\/uploads\/2026\/01\/manix-skyn-excitation-preservatifs.jpg","type":"image\/jpeg"}],"twitter_card":"summary_large_image","twitter_misc":{"Est. reading time":"1 minute"},"schema":{"@context":"https:\/\/schema.org","@graph":[{"@type":"WebPage","@id":"https:\/\/paragaleriedetalborjt.com\/boutique\/skyn-excitation-10-pieces\/","url":"https:\/\/paragaleriedetalborjt.com\/boutique\/skyn-excitation-10-pieces\/","name":"Skyn Excitation \u2013 10 pi\u00e8ces - paragaleriedetalborjt","isPartOf":{"@id":"https:\/\/paragaleriedetalborjt.com\/#website"},"primaryImageOfPage":{"@id":"https:\/\/paragaleriedetalborjt.com\/boutique\/skyn-excitation-10-pieces\/#primaryimage"},"image":{"@id":"https:\/\/paragaleriedetalborjt.com\/boutique\/skyn-excitation-10-pieces\/#primaryimage"},"thumbnailUrl":"https:\/\/paragaleriedetalborjt.com\/wp-content\/uploads\/2026\/01\/manix-skyn-excitation-preservatifs.jpg","datePublished":"2026-01-03T20:45:18+00:00","breadcrumb":{"@id":"https:\/\/paragaleriedetalborjt.com\/boutique\/skyn-excitation-10-pieces\/#breadcrumb"},"inLanguage":"en-US","potentialAction":[{"@type":"ReadAction","target":["https:\/\/paragaleriedetalborjt.com\/boutique\/skyn-excitation-10-pieces\/"]}]},{"@type":"ImageObject","inLanguage":"en-US","@id":"https:\/\/paragaleriedetalborjt.com\/boutique\/skyn-excitation-10-pieces\/#primaryimage","url":"https:\/\/paragaleriedetalborjt.com\/wp-content\/uploads\/2026\/01\/manix-skyn-excitation-preservatifs.jpg","contentUrl":"https:\/\/paragaleriedetalborjt.com\/wp-content\/uploads\/2026\/01\/manix-skyn-excitation-preservatifs.jpg","width":452,"height":452},{"@type":"BreadcrumbList","@id":"https:\/\/paragaleriedetalborjt.com\/boutique\/skyn-excitation-10-pieces\/#breadcrumb","itemListElement":[{"@type":"ListItem","position":1,"name":"Accueil","item":"https:\/\/paragaleriedetalborjt.com\/"},{"@type":"ListItem","position":2,"name":"Boutique","item":"https:\/\/paragaleriedetalborjt.com\/boutique\/"},{"@type":"ListItem","position":3,"name":"Skyn Excitation \u2013 10 pi\u00e8ces"}]},{"@type":"WebSite","@id":"https:\/\/paragaleriedetalborjt.com\/#website","url":"https:\/\/paragaleriedetalborjt.com\/","name":"paragaleriedetalborjt","description":"","potentialAction":[{"@type":"SearchAction","target":{"@type":"EntryPoint","urlTemplate":"https:\/\/paragaleriedetalborjt.com\/?s={search_term_string}"},"query-input":{"@type":"PropertyValueSpecification","valueRequired":true,"valueName":"search_term_string"}}],"inLanguage":"en-US"}]}},"brands":[{"id":1630,"name":"MANIX","slug":"manix"}],"_links":{"self":[{"href":"https:\/\/paragaleriedetalborjt.com\/en\/wp-json\/wp\/v2\/product\/42787","targetHints":{"allow":["GET"]}}],"collection":[{"href":"https:\/\/paragaleriedetalborjt.com\/en\/wp-json\/wp\/v2\/product"}],"about":[{"href":"https:\/\/paragaleriedetalborjt.com\/en\/wp-json\/wp\/v2\/types\/product"}],"replies":[{"embeddable":true,"href":"https:\/\/paragaleriedetalborjt.com\/en\/wp-json\/wp\/v2\/comments?post=42787"}],"version-history":[{"count":1,"href":"https:\/\/paragaleriedetalborjt.com\/en\/wp-json\/wp\/v2\/product\/42787\/revisions"}],"predecessor-version":[{"id":42789,"href":"https:\/\/paragaleriedetalborjt.com\/en\/wp-json\/wp\/v2\/product\/42787\/revisions\/42789"}],"wp:featuredmedia":[{"embeddable":true,"href":"https:\/\/paragaleriedetalborjt.com\/en\/wp-json\/wp\/v2\/media\/42788"}],"wp:attachment":[{"href":"https:\/\/paragaleriedetalborjt.com\/en\/wp-json\/wp\/v2\/media?parent=42787"}],"wp:term":[{"taxonomy":"pwb-brand","embeddable":true,"href":"https:\/\/paragaleriedetalborjt.com\/en\/wp-json\/wp\/v2\/pwb-brand?post=42787"},{"taxonomy":"product_cat","embeddable":true,"href":"https:\/\/paragaleriedetalborjt.com\/en\/wp-json\/wp\/v2\/product_cat?post=42787"},{"taxonomy":"product_tag","embeddable":true,"href":"https:\/\/paragaleriedetalborjt.com\/en\/wp-json\/wp\/v2\/product_tag?post=42787"}],"curies":[{"name":"wp","href":"https:\/\/api.w.org\/{rel}","templated":true}]}}